{"id":34458,"date":"2025-05-15T18:04:23","date_gmt":"2025-05-15T16:04:23","guid":{"rendered":"https:\/\/www.axiomams.eu\/product\/hioki-mr8870\/"},"modified":"2026-03-25T16:51:12","modified_gmt":"2026-03-25T14:51:12","slug":"hioki-mr8870","status":"publish","type":"product","link":"https:\/\/www.axiomams.eu\/en\/product\/hioki-mr8870","title":{"rendered":"HIOKI MR8870 datalogger"},"content":{"rendered":"<p>Number of channels: 2 analog channels + 4 logic channels (standard)<br \/>\nMeasurement ranges: 10 mV &#8230; 50 V\/div (10 div full-scale), 12 ranges, Resolution: 1\/100 of range<br \/>\nMax. rated voltage: Between terminals: 400 VDC, Between terminal to earth: 300 VAC, DC CAT II<br \/>\nFrequency characteristics: DC to 50 kHz (-3 dB)<br \/>\nTime axis (Memory mode): 100 \u00b5s &#8230; 5 min\/div, 20 ranges,at 100 points\/div resolution, three steps of time-axis magnification from \u00d72 to \u00d710, and 9 steps of time-axis compression from \u00d71\/2 to \u00d71\/1,000<br \/>\nRecording intervals (RMS mode): 1 ms &#8230; 1 min., 16 settings, sampling period: 200 \u03bcs (fixed) (for AC voltage\/current, 1,000 RMS values\/sec.), envelope mode always on<br \/>\nMeasurement functions: Memory recorder, RMS recorder (50\/60 Hz, DC only)<br \/>\nMemory capacity: 12-bits x 2M-words\/ch (1 word = 2 bytes)<br \/>\nRemovable storage: CF card TYPE I (Up to 2 GB)<br \/>\nDisplay: 4.3-inch color LCD (480 \u00d7 272 pixels)<br \/>\nInterfaces: USB 2.0 mini-B<br \/>\nPower supply: AC Adapter Z1005: 100 V &#8230; 240 VAC (50\/60 Hz) , 30 VA max.<br \/>\nBattery Pack 9780: 3 VA, continuous operating time of approx. 2 hr., charging time of 200 min. using the AC adapter (option)<br \/>\nExternal DC power: 10 V &#8230; 16 V, 10 VA max.<br \/>\nDimensions: 176 x 101 x 41 mm<br \/>\nMass: 600 g.<\/p>\n<p>Standard set: Hioki MR 8870, Instruction manual, Measurement guide, AC adapter, Strap, USB cable, Application disk, Protection sheet.<\/p>\n<h3>Technical Information:<\/h3>\n<ul>\n<li><a href=\"https:\/\/axiomams.eu\/importer\/export\/attachments\/en\/hioki-mr8870.pdf\" target=\"_blank\">Hioki MR8870.pdf<\/a><\/li>\n<\/ul>\n","protected":false},"excerpt":{"rendered":"<p>Number of channels: 2 analog channels + 4 logic channels (standard) Measurement ranges: 10 mV &#8230; 50 V\/div (10 div full-scale), 12 ranges, Resolution: 1\/100 of range Max. rated voltage: Between terminals: 400 VDC, Between terminal to earth: 300 VAC, DC CAT II Frequency characteristics: DC to 50 kHz (-3 dB) Time axis (Memory mode):&#8230;<\/p>\n","protected":false},"featured_media":38019,"comment_status":"open","ping_status":"closed","template":"","meta":{"_acf_changed":false},"product_brand":[1112],"product_cat":[2510],"product_tag":[],"class_list":{"0":"post-34458","1":"product","2":"type-product","3":"status-publish","4":"has-post-thumbnail","6":"product_brand-hioki","7":"product_cat-data-loggers","9":"first","10":"instock","11":"taxable","12":"shipping-taxable","13":"product-type-simple"},"acf":[],"yoast_head":"<!-- This site is optimized with the Yoast SEO plugin v27.0 - https:\/\/yoast.com\/product\/yoast-seo-wordpress\/ -->\n<title>HIOKI MR8870 datalogger - AXIOMA MS<\/title>\n<meta name=\"robots\" content=\"index, follow, max-snippet:-1, max-image-preview:large, max-video-preview:-1\" \/>\n<link rel=\"canonical\" href=\"https:\/\/www.axiomams.eu\/en\/product\/hioki-mr8870\" \/>\n<meta property=\"og:locale\" content=\"en_US\" \/>\n<meta property=\"og:type\" content=\"article\" \/>\n<meta property=\"og:title\" content=\"HIOKI MR8870 datalogger - AXIOMA MS\" \/>\n<meta property=\"og:description\" content=\"Number of channels: 2 analog channels + 4 logic channels (standard) Measurement ranges: 10 mV &#8230; 50 V\/div (10 div full-scale), 12 ranges, Resolution: 1\/100 of range Max. rated voltage: Between terminals: 400 VDC, Between terminal to earth: 300 VAC, DC CAT II Frequency characteristics: DC to 50 kHz (-3 dB) Time axis (Memory mode):...\" \/>\n<meta property=\"og:url\" content=\"https:\/\/www.axiomams.eu\/en\/product\/hioki-mr8870\" \/>\n<meta property=\"og:site_name\" content=\"AXIOMA MS\" \/>\n<meta property=\"article:publisher\" content=\"https:\/\/www.facebook.com\/AxiomaMS\" \/>\n<meta property=\"article:modified_time\" content=\"2026-03-25T14:51:12+00:00\" \/>\n<meta property=\"og:image\" content=\"https:\/\/www.axiomams.eu\/wp-content\/uploads\/2025\/07\/2766-6045.jpg\" \/>\n\t<meta property=\"og:image:width\" content=\"1020\" \/>\n\t<meta property=\"og:image:height\" content=\"1020\" \/>\n\t<meta property=\"og:image:type\" content=\"image\/jpeg\" \/>\n<meta name=\"twitter:card\" content=\"summary_large_image\" \/>\n<meta name=\"twitter:label1\" content=\"Est. reading time\" \/>\n\t<meta name=\"twitter:data1\" content=\"1 minute\" \/>\n<script type=\"application\/ld+json\" class=\"yoast-schema-graph\">{\"@context\":\"https:\/\/schema.org\",\"@graph\":[{\"@type\":\"WebPage\",\"@id\":\"https:\/\/www.axiomams.eu\/en\/product\/hioki-mr8870\",\"url\":\"https:\/\/www.axiomams.eu\/en\/product\/hioki-mr8870\",\"name\":\"HIOKI MR8870 datalogger - AXIOMA MS\",\"isPartOf\":{\"@id\":\"https:\/\/www.axiomams.eu\/en#website\"},\"primaryImageOfPage\":{\"@id\":\"https:\/\/www.axiomams.eu\/en\/product\/hioki-mr8870#primaryimage\"},\"image\":{\"@id\":\"https:\/\/www.axiomams.eu\/en\/product\/hioki-mr8870#primaryimage\"},\"thumbnailUrl\":\"https:\/\/www.axiomams.eu\/wp-content\/uploads\/2025\/07\/2766-6045.jpg\",\"datePublished\":\"2025-05-15T16:04:23+00:00\",\"dateModified\":\"2026-03-25T14:51:12+00:00\",\"breadcrumb\":{\"@id\":\"https:\/\/www.axiomams.eu\/en\/product\/hioki-mr8870#breadcrumb\"},\"inLanguage\":\"en-US\",\"potentialAction\":[{\"@type\":\"ReadAction\",\"target\":[\"https:\/\/www.axiomams.eu\/en\/product\/hioki-mr8870\"]}]},{\"@type\":\"ImageObject\",\"inLanguage\":\"en-US\",\"@id\":\"https:\/\/www.axiomams.eu\/en\/product\/hioki-mr8870#primaryimage\",\"url\":\"https:\/\/www.axiomams.eu\/wp-content\/uploads\/2025\/07\/2766-6045.jpg\",\"contentUrl\":\"https:\/\/www.axiomams.eu\/wp-content\/uploads\/2025\/07\/2766-6045.jpg\",\"width\":1020,\"height\":1020},{\"@type\":\"BreadcrumbList\",\"@id\":\"https:\/\/www.axiomams.eu\/en\/product\/hioki-mr8870#breadcrumb\",\"itemListElement\":[{\"@type\":\"ListItem\",\"position\":1,\"name\":\"Home\",\"item\":\"https:\/\/www.axiomams.eu\/en\"},{\"@type\":\"ListItem\",\"position\":2,\"name\":\"Shop\",\"item\":\"https:\/\/www.axiomams.eu\/en\/shop\"},{\"@type\":\"ListItem\",\"position\":3,\"name\":\"HIOKI MR8870 datalogger\"}]},{\"@type\":\"WebSite\",\"@id\":\"https:\/\/www.axiomams.eu\/en#website\",\"url\":\"https:\/\/www.axiomams.eu\/en\",\"name\":\"AXIOMA MS\",\"description\":\"Terrmovizoriai ir matavimo \u012franga\",\"publisher\":{\"@id\":\"https:\/\/www.axiomams.eu\/en#organization\"},\"potentialAction\":[{\"@type\":\"SearchAction\",\"target\":{\"@type\":\"EntryPoint\",\"urlTemplate\":\"https:\/\/www.axiomams.eu\/en?s={search_term_string}\"},\"query-input\":{\"@type\":\"PropertyValueSpecification\",\"valueRequired\":true,\"valueName\":\"search_term_string\"}}],\"inLanguage\":\"en-US\"},{\"@type\":\"Organization\",\"@id\":\"https:\/\/www.axiomams.eu\/en#organization\",\"name\":\"AXIOMA MS\",\"url\":\"https:\/\/www.axiomams.eu\/en\",\"logo\":{\"@type\":\"ImageObject\",\"inLanguage\":\"en-US\",\"@id\":\"https:\/\/www.axiomams.eu\/en#\/schema\/logo\/image\/\",\"url\":\"https:\/\/www.axiomams.eu\/wp-content\/uploads\/2025\/06\/axioma-logo-2.png\",\"contentUrl\":\"https:\/\/www.axiomams.eu\/wp-content\/uploads\/2025\/06\/axioma-logo-2.png\",\"width\":1200,\"height\":1200,\"caption\":\"AXIOMA MS\"},\"image\":{\"@id\":\"https:\/\/www.axiomams.eu\/en#\/schema\/logo\/image\/\"},\"sameAs\":[\"https:\/\/www.facebook.com\/AxiomaMS\",\"https:\/\/www.linkedin.com\/company\/axiomams\/\"]}]}<\/script>\n<!-- \/ Yoast SEO plugin. -->","yoast_head_json":{"title":"HIOKI MR8870 datalogger - AXIOMA MS","robots":{"index":"index","follow":"follow","max-snippet":"max-snippet:-1","max-image-preview":"max-image-preview:large","max-video-preview":"max-video-preview:-1"},"canonical":"https:\/\/www.axiomams.eu\/en\/product\/hioki-mr8870","og_locale":"en_US","og_type":"article","og_title":"HIOKI MR8870 datalogger - AXIOMA MS","og_description":"Number of channels: 2 analog channels + 4 logic channels (standard) Measurement ranges: 10 mV &#8230; 50 V\/div (10 div full-scale), 12 ranges, Resolution: 1\/100 of range Max. rated voltage: Between terminals: 400 VDC, Between terminal to earth: 300 VAC, DC CAT II Frequency characteristics: DC to 50 kHz (-3 dB) Time axis (Memory mode):...","og_url":"https:\/\/www.axiomams.eu\/en\/product\/hioki-mr8870","og_site_name":"AXIOMA MS","article_publisher":"https:\/\/www.facebook.com\/AxiomaMS","article_modified_time":"2026-03-25T14:51:12+00:00","og_image":[{"width":1020,"height":1020,"url":"https:\/\/www.axiomams.eu\/wp-content\/uploads\/2025\/07\/2766-6045.jpg","type":"image\/jpeg"}],"twitter_card":"summary_large_image","twitter_misc":{"Est. reading time":"1 minute"},"schema":{"@context":"https:\/\/schema.org","@graph":[{"@type":"WebPage","@id":"https:\/\/www.axiomams.eu\/en\/product\/hioki-mr8870","url":"https:\/\/www.axiomams.eu\/en\/product\/hioki-mr8870","name":"HIOKI MR8870 datalogger - AXIOMA MS","isPartOf":{"@id":"https:\/\/www.axiomams.eu\/en#website"},"primaryImageOfPage":{"@id":"https:\/\/www.axiomams.eu\/en\/product\/hioki-mr8870#primaryimage"},"image":{"@id":"https:\/\/www.axiomams.eu\/en\/product\/hioki-mr8870#primaryimage"},"thumbnailUrl":"https:\/\/www.axiomams.eu\/wp-content\/uploads\/2025\/07\/2766-6045.jpg","datePublished":"2025-05-15T16:04:23+00:00","dateModified":"2026-03-25T14:51:12+00:00","breadcrumb":{"@id":"https:\/\/www.axiomams.eu\/en\/product\/hioki-mr8870#breadcrumb"},"inLanguage":"en-US","potentialAction":[{"@type":"ReadAction","target":["https:\/\/www.axiomams.eu\/en\/product\/hioki-mr8870"]}]},{"@type":"ImageObject","inLanguage":"en-US","@id":"https:\/\/www.axiomams.eu\/en\/product\/hioki-mr8870#primaryimage","url":"https:\/\/www.axiomams.eu\/wp-content\/uploads\/2025\/07\/2766-6045.jpg","contentUrl":"https:\/\/www.axiomams.eu\/wp-content\/uploads\/2025\/07\/2766-6045.jpg","width":1020,"height":1020},{"@type":"BreadcrumbList","@id":"https:\/\/www.axiomams.eu\/en\/product\/hioki-mr8870#breadcrumb","itemListElement":[{"@type":"ListItem","position":1,"name":"Home","item":"https:\/\/www.axiomams.eu\/en"},{"@type":"ListItem","position":2,"name":"Shop","item":"https:\/\/www.axiomams.eu\/en\/shop"},{"@type":"ListItem","position":3,"name":"HIOKI MR8870 datalogger"}]},{"@type":"WebSite","@id":"https:\/\/www.axiomams.eu\/en#website","url":"https:\/\/www.axiomams.eu\/en","name":"AXIOMA MS","description":"Terrmovizoriai ir matavimo \u012franga","publisher":{"@id":"https:\/\/www.axiomams.eu\/en#organization"},"potentialAction":[{"@type":"SearchAction","target":{"@type":"EntryPoint","urlTemplate":"https:\/\/www.axiomams.eu\/en?s={search_term_string}"},"query-input":{"@type":"PropertyValueSpecification","valueRequired":true,"valueName":"search_term_string"}}],"inLanguage":"en-US"},{"@type":"Organization","@id":"https:\/\/www.axiomams.eu\/en#organization","name":"AXIOMA MS","url":"https:\/\/www.axiomams.eu\/en","logo":{"@type":"ImageObject","inLanguage":"en-US","@id":"https:\/\/www.axiomams.eu\/en#\/schema\/logo\/image\/","url":"https:\/\/www.axiomams.eu\/wp-content\/uploads\/2025\/06\/axioma-logo-2.png","contentUrl":"https:\/\/www.axiomams.eu\/wp-content\/uploads\/2025\/06\/axioma-logo-2.png","width":1200,"height":1200,"caption":"AXIOMA MS"},"image":{"@id":"https:\/\/www.axiomams.eu\/en#\/schema\/logo\/image\/"},"sameAs":["https:\/\/www.facebook.com\/AxiomaMS","https:\/\/www.linkedin.com\/company\/axiomams\/"]}]}},"_links":{"self":[{"href":"https:\/\/www.axiomams.eu\/en\/wp-json\/wp\/v2\/product\/34458","targetHints":{"allow":["GET"]}}],"collection":[{"href":"https:\/\/www.axiomams.eu\/en\/wp-json\/wp\/v2\/product"}],"about":[{"href":"https:\/\/www.axiomams.eu\/en\/wp-json\/wp\/v2\/types\/product"}],"replies":[{"embeddable":true,"href":"https:\/\/www.axiomams.eu\/en\/wp-json\/wp\/v2\/comments?post=34458"}],"wp:featuredmedia":[{"embeddable":true,"href":"https:\/\/www.axiomams.eu\/en\/wp-json\/wp\/v2\/media\/38019"}],"wp:attachment":[{"href":"https:\/\/www.axiomams.eu\/en\/wp-json\/wp\/v2\/media?parent=34458"}],"wp:term":[{"taxonomy":"product_brand","embeddable":true,"href":"https:\/\/www.axiomams.eu\/en\/wp-json\/wp\/v2\/product_brand?post=34458"},{"taxonomy":"product_cat","embeddable":true,"href":"https:\/\/www.axiomams.eu\/en\/wp-json\/wp\/v2\/product_cat?post=34458"},{"taxonomy":"product_tag","embeddable":true,"href":"https:\/\/www.axiomams.eu\/en\/wp-json\/wp\/v2\/product_tag?post=34458"}],"curies":[{"name":"wp","href":"https:\/\/api.w.org\/{rel}","templated":true}]}}