{"id":35586,"date":"2025-06-12T14:26:58","date_gmt":"2025-06-12T12:26:58","guid":{"rendered":"https:\/\/www.axiomams.eu\/product\/hioki-pd3129-phase-sequence-tester"},"modified":"2026-04-14T12:51:25","modified_gmt":"2026-04-14T10:51:25","slug":"hioki-pd3129-phase-sequence-tester","status":"publish","type":"product","link":"https:\/\/www.axiomams.eu\/en\/product\/hioki-pd3129-phase-sequence-tester","title":{"rendered":"HIOKI PD3129 fazi\u0173 sekos testeris"},"content":{"rendered":"<p>Hioki PD3129 fazi\u0173 sekos testeris naudoja bekontakt\u0119 technologij\u0105, leid\u017eian\u010di\u0105 nustatyti srov\u0117s fazi\u0173 sek\u0105 izoliuotuose laiduose, tod\u0117l nereikia naudoti metalini\u0173 kontaktini\u0173 spaustuk\u0173. \u017dalia rodykl\u0117 ai\u0161kiai parodo teising\u0105 fazi\u0173 sek\u0105. Prietaiso aptikimo rezultatus galima naudoti ataskaitose, patvirtinan\u010diose, kad elektros instaliacijos \u012frengimo darbai atlikti teisingai.<br \/>\nHioki bekontakt\u0117 \u012ftampos aptikimo technologija sukurta siekiant apsaugoti specialistus, atliekan\u010dius elektros instaliacijos \u012frengimo ar prie\u017ei\u016bros darbus renovuojant ar ple\u010diant gamyklas bei kitus pramoninius pastatus.<\/p>\n<p>Komplektacija: Hioki PD3129 fazi\u0173 sekos testeris, krep\u0161ys ne\u0161iojimui, strap, vartotojo instrukcija, baterijos.<\/p>\n<p><iframe loading=\"lazy\" width=\"560\" height=\"315\" src=\"https:\/\/www.youtube.com\/embed\/RWIqF_rOMpA?si=bD9n7knXPzzgEXXg\" title=\"YouTube video player\" frameborder=\"0\" allow=\"accelerometer; autoplay; clipboard-write; encrypted-media; gyroscope; picture-in-picture; web-share\" referrerpolicy=\"strict-origin-when-cross-origin\" allowfullscreen><\/iframe><\/p>\n<h3>Technin\u0117 informacija:<\/h3>\n<ul>\n<li><a href=\"https:\/\/axiomams.eu\/importer\/export\/attachments\/lt\/hioki-pd3129.pdf\" target=\"_blank\">Hioki PD3129.pdf<\/a><\/li>\n<\/ul>\n","protected":false},"excerpt":{"rendered":"<p>Hioki PD3129 fazi\u0173 sekos testeris naudoja bekontakt\u0119 technologij\u0105, leid\u017eian\u010di\u0105 nustatyti srov\u0117s fazi\u0173 sek\u0105 izoliuotuose laiduose, tod\u0117l nereikia naudoti metalini\u0173 kontaktini\u0173 spaustuk\u0173. \u017dalia rodykl\u0117 ai\u0161kiai parodo teising\u0105 fazi\u0173 sek\u0105. Prietaiso aptikimo rezultatus galima naudoti ataskaitose, patvirtinan\u010diose, kad elektros instaliacijos \u012frengimo darbai atlikti teisingai. Hioki bekontakt\u0117 \u012ftampos aptikimo technologija sukurta siekiant apsaugoti specialistus, atliekan\u010dius elektros instaliacijos \u012frengimo&#8230;<\/p>\n","protected":false},"featured_media":36692,"comment_status":"open","ping_status":"closed","template":"","meta":{"_acf_changed":false},"product_brand":[1112],"product_cat":[2523],"product_tag":[],"class_list":{"0":"post-35586","1":"product","2":"type-product","3":"status-publish","4":"has-post-thumbnail","6":"product_brand-hioki","7":"product_cat-for-electricians-and-energy-specialists","9":"first","10":"instock","11":"taxable","12":"shipping-taxable","13":"purchasable","14":"product-type-simple"},"acf":[],"yoast_head":"<!-- This site is optimized with the Yoast SEO plugin v27.0 - https:\/\/yoast.com\/product\/yoast-seo-wordpress\/ -->\n<title>HIOKI PD3129 fazi\u0173 sekos testeris - AXIOMA MS<\/title>\n<meta name=\"robots\" content=\"index, follow, max-snippet:-1, max-image-preview:large, max-video-preview:-1\" \/>\n<link rel=\"canonical\" href=\"https:\/\/www.axiomams.eu\/en\/product\/hioki-pd3129-phase-sequence-tester\" \/>\n<meta property=\"og:locale\" content=\"en_US\" \/>\n<meta property=\"og:type\" content=\"article\" \/>\n<meta property=\"og:title\" content=\"HIOKI PD3129 fazi\u0173 sekos testeris - AXIOMA MS\" \/>\n<meta property=\"og:description\" content=\"Hioki PD3129 fazi\u0173 sekos testeris naudoja bekontakt\u0119 technologij\u0105, leid\u017eian\u010di\u0105 nustatyti srov\u0117s fazi\u0173 sek\u0105 izoliuotuose laiduose, tod\u0117l nereikia naudoti metalini\u0173 kontaktini\u0173 spaustuk\u0173. \u017dalia rodykl\u0117 ai\u0161kiai parodo teising\u0105 fazi\u0173 sek\u0105. Prietaiso aptikimo rezultatus galima naudoti ataskaitose, patvirtinan\u010diose, kad elektros instaliacijos \u012frengimo darbai atlikti teisingai. Hioki bekontakt\u0117 \u012ftampos aptikimo technologija sukurta siekiant apsaugoti specialistus, atliekan\u010dius elektros instaliacijos \u012frengimo...\" \/>\n<meta property=\"og:url\" content=\"https:\/\/www.axiomams.eu\/en\/product\/hioki-pd3129-phase-sequence-tester\" \/>\n<meta property=\"og:site_name\" content=\"AXIOMA MS\" \/>\n<meta property=\"article:publisher\" content=\"https:\/\/www.facebook.com\/AxiomaMS\" \/>\n<meta property=\"article:modified_time\" content=\"2026-04-14T10:51:25+00:00\" \/>\n<meta property=\"og:image\" content=\"https:\/\/www.axiomams.eu\/wp-content\/uploads\/2025\/07\/4634-5962.jpg\" \/>\n\t<meta property=\"og:image:width\" content=\"1040\" \/>\n\t<meta property=\"og:image:height\" content=\"694\" \/>\n\t<meta property=\"og:image:type\" content=\"image\/jpeg\" \/>\n<meta name=\"twitter:card\" content=\"summary_large_image\" \/>\n<script type=\"application\/ld+json\" class=\"yoast-schema-graph\">{\"@context\":\"https:\/\/schema.org\",\"@graph\":[{\"@type\":\"WebPage\",\"@id\":\"https:\/\/www.axiomams.eu\/en\/product\/hioki-pd3129-phase-sequence-tester\",\"url\":\"https:\/\/www.axiomams.eu\/en\/product\/hioki-pd3129-phase-sequence-tester\",\"name\":\"HIOKI PD3129 fazi\u0173 sekos testeris - AXIOMA MS\",\"isPartOf\":{\"@id\":\"https:\/\/www.axiomams.eu\/en#website\"},\"primaryImageOfPage\":{\"@id\":\"https:\/\/www.axiomams.eu\/en\/product\/hioki-pd3129-phase-sequence-tester#primaryimage\"},\"image\":{\"@id\":\"https:\/\/www.axiomams.eu\/en\/product\/hioki-pd3129-phase-sequence-tester#primaryimage\"},\"thumbnailUrl\":\"https:\/\/www.axiomams.eu\/wp-content\/uploads\/2025\/07\/4634-5962.jpg\",\"datePublished\":\"2025-06-12T12:26:58+00:00\",\"dateModified\":\"2026-04-14T10:51:25+00:00\",\"breadcrumb\":{\"@id\":\"https:\/\/www.axiomams.eu\/en\/product\/hioki-pd3129-phase-sequence-tester#breadcrumb\"},\"inLanguage\":\"en-US\",\"potentialAction\":[{\"@type\":\"ReadAction\",\"target\":[\"https:\/\/www.axiomams.eu\/en\/product\/hioki-pd3129-phase-sequence-tester\"]}]},{\"@type\":\"ImageObject\",\"inLanguage\":\"en-US\",\"@id\":\"https:\/\/www.axiomams.eu\/en\/product\/hioki-pd3129-phase-sequence-tester#primaryimage\",\"url\":\"https:\/\/www.axiomams.eu\/wp-content\/uploads\/2025\/07\/4634-5962.jpg\",\"contentUrl\":\"https:\/\/www.axiomams.eu\/wp-content\/uploads\/2025\/07\/4634-5962.jpg\",\"width\":1040,\"height\":694},{\"@type\":\"BreadcrumbList\",\"@id\":\"https:\/\/www.axiomams.eu\/en\/product\/hioki-pd3129-phase-sequence-tester#breadcrumb\",\"itemListElement\":[{\"@type\":\"ListItem\",\"position\":1,\"name\":\"Home\",\"item\":\"https:\/\/www.axiomams.eu\/en\"},{\"@type\":\"ListItem\",\"position\":2,\"name\":\"Shop\",\"item\":\"https:\/\/www.axiomams.eu\/en\/shop\"},{\"@type\":\"ListItem\",\"position\":3,\"name\":\"HIOKI PD3129 fazi\u0173 sekos testeris\"}]},{\"@type\":\"WebSite\",\"@id\":\"https:\/\/www.axiomams.eu\/en#website\",\"url\":\"https:\/\/www.axiomams.eu\/en\",\"name\":\"AXIOMA MS\",\"description\":\"Terrmovizoriai ir matavimo \u012franga\",\"publisher\":{\"@id\":\"https:\/\/www.axiomams.eu\/en#organization\"},\"potentialAction\":[{\"@type\":\"SearchAction\",\"target\":{\"@type\":\"EntryPoint\",\"urlTemplate\":\"https:\/\/www.axiomams.eu\/en?s={search_term_string}\"},\"query-input\":{\"@type\":\"PropertyValueSpecification\",\"valueRequired\":true,\"valueName\":\"search_term_string\"}}],\"inLanguage\":\"en-US\"},{\"@type\":\"Organization\",\"@id\":\"https:\/\/www.axiomams.eu\/en#organization\",\"name\":\"AXIOMA MS\",\"url\":\"https:\/\/www.axiomams.eu\/en\",\"logo\":{\"@type\":\"ImageObject\",\"inLanguage\":\"en-US\",\"@id\":\"https:\/\/www.axiomams.eu\/en#\/schema\/logo\/image\/\",\"url\":\"https:\/\/www.axiomams.eu\/wp-content\/uploads\/2025\/06\/axioma-logo-2.png\",\"contentUrl\":\"https:\/\/www.axiomams.eu\/wp-content\/uploads\/2025\/06\/axioma-logo-2.png\",\"width\":1200,\"height\":1200,\"caption\":\"AXIOMA MS\"},\"image\":{\"@id\":\"https:\/\/www.axiomams.eu\/en#\/schema\/logo\/image\/\"},\"sameAs\":[\"https:\/\/www.facebook.com\/AxiomaMS\",\"https:\/\/www.linkedin.com\/company\/axiomams\/\"]}]}<\/script>\n<!-- \/ Yoast SEO plugin. -->","yoast_head_json":{"title":"HIOKI PD3129 fazi\u0173 sekos testeris - AXIOMA MS","robots":{"index":"index","follow":"follow","max-snippet":"max-snippet:-1","max-image-preview":"max-image-preview:large","max-video-preview":"max-video-preview:-1"},"canonical":"https:\/\/www.axiomams.eu\/en\/product\/hioki-pd3129-phase-sequence-tester","og_locale":"en_US","og_type":"article","og_title":"HIOKI PD3129 fazi\u0173 sekos testeris - AXIOMA MS","og_description":"Hioki PD3129 fazi\u0173 sekos testeris naudoja bekontakt\u0119 technologij\u0105, leid\u017eian\u010di\u0105 nustatyti srov\u0117s fazi\u0173 sek\u0105 izoliuotuose laiduose, tod\u0117l nereikia naudoti metalini\u0173 kontaktini\u0173 spaustuk\u0173. \u017dalia rodykl\u0117 ai\u0161kiai parodo teising\u0105 fazi\u0173 sek\u0105. Prietaiso aptikimo rezultatus galima naudoti ataskaitose, patvirtinan\u010diose, kad elektros instaliacijos \u012frengimo darbai atlikti teisingai. Hioki bekontakt\u0117 \u012ftampos aptikimo technologija sukurta siekiant apsaugoti specialistus, atliekan\u010dius elektros instaliacijos \u012frengimo...","og_url":"https:\/\/www.axiomams.eu\/en\/product\/hioki-pd3129-phase-sequence-tester","og_site_name":"AXIOMA MS","article_publisher":"https:\/\/www.facebook.com\/AxiomaMS","article_modified_time":"2026-04-14T10:51:25+00:00","og_image":[{"width":1040,"height":694,"url":"https:\/\/www.axiomams.eu\/wp-content\/uploads\/2025\/07\/4634-5962.jpg","type":"image\/jpeg"}],"twitter_card":"summary_large_image","schema":{"@context":"https:\/\/schema.org","@graph":[{"@type":"WebPage","@id":"https:\/\/www.axiomams.eu\/en\/product\/hioki-pd3129-phase-sequence-tester","url":"https:\/\/www.axiomams.eu\/en\/product\/hioki-pd3129-phase-sequence-tester","name":"HIOKI PD3129 fazi\u0173 sekos testeris - AXIOMA MS","isPartOf":{"@id":"https:\/\/www.axiomams.eu\/en#website"},"primaryImageOfPage":{"@id":"https:\/\/www.axiomams.eu\/en\/product\/hioki-pd3129-phase-sequence-tester#primaryimage"},"image":{"@id":"https:\/\/www.axiomams.eu\/en\/product\/hioki-pd3129-phase-sequence-tester#primaryimage"},"thumbnailUrl":"https:\/\/www.axiomams.eu\/wp-content\/uploads\/2025\/07\/4634-5962.jpg","datePublished":"2025-06-12T12:26:58+00:00","dateModified":"2026-04-14T10:51:25+00:00","breadcrumb":{"@id":"https:\/\/www.axiomams.eu\/en\/product\/hioki-pd3129-phase-sequence-tester#breadcrumb"},"inLanguage":"en-US","potentialAction":[{"@type":"ReadAction","target":["https:\/\/www.axiomams.eu\/en\/product\/hioki-pd3129-phase-sequence-tester"]}]},{"@type":"ImageObject","inLanguage":"en-US","@id":"https:\/\/www.axiomams.eu\/en\/product\/hioki-pd3129-phase-sequence-tester#primaryimage","url":"https:\/\/www.axiomams.eu\/wp-content\/uploads\/2025\/07\/4634-5962.jpg","contentUrl":"https:\/\/www.axiomams.eu\/wp-content\/uploads\/2025\/07\/4634-5962.jpg","width":1040,"height":694},{"@type":"BreadcrumbList","@id":"https:\/\/www.axiomams.eu\/en\/product\/hioki-pd3129-phase-sequence-tester#breadcrumb","itemListElement":[{"@type":"ListItem","position":1,"name":"Home","item":"https:\/\/www.axiomams.eu\/en"},{"@type":"ListItem","position":2,"name":"Shop","item":"https:\/\/www.axiomams.eu\/en\/shop"},{"@type":"ListItem","position":3,"name":"HIOKI PD3129 fazi\u0173 sekos testeris"}]},{"@type":"WebSite","@id":"https:\/\/www.axiomams.eu\/en#website","url":"https:\/\/www.axiomams.eu\/en","name":"AXIOMA MS","description":"Terrmovizoriai ir matavimo \u012franga","publisher":{"@id":"https:\/\/www.axiomams.eu\/en#organization"},"potentialAction":[{"@type":"SearchAction","target":{"@type":"EntryPoint","urlTemplate":"https:\/\/www.axiomams.eu\/en?s={search_term_string}"},"query-input":{"@type":"PropertyValueSpecification","valueRequired":true,"valueName":"search_term_string"}}],"inLanguage":"en-US"},{"@type":"Organization","@id":"https:\/\/www.axiomams.eu\/en#organization","name":"AXIOMA MS","url":"https:\/\/www.axiomams.eu\/en","logo":{"@type":"ImageObject","inLanguage":"en-US","@id":"https:\/\/www.axiomams.eu\/en#\/schema\/logo\/image\/","url":"https:\/\/www.axiomams.eu\/wp-content\/uploads\/2025\/06\/axioma-logo-2.png","contentUrl":"https:\/\/www.axiomams.eu\/wp-content\/uploads\/2025\/06\/axioma-logo-2.png","width":1200,"height":1200,"caption":"AXIOMA MS"},"image":{"@id":"https:\/\/www.axiomams.eu\/en#\/schema\/logo\/image\/"},"sameAs":["https:\/\/www.facebook.com\/AxiomaMS","https:\/\/www.linkedin.com\/company\/axiomams\/"]}]}},"_links":{"self":[{"href":"https:\/\/www.axiomams.eu\/en\/wp-json\/wp\/v2\/product\/35586","targetHints":{"allow":["GET"]}}],"collection":[{"href":"https:\/\/www.axiomams.eu\/en\/wp-json\/wp\/v2\/product"}],"about":[{"href":"https:\/\/www.axiomams.eu\/en\/wp-json\/wp\/v2\/types\/product"}],"replies":[{"embeddable":true,"href":"https:\/\/www.axiomams.eu\/en\/wp-json\/wp\/v2\/comments?post=35586"}],"wp:featuredmedia":[{"embeddable":true,"href":"https:\/\/www.axiomams.eu\/en\/wp-json\/wp\/v2\/media\/36692"}],"wp:attachment":[{"href":"https:\/\/www.axiomams.eu\/en\/wp-json\/wp\/v2\/media?parent=35586"}],"wp:term":[{"taxonomy":"product_brand","embeddable":true,"href":"https:\/\/www.axiomams.eu\/en\/wp-json\/wp\/v2\/product_brand?post=35586"},{"taxonomy":"product_cat","embeddable":true,"href":"https:\/\/www.axiomams.eu\/en\/wp-json\/wp\/v2\/product_cat?post=35586"},{"taxonomy":"product_tag","embeddable":true,"href":"https:\/\/www.axiomams.eu\/en\/wp-json\/wp\/v2\/product_tag?post=35586"}],"curies":[{"name":"wp","href":"https:\/\/api.w.org\/{rel}","templated":true}]}}