{"id":38734,"date":"2025-02-14T14:36:25","date_gmt":"2025-02-14T12:36:25","guid":{"rendered":"https:\/\/www.axiomams.eu\/remonditoode-salvestamine"},"modified":"2025-11-19T10:06:35","modified_gmt":"2025-11-19T08:06:35","slug":"remonditoode-salvestamine","status":"publish","type":"page","link":"https:\/\/www.axiomams.eu\/et\/remonditoode-salvestamine","title":{"rendered":"Remondit\u00f6\u00f6de salvestamine"},"content":{"rendered":"<section class=\"l-section wpb_row height_medium\"><div class=\"l-section-h i-cf\"><div class=\"g-cols vc_row via_flex valign_top type_default stacking_default\"><div class=\"vc_col-sm-12 wpb_column vc_column_container\"><div class=\"vc_column-inner\"><div class=\"wpb_wrapper\"><h1 class=\"w-post-elm post_title align_center entry-title color_link_inherit\">Remondit\u00f6\u00f6de salvestamine<\/h1><div class=\"wpb_text_column\"><div class=\"wpb_wrapper\"><div class=\"axioma-ms-repair-submit-container rma-form\">\n    <div class=\"axioma-ms-repair-submit-form\">\n        <form id=\"axioma-ms-repair-submit-form\" method=\"post\" enctype=\"multipart\/form-data\">\n            <!-- Prek\u0117s informacija Section -->\n            <div class=\"form-section\">\n                <div class=\"section-title\">\n                    <h2>Tooteinfo<\/h2>\n                    <hr class=\"title-separator\" \/>\n                <\/div>\n                <div class=\"section-fields\">\n                    <div class=\"form-row\">\n                        <div class=\"form-col\">\n                            <label for=\"device\">Seade <span class=\"text-red\">*<\/span><\/label>\n                            <input type=\"text\" id=\"device\" name=\"device\" placeholder=\"Sisestage nimi\" required>\n                        <\/div>\n                        <div class=\"form-col\">\n                            <label for=\"serial\">Seerianumber<\/label>\n                            <input type=\"text\" id=\"serial\" name=\"serial\" placeholder=\"Sisestage seerianumber\">\n                        <\/div>\n                    <\/div>\n                    <div class=\"form-row full-width\">\n                        <label for=\"description\">Vea kirjeldus <span class=\"text-red\">*<\/span><\/label>\n                        <textarea id=\"description\" name=\"description\" placeholder=\"Kirjelda viga \u00fcksikasjalikult.\" required><\/textarea>\n                    <\/div>\n                    <div class=\"form-row full-width\">\n                        <label for=\"files\">Laadi failid \u00fcles<\/label>\n                        <div class=\"file-upload\">\n                            <input type=\"file\" id=\"files\" name=\"files[]\" multiple>\n                            <p class=\"file-instructions\">\n                                Kl\u00f5psake v\u00f5i lohistage failid sellesse v\u00e4ljale.<br \/>\n                                <span class=\"small-muted\">Saate \u00fcles laadida kuni 15 faili.<\/span>\n                            <\/p>\n                        <\/div>\n                        <div class=\"file-list-container\">\n                            <div class=\"file-list\"><\/div>\n                        <\/div>\n                    <\/div>\n                <\/div>\n            <\/div>\n\n            <!-- Kontaktin\u0117 informacija Section -->\n            <div class=\"form-section\">\n                <div class=\"section-title\">\n                    <h2>Kontaktandmed<\/h2>\n                    <hr class=\"title-separator\" \/>\n                <\/div>\n                <div class=\"section-fields\">\n                    <div class=\"form-row\">\n                        <div class=\"form-col\">\n                            <label for=\"name\">Nimi <span class=\"text-red\">*<\/span><\/label>\n                            <input type=\"text\" id=\"name\" name=\"name\" placeholder=\"Sinu nimi\" required>\n                        <\/div>\n                        <div class=\"form-col\">\n                            <label for=\"surname\">Perekonnanimi <span class=\"text-red\">*<\/span><\/label>\n                            <input type=\"text\" id=\"surname\" name=\"surname\" placeholder=\"Sinu perekonnanimi\" required>\n                        <\/div>\n                    <\/div>\n                    <div class=\"form-row\">\n                        <div class=\"form-col\">\n                            <label for=\"email\">E-post <span class=\"text-red\">*<\/span><\/label>\n                            <input type=\"email\" id=\"email\" name=\"email\" placeholder=\"Sisesta e-posti aadress\" required>\n                        <\/div>\n                        <div class=\"form-col\">\n                            <label for=\"phone\">Telefoninumber <span class=\"text-red\">*<\/span><\/label>\n                            <input type=\"tel\" id=\"phone\" name=\"phone\" placeholder=\"Sisestage telefoninumber\" required>\n                        <\/div>\n                    <\/div>\n                    <div class=\"form-row full-width\">\n                        <label for=\"company\">Ettev\u00f5tte nimi<\/label>\n                        <input type=\"text\" id=\"company\" name=\"company\" placeholder=\"Sisestage ettev\u00f5tte nimi\">\n                    <\/div>\n                <\/div>\n            <\/div>\n\n            <!-- Pristatymas Section -->\n            <div class=\"form-section\">\n                <div class=\"section-title\">\n                    <h2>Kohaletoimetamine<\/h2>\n                    <hr class=\"title-separator\" \/>\n                <\/div>\n                <div class=\"section-fields\">\n                    <div class=\"form-row\">\n                        <div class=\"form-col\">\n                            <label for=\"deliveryWay\">Seadme esitlus<\/label>\n                            <select id=\"deliveryWay\" name=\"deliveryWay\">\n                                <option value=\"1\">Ma toon selle ise kohale.<\/option>\n                                <option value=\"2\">Ma toon selle ise \u00fcles.<\/option>\n                            <\/select>\n                        <\/div>\n                        <div class=\"form-col\">\n                            <label for=\"returnWay\">Seadme tagastamine<\/label>\n                            <select id=\"returnWay\" name=\"returnWay\">\n                                <option value=\"1\">Ma toon selle ise \u00fcles.<\/option>\n                                <option value=\"2\">Saada posti teel<\/option>\n                            <\/select>\n                        <\/div>\n                    <\/div>\n                    <div class=\"form-row\">\n                        <div class=\"form-col\">\n                            <label for=\"zip\">Pa\u0161to kodas<\/label>\n                            <input type=\"text\" id=\"zip\" name=\"zip\" placeholder=\"Sisestage oma postiindeks\">\n                        <\/div>\n                        <div class=\"form-col\">\n                            <label for=\"city\">Linn<\/label>\n                            <input type=\"text\" id=\"city\" name=\"city\" placeholder=\"Sisene linna\">\n                        <\/div>\n                    <\/div>\n                    <div class=\"form-row\">\n                        <div class=\"form-col\">\n                            <label for=\"address\">Aadress<\/label>\n                            <input type=\"text\" id=\"address\" name=\"address\" placeholder=\"Sisesta aadress\">\n                        <\/div>\n                    <\/div>\n                <\/div>\n            <\/div>\n\n            <div class=\"form-section\">\n                <div class=\"section-fields\">\n                    <div class=\"form-row full-width\">\n                        <ol class=\"terms-list\">\n                            <li><b>Seadme remondi hinna m\u00e4\u00e4ramise tasu<\/b> - 50 eurot*, mille klient kohustub tasuma olenemata sellest, kas remonti tehakse v\u00f5i mitte.<\/li>\n                            <li>*Kui remondihinna m\u00e4\u00e4ramise teenuse hind on \u00fcle 50 EUR, saadetakse Kliendile pakkumine ja alles p\u00e4rast Kliendi heakskiidu saamist teostatakse remondihinna m\u00e4\u00e4ramise teenus.<\/li>\n                            <li>Seadme remondi tellimisel v\u00f5i uue ostmisel (juhul kui remontimine pole majanduslikult otstarbekas) lisatakse remondihinna m\u00e4\u00e4ramise tasu uue seadme remondi- v\u00f5i ostuhinnale.<\/li>\n                        <\/ol>\n\n                        <p class=\"terms-note\"><b>M\u00e4rkus<\/b>: Kui garantiiseade tunnistatakse garantiiv\u00e4liseks kasutaja s\u00fc\u00fcl, n\u00f5ustub Klient, et seadme remondile kehtivad garantiiv\u00e4liste seadmete teenuste eest tasumise reeglid (punktid 1-2).<\/p>\n                    <\/div>\n                <\/div>\n            <\/div>\n\n            <div class=\"form-row submit-row\">\n                <div class=\"recaptcha-notice\">\n                    See sait on kaitstud Google'i reCAPTCHA-ga. Kehtib Google'ilt.                    <a href=\"https:\/\/policies.google.com\/privacy\" target=\"_blank\" rel=\"noopener\">privaatsuspoliitika<\/a>\n                    ja                    <a href=\"https:\/\/policies.google.com\/terms\" target=\"_blank\" rel=\"noopener\">teenusetingimused<\/a>.\n                <\/div>\n                <div class=\"error-message\"><\/div>\n                <div class=\"success-message\"><\/div>\n                <button type=\"submit\" class=\"submit-button\">Registreeri remont<\/button>\n            <\/div>\n\n            <input type=\"hidden\" id=\"repair_submit_nonce\" name=\"repair_submit_nonce\" value=\"cb633a779a\" \/><input type=\"hidden\" name=\"_wp_http_referer\" value=\"\/et\/wp-json\/wp\/v2\/pages\/38734\" \/>        <\/form>\n    <\/div>\n\n    <div class=\"axioma-ms-repair-submit-loading\" style=\"display: none;\">\n        <div class=\"loading-spinner\"><\/div>\n        <p>Oota...<\/p>\n    <\/div>\n\n    <div class=\"axioma-ms-repair-submit-success\" style=\"display: none;\">\n        <h3>Remondip\u00e4ring edukalt saadetud!<\/h3>\n        <p>Teie remondikood: <span class=\"repair-code\"><\/span><\/p>\n        <p>Salvesta see kood, seda on vaja remondi oleku j\u00e4lgimiseks.<\/p>\n        <button class=\"submit-another-button\">Registruoti kit\u0105 remont\u0105<\/button>\n    <\/div>\n<\/div>\n<\/div><\/div><\/div><\/div><\/div><\/div><\/div><\/section>\n","protected":false},"excerpt":{"rendered":"Remondit\u00f6\u00f6de salvestamine Tooteinfo Seade * Seerianumber Vea kirjeldus * Laadi failid \u00fcles Kl\u00f5psake v\u00f5i lohistage failid sellesse v\u00e4ljale. Saate \u00fcles laadida kuni 15 faili. Kontaktandmed Nimi * Perekonnanimi * E-post * Telefoninumber * Ettev\u00f5tte nimi Kohaletoimetamine Seadme esitlus Ma toon selle ise kohale. Ma toon selle ise \u00fcles. Seadme tagastamine Ma toon selle ise \u00fcles....","protected":false},"author":1,"featured_media":0,"parent":0,"menu_order":0,"comment_status":"closed","ping_status":"closed","template":"","meta":{"_acf_changed":false,"footnotes":""},"class_list":["post-38734","page","type-page","status-publish","hentry"],"acf":[],"yoast_head":"<!-- This site is optimized with the Yoast SEO plugin v27.0 - https:\/\/yoast.com\/product\/yoast-seo-wordpress\/ -->\n<title>Remondit\u00f6\u00f6de salvestamine - AXIOMA MS<\/title>\n<meta name=\"robots\" content=\"index, follow, max-snippet:-1, max-image-preview:large, max-video-preview:-1\" \/>\n<link rel=\"canonical\" href=\"https:\/\/www.axiomams.eu\/et\/remonditoode-salvestamine\" \/>\n<meta property=\"og:locale\" content=\"et_EE\" \/>\n<meta property=\"og:type\" content=\"article\" \/>\n<meta property=\"og:title\" content=\"Remondit\u00f6\u00f6de salvestamine - AXIOMA MS\" \/>\n<meta property=\"og:url\" content=\"https:\/\/www.axiomams.eu\/et\/remonditoode-salvestamine\" \/>\n<meta property=\"og:site_name\" content=\"AXIOMA MS\" \/>\n<meta property=\"article:publisher\" content=\"https:\/\/www.facebook.com\/AxiomaMS\" \/>\n<meta property=\"article:modified_time\" content=\"2025-11-19T08:06:35+00:00\" \/>\n<meta name=\"twitter:card\" content=\"summary_large_image\" \/>\n<script type=\"application\/ld+json\" class=\"yoast-schema-graph\">{\"@context\":\"https:\/\/schema.org\",\"@graph\":[{\"@type\":\"WebPage\",\"@id\":\"https:\/\/www.axiomams.eu\/et\/remonditoode-salvestamine\",\"url\":\"https:\/\/www.axiomams.eu\/et\/remonditoode-salvestamine\",\"name\":\"Remondit\u00f6\u00f6de salvestamine - AXIOMA MS\",\"isPartOf\":{\"@id\":\"https:\/\/www.axiomams.eu\/et#website\"},\"datePublished\":\"2025-02-14T12:36:25+00:00\",\"dateModified\":\"2025-11-19T08:06:35+00:00\",\"breadcrumb\":{\"@id\":\"https:\/\/www.axiomams.eu\/et\/remonditoode-salvestamine#breadcrumb\"},\"inLanguage\":\"et\",\"potentialAction\":[{\"@type\":\"ReadAction\",\"target\":[\"https:\/\/www.axiomams.eu\/et\/remonditoode-salvestamine\"]}]},{\"@type\":\"BreadcrumbList\",\"@id\":\"https:\/\/www.axiomams.eu\/et\/remonditoode-salvestamine#breadcrumb\",\"itemListElement\":[{\"@type\":\"ListItem\",\"position\":1,\"name\":\"Home\",\"item\":\"https:\/\/www.axiomams.eu\/et\"},{\"@type\":\"ListItem\",\"position\":2,\"name\":\"Remondit\u00f6\u00f6de salvestamine\"}]},{\"@type\":\"WebSite\",\"@id\":\"https:\/\/www.axiomams.eu\/et#website\",\"url\":\"https:\/\/www.axiomams.eu\/et\",\"name\":\"AXIOMA MS\",\"description\":\"Terrmovizoriai ir matavimo \u012franga\",\"publisher\":{\"@id\":\"https:\/\/www.axiomams.eu\/et#organization\"},\"potentialAction\":[{\"@type\":\"SearchAction\",\"target\":{\"@type\":\"EntryPoint\",\"urlTemplate\":\"https:\/\/www.axiomams.eu\/et?s={search_term_string}\"},\"query-input\":{\"@type\":\"PropertyValueSpecification\",\"valueRequired\":true,\"valueName\":\"search_term_string\"}}],\"inLanguage\":\"et\"},{\"@type\":\"Organization\",\"@id\":\"https:\/\/www.axiomams.eu\/et#organization\",\"name\":\"AXIOMA MS\",\"url\":\"https:\/\/www.axiomams.eu\/et\",\"logo\":{\"@type\":\"ImageObject\",\"inLanguage\":\"et\",\"@id\":\"https:\/\/www.axiomams.eu\/et#\/schema\/logo\/image\/\",\"url\":\"https:\/\/www.axiomams.eu\/wp-content\/uploads\/2025\/06\/axioma-logo-2.png\",\"contentUrl\":\"https:\/\/www.axiomams.eu\/wp-content\/uploads\/2025\/06\/axioma-logo-2.png\",\"width\":1200,\"height\":1200,\"caption\":\"AXIOMA MS\"},\"image\":{\"@id\":\"https:\/\/www.axiomams.eu\/et#\/schema\/logo\/image\/\"},\"sameAs\":[\"https:\/\/www.facebook.com\/AxiomaMS\",\"https:\/\/www.linkedin.com\/company\/axiomams\/\"]}]}<\/script>\n<!-- \/ Yoast SEO plugin. -->","yoast_head_json":{"title":"Remondit\u00f6\u00f6de salvestamine - AXIOMA MS","robots":{"index":"index","follow":"follow","max-snippet":"max-snippet:-1","max-image-preview":"max-image-preview:large","max-video-preview":"max-video-preview:-1"},"canonical":"https:\/\/www.axiomams.eu\/et\/remonditoode-salvestamine","og_locale":"et_EE","og_type":"article","og_title":"Remondit\u00f6\u00f6de salvestamine - AXIOMA MS","og_url":"https:\/\/www.axiomams.eu\/et\/remonditoode-salvestamine","og_site_name":"AXIOMA MS","article_publisher":"https:\/\/www.facebook.com\/AxiomaMS","article_modified_time":"2025-11-19T08:06:35+00:00","twitter_card":"summary_large_image","schema":{"@context":"https:\/\/schema.org","@graph":[{"@type":"WebPage","@id":"https:\/\/www.axiomams.eu\/et\/remonditoode-salvestamine","url":"https:\/\/www.axiomams.eu\/et\/remonditoode-salvestamine","name":"Remondit\u00f6\u00f6de salvestamine - AXIOMA MS","isPartOf":{"@id":"https:\/\/www.axiomams.eu\/et#website"},"datePublished":"2025-02-14T12:36:25+00:00","dateModified":"2025-11-19T08:06:35+00:00","breadcrumb":{"@id":"https:\/\/www.axiomams.eu\/et\/remonditoode-salvestamine#breadcrumb"},"inLanguage":"et","potentialAction":[{"@type":"ReadAction","target":["https:\/\/www.axiomams.eu\/et\/remonditoode-salvestamine"]}]},{"@type":"BreadcrumbList","@id":"https:\/\/www.axiomams.eu\/et\/remonditoode-salvestamine#breadcrumb","itemListElement":[{"@type":"ListItem","position":1,"name":"Home","item":"https:\/\/www.axiomams.eu\/et"},{"@type":"ListItem","position":2,"name":"Remondit\u00f6\u00f6de salvestamine"}]},{"@type":"WebSite","@id":"https:\/\/www.axiomams.eu\/et#website","url":"https:\/\/www.axiomams.eu\/et","name":"AXIOMA MS","description":"Terrmovizoriai ir matavimo \u012franga","publisher":{"@id":"https:\/\/www.axiomams.eu\/et#organization"},"potentialAction":[{"@type":"SearchAction","target":{"@type":"EntryPoint","urlTemplate":"https:\/\/www.axiomams.eu\/et?s={search_term_string}"},"query-input":{"@type":"PropertyValueSpecification","valueRequired":true,"valueName":"search_term_string"}}],"inLanguage":"et"},{"@type":"Organization","@id":"https:\/\/www.axiomams.eu\/et#organization","name":"AXIOMA MS","url":"https:\/\/www.axiomams.eu\/et","logo":{"@type":"ImageObject","inLanguage":"et","@id":"https:\/\/www.axiomams.eu\/et#\/schema\/logo\/image\/","url":"https:\/\/www.axiomams.eu\/wp-content\/uploads\/2025\/06\/axioma-logo-2.png","contentUrl":"https:\/\/www.axiomams.eu\/wp-content\/uploads\/2025\/06\/axioma-logo-2.png","width":1200,"height":1200,"caption":"AXIOMA MS"},"image":{"@id":"https:\/\/www.axiomams.eu\/et#\/schema\/logo\/image\/"},"sameAs":["https:\/\/www.facebook.com\/AxiomaMS","https:\/\/www.linkedin.com\/company\/axiomams\/"]}]}},"_links":{"self":[{"href":"https:\/\/www.axiomams.eu\/et\/wp-json\/wp\/v2\/pages\/38734","targetHints":{"allow":["GET"]}}],"collection":[{"href":"https:\/\/www.axiomams.eu\/et\/wp-json\/wp\/v2\/pages"}],"about":[{"href":"https:\/\/www.axiomams.eu\/et\/wp-json\/wp\/v2\/types\/page"}],"author":[{"embeddable":true,"href":"https:\/\/www.axiomams.eu\/et\/wp-json\/wp\/v2\/users\/1"}],"replies":[{"embeddable":true,"href":"https:\/\/www.axiomams.eu\/et\/wp-json\/wp\/v2\/comments?post=38734"}],"version-history":[{"count":1,"href":"https:\/\/www.axiomams.eu\/et\/wp-json\/wp\/v2\/pages\/38734\/revisions"}],"predecessor-version":[{"id":38736,"href":"https:\/\/www.axiomams.eu\/et\/wp-json\/wp\/v2\/pages\/38734\/revisions\/38736"}],"wp:attachment":[{"href":"https:\/\/www.axiomams.eu\/et\/wp-json\/wp\/v2\/media?parent=38734"}],"curies":[{"name":"wp","href":"https:\/\/api.w.org\/{rel}","templated":true}]}}