{"id":38766,"date":"2025-02-14T07:54:28","date_gmt":"2025-02-14T05:54:28","guid":{"rendered":"https:\/\/www.axiomams.eu\/privaatsuspoliitika"},"modified":"2025-02-14T07:54:28","modified_gmt":"2025-02-14T05:54:28","slug":"privaatsuspoliitika","status":"publish","type":"page","link":"https:\/\/www.axiomams.eu\/et\/privaatsuspoliitika","title":{"rendered":"Privaatsuspoliitika"},"content":{"rendered":"<br \/>\n<h1>Privaatsuspoliitika<\/h1>\n<h2>1. \u00dclds\u00e4tted<\/h2>\n<p>K\u00e4esolev privaatsuspoliitika (edaspidi &#8220;poliitika&#8221;) reguleerib axiomams.eu veebisaidi (edaspidi &#8220;veebisait&#8221;) k\u00fclastajate ja ostjate (edaspidi &#8220;teie&#8221;, &#8220;klient&#8221;) isikuandmete t\u00f6\u00f6tlemist ja s\u00e4ilitamist.<\/p>\n<p>Teie andmete t\u00f6\u00f6tlemisel j\u00e4rgime GDPR-i (ELi m\u00e4\u00e4rus 2016\/679), Leedu Vabariigi seadusi ja muid kohaldatavaid \u00f5igusakte.<\/p>\n<h2>2. Andmete vastutav t\u00f6\u00f6tleja<\/h2>\n<p>Axioma MS, UAB<br \/> Address: Jovar\u0173 g. 2, LT-47193 Kaunas <br \/> E-mail: info@axiomams.eu<br \/> Tel: +370 3 745 2790  <\/p>\n<h2>3. Milliseid andmeid me kogume?<\/h2>\n<ul>\n<li>Nimi, perekonnanimi<\/li>\n<li>E-posti aadress <\/li>\n<li>Telefoninumber<\/li>\n<li>Kohaletoimetamise aadress<\/li>\n<li>IP-aadress<\/li>\n<li>Veebisaidi sirvimise ajalugu ja aktiivsus<\/li>\n<\/ul>\n<h2>4. Andmete kasutamise eesm\u00e4rgid<\/h2>\n<ul>\n<li>Tellimuste t\u00e4itmiseks<\/li>\n<li>Arvete esitamiseks<\/li>\n<li>Klienditeenindus ja suhtlemine<\/li>\n<li>Veebisaidi funktsionaalsus ja kvaliteedi tagamine<\/li>\n<li>Turunduslikel eesm\u00e4rkidel (ainult teie n\u00f5usolekul)<\/li>\n<\/ul>\n<h2>5. K\u00fcpsised (Cookies)<\/h2>\n<p>Veebisait kasutab k\u00fcpsiseid, et tagada selle toimimine, anal\u00fc\u00fcsida liiklust ja pakkuda personaliseeritud reklaami.<\/p>\n<h3>Kasutatud k\u00fcpsised:<\/h3>\n<table border=\"1\" cellpadding=\"6\" cellspacing=\"0\">\n<thead>\n<tr>\n<th>K\u00fcpsise nimi<\/th>\n<th>Kehtivusaeg<\/th>\n<th>Eesm\u00e4rk<\/th>\n<\/tr>\n<\/thead>\n<tbody>\n      <!-- Google Analytics --><\/p>\n<tr>\n<td>_ga<\/td>\n<td>2 aastat<\/td>\n<td>Kasutatakse kasutajate eraldamiseks ja liiklusstatistika kogumiseks (Google Analytics).<\/td>\n<\/tr>\n<tr>\n<td>_gid<\/td>\n<td>24 tundi<\/td>\n<td>Kasutatakse kasutajate eraldamiseks (Google Analytics).<\/td>\n<\/tr>\n<tr>\n<td>_gat<\/td>\n<td>1 minut<\/td>\n<td>Kasutatakse p\u00e4ringute sageduse piiramiseks (Google Analytics).<\/td>\n<\/tr>\n<p>      <!-- Facebook Pixel --><\/p>\n<tr>\n<td>_fbp<\/td>\n<td>3 kuud<\/td>\n<td>Kasutatakse personaliseeritud reklaami kuvamiseks Facebooki platvormil (Facebook Pixel).<\/td>\n<\/tr>\n<p>      <!-- WordPress --><\/p>\n<tr>\n<td>wordpress_logged_in_[hash]<\/td>\n<td>Sessioonis<\/td>\n<td>N\u00e4itab, millal kasutaja on sisse logitud ja kes ta on.<\/td>\n<\/tr>\n<tr>\n<td>wordpress_sec_[hash]<\/td>\n<td>Sessioonis<\/td>\n<td>Kasutatakse loata juurdep\u00e4\u00e4su eest kaitsmiseks (turvak\u00fcpsis).<\/td>\n<\/tr>\n<tr>\n<td>wp-settings-[user_id]<\/td>\n<td>1 aasta<\/td>\n<td>Salvestab kasutaja seaded WordPressi keskkonnas.<\/td>\n<\/tr>\n<tr>\n<td>wp-settings-time-[user_id]<\/td>\n<td>1 aasta<\/td>\n<td>M\u00e4\u00e4rab k\u00fcpsiste seadistamise aja (WordPress).<\/td>\n<\/tr>\n<\/tbody>\n<\/table>\n<p>Saate k\u00fcpsised igal ajal oma brauseri seadete kaudu keelata v\u00f5i eemaldada. Lisateavet leiate veebilehelt <a href=\"https:\/\/www.allaboutcookies.org\/\" target=\"_blank\">www.allaboutcookies.org.<\/a> <\/p>\n<h2>6. Andmete s\u00e4ilitamise kestus<\/h2>\n<p>Teie isikuandmeid s\u00e4ilitatakse nii kaua, kui see on vajalik teenuste osutamiseks v\u00f5i koosk\u00f5las seadusega. S\u00e4ilitamisperioodi l\u00f5ppedes h\u00e4vitatakse andmed turvaliselt. <\/p>\n<h2>7. Teie \u00f5igused<\/h2>\n<ul>\n<li>saada teavet oma andmete t\u00f6\u00f6tlemise kohta<\/li>\n<li>n\u00f5uda ebat\u00e4psete v\u00f5i ebat\u00e4ielike andmete parandamist<\/li>\n<li>Taotlus andmete kustutamiseks (&#8220;\u00f5igus olla unustatud&#8221;)<\/li>\n<li>Otseturundusest keeldumine<\/li>\n<li>esitada kaebus riiklikule andmekaitseinspektsioonile<\/li>\n<\/ul>\n<h2>8. Andmete edastamine kolmandatele isikutele<\/h2>\n<p>Andmeid v\u00f5ib edastada teenusepakkujatele (nt kulleritele, maksete t\u00f6\u00f6tlejatele) ainult siis, kui see on teenuse osutamiseks vajalik. K\u00f5igil partneritel on andmet\u00f6\u00f6tluslepingud. <\/p>\n<h2>9. Muudatused privaatsuspoliitikas<\/h2>\n<p>Privaatsuspoliitikat v\u00f5idakse ajakohastada. Viimane versioon on alati saadaval sellel lehek\u00fcljel. Soovitame seda dokumenti regulaarselt \u00fcle vaadata.  <\/p>\n","protected":false},"excerpt":{"rendered":"<p>Privaatsuspoliitika 1. \u00dclds\u00e4tted K\u00e4esolev privaatsuspoliitika (edaspidi &#8220;poliitika&#8221;) reguleerib axiomams.eu veebisaidi (edaspidi &#8220;veebisait&#8221;) k\u00fclastajate ja ostjate (edaspidi &#8220;teie&#8221;, &#8220;klient&#8221;) isikuandmete t\u00f6\u00f6tlemist ja s\u00e4ilitamist. Teie andmete t\u00f6\u00f6tlemisel j\u00e4rgime GDPR-i (ELi m\u00e4\u00e4rus 2016\/679), Leedu Vabariigi seadusi ja muid kohaldatavaid \u00f5igusakte. 2. Andmete vastutav t\u00f6\u00f6tleja Axioma MS, UAB Address: Jovar\u0173 g. 2, LT-47193 Kaunas E-mail: info@axiomams.eu Tel: +370 3&#8230;<\/p>\n","protected":false},"author":1,"featured_media":0,"parent":0,"menu_order":0,"comment_status":"closed","ping_status":"open","template":"","meta":{"_acf_changed":false,"footnotes":""},"class_list":["post-38766","page","type-page","status-publish","hentry"],"acf":[],"yoast_head":"<!-- This site is optimized with the Yoast SEO plugin v27.0 - https:\/\/yoast.com\/product\/yoast-seo-wordpress\/ -->\n<title>Privaatsuspoliitika - AXIOMA MS<\/title>\n<meta name=\"robots\" content=\"index, follow, max-snippet:-1, max-image-preview:large, max-video-preview:-1\" \/>\n<link rel=\"canonical\" href=\"https:\/\/www.axiomams.eu\/et\/privaatsuspoliitika\" \/>\n<meta property=\"og:locale\" content=\"et_EE\" \/>\n<meta property=\"og:type\" content=\"article\" \/>\n<meta property=\"og:title\" content=\"Privaatsuspoliitika - AXIOMA MS\" \/>\n<meta property=\"og:description\" content=\"Privaatsuspoliitika 1. \u00dclds\u00e4tted K\u00e4esolev privaatsuspoliitika (edaspidi &#8220;poliitika&#8221;) reguleerib axiomams.eu veebisaidi (edaspidi &#8220;veebisait&#8221;) k\u00fclastajate ja ostjate (edaspidi &#8220;teie&#8221;, &#8220;klient&#8221;) isikuandmete t\u00f6\u00f6tlemist ja s\u00e4ilitamist. Teie andmete t\u00f6\u00f6tlemisel j\u00e4rgime GDPR-i (ELi m\u00e4\u00e4rus 2016\/679), Leedu Vabariigi seadusi ja muid kohaldatavaid \u00f5igusakte. 2. Andmete vastutav t\u00f6\u00f6tleja Axioma MS, UAB Address: Jovar\u0173 g. 2, LT-47193 Kaunas E-mail: info@axiomams.eu Tel: +370 3...\" \/>\n<meta property=\"og:url\" content=\"https:\/\/www.axiomams.eu\/et\/privaatsuspoliitika\" \/>\n<meta property=\"og:site_name\" content=\"AXIOMA MS\" \/>\n<meta property=\"article:publisher\" content=\"https:\/\/www.facebook.com\/AxiomaMS\" \/>\n<meta name=\"twitter:card\" content=\"summary_large_image\" \/>\n<meta name=\"twitter:label1\" content=\"Est. reading time\" \/>\n\t<meta name=\"twitter:data1\" content=\"2 minut\" \/>\n<script type=\"application\/ld+json\" class=\"yoast-schema-graph\">{\"@context\":\"https:\/\/schema.org\",\"@graph\":[{\"@type\":\"WebPage\",\"@id\":\"https:\/\/www.axiomams.eu\/et\/privaatsuspoliitika\",\"url\":\"https:\/\/www.axiomams.eu\/et\/privaatsuspoliitika\",\"name\":\"Privaatsuspoliitika - AXIOMA MS\",\"isPartOf\":{\"@id\":\"https:\/\/www.axiomams.eu\/et#website\"},\"datePublished\":\"2025-02-14T05:54:28+00:00\",\"breadcrumb\":{\"@id\":\"https:\/\/www.axiomams.eu\/et\/privaatsuspoliitika#breadcrumb\"},\"inLanguage\":\"et\",\"potentialAction\":[{\"@type\":\"ReadAction\",\"target\":[\"https:\/\/www.axiomams.eu\/et\/privaatsuspoliitika\"]}]},{\"@type\":\"BreadcrumbList\",\"@id\":\"https:\/\/www.axiomams.eu\/et\/privaatsuspoliitika#breadcrumb\",\"itemListElement\":[{\"@type\":\"ListItem\",\"position\":1,\"name\":\"Home\",\"item\":\"https:\/\/www.axiomams.eu\/et\"},{\"@type\":\"ListItem\",\"position\":2,\"name\":\"Privaatsuspoliitika\"}]},{\"@type\":\"WebSite\",\"@id\":\"https:\/\/www.axiomams.eu\/et#website\",\"url\":\"https:\/\/www.axiomams.eu\/et\",\"name\":\"AXIOMA MS\",\"description\":\"Terrmovizoriai ir matavimo \u012franga\",\"publisher\":{\"@id\":\"https:\/\/www.axiomams.eu\/et#organization\"},\"potentialAction\":[{\"@type\":\"SearchAction\",\"target\":{\"@type\":\"EntryPoint\",\"urlTemplate\":\"https:\/\/www.axiomams.eu\/et?s={search_term_string}\"},\"query-input\":{\"@type\":\"PropertyValueSpecification\",\"valueRequired\":true,\"valueName\":\"search_term_string\"}}],\"inLanguage\":\"et\"},{\"@type\":\"Organization\",\"@id\":\"https:\/\/www.axiomams.eu\/et#organization\",\"name\":\"AXIOMA MS\",\"url\":\"https:\/\/www.axiomams.eu\/et\",\"logo\":{\"@type\":\"ImageObject\",\"inLanguage\":\"et\",\"@id\":\"https:\/\/www.axiomams.eu\/et#\/schema\/logo\/image\/\",\"url\":\"https:\/\/www.axiomams.eu\/wp-content\/uploads\/2025\/06\/axioma-logo-2.png\",\"contentUrl\":\"https:\/\/www.axiomams.eu\/wp-content\/uploads\/2025\/06\/axioma-logo-2.png\",\"width\":1200,\"height\":1200,\"caption\":\"AXIOMA MS\"},\"image\":{\"@id\":\"https:\/\/www.axiomams.eu\/et#\/schema\/logo\/image\/\"},\"sameAs\":[\"https:\/\/www.facebook.com\/AxiomaMS\",\"https:\/\/www.linkedin.com\/company\/axiomams\/\"]}]}<\/script>\n<!-- \/ Yoast SEO plugin. -->","yoast_head_json":{"title":"Privaatsuspoliitika - AXIOMA MS","robots":{"index":"index","follow":"follow","max-snippet":"max-snippet:-1","max-image-preview":"max-image-preview:large","max-video-preview":"max-video-preview:-1"},"canonical":"https:\/\/www.axiomams.eu\/et\/privaatsuspoliitika","og_locale":"et_EE","og_type":"article","og_title":"Privaatsuspoliitika - AXIOMA MS","og_description":"Privaatsuspoliitika 1. \u00dclds\u00e4tted K\u00e4esolev privaatsuspoliitika (edaspidi &#8220;poliitika&#8221;) reguleerib axiomams.eu veebisaidi (edaspidi &#8220;veebisait&#8221;) k\u00fclastajate ja ostjate (edaspidi &#8220;teie&#8221;, &#8220;klient&#8221;) isikuandmete t\u00f6\u00f6tlemist ja s\u00e4ilitamist. Teie andmete t\u00f6\u00f6tlemisel j\u00e4rgime GDPR-i (ELi m\u00e4\u00e4rus 2016\/679), Leedu Vabariigi seadusi ja muid kohaldatavaid \u00f5igusakte. 2. Andmete vastutav t\u00f6\u00f6tleja Axioma MS, UAB Address: Jovar\u0173 g. 2, LT-47193 Kaunas E-mail: info@axiomams.eu Tel: +370 3...","og_url":"https:\/\/www.axiomams.eu\/et\/privaatsuspoliitika","og_site_name":"AXIOMA MS","article_publisher":"https:\/\/www.facebook.com\/AxiomaMS","twitter_card":"summary_large_image","twitter_misc":{"Est. reading time":"2 minut"},"schema":{"@context":"https:\/\/schema.org","@graph":[{"@type":"WebPage","@id":"https:\/\/www.axiomams.eu\/et\/privaatsuspoliitika","url":"https:\/\/www.axiomams.eu\/et\/privaatsuspoliitika","name":"Privaatsuspoliitika - AXIOMA MS","isPartOf":{"@id":"https:\/\/www.axiomams.eu\/et#website"},"datePublished":"2025-02-14T05:54:28+00:00","breadcrumb":{"@id":"https:\/\/www.axiomams.eu\/et\/privaatsuspoliitika#breadcrumb"},"inLanguage":"et","potentialAction":[{"@type":"ReadAction","target":["https:\/\/www.axiomams.eu\/et\/privaatsuspoliitika"]}]},{"@type":"BreadcrumbList","@id":"https:\/\/www.axiomams.eu\/et\/privaatsuspoliitika#breadcrumb","itemListElement":[{"@type":"ListItem","position":1,"name":"Home","item":"https:\/\/www.axiomams.eu\/et"},{"@type":"ListItem","position":2,"name":"Privaatsuspoliitika"}]},{"@type":"WebSite","@id":"https:\/\/www.axiomams.eu\/et#website","url":"https:\/\/www.axiomams.eu\/et","name":"AXIOMA MS","description":"Terrmovizoriai ir matavimo \u012franga","publisher":{"@id":"https:\/\/www.axiomams.eu\/et#organization"},"potentialAction":[{"@type":"SearchAction","target":{"@type":"EntryPoint","urlTemplate":"https:\/\/www.axiomams.eu\/et?s={search_term_string}"},"query-input":{"@type":"PropertyValueSpecification","valueRequired":true,"valueName":"search_term_string"}}],"inLanguage":"et"},{"@type":"Organization","@id":"https:\/\/www.axiomams.eu\/et#organization","name":"AXIOMA MS","url":"https:\/\/www.axiomams.eu\/et","logo":{"@type":"ImageObject","inLanguage":"et","@id":"https:\/\/www.axiomams.eu\/et#\/schema\/logo\/image\/","url":"https:\/\/www.axiomams.eu\/wp-content\/uploads\/2025\/06\/axioma-logo-2.png","contentUrl":"https:\/\/www.axiomams.eu\/wp-content\/uploads\/2025\/06\/axioma-logo-2.png","width":1200,"height":1200,"caption":"AXIOMA MS"},"image":{"@id":"https:\/\/www.axiomams.eu\/et#\/schema\/logo\/image\/"},"sameAs":["https:\/\/www.facebook.com\/AxiomaMS","https:\/\/www.linkedin.com\/company\/axiomams\/"]}]}},"_links":{"self":[{"href":"https:\/\/www.axiomams.eu\/et\/wp-json\/wp\/v2\/pages\/38766","targetHints":{"allow":["GET"]}}],"collection":[{"href":"https:\/\/www.axiomams.eu\/et\/wp-json\/wp\/v2\/pages"}],"about":[{"href":"https:\/\/www.axiomams.eu\/et\/wp-json\/wp\/v2\/types\/page"}],"author":[{"embeddable":true,"href":"https:\/\/www.axiomams.eu\/et\/wp-json\/wp\/v2\/users\/1"}],"replies":[{"embeddable":true,"href":"https:\/\/www.axiomams.eu\/et\/wp-json\/wp\/v2\/comments?post=38766"}],"version-history":[{"count":0,"href":"https:\/\/www.axiomams.eu\/et\/wp-json\/wp\/v2\/pages\/38766\/revisions"}],"wp:attachment":[{"href":"https:\/\/www.axiomams.eu\/et\/wp-json\/wp\/v2\/media?parent=38766"}],"curies":[{"name":"wp","href":"https:\/\/api.w.org\/{rel}","templated":true}]}}