{"id":39885,"date":"2025-05-15T17:55:45","date_gmt":"2025-05-15T15:55:45","guid":{"rendered":"https:\/\/www.axiomams.eu\/produktas\/sew-388-svd-ohutuspinge-lahedusandur-sew-388-svd"},"modified":"2026-02-02T14:28:24","modified_gmt":"2026-02-02T12:28:24","slug":"sew-388-svd-ohutuspinge-lahedusandur-sew-388-svd","status":"publish","type":"product","link":"https:\/\/www.axiomams.eu\/et\/produktas\/sew-388-svd-ohutuspinge-lahedusandur-sew-388-svd","title":{"rendered":"SEW 388 SVD Ohutuspinge l\u00e4hedusandur SEW 388 SVD"},"content":{"rendered":"<p>SEW 388 SVD Body-Prox on isikukaitsealane pingeprotsentrist. Seda seadet kasutatakse selleks, et hoiatada kasutajaid, et nad l\u00e4henevad pinge all olevatele seadmetele, kus on olemas ohtlik pinge. Seet\u00f5ttu kaitseb ja kindlustab see kasutajat ohtlikele k\u00f5rgepingeallikatele v\u00f5i -kaablitele l\u00e4henemise eest. Kui kasutaja l\u00e4hedal avastatakse pinge all olev seade, hoiatab teda pinge all oleva seadme l\u00e4hedusest helisignaal (piiksumine) ja visuaalne hoiatus (LED vilgub) kaks korda sekundis. 388 SVD on v\u00e4ga madala energiatarbimisega toode ja seda v\u00f5ib kasutada mitu kuud ilma 9V patarei vahetamiseta. Body-Prox on veekindel ja seda saab kasutada iga ilmaga. Body-Prox 388 SVD on loodud nii, et seda oleks lihtne kasutada. Sellel ei ole pingevalikut ja kasutaja ei pea oskama keerulisi katseseadmeid k\u00e4sitseda. Seadmel on sisseehitatud klamber, et seda saaks kinnitada v\u00e4lisr\u00f5ivaste\/v\u00e4lisriiete v\u00f5i v\u00f6\u00f6 k\u00fclge.<\/p>\n<p>Hoiatus vahelduvvoolu pinge l\u00e4hedus 240 V &#8230; 69 kV<br \/>\nKaitseklass: IP65<br \/>\n\u00dclimalt ere LED-indikaator<br \/>\nK\u00f5rge helisignaal, mis v\u00f5ib ulatuda kuni 90 dB-ni.<br \/>\nTestimis- ja diagnostikahelad<br \/>\nSuure l\u00f6\u00f6gikindlusega korpus<br \/>\nVastab standardile EN 61326-1<br \/>\nM\u00f5\u00f5tmed: 114 x 67 x 27 mm<br \/>\nKaal: Kaal: umbes 152 g (koos patareiga)<\/p>\n<h3>Tehniline teave:<\/h3>\n<ul>\n<li><a href=\"https:\/\/axiomams.eu\/importer\/export\/attachments\/en\/sew-388-svd.pdf\" target=\"_blank\">SEW 388 SVD.pdf<\/a><\/li>\n<\/ul>\n","protected":false},"excerpt":{"rendered":"<p>SEW 388 SVD Body-Prox on isikukaitsealane pingeprotsentrist. Seda seadet kasutatakse selleks, et hoiatada kasutajaid, et nad l\u00e4henevad pinge all olevatele seadmetele, kus on olemas ohtlik pinge. Seet\u00f5ttu kaitseb ja kindlustab see kasutajat ohtlikele k\u00f5rgepingeallikatele v\u00f5i -kaablitele l\u00e4henemise eest. Kui kasutaja l\u00e4hedal avastatakse pinge all olev seade, hoiatab teda pinge all oleva seadme l\u00e4hedusest helisignaal (piiksumine)&#8230;<\/p>\n","protected":false},"featured_media":41269,"comment_status":"open","ping_status":"closed","template":"","meta":{"_acf_changed":false},"product_brand":[737],"product_cat":[17784],"product_tag":[],"class_list":{"0":"post-39885","1":"product","2":"type-product","3":"status-publish","4":"has-post-thumbnail","6":"product_brand-sew","7":"product_cat-elektriohutuse-tagamiseks","9":"first","10":"instock","11":"taxable","12":"shipping-taxable","13":"purchasable","14":"product-type-simple"},"acf":[],"yoast_head":"<!-- This site is optimized with the Yoast SEO plugin v27.0 - https:\/\/yoast.com\/product\/yoast-seo-wordpress\/ -->\n<title>SEW 388 SVD Ohutuspinge l\u00e4hedusandur SEW 388 SVD - AXIOMA MS<\/title>\n<meta name=\"robots\" content=\"index, follow, max-snippet:-1, max-image-preview:large, max-video-preview:-1\" \/>\n<link rel=\"canonical\" href=\"https:\/\/www.axiomams.eu\/et\/produktas\/sew-388-svd-ohutuspinge-lahedusandur-sew-388-svd\" \/>\n<meta property=\"og:locale\" content=\"et_EE\" \/>\n<meta property=\"og:type\" content=\"article\" \/>\n<meta property=\"og:title\" content=\"SEW 388 SVD Ohutuspinge l\u00e4hedusandur SEW 388 SVD - AXIOMA MS\" \/>\n<meta property=\"og:description\" content=\"SEW 388 SVD Body-Prox on isikukaitsealane pingeprotsentrist. Seda seadet kasutatakse selleks, et hoiatada kasutajaid, et nad l\u00e4henevad pinge all olevatele seadmetele, kus on olemas ohtlik pinge. Seet\u00f5ttu kaitseb ja kindlustab see kasutajat ohtlikele k\u00f5rgepingeallikatele v\u00f5i -kaablitele l\u00e4henemise eest. Kui kasutaja l\u00e4hedal avastatakse pinge all olev seade, hoiatab teda pinge all oleva seadme l\u00e4hedusest helisignaal (piiksumine)...\" \/>\n<meta property=\"og:url\" content=\"https:\/\/www.axiomams.eu\/et\/produktas\/sew-388-svd-ohutuspinge-lahedusandur-sew-388-svd\" \/>\n<meta property=\"og:site_name\" content=\"AXIOMA MS\" \/>\n<meta property=\"article:publisher\" content=\"https:\/\/www.facebook.com\/AxiomaMS\" \/>\n<meta property=\"article:modified_time\" content=\"2026-02-02T12:28:24+00:00\" \/>\n<meta property=\"og:image\" content=\"https:\/\/www.axiomams.eu\/wp-content\/uploads\/2025\/07\/2993-3949.jpg\" \/>\n\t<meta property=\"og:image:width\" content=\"600\" \/>\n\t<meta property=\"og:image:height\" content=\"600\" \/>\n\t<meta property=\"og:image:type\" content=\"image\/jpeg\" \/>\n<meta name=\"twitter:card\" content=\"summary_large_image\" \/>\n<meta name=\"twitter:label1\" content=\"Est. reading time\" \/>\n\t<meta name=\"twitter:data1\" content=\"1 minut\" \/>\n<script type=\"application\/ld+json\" class=\"yoast-schema-graph\">{\"@context\":\"https:\/\/schema.org\",\"@graph\":[{\"@type\":\"WebPage\",\"@id\":\"https:\/\/www.axiomams.eu\/et\/produktas\/sew-388-svd-ohutuspinge-lahedusandur-sew-388-svd\",\"url\":\"https:\/\/www.axiomams.eu\/et\/produktas\/sew-388-svd-ohutuspinge-lahedusandur-sew-388-svd\",\"name\":\"SEW 388 SVD Ohutuspinge l\u00e4hedusandur SEW 388 SVD - AXIOMA MS\",\"isPartOf\":{\"@id\":\"https:\/\/www.axiomams.eu\/et#website\"},\"primaryImageOfPage\":{\"@id\":\"https:\/\/www.axiomams.eu\/et\/produktas\/sew-388-svd-ohutuspinge-lahedusandur-sew-388-svd#primaryimage\"},\"image\":{\"@id\":\"https:\/\/www.axiomams.eu\/et\/produktas\/sew-388-svd-ohutuspinge-lahedusandur-sew-388-svd#primaryimage\"},\"thumbnailUrl\":\"https:\/\/www.axiomams.eu\/wp-content\/uploads\/2025\/07\/2993-3949.jpg\",\"datePublished\":\"2025-05-15T15:55:45+00:00\",\"dateModified\":\"2026-02-02T12:28:24+00:00\",\"breadcrumb\":{\"@id\":\"https:\/\/www.axiomams.eu\/et\/produktas\/sew-388-svd-ohutuspinge-lahedusandur-sew-388-svd#breadcrumb\"},\"inLanguage\":\"et\",\"potentialAction\":[{\"@type\":\"ReadAction\",\"target\":[\"https:\/\/www.axiomams.eu\/et\/produktas\/sew-388-svd-ohutuspinge-lahedusandur-sew-388-svd\"]}]},{\"@type\":\"ImageObject\",\"inLanguage\":\"et\",\"@id\":\"https:\/\/www.axiomams.eu\/et\/produktas\/sew-388-svd-ohutuspinge-lahedusandur-sew-388-svd#primaryimage\",\"url\":\"https:\/\/www.axiomams.eu\/wp-content\/uploads\/2025\/07\/2993-3949.jpg\",\"contentUrl\":\"https:\/\/www.axiomams.eu\/wp-content\/uploads\/2025\/07\/2993-3949.jpg\",\"width\":600,\"height\":600},{\"@type\":\"BreadcrumbList\",\"@id\":\"https:\/\/www.axiomams.eu\/et\/produktas\/sew-388-svd-ohutuspinge-lahedusandur-sew-388-svd#breadcrumb\",\"itemListElement\":[{\"@type\":\"ListItem\",\"position\":1,\"name\":\"Home\",\"item\":\"https:\/\/www.axiomams.eu\/et\"},{\"@type\":\"ListItem\",\"position\":2,\"name\":\"Tooted\",\"item\":\"https:\/\/www.axiomams.eu\/et\/tooted\"},{\"@type\":\"ListItem\",\"position\":3,\"name\":\"SEW 388 SVD Ohutuspinge l\u00e4hedusandur SEW 388 SVD\"}]},{\"@type\":\"WebSite\",\"@id\":\"https:\/\/www.axiomams.eu\/et#website\",\"url\":\"https:\/\/www.axiomams.eu\/et\",\"name\":\"AXIOMA MS\",\"description\":\"Terrmovizoriai ir matavimo \u012franga\",\"publisher\":{\"@id\":\"https:\/\/www.axiomams.eu\/et#organization\"},\"potentialAction\":[{\"@type\":\"SearchAction\",\"target\":{\"@type\":\"EntryPoint\",\"urlTemplate\":\"https:\/\/www.axiomams.eu\/et?s={search_term_string}\"},\"query-input\":{\"@type\":\"PropertyValueSpecification\",\"valueRequired\":true,\"valueName\":\"search_term_string\"}}],\"inLanguage\":\"et\"},{\"@type\":\"Organization\",\"@id\":\"https:\/\/www.axiomams.eu\/et#organization\",\"name\":\"AXIOMA MS\",\"url\":\"https:\/\/www.axiomams.eu\/et\",\"logo\":{\"@type\":\"ImageObject\",\"inLanguage\":\"et\",\"@id\":\"https:\/\/www.axiomams.eu\/et#\/schema\/logo\/image\/\",\"url\":\"https:\/\/www.axiomams.eu\/wp-content\/uploads\/2025\/06\/axioma-logo-2.png\",\"contentUrl\":\"https:\/\/www.axiomams.eu\/wp-content\/uploads\/2025\/06\/axioma-logo-2.png\",\"width\":1200,\"height\":1200,\"caption\":\"AXIOMA MS\"},\"image\":{\"@id\":\"https:\/\/www.axiomams.eu\/et#\/schema\/logo\/image\/\"},\"sameAs\":[\"https:\/\/www.facebook.com\/AxiomaMS\",\"https:\/\/www.linkedin.com\/company\/axiomams\/\"]}]}<\/script>\n<!-- \/ Yoast SEO plugin. -->","yoast_head_json":{"title":"SEW 388 SVD Ohutuspinge l\u00e4hedusandur SEW 388 SVD - AXIOMA MS","robots":{"index":"index","follow":"follow","max-snippet":"max-snippet:-1","max-image-preview":"max-image-preview:large","max-video-preview":"max-video-preview:-1"},"canonical":"https:\/\/www.axiomams.eu\/et\/produktas\/sew-388-svd-ohutuspinge-lahedusandur-sew-388-svd","og_locale":"et_EE","og_type":"article","og_title":"SEW 388 SVD Ohutuspinge l\u00e4hedusandur SEW 388 SVD - AXIOMA MS","og_description":"SEW 388 SVD Body-Prox on isikukaitsealane pingeprotsentrist. Seda seadet kasutatakse selleks, et hoiatada kasutajaid, et nad l\u00e4henevad pinge all olevatele seadmetele, kus on olemas ohtlik pinge. Seet\u00f5ttu kaitseb ja kindlustab see kasutajat ohtlikele k\u00f5rgepingeallikatele v\u00f5i -kaablitele l\u00e4henemise eest. Kui kasutaja l\u00e4hedal avastatakse pinge all olev seade, hoiatab teda pinge all oleva seadme l\u00e4hedusest helisignaal (piiksumine)...","og_url":"https:\/\/www.axiomams.eu\/et\/produktas\/sew-388-svd-ohutuspinge-lahedusandur-sew-388-svd","og_site_name":"AXIOMA MS","article_publisher":"https:\/\/www.facebook.com\/AxiomaMS","article_modified_time":"2026-02-02T12:28:24+00:00","og_image":[{"width":600,"height":600,"url":"https:\/\/www.axiomams.eu\/wp-content\/uploads\/2025\/07\/2993-3949.jpg","type":"image\/jpeg"}],"twitter_card":"summary_large_image","twitter_misc":{"Est. reading time":"1 minut"},"schema":{"@context":"https:\/\/schema.org","@graph":[{"@type":"WebPage","@id":"https:\/\/www.axiomams.eu\/et\/produktas\/sew-388-svd-ohutuspinge-lahedusandur-sew-388-svd","url":"https:\/\/www.axiomams.eu\/et\/produktas\/sew-388-svd-ohutuspinge-lahedusandur-sew-388-svd","name":"SEW 388 SVD Ohutuspinge l\u00e4hedusandur SEW 388 SVD - AXIOMA MS","isPartOf":{"@id":"https:\/\/www.axiomams.eu\/et#website"},"primaryImageOfPage":{"@id":"https:\/\/www.axiomams.eu\/et\/produktas\/sew-388-svd-ohutuspinge-lahedusandur-sew-388-svd#primaryimage"},"image":{"@id":"https:\/\/www.axiomams.eu\/et\/produktas\/sew-388-svd-ohutuspinge-lahedusandur-sew-388-svd#primaryimage"},"thumbnailUrl":"https:\/\/www.axiomams.eu\/wp-content\/uploads\/2025\/07\/2993-3949.jpg","datePublished":"2025-05-15T15:55:45+00:00","dateModified":"2026-02-02T12:28:24+00:00","breadcrumb":{"@id":"https:\/\/www.axiomams.eu\/et\/produktas\/sew-388-svd-ohutuspinge-lahedusandur-sew-388-svd#breadcrumb"},"inLanguage":"et","potentialAction":[{"@type":"ReadAction","target":["https:\/\/www.axiomams.eu\/et\/produktas\/sew-388-svd-ohutuspinge-lahedusandur-sew-388-svd"]}]},{"@type":"ImageObject","inLanguage":"et","@id":"https:\/\/www.axiomams.eu\/et\/produktas\/sew-388-svd-ohutuspinge-lahedusandur-sew-388-svd#primaryimage","url":"https:\/\/www.axiomams.eu\/wp-content\/uploads\/2025\/07\/2993-3949.jpg","contentUrl":"https:\/\/www.axiomams.eu\/wp-content\/uploads\/2025\/07\/2993-3949.jpg","width":600,"height":600},{"@type":"BreadcrumbList","@id":"https:\/\/www.axiomams.eu\/et\/produktas\/sew-388-svd-ohutuspinge-lahedusandur-sew-388-svd#breadcrumb","itemListElement":[{"@type":"ListItem","position":1,"name":"Home","item":"https:\/\/www.axiomams.eu\/et"},{"@type":"ListItem","position":2,"name":"Tooted","item":"https:\/\/www.axiomams.eu\/et\/tooted"},{"@type":"ListItem","position":3,"name":"SEW 388 SVD Ohutuspinge l\u00e4hedusandur SEW 388 SVD"}]},{"@type":"WebSite","@id":"https:\/\/www.axiomams.eu\/et#website","url":"https:\/\/www.axiomams.eu\/et","name":"AXIOMA MS","description":"Terrmovizoriai ir matavimo \u012franga","publisher":{"@id":"https:\/\/www.axiomams.eu\/et#organization"},"potentialAction":[{"@type":"SearchAction","target":{"@type":"EntryPoint","urlTemplate":"https:\/\/www.axiomams.eu\/et?s={search_term_string}"},"query-input":{"@type":"PropertyValueSpecification","valueRequired":true,"valueName":"search_term_string"}}],"inLanguage":"et"},{"@type":"Organization","@id":"https:\/\/www.axiomams.eu\/et#organization","name":"AXIOMA MS","url":"https:\/\/www.axiomams.eu\/et","logo":{"@type":"ImageObject","inLanguage":"et","@id":"https:\/\/www.axiomams.eu\/et#\/schema\/logo\/image\/","url":"https:\/\/www.axiomams.eu\/wp-content\/uploads\/2025\/06\/axioma-logo-2.png","contentUrl":"https:\/\/www.axiomams.eu\/wp-content\/uploads\/2025\/06\/axioma-logo-2.png","width":1200,"height":1200,"caption":"AXIOMA MS"},"image":{"@id":"https:\/\/www.axiomams.eu\/et#\/schema\/logo\/image\/"},"sameAs":["https:\/\/www.facebook.com\/AxiomaMS","https:\/\/www.linkedin.com\/company\/axiomams\/"]}]}},"_links":{"self":[{"href":"https:\/\/www.axiomams.eu\/et\/wp-json\/wp\/v2\/product\/39885","targetHints":{"allow":["GET"]}}],"collection":[{"href":"https:\/\/www.axiomams.eu\/et\/wp-json\/wp\/v2\/product"}],"about":[{"href":"https:\/\/www.axiomams.eu\/et\/wp-json\/wp\/v2\/types\/product"}],"replies":[{"embeddable":true,"href":"https:\/\/www.axiomams.eu\/et\/wp-json\/wp\/v2\/comments?post=39885"}],"wp:featuredmedia":[{"embeddable":true,"href":"https:\/\/www.axiomams.eu\/et\/wp-json\/wp\/v2\/media\/41269"}],"wp:attachment":[{"href":"https:\/\/www.axiomams.eu\/et\/wp-json\/wp\/v2\/media?parent=39885"}],"wp:term":[{"taxonomy":"product_brand","embeddable":true,"href":"https:\/\/www.axiomams.eu\/et\/wp-json\/wp\/v2\/product_brand?post=39885"},{"taxonomy":"product_cat","embeddable":true,"href":"https:\/\/www.axiomams.eu\/et\/wp-json\/wp\/v2\/product_cat?post=39885"},{"taxonomy":"product_tag","embeddable":true,"href":"https:\/\/www.axiomams.eu\/et\/wp-json\/wp\/v2\/product_tag?post=39885"}],"curies":[{"name":"wp","href":"https:\/\/api.w.org\/{rel}","templated":true}]}}