{"id":39886,"date":"2025-05-15T17:57:18","date_gmt":"2025-05-15T15:57:18","guid":{"rendered":"https:\/\/www.axiomams.eu\/produktas\/extech-cg204-varvi-paksuse-mootur"},"modified":"2026-02-02T14:28:24","modified_gmt":"2026-02-02T12:28:24","slug":"extech-cg204-varvi-paksuse-mootur","status":"publish","type":"product","link":"https:\/\/www.axiomams.eu\/et\/produktas\/extech-cg204-varvi-paksuse-mootur","title":{"rendered":"Extech CG204 v\u00e4rvi paksuse m\u00f5\u00f5tur"},"content":{"rendered":"<p>See v\u00e4rvipaksuse m\u00f5\u00f5tur on v\u00e4lja t\u00f6\u00f6tatud laia kasutusspektri jaoks auto- ja v\u00e4rvimist\u00f6\u00f6stuses. See kompaktne m\u00f5\u00f5teriist v\u00f5imaldab \u00e4\u00e4rmiselt t\u00e4pselt m\u00f5\u00f5ta v\u00e4rvi ja korrosioonikaitse paksust nii terase ja raua kui ka v\u00e4rviliste metallide, n\u00e4iteks alumiiniumi, tsingi v\u00f5i vase puhul. Spetsialistid tunnevad kohe \u00e4ra praktikale orienteeritud tooteomadused, kuna need vahendid esindavad h\u00e4sti.<\/p>\n<p>Standardkomplekt: seade, kalibreerimiskomplekt, kandekott, tarkvara, kasutusjuhend, USB-kaabel.<\/p>\n<h3>Tehniline teave:<\/h3>\n<ul>\n<li><a href=\"https:\/\/axiomams.eu\/importer\/export\/attachments\/en\/cg204_en.pdf\" target=\"_blank\">CG204_en.pdf<\/a><\/li>\n<\/ul>\n","protected":false},"excerpt":{"rendered":"<p>See v\u00e4rvipaksuse m\u00f5\u00f5tur on v\u00e4lja t\u00f6\u00f6tatud laia kasutusspektri jaoks auto- ja v\u00e4rvimist\u00f6\u00f6stuses. See kompaktne m\u00f5\u00f5teriist v\u00f5imaldab \u00e4\u00e4rmiselt t\u00e4pselt m\u00f5\u00f5ta v\u00e4rvi ja korrosioonikaitse paksust nii terase ja raua kui ka v\u00e4rviliste metallide, n\u00e4iteks alumiiniumi, tsingi v\u00f5i vase puhul. Spetsialistid tunnevad kohe \u00e4ra praktikale orienteeritud tooteomadused, kuna need vahendid esindavad h\u00e4sti. Standardkomplekt: seade, kalibreerimiskomplekt, kandekott, tarkvara, kasutusjuhend,&#8230;<\/p>\n","protected":false},"featured_media":41270,"comment_status":"open","ping_status":"closed","template":"","meta":{"_acf_changed":false},"product_brand":[738],"product_cat":[17814],"product_tag":[],"class_list":{"0":"post-39886","1":"product","2":"type-product","3":"status-publish","4":"has-post-thumbnail","6":"product_brand-extech","7":"product_cat-katte-ja-seina-paksuse-mootmiseks","9":"first","10":"instock","11":"taxable","12":"shipping-taxable","13":"purchasable","14":"product-type-simple"},"acf":[],"yoast_head":"<!-- This site is optimized with the Yoast SEO plugin v27.0 - https:\/\/yoast.com\/product\/yoast-seo-wordpress\/ -->\n<title>Extech CG204 v\u00e4rvi paksuse m\u00f5\u00f5tur - AXIOMA MS<\/title>\n<meta name=\"robots\" content=\"index, follow, max-snippet:-1, max-image-preview:large, max-video-preview:-1\" \/>\n<link rel=\"canonical\" href=\"https:\/\/www.axiomams.eu\/et\/produktas\/extech-cg204-varvi-paksuse-mootur\" \/>\n<meta property=\"og:locale\" content=\"et_EE\" \/>\n<meta property=\"og:type\" content=\"article\" \/>\n<meta property=\"og:title\" content=\"Extech CG204 v\u00e4rvi paksuse m\u00f5\u00f5tur - AXIOMA MS\" \/>\n<meta property=\"og:description\" content=\"See v\u00e4rvipaksuse m\u00f5\u00f5tur on v\u00e4lja t\u00f6\u00f6tatud laia kasutusspektri jaoks auto- ja v\u00e4rvimist\u00f6\u00f6stuses. See kompaktne m\u00f5\u00f5teriist v\u00f5imaldab \u00e4\u00e4rmiselt t\u00e4pselt m\u00f5\u00f5ta v\u00e4rvi ja korrosioonikaitse paksust nii terase ja raua kui ka v\u00e4rviliste metallide, n\u00e4iteks alumiiniumi, tsingi v\u00f5i vase puhul. Spetsialistid tunnevad kohe \u00e4ra praktikale orienteeritud tooteomadused, kuna need vahendid esindavad h\u00e4sti. Standardkomplekt: seade, kalibreerimiskomplekt, kandekott, tarkvara, kasutusjuhend,...\" \/>\n<meta property=\"og:url\" content=\"https:\/\/www.axiomams.eu\/et\/produktas\/extech-cg204-varvi-paksuse-mootur\" \/>\n<meta property=\"og:site_name\" content=\"AXIOMA MS\" \/>\n<meta property=\"article:publisher\" content=\"https:\/\/www.facebook.com\/AxiomaMS\" \/>\n<meta property=\"article:modified_time\" content=\"2026-02-02T12:28:24+00:00\" \/>\n<meta property=\"og:image\" content=\"https:\/\/www.axiomams.eu\/wp-content\/uploads\/2025\/07\/291-1437.png\" \/>\n\t<meta property=\"og:image:width\" content=\"550\" \/>\n\t<meta property=\"og:image:height\" content=\"500\" \/>\n\t<meta property=\"og:image:type\" content=\"image\/png\" \/>\n<meta name=\"twitter:card\" content=\"summary_large_image\" \/>\n<script type=\"application\/ld+json\" class=\"yoast-schema-graph\">{\"@context\":\"https:\/\/schema.org\",\"@graph\":[{\"@type\":\"WebPage\",\"@id\":\"https:\/\/www.axiomams.eu\/et\/produktas\/extech-cg204-varvi-paksuse-mootur\",\"url\":\"https:\/\/www.axiomams.eu\/et\/produktas\/extech-cg204-varvi-paksuse-mootur\",\"name\":\"Extech CG204 v\u00e4rvi paksuse m\u00f5\u00f5tur - AXIOMA MS\",\"isPartOf\":{\"@id\":\"https:\/\/www.axiomams.eu\/et#website\"},\"primaryImageOfPage\":{\"@id\":\"https:\/\/www.axiomams.eu\/et\/produktas\/extech-cg204-varvi-paksuse-mootur#primaryimage\"},\"image\":{\"@id\":\"https:\/\/www.axiomams.eu\/et\/produktas\/extech-cg204-varvi-paksuse-mootur#primaryimage\"},\"thumbnailUrl\":\"https:\/\/www.axiomams.eu\/wp-content\/uploads\/2025\/07\/291-1437.png\",\"datePublished\":\"2025-05-15T15:57:18+00:00\",\"dateModified\":\"2026-02-02T12:28:24+00:00\",\"breadcrumb\":{\"@id\":\"https:\/\/www.axiomams.eu\/et\/produktas\/extech-cg204-varvi-paksuse-mootur#breadcrumb\"},\"inLanguage\":\"et\",\"potentialAction\":[{\"@type\":\"ReadAction\",\"target\":[\"https:\/\/www.axiomams.eu\/et\/produktas\/extech-cg204-varvi-paksuse-mootur\"]}]},{\"@type\":\"ImageObject\",\"inLanguage\":\"et\",\"@id\":\"https:\/\/www.axiomams.eu\/et\/produktas\/extech-cg204-varvi-paksuse-mootur#primaryimage\",\"url\":\"https:\/\/www.axiomams.eu\/wp-content\/uploads\/2025\/07\/291-1437.png\",\"contentUrl\":\"https:\/\/www.axiomams.eu\/wp-content\/uploads\/2025\/07\/291-1437.png\",\"width\":550,\"height\":500},{\"@type\":\"BreadcrumbList\",\"@id\":\"https:\/\/www.axiomams.eu\/et\/produktas\/extech-cg204-varvi-paksuse-mootur#breadcrumb\",\"itemListElement\":[{\"@type\":\"ListItem\",\"position\":1,\"name\":\"Home\",\"item\":\"https:\/\/www.axiomams.eu\/et\"},{\"@type\":\"ListItem\",\"position\":2,\"name\":\"Tooted\",\"item\":\"https:\/\/www.axiomams.eu\/et\/tooted\"},{\"@type\":\"ListItem\",\"position\":3,\"name\":\"Extech CG204 v\u00e4rvi paksuse m\u00f5\u00f5tur\"}]},{\"@type\":\"WebSite\",\"@id\":\"https:\/\/www.axiomams.eu\/et#website\",\"url\":\"https:\/\/www.axiomams.eu\/et\",\"name\":\"AXIOMA MS\",\"description\":\"Terrmovizoriai ir matavimo \u012franga\",\"publisher\":{\"@id\":\"https:\/\/www.axiomams.eu\/et#organization\"},\"potentialAction\":[{\"@type\":\"SearchAction\",\"target\":{\"@type\":\"EntryPoint\",\"urlTemplate\":\"https:\/\/www.axiomams.eu\/et?s={search_term_string}\"},\"query-input\":{\"@type\":\"PropertyValueSpecification\",\"valueRequired\":true,\"valueName\":\"search_term_string\"}}],\"inLanguage\":\"et\"},{\"@type\":\"Organization\",\"@id\":\"https:\/\/www.axiomams.eu\/et#organization\",\"name\":\"AXIOMA MS\",\"url\":\"https:\/\/www.axiomams.eu\/et\",\"logo\":{\"@type\":\"ImageObject\",\"inLanguage\":\"et\",\"@id\":\"https:\/\/www.axiomams.eu\/et#\/schema\/logo\/image\/\",\"url\":\"https:\/\/www.axiomams.eu\/wp-content\/uploads\/2025\/06\/axioma-logo-2.png\",\"contentUrl\":\"https:\/\/www.axiomams.eu\/wp-content\/uploads\/2025\/06\/axioma-logo-2.png\",\"width\":1200,\"height\":1200,\"caption\":\"AXIOMA MS\"},\"image\":{\"@id\":\"https:\/\/www.axiomams.eu\/et#\/schema\/logo\/image\/\"},\"sameAs\":[\"https:\/\/www.facebook.com\/AxiomaMS\",\"https:\/\/www.linkedin.com\/company\/axiomams\/\"]}]}<\/script>\n<!-- \/ Yoast SEO plugin. -->","yoast_head_json":{"title":"Extech CG204 v\u00e4rvi paksuse m\u00f5\u00f5tur - AXIOMA MS","robots":{"index":"index","follow":"follow","max-snippet":"max-snippet:-1","max-image-preview":"max-image-preview:large","max-video-preview":"max-video-preview:-1"},"canonical":"https:\/\/www.axiomams.eu\/et\/produktas\/extech-cg204-varvi-paksuse-mootur","og_locale":"et_EE","og_type":"article","og_title":"Extech CG204 v\u00e4rvi paksuse m\u00f5\u00f5tur - AXIOMA MS","og_description":"See v\u00e4rvipaksuse m\u00f5\u00f5tur on v\u00e4lja t\u00f6\u00f6tatud laia kasutusspektri jaoks auto- ja v\u00e4rvimist\u00f6\u00f6stuses. See kompaktne m\u00f5\u00f5teriist v\u00f5imaldab \u00e4\u00e4rmiselt t\u00e4pselt m\u00f5\u00f5ta v\u00e4rvi ja korrosioonikaitse paksust nii terase ja raua kui ka v\u00e4rviliste metallide, n\u00e4iteks alumiiniumi, tsingi v\u00f5i vase puhul. Spetsialistid tunnevad kohe \u00e4ra praktikale orienteeritud tooteomadused, kuna need vahendid esindavad h\u00e4sti. Standardkomplekt: seade, kalibreerimiskomplekt, kandekott, tarkvara, kasutusjuhend,...","og_url":"https:\/\/www.axiomams.eu\/et\/produktas\/extech-cg204-varvi-paksuse-mootur","og_site_name":"AXIOMA MS","article_publisher":"https:\/\/www.facebook.com\/AxiomaMS","article_modified_time":"2026-02-02T12:28:24+00:00","og_image":[{"width":550,"height":500,"url":"https:\/\/www.axiomams.eu\/wp-content\/uploads\/2025\/07\/291-1437.png","type":"image\/png"}],"twitter_card":"summary_large_image","schema":{"@context":"https:\/\/schema.org","@graph":[{"@type":"WebPage","@id":"https:\/\/www.axiomams.eu\/et\/produktas\/extech-cg204-varvi-paksuse-mootur","url":"https:\/\/www.axiomams.eu\/et\/produktas\/extech-cg204-varvi-paksuse-mootur","name":"Extech CG204 v\u00e4rvi paksuse m\u00f5\u00f5tur - AXIOMA MS","isPartOf":{"@id":"https:\/\/www.axiomams.eu\/et#website"},"primaryImageOfPage":{"@id":"https:\/\/www.axiomams.eu\/et\/produktas\/extech-cg204-varvi-paksuse-mootur#primaryimage"},"image":{"@id":"https:\/\/www.axiomams.eu\/et\/produktas\/extech-cg204-varvi-paksuse-mootur#primaryimage"},"thumbnailUrl":"https:\/\/www.axiomams.eu\/wp-content\/uploads\/2025\/07\/291-1437.png","datePublished":"2025-05-15T15:57:18+00:00","dateModified":"2026-02-02T12:28:24+00:00","breadcrumb":{"@id":"https:\/\/www.axiomams.eu\/et\/produktas\/extech-cg204-varvi-paksuse-mootur#breadcrumb"},"inLanguage":"et","potentialAction":[{"@type":"ReadAction","target":["https:\/\/www.axiomams.eu\/et\/produktas\/extech-cg204-varvi-paksuse-mootur"]}]},{"@type":"ImageObject","inLanguage":"et","@id":"https:\/\/www.axiomams.eu\/et\/produktas\/extech-cg204-varvi-paksuse-mootur#primaryimage","url":"https:\/\/www.axiomams.eu\/wp-content\/uploads\/2025\/07\/291-1437.png","contentUrl":"https:\/\/www.axiomams.eu\/wp-content\/uploads\/2025\/07\/291-1437.png","width":550,"height":500},{"@type":"BreadcrumbList","@id":"https:\/\/www.axiomams.eu\/et\/produktas\/extech-cg204-varvi-paksuse-mootur#breadcrumb","itemListElement":[{"@type":"ListItem","position":1,"name":"Home","item":"https:\/\/www.axiomams.eu\/et"},{"@type":"ListItem","position":2,"name":"Tooted","item":"https:\/\/www.axiomams.eu\/et\/tooted"},{"@type":"ListItem","position":3,"name":"Extech CG204 v\u00e4rvi paksuse m\u00f5\u00f5tur"}]},{"@type":"WebSite","@id":"https:\/\/www.axiomams.eu\/et#website","url":"https:\/\/www.axiomams.eu\/et","name":"AXIOMA MS","description":"Terrmovizoriai ir matavimo \u012franga","publisher":{"@id":"https:\/\/www.axiomams.eu\/et#organization"},"potentialAction":[{"@type":"SearchAction","target":{"@type":"EntryPoint","urlTemplate":"https:\/\/www.axiomams.eu\/et?s={search_term_string}"},"query-input":{"@type":"PropertyValueSpecification","valueRequired":true,"valueName":"search_term_string"}}],"inLanguage":"et"},{"@type":"Organization","@id":"https:\/\/www.axiomams.eu\/et#organization","name":"AXIOMA MS","url":"https:\/\/www.axiomams.eu\/et","logo":{"@type":"ImageObject","inLanguage":"et","@id":"https:\/\/www.axiomams.eu\/et#\/schema\/logo\/image\/","url":"https:\/\/www.axiomams.eu\/wp-content\/uploads\/2025\/06\/axioma-logo-2.png","contentUrl":"https:\/\/www.axiomams.eu\/wp-content\/uploads\/2025\/06\/axioma-logo-2.png","width":1200,"height":1200,"caption":"AXIOMA MS"},"image":{"@id":"https:\/\/www.axiomams.eu\/et#\/schema\/logo\/image\/"},"sameAs":["https:\/\/www.facebook.com\/AxiomaMS","https:\/\/www.linkedin.com\/company\/axiomams\/"]}]}},"_links":{"self":[{"href":"https:\/\/www.axiomams.eu\/et\/wp-json\/wp\/v2\/product\/39886","targetHints":{"allow":["GET"]}}],"collection":[{"href":"https:\/\/www.axiomams.eu\/et\/wp-json\/wp\/v2\/product"}],"about":[{"href":"https:\/\/www.axiomams.eu\/et\/wp-json\/wp\/v2\/types\/product"}],"replies":[{"embeddable":true,"href":"https:\/\/www.axiomams.eu\/et\/wp-json\/wp\/v2\/comments?post=39886"}],"wp:featuredmedia":[{"embeddable":true,"href":"https:\/\/www.axiomams.eu\/et\/wp-json\/wp\/v2\/media\/41270"}],"wp:attachment":[{"href":"https:\/\/www.axiomams.eu\/et\/wp-json\/wp\/v2\/media?parent=39886"}],"wp:term":[{"taxonomy":"product_brand","embeddable":true,"href":"https:\/\/www.axiomams.eu\/et\/wp-json\/wp\/v2\/product_brand?post=39886"},{"taxonomy":"product_cat","embeddable":true,"href":"https:\/\/www.axiomams.eu\/et\/wp-json\/wp\/v2\/product_cat?post=39886"},{"taxonomy":"product_tag","embeddable":true,"href":"https:\/\/www.axiomams.eu\/et\/wp-json\/wp\/v2\/product_tag?post=39886"}],"curies":[{"name":"wp","href":"https:\/\/api.w.org\/{rel}","templated":true}]}}