{"id":39888,"date":"2025-10-03T01:00:21","date_gmt":"2025-10-02T23:00:21","guid":{"rendered":"https:\/\/www.axiomams.eu\/produktas\/flir-cx5-soojuskaamera-ex-demo"},"modified":"2026-02-02T14:28:24","modified_gmt":"2026-02-02T12:28:24","slug":"flir-cx5-soojuskaamera-ex-demo","status":"publish","type":"product","link":"https:\/\/www.axiomams.eu\/et\/produktas\/flir-cx5-soojuskaamera-ex-demo","title":{"rendered":"Flir Cx5 soojuskaamera (EX-Demo)"},"content":{"rendered":"<p>FLIR Cx5 on soojuskaamera, mis on valmistatud ohutumaks kontrollimiseks ohtlikes kohtades. FLIR Cx5 on taskukohane termograafiavahend enamiku plahvatusohtlike keskkondadega t\u00f6\u00f6stusharude jaoks, sealhulgas keemia-, nafta- ja gaasit\u00f6\u00f6stuse ning reoveepuhastusrajatiste jaoks. 3,5-tollise puuteekraaniga kasutajaliides on lihtne kasutada ja 160 \u00d7 120 termilise eraldusv\u00f5ime annab t\u00e4pse temperatuuri m\u00f5\u00f5tmise l\u00e4hedal asuvate objektide kohta. Kui FLIR Cx5 on teie t\u00f6\u00f6riistakastis, olete alati valmis uurima mehaanilisi ja elektrilisi seadmeid tootmiskoha \u00fcmbruses.<\/p>\n<h3>Tehniline teave:<\/h3>\n<ul>\n<li><a href=\"https:\/\/axiomams.eu\/importer\/export\/attachments\/en\/flir-cx5-datasheet.pdf\" target=\"_blank\">FLIR Cx5 Datasheet.pdf<\/a><\/li>\n<\/ul>\n","protected":false},"excerpt":{"rendered":"<p>FLIR Cx5 on soojuskaamera, mis on valmistatud ohutumaks kontrollimiseks ohtlikes kohtades. FLIR Cx5 on taskukohane termograafiavahend enamiku plahvatusohtlike keskkondadega t\u00f6\u00f6stusharude jaoks, sealhulgas keemia-, nafta- ja gaasit\u00f6\u00f6stuse ning reoveepuhastusrajatiste jaoks. 3,5-tollise puuteekraaniga kasutajaliides on lihtne kasutada ja 160 \u00d7 120 termilise eraldusv\u00f5ime annab t\u00e4pse temperatuuri m\u00f5\u00f5tmise l\u00e4hedal asuvate objektide kohta. Kui FLIR Cx5 on teie t\u00f6\u00f6riistakastis,&#8230;<\/p>\n","protected":false},"featured_media":41273,"comment_status":"open","ping_status":"closed","template":"","meta":{"_acf_changed":false},"product_brand":[734],"product_cat":[17795],"product_tag":[],"class_list":{"0":"post-39888","1":"product","2":"type-product","3":"status-publish","4":"has-post-thumbnail","6":"product_brand-flir","7":"product_cat-energia-ja-hoonediagnostika","9":"first","10":"instock","11":"taxable","12":"shipping-taxable","13":"purchasable","14":"product-type-simple"},"acf":[],"yoast_head":"<!-- This site is optimized with the Yoast SEO plugin v27.0 - https:\/\/yoast.com\/product\/yoast-seo-wordpress\/ -->\n<title>Flir Cx5 soojuskaamera (EX-Demo) - AXIOMA MS<\/title>\n<meta name=\"robots\" content=\"index, follow, max-snippet:-1, max-image-preview:large, max-video-preview:-1\" \/>\n<link rel=\"canonical\" href=\"https:\/\/www.axiomams.eu\/et\/produktas\/flir-cx5-soojuskaamera-ex-demo\" \/>\n<meta property=\"og:locale\" content=\"et_EE\" \/>\n<meta property=\"og:type\" content=\"article\" \/>\n<meta property=\"og:title\" content=\"Flir Cx5 soojuskaamera (EX-Demo) - AXIOMA MS\" \/>\n<meta property=\"og:description\" content=\"FLIR Cx5 on soojuskaamera, mis on valmistatud ohutumaks kontrollimiseks ohtlikes kohtades. FLIR Cx5 on taskukohane termograafiavahend enamiku plahvatusohtlike keskkondadega t\u00f6\u00f6stusharude jaoks, sealhulgas keemia-, nafta- ja gaasit\u00f6\u00f6stuse ning reoveepuhastusrajatiste jaoks. 3,5-tollise puuteekraaniga kasutajaliides on lihtne kasutada ja 160 \u00d7 120 termilise eraldusv\u00f5ime annab t\u00e4pse temperatuuri m\u00f5\u00f5tmise l\u00e4hedal asuvate objektide kohta. Kui FLIR Cx5 on teie t\u00f6\u00f6riistakastis,...\" \/>\n<meta property=\"og:url\" content=\"https:\/\/www.axiomams.eu\/et\/produktas\/flir-cx5-soojuskaamera-ex-demo\" \/>\n<meta property=\"og:site_name\" content=\"AXIOMA MS\" \/>\n<meta property=\"article:publisher\" content=\"https:\/\/www.facebook.com\/AxiomaMS\" \/>\n<meta property=\"article:modified_time\" content=\"2026-02-02T12:28:24+00:00\" \/>\n<meta property=\"og:image\" content=\"https:\/\/www.axiomams.eu\/wp-content\/uploads\/2025\/10\/4679-6186.jpg\" \/>\n\t<meta property=\"og:image:width\" content=\"1287\" \/>\n\t<meta property=\"og:image:height\" content=\"865\" \/>\n\t<meta property=\"og:image:type\" content=\"image\/jpeg\" \/>\n<meta name=\"twitter:card\" content=\"summary_large_image\" \/>\n<script type=\"application\/ld+json\" class=\"yoast-schema-graph\">{\"@context\":\"https:\/\/schema.org\",\"@graph\":[{\"@type\":\"WebPage\",\"@id\":\"https:\/\/www.axiomams.eu\/et\/produktas\/flir-cx5-soojuskaamera-ex-demo\",\"url\":\"https:\/\/www.axiomams.eu\/et\/produktas\/flir-cx5-soojuskaamera-ex-demo\",\"name\":\"Flir Cx5 soojuskaamera (EX-Demo) - AXIOMA MS\",\"isPartOf\":{\"@id\":\"https:\/\/www.axiomams.eu\/et#website\"},\"primaryImageOfPage\":{\"@id\":\"https:\/\/www.axiomams.eu\/et\/produktas\/flir-cx5-soojuskaamera-ex-demo#primaryimage\"},\"image\":{\"@id\":\"https:\/\/www.axiomams.eu\/et\/produktas\/flir-cx5-soojuskaamera-ex-demo#primaryimage\"},\"thumbnailUrl\":\"https:\/\/www.axiomams.eu\/wp-content\/uploads\/2025\/10\/4679-6186.jpg\",\"datePublished\":\"2025-10-02T23:00:21+00:00\",\"dateModified\":\"2026-02-02T12:28:24+00:00\",\"breadcrumb\":{\"@id\":\"https:\/\/www.axiomams.eu\/et\/produktas\/flir-cx5-soojuskaamera-ex-demo#breadcrumb\"},\"inLanguage\":\"et\",\"potentialAction\":[{\"@type\":\"ReadAction\",\"target\":[\"https:\/\/www.axiomams.eu\/et\/produktas\/flir-cx5-soojuskaamera-ex-demo\"]}]},{\"@type\":\"ImageObject\",\"inLanguage\":\"et\",\"@id\":\"https:\/\/www.axiomams.eu\/et\/produktas\/flir-cx5-soojuskaamera-ex-demo#primaryimage\",\"url\":\"https:\/\/www.axiomams.eu\/wp-content\/uploads\/2025\/10\/4679-6186.jpg\",\"contentUrl\":\"https:\/\/www.axiomams.eu\/wp-content\/uploads\/2025\/10\/4679-6186.jpg\",\"width\":1287,\"height\":865},{\"@type\":\"BreadcrumbList\",\"@id\":\"https:\/\/www.axiomams.eu\/et\/produktas\/flir-cx5-soojuskaamera-ex-demo#breadcrumb\",\"itemListElement\":[{\"@type\":\"ListItem\",\"position\":1,\"name\":\"Home\",\"item\":\"https:\/\/www.axiomams.eu\/et\"},{\"@type\":\"ListItem\",\"position\":2,\"name\":\"Tooted\",\"item\":\"https:\/\/www.axiomams.eu\/et\/tooted\"},{\"@type\":\"ListItem\",\"position\":3,\"name\":\"Flir Cx5 soojuskaamera (EX-Demo)\"}]},{\"@type\":\"WebSite\",\"@id\":\"https:\/\/www.axiomams.eu\/et#website\",\"url\":\"https:\/\/www.axiomams.eu\/et\",\"name\":\"AXIOMA MS\",\"description\":\"Terrmovizoriai ir matavimo \u012franga\",\"publisher\":{\"@id\":\"https:\/\/www.axiomams.eu\/et#organization\"},\"potentialAction\":[{\"@type\":\"SearchAction\",\"target\":{\"@type\":\"EntryPoint\",\"urlTemplate\":\"https:\/\/www.axiomams.eu\/et?s={search_term_string}\"},\"query-input\":{\"@type\":\"PropertyValueSpecification\",\"valueRequired\":true,\"valueName\":\"search_term_string\"}}],\"inLanguage\":\"et\"},{\"@type\":\"Organization\",\"@id\":\"https:\/\/www.axiomams.eu\/et#organization\",\"name\":\"AXIOMA MS\",\"url\":\"https:\/\/www.axiomams.eu\/et\",\"logo\":{\"@type\":\"ImageObject\",\"inLanguage\":\"et\",\"@id\":\"https:\/\/www.axiomams.eu\/et#\/schema\/logo\/image\/\",\"url\":\"https:\/\/www.axiomams.eu\/wp-content\/uploads\/2025\/06\/axioma-logo-2.png\",\"contentUrl\":\"https:\/\/www.axiomams.eu\/wp-content\/uploads\/2025\/06\/axioma-logo-2.png\",\"width\":1200,\"height\":1200,\"caption\":\"AXIOMA MS\"},\"image\":{\"@id\":\"https:\/\/www.axiomams.eu\/et#\/schema\/logo\/image\/\"},\"sameAs\":[\"https:\/\/www.facebook.com\/AxiomaMS\",\"https:\/\/www.linkedin.com\/company\/axiomams\/\"]}]}<\/script>\n<!-- \/ Yoast SEO plugin. -->","yoast_head_json":{"title":"Flir Cx5 soojuskaamera (EX-Demo) - AXIOMA MS","robots":{"index":"index","follow":"follow","max-snippet":"max-snippet:-1","max-image-preview":"max-image-preview:large","max-video-preview":"max-video-preview:-1"},"canonical":"https:\/\/www.axiomams.eu\/et\/produktas\/flir-cx5-soojuskaamera-ex-demo","og_locale":"et_EE","og_type":"article","og_title":"Flir Cx5 soojuskaamera (EX-Demo) - AXIOMA MS","og_description":"FLIR Cx5 on soojuskaamera, mis on valmistatud ohutumaks kontrollimiseks ohtlikes kohtades. FLIR Cx5 on taskukohane termograafiavahend enamiku plahvatusohtlike keskkondadega t\u00f6\u00f6stusharude jaoks, sealhulgas keemia-, nafta- ja gaasit\u00f6\u00f6stuse ning reoveepuhastusrajatiste jaoks. 3,5-tollise puuteekraaniga kasutajaliides on lihtne kasutada ja 160 \u00d7 120 termilise eraldusv\u00f5ime annab t\u00e4pse temperatuuri m\u00f5\u00f5tmise l\u00e4hedal asuvate objektide kohta. Kui FLIR Cx5 on teie t\u00f6\u00f6riistakastis,...","og_url":"https:\/\/www.axiomams.eu\/et\/produktas\/flir-cx5-soojuskaamera-ex-demo","og_site_name":"AXIOMA MS","article_publisher":"https:\/\/www.facebook.com\/AxiomaMS","article_modified_time":"2026-02-02T12:28:24+00:00","og_image":[{"width":1287,"height":865,"url":"https:\/\/www.axiomams.eu\/wp-content\/uploads\/2025\/10\/4679-6186.jpg","type":"image\/jpeg"}],"twitter_card":"summary_large_image","schema":{"@context":"https:\/\/schema.org","@graph":[{"@type":"WebPage","@id":"https:\/\/www.axiomams.eu\/et\/produktas\/flir-cx5-soojuskaamera-ex-demo","url":"https:\/\/www.axiomams.eu\/et\/produktas\/flir-cx5-soojuskaamera-ex-demo","name":"Flir Cx5 soojuskaamera (EX-Demo) - AXIOMA MS","isPartOf":{"@id":"https:\/\/www.axiomams.eu\/et#website"},"primaryImageOfPage":{"@id":"https:\/\/www.axiomams.eu\/et\/produktas\/flir-cx5-soojuskaamera-ex-demo#primaryimage"},"image":{"@id":"https:\/\/www.axiomams.eu\/et\/produktas\/flir-cx5-soojuskaamera-ex-demo#primaryimage"},"thumbnailUrl":"https:\/\/www.axiomams.eu\/wp-content\/uploads\/2025\/10\/4679-6186.jpg","datePublished":"2025-10-02T23:00:21+00:00","dateModified":"2026-02-02T12:28:24+00:00","breadcrumb":{"@id":"https:\/\/www.axiomams.eu\/et\/produktas\/flir-cx5-soojuskaamera-ex-demo#breadcrumb"},"inLanguage":"et","potentialAction":[{"@type":"ReadAction","target":["https:\/\/www.axiomams.eu\/et\/produktas\/flir-cx5-soojuskaamera-ex-demo"]}]},{"@type":"ImageObject","inLanguage":"et","@id":"https:\/\/www.axiomams.eu\/et\/produktas\/flir-cx5-soojuskaamera-ex-demo#primaryimage","url":"https:\/\/www.axiomams.eu\/wp-content\/uploads\/2025\/10\/4679-6186.jpg","contentUrl":"https:\/\/www.axiomams.eu\/wp-content\/uploads\/2025\/10\/4679-6186.jpg","width":1287,"height":865},{"@type":"BreadcrumbList","@id":"https:\/\/www.axiomams.eu\/et\/produktas\/flir-cx5-soojuskaamera-ex-demo#breadcrumb","itemListElement":[{"@type":"ListItem","position":1,"name":"Home","item":"https:\/\/www.axiomams.eu\/et"},{"@type":"ListItem","position":2,"name":"Tooted","item":"https:\/\/www.axiomams.eu\/et\/tooted"},{"@type":"ListItem","position":3,"name":"Flir Cx5 soojuskaamera (EX-Demo)"}]},{"@type":"WebSite","@id":"https:\/\/www.axiomams.eu\/et#website","url":"https:\/\/www.axiomams.eu\/et","name":"AXIOMA MS","description":"Terrmovizoriai ir matavimo \u012franga","publisher":{"@id":"https:\/\/www.axiomams.eu\/et#organization"},"potentialAction":[{"@type":"SearchAction","target":{"@type":"EntryPoint","urlTemplate":"https:\/\/www.axiomams.eu\/et?s={search_term_string}"},"query-input":{"@type":"PropertyValueSpecification","valueRequired":true,"valueName":"search_term_string"}}],"inLanguage":"et"},{"@type":"Organization","@id":"https:\/\/www.axiomams.eu\/et#organization","name":"AXIOMA MS","url":"https:\/\/www.axiomams.eu\/et","logo":{"@type":"ImageObject","inLanguage":"et","@id":"https:\/\/www.axiomams.eu\/et#\/schema\/logo\/image\/","url":"https:\/\/www.axiomams.eu\/wp-content\/uploads\/2025\/06\/axioma-logo-2.png","contentUrl":"https:\/\/www.axiomams.eu\/wp-content\/uploads\/2025\/06\/axioma-logo-2.png","width":1200,"height":1200,"caption":"AXIOMA MS"},"image":{"@id":"https:\/\/www.axiomams.eu\/et#\/schema\/logo\/image\/"},"sameAs":["https:\/\/www.facebook.com\/AxiomaMS","https:\/\/www.linkedin.com\/company\/axiomams\/"]}]}},"_links":{"self":[{"href":"https:\/\/www.axiomams.eu\/et\/wp-json\/wp\/v2\/product\/39888","targetHints":{"allow":["GET"]}}],"collection":[{"href":"https:\/\/www.axiomams.eu\/et\/wp-json\/wp\/v2\/product"}],"about":[{"href":"https:\/\/www.axiomams.eu\/et\/wp-json\/wp\/v2\/types\/product"}],"replies":[{"embeddable":true,"href":"https:\/\/www.axiomams.eu\/et\/wp-json\/wp\/v2\/comments?post=39888"}],"wp:featuredmedia":[{"embeddable":true,"href":"https:\/\/www.axiomams.eu\/et\/wp-json\/wp\/v2\/media\/41273"}],"wp:attachment":[{"href":"https:\/\/www.axiomams.eu\/et\/wp-json\/wp\/v2\/media?parent=39888"}],"wp:term":[{"taxonomy":"product_brand","embeddable":true,"href":"https:\/\/www.axiomams.eu\/et\/wp-json\/wp\/v2\/product_brand?post=39888"},{"taxonomy":"product_cat","embeddable":true,"href":"https:\/\/www.axiomams.eu\/et\/wp-json\/wp\/v2\/product_cat?post=39888"},{"taxonomy":"product_tag","embeddable":true,"href":"https:\/\/www.axiomams.eu\/et\/wp-json\/wp\/v2\/product_tag?post=39888"}],"curies":[{"name":"wp","href":"https:\/\/api.w.org\/{rel}","templated":true}]}}