{"id":39892,"date":"2025-05-15T18:01:16","date_gmt":"2025-05-15T16:01:16","guid":{"rendered":"https:\/\/www.axiomams.eu\/produktas\/flir-k53-soojuskaamera-ex-demo"},"modified":"2026-02-02T14:28:25","modified_gmt":"2026-02-02T12:28:25","slug":"flir-k53-soojuskaamera-ex-demo","status":"publish","type":"product","link":"https:\/\/www.axiomams.eu\/et\/produktas\/flir-k53-soojuskaamera-ex-demo","title":{"rendered":"Flir K53 soojuskaamera (EX-Demo)"},"content":{"rendered":"<p>FLIR K53 soojuskaamera &#8211; v\u00f5imekas, vastupidav ja usaldusv\u00e4\u00e4rne. K53 muudab kvaliteetse soojuskujutuse k\u00e4ttesaadavamaks, et rohkem esmaabiandjaid saaksid aidata p\u00e4\u00e4sta elusid ja kaitsta vara.<br \/>\nSee kerge kaamera kinnitub h\u00f5lpsasti p\u00f6\u00f6rangute k\u00fclge ja pakub lihtsustatud juhtimisseadmeid, mida saab kasutada ka raskete kinnastega.<br \/>\nT\u00e4nu sellistele funktsioonidele nagu Flexible Scene Enhancement (FSX), h\u00f5lpsasti kasutatavatele nuppudele ja t\u00f6\u00f6v\u00f5imele temperatuuril kuni 260 \u00b0C (5 min) on K53 v\u00e4ike investeering, mis tasub suuri dividende &#8211; p\u00e4\u00e4stab elusid, kaitseb vara ja tagab tulet\u00f5rjujate ohutuse.<\/p>\n<p>Standardkomplekt: FLIR K53 infrapunakaamera, patareid, akulaadija, karabiinirihm, k\u00f5va transpordikott, toiteallikas, tr\u00fckitud dokumentatsioon, sisset\u00f5mmatav pael, USB-kaabel.<\/p>\n<p><iframe loading=\"lazy\" width=\"560\" height=\"315\" src=\"https:\/\/www.youtube.com\/embed\/iPHpFLer2yg?si=Hn70coqA_AUp3qnh\" title=\"YouTube videom\u00e4ngija\" frameborder=\"0\" allow=\"accelerometer; autoplay; clipboard-write; encrypted-media; gyroscope; picture-in-picture; web-share\" referrerpolicy=\"strict-origin-when-cross-origin\" allowfullscreen><\/iframe><\/p>\n<p><iframe loading=\"lazy\" width=\"560\" height=\"315\" src=\"https:\/\/www.youtube.com\/embed\/fEunsyGKRUY?si=87tOVF0uEy2A6_TL\" title=\"YouTube video player\" frameborder=\"0\" allow=\"accelerometer; autoplay; clipboard-write; encrypted-media; gyroscope; picture-in-picture; web-share\" referrerpolicy=\"strict-origin-when-cross-origin\" allowfullscreen><\/iframe><\/p>\n<h3>Tehniline teave:<\/h3>\n<ul>\n<li><a href=\"https:\/\/axiomams.eu\/importer\/export\/attachments\/en\/flir-kxx.pdf\" target=\"_blank\">FLIR KXX.pdf<\/a><\/li>\n<\/ul>\n","protected":false},"excerpt":{"rendered":"<p>FLIR K53 soojuskaamera &#8211; v\u00f5imekas, vastupidav ja usaldusv\u00e4\u00e4rne. K53 muudab kvaliteetse soojuskujutuse k\u00e4ttesaadavamaks, et rohkem esmaabiandjaid saaksid aidata p\u00e4\u00e4sta elusid ja kaitsta vara. See kerge kaamera kinnitub h\u00f5lpsasti p\u00f6\u00f6rangute k\u00fclge ja pakub lihtsustatud juhtimisseadmeid, mida saab kasutada ka raskete kinnastega. T\u00e4nu sellistele funktsioonidele nagu Flexible Scene Enhancement (FSX), h\u00f5lpsasti kasutatavatele nuppudele ja t\u00f6\u00f6v\u00f5imele temperatuuril kuni&#8230;<\/p>\n","protected":false},"featured_media":41281,"comment_status":"open","ping_status":"closed","template":"","meta":{"_acf_changed":false},"product_brand":[734],"product_cat":[17798],"product_tag":[],"class_list":{"0":"post-39892","1":"product","2":"type-product","3":"status-publish","4":"has-post-thumbnail","6":"product_brand-flir","7":"product_cat-tuleohutus","9":"first","10":"instock","11":"taxable","12":"shipping-taxable","13":"purchasable","14":"product-type-simple"},"acf":[],"yoast_head":"<!-- This site is optimized with the Yoast SEO plugin v27.0 - https:\/\/yoast.com\/product\/yoast-seo-wordpress\/ -->\n<title>Flir K53 soojuskaamera (EX-Demo) - AXIOMA MS<\/title>\n<meta name=\"robots\" content=\"index, follow, max-snippet:-1, max-image-preview:large, max-video-preview:-1\" \/>\n<link rel=\"canonical\" href=\"https:\/\/www.axiomams.eu\/et\/produktas\/flir-k53-soojuskaamera-ex-demo\" \/>\n<meta property=\"og:locale\" content=\"et_EE\" \/>\n<meta property=\"og:type\" content=\"article\" \/>\n<meta property=\"og:title\" content=\"Flir K53 soojuskaamera (EX-Demo) - AXIOMA MS\" \/>\n<meta property=\"og:description\" content=\"FLIR K53 soojuskaamera &#8211; v\u00f5imekas, vastupidav ja usaldusv\u00e4\u00e4rne. K53 muudab kvaliteetse soojuskujutuse k\u00e4ttesaadavamaks, et rohkem esmaabiandjaid saaksid aidata p\u00e4\u00e4sta elusid ja kaitsta vara. See kerge kaamera kinnitub h\u00f5lpsasti p\u00f6\u00f6rangute k\u00fclge ja pakub lihtsustatud juhtimisseadmeid, mida saab kasutada ka raskete kinnastega. T\u00e4nu sellistele funktsioonidele nagu Flexible Scene Enhancement (FSX), h\u00f5lpsasti kasutatavatele nuppudele ja t\u00f6\u00f6v\u00f5imele temperatuuril kuni...\" \/>\n<meta property=\"og:url\" content=\"https:\/\/www.axiomams.eu\/et\/produktas\/flir-k53-soojuskaamera-ex-demo\" \/>\n<meta property=\"og:site_name\" content=\"AXIOMA MS\" \/>\n<meta property=\"article:publisher\" content=\"https:\/\/www.facebook.com\/AxiomaMS\" \/>\n<meta property=\"article:modified_time\" content=\"2026-02-02T12:28:25+00:00\" \/>\n<meta property=\"og:image\" content=\"https:\/\/www.axiomams.eu\/wp-content\/uploads\/2025\/07\/1454-1860.jpg\" \/>\n\t<meta property=\"og:image:width\" content=\"500\" \/>\n\t<meta property=\"og:image:height\" content=\"414\" \/>\n\t<meta property=\"og:image:type\" content=\"image\/jpeg\" \/>\n<meta name=\"twitter:card\" content=\"summary_large_image\" \/>\n<meta name=\"twitter:label1\" content=\"Est. reading time\" \/>\n\t<meta name=\"twitter:data1\" content=\"1 minut\" \/>\n<script type=\"application\/ld+json\" class=\"yoast-schema-graph\">{\"@context\":\"https:\/\/schema.org\",\"@graph\":[{\"@type\":\"WebPage\",\"@id\":\"https:\/\/www.axiomams.eu\/et\/produktas\/flir-k53-soojuskaamera-ex-demo\",\"url\":\"https:\/\/www.axiomams.eu\/et\/produktas\/flir-k53-soojuskaamera-ex-demo\",\"name\":\"Flir K53 soojuskaamera (EX-Demo) - AXIOMA MS\",\"isPartOf\":{\"@id\":\"https:\/\/www.axiomams.eu\/et#website\"},\"primaryImageOfPage\":{\"@id\":\"https:\/\/www.axiomams.eu\/et\/produktas\/flir-k53-soojuskaamera-ex-demo#primaryimage\"},\"image\":{\"@id\":\"https:\/\/www.axiomams.eu\/et\/produktas\/flir-k53-soojuskaamera-ex-demo#primaryimage\"},\"thumbnailUrl\":\"https:\/\/www.axiomams.eu\/wp-content\/uploads\/2025\/07\/1454-1860.jpg\",\"datePublished\":\"2025-05-15T16:01:16+00:00\",\"dateModified\":\"2026-02-02T12:28:25+00:00\",\"breadcrumb\":{\"@id\":\"https:\/\/www.axiomams.eu\/et\/produktas\/flir-k53-soojuskaamera-ex-demo#breadcrumb\"},\"inLanguage\":\"et\",\"potentialAction\":[{\"@type\":\"ReadAction\",\"target\":[\"https:\/\/www.axiomams.eu\/et\/produktas\/flir-k53-soojuskaamera-ex-demo\"]}]},{\"@type\":\"ImageObject\",\"inLanguage\":\"et\",\"@id\":\"https:\/\/www.axiomams.eu\/et\/produktas\/flir-k53-soojuskaamera-ex-demo#primaryimage\",\"url\":\"https:\/\/www.axiomams.eu\/wp-content\/uploads\/2025\/07\/1454-1860.jpg\",\"contentUrl\":\"https:\/\/www.axiomams.eu\/wp-content\/uploads\/2025\/07\/1454-1860.jpg\",\"width\":500,\"height\":414},{\"@type\":\"BreadcrumbList\",\"@id\":\"https:\/\/www.axiomams.eu\/et\/produktas\/flir-k53-soojuskaamera-ex-demo#breadcrumb\",\"itemListElement\":[{\"@type\":\"ListItem\",\"position\":1,\"name\":\"Home\",\"item\":\"https:\/\/www.axiomams.eu\/et\"},{\"@type\":\"ListItem\",\"position\":2,\"name\":\"Tooted\",\"item\":\"https:\/\/www.axiomams.eu\/et\/tooted\"},{\"@type\":\"ListItem\",\"position\":3,\"name\":\"Flir K53 soojuskaamera (EX-Demo)\"}]},{\"@type\":\"WebSite\",\"@id\":\"https:\/\/www.axiomams.eu\/et#website\",\"url\":\"https:\/\/www.axiomams.eu\/et\",\"name\":\"AXIOMA MS\",\"description\":\"Terrmovizoriai ir matavimo \u012franga\",\"publisher\":{\"@id\":\"https:\/\/www.axiomams.eu\/et#organization\"},\"potentialAction\":[{\"@type\":\"SearchAction\",\"target\":{\"@type\":\"EntryPoint\",\"urlTemplate\":\"https:\/\/www.axiomams.eu\/et?s={search_term_string}\"},\"query-input\":{\"@type\":\"PropertyValueSpecification\",\"valueRequired\":true,\"valueName\":\"search_term_string\"}}],\"inLanguage\":\"et\"},{\"@type\":\"Organization\",\"@id\":\"https:\/\/www.axiomams.eu\/et#organization\",\"name\":\"AXIOMA MS\",\"url\":\"https:\/\/www.axiomams.eu\/et\",\"logo\":{\"@type\":\"ImageObject\",\"inLanguage\":\"et\",\"@id\":\"https:\/\/www.axiomams.eu\/et#\/schema\/logo\/image\/\",\"url\":\"https:\/\/www.axiomams.eu\/wp-content\/uploads\/2025\/06\/axioma-logo-2.png\",\"contentUrl\":\"https:\/\/www.axiomams.eu\/wp-content\/uploads\/2025\/06\/axioma-logo-2.png\",\"width\":1200,\"height\":1200,\"caption\":\"AXIOMA MS\"},\"image\":{\"@id\":\"https:\/\/www.axiomams.eu\/et#\/schema\/logo\/image\/\"},\"sameAs\":[\"https:\/\/www.facebook.com\/AxiomaMS\",\"https:\/\/www.linkedin.com\/company\/axiomams\/\"]}]}<\/script>\n<!-- \/ Yoast SEO plugin. -->","yoast_head_json":{"title":"Flir K53 soojuskaamera (EX-Demo) - AXIOMA MS","robots":{"index":"index","follow":"follow","max-snippet":"max-snippet:-1","max-image-preview":"max-image-preview:large","max-video-preview":"max-video-preview:-1"},"canonical":"https:\/\/www.axiomams.eu\/et\/produktas\/flir-k53-soojuskaamera-ex-demo","og_locale":"et_EE","og_type":"article","og_title":"Flir K53 soojuskaamera (EX-Demo) - AXIOMA MS","og_description":"FLIR K53 soojuskaamera &#8211; v\u00f5imekas, vastupidav ja usaldusv\u00e4\u00e4rne. K53 muudab kvaliteetse soojuskujutuse k\u00e4ttesaadavamaks, et rohkem esmaabiandjaid saaksid aidata p\u00e4\u00e4sta elusid ja kaitsta vara. See kerge kaamera kinnitub h\u00f5lpsasti p\u00f6\u00f6rangute k\u00fclge ja pakub lihtsustatud juhtimisseadmeid, mida saab kasutada ka raskete kinnastega. T\u00e4nu sellistele funktsioonidele nagu Flexible Scene Enhancement (FSX), h\u00f5lpsasti kasutatavatele nuppudele ja t\u00f6\u00f6v\u00f5imele temperatuuril kuni...","og_url":"https:\/\/www.axiomams.eu\/et\/produktas\/flir-k53-soojuskaamera-ex-demo","og_site_name":"AXIOMA MS","article_publisher":"https:\/\/www.facebook.com\/AxiomaMS","article_modified_time":"2026-02-02T12:28:25+00:00","og_image":[{"width":500,"height":414,"url":"https:\/\/www.axiomams.eu\/wp-content\/uploads\/2025\/07\/1454-1860.jpg","type":"image\/jpeg"}],"twitter_card":"summary_large_image","twitter_misc":{"Est. reading time":"1 minut"},"schema":{"@context":"https:\/\/schema.org","@graph":[{"@type":"WebPage","@id":"https:\/\/www.axiomams.eu\/et\/produktas\/flir-k53-soojuskaamera-ex-demo","url":"https:\/\/www.axiomams.eu\/et\/produktas\/flir-k53-soojuskaamera-ex-demo","name":"Flir K53 soojuskaamera (EX-Demo) - AXIOMA MS","isPartOf":{"@id":"https:\/\/www.axiomams.eu\/et#website"},"primaryImageOfPage":{"@id":"https:\/\/www.axiomams.eu\/et\/produktas\/flir-k53-soojuskaamera-ex-demo#primaryimage"},"image":{"@id":"https:\/\/www.axiomams.eu\/et\/produktas\/flir-k53-soojuskaamera-ex-demo#primaryimage"},"thumbnailUrl":"https:\/\/www.axiomams.eu\/wp-content\/uploads\/2025\/07\/1454-1860.jpg","datePublished":"2025-05-15T16:01:16+00:00","dateModified":"2026-02-02T12:28:25+00:00","breadcrumb":{"@id":"https:\/\/www.axiomams.eu\/et\/produktas\/flir-k53-soojuskaamera-ex-demo#breadcrumb"},"inLanguage":"et","potentialAction":[{"@type":"ReadAction","target":["https:\/\/www.axiomams.eu\/et\/produktas\/flir-k53-soojuskaamera-ex-demo"]}]},{"@type":"ImageObject","inLanguage":"et","@id":"https:\/\/www.axiomams.eu\/et\/produktas\/flir-k53-soojuskaamera-ex-demo#primaryimage","url":"https:\/\/www.axiomams.eu\/wp-content\/uploads\/2025\/07\/1454-1860.jpg","contentUrl":"https:\/\/www.axiomams.eu\/wp-content\/uploads\/2025\/07\/1454-1860.jpg","width":500,"height":414},{"@type":"BreadcrumbList","@id":"https:\/\/www.axiomams.eu\/et\/produktas\/flir-k53-soojuskaamera-ex-demo#breadcrumb","itemListElement":[{"@type":"ListItem","position":1,"name":"Home","item":"https:\/\/www.axiomams.eu\/et"},{"@type":"ListItem","position":2,"name":"Tooted","item":"https:\/\/www.axiomams.eu\/et\/tooted"},{"@type":"ListItem","position":3,"name":"Flir K53 soojuskaamera (EX-Demo)"}]},{"@type":"WebSite","@id":"https:\/\/www.axiomams.eu\/et#website","url":"https:\/\/www.axiomams.eu\/et","name":"AXIOMA MS","description":"Terrmovizoriai ir matavimo \u012franga","publisher":{"@id":"https:\/\/www.axiomams.eu\/et#organization"},"potentialAction":[{"@type":"SearchAction","target":{"@type":"EntryPoint","urlTemplate":"https:\/\/www.axiomams.eu\/et?s={search_term_string}"},"query-input":{"@type":"PropertyValueSpecification","valueRequired":true,"valueName":"search_term_string"}}],"inLanguage":"et"},{"@type":"Organization","@id":"https:\/\/www.axiomams.eu\/et#organization","name":"AXIOMA MS","url":"https:\/\/www.axiomams.eu\/et","logo":{"@type":"ImageObject","inLanguage":"et","@id":"https:\/\/www.axiomams.eu\/et#\/schema\/logo\/image\/","url":"https:\/\/www.axiomams.eu\/wp-content\/uploads\/2025\/06\/axioma-logo-2.png","contentUrl":"https:\/\/www.axiomams.eu\/wp-content\/uploads\/2025\/06\/axioma-logo-2.png","width":1200,"height":1200,"caption":"AXIOMA MS"},"image":{"@id":"https:\/\/www.axiomams.eu\/et#\/schema\/logo\/image\/"},"sameAs":["https:\/\/www.facebook.com\/AxiomaMS","https:\/\/www.linkedin.com\/company\/axiomams\/"]}]}},"_links":{"self":[{"href":"https:\/\/www.axiomams.eu\/et\/wp-json\/wp\/v2\/product\/39892","targetHints":{"allow":["GET"]}}],"collection":[{"href":"https:\/\/www.axiomams.eu\/et\/wp-json\/wp\/v2\/product"}],"about":[{"href":"https:\/\/www.axiomams.eu\/et\/wp-json\/wp\/v2\/types\/product"}],"replies":[{"embeddable":true,"href":"https:\/\/www.axiomams.eu\/et\/wp-json\/wp\/v2\/comments?post=39892"}],"wp:featuredmedia":[{"embeddable":true,"href":"https:\/\/www.axiomams.eu\/et\/wp-json\/wp\/v2\/media\/41281"}],"wp:attachment":[{"href":"https:\/\/www.axiomams.eu\/et\/wp-json\/wp\/v2\/media?parent=39892"}],"wp:term":[{"taxonomy":"product_brand","embeddable":true,"href":"https:\/\/www.axiomams.eu\/et\/wp-json\/wp\/v2\/product_brand?post=39892"},{"taxonomy":"product_cat","embeddable":true,"href":"https:\/\/www.axiomams.eu\/et\/wp-json\/wp\/v2\/product_cat?post=39892"},{"taxonomy":"product_tag","embeddable":true,"href":"https:\/\/www.axiomams.eu\/et\/wp-json\/wp\/v2\/product_tag?post=39892"}],"curies":[{"name":"wp","href":"https:\/\/api.w.org\/{rel}","templated":true}]}}