{"id":39893,"date":"2025-05-23T10:39:47","date_gmt":"2025-05-23T08:39:47","guid":{"rendered":"https:\/\/www.axiomams.eu\/produktas\/beamex-mc6-signaali-kalibraator-ex-demo"},"modified":"2026-02-02T14:28:25","modified_gmt":"2026-02-02T12:28:25","slug":"beamex-mc6-signaali-kalibraator-ex-demo","status":"publish","type":"product","link":"https:\/\/www.axiomams.eu\/et\/produktas\/beamex-mc6-signaali-kalibraator-ex-demo","title":{"rendered":"Beamex MC6 signaali kalibraator (ex-Demo)"},"content":{"rendered":"<p>Beamex MC6 &#8211; rohkem kui kalibraator!<br \/>\nBeamex\u00ae MC6 on t\u00e4iustatud, suure t\u00e4psusega kalibraator ja kommunikatsioonivahend. See pakub kalibreerimisv\u00f5imalusi r\u00f5hu, temperatuuri ja erinevate elektriliste signaalide jaoks. Kasutatavus ja kasutusmugavus on \u00fcks MC6 peamisi omadusi. Sellel on suur 5,7-tolline v\u00e4rviline puuteekraan koos mitmekeelse kasutajaliidesega.<\/p>\n<p>9270000 &#8211; MC6 Advanced Field Calibrator ja Communicator koos standardtarvikutega. Seda seadet kasutati demonstratsioonidel:<br \/>\n&#8211; Kasutusjuhend<br \/>\n&#8211; USB-kaabel<br \/>\n&#8211; K\u00e4si- ja \u00f5larihmad<br \/>\n&#8211; Sisemine Li-ion aku<br \/>\n&#8211; akulaadija<br \/>\n&#8211; Katsejuhtmed ja klambrid<br \/>\n&#8211; Baromeetrilise r\u00f5hu moodul, m\u00f5\u00f5tepiirkond: 700 mbar kuni 1200 mbar<br \/>\n&#8211; M\u00f5\u00f5dur\u00f5humoodul, m\u00f5\u00f5tepiirkond: -1 baar kuni 20 baari<br \/>\n&#8211; Hart sidev\u00f5imalus<br \/>\n&#8211; Profibus-sideseade<br \/>\n&#8211; V\u00e4lisbusside riistvaraline v\u00f5imekus<br \/>\n&#8211; Andmelogger<br \/>\n&#8211; R\u00f5hukontrolleri side<br \/>\n&#8211; pehme kandekott<br \/>\n&#8211; CMX tarkvara litsentsi v\u00f5ti \u00fchele t\u00f6\u00f6kohale<\/p>\n<h3>Tehniline teave:<\/h3>\n<ul>\n<li><a href=\"https:\/\/axiomams.eu\/importer\/export\/attachments\/en\/beamex-mc6.pdf\" target=\"_blank\">Beamex MC6.pdf<\/a><\/li>\n<\/ul>\n","protected":false},"excerpt":{"rendered":"<p>Beamex MC6 &#8211; rohkem kui kalibraator! Beamex\u00ae MC6 on t\u00e4iustatud, suure t\u00e4psusega kalibraator ja kommunikatsioonivahend. See pakub kalibreerimisv\u00f5imalusi r\u00f5hu, temperatuuri ja erinevate elektriliste signaalide jaoks. Kasutatavus ja kasutusmugavus on \u00fcks MC6 peamisi omadusi. Sellel on suur 5,7-tolline v\u00e4rviline puuteekraan koos mitmekeelse kasutajaliidesega. 9270000 &#8211; MC6 Advanced Field Calibrator ja Communicator koos standardtarvikutega. Seda seadet kasutati&#8230;<\/p>\n","protected":false},"featured_media":41283,"comment_status":"open","ping_status":"closed","template":"","meta":{"_acf_changed":false},"product_brand":[2497],"product_cat":[17811],"product_tag":[],"class_list":{"0":"post-39893","1":"product","2":"type-product","3":"status-publish","4":"has-post-thumbnail","6":"product_brand-beamex","7":"product_cat-protsessi-ja-temperatuuri-kalibreerimiseks","9":"first","10":"instock","11":"taxable","12":"shipping-taxable","13":"purchasable","14":"product-type-simple"},"acf":[],"yoast_head":"<!-- This site is optimized with the Yoast SEO plugin v27.0 - https:\/\/yoast.com\/product\/yoast-seo-wordpress\/ -->\n<title>Beamex MC6 signaali kalibraator (ex-Demo) - AXIOMA MS<\/title>\n<meta name=\"robots\" content=\"index, follow, max-snippet:-1, max-image-preview:large, max-video-preview:-1\" \/>\n<link rel=\"canonical\" href=\"https:\/\/www.axiomams.eu\/et\/produktas\/beamex-mc6-signaali-kalibraator-ex-demo\" \/>\n<meta property=\"og:locale\" content=\"et_EE\" \/>\n<meta property=\"og:type\" content=\"article\" \/>\n<meta property=\"og:title\" content=\"Beamex MC6 signaali kalibraator (ex-Demo) - AXIOMA MS\" \/>\n<meta property=\"og:description\" content=\"Beamex MC6 &#8211; rohkem kui kalibraator! Beamex\u00ae MC6 on t\u00e4iustatud, suure t\u00e4psusega kalibraator ja kommunikatsioonivahend. See pakub kalibreerimisv\u00f5imalusi r\u00f5hu, temperatuuri ja erinevate elektriliste signaalide jaoks. Kasutatavus ja kasutusmugavus on \u00fcks MC6 peamisi omadusi. Sellel on suur 5,7-tolline v\u00e4rviline puuteekraan koos mitmekeelse kasutajaliidesega. 9270000 &#8211; MC6 Advanced Field Calibrator ja Communicator koos standardtarvikutega. Seda seadet kasutati...\" \/>\n<meta property=\"og:url\" content=\"https:\/\/www.axiomams.eu\/et\/produktas\/beamex-mc6-signaali-kalibraator-ex-demo\" \/>\n<meta property=\"og:site_name\" content=\"AXIOMA MS\" \/>\n<meta property=\"article:publisher\" content=\"https:\/\/www.facebook.com\/AxiomaMS\" \/>\n<meta property=\"article:modified_time\" content=\"2026-02-02T12:28:25+00:00\" \/>\n<meta property=\"og:image\" content=\"https:\/\/www.axiomams.eu\/wp-content\/uploads\/2025\/07\/225-2482.jpg\" \/>\n\t<meta property=\"og:image:width\" content=\"800\" \/>\n\t<meta property=\"og:image:height\" content=\"727\" \/>\n\t<meta property=\"og:image:type\" content=\"image\/jpeg\" \/>\n<meta name=\"twitter:card\" content=\"summary_large_image\" \/>\n<meta name=\"twitter:label1\" content=\"Est. reading time\" \/>\n\t<meta name=\"twitter:data1\" content=\"1 minut\" \/>\n<script type=\"application\/ld+json\" class=\"yoast-schema-graph\">{\"@context\":\"https:\/\/schema.org\",\"@graph\":[{\"@type\":\"WebPage\",\"@id\":\"https:\/\/www.axiomams.eu\/et\/produktas\/beamex-mc6-signaali-kalibraator-ex-demo\",\"url\":\"https:\/\/www.axiomams.eu\/et\/produktas\/beamex-mc6-signaali-kalibraator-ex-demo\",\"name\":\"Beamex MC6 signaali kalibraator (ex-Demo) - AXIOMA MS\",\"isPartOf\":{\"@id\":\"https:\/\/www.axiomams.eu\/et#website\"},\"primaryImageOfPage\":{\"@id\":\"https:\/\/www.axiomams.eu\/et\/produktas\/beamex-mc6-signaali-kalibraator-ex-demo#primaryimage\"},\"image\":{\"@id\":\"https:\/\/www.axiomams.eu\/et\/produktas\/beamex-mc6-signaali-kalibraator-ex-demo#primaryimage\"},\"thumbnailUrl\":\"https:\/\/www.axiomams.eu\/wp-content\/uploads\/2025\/07\/225-2482.jpg\",\"datePublished\":\"2025-05-23T08:39:47+00:00\",\"dateModified\":\"2026-02-02T12:28:25+00:00\",\"breadcrumb\":{\"@id\":\"https:\/\/www.axiomams.eu\/et\/produktas\/beamex-mc6-signaali-kalibraator-ex-demo#breadcrumb\"},\"inLanguage\":\"et\",\"potentialAction\":[{\"@type\":\"ReadAction\",\"target\":[\"https:\/\/www.axiomams.eu\/et\/produktas\/beamex-mc6-signaali-kalibraator-ex-demo\"]}]},{\"@type\":\"ImageObject\",\"inLanguage\":\"et\",\"@id\":\"https:\/\/www.axiomams.eu\/et\/produktas\/beamex-mc6-signaali-kalibraator-ex-demo#primaryimage\",\"url\":\"https:\/\/www.axiomams.eu\/wp-content\/uploads\/2025\/07\/225-2482.jpg\",\"contentUrl\":\"https:\/\/www.axiomams.eu\/wp-content\/uploads\/2025\/07\/225-2482.jpg\",\"width\":800,\"height\":727},{\"@type\":\"BreadcrumbList\",\"@id\":\"https:\/\/www.axiomams.eu\/et\/produktas\/beamex-mc6-signaali-kalibraator-ex-demo#breadcrumb\",\"itemListElement\":[{\"@type\":\"ListItem\",\"position\":1,\"name\":\"Home\",\"item\":\"https:\/\/www.axiomams.eu\/et\"},{\"@type\":\"ListItem\",\"position\":2,\"name\":\"Tooted\",\"item\":\"https:\/\/www.axiomams.eu\/et\/tooted\"},{\"@type\":\"ListItem\",\"position\":3,\"name\":\"Beamex MC6 signaali kalibraator (ex-Demo)\"}]},{\"@type\":\"WebSite\",\"@id\":\"https:\/\/www.axiomams.eu\/et#website\",\"url\":\"https:\/\/www.axiomams.eu\/et\",\"name\":\"AXIOMA MS\",\"description\":\"Terrmovizoriai ir matavimo \u012franga\",\"publisher\":{\"@id\":\"https:\/\/www.axiomams.eu\/et#organization\"},\"potentialAction\":[{\"@type\":\"SearchAction\",\"target\":{\"@type\":\"EntryPoint\",\"urlTemplate\":\"https:\/\/www.axiomams.eu\/et?s={search_term_string}\"},\"query-input\":{\"@type\":\"PropertyValueSpecification\",\"valueRequired\":true,\"valueName\":\"search_term_string\"}}],\"inLanguage\":\"et\"},{\"@type\":\"Organization\",\"@id\":\"https:\/\/www.axiomams.eu\/et#organization\",\"name\":\"AXIOMA MS\",\"url\":\"https:\/\/www.axiomams.eu\/et\",\"logo\":{\"@type\":\"ImageObject\",\"inLanguage\":\"et\",\"@id\":\"https:\/\/www.axiomams.eu\/et#\/schema\/logo\/image\/\",\"url\":\"https:\/\/www.axiomams.eu\/wp-content\/uploads\/2025\/06\/axioma-logo-2.png\",\"contentUrl\":\"https:\/\/www.axiomams.eu\/wp-content\/uploads\/2025\/06\/axioma-logo-2.png\",\"width\":1200,\"height\":1200,\"caption\":\"AXIOMA MS\"},\"image\":{\"@id\":\"https:\/\/www.axiomams.eu\/et#\/schema\/logo\/image\/\"},\"sameAs\":[\"https:\/\/www.facebook.com\/AxiomaMS\",\"https:\/\/www.linkedin.com\/company\/axiomams\/\"]}]}<\/script>\n<!-- \/ Yoast SEO plugin. -->","yoast_head_json":{"title":"Beamex MC6 signaali kalibraator (ex-Demo) - AXIOMA MS","robots":{"index":"index","follow":"follow","max-snippet":"max-snippet:-1","max-image-preview":"max-image-preview:large","max-video-preview":"max-video-preview:-1"},"canonical":"https:\/\/www.axiomams.eu\/et\/produktas\/beamex-mc6-signaali-kalibraator-ex-demo","og_locale":"et_EE","og_type":"article","og_title":"Beamex MC6 signaali kalibraator (ex-Demo) - AXIOMA MS","og_description":"Beamex MC6 &#8211; rohkem kui kalibraator! Beamex\u00ae MC6 on t\u00e4iustatud, suure t\u00e4psusega kalibraator ja kommunikatsioonivahend. See pakub kalibreerimisv\u00f5imalusi r\u00f5hu, temperatuuri ja erinevate elektriliste signaalide jaoks. Kasutatavus ja kasutusmugavus on \u00fcks MC6 peamisi omadusi. Sellel on suur 5,7-tolline v\u00e4rviline puuteekraan koos mitmekeelse kasutajaliidesega. 9270000 &#8211; MC6 Advanced Field Calibrator ja Communicator koos standardtarvikutega. Seda seadet kasutati...","og_url":"https:\/\/www.axiomams.eu\/et\/produktas\/beamex-mc6-signaali-kalibraator-ex-demo","og_site_name":"AXIOMA MS","article_publisher":"https:\/\/www.facebook.com\/AxiomaMS","article_modified_time":"2026-02-02T12:28:25+00:00","og_image":[{"width":800,"height":727,"url":"https:\/\/www.axiomams.eu\/wp-content\/uploads\/2025\/07\/225-2482.jpg","type":"image\/jpeg"}],"twitter_card":"summary_large_image","twitter_misc":{"Est. reading time":"1 minut"},"schema":{"@context":"https:\/\/schema.org","@graph":[{"@type":"WebPage","@id":"https:\/\/www.axiomams.eu\/et\/produktas\/beamex-mc6-signaali-kalibraator-ex-demo","url":"https:\/\/www.axiomams.eu\/et\/produktas\/beamex-mc6-signaali-kalibraator-ex-demo","name":"Beamex MC6 signaali kalibraator (ex-Demo) - AXIOMA MS","isPartOf":{"@id":"https:\/\/www.axiomams.eu\/et#website"},"primaryImageOfPage":{"@id":"https:\/\/www.axiomams.eu\/et\/produktas\/beamex-mc6-signaali-kalibraator-ex-demo#primaryimage"},"image":{"@id":"https:\/\/www.axiomams.eu\/et\/produktas\/beamex-mc6-signaali-kalibraator-ex-demo#primaryimage"},"thumbnailUrl":"https:\/\/www.axiomams.eu\/wp-content\/uploads\/2025\/07\/225-2482.jpg","datePublished":"2025-05-23T08:39:47+00:00","dateModified":"2026-02-02T12:28:25+00:00","breadcrumb":{"@id":"https:\/\/www.axiomams.eu\/et\/produktas\/beamex-mc6-signaali-kalibraator-ex-demo#breadcrumb"},"inLanguage":"et","potentialAction":[{"@type":"ReadAction","target":["https:\/\/www.axiomams.eu\/et\/produktas\/beamex-mc6-signaali-kalibraator-ex-demo"]}]},{"@type":"ImageObject","inLanguage":"et","@id":"https:\/\/www.axiomams.eu\/et\/produktas\/beamex-mc6-signaali-kalibraator-ex-demo#primaryimage","url":"https:\/\/www.axiomams.eu\/wp-content\/uploads\/2025\/07\/225-2482.jpg","contentUrl":"https:\/\/www.axiomams.eu\/wp-content\/uploads\/2025\/07\/225-2482.jpg","width":800,"height":727},{"@type":"BreadcrumbList","@id":"https:\/\/www.axiomams.eu\/et\/produktas\/beamex-mc6-signaali-kalibraator-ex-demo#breadcrumb","itemListElement":[{"@type":"ListItem","position":1,"name":"Home","item":"https:\/\/www.axiomams.eu\/et"},{"@type":"ListItem","position":2,"name":"Tooted","item":"https:\/\/www.axiomams.eu\/et\/tooted"},{"@type":"ListItem","position":3,"name":"Beamex MC6 signaali kalibraator (ex-Demo)"}]},{"@type":"WebSite","@id":"https:\/\/www.axiomams.eu\/et#website","url":"https:\/\/www.axiomams.eu\/et","name":"AXIOMA MS","description":"Terrmovizoriai ir matavimo \u012franga","publisher":{"@id":"https:\/\/www.axiomams.eu\/et#organization"},"potentialAction":[{"@type":"SearchAction","target":{"@type":"EntryPoint","urlTemplate":"https:\/\/www.axiomams.eu\/et?s={search_term_string}"},"query-input":{"@type":"PropertyValueSpecification","valueRequired":true,"valueName":"search_term_string"}}],"inLanguage":"et"},{"@type":"Organization","@id":"https:\/\/www.axiomams.eu\/et#organization","name":"AXIOMA MS","url":"https:\/\/www.axiomams.eu\/et","logo":{"@type":"ImageObject","inLanguage":"et","@id":"https:\/\/www.axiomams.eu\/et#\/schema\/logo\/image\/","url":"https:\/\/www.axiomams.eu\/wp-content\/uploads\/2025\/06\/axioma-logo-2.png","contentUrl":"https:\/\/www.axiomams.eu\/wp-content\/uploads\/2025\/06\/axioma-logo-2.png","width":1200,"height":1200,"caption":"AXIOMA MS"},"image":{"@id":"https:\/\/www.axiomams.eu\/et#\/schema\/logo\/image\/"},"sameAs":["https:\/\/www.facebook.com\/AxiomaMS","https:\/\/www.linkedin.com\/company\/axiomams\/"]}]}},"_links":{"self":[{"href":"https:\/\/www.axiomams.eu\/et\/wp-json\/wp\/v2\/product\/39893","targetHints":{"allow":["GET"]}}],"collection":[{"href":"https:\/\/www.axiomams.eu\/et\/wp-json\/wp\/v2\/product"}],"about":[{"href":"https:\/\/www.axiomams.eu\/et\/wp-json\/wp\/v2\/types\/product"}],"replies":[{"embeddable":true,"href":"https:\/\/www.axiomams.eu\/et\/wp-json\/wp\/v2\/comments?post=39893"}],"wp:featuredmedia":[{"embeddable":true,"href":"https:\/\/www.axiomams.eu\/et\/wp-json\/wp\/v2\/media\/41283"}],"wp:attachment":[{"href":"https:\/\/www.axiomams.eu\/et\/wp-json\/wp\/v2\/media?parent=39893"}],"wp:term":[{"taxonomy":"product_brand","embeddable":true,"href":"https:\/\/www.axiomams.eu\/et\/wp-json\/wp\/v2\/product_brand?post=39893"},{"taxonomy":"product_cat","embeddable":true,"href":"https:\/\/www.axiomams.eu\/et\/wp-json\/wp\/v2\/product_cat?post=39893"},{"taxonomy":"product_tag","embeddable":true,"href":"https:\/\/www.axiomams.eu\/et\/wp-json\/wp\/v2\/product_tag?post=39893"}],"curies":[{"name":"wp","href":"https:\/\/api.w.org\/{rel}","templated":true}]}}