{"id":39898,"date":"2025-06-12T16:12:24","date_gmt":"2025-06-12T14:12:24","guid":{"rendered":"https:\/\/www.axiomams.eu\/produktas\/flir-scout-iii-640-soojuskaamera-ex-demo"},"modified":"2026-02-02T14:28:29","modified_gmt":"2026-02-02T12:28:29","slug":"flir-scout-iii-640-soojuskaamera-ex-demo","status":"publish","type":"product","link":"https:\/\/www.axiomams.eu\/et\/produktas\/flir-scout-iii-640-soojuskaamera-ex-demo","title":{"rendered":"Flir Scout III 640 soojuskaamera (ex-Demo)"},"content":{"rendered":"<p>Scout III 640 v\u00f5imaldab t\u00e4nu oma v\u00e4ikesele kujule, kergele kaalule ja v\u00f5imsale pildile skaneerida suuri keskkonnaalasid pika aja jooksul ilma k\u00e4te v\u00e4simuseta. Sirgjooneline t\u00f6\u00f6 tagab, et saate vajaliku visuaalse teabe saamiseks loota sellele nii p\u00e4eval kui ka \u00f6\u00f6sel, samal ajal kui keskendute t\u00e4htsamatele asjadele.<br \/>\nNagu k\u00f5ik FLIRi soojuskaamerad, loob ka Scout II-seeria kaamera pilte soojusest, mitte valgusest, mis annab teile looduses taktikalise eelise. Saate navigeerida ebatasasel maastikul, et leida &#8220;ideaalne koht&#8221; h\u00e4maruses, enne koidikut ja isegi siis, kui v\u00e4ljas on pime. Saate avastada \u00f6iseid loomi, leida oma r\u00fchma eksinud liikmeid, leida kadunud kariloomi v\u00f5i tabatud ulukit. Scouti saate kasutada, et n\u00e4ha l\u00e4bi kerge udu, suitsu v\u00f5i j\u00e4ljetolmu, ja seda saab kasutada isegi oma kodu isoleerimiseks, \u00f6\u00f6sel toimuva kontrollimiseks ja palju muud.<\/p>\n<p>Standardkomplekt: k\u00e4eshoitav \u00f6\u00f6n\u00e4gemiskaamera, randmerihm, USB-kaabel, molle-kott, kasutusjuhend.<\/p>\n<h3>Tehniline teave:<\/h3>\n<ul>\n<li><a href=\"https:\/\/axiomams.eu\/importer\/export\/attachments\/en\/scout-iii-sell-sheet.pdf\" target=\"_blank\">SCOUT-III-sell-sheet.pdf<\/a><\/li>\n<\/ul>\n","protected":false},"excerpt":{"rendered":"<p>Scout III 640 v\u00f5imaldab t\u00e4nu oma v\u00e4ikesele kujule, kergele kaalule ja v\u00f5imsale pildile skaneerida suuri keskkonnaalasid pika aja jooksul ilma k\u00e4te v\u00e4simuseta. Sirgjooneline t\u00f6\u00f6 tagab, et saate vajaliku visuaalse teabe saamiseks loota sellele nii p\u00e4eval kui ka \u00f6\u00f6sel, samal ajal kui keskendute t\u00e4htsamatele asjadele. Nagu k\u00f5ik FLIRi soojuskaamerad, loob ka Scout II-seeria kaamera pilte soojusest,&#8230;<\/p>\n","protected":false},"featured_media":41293,"comment_status":"open","ping_status":"closed","template":"","meta":{"_acf_changed":false},"product_brand":[734],"product_cat":[17799],"product_tag":[],"class_list":{"0":"post-39898","1":"product","2":"type-product","3":"status-publish","4":"has-post-thumbnail","6":"product_brand-flir","7":"product_cat-jahindamiseks-ja-vaatlemiseks","9":"first","10":"instock","11":"taxable","12":"shipping-taxable","13":"purchasable","14":"product-type-simple"},"acf":[],"yoast_head":"<!-- This site is optimized with the Yoast SEO plugin v27.0 - https:\/\/yoast.com\/product\/yoast-seo-wordpress\/ -->\n<title>Flir Scout III 640 soojuskaamera (ex-Demo) - AXIOMA MS<\/title>\n<meta name=\"robots\" content=\"index, follow, max-snippet:-1, max-image-preview:large, max-video-preview:-1\" \/>\n<link rel=\"canonical\" href=\"https:\/\/www.axiomams.eu\/et\/produktas\/flir-scout-iii-640-soojuskaamera-ex-demo\" \/>\n<meta property=\"og:locale\" content=\"et_EE\" \/>\n<meta property=\"og:type\" content=\"article\" \/>\n<meta property=\"og:title\" content=\"Flir Scout III 640 soojuskaamera (ex-Demo) - AXIOMA MS\" \/>\n<meta property=\"og:description\" content=\"Scout III 640 v\u00f5imaldab t\u00e4nu oma v\u00e4ikesele kujule, kergele kaalule ja v\u00f5imsale pildile skaneerida suuri keskkonnaalasid pika aja jooksul ilma k\u00e4te v\u00e4simuseta. Sirgjooneline t\u00f6\u00f6 tagab, et saate vajaliku visuaalse teabe saamiseks loota sellele nii p\u00e4eval kui ka \u00f6\u00f6sel, samal ajal kui keskendute t\u00e4htsamatele asjadele. Nagu k\u00f5ik FLIRi soojuskaamerad, loob ka Scout II-seeria kaamera pilte soojusest,...\" \/>\n<meta property=\"og:url\" content=\"https:\/\/www.axiomams.eu\/et\/produktas\/flir-scout-iii-640-soojuskaamera-ex-demo\" \/>\n<meta property=\"og:site_name\" content=\"AXIOMA MS\" \/>\n<meta property=\"article:publisher\" content=\"https:\/\/www.facebook.com\/AxiomaMS\" \/>\n<meta property=\"article:modified_time\" content=\"2026-02-02T12:28:29+00:00\" \/>\n<meta property=\"og:image\" content=\"https:\/\/www.axiomams.eu\/wp-content\/uploads\/2025\/07\/1996-3010.jpg\" \/>\n\t<meta property=\"og:image:width\" content=\"1122\" \/>\n\t<meta property=\"og:image:height\" content=\"1020\" \/>\n\t<meta property=\"og:image:type\" content=\"image\/jpeg\" \/>\n<meta name=\"twitter:card\" content=\"summary_large_image\" \/>\n<meta name=\"twitter:label1\" content=\"Est. reading time\" \/>\n\t<meta name=\"twitter:data1\" content=\"1 minut\" \/>\n<script type=\"application\/ld+json\" class=\"yoast-schema-graph\">{\"@context\":\"https:\/\/schema.org\",\"@graph\":[{\"@type\":\"WebPage\",\"@id\":\"https:\/\/www.axiomams.eu\/et\/produktas\/flir-scout-iii-640-soojuskaamera-ex-demo\",\"url\":\"https:\/\/www.axiomams.eu\/et\/produktas\/flir-scout-iii-640-soojuskaamera-ex-demo\",\"name\":\"Flir Scout III 640 soojuskaamera (ex-Demo) - AXIOMA MS\",\"isPartOf\":{\"@id\":\"https:\/\/www.axiomams.eu\/et#website\"},\"primaryImageOfPage\":{\"@id\":\"https:\/\/www.axiomams.eu\/et\/produktas\/flir-scout-iii-640-soojuskaamera-ex-demo#primaryimage\"},\"image\":{\"@id\":\"https:\/\/www.axiomams.eu\/et\/produktas\/flir-scout-iii-640-soojuskaamera-ex-demo#primaryimage\"},\"thumbnailUrl\":\"https:\/\/www.axiomams.eu\/wp-content\/uploads\/2025\/07\/1996-3010.jpg\",\"datePublished\":\"2025-06-12T14:12:24+00:00\",\"dateModified\":\"2026-02-02T12:28:29+00:00\",\"breadcrumb\":{\"@id\":\"https:\/\/www.axiomams.eu\/et\/produktas\/flir-scout-iii-640-soojuskaamera-ex-demo#breadcrumb\"},\"inLanguage\":\"et\",\"potentialAction\":[{\"@type\":\"ReadAction\",\"target\":[\"https:\/\/www.axiomams.eu\/et\/produktas\/flir-scout-iii-640-soojuskaamera-ex-demo\"]}]},{\"@type\":\"ImageObject\",\"inLanguage\":\"et\",\"@id\":\"https:\/\/www.axiomams.eu\/et\/produktas\/flir-scout-iii-640-soojuskaamera-ex-demo#primaryimage\",\"url\":\"https:\/\/www.axiomams.eu\/wp-content\/uploads\/2025\/07\/1996-3010.jpg\",\"contentUrl\":\"https:\/\/www.axiomams.eu\/wp-content\/uploads\/2025\/07\/1996-3010.jpg\",\"width\":1122,\"height\":1020},{\"@type\":\"BreadcrumbList\",\"@id\":\"https:\/\/www.axiomams.eu\/et\/produktas\/flir-scout-iii-640-soojuskaamera-ex-demo#breadcrumb\",\"itemListElement\":[{\"@type\":\"ListItem\",\"position\":1,\"name\":\"Home\",\"item\":\"https:\/\/www.axiomams.eu\/et\"},{\"@type\":\"ListItem\",\"position\":2,\"name\":\"Tooted\",\"item\":\"https:\/\/www.axiomams.eu\/et\/tooted\"},{\"@type\":\"ListItem\",\"position\":3,\"name\":\"Flir Scout III 640 soojuskaamera (ex-Demo)\"}]},{\"@type\":\"WebSite\",\"@id\":\"https:\/\/www.axiomams.eu\/et#website\",\"url\":\"https:\/\/www.axiomams.eu\/et\",\"name\":\"AXIOMA MS\",\"description\":\"Terrmovizoriai ir matavimo \u012franga\",\"publisher\":{\"@id\":\"https:\/\/www.axiomams.eu\/et#organization\"},\"potentialAction\":[{\"@type\":\"SearchAction\",\"target\":{\"@type\":\"EntryPoint\",\"urlTemplate\":\"https:\/\/www.axiomams.eu\/et?s={search_term_string}\"},\"query-input\":{\"@type\":\"PropertyValueSpecification\",\"valueRequired\":true,\"valueName\":\"search_term_string\"}}],\"inLanguage\":\"et\"},{\"@type\":\"Organization\",\"@id\":\"https:\/\/www.axiomams.eu\/et#organization\",\"name\":\"AXIOMA MS\",\"url\":\"https:\/\/www.axiomams.eu\/et\",\"logo\":{\"@type\":\"ImageObject\",\"inLanguage\":\"et\",\"@id\":\"https:\/\/www.axiomams.eu\/et#\/schema\/logo\/image\/\",\"url\":\"https:\/\/www.axiomams.eu\/wp-content\/uploads\/2025\/06\/axioma-logo-2.png\",\"contentUrl\":\"https:\/\/www.axiomams.eu\/wp-content\/uploads\/2025\/06\/axioma-logo-2.png\",\"width\":1200,\"height\":1200,\"caption\":\"AXIOMA MS\"},\"image\":{\"@id\":\"https:\/\/www.axiomams.eu\/et#\/schema\/logo\/image\/\"},\"sameAs\":[\"https:\/\/www.facebook.com\/AxiomaMS\",\"https:\/\/www.linkedin.com\/company\/axiomams\/\"]}]}<\/script>\n<!-- \/ Yoast SEO plugin. -->","yoast_head_json":{"title":"Flir Scout III 640 soojuskaamera (ex-Demo) - AXIOMA MS","robots":{"index":"index","follow":"follow","max-snippet":"max-snippet:-1","max-image-preview":"max-image-preview:large","max-video-preview":"max-video-preview:-1"},"canonical":"https:\/\/www.axiomams.eu\/et\/produktas\/flir-scout-iii-640-soojuskaamera-ex-demo","og_locale":"et_EE","og_type":"article","og_title":"Flir Scout III 640 soojuskaamera (ex-Demo) - AXIOMA MS","og_description":"Scout III 640 v\u00f5imaldab t\u00e4nu oma v\u00e4ikesele kujule, kergele kaalule ja v\u00f5imsale pildile skaneerida suuri keskkonnaalasid pika aja jooksul ilma k\u00e4te v\u00e4simuseta. Sirgjooneline t\u00f6\u00f6 tagab, et saate vajaliku visuaalse teabe saamiseks loota sellele nii p\u00e4eval kui ka \u00f6\u00f6sel, samal ajal kui keskendute t\u00e4htsamatele asjadele. Nagu k\u00f5ik FLIRi soojuskaamerad, loob ka Scout II-seeria kaamera pilte soojusest,...","og_url":"https:\/\/www.axiomams.eu\/et\/produktas\/flir-scout-iii-640-soojuskaamera-ex-demo","og_site_name":"AXIOMA MS","article_publisher":"https:\/\/www.facebook.com\/AxiomaMS","article_modified_time":"2026-02-02T12:28:29+00:00","og_image":[{"width":1122,"height":1020,"url":"https:\/\/www.axiomams.eu\/wp-content\/uploads\/2025\/07\/1996-3010.jpg","type":"image\/jpeg"}],"twitter_card":"summary_large_image","twitter_misc":{"Est. reading time":"1 minut"},"schema":{"@context":"https:\/\/schema.org","@graph":[{"@type":"WebPage","@id":"https:\/\/www.axiomams.eu\/et\/produktas\/flir-scout-iii-640-soojuskaamera-ex-demo","url":"https:\/\/www.axiomams.eu\/et\/produktas\/flir-scout-iii-640-soojuskaamera-ex-demo","name":"Flir Scout III 640 soojuskaamera (ex-Demo) - AXIOMA MS","isPartOf":{"@id":"https:\/\/www.axiomams.eu\/et#website"},"primaryImageOfPage":{"@id":"https:\/\/www.axiomams.eu\/et\/produktas\/flir-scout-iii-640-soojuskaamera-ex-demo#primaryimage"},"image":{"@id":"https:\/\/www.axiomams.eu\/et\/produktas\/flir-scout-iii-640-soojuskaamera-ex-demo#primaryimage"},"thumbnailUrl":"https:\/\/www.axiomams.eu\/wp-content\/uploads\/2025\/07\/1996-3010.jpg","datePublished":"2025-06-12T14:12:24+00:00","dateModified":"2026-02-02T12:28:29+00:00","breadcrumb":{"@id":"https:\/\/www.axiomams.eu\/et\/produktas\/flir-scout-iii-640-soojuskaamera-ex-demo#breadcrumb"},"inLanguage":"et","potentialAction":[{"@type":"ReadAction","target":["https:\/\/www.axiomams.eu\/et\/produktas\/flir-scout-iii-640-soojuskaamera-ex-demo"]}]},{"@type":"ImageObject","inLanguage":"et","@id":"https:\/\/www.axiomams.eu\/et\/produktas\/flir-scout-iii-640-soojuskaamera-ex-demo#primaryimage","url":"https:\/\/www.axiomams.eu\/wp-content\/uploads\/2025\/07\/1996-3010.jpg","contentUrl":"https:\/\/www.axiomams.eu\/wp-content\/uploads\/2025\/07\/1996-3010.jpg","width":1122,"height":1020},{"@type":"BreadcrumbList","@id":"https:\/\/www.axiomams.eu\/et\/produktas\/flir-scout-iii-640-soojuskaamera-ex-demo#breadcrumb","itemListElement":[{"@type":"ListItem","position":1,"name":"Home","item":"https:\/\/www.axiomams.eu\/et"},{"@type":"ListItem","position":2,"name":"Tooted","item":"https:\/\/www.axiomams.eu\/et\/tooted"},{"@type":"ListItem","position":3,"name":"Flir Scout III 640 soojuskaamera (ex-Demo)"}]},{"@type":"WebSite","@id":"https:\/\/www.axiomams.eu\/et#website","url":"https:\/\/www.axiomams.eu\/et","name":"AXIOMA MS","description":"Terrmovizoriai ir matavimo \u012franga","publisher":{"@id":"https:\/\/www.axiomams.eu\/et#organization"},"potentialAction":[{"@type":"SearchAction","target":{"@type":"EntryPoint","urlTemplate":"https:\/\/www.axiomams.eu\/et?s={search_term_string}"},"query-input":{"@type":"PropertyValueSpecification","valueRequired":true,"valueName":"search_term_string"}}],"inLanguage":"et"},{"@type":"Organization","@id":"https:\/\/www.axiomams.eu\/et#organization","name":"AXIOMA MS","url":"https:\/\/www.axiomams.eu\/et","logo":{"@type":"ImageObject","inLanguage":"et","@id":"https:\/\/www.axiomams.eu\/et#\/schema\/logo\/image\/","url":"https:\/\/www.axiomams.eu\/wp-content\/uploads\/2025\/06\/axioma-logo-2.png","contentUrl":"https:\/\/www.axiomams.eu\/wp-content\/uploads\/2025\/06\/axioma-logo-2.png","width":1200,"height":1200,"caption":"AXIOMA MS"},"image":{"@id":"https:\/\/www.axiomams.eu\/et#\/schema\/logo\/image\/"},"sameAs":["https:\/\/www.facebook.com\/AxiomaMS","https:\/\/www.linkedin.com\/company\/axiomams\/"]}]}},"_links":{"self":[{"href":"https:\/\/www.axiomams.eu\/et\/wp-json\/wp\/v2\/product\/39898","targetHints":{"allow":["GET"]}}],"collection":[{"href":"https:\/\/www.axiomams.eu\/et\/wp-json\/wp\/v2\/product"}],"about":[{"href":"https:\/\/www.axiomams.eu\/et\/wp-json\/wp\/v2\/types\/product"}],"replies":[{"embeddable":true,"href":"https:\/\/www.axiomams.eu\/et\/wp-json\/wp\/v2\/comments?post=39898"}],"wp:featuredmedia":[{"embeddable":true,"href":"https:\/\/www.axiomams.eu\/et\/wp-json\/wp\/v2\/media\/41293"}],"wp:attachment":[{"href":"https:\/\/www.axiomams.eu\/et\/wp-json\/wp\/v2\/media?parent=39898"}],"wp:term":[{"taxonomy":"product_brand","embeddable":true,"href":"https:\/\/www.axiomams.eu\/et\/wp-json\/wp\/v2\/product_brand?post=39898"},{"taxonomy":"product_cat","embeddable":true,"href":"https:\/\/www.axiomams.eu\/et\/wp-json\/wp\/v2\/product_cat?post=39898"},{"taxonomy":"product_tag","embeddable":true,"href":"https:\/\/www.axiomams.eu\/et\/wp-json\/wp\/v2\/product_tag?post=39898"}],"curies":[{"name":"wp","href":"https:\/\/api.w.org\/{rel}","templated":true}]}}