{"id":39910,"date":"2025-05-15T17:55:17","date_gmt":"2025-05-15T15:55:17","guid":{"rendered":"https:\/\/www.axiomams.eu\/produktas\/hioki-bt3554-52-aku-tester"},"modified":"2026-02-02T14:28:33","modified_gmt":"2026-02-02T12:28:33","slug":"hioki-bt3554-52-aku-tester","status":"publish","type":"product","link":"https:\/\/www.axiomams.eu\/et\/produktas\/hioki-bt3554-52-aku-tester","title":{"rendered":"HIOKI BT3554-52 aku tester"},"content":{"rendered":"<p>HIOKI BT3554-52 aku tester m\u00e4\u00e4rab pliiakude tervise, m\u00f5\u00f5tes k\u00f5ige olulisemaid aku parameetreid. BT3554-52 on v\u00e4ike, kerge ja v\u00e4ga kiire. Need omadused v\u00f5imaldavad operaatoril v\u00f5tta tester k\u00f5ikjale kaasa ja teha m\u00f5\u00f5tmisi vaid m\u00f5ne sekundiga. T\u00e4nu Kelvini t\u00fc\u00fcpi sondidele on m\u00f5\u00f5tmised alati t\u00e4psed.<\/p>\n<p>Standardkomplekt: HIOKI BT3554-52 akutester, nulli reguleerimisplaat, kasutusjuhend, rakendustarkvara CD, kandekott, LR6 (AA) leelispatareid, varusulavka, USB-kaabel, kaelarihm, juhtmed (L2020).<\/p>\n<p><iframe loading=\"lazy\" width=\"560\" height=\"315\" src=\"https:\/\/www.youtube.com\/embed\/TWjURNN7RQE?si=KIlAuhbtfc575iXa\" title=\"YouTube videopleier\" frameborder=\"0\" allow=\"accelerometer; autoplay; clipboard-write; encrypted-media; gyroscope; picture-in-picture; web-share\" referrerpolicy=\"strict-origin-when-cross-origin\" allowfullscreen><\/iframe><\/p>\n<h3>Tehniline teave:<\/h3>\n<ul>\n<li><a href=\"https:\/\/axiomams.eu\/importer\/export\/attachments\/en\/hioki-bt3554-52.pdf\" target=\"_blank\">Hioki BT3554-52.pdf<\/a><\/li>\n<\/ul>\n","protected":false},"excerpt":{"rendered":"<p>HIOKI BT3554-52 aku tester m\u00e4\u00e4rab pliiakude tervise, m\u00f5\u00f5tes k\u00f5ige olulisemaid aku parameetreid. BT3554-52 on v\u00e4ike, kerge ja v\u00e4ga kiire. Need omadused v\u00f5imaldavad operaatoril v\u00f5tta tester k\u00f5ikjale kaasa ja teha m\u00f5\u00f5tmisi vaid m\u00f5ne sekundiga. T\u00e4nu Kelvini t\u00fc\u00fcpi sondidele on m\u00f5\u00f5tmised alati t\u00e4psed. Standardkomplekt: HIOKI BT3554-52 akutester, nulli reguleerimisplaat, kasutusjuhend, rakendustarkvara CD, kandekott, LR6 (AA) leelispatareid, varusulavka,&#8230;<\/p>\n","protected":false},"featured_media":41317,"comment_status":"open","ping_status":"closed","template":"","meta":{"_acf_changed":false},"product_brand":[1112],"product_cat":[17816],"product_tag":[],"class_list":{"0":"post-39910","1":"product","2":"type-product","3":"status-publish","4":"has-post-thumbnail","6":"product_brand-hioki","7":"product_cat-aku-kontrollimiseks-ja-testimiseks","9":"first","10":"instock","11":"taxable","12":"shipping-taxable","13":"purchasable","14":"product-type-simple"},"acf":[],"yoast_head":"<!-- This site is optimized with the Yoast SEO plugin v27.0 - https:\/\/yoast.com\/product\/yoast-seo-wordpress\/ -->\n<title>HIOKI BT3554-52 aku tester - AXIOMA MS<\/title>\n<meta name=\"robots\" content=\"index, follow, max-snippet:-1, max-image-preview:large, max-video-preview:-1\" \/>\n<link rel=\"canonical\" href=\"https:\/\/www.axiomams.eu\/et\/produktas\/hioki-bt3554-52-aku-tester\" \/>\n<meta property=\"og:locale\" content=\"et_EE\" \/>\n<meta property=\"og:type\" content=\"article\" \/>\n<meta property=\"og:title\" content=\"HIOKI BT3554-52 aku tester - AXIOMA MS\" \/>\n<meta property=\"og:description\" content=\"HIOKI BT3554-52 aku tester m\u00e4\u00e4rab pliiakude tervise, m\u00f5\u00f5tes k\u00f5ige olulisemaid aku parameetreid. BT3554-52 on v\u00e4ike, kerge ja v\u00e4ga kiire. Need omadused v\u00f5imaldavad operaatoril v\u00f5tta tester k\u00f5ikjale kaasa ja teha m\u00f5\u00f5tmisi vaid m\u00f5ne sekundiga. T\u00e4nu Kelvini t\u00fc\u00fcpi sondidele on m\u00f5\u00f5tmised alati t\u00e4psed. Standardkomplekt: HIOKI BT3554-52 akutester, nulli reguleerimisplaat, kasutusjuhend, rakendustarkvara CD, kandekott, LR6 (AA) leelispatareid, varusulavka,...\" \/>\n<meta property=\"og:url\" content=\"https:\/\/www.axiomams.eu\/et\/produktas\/hioki-bt3554-52-aku-tester\" \/>\n<meta property=\"og:site_name\" content=\"AXIOMA MS\" \/>\n<meta property=\"article:publisher\" content=\"https:\/\/www.facebook.com\/AxiomaMS\" \/>\n<meta property=\"article:modified_time\" content=\"2026-02-02T12:28:33+00:00\" \/>\n<meta property=\"og:image\" content=\"https:\/\/www.axiomams.eu\/wp-content\/uploads\/2025\/07\/2733-3546.jpg\" \/>\n\t<meta property=\"og:image:width\" content=\"1024\" \/>\n\t<meta property=\"og:image:height\" content=\"768\" \/>\n\t<meta property=\"og:image:type\" content=\"image\/jpeg\" \/>\n<meta name=\"twitter:card\" content=\"summary_large_image\" \/>\n<script type=\"application\/ld+json\" class=\"yoast-schema-graph\">{\"@context\":\"https:\/\/schema.org\",\"@graph\":[{\"@type\":\"WebPage\",\"@id\":\"https:\/\/www.axiomams.eu\/et\/produktas\/hioki-bt3554-52-aku-tester\",\"url\":\"https:\/\/www.axiomams.eu\/et\/produktas\/hioki-bt3554-52-aku-tester\",\"name\":\"HIOKI BT3554-52 aku tester - AXIOMA MS\",\"isPartOf\":{\"@id\":\"https:\/\/www.axiomams.eu\/et#website\"},\"primaryImageOfPage\":{\"@id\":\"https:\/\/www.axiomams.eu\/et\/produktas\/hioki-bt3554-52-aku-tester#primaryimage\"},\"image\":{\"@id\":\"https:\/\/www.axiomams.eu\/et\/produktas\/hioki-bt3554-52-aku-tester#primaryimage\"},\"thumbnailUrl\":\"https:\/\/www.axiomams.eu\/wp-content\/uploads\/2025\/07\/2733-3546.jpg\",\"datePublished\":\"2025-05-15T15:55:17+00:00\",\"dateModified\":\"2026-02-02T12:28:33+00:00\",\"breadcrumb\":{\"@id\":\"https:\/\/www.axiomams.eu\/et\/produktas\/hioki-bt3554-52-aku-tester#breadcrumb\"},\"inLanguage\":\"et\",\"potentialAction\":[{\"@type\":\"ReadAction\",\"target\":[\"https:\/\/www.axiomams.eu\/et\/produktas\/hioki-bt3554-52-aku-tester\"]}]},{\"@type\":\"ImageObject\",\"inLanguage\":\"et\",\"@id\":\"https:\/\/www.axiomams.eu\/et\/produktas\/hioki-bt3554-52-aku-tester#primaryimage\",\"url\":\"https:\/\/www.axiomams.eu\/wp-content\/uploads\/2025\/07\/2733-3546.jpg\",\"contentUrl\":\"https:\/\/www.axiomams.eu\/wp-content\/uploads\/2025\/07\/2733-3546.jpg\",\"width\":1024,\"height\":768},{\"@type\":\"BreadcrumbList\",\"@id\":\"https:\/\/www.axiomams.eu\/et\/produktas\/hioki-bt3554-52-aku-tester#breadcrumb\",\"itemListElement\":[{\"@type\":\"ListItem\",\"position\":1,\"name\":\"Home\",\"item\":\"https:\/\/www.axiomams.eu\/et\"},{\"@type\":\"ListItem\",\"position\":2,\"name\":\"Tooted\",\"item\":\"https:\/\/www.axiomams.eu\/et\/tooted\"},{\"@type\":\"ListItem\",\"position\":3,\"name\":\"HIOKI BT3554-52 aku tester\"}]},{\"@type\":\"WebSite\",\"@id\":\"https:\/\/www.axiomams.eu\/et#website\",\"url\":\"https:\/\/www.axiomams.eu\/et\",\"name\":\"AXIOMA MS\",\"description\":\"Terrmovizoriai ir matavimo \u012franga\",\"publisher\":{\"@id\":\"https:\/\/www.axiomams.eu\/et#organization\"},\"potentialAction\":[{\"@type\":\"SearchAction\",\"target\":{\"@type\":\"EntryPoint\",\"urlTemplate\":\"https:\/\/www.axiomams.eu\/et?s={search_term_string}\"},\"query-input\":{\"@type\":\"PropertyValueSpecification\",\"valueRequired\":true,\"valueName\":\"search_term_string\"}}],\"inLanguage\":\"et\"},{\"@type\":\"Organization\",\"@id\":\"https:\/\/www.axiomams.eu\/et#organization\",\"name\":\"AXIOMA MS\",\"url\":\"https:\/\/www.axiomams.eu\/et\",\"logo\":{\"@type\":\"ImageObject\",\"inLanguage\":\"et\",\"@id\":\"https:\/\/www.axiomams.eu\/et#\/schema\/logo\/image\/\",\"url\":\"https:\/\/www.axiomams.eu\/wp-content\/uploads\/2025\/06\/axioma-logo-2.png\",\"contentUrl\":\"https:\/\/www.axiomams.eu\/wp-content\/uploads\/2025\/06\/axioma-logo-2.png\",\"width\":1200,\"height\":1200,\"caption\":\"AXIOMA MS\"},\"image\":{\"@id\":\"https:\/\/www.axiomams.eu\/et#\/schema\/logo\/image\/\"},\"sameAs\":[\"https:\/\/www.facebook.com\/AxiomaMS\",\"https:\/\/www.linkedin.com\/company\/axiomams\/\"]}]}<\/script>\n<!-- \/ Yoast SEO plugin. -->","yoast_head_json":{"title":"HIOKI BT3554-52 aku tester - AXIOMA MS","robots":{"index":"index","follow":"follow","max-snippet":"max-snippet:-1","max-image-preview":"max-image-preview:large","max-video-preview":"max-video-preview:-1"},"canonical":"https:\/\/www.axiomams.eu\/et\/produktas\/hioki-bt3554-52-aku-tester","og_locale":"et_EE","og_type":"article","og_title":"HIOKI BT3554-52 aku tester - AXIOMA MS","og_description":"HIOKI BT3554-52 aku tester m\u00e4\u00e4rab pliiakude tervise, m\u00f5\u00f5tes k\u00f5ige olulisemaid aku parameetreid. BT3554-52 on v\u00e4ike, kerge ja v\u00e4ga kiire. Need omadused v\u00f5imaldavad operaatoril v\u00f5tta tester k\u00f5ikjale kaasa ja teha m\u00f5\u00f5tmisi vaid m\u00f5ne sekundiga. T\u00e4nu Kelvini t\u00fc\u00fcpi sondidele on m\u00f5\u00f5tmised alati t\u00e4psed. Standardkomplekt: HIOKI BT3554-52 akutester, nulli reguleerimisplaat, kasutusjuhend, rakendustarkvara CD, kandekott, LR6 (AA) leelispatareid, varusulavka,...","og_url":"https:\/\/www.axiomams.eu\/et\/produktas\/hioki-bt3554-52-aku-tester","og_site_name":"AXIOMA MS","article_publisher":"https:\/\/www.facebook.com\/AxiomaMS","article_modified_time":"2026-02-02T12:28:33+00:00","og_image":[{"width":1024,"height":768,"url":"https:\/\/www.axiomams.eu\/wp-content\/uploads\/2025\/07\/2733-3546.jpg","type":"image\/jpeg"}],"twitter_card":"summary_large_image","schema":{"@context":"https:\/\/schema.org","@graph":[{"@type":"WebPage","@id":"https:\/\/www.axiomams.eu\/et\/produktas\/hioki-bt3554-52-aku-tester","url":"https:\/\/www.axiomams.eu\/et\/produktas\/hioki-bt3554-52-aku-tester","name":"HIOKI BT3554-52 aku tester - AXIOMA MS","isPartOf":{"@id":"https:\/\/www.axiomams.eu\/et#website"},"primaryImageOfPage":{"@id":"https:\/\/www.axiomams.eu\/et\/produktas\/hioki-bt3554-52-aku-tester#primaryimage"},"image":{"@id":"https:\/\/www.axiomams.eu\/et\/produktas\/hioki-bt3554-52-aku-tester#primaryimage"},"thumbnailUrl":"https:\/\/www.axiomams.eu\/wp-content\/uploads\/2025\/07\/2733-3546.jpg","datePublished":"2025-05-15T15:55:17+00:00","dateModified":"2026-02-02T12:28:33+00:00","breadcrumb":{"@id":"https:\/\/www.axiomams.eu\/et\/produktas\/hioki-bt3554-52-aku-tester#breadcrumb"},"inLanguage":"et","potentialAction":[{"@type":"ReadAction","target":["https:\/\/www.axiomams.eu\/et\/produktas\/hioki-bt3554-52-aku-tester"]}]},{"@type":"ImageObject","inLanguage":"et","@id":"https:\/\/www.axiomams.eu\/et\/produktas\/hioki-bt3554-52-aku-tester#primaryimage","url":"https:\/\/www.axiomams.eu\/wp-content\/uploads\/2025\/07\/2733-3546.jpg","contentUrl":"https:\/\/www.axiomams.eu\/wp-content\/uploads\/2025\/07\/2733-3546.jpg","width":1024,"height":768},{"@type":"BreadcrumbList","@id":"https:\/\/www.axiomams.eu\/et\/produktas\/hioki-bt3554-52-aku-tester#breadcrumb","itemListElement":[{"@type":"ListItem","position":1,"name":"Home","item":"https:\/\/www.axiomams.eu\/et"},{"@type":"ListItem","position":2,"name":"Tooted","item":"https:\/\/www.axiomams.eu\/et\/tooted"},{"@type":"ListItem","position":3,"name":"HIOKI BT3554-52 aku tester"}]},{"@type":"WebSite","@id":"https:\/\/www.axiomams.eu\/et#website","url":"https:\/\/www.axiomams.eu\/et","name":"AXIOMA MS","description":"Terrmovizoriai ir matavimo \u012franga","publisher":{"@id":"https:\/\/www.axiomams.eu\/et#organization"},"potentialAction":[{"@type":"SearchAction","target":{"@type":"EntryPoint","urlTemplate":"https:\/\/www.axiomams.eu\/et?s={search_term_string}"},"query-input":{"@type":"PropertyValueSpecification","valueRequired":true,"valueName":"search_term_string"}}],"inLanguage":"et"},{"@type":"Organization","@id":"https:\/\/www.axiomams.eu\/et#organization","name":"AXIOMA MS","url":"https:\/\/www.axiomams.eu\/et","logo":{"@type":"ImageObject","inLanguage":"et","@id":"https:\/\/www.axiomams.eu\/et#\/schema\/logo\/image\/","url":"https:\/\/www.axiomams.eu\/wp-content\/uploads\/2025\/06\/axioma-logo-2.png","contentUrl":"https:\/\/www.axiomams.eu\/wp-content\/uploads\/2025\/06\/axioma-logo-2.png","width":1200,"height":1200,"caption":"AXIOMA MS"},"image":{"@id":"https:\/\/www.axiomams.eu\/et#\/schema\/logo\/image\/"},"sameAs":["https:\/\/www.facebook.com\/AxiomaMS","https:\/\/www.linkedin.com\/company\/axiomams\/"]}]}},"_links":{"self":[{"href":"https:\/\/www.axiomams.eu\/et\/wp-json\/wp\/v2\/product\/39910","targetHints":{"allow":["GET"]}}],"collection":[{"href":"https:\/\/www.axiomams.eu\/et\/wp-json\/wp\/v2\/product"}],"about":[{"href":"https:\/\/www.axiomams.eu\/et\/wp-json\/wp\/v2\/types\/product"}],"replies":[{"embeddable":true,"href":"https:\/\/www.axiomams.eu\/et\/wp-json\/wp\/v2\/comments?post=39910"}],"wp:featuredmedia":[{"embeddable":true,"href":"https:\/\/www.axiomams.eu\/et\/wp-json\/wp\/v2\/media\/41317"}],"wp:attachment":[{"href":"https:\/\/www.axiomams.eu\/et\/wp-json\/wp\/v2\/media?parent=39910"}],"wp:term":[{"taxonomy":"product_brand","embeddable":true,"href":"https:\/\/www.axiomams.eu\/et\/wp-json\/wp\/v2\/product_brand?post=39910"},{"taxonomy":"product_cat","embeddable":true,"href":"https:\/\/www.axiomams.eu\/et\/wp-json\/wp\/v2\/product_cat?post=39910"},{"taxonomy":"product_tag","embeddable":true,"href":"https:\/\/www.axiomams.eu\/et\/wp-json\/wp\/v2\/product_tag?post=39910"}],"curies":[{"name":"wp","href":"https:\/\/api.w.org\/{rel}","templated":true}]}}