{"id":39914,"date":"2025-05-15T17:55:21","date_gmt":"2025-05-15T15:55:21","guid":{"rendered":"https:\/\/www.axiomams.eu\/produktas\/radiodetektor-cat4-ja-genny4-kaabliotsija"},"modified":"2026-02-02T14:28:36","modified_gmt":"2026-02-02T12:28:36","slug":"radiodetektor-cat4-ja-genny4-kaabliotsija","status":"publish","type":"product","link":"https:\/\/www.axiomams.eu\/et\/produktas\/radiodetektor-cat4-ja-genny4-kaabliotsija","title":{"rendered":"Radiodetektor CAT4+ ja Genny4 kaabliotsija"},"content":{"rendered":"<p>Radiodetection C.A.T4+ ja Genny4 &#8211; kaablite asukoha m\u00e4\u00e4ramise ja v\u00e4ltimise vahend, mis koosneb saatjast ja vastuv\u00f5tjast ja mida kasutatakse kaablite ja metalltorude t\u00e4pse asukoha m\u00e4\u00e4ramiseks.<\/p>\n<p>Standardkomplekt: CAT 4 &#8211; vastuv\u00f5tja, Genny 4 &#8211; saatja koos patarei, \u00fchenduskaabel, m\u00f5\u00f5tesond, pehme kohver, kasutusjuhend.<\/p>\n<h3>Tehniline teave:<\/h3>\n<ul>\n<li><a href=\"https:\/\/axiomams.eu\/importer\/export\/attachments\/en\/radiodetection-c.a.t4-and-genny4.pdf\" target=\"_blank\">Radiodetection C.A.T4 and Genny4.pdf<\/a><\/li>\n<\/ul>\n","protected":false},"excerpt":{"rendered":"<p>Radiodetection C.A.T4+ ja Genny4 &#8211; kaablite asukoha m\u00e4\u00e4ramise ja v\u00e4ltimise vahend, mis koosneb saatjast ja vastuv\u00f5tjast ja mida kasutatakse kaablite ja metalltorude t\u00e4pse asukoha m\u00e4\u00e4ramiseks. Standardkomplekt: CAT 4 &#8211; vastuv\u00f5tja, Genny 4 &#8211; saatja koos patarei, \u00fchenduskaabel, m\u00f5\u00f5tesond, pehme kohver, kasutusjuhend. Tehniline teave: Radiodetection C.A.T4 and Genny4.pdf<\/p>\n","protected":false},"featured_media":41325,"comment_status":"open","ping_status":"closed","template":"","meta":{"_acf_changed":false},"product_brand":[730],"product_cat":[17806,17782],"product_tag":[],"class_list":{"0":"post-39914","1":"product","2":"type-product","3":"status-publish","4":"has-post-thumbnail","6":"product_brand-radiodetection","7":"product_cat-georadarid-ja-maa-alused-sideotsijad","8":"product_cat-kaablite-otsimiseks-ja-valimiseks","10":"first","11":"instock","12":"taxable","13":"shipping-taxable","14":"purchasable","15":"product-type-simple"},"acf":[],"yoast_head":"<!-- This site is optimized with the Yoast SEO plugin v27.0 - https:\/\/yoast.com\/product\/yoast-seo-wordpress\/ -->\n<title>Radiodetektor CAT4+ ja Genny4 kaabliotsija - AXIOMA MS<\/title>\n<meta name=\"robots\" content=\"index, follow, max-snippet:-1, max-image-preview:large, max-video-preview:-1\" \/>\n<link rel=\"canonical\" href=\"https:\/\/www.axiomams.eu\/et\/produktas\/radiodetektor-cat4-ja-genny4-kaabliotsija\" \/>\n<meta property=\"og:locale\" content=\"et_EE\" \/>\n<meta property=\"og:type\" content=\"article\" \/>\n<meta property=\"og:title\" content=\"Radiodetektor CAT4+ ja Genny4 kaabliotsija - AXIOMA MS\" \/>\n<meta property=\"og:description\" content=\"Radiodetection C.A.T4+ ja Genny4 &#8211; kaablite asukoha m\u00e4\u00e4ramise ja v\u00e4ltimise vahend, mis koosneb saatjast ja vastuv\u00f5tjast ja mida kasutatakse kaablite ja metalltorude t\u00e4pse asukoha m\u00e4\u00e4ramiseks. Standardkomplekt: CAT 4 &#8211; vastuv\u00f5tja, Genny 4 &#8211; saatja koos patarei, \u00fchenduskaabel, m\u00f5\u00f5tesond, pehme kohver, kasutusjuhend. Tehniline teave: Radiodetection C.A.T4 and Genny4.pdf\" \/>\n<meta property=\"og:url\" content=\"https:\/\/www.axiomams.eu\/et\/produktas\/radiodetektor-cat4-ja-genny4-kaabliotsija\" \/>\n<meta property=\"og:site_name\" content=\"AXIOMA MS\" \/>\n<meta property=\"article:publisher\" content=\"https:\/\/www.facebook.com\/AxiomaMS\" \/>\n<meta property=\"article:modified_time\" content=\"2026-02-02T12:28:36+00:00\" \/>\n<meta property=\"og:image\" content=\"https:\/\/www.axiomams.eu\/wp-content\/uploads\/2025\/07\/831-3884.jpg\" \/>\n\t<meta property=\"og:image:width\" content=\"500\" \/>\n\t<meta property=\"og:image:height\" content=\"500\" \/>\n\t<meta property=\"og:image:type\" content=\"image\/jpeg\" \/>\n<meta name=\"twitter:card\" content=\"summary_large_image\" \/>\n<script type=\"application\/ld+json\" class=\"yoast-schema-graph\">{\"@context\":\"https:\/\/schema.org\",\"@graph\":[{\"@type\":\"WebPage\",\"@id\":\"https:\/\/www.axiomams.eu\/et\/produktas\/radiodetektor-cat4-ja-genny4-kaabliotsija\",\"url\":\"https:\/\/www.axiomams.eu\/et\/produktas\/radiodetektor-cat4-ja-genny4-kaabliotsija\",\"name\":\"Radiodetektor CAT4+ ja Genny4 kaabliotsija - AXIOMA MS\",\"isPartOf\":{\"@id\":\"https:\/\/www.axiomams.eu\/et#website\"},\"primaryImageOfPage\":{\"@id\":\"https:\/\/www.axiomams.eu\/et\/produktas\/radiodetektor-cat4-ja-genny4-kaabliotsija#primaryimage\"},\"image\":{\"@id\":\"https:\/\/www.axiomams.eu\/et\/produktas\/radiodetektor-cat4-ja-genny4-kaabliotsija#primaryimage\"},\"thumbnailUrl\":\"https:\/\/www.axiomams.eu\/wp-content\/uploads\/2025\/07\/831-3884.jpg\",\"datePublished\":\"2025-05-15T15:55:21+00:00\",\"dateModified\":\"2026-02-02T12:28:36+00:00\",\"breadcrumb\":{\"@id\":\"https:\/\/www.axiomams.eu\/et\/produktas\/radiodetektor-cat4-ja-genny4-kaabliotsija#breadcrumb\"},\"inLanguage\":\"et\",\"potentialAction\":[{\"@type\":\"ReadAction\",\"target\":[\"https:\/\/www.axiomams.eu\/et\/produktas\/radiodetektor-cat4-ja-genny4-kaabliotsija\"]}]},{\"@type\":\"ImageObject\",\"inLanguage\":\"et\",\"@id\":\"https:\/\/www.axiomams.eu\/et\/produktas\/radiodetektor-cat4-ja-genny4-kaabliotsija#primaryimage\",\"url\":\"https:\/\/www.axiomams.eu\/wp-content\/uploads\/2025\/07\/831-3884.jpg\",\"contentUrl\":\"https:\/\/www.axiomams.eu\/wp-content\/uploads\/2025\/07\/831-3884.jpg\",\"width\":500,\"height\":500},{\"@type\":\"BreadcrumbList\",\"@id\":\"https:\/\/www.axiomams.eu\/et\/produktas\/radiodetektor-cat4-ja-genny4-kaabliotsija#breadcrumb\",\"itemListElement\":[{\"@type\":\"ListItem\",\"position\":1,\"name\":\"Home\",\"item\":\"https:\/\/www.axiomams.eu\/et\"},{\"@type\":\"ListItem\",\"position\":2,\"name\":\"Tooted\",\"item\":\"https:\/\/www.axiomams.eu\/et\/tooted\"},{\"@type\":\"ListItem\",\"position\":3,\"name\":\"Radiodetektor CAT4+ ja Genny4 kaabliotsija\"}]},{\"@type\":\"WebSite\",\"@id\":\"https:\/\/www.axiomams.eu\/et#website\",\"url\":\"https:\/\/www.axiomams.eu\/et\",\"name\":\"AXIOMA MS\",\"description\":\"Terrmovizoriai ir matavimo \u012franga\",\"publisher\":{\"@id\":\"https:\/\/www.axiomams.eu\/et#organization\"},\"potentialAction\":[{\"@type\":\"SearchAction\",\"target\":{\"@type\":\"EntryPoint\",\"urlTemplate\":\"https:\/\/www.axiomams.eu\/et?s={search_term_string}\"},\"query-input\":{\"@type\":\"PropertyValueSpecification\",\"valueRequired\":true,\"valueName\":\"search_term_string\"}}],\"inLanguage\":\"et\"},{\"@type\":\"Organization\",\"@id\":\"https:\/\/www.axiomams.eu\/et#organization\",\"name\":\"AXIOMA MS\",\"url\":\"https:\/\/www.axiomams.eu\/et\",\"logo\":{\"@type\":\"ImageObject\",\"inLanguage\":\"et\",\"@id\":\"https:\/\/www.axiomams.eu\/et#\/schema\/logo\/image\/\",\"url\":\"https:\/\/www.axiomams.eu\/wp-content\/uploads\/2025\/06\/axioma-logo-2.png\",\"contentUrl\":\"https:\/\/www.axiomams.eu\/wp-content\/uploads\/2025\/06\/axioma-logo-2.png\",\"width\":1200,\"height\":1200,\"caption\":\"AXIOMA MS\"},\"image\":{\"@id\":\"https:\/\/www.axiomams.eu\/et#\/schema\/logo\/image\/\"},\"sameAs\":[\"https:\/\/www.facebook.com\/AxiomaMS\",\"https:\/\/www.linkedin.com\/company\/axiomams\/\"]}]}<\/script>\n<!-- \/ Yoast SEO plugin. -->","yoast_head_json":{"title":"Radiodetektor CAT4+ ja Genny4 kaabliotsija - AXIOMA MS","robots":{"index":"index","follow":"follow","max-snippet":"max-snippet:-1","max-image-preview":"max-image-preview:large","max-video-preview":"max-video-preview:-1"},"canonical":"https:\/\/www.axiomams.eu\/et\/produktas\/radiodetektor-cat4-ja-genny4-kaabliotsija","og_locale":"et_EE","og_type":"article","og_title":"Radiodetektor CAT4+ ja Genny4 kaabliotsija - AXIOMA MS","og_description":"Radiodetection C.A.T4+ ja Genny4 &#8211; kaablite asukoha m\u00e4\u00e4ramise ja v\u00e4ltimise vahend, mis koosneb saatjast ja vastuv\u00f5tjast ja mida kasutatakse kaablite ja metalltorude t\u00e4pse asukoha m\u00e4\u00e4ramiseks. Standardkomplekt: CAT 4 &#8211; vastuv\u00f5tja, Genny 4 &#8211; saatja koos patarei, \u00fchenduskaabel, m\u00f5\u00f5tesond, pehme kohver, kasutusjuhend. Tehniline teave: Radiodetection C.A.T4 and Genny4.pdf","og_url":"https:\/\/www.axiomams.eu\/et\/produktas\/radiodetektor-cat4-ja-genny4-kaabliotsija","og_site_name":"AXIOMA MS","article_publisher":"https:\/\/www.facebook.com\/AxiomaMS","article_modified_time":"2026-02-02T12:28:36+00:00","og_image":[{"width":500,"height":500,"url":"https:\/\/www.axiomams.eu\/wp-content\/uploads\/2025\/07\/831-3884.jpg","type":"image\/jpeg"}],"twitter_card":"summary_large_image","schema":{"@context":"https:\/\/schema.org","@graph":[{"@type":"WebPage","@id":"https:\/\/www.axiomams.eu\/et\/produktas\/radiodetektor-cat4-ja-genny4-kaabliotsija","url":"https:\/\/www.axiomams.eu\/et\/produktas\/radiodetektor-cat4-ja-genny4-kaabliotsija","name":"Radiodetektor CAT4+ ja Genny4 kaabliotsija - AXIOMA MS","isPartOf":{"@id":"https:\/\/www.axiomams.eu\/et#website"},"primaryImageOfPage":{"@id":"https:\/\/www.axiomams.eu\/et\/produktas\/radiodetektor-cat4-ja-genny4-kaabliotsija#primaryimage"},"image":{"@id":"https:\/\/www.axiomams.eu\/et\/produktas\/radiodetektor-cat4-ja-genny4-kaabliotsija#primaryimage"},"thumbnailUrl":"https:\/\/www.axiomams.eu\/wp-content\/uploads\/2025\/07\/831-3884.jpg","datePublished":"2025-05-15T15:55:21+00:00","dateModified":"2026-02-02T12:28:36+00:00","breadcrumb":{"@id":"https:\/\/www.axiomams.eu\/et\/produktas\/radiodetektor-cat4-ja-genny4-kaabliotsija#breadcrumb"},"inLanguage":"et","potentialAction":[{"@type":"ReadAction","target":["https:\/\/www.axiomams.eu\/et\/produktas\/radiodetektor-cat4-ja-genny4-kaabliotsija"]}]},{"@type":"ImageObject","inLanguage":"et","@id":"https:\/\/www.axiomams.eu\/et\/produktas\/radiodetektor-cat4-ja-genny4-kaabliotsija#primaryimage","url":"https:\/\/www.axiomams.eu\/wp-content\/uploads\/2025\/07\/831-3884.jpg","contentUrl":"https:\/\/www.axiomams.eu\/wp-content\/uploads\/2025\/07\/831-3884.jpg","width":500,"height":500},{"@type":"BreadcrumbList","@id":"https:\/\/www.axiomams.eu\/et\/produktas\/radiodetektor-cat4-ja-genny4-kaabliotsija#breadcrumb","itemListElement":[{"@type":"ListItem","position":1,"name":"Home","item":"https:\/\/www.axiomams.eu\/et"},{"@type":"ListItem","position":2,"name":"Tooted","item":"https:\/\/www.axiomams.eu\/et\/tooted"},{"@type":"ListItem","position":3,"name":"Radiodetektor CAT4+ ja Genny4 kaabliotsija"}]},{"@type":"WebSite","@id":"https:\/\/www.axiomams.eu\/et#website","url":"https:\/\/www.axiomams.eu\/et","name":"AXIOMA MS","description":"Terrmovizoriai ir matavimo \u012franga","publisher":{"@id":"https:\/\/www.axiomams.eu\/et#organization"},"potentialAction":[{"@type":"SearchAction","target":{"@type":"EntryPoint","urlTemplate":"https:\/\/www.axiomams.eu\/et?s={search_term_string}"},"query-input":{"@type":"PropertyValueSpecification","valueRequired":true,"valueName":"search_term_string"}}],"inLanguage":"et"},{"@type":"Organization","@id":"https:\/\/www.axiomams.eu\/et#organization","name":"AXIOMA MS","url":"https:\/\/www.axiomams.eu\/et","logo":{"@type":"ImageObject","inLanguage":"et","@id":"https:\/\/www.axiomams.eu\/et#\/schema\/logo\/image\/","url":"https:\/\/www.axiomams.eu\/wp-content\/uploads\/2025\/06\/axioma-logo-2.png","contentUrl":"https:\/\/www.axiomams.eu\/wp-content\/uploads\/2025\/06\/axioma-logo-2.png","width":1200,"height":1200,"caption":"AXIOMA MS"},"image":{"@id":"https:\/\/www.axiomams.eu\/et#\/schema\/logo\/image\/"},"sameAs":["https:\/\/www.facebook.com\/AxiomaMS","https:\/\/www.linkedin.com\/company\/axiomams\/"]}]}},"_links":{"self":[{"href":"https:\/\/www.axiomams.eu\/et\/wp-json\/wp\/v2\/product\/39914","targetHints":{"allow":["GET"]}}],"collection":[{"href":"https:\/\/www.axiomams.eu\/et\/wp-json\/wp\/v2\/product"}],"about":[{"href":"https:\/\/www.axiomams.eu\/et\/wp-json\/wp\/v2\/types\/product"}],"replies":[{"embeddable":true,"href":"https:\/\/www.axiomams.eu\/et\/wp-json\/wp\/v2\/comments?post=39914"}],"wp:featuredmedia":[{"embeddable":true,"href":"https:\/\/www.axiomams.eu\/et\/wp-json\/wp\/v2\/media\/41325"}],"wp:attachment":[{"href":"https:\/\/www.axiomams.eu\/et\/wp-json\/wp\/v2\/media?parent=39914"}],"wp:term":[{"taxonomy":"product_brand","embeddable":true,"href":"https:\/\/www.axiomams.eu\/et\/wp-json\/wp\/v2\/product_brand?post=39914"},{"taxonomy":"product_cat","embeddable":true,"href":"https:\/\/www.axiomams.eu\/et\/wp-json\/wp\/v2\/product_cat?post=39914"},{"taxonomy":"product_tag","embeddable":true,"href":"https:\/\/www.axiomams.eu\/et\/wp-json\/wp\/v2\/product_tag?post=39914"}],"curies":[{"name":"wp","href":"https:\/\/api.w.org\/{rel}","templated":true}]}}