{"id":39915,"date":"2025-05-15T17:55:21","date_gmt":"2025-05-15T15:55:21","guid":{"rendered":"https:\/\/www.axiomams.eu\/produktas\/flir-e5-pro-soojuskaamera"},"modified":"2026-02-02T14:28:36","modified_gmt":"2026-02-02T12:28:36","slug":"flir-e5-pro-soojuskaamera","status":"publish","type":"product","link":"https:\/\/www.axiomams.eu\/et\/produktas\/flir-e5-pro-soojuskaamera","title":{"rendered":"Flir E5 Pro soojuskaamera"},"content":{"rendered":"<p>FLIR E5 Pro soojuskaamera on teie h\u00e4davajalik t\u00f6\u00f6riist elektri-, mehaaniliste ja ehitusprobleemide leidmiseks ja diagnoosimiseks. M\u00e4\u00e4rake kiiresti kindlaks kuumad kohad ja tuvastage probleemid h\u00f5lpsasti FLIR MSX (Multi-Spectral Dynamic Imaging) t\u00e4iustatud elava soojuskujutise abil. Teie \u00fclevaatused muutuvad t\u00f5husamaks, sest saate kogu t\u00f6\u00f6 teha puuteekraanilt: korrastage oma fotosid, lisage \u00fcksikasjalikke m\u00e4rkmeid ja laadige need \u00fcles otse FLIR Ignite&#8217;i pilve, et oleks mugav juurdep\u00e4\u00e4s mis tahes seadmest. Kui olete valmis pilte jagama ja kliendiaruandeid koostama, on teie pildid ja m\u00e4rkmed juba FLIR Ignite&#8217;is v\u00f5i FLIR Thermal Studio&#8217;is kasutamiseks saadaval, mis tagab k\u00f5ige sujuvama kasutuskogemuse.<\/p>\n<p><b>Standardkomplekt:<\/b> Termokaamera FLIR E5 Pro, aku, akulaadija, toiteallikas\/laadija, USB-kaabel, FLIR Thermal Studio Starter, tr\u00fckitud dokumentatsioon, k\u00f5va transpordikott.<\/p>\n<p><iframe loading=\"lazy\" width=\"560\" height=\"315\" src=\"https:\/\/www.youtube.com\/embed\/Yj0rEQu7UQQ?si=s9b8rdFPb-4tlau0\" title=\"YouTube videopleier\" frameborder=\"0\" allow=\"accelerometer; autoplay; clipboard-write; encrypted-media; gyroscope; picture-in-picture; web-share\" allowfullscreen><\/iframe><\/p>\n<h3>Tehniline teave:<\/h3>\n<ul>\n<li><a href=\"https:\/\/axiomams.eu\/importer\/export\/attachments\/en\/flir-e5-pro.pdf\" target=\"_blank\">FLIR E5 Pro.pdf<\/a><\/li>\n<\/ul>\n","protected":false},"excerpt":{"rendered":"<p>FLIR E5 Pro soojuskaamera on teie h\u00e4davajalik t\u00f6\u00f6riist elektri-, mehaaniliste ja ehitusprobleemide leidmiseks ja diagnoosimiseks. M\u00e4\u00e4rake kiiresti kindlaks kuumad kohad ja tuvastage probleemid h\u00f5lpsasti FLIR MSX (Multi-Spectral Dynamic Imaging) t\u00e4iustatud elava soojuskujutise abil. Teie \u00fclevaatused muutuvad t\u00f5husamaks, sest saate kogu t\u00f6\u00f6 teha puuteekraanilt: korrastage oma fotosid, lisage \u00fcksikasjalikke m\u00e4rkmeid ja laadige need \u00fcles otse FLIR&#8230;<\/p>\n","protected":false},"featured_media":41327,"comment_status":"open","ping_status":"closed","template":"","meta":{"_acf_changed":false},"product_brand":[734],"product_cat":[17795,17803,17828],"product_tag":[],"class_list":{"0":"post-39915","1":"product","2":"type-product","3":"status-publish","4":"has-post-thumbnail","6":"product_brand-flir","7":"product_cat-energia-ja-hoonediagnostika","8":"product_cat-hoonete-soojuskujutamine","9":"product_cat-soojuskujutised-ir-aknad-ennetavaks-diagnostikaks","11":"first","12":"instock","13":"taxable","14":"shipping-taxable","15":"purchasable","16":"product-type-simple"},"acf":[],"yoast_head":"<!-- This site is optimized with the Yoast SEO plugin v27.0 - https:\/\/yoast.com\/product\/yoast-seo-wordpress\/ -->\n<title>Flir E5 Pro soojuskaamera - AXIOMA MS<\/title>\n<meta name=\"robots\" content=\"index, follow, max-snippet:-1, max-image-preview:large, max-video-preview:-1\" \/>\n<link rel=\"canonical\" href=\"https:\/\/www.axiomams.eu\/et\/produktas\/flir-e5-pro-soojuskaamera\" \/>\n<meta property=\"og:locale\" content=\"et_EE\" \/>\n<meta property=\"og:type\" content=\"article\" \/>\n<meta property=\"og:title\" content=\"Flir E5 Pro soojuskaamera - AXIOMA MS\" \/>\n<meta property=\"og:description\" content=\"FLIR E5 Pro soojuskaamera on teie h\u00e4davajalik t\u00f6\u00f6riist elektri-, mehaaniliste ja ehitusprobleemide leidmiseks ja diagnoosimiseks. M\u00e4\u00e4rake kiiresti kindlaks kuumad kohad ja tuvastage probleemid h\u00f5lpsasti FLIR MSX (Multi-Spectral Dynamic Imaging) t\u00e4iustatud elava soojuskujutise abil. Teie \u00fclevaatused muutuvad t\u00f5husamaks, sest saate kogu t\u00f6\u00f6 teha puuteekraanilt: korrastage oma fotosid, lisage \u00fcksikasjalikke m\u00e4rkmeid ja laadige need \u00fcles otse FLIR...\" \/>\n<meta property=\"og:url\" content=\"https:\/\/www.axiomams.eu\/et\/produktas\/flir-e5-pro-soojuskaamera\" \/>\n<meta property=\"og:site_name\" content=\"AXIOMA MS\" \/>\n<meta property=\"article:publisher\" content=\"https:\/\/www.facebook.com\/AxiomaMS\" \/>\n<meta property=\"article:modified_time\" content=\"2026-02-02T12:28:36+00:00\" \/>\n<meta property=\"og:image\" content=\"https:\/\/www.axiomams.eu\/wp-content\/uploads\/2025\/07\/3459-4648.jpg\" \/>\n\t<meta property=\"og:image:width\" content=\"600\" \/>\n\t<meta property=\"og:image:height\" content=\"625\" \/>\n\t<meta property=\"og:image:type\" content=\"image\/jpeg\" \/>\n<meta name=\"twitter:card\" content=\"summary_large_image\" \/>\n<meta name=\"twitter:label1\" content=\"Est. reading time\" \/>\n\t<meta name=\"twitter:data1\" content=\"1 minut\" \/>\n<script type=\"application\/ld+json\" class=\"yoast-schema-graph\">{\"@context\":\"https:\/\/schema.org\",\"@graph\":[{\"@type\":\"WebPage\",\"@id\":\"https:\/\/www.axiomams.eu\/et\/produktas\/flir-e5-pro-soojuskaamera\",\"url\":\"https:\/\/www.axiomams.eu\/et\/produktas\/flir-e5-pro-soojuskaamera\",\"name\":\"Flir E5 Pro soojuskaamera - AXIOMA MS\",\"isPartOf\":{\"@id\":\"https:\/\/www.axiomams.eu\/et#website\"},\"primaryImageOfPage\":{\"@id\":\"https:\/\/www.axiomams.eu\/et\/produktas\/flir-e5-pro-soojuskaamera#primaryimage\"},\"image\":{\"@id\":\"https:\/\/www.axiomams.eu\/et\/produktas\/flir-e5-pro-soojuskaamera#primaryimage\"},\"thumbnailUrl\":\"https:\/\/www.axiomams.eu\/wp-content\/uploads\/2025\/07\/3459-4648.jpg\",\"datePublished\":\"2025-05-15T15:55:21+00:00\",\"dateModified\":\"2026-02-02T12:28:36+00:00\",\"breadcrumb\":{\"@id\":\"https:\/\/www.axiomams.eu\/et\/produktas\/flir-e5-pro-soojuskaamera#breadcrumb\"},\"inLanguage\":\"et\",\"potentialAction\":[{\"@type\":\"ReadAction\",\"target\":[\"https:\/\/www.axiomams.eu\/et\/produktas\/flir-e5-pro-soojuskaamera\"]}]},{\"@type\":\"ImageObject\",\"inLanguage\":\"et\",\"@id\":\"https:\/\/www.axiomams.eu\/et\/produktas\/flir-e5-pro-soojuskaamera#primaryimage\",\"url\":\"https:\/\/www.axiomams.eu\/wp-content\/uploads\/2025\/07\/3459-4648.jpg\",\"contentUrl\":\"https:\/\/www.axiomams.eu\/wp-content\/uploads\/2025\/07\/3459-4648.jpg\",\"width\":600,\"height\":625},{\"@type\":\"BreadcrumbList\",\"@id\":\"https:\/\/www.axiomams.eu\/et\/produktas\/flir-e5-pro-soojuskaamera#breadcrumb\",\"itemListElement\":[{\"@type\":\"ListItem\",\"position\":1,\"name\":\"Home\",\"item\":\"https:\/\/www.axiomams.eu\/et\"},{\"@type\":\"ListItem\",\"position\":2,\"name\":\"Tooted\",\"item\":\"https:\/\/www.axiomams.eu\/et\/tooted\"},{\"@type\":\"ListItem\",\"position\":3,\"name\":\"Flir E5 Pro soojuskaamera\"}]},{\"@type\":\"WebSite\",\"@id\":\"https:\/\/www.axiomams.eu\/et#website\",\"url\":\"https:\/\/www.axiomams.eu\/et\",\"name\":\"AXIOMA MS\",\"description\":\"Terrmovizoriai ir matavimo \u012franga\",\"publisher\":{\"@id\":\"https:\/\/www.axiomams.eu\/et#organization\"},\"potentialAction\":[{\"@type\":\"SearchAction\",\"target\":{\"@type\":\"EntryPoint\",\"urlTemplate\":\"https:\/\/www.axiomams.eu\/et?s={search_term_string}\"},\"query-input\":{\"@type\":\"PropertyValueSpecification\",\"valueRequired\":true,\"valueName\":\"search_term_string\"}}],\"inLanguage\":\"et\"},{\"@type\":\"Organization\",\"@id\":\"https:\/\/www.axiomams.eu\/et#organization\",\"name\":\"AXIOMA MS\",\"url\":\"https:\/\/www.axiomams.eu\/et\",\"logo\":{\"@type\":\"ImageObject\",\"inLanguage\":\"et\",\"@id\":\"https:\/\/www.axiomams.eu\/et#\/schema\/logo\/image\/\",\"url\":\"https:\/\/www.axiomams.eu\/wp-content\/uploads\/2025\/06\/axioma-logo-2.png\",\"contentUrl\":\"https:\/\/www.axiomams.eu\/wp-content\/uploads\/2025\/06\/axioma-logo-2.png\",\"width\":1200,\"height\":1200,\"caption\":\"AXIOMA MS\"},\"image\":{\"@id\":\"https:\/\/www.axiomams.eu\/et#\/schema\/logo\/image\/\"},\"sameAs\":[\"https:\/\/www.facebook.com\/AxiomaMS\",\"https:\/\/www.linkedin.com\/company\/axiomams\/\"]}]}<\/script>\n<!-- \/ Yoast SEO plugin. -->","yoast_head_json":{"title":"Flir E5 Pro soojuskaamera - AXIOMA MS","robots":{"index":"index","follow":"follow","max-snippet":"max-snippet:-1","max-image-preview":"max-image-preview:large","max-video-preview":"max-video-preview:-1"},"canonical":"https:\/\/www.axiomams.eu\/et\/produktas\/flir-e5-pro-soojuskaamera","og_locale":"et_EE","og_type":"article","og_title":"Flir E5 Pro soojuskaamera - AXIOMA MS","og_description":"FLIR E5 Pro soojuskaamera on teie h\u00e4davajalik t\u00f6\u00f6riist elektri-, mehaaniliste ja ehitusprobleemide leidmiseks ja diagnoosimiseks. M\u00e4\u00e4rake kiiresti kindlaks kuumad kohad ja tuvastage probleemid h\u00f5lpsasti FLIR MSX (Multi-Spectral Dynamic Imaging) t\u00e4iustatud elava soojuskujutise abil. Teie \u00fclevaatused muutuvad t\u00f5husamaks, sest saate kogu t\u00f6\u00f6 teha puuteekraanilt: korrastage oma fotosid, lisage \u00fcksikasjalikke m\u00e4rkmeid ja laadige need \u00fcles otse FLIR...","og_url":"https:\/\/www.axiomams.eu\/et\/produktas\/flir-e5-pro-soojuskaamera","og_site_name":"AXIOMA MS","article_publisher":"https:\/\/www.facebook.com\/AxiomaMS","article_modified_time":"2026-02-02T12:28:36+00:00","og_image":[{"width":600,"height":625,"url":"https:\/\/www.axiomams.eu\/wp-content\/uploads\/2025\/07\/3459-4648.jpg","type":"image\/jpeg"}],"twitter_card":"summary_large_image","twitter_misc":{"Est. reading time":"1 minut"},"schema":{"@context":"https:\/\/schema.org","@graph":[{"@type":"WebPage","@id":"https:\/\/www.axiomams.eu\/et\/produktas\/flir-e5-pro-soojuskaamera","url":"https:\/\/www.axiomams.eu\/et\/produktas\/flir-e5-pro-soojuskaamera","name":"Flir E5 Pro soojuskaamera - AXIOMA MS","isPartOf":{"@id":"https:\/\/www.axiomams.eu\/et#website"},"primaryImageOfPage":{"@id":"https:\/\/www.axiomams.eu\/et\/produktas\/flir-e5-pro-soojuskaamera#primaryimage"},"image":{"@id":"https:\/\/www.axiomams.eu\/et\/produktas\/flir-e5-pro-soojuskaamera#primaryimage"},"thumbnailUrl":"https:\/\/www.axiomams.eu\/wp-content\/uploads\/2025\/07\/3459-4648.jpg","datePublished":"2025-05-15T15:55:21+00:00","dateModified":"2026-02-02T12:28:36+00:00","breadcrumb":{"@id":"https:\/\/www.axiomams.eu\/et\/produktas\/flir-e5-pro-soojuskaamera#breadcrumb"},"inLanguage":"et","potentialAction":[{"@type":"ReadAction","target":["https:\/\/www.axiomams.eu\/et\/produktas\/flir-e5-pro-soojuskaamera"]}]},{"@type":"ImageObject","inLanguage":"et","@id":"https:\/\/www.axiomams.eu\/et\/produktas\/flir-e5-pro-soojuskaamera#primaryimage","url":"https:\/\/www.axiomams.eu\/wp-content\/uploads\/2025\/07\/3459-4648.jpg","contentUrl":"https:\/\/www.axiomams.eu\/wp-content\/uploads\/2025\/07\/3459-4648.jpg","width":600,"height":625},{"@type":"BreadcrumbList","@id":"https:\/\/www.axiomams.eu\/et\/produktas\/flir-e5-pro-soojuskaamera#breadcrumb","itemListElement":[{"@type":"ListItem","position":1,"name":"Home","item":"https:\/\/www.axiomams.eu\/et"},{"@type":"ListItem","position":2,"name":"Tooted","item":"https:\/\/www.axiomams.eu\/et\/tooted"},{"@type":"ListItem","position":3,"name":"Flir E5 Pro soojuskaamera"}]},{"@type":"WebSite","@id":"https:\/\/www.axiomams.eu\/et#website","url":"https:\/\/www.axiomams.eu\/et","name":"AXIOMA MS","description":"Terrmovizoriai ir matavimo \u012franga","publisher":{"@id":"https:\/\/www.axiomams.eu\/et#organization"},"potentialAction":[{"@type":"SearchAction","target":{"@type":"EntryPoint","urlTemplate":"https:\/\/www.axiomams.eu\/et?s={search_term_string}"},"query-input":{"@type":"PropertyValueSpecification","valueRequired":true,"valueName":"search_term_string"}}],"inLanguage":"et"},{"@type":"Organization","@id":"https:\/\/www.axiomams.eu\/et#organization","name":"AXIOMA MS","url":"https:\/\/www.axiomams.eu\/et","logo":{"@type":"ImageObject","inLanguage":"et","@id":"https:\/\/www.axiomams.eu\/et#\/schema\/logo\/image\/","url":"https:\/\/www.axiomams.eu\/wp-content\/uploads\/2025\/06\/axioma-logo-2.png","contentUrl":"https:\/\/www.axiomams.eu\/wp-content\/uploads\/2025\/06\/axioma-logo-2.png","width":1200,"height":1200,"caption":"AXIOMA MS"},"image":{"@id":"https:\/\/www.axiomams.eu\/et#\/schema\/logo\/image\/"},"sameAs":["https:\/\/www.facebook.com\/AxiomaMS","https:\/\/www.linkedin.com\/company\/axiomams\/"]}]}},"_links":{"self":[{"href":"https:\/\/www.axiomams.eu\/et\/wp-json\/wp\/v2\/product\/39915","targetHints":{"allow":["GET"]}}],"collection":[{"href":"https:\/\/www.axiomams.eu\/et\/wp-json\/wp\/v2\/product"}],"about":[{"href":"https:\/\/www.axiomams.eu\/et\/wp-json\/wp\/v2\/types\/product"}],"replies":[{"embeddable":true,"href":"https:\/\/www.axiomams.eu\/et\/wp-json\/wp\/v2\/comments?post=39915"}],"wp:featuredmedia":[{"embeddable":true,"href":"https:\/\/www.axiomams.eu\/et\/wp-json\/wp\/v2\/media\/41327"}],"wp:attachment":[{"href":"https:\/\/www.axiomams.eu\/et\/wp-json\/wp\/v2\/media?parent=39915"}],"wp:term":[{"taxonomy":"product_brand","embeddable":true,"href":"https:\/\/www.axiomams.eu\/et\/wp-json\/wp\/v2\/product_brand?post=39915"},{"taxonomy":"product_cat","embeddable":true,"href":"https:\/\/www.axiomams.eu\/et\/wp-json\/wp\/v2\/product_cat?post=39915"},{"taxonomy":"product_tag","embeddable":true,"href":"https:\/\/www.axiomams.eu\/et\/wp-json\/wp\/v2\/product_tag?post=39915"}],"curies":[{"name":"wp","href":"https:\/\/api.w.org\/{rel}","templated":true}]}}