{"id":39919,"date":"2025-06-12T16:02:15","date_gmt":"2025-06-12T14:02:15","guid":{"rendered":"https:\/\/www.axiomams.eu\/produktas\/pulsar-merger-lrf-xl50-soojuskaamera"},"modified":"2026-02-02T14:28:37","modified_gmt":"2026-02-02T12:28:37","slug":"pulsar-merger-lrf-xl50-soojuskaamera","status":"publish","type":"product","link":"https:\/\/www.axiomams.eu\/et\/produktas\/pulsar-merger-lrf-xl50-soojuskaamera","title":{"rendered":"Pulsar Merger LRF XL50 soojuskaamera"},"content":{"rendered":"<p>Pulsar Merger LRF XL50 soojuskaamera binokkel on m\u00e4rkimisv\u00e4\u00e4rselt ergonoomiline ja mugav. Need v\u00f5imaldavad kahe silmaga vaatlust ja v\u00e4hendavad silmade v\u00e4simist. Need on varustatud integreeritud laserkaugusm\u00f5\u00f5tjaga ja tipptasemel komponentidega, mis iseloomustavad Euroopa kvaliteeti. Pulsar Merger LRF XL50 pakub erakordset pildi detailsust t\u00e4nu oma 1024 x 768 pikslilisele soojusandurile ja uuele AMOLED 1024 x 768 mikroekraanile. Merger LRF XL50 pakub laia vaatev\u00e4lja 14\u00b0 x 10,5\u00b0 ja x2,5 &#8230; x20 suurendust.<\/p>\n<p><b>Detailne ja terav pilt suure suumi korral<\/b><br \/>\nSeadme optilist suurendust saab suurendada digitaalse suumi abil. Isegi k\u00f5rgeima suumim\u00e4\u00e4ra juures on pildi detailsus piisav, et tuvastada ka k\u00f5ige v\u00e4iksemaid objekti detaile. T\u00e4iustatud algoritmid parandavad pildikvaliteeti ja aitavad saavutada teravat ja \u00fcksikasjalikku pilti.<\/p>\n<p><b>Liigne vaatev\u00e4li<\/b><br \/>\nLai vaatev\u00e4li lihtsustab skaneerimist ja kuumade objektide m\u00e4rkamist, v\u00e4hendades samal ajal pildi v\u00e4risemise m\u00f5ju ja t\u00f5stes olukorrateadlikkust. Suurep\u00e4rane pildi detailsus baassuurendusel koos laia vaatev\u00e4ljaga tagab parema vaatlusmugavuse ja stseeni tajumise.<\/p>\n<p><b>Extrapikk avastamisulatus<\/b><br \/>\nV\u00f5imas optika koos professionaalsete soojuskujutisanduritega tagab erakordse avastamisv\u00f5ime. Pulsar Merger LRF XL50 suudab tuvastada kuumad objektid \u00fcle 2 km kaugusele.<\/p>\n<p><b>Kasutajare\u017eiim<\/b><br \/>\nKasutage heleduse ja kontrasti reguleerimist, et maksimeerida pildi detailsust ja informatiivsust konkreetsetes vaatlustingimustes. Kasutajare\u017eiimi funktsioon salvestab valitud heleduse ja kontrasti seadistuse seadme m\u00e4llu, mis tagab optimaalse pildikvaliteedi kohe soojuskaamera j\u00e4rgmisel kasutamisel, ilma et oleks vaja teha t\u00e4iendavaid seadistusi.<\/p>\n<p><b>Klassikaline binokli disain<\/b><br \/>\nPulsar Merger LRF XL50 soojuskujutiste binokkel on ehitatud klassikalise disainiga p\u00e4evakajaliste binoklite j\u00e4rgi. V\u00e4ikese vormifaktoriga soojuskujutiste binoklid sobivad mugavalt k\u00e4tte, kuid pakuvad siiski ahvatlevat v\u00e4lise esteetikat ja eeskujulikku ergonoomikat. Kuus funktsiooninuppu on paigutatud mugavasse ligip\u00e4\u00e4sutsooni ja enim kasutatavad digiseadme funktsioonid aktiveeritakse \u00fche puudutusega.<\/p>\n<p><b>Mugav vaatluskogemus m\u00f5lema silmaga<\/b><br \/>\nPulsar Merger LRF XL50 binokli optiline disain v\u00f5tab arvesse inimese n\u00e4gemise olemust. Inimese jaoks on loomulik, et ta v\u00f5tab visuaalset teavet vastu kahe n\u00e4gemiskanali kaudu samaaegselt. Kahe silmaga vaatamine on v\u00e4hem v\u00e4sitav kui \u00fche silmaga vaatamine. See t\u00e4hendab, et v\u00e4ikeste v\u00f5i h\u00e4marate objektide tuvastamine on parem ja et see toimib paremini madala kontrastsusega stsenaariumides kui sarnased sama tehnilise tasemega monokulaarsed soojuskaamerad. Pulsar Merger LRF XL50 binokli silmadevaheline kaugus on reguleeritav vahemikus 63-74 mm vastavalt konkreetse kasutaja individuaalsetele omadustele.<\/p>\n<p><b>T\u00e4pne laserkaugusm\u00f5\u00f5tja<\/b><br \/>\nSihtkauguse m\u00f5istmine on oluline tegur \u00f5igete otsuste tegemisel. Sisseehitatud laserkaugusm\u00f5\u00f5tja v\u00f5imaldab m\u00f5\u00f5ta vahemaad \u00fcksikm\u00f5\u00f5tmise ja pideva skaneerimise re\u017eiimil \u00b1 1 meetri t\u00e4psusega, et olukorda kiiresti ja vigadeta hinnata.<\/p>\n<p><b>Kombineeritud kahe aku s\u00fcsteem<\/b><br \/>\nPulsar Merger LRF XL50 on varustatud kahe akuga: \u00fcks sisseehitatud aku mahutavusega 4 Ah, teine vahetatav aku mahutavusega 3,2 Ah. \u00dcks laadimine tagab akude pika t\u00f6\u00f6ea.<\/p>\n<p><iframe loading=\"lazy\" width=\"560\" height=\"315\" src=\"https:\/\/www.youtube.com\/embed\/9BVppzIAYo0?si=ltzbXBK71SaspIsu\" title=\"YouTube videopleier\" frameborder=\"0\" allow=\"accelerometer; autoplay; clipboard-write; encrypted-media; gyroscope; picture-in-picture; web-share\" referrerpolicy=\"strict-origin-when-cross-origin\" allowfullscreen><\/iframe><\/p>\n","protected":false},"excerpt":{"rendered":"<p>Pulsar Merger LRF XL50 soojuskaamera binokkel on m\u00e4rkimisv\u00e4\u00e4rselt ergonoomiline ja mugav. Need v\u00f5imaldavad kahe silmaga vaatlust ja v\u00e4hendavad silmade v\u00e4simist. Need on varustatud integreeritud laserkaugusm\u00f5\u00f5tjaga ja tipptasemel komponentidega, mis iseloomustavad Euroopa kvaliteeti. Pulsar Merger LRF XL50 pakub erakordset pildi detailsust t\u00e4nu oma 1024 x 768 pikslilisele soojusandurile ja uuele AMOLED 1024 x 768 mikroekraanile. Merger&#8230;<\/p>\n","protected":false},"featured_media":41335,"comment_status":"open","ping_status":"closed","template":"","meta":{"_acf_changed":false},"product_brand":[17695],"product_cat":[17799],"product_tag":[],"class_list":{"0":"post-39919","1":"product","2":"type-product","3":"status-publish","4":"has-post-thumbnail","6":"product_brand-pulsar","7":"product_cat-jahindamiseks-ja-vaatlemiseks","9":"first","10":"instock","11":"taxable","12":"shipping-taxable","13":"purchasable","14":"product-type-simple"},"acf":[],"yoast_head":"<!-- This site is optimized with the Yoast SEO plugin v27.0 - https:\/\/yoast.com\/product\/yoast-seo-wordpress\/ -->\n<title>Pulsar Merger LRF XL50 soojuskaamera - AXIOMA MS<\/title>\n<meta name=\"robots\" content=\"index, follow, max-snippet:-1, max-image-preview:large, max-video-preview:-1\" \/>\n<link rel=\"canonical\" href=\"https:\/\/www.axiomams.eu\/et\/produktas\/pulsar-merger-lrf-xl50-soojuskaamera\" \/>\n<meta property=\"og:locale\" content=\"et_EE\" \/>\n<meta property=\"og:type\" content=\"article\" \/>\n<meta property=\"og:title\" content=\"Pulsar Merger LRF XL50 soojuskaamera - AXIOMA MS\" \/>\n<meta property=\"og:description\" content=\"Pulsar Merger LRF XL50 soojuskaamera binokkel on m\u00e4rkimisv\u00e4\u00e4rselt ergonoomiline ja mugav. Need v\u00f5imaldavad kahe silmaga vaatlust ja v\u00e4hendavad silmade v\u00e4simist. Need on varustatud integreeritud laserkaugusm\u00f5\u00f5tjaga ja tipptasemel komponentidega, mis iseloomustavad Euroopa kvaliteeti. Pulsar Merger LRF XL50 pakub erakordset pildi detailsust t\u00e4nu oma 1024 x 768 pikslilisele soojusandurile ja uuele AMOLED 1024 x 768 mikroekraanile. Merger...\" \/>\n<meta property=\"og:url\" content=\"https:\/\/www.axiomams.eu\/et\/produktas\/pulsar-merger-lrf-xl50-soojuskaamera\" \/>\n<meta property=\"og:site_name\" content=\"AXIOMA MS\" \/>\n<meta property=\"article:publisher\" content=\"https:\/\/www.facebook.com\/AxiomaMS\" \/>\n<meta property=\"article:modified_time\" content=\"2026-02-02T12:28:37+00:00\" \/>\n<meta property=\"og:image\" content=\"https:\/\/www.axiomams.eu\/wp-content\/uploads\/2025\/07\/4609-5932.jpg\" \/>\n\t<meta property=\"og:image:width\" content=\"700\" \/>\n\t<meta property=\"og:image:height\" content=\"700\" \/>\n\t<meta property=\"og:image:type\" content=\"image\/jpeg\" \/>\n<meta name=\"twitter:card\" content=\"summary_large_image\" \/>\n<meta name=\"twitter:label1\" content=\"Est. reading time\" \/>\n\t<meta name=\"twitter:data1\" content=\"2 minut\" \/>\n<script type=\"application\/ld+json\" class=\"yoast-schema-graph\">{\"@context\":\"https:\/\/schema.org\",\"@graph\":[{\"@type\":\"WebPage\",\"@id\":\"https:\/\/www.axiomams.eu\/et\/produktas\/pulsar-merger-lrf-xl50-soojuskaamera\",\"url\":\"https:\/\/www.axiomams.eu\/et\/produktas\/pulsar-merger-lrf-xl50-soojuskaamera\",\"name\":\"Pulsar Merger LRF XL50 soojuskaamera - AXIOMA MS\",\"isPartOf\":{\"@id\":\"https:\/\/www.axiomams.eu\/et#website\"},\"primaryImageOfPage\":{\"@id\":\"https:\/\/www.axiomams.eu\/et\/produktas\/pulsar-merger-lrf-xl50-soojuskaamera#primaryimage\"},\"image\":{\"@id\":\"https:\/\/www.axiomams.eu\/et\/produktas\/pulsar-merger-lrf-xl50-soojuskaamera#primaryimage\"},\"thumbnailUrl\":\"https:\/\/www.axiomams.eu\/wp-content\/uploads\/2025\/07\/4609-5932.jpg\",\"datePublished\":\"2025-06-12T14:02:15+00:00\",\"dateModified\":\"2026-02-02T12:28:37+00:00\",\"breadcrumb\":{\"@id\":\"https:\/\/www.axiomams.eu\/et\/produktas\/pulsar-merger-lrf-xl50-soojuskaamera#breadcrumb\"},\"inLanguage\":\"et\",\"potentialAction\":[{\"@type\":\"ReadAction\",\"target\":[\"https:\/\/www.axiomams.eu\/et\/produktas\/pulsar-merger-lrf-xl50-soojuskaamera\"]}]},{\"@type\":\"ImageObject\",\"inLanguage\":\"et\",\"@id\":\"https:\/\/www.axiomams.eu\/et\/produktas\/pulsar-merger-lrf-xl50-soojuskaamera#primaryimage\",\"url\":\"https:\/\/www.axiomams.eu\/wp-content\/uploads\/2025\/07\/4609-5932.jpg\",\"contentUrl\":\"https:\/\/www.axiomams.eu\/wp-content\/uploads\/2025\/07\/4609-5932.jpg\",\"width\":700,\"height\":700},{\"@type\":\"BreadcrumbList\",\"@id\":\"https:\/\/www.axiomams.eu\/et\/produktas\/pulsar-merger-lrf-xl50-soojuskaamera#breadcrumb\",\"itemListElement\":[{\"@type\":\"ListItem\",\"position\":1,\"name\":\"Home\",\"item\":\"https:\/\/www.axiomams.eu\/et\"},{\"@type\":\"ListItem\",\"position\":2,\"name\":\"Tooted\",\"item\":\"https:\/\/www.axiomams.eu\/et\/tooted\"},{\"@type\":\"ListItem\",\"position\":3,\"name\":\"Pulsar Merger LRF XL50 soojuskaamera\"}]},{\"@type\":\"WebSite\",\"@id\":\"https:\/\/www.axiomams.eu\/et#website\",\"url\":\"https:\/\/www.axiomams.eu\/et\",\"name\":\"AXIOMA MS\",\"description\":\"Terrmovizoriai ir matavimo \u012franga\",\"publisher\":{\"@id\":\"https:\/\/www.axiomams.eu\/et#organization\"},\"potentialAction\":[{\"@type\":\"SearchAction\",\"target\":{\"@type\":\"EntryPoint\",\"urlTemplate\":\"https:\/\/www.axiomams.eu\/et?s={search_term_string}\"},\"query-input\":{\"@type\":\"PropertyValueSpecification\",\"valueRequired\":true,\"valueName\":\"search_term_string\"}}],\"inLanguage\":\"et\"},{\"@type\":\"Organization\",\"@id\":\"https:\/\/www.axiomams.eu\/et#organization\",\"name\":\"AXIOMA MS\",\"url\":\"https:\/\/www.axiomams.eu\/et\",\"logo\":{\"@type\":\"ImageObject\",\"inLanguage\":\"et\",\"@id\":\"https:\/\/www.axiomams.eu\/et#\/schema\/logo\/image\/\",\"url\":\"https:\/\/www.axiomams.eu\/wp-content\/uploads\/2025\/06\/axioma-logo-2.png\",\"contentUrl\":\"https:\/\/www.axiomams.eu\/wp-content\/uploads\/2025\/06\/axioma-logo-2.png\",\"width\":1200,\"height\":1200,\"caption\":\"AXIOMA MS\"},\"image\":{\"@id\":\"https:\/\/www.axiomams.eu\/et#\/schema\/logo\/image\/\"},\"sameAs\":[\"https:\/\/www.facebook.com\/AxiomaMS\",\"https:\/\/www.linkedin.com\/company\/axiomams\/\"]}]}<\/script>\n<!-- \/ Yoast SEO plugin. -->","yoast_head_json":{"title":"Pulsar Merger LRF XL50 soojuskaamera - AXIOMA MS","robots":{"index":"index","follow":"follow","max-snippet":"max-snippet:-1","max-image-preview":"max-image-preview:large","max-video-preview":"max-video-preview:-1"},"canonical":"https:\/\/www.axiomams.eu\/et\/produktas\/pulsar-merger-lrf-xl50-soojuskaamera","og_locale":"et_EE","og_type":"article","og_title":"Pulsar Merger LRF XL50 soojuskaamera - AXIOMA MS","og_description":"Pulsar Merger LRF XL50 soojuskaamera binokkel on m\u00e4rkimisv\u00e4\u00e4rselt ergonoomiline ja mugav. Need v\u00f5imaldavad kahe silmaga vaatlust ja v\u00e4hendavad silmade v\u00e4simist. Need on varustatud integreeritud laserkaugusm\u00f5\u00f5tjaga ja tipptasemel komponentidega, mis iseloomustavad Euroopa kvaliteeti. Pulsar Merger LRF XL50 pakub erakordset pildi detailsust t\u00e4nu oma 1024 x 768 pikslilisele soojusandurile ja uuele AMOLED 1024 x 768 mikroekraanile. Merger...","og_url":"https:\/\/www.axiomams.eu\/et\/produktas\/pulsar-merger-lrf-xl50-soojuskaamera","og_site_name":"AXIOMA MS","article_publisher":"https:\/\/www.facebook.com\/AxiomaMS","article_modified_time":"2026-02-02T12:28:37+00:00","og_image":[{"width":700,"height":700,"url":"https:\/\/www.axiomams.eu\/wp-content\/uploads\/2025\/07\/4609-5932.jpg","type":"image\/jpeg"}],"twitter_card":"summary_large_image","twitter_misc":{"Est. reading time":"2 minut"},"schema":{"@context":"https:\/\/schema.org","@graph":[{"@type":"WebPage","@id":"https:\/\/www.axiomams.eu\/et\/produktas\/pulsar-merger-lrf-xl50-soojuskaamera","url":"https:\/\/www.axiomams.eu\/et\/produktas\/pulsar-merger-lrf-xl50-soojuskaamera","name":"Pulsar Merger LRF XL50 soojuskaamera - AXIOMA MS","isPartOf":{"@id":"https:\/\/www.axiomams.eu\/et#website"},"primaryImageOfPage":{"@id":"https:\/\/www.axiomams.eu\/et\/produktas\/pulsar-merger-lrf-xl50-soojuskaamera#primaryimage"},"image":{"@id":"https:\/\/www.axiomams.eu\/et\/produktas\/pulsar-merger-lrf-xl50-soojuskaamera#primaryimage"},"thumbnailUrl":"https:\/\/www.axiomams.eu\/wp-content\/uploads\/2025\/07\/4609-5932.jpg","datePublished":"2025-06-12T14:02:15+00:00","dateModified":"2026-02-02T12:28:37+00:00","breadcrumb":{"@id":"https:\/\/www.axiomams.eu\/et\/produktas\/pulsar-merger-lrf-xl50-soojuskaamera#breadcrumb"},"inLanguage":"et","potentialAction":[{"@type":"ReadAction","target":["https:\/\/www.axiomams.eu\/et\/produktas\/pulsar-merger-lrf-xl50-soojuskaamera"]}]},{"@type":"ImageObject","inLanguage":"et","@id":"https:\/\/www.axiomams.eu\/et\/produktas\/pulsar-merger-lrf-xl50-soojuskaamera#primaryimage","url":"https:\/\/www.axiomams.eu\/wp-content\/uploads\/2025\/07\/4609-5932.jpg","contentUrl":"https:\/\/www.axiomams.eu\/wp-content\/uploads\/2025\/07\/4609-5932.jpg","width":700,"height":700},{"@type":"BreadcrumbList","@id":"https:\/\/www.axiomams.eu\/et\/produktas\/pulsar-merger-lrf-xl50-soojuskaamera#breadcrumb","itemListElement":[{"@type":"ListItem","position":1,"name":"Home","item":"https:\/\/www.axiomams.eu\/et"},{"@type":"ListItem","position":2,"name":"Tooted","item":"https:\/\/www.axiomams.eu\/et\/tooted"},{"@type":"ListItem","position":3,"name":"Pulsar Merger LRF XL50 soojuskaamera"}]},{"@type":"WebSite","@id":"https:\/\/www.axiomams.eu\/et#website","url":"https:\/\/www.axiomams.eu\/et","name":"AXIOMA MS","description":"Terrmovizoriai ir matavimo \u012franga","publisher":{"@id":"https:\/\/www.axiomams.eu\/et#organization"},"potentialAction":[{"@type":"SearchAction","target":{"@type":"EntryPoint","urlTemplate":"https:\/\/www.axiomams.eu\/et?s={search_term_string}"},"query-input":{"@type":"PropertyValueSpecification","valueRequired":true,"valueName":"search_term_string"}}],"inLanguage":"et"},{"@type":"Organization","@id":"https:\/\/www.axiomams.eu\/et#organization","name":"AXIOMA MS","url":"https:\/\/www.axiomams.eu\/et","logo":{"@type":"ImageObject","inLanguage":"et","@id":"https:\/\/www.axiomams.eu\/et#\/schema\/logo\/image\/","url":"https:\/\/www.axiomams.eu\/wp-content\/uploads\/2025\/06\/axioma-logo-2.png","contentUrl":"https:\/\/www.axiomams.eu\/wp-content\/uploads\/2025\/06\/axioma-logo-2.png","width":1200,"height":1200,"caption":"AXIOMA MS"},"image":{"@id":"https:\/\/www.axiomams.eu\/et#\/schema\/logo\/image\/"},"sameAs":["https:\/\/www.facebook.com\/AxiomaMS","https:\/\/www.linkedin.com\/company\/axiomams\/"]}]}},"_links":{"self":[{"href":"https:\/\/www.axiomams.eu\/et\/wp-json\/wp\/v2\/product\/39919","targetHints":{"allow":["GET"]}}],"collection":[{"href":"https:\/\/www.axiomams.eu\/et\/wp-json\/wp\/v2\/product"}],"about":[{"href":"https:\/\/www.axiomams.eu\/et\/wp-json\/wp\/v2\/types\/product"}],"replies":[{"embeddable":true,"href":"https:\/\/www.axiomams.eu\/et\/wp-json\/wp\/v2\/comments?post=39919"}],"wp:featuredmedia":[{"embeddable":true,"href":"https:\/\/www.axiomams.eu\/et\/wp-json\/wp\/v2\/media\/41335"}],"wp:attachment":[{"href":"https:\/\/www.axiomams.eu\/et\/wp-json\/wp\/v2\/media?parent=39919"}],"wp:term":[{"taxonomy":"product_brand","embeddable":true,"href":"https:\/\/www.axiomams.eu\/et\/wp-json\/wp\/v2\/product_brand?post=39919"},{"taxonomy":"product_cat","embeddable":true,"href":"https:\/\/www.axiomams.eu\/et\/wp-json\/wp\/v2\/product_cat?post=39919"},{"taxonomy":"product_tag","embeddable":true,"href":"https:\/\/www.axiomams.eu\/et\/wp-json\/wp\/v2\/product_tag?post=39919"}],"curies":[{"name":"wp","href":"https:\/\/api.w.org\/{rel}","templated":true}]}}