{"id":39924,"date":"2025-05-15T17:55:24","date_gmt":"2025-05-15T15:55:24","guid":{"rendered":"https:\/\/www.axiomams.eu\/produktas\/metrel-mi-2892-eu-elektrienergia-kvaliteedi-analusaator"},"modified":"2026-02-02T14:28:40","modified_gmt":"2026-02-02T12:28:40","slug":"metrel-mi-2892-eu-elektrienergia-kvaliteedi-analusaator","status":"publish","type":"product","link":"https:\/\/www.axiomams.eu\/et\/produktas\/metrel-mi-2892-eu-elektrienergia-kvaliteedi-analusaator","title":{"rendered":"Metrel MI 2892 EU elektrienergia kvaliteedi anal\u00fcsaator"},"content":{"rendered":"<p>Metrel MI 2892 Power Master on k\u00e4eshoitav kolmefaasiline voolukvaliteedi anal\u00fcsaator, millel on suur kergesti loetav graafiline v\u00e4rviline ekraan, mis v\u00f5imaldab kasutajal lihtsalt seadme \u00fchendamise teel tuvastada harmoonilisi, faasilisi ja lainekujulisi k\u00f5rvalekaldeid paigaldises. Seade on ette n\u00e4htud nii pikaajaliseks salvestamiseks kui ka kolme- ja \u00fchefaasiliste elektrijaotuss\u00fcsteemide elektrikvaliteediprobleemide t\u00f5rkeotsinguks. See seade vastab standardi IEC 61000-4-30 3. v\u00e4ljaande uusimale versioonile.<\/p>\n<p>Standardkomplekt: seade Power Master, 1-faasilised paindlikud vooluklambrid 3000 \/ 300 \/ 30 A (4 x A 1227), katsesond, (pruun, must, hall, roheline, sinine), 5 tk, krokodillklamber, (pruun, must, hall, roheline, sinine), 5 tk, pingem\u00f5\u00f5tmisjuhe, (pruun, must, hall, roheline, sinine), 5 tk, temperatuuriandur, microSD-m\u00e4lukaart 8.0 GB, PC SW PowerView3, RS232, USB ja Ethernet kaablid, toiteadapter, 1,2 V NiMH aku, 6 tk, pehme kandekott, kasutusjuhend, kalibreerimissertifikaat.<\/p>\n<h3>Tehniline teave:<\/h3>\n<ul>\n<li><a href=\"https:\/\/axiomams.eu\/importer\/export\/attachments\/en\/single_2019_mi_2892_power_master_ang.pdf\" target=\"_blank\">Single_2019_MI_2892_Power_Master_Ang.pdf<\/a><\/li>\n<\/ul>\n","protected":false},"excerpt":{"rendered":"<p>Metrel MI 2892 Power Master on k\u00e4eshoitav kolmefaasiline voolukvaliteedi anal\u00fcsaator, millel on suur kergesti loetav graafiline v\u00e4rviline ekraan, mis v\u00f5imaldab kasutajal lihtsalt seadme \u00fchendamise teel tuvastada harmoonilisi, faasilisi ja lainekujulisi k\u00f5rvalekaldeid paigaldises. Seade on ette n\u00e4htud nii pikaajaliseks salvestamiseks kui ka kolme- ja \u00fchefaasiliste elektrijaotuss\u00fcsteemide elektrikvaliteediprobleemide t\u00f5rkeotsinguks. See seade vastab standardi IEC 61000-4-30 3. v\u00e4ljaande&#8230;<\/p>\n","protected":false},"featured_media":41345,"comment_status":"open","ping_status":"closed","template":"","meta":{"_acf_changed":false},"product_brand":[732],"product_cat":[17780],"product_tag":[],"class_list":{"0":"post-39924","1":"product","2":"type-product","3":"status-publish","4":"has-post-thumbnail","6":"product_brand-metrel","7":"product_cat-elektrivorgu-analuus-ja-raamatupidamine","9":"first","10":"instock","11":"taxable","12":"shipping-taxable","13":"purchasable","14":"product-type-simple"},"acf":[],"yoast_head":"<!-- This site is optimized with the Yoast SEO plugin v27.0 - https:\/\/yoast.com\/product\/yoast-seo-wordpress\/ -->\n<title>Metrel MI 2892 EU elektrienergia kvaliteedi anal\u00fcsaator - AXIOMA MS<\/title>\n<meta name=\"robots\" content=\"index, follow, max-snippet:-1, max-image-preview:large, max-video-preview:-1\" \/>\n<link rel=\"canonical\" href=\"https:\/\/www.axiomams.eu\/et\/produktas\/metrel-mi-2892-eu-elektrienergia-kvaliteedi-analusaator\" \/>\n<meta property=\"og:locale\" content=\"et_EE\" \/>\n<meta property=\"og:type\" content=\"article\" \/>\n<meta property=\"og:title\" content=\"Metrel MI 2892 EU elektrienergia kvaliteedi anal\u00fcsaator - AXIOMA MS\" \/>\n<meta property=\"og:description\" content=\"Metrel MI 2892 Power Master on k\u00e4eshoitav kolmefaasiline voolukvaliteedi anal\u00fcsaator, millel on suur kergesti loetav graafiline v\u00e4rviline ekraan, mis v\u00f5imaldab kasutajal lihtsalt seadme \u00fchendamise teel tuvastada harmoonilisi, faasilisi ja lainekujulisi k\u00f5rvalekaldeid paigaldises. Seade on ette n\u00e4htud nii pikaajaliseks salvestamiseks kui ka kolme- ja \u00fchefaasiliste elektrijaotuss\u00fcsteemide elektrikvaliteediprobleemide t\u00f5rkeotsinguks. See seade vastab standardi IEC 61000-4-30 3. v\u00e4ljaande...\" \/>\n<meta property=\"og:url\" content=\"https:\/\/www.axiomams.eu\/et\/produktas\/metrel-mi-2892-eu-elektrienergia-kvaliteedi-analusaator\" \/>\n<meta property=\"og:site_name\" content=\"AXIOMA MS\" \/>\n<meta property=\"article:publisher\" content=\"https:\/\/www.facebook.com\/AxiomaMS\" \/>\n<meta property=\"article:modified_time\" content=\"2026-02-02T12:28:40+00:00\" \/>\n<meta property=\"og:image\" content=\"https:\/\/www.axiomams.eu\/wp-content\/uploads\/2025\/07\/441-1467.png\" \/>\n\t<meta property=\"og:image:width\" content=\"1121\" \/>\n\t<meta property=\"og:image:height\" content=\"1020\" \/>\n\t<meta property=\"og:image:type\" content=\"image\/png\" \/>\n<meta name=\"twitter:card\" content=\"summary_large_image\" \/>\n<meta name=\"twitter:label1\" content=\"Est. reading time\" \/>\n\t<meta name=\"twitter:data1\" content=\"1 minut\" \/>\n<script type=\"application\/ld+json\" class=\"yoast-schema-graph\">{\"@context\":\"https:\/\/schema.org\",\"@graph\":[{\"@type\":\"WebPage\",\"@id\":\"https:\/\/www.axiomams.eu\/et\/produktas\/metrel-mi-2892-eu-elektrienergia-kvaliteedi-analusaator\",\"url\":\"https:\/\/www.axiomams.eu\/et\/produktas\/metrel-mi-2892-eu-elektrienergia-kvaliteedi-analusaator\",\"name\":\"Metrel MI 2892 EU elektrienergia kvaliteedi anal\u00fcsaator - AXIOMA MS\",\"isPartOf\":{\"@id\":\"https:\/\/www.axiomams.eu\/et#website\"},\"primaryImageOfPage\":{\"@id\":\"https:\/\/www.axiomams.eu\/et\/produktas\/metrel-mi-2892-eu-elektrienergia-kvaliteedi-analusaator#primaryimage\"},\"image\":{\"@id\":\"https:\/\/www.axiomams.eu\/et\/produktas\/metrel-mi-2892-eu-elektrienergia-kvaliteedi-analusaator#primaryimage\"},\"thumbnailUrl\":\"https:\/\/www.axiomams.eu\/wp-content\/uploads\/2025\/07\/441-1467.png\",\"datePublished\":\"2025-05-15T15:55:24+00:00\",\"dateModified\":\"2026-02-02T12:28:40+00:00\",\"breadcrumb\":{\"@id\":\"https:\/\/www.axiomams.eu\/et\/produktas\/metrel-mi-2892-eu-elektrienergia-kvaliteedi-analusaator#breadcrumb\"},\"inLanguage\":\"et\",\"potentialAction\":[{\"@type\":\"ReadAction\",\"target\":[\"https:\/\/www.axiomams.eu\/et\/produktas\/metrel-mi-2892-eu-elektrienergia-kvaliteedi-analusaator\"]}]},{\"@type\":\"ImageObject\",\"inLanguage\":\"et\",\"@id\":\"https:\/\/www.axiomams.eu\/et\/produktas\/metrel-mi-2892-eu-elektrienergia-kvaliteedi-analusaator#primaryimage\",\"url\":\"https:\/\/www.axiomams.eu\/wp-content\/uploads\/2025\/07\/441-1467.png\",\"contentUrl\":\"https:\/\/www.axiomams.eu\/wp-content\/uploads\/2025\/07\/441-1467.png\",\"width\":1121,\"height\":1020},{\"@type\":\"BreadcrumbList\",\"@id\":\"https:\/\/www.axiomams.eu\/et\/produktas\/metrel-mi-2892-eu-elektrienergia-kvaliteedi-analusaator#breadcrumb\",\"itemListElement\":[{\"@type\":\"ListItem\",\"position\":1,\"name\":\"Home\",\"item\":\"https:\/\/www.axiomams.eu\/et\"},{\"@type\":\"ListItem\",\"position\":2,\"name\":\"Tooted\",\"item\":\"https:\/\/www.axiomams.eu\/et\/tooted\"},{\"@type\":\"ListItem\",\"position\":3,\"name\":\"Metrel MI 2892 EU elektrienergia kvaliteedi anal\u00fcsaator\"}]},{\"@type\":\"WebSite\",\"@id\":\"https:\/\/www.axiomams.eu\/et#website\",\"url\":\"https:\/\/www.axiomams.eu\/et\",\"name\":\"AXIOMA MS\",\"description\":\"Terrmovizoriai ir matavimo \u012franga\",\"publisher\":{\"@id\":\"https:\/\/www.axiomams.eu\/et#organization\"},\"potentialAction\":[{\"@type\":\"SearchAction\",\"target\":{\"@type\":\"EntryPoint\",\"urlTemplate\":\"https:\/\/www.axiomams.eu\/et?s={search_term_string}\"},\"query-input\":{\"@type\":\"PropertyValueSpecification\",\"valueRequired\":true,\"valueName\":\"search_term_string\"}}],\"inLanguage\":\"et\"},{\"@type\":\"Organization\",\"@id\":\"https:\/\/www.axiomams.eu\/et#organization\",\"name\":\"AXIOMA MS\",\"url\":\"https:\/\/www.axiomams.eu\/et\",\"logo\":{\"@type\":\"ImageObject\",\"inLanguage\":\"et\",\"@id\":\"https:\/\/www.axiomams.eu\/et#\/schema\/logo\/image\/\",\"url\":\"https:\/\/www.axiomams.eu\/wp-content\/uploads\/2025\/06\/axioma-logo-2.png\",\"contentUrl\":\"https:\/\/www.axiomams.eu\/wp-content\/uploads\/2025\/06\/axioma-logo-2.png\",\"width\":1200,\"height\":1200,\"caption\":\"AXIOMA MS\"},\"image\":{\"@id\":\"https:\/\/www.axiomams.eu\/et#\/schema\/logo\/image\/\"},\"sameAs\":[\"https:\/\/www.facebook.com\/AxiomaMS\",\"https:\/\/www.linkedin.com\/company\/axiomams\/\"]}]}<\/script>\n<!-- \/ Yoast SEO plugin. -->","yoast_head_json":{"title":"Metrel MI 2892 EU elektrienergia kvaliteedi anal\u00fcsaator - AXIOMA MS","robots":{"index":"index","follow":"follow","max-snippet":"max-snippet:-1","max-image-preview":"max-image-preview:large","max-video-preview":"max-video-preview:-1"},"canonical":"https:\/\/www.axiomams.eu\/et\/produktas\/metrel-mi-2892-eu-elektrienergia-kvaliteedi-analusaator","og_locale":"et_EE","og_type":"article","og_title":"Metrel MI 2892 EU elektrienergia kvaliteedi anal\u00fcsaator - AXIOMA MS","og_description":"Metrel MI 2892 Power Master on k\u00e4eshoitav kolmefaasiline voolukvaliteedi anal\u00fcsaator, millel on suur kergesti loetav graafiline v\u00e4rviline ekraan, mis v\u00f5imaldab kasutajal lihtsalt seadme \u00fchendamise teel tuvastada harmoonilisi, faasilisi ja lainekujulisi k\u00f5rvalekaldeid paigaldises. Seade on ette n\u00e4htud nii pikaajaliseks salvestamiseks kui ka kolme- ja \u00fchefaasiliste elektrijaotuss\u00fcsteemide elektrikvaliteediprobleemide t\u00f5rkeotsinguks. See seade vastab standardi IEC 61000-4-30 3. v\u00e4ljaande...","og_url":"https:\/\/www.axiomams.eu\/et\/produktas\/metrel-mi-2892-eu-elektrienergia-kvaliteedi-analusaator","og_site_name":"AXIOMA MS","article_publisher":"https:\/\/www.facebook.com\/AxiomaMS","article_modified_time":"2026-02-02T12:28:40+00:00","og_image":[{"width":1121,"height":1020,"url":"https:\/\/www.axiomams.eu\/wp-content\/uploads\/2025\/07\/441-1467.png","type":"image\/png"}],"twitter_card":"summary_large_image","twitter_misc":{"Est. reading time":"1 minut"},"schema":{"@context":"https:\/\/schema.org","@graph":[{"@type":"WebPage","@id":"https:\/\/www.axiomams.eu\/et\/produktas\/metrel-mi-2892-eu-elektrienergia-kvaliteedi-analusaator","url":"https:\/\/www.axiomams.eu\/et\/produktas\/metrel-mi-2892-eu-elektrienergia-kvaliteedi-analusaator","name":"Metrel MI 2892 EU elektrienergia kvaliteedi anal\u00fcsaator - AXIOMA MS","isPartOf":{"@id":"https:\/\/www.axiomams.eu\/et#website"},"primaryImageOfPage":{"@id":"https:\/\/www.axiomams.eu\/et\/produktas\/metrel-mi-2892-eu-elektrienergia-kvaliteedi-analusaator#primaryimage"},"image":{"@id":"https:\/\/www.axiomams.eu\/et\/produktas\/metrel-mi-2892-eu-elektrienergia-kvaliteedi-analusaator#primaryimage"},"thumbnailUrl":"https:\/\/www.axiomams.eu\/wp-content\/uploads\/2025\/07\/441-1467.png","datePublished":"2025-05-15T15:55:24+00:00","dateModified":"2026-02-02T12:28:40+00:00","breadcrumb":{"@id":"https:\/\/www.axiomams.eu\/et\/produktas\/metrel-mi-2892-eu-elektrienergia-kvaliteedi-analusaator#breadcrumb"},"inLanguage":"et","potentialAction":[{"@type":"ReadAction","target":["https:\/\/www.axiomams.eu\/et\/produktas\/metrel-mi-2892-eu-elektrienergia-kvaliteedi-analusaator"]}]},{"@type":"ImageObject","inLanguage":"et","@id":"https:\/\/www.axiomams.eu\/et\/produktas\/metrel-mi-2892-eu-elektrienergia-kvaliteedi-analusaator#primaryimage","url":"https:\/\/www.axiomams.eu\/wp-content\/uploads\/2025\/07\/441-1467.png","contentUrl":"https:\/\/www.axiomams.eu\/wp-content\/uploads\/2025\/07\/441-1467.png","width":1121,"height":1020},{"@type":"BreadcrumbList","@id":"https:\/\/www.axiomams.eu\/et\/produktas\/metrel-mi-2892-eu-elektrienergia-kvaliteedi-analusaator#breadcrumb","itemListElement":[{"@type":"ListItem","position":1,"name":"Home","item":"https:\/\/www.axiomams.eu\/et"},{"@type":"ListItem","position":2,"name":"Tooted","item":"https:\/\/www.axiomams.eu\/et\/tooted"},{"@type":"ListItem","position":3,"name":"Metrel MI 2892 EU elektrienergia kvaliteedi anal\u00fcsaator"}]},{"@type":"WebSite","@id":"https:\/\/www.axiomams.eu\/et#website","url":"https:\/\/www.axiomams.eu\/et","name":"AXIOMA MS","description":"Terrmovizoriai ir matavimo \u012franga","publisher":{"@id":"https:\/\/www.axiomams.eu\/et#organization"},"potentialAction":[{"@type":"SearchAction","target":{"@type":"EntryPoint","urlTemplate":"https:\/\/www.axiomams.eu\/et?s={search_term_string}"},"query-input":{"@type":"PropertyValueSpecification","valueRequired":true,"valueName":"search_term_string"}}],"inLanguage":"et"},{"@type":"Organization","@id":"https:\/\/www.axiomams.eu\/et#organization","name":"AXIOMA MS","url":"https:\/\/www.axiomams.eu\/et","logo":{"@type":"ImageObject","inLanguage":"et","@id":"https:\/\/www.axiomams.eu\/et#\/schema\/logo\/image\/","url":"https:\/\/www.axiomams.eu\/wp-content\/uploads\/2025\/06\/axioma-logo-2.png","contentUrl":"https:\/\/www.axiomams.eu\/wp-content\/uploads\/2025\/06\/axioma-logo-2.png","width":1200,"height":1200,"caption":"AXIOMA MS"},"image":{"@id":"https:\/\/www.axiomams.eu\/et#\/schema\/logo\/image\/"},"sameAs":["https:\/\/www.facebook.com\/AxiomaMS","https:\/\/www.linkedin.com\/company\/axiomams\/"]}]}},"_links":{"self":[{"href":"https:\/\/www.axiomams.eu\/et\/wp-json\/wp\/v2\/product\/39924","targetHints":{"allow":["GET"]}}],"collection":[{"href":"https:\/\/www.axiomams.eu\/et\/wp-json\/wp\/v2\/product"}],"about":[{"href":"https:\/\/www.axiomams.eu\/et\/wp-json\/wp\/v2\/types\/product"}],"replies":[{"embeddable":true,"href":"https:\/\/www.axiomams.eu\/et\/wp-json\/wp\/v2\/comments?post=39924"}],"wp:featuredmedia":[{"embeddable":true,"href":"https:\/\/www.axiomams.eu\/et\/wp-json\/wp\/v2\/media\/41345"}],"wp:attachment":[{"href":"https:\/\/www.axiomams.eu\/et\/wp-json\/wp\/v2\/media?parent=39924"}],"wp:term":[{"taxonomy":"product_brand","embeddable":true,"href":"https:\/\/www.axiomams.eu\/et\/wp-json\/wp\/v2\/product_brand?post=39924"},{"taxonomy":"product_cat","embeddable":true,"href":"https:\/\/www.axiomams.eu\/et\/wp-json\/wp\/v2\/product_cat?post=39924"},{"taxonomy":"product_tag","embeddable":true,"href":"https:\/\/www.axiomams.eu\/et\/wp-json\/wp\/v2\/product_tag?post=39924"}],"curies":[{"name":"wp","href":"https:\/\/api.w.org\/{rel}","templated":true}]}}