{"id":39926,"date":"2025-05-15T17:55:27","date_gmt":"2025-05-15T15:55:27","guid":{"rendered":"https:\/\/www.axiomams.eu\/produktas\/metrel-mi-3115-st-pv-tester"},"modified":"2026-02-02T14:28:41","modified_gmt":"2026-02-02T12:28:41","slug":"metrel-mi-3115-st-pv-tester","status":"publish","type":"product","link":"https:\/\/www.axiomams.eu\/et\/produktas\/metrel-mi-3115-st-pv-tester","title":{"rendered":"Metrel MI 3115 ST PV Tester"},"content":{"rendered":"<p>Metrel MI 3115 PV anal\u00fcsaator toetab k\u00f5iki LST EN 62446-1 ja LST EN 62446-2 teste. Kasutatakse suurte 1500 V PV-elektrijaamade katsetamisel, hoolduskatsetustel, perioodilistel katsetustel, esmakontrolli katsetustel, hindamisel ja veaotsingul, aruannete koostamisel.<\/p>\n<p>MI 3115 PV pakub testimist vastavalt standardile LST EN 62446:<br \/>\n&#8211; PV-ahelate isolatsioonitakistuse m\u00f5\u00f5tmised<br \/>\n&#8211; I\/U karakteristiku m\u00f5\u00f5tmised<br \/>\n&#8211; m\u00f5\u00f5detud v\u00e4\u00e4rtuste teisendamine STC-v\u00e4\u00e4rtusteks<br \/>\n&#8211; v\u00f5rdlus PV-moodulite tootjate poolt esitatud nimiv\u00e4\u00e4rtustega.<\/p>\n<p>Kiirguse ja elemendi temperatuuri m\u00f5\u00f5tmine reaalajas juhtmevaba kaugjuhtimispuldi abil.<br \/>\nMetrel ES Manager tarkvara v\u00f5imaldab m\u00f5\u00f5tmisstruktuuri ja m\u00f5\u00f5tmiste eelvalmistamist, selle struktuuri \u00fcleslaadimist v\u00f5i allalaadimist ja seej\u00e4rel tulemuste l\u00e4bivaatamist, v\u00f5imaldab I\/U k\u00f5vera t\u00e4iustatud anal\u00fc\u00fcsi, PV-moodulite DB explorer&#8217;i ja professionaalse aruande koostamist.<br \/>\n1500 V PV-s\u00fcsteemide isolatsiooni ja I\/U m\u00f5\u00f5tmine \u00fches seadmes.<br \/>\nMahutavuse m\u00f5\u00f5tmise meetod.<br \/>\nAutomaatne test LST EN 62446-1 testide jaoks.<br \/>\nVarem valesti sisestatud parameetrite parandamine juba teostatud m\u00f5\u00f5tmisel v\u00f5i m\u00f5\u00f5tmisr\u00fchmas.<\/p>\n<p><b>Standardkomplekt:<\/b> Metrel MI 3115 PV-anal\u00fcsaator, traadita kaugseade, temperatuuriandur, v\u00f5rdluselement, klamber tarvikute kinnitamiseks, MC4- ja banaaniadapterid, testjuhtmete komplekt, krokodillklamber, katsesondi komplekt, USB-kaabel, toitejuhe, kandekott, toiteallikas, kanderihm, laetavad AA-akud, kalibreerimissertifikaadid, kasutusjuhend, Metrel ES Manager tarkvara.<\/p>\n<h3>Tehniline teave:<\/h3>\n<ul>\n<li><a href=\"https:\/\/axiomams.eu\/importer\/export\/attachments\/en\/metrel-mi-3115-pv.pdf\" target=\"_blank\">Metrel MI 3115 PV.pdf<\/a><\/li>\n<\/ul>\n","protected":false},"excerpt":{"rendered":"<p>Metrel MI 3115 PV anal\u00fcsaator toetab k\u00f5iki LST EN 62446-1 ja LST EN 62446-2 teste. Kasutatakse suurte 1500 V PV-elektrijaamade katsetamisel, hoolduskatsetustel, perioodilistel katsetustel, esmakontrolli katsetustel, hindamisel ja veaotsingul, aruannete koostamisel. MI 3115 PV pakub testimist vastavalt standardile LST EN 62446: &#8211; PV-ahelate isolatsioonitakistuse m\u00f5\u00f5tmised &#8211; I\/U karakteristiku m\u00f5\u00f5tmised &#8211; m\u00f5\u00f5detud v\u00e4\u00e4rtuste teisendamine STC-v\u00e4\u00e4rtusteks &#8211;&#8230;<\/p>\n","protected":false},"featured_media":44304,"comment_status":"open","ping_status":"closed","template":"","meta":{"_acf_changed":false},"product_brand":[732],"product_cat":[17783],"product_tag":[],"class_list":{"0":"post-39926","1":"product","2":"type-product","3":"status-publish","4":"has-post-thumbnail","6":"product_brand-metrel","7":"product_cat-pv-katsetamiseks","9":"first","10":"instock","11":"taxable","12":"shipping-taxable","13":"purchasable","14":"product-type-simple"},"acf":[],"yoast_head":"<!-- This site is optimized with the Yoast SEO plugin v27.0 - https:\/\/yoast.com\/product\/yoast-seo-wordpress\/ -->\n<title>Metrel MI 3115 ST PV Tester - AXIOMA MS<\/title>\n<meta name=\"robots\" content=\"index, follow, max-snippet:-1, max-image-preview:large, max-video-preview:-1\" \/>\n<link rel=\"canonical\" href=\"https:\/\/www.axiomams.eu\/et\/produktas\/metrel-mi-3115-st-pv-tester\" \/>\n<meta property=\"og:locale\" content=\"et_EE\" \/>\n<meta property=\"og:type\" content=\"article\" \/>\n<meta property=\"og:title\" content=\"Metrel MI 3115 ST PV Tester - AXIOMA MS\" \/>\n<meta property=\"og:description\" content=\"Metrel MI 3115 PV anal\u00fcsaator toetab k\u00f5iki LST EN 62446-1 ja LST EN 62446-2 teste. Kasutatakse suurte 1500 V PV-elektrijaamade katsetamisel, hoolduskatsetustel, perioodilistel katsetustel, esmakontrolli katsetustel, hindamisel ja veaotsingul, aruannete koostamisel. MI 3115 PV pakub testimist vastavalt standardile LST EN 62446: &#8211; PV-ahelate isolatsioonitakistuse m\u00f5\u00f5tmised &#8211; I\/U karakteristiku m\u00f5\u00f5tmised &#8211; m\u00f5\u00f5detud v\u00e4\u00e4rtuste teisendamine STC-v\u00e4\u00e4rtusteks &#8211;...\" \/>\n<meta property=\"og:url\" content=\"https:\/\/www.axiomams.eu\/et\/produktas\/metrel-mi-3115-st-pv-tester\" \/>\n<meta property=\"og:site_name\" content=\"AXIOMA MS\" \/>\n<meta property=\"article:publisher\" content=\"https:\/\/www.facebook.com\/AxiomaMS\" \/>\n<meta property=\"article:modified_time\" content=\"2026-02-02T12:28:41+00:00\" \/>\n<meta property=\"og:image\" content=\"https:\/\/www.axiomams.eu\/wp-content\/uploads\/2025\/07\/3510-4735.jpg\" \/>\n\t<meta property=\"og:image:width\" content=\"1162\" \/>\n\t<meta property=\"og:image:height\" content=\"900\" \/>\n\t<meta property=\"og:image:type\" content=\"image\/jpeg\" \/>\n<meta name=\"twitter:card\" content=\"summary_large_image\" \/>\n<meta name=\"twitter:label1\" content=\"Est. reading time\" \/>\n\t<meta name=\"twitter:data1\" content=\"1 minut\" \/>\n<script type=\"application\/ld+json\" class=\"yoast-schema-graph\">{\"@context\":\"https:\/\/schema.org\",\"@graph\":[{\"@type\":\"WebPage\",\"@id\":\"https:\/\/www.axiomams.eu\/et\/produktas\/metrel-mi-3115-st-pv-tester\",\"url\":\"https:\/\/www.axiomams.eu\/et\/produktas\/metrel-mi-3115-st-pv-tester\",\"name\":\"Metrel MI 3115 ST PV Tester - AXIOMA MS\",\"isPartOf\":{\"@id\":\"https:\/\/www.axiomams.eu\/et#website\"},\"primaryImageOfPage\":{\"@id\":\"https:\/\/www.axiomams.eu\/et\/produktas\/metrel-mi-3115-st-pv-tester#primaryimage\"},\"image\":{\"@id\":\"https:\/\/www.axiomams.eu\/et\/produktas\/metrel-mi-3115-st-pv-tester#primaryimage\"},\"thumbnailUrl\":\"https:\/\/www.axiomams.eu\/wp-content\/uploads\/2026\/03\/3510-6246.jpg\",\"datePublished\":\"2025-05-15T15:55:27+00:00\",\"dateModified\":\"2026-02-02T12:28:41+00:00\",\"breadcrumb\":{\"@id\":\"https:\/\/www.axiomams.eu\/et\/produktas\/metrel-mi-3115-st-pv-tester#breadcrumb\"},\"inLanguage\":\"et\",\"potentialAction\":[{\"@type\":\"ReadAction\",\"target\":[\"https:\/\/www.axiomams.eu\/et\/produktas\/metrel-mi-3115-st-pv-tester\"]}]},{\"@type\":\"ImageObject\",\"inLanguage\":\"et\",\"@id\":\"https:\/\/www.axiomams.eu\/et\/produktas\/metrel-mi-3115-st-pv-tester#primaryimage\",\"url\":\"https:\/\/www.axiomams.eu\/wp-content\/uploads\/2026\/03\/3510-6246.jpg\",\"contentUrl\":\"https:\/\/www.axiomams.eu\/wp-content\/uploads\/2026\/03\/3510-6246.jpg\",\"width\":1162,\"height\":900,\"caption\":\"Metrel MI 3115 ST Saul\u0117s moduli\u0173 testeris\"},{\"@type\":\"BreadcrumbList\",\"@id\":\"https:\/\/www.axiomams.eu\/et\/produktas\/metrel-mi-3115-st-pv-tester#breadcrumb\",\"itemListElement\":[{\"@type\":\"ListItem\",\"position\":1,\"name\":\"Home\",\"item\":\"https:\/\/www.axiomams.eu\/et\"},{\"@type\":\"ListItem\",\"position\":2,\"name\":\"Tooted\",\"item\":\"https:\/\/www.axiomams.eu\/et\/tooted\"},{\"@type\":\"ListItem\",\"position\":3,\"name\":\"Metrel MI 3115 ST PV Tester\"}]},{\"@type\":\"WebSite\",\"@id\":\"https:\/\/www.axiomams.eu\/et#website\",\"url\":\"https:\/\/www.axiomams.eu\/et\",\"name\":\"AXIOMA MS\",\"description\":\"Terrmovizoriai ir matavimo \u012franga\",\"publisher\":{\"@id\":\"https:\/\/www.axiomams.eu\/et#organization\"},\"potentialAction\":[{\"@type\":\"SearchAction\",\"target\":{\"@type\":\"EntryPoint\",\"urlTemplate\":\"https:\/\/www.axiomams.eu\/et?s={search_term_string}\"},\"query-input\":{\"@type\":\"PropertyValueSpecification\",\"valueRequired\":true,\"valueName\":\"search_term_string\"}}],\"inLanguage\":\"et\"},{\"@type\":\"Organization\",\"@id\":\"https:\/\/www.axiomams.eu\/et#organization\",\"name\":\"AXIOMA MS\",\"url\":\"https:\/\/www.axiomams.eu\/et\",\"logo\":{\"@type\":\"ImageObject\",\"inLanguage\":\"et\",\"@id\":\"https:\/\/www.axiomams.eu\/et#\/schema\/logo\/image\/\",\"url\":\"https:\/\/www.axiomams.eu\/wp-content\/uploads\/2025\/06\/axioma-logo-2.png\",\"contentUrl\":\"https:\/\/www.axiomams.eu\/wp-content\/uploads\/2025\/06\/axioma-logo-2.png\",\"width\":1200,\"height\":1200,\"caption\":\"AXIOMA MS\"},\"image\":{\"@id\":\"https:\/\/www.axiomams.eu\/et#\/schema\/logo\/image\/\"},\"sameAs\":[\"https:\/\/www.facebook.com\/AxiomaMS\",\"https:\/\/www.linkedin.com\/company\/axiomams\/\"]}]}<\/script>\n<!-- \/ Yoast SEO plugin. -->","yoast_head_json":{"title":"Metrel MI 3115 ST PV Tester - AXIOMA MS","robots":{"index":"index","follow":"follow","max-snippet":"max-snippet:-1","max-image-preview":"max-image-preview:large","max-video-preview":"max-video-preview:-1"},"canonical":"https:\/\/www.axiomams.eu\/et\/produktas\/metrel-mi-3115-st-pv-tester","og_locale":"et_EE","og_type":"article","og_title":"Metrel MI 3115 ST PV Tester - AXIOMA MS","og_description":"Metrel MI 3115 PV anal\u00fcsaator toetab k\u00f5iki LST EN 62446-1 ja LST EN 62446-2 teste. Kasutatakse suurte 1500 V PV-elektrijaamade katsetamisel, hoolduskatsetustel, perioodilistel katsetustel, esmakontrolli katsetustel, hindamisel ja veaotsingul, aruannete koostamisel. MI 3115 PV pakub testimist vastavalt standardile LST EN 62446: &#8211; PV-ahelate isolatsioonitakistuse m\u00f5\u00f5tmised &#8211; I\/U karakteristiku m\u00f5\u00f5tmised &#8211; m\u00f5\u00f5detud v\u00e4\u00e4rtuste teisendamine STC-v\u00e4\u00e4rtusteks &#8211;...","og_url":"https:\/\/www.axiomams.eu\/et\/produktas\/metrel-mi-3115-st-pv-tester","og_site_name":"AXIOMA MS","article_publisher":"https:\/\/www.facebook.com\/AxiomaMS","article_modified_time":"2026-02-02T12:28:41+00:00","og_image":[{"width":1162,"height":900,"url":"https:\/\/www.axiomams.eu\/wp-content\/uploads\/2025\/07\/3510-4735.jpg","type":"image\/jpeg"}],"twitter_card":"summary_large_image","twitter_misc":{"Est. reading time":"1 minut"},"schema":{"@context":"https:\/\/schema.org","@graph":[{"@type":"WebPage","@id":"https:\/\/www.axiomams.eu\/et\/produktas\/metrel-mi-3115-st-pv-tester","url":"https:\/\/www.axiomams.eu\/et\/produktas\/metrel-mi-3115-st-pv-tester","name":"Metrel MI 3115 ST PV Tester - AXIOMA MS","isPartOf":{"@id":"https:\/\/www.axiomams.eu\/et#website"},"primaryImageOfPage":{"@id":"https:\/\/www.axiomams.eu\/et\/produktas\/metrel-mi-3115-st-pv-tester#primaryimage"},"image":{"@id":"https:\/\/www.axiomams.eu\/et\/produktas\/metrel-mi-3115-st-pv-tester#primaryimage"},"thumbnailUrl":"https:\/\/www.axiomams.eu\/wp-content\/uploads\/2026\/03\/3510-6246.jpg","datePublished":"2025-05-15T15:55:27+00:00","dateModified":"2026-02-02T12:28:41+00:00","breadcrumb":{"@id":"https:\/\/www.axiomams.eu\/et\/produktas\/metrel-mi-3115-st-pv-tester#breadcrumb"},"inLanguage":"et","potentialAction":[{"@type":"ReadAction","target":["https:\/\/www.axiomams.eu\/et\/produktas\/metrel-mi-3115-st-pv-tester"]}]},{"@type":"ImageObject","inLanguage":"et","@id":"https:\/\/www.axiomams.eu\/et\/produktas\/metrel-mi-3115-st-pv-tester#primaryimage","url":"https:\/\/www.axiomams.eu\/wp-content\/uploads\/2026\/03\/3510-6246.jpg","contentUrl":"https:\/\/www.axiomams.eu\/wp-content\/uploads\/2026\/03\/3510-6246.jpg","width":1162,"height":900,"caption":"Metrel MI 3115 ST Saul\u0117s moduli\u0173 testeris"},{"@type":"BreadcrumbList","@id":"https:\/\/www.axiomams.eu\/et\/produktas\/metrel-mi-3115-st-pv-tester#breadcrumb","itemListElement":[{"@type":"ListItem","position":1,"name":"Home","item":"https:\/\/www.axiomams.eu\/et"},{"@type":"ListItem","position":2,"name":"Tooted","item":"https:\/\/www.axiomams.eu\/et\/tooted"},{"@type":"ListItem","position":3,"name":"Metrel MI 3115 ST PV Tester"}]},{"@type":"WebSite","@id":"https:\/\/www.axiomams.eu\/et#website","url":"https:\/\/www.axiomams.eu\/et","name":"AXIOMA MS","description":"Terrmovizoriai ir matavimo \u012franga","publisher":{"@id":"https:\/\/www.axiomams.eu\/et#organization"},"potentialAction":[{"@type":"SearchAction","target":{"@type":"EntryPoint","urlTemplate":"https:\/\/www.axiomams.eu\/et?s={search_term_string}"},"query-input":{"@type":"PropertyValueSpecification","valueRequired":true,"valueName":"search_term_string"}}],"inLanguage":"et"},{"@type":"Organization","@id":"https:\/\/www.axiomams.eu\/et#organization","name":"AXIOMA MS","url":"https:\/\/www.axiomams.eu\/et","logo":{"@type":"ImageObject","inLanguage":"et","@id":"https:\/\/www.axiomams.eu\/et#\/schema\/logo\/image\/","url":"https:\/\/www.axiomams.eu\/wp-content\/uploads\/2025\/06\/axioma-logo-2.png","contentUrl":"https:\/\/www.axiomams.eu\/wp-content\/uploads\/2025\/06\/axioma-logo-2.png","width":1200,"height":1200,"caption":"AXIOMA MS"},"image":{"@id":"https:\/\/www.axiomams.eu\/et#\/schema\/logo\/image\/"},"sameAs":["https:\/\/www.facebook.com\/AxiomaMS","https:\/\/www.linkedin.com\/company\/axiomams\/"]}]}},"_links":{"self":[{"href":"https:\/\/www.axiomams.eu\/et\/wp-json\/wp\/v2\/product\/39926","targetHints":{"allow":["GET"]}}],"collection":[{"href":"https:\/\/www.axiomams.eu\/et\/wp-json\/wp\/v2\/product"}],"about":[{"href":"https:\/\/www.axiomams.eu\/et\/wp-json\/wp\/v2\/types\/product"}],"replies":[{"embeddable":true,"href":"https:\/\/www.axiomams.eu\/et\/wp-json\/wp\/v2\/comments?post=39926"}],"wp:featuredmedia":[{"embeddable":true,"href":"https:\/\/www.axiomams.eu\/et\/wp-json\/wp\/v2\/media\/44304"}],"wp:attachment":[{"href":"https:\/\/www.axiomams.eu\/et\/wp-json\/wp\/v2\/media?parent=39926"}],"wp:term":[{"taxonomy":"product_brand","embeddable":true,"href":"https:\/\/www.axiomams.eu\/et\/wp-json\/wp\/v2\/product_brand?post=39926"},{"taxonomy":"product_cat","embeddable":true,"href":"https:\/\/www.axiomams.eu\/et\/wp-json\/wp\/v2\/product_cat?post=39926"},{"taxonomy":"product_tag","embeddable":true,"href":"https:\/\/www.axiomams.eu\/et\/wp-json\/wp\/v2\/product_tag?post=39926"}],"curies":[{"name":"wp","href":"https:\/\/api.w.org\/{rel}","templated":true}]}}