{"id":39930,"date":"2025-05-15T17:55:29","date_gmt":"2025-05-15T15:55:29","guid":{"rendered":"https:\/\/www.axiomams.eu\/produktas\/flir-tg298-kaeshoitav-termomeeter"},"modified":"2026-02-02T14:28:41","modified_gmt":"2026-02-02T12:28:41","slug":"flir-tg298-kaeshoitav-termomeeter","status":"publish","type":"product","link":"https:\/\/www.axiomams.eu\/et\/produktas\/flir-tg298-kaeshoitav-termomeeter","title":{"rendered":"Flir TG298 k\u00e4eshoitav termomeeter"},"content":{"rendered":"<p>FLIR TG298 k\u00e4eshoitavad IR-termomeetrid, millel on sisseehitatud soojuskaamera funktsioonid, v\u00f5imaldavad teil n\u00e4ha kuumad ja k\u00fclmad kohad, mis v\u00f5ivad viidata t\u00f5sistele probleemidele. Uurige kiiresti ja t\u00e4pselt k\u00f5ike alates elektri\u00fchendustest kuni mehaaniliste riketeni. See k\u00e4eshoitav soojuskaamera v\u00e4hendab diagnostika aega, lihtsustades samal ajal aruandlust ning seadmete ja s\u00fcsteemide pikaajalist j\u00e4lgimist kogu rajatises. FLIR MSX\u00ae (Multi-Spectral Dynamic Imaging) parandab pildi selgust, reljeefselt kujutades termopiltidele visuaalseid stseeni detaile, mis annab lisakonteksti, mis aitab teil t\u00e4pselt sihtida v\u00f5imalikke vigu ja leida remondit\u00f6id.<\/p>\n<p>Standardkomplekt: FLIR TG298, randmepael, USB-kaabel, kotike, tr\u00fckitud dokumentatsioon.<\/p>\n<p><iframe loading=\"lazy\" width=\"560\" height=\"315\" src=\"https:\/\/www.youtube.com\/embed\/upSWX68eDH0?si=1CEKOdi9Lg8iqJsH\" title=\"YouTube videopleier\" frameborder=\"0\" allow=\"accelerometer; autoplay; clipboard-write; encrypted-media; gyroscope; picture-in-picture; web-share\" referrerpolicy=\"strict-origin-when-cross-origin\" allowfullscreen><\/iframe><\/p>\n<h3>Tehniline teave:<\/h3>\n<ul>\n<li><a href=\"https:\/\/axiomams.eu\/importer\/export\/attachments\/en\/flir-tg298.pdf\" target=\"_blank\">FLIR TG298.pdf<\/a><\/li>\n<\/ul>\n","protected":false},"excerpt":{"rendered":"<p>FLIR TG298 k\u00e4eshoitavad IR-termomeetrid, millel on sisseehitatud soojuskaamera funktsioonid, v\u00f5imaldavad teil n\u00e4ha kuumad ja k\u00fclmad kohad, mis v\u00f5ivad viidata t\u00f5sistele probleemidele. Uurige kiiresti ja t\u00e4pselt k\u00f5ike alates elektri\u00fchendustest kuni mehaaniliste riketeni. See k\u00e4eshoitav soojuskaamera v\u00e4hendab diagnostika aega, lihtsustades samal ajal aruandlust ning seadmete ja s\u00fcsteemide pikaajalist j\u00e4lgimist kogu rajatises. FLIR MSX\u00ae (Multi-Spectral Dynamic Imaging) parandab&#8230;<\/p>\n","protected":false},"featured_media":41357,"comment_status":"open","ping_status":"closed","template":"","meta":{"_acf_changed":false},"product_brand":[734],"product_cat":[17787],"product_tag":[],"class_list":{"0":"post-39930","1":"product","2":"type-product","3":"status-publish","4":"has-post-thumbnail","6":"product_brand-flir","7":"product_cat-temperatuuri-niiskuse-ja-rohu-mootmiseks","9":"first","10":"instock","11":"taxable","12":"shipping-taxable","13":"purchasable","14":"product-type-simple"},"acf":[],"yoast_head":"<!-- This site is optimized with the Yoast SEO plugin v27.0 - https:\/\/yoast.com\/product\/yoast-seo-wordpress\/ -->\n<title>Flir TG298 k\u00e4eshoitav termomeeter - AXIOMA MS<\/title>\n<meta name=\"robots\" content=\"index, follow, max-snippet:-1, max-image-preview:large, max-video-preview:-1\" \/>\n<link rel=\"canonical\" href=\"https:\/\/www.axiomams.eu\/et\/produktas\/flir-tg298-kaeshoitav-termomeeter\" \/>\n<meta property=\"og:locale\" content=\"et_EE\" \/>\n<meta property=\"og:type\" content=\"article\" \/>\n<meta property=\"og:title\" content=\"Flir TG298 k\u00e4eshoitav termomeeter - AXIOMA MS\" \/>\n<meta property=\"og:description\" content=\"FLIR TG298 k\u00e4eshoitavad IR-termomeetrid, millel on sisseehitatud soojuskaamera funktsioonid, v\u00f5imaldavad teil n\u00e4ha kuumad ja k\u00fclmad kohad, mis v\u00f5ivad viidata t\u00f5sistele probleemidele. Uurige kiiresti ja t\u00e4pselt k\u00f5ike alates elektri\u00fchendustest kuni mehaaniliste riketeni. See k\u00e4eshoitav soojuskaamera v\u00e4hendab diagnostika aega, lihtsustades samal ajal aruandlust ning seadmete ja s\u00fcsteemide pikaajalist j\u00e4lgimist kogu rajatises. FLIR MSX\u00ae (Multi-Spectral Dynamic Imaging) parandab...\" \/>\n<meta property=\"og:url\" content=\"https:\/\/www.axiomams.eu\/et\/produktas\/flir-tg298-kaeshoitav-termomeeter\" \/>\n<meta property=\"og:site_name\" content=\"AXIOMA MS\" \/>\n<meta property=\"article:publisher\" content=\"https:\/\/www.facebook.com\/AxiomaMS\" \/>\n<meta property=\"article:modified_time\" content=\"2026-02-02T12:28:41+00:00\" \/>\n<meta property=\"og:image\" content=\"https:\/\/www.axiomams.eu\/wp-content\/uploads\/2025\/07\/2983-5955.jpg\" \/>\n\t<meta property=\"og:image:width\" content=\"470\" \/>\n\t<meta property=\"og:image:height\" content=\"759\" \/>\n\t<meta property=\"og:image:type\" content=\"image\/jpeg\" \/>\n<meta name=\"twitter:card\" content=\"summary_large_image\" \/>\n<meta name=\"twitter:label1\" content=\"Est. reading time\" \/>\n\t<meta name=\"twitter:data1\" content=\"1 minut\" \/>\n<script type=\"application\/ld+json\" class=\"yoast-schema-graph\">{\"@context\":\"https:\/\/schema.org\",\"@graph\":[{\"@type\":\"WebPage\",\"@id\":\"https:\/\/www.axiomams.eu\/et\/produktas\/flir-tg298-kaeshoitav-termomeeter\",\"url\":\"https:\/\/www.axiomams.eu\/et\/produktas\/flir-tg298-kaeshoitav-termomeeter\",\"name\":\"Flir TG298 k\u00e4eshoitav termomeeter - AXIOMA MS\",\"isPartOf\":{\"@id\":\"https:\/\/www.axiomams.eu\/et#website\"},\"primaryImageOfPage\":{\"@id\":\"https:\/\/www.axiomams.eu\/et\/produktas\/flir-tg298-kaeshoitav-termomeeter#primaryimage\"},\"image\":{\"@id\":\"https:\/\/www.axiomams.eu\/et\/produktas\/flir-tg298-kaeshoitav-termomeeter#primaryimage\"},\"thumbnailUrl\":\"https:\/\/www.axiomams.eu\/wp-content\/uploads\/2025\/07\/2983-5955.jpg\",\"datePublished\":\"2025-05-15T15:55:29+00:00\",\"dateModified\":\"2026-02-02T12:28:41+00:00\",\"breadcrumb\":{\"@id\":\"https:\/\/www.axiomams.eu\/et\/produktas\/flir-tg298-kaeshoitav-termomeeter#breadcrumb\"},\"inLanguage\":\"et\",\"potentialAction\":[{\"@type\":\"ReadAction\",\"target\":[\"https:\/\/www.axiomams.eu\/et\/produktas\/flir-tg298-kaeshoitav-termomeeter\"]}]},{\"@type\":\"ImageObject\",\"inLanguage\":\"et\",\"@id\":\"https:\/\/www.axiomams.eu\/et\/produktas\/flir-tg298-kaeshoitav-termomeeter#primaryimage\",\"url\":\"https:\/\/www.axiomams.eu\/wp-content\/uploads\/2025\/07\/2983-5955.jpg\",\"contentUrl\":\"https:\/\/www.axiomams.eu\/wp-content\/uploads\/2025\/07\/2983-5955.jpg\",\"width\":470,\"height\":759},{\"@type\":\"BreadcrumbList\",\"@id\":\"https:\/\/www.axiomams.eu\/et\/produktas\/flir-tg298-kaeshoitav-termomeeter#breadcrumb\",\"itemListElement\":[{\"@type\":\"ListItem\",\"position\":1,\"name\":\"Home\",\"item\":\"https:\/\/www.axiomams.eu\/et\"},{\"@type\":\"ListItem\",\"position\":2,\"name\":\"Tooted\",\"item\":\"https:\/\/www.axiomams.eu\/et\/tooted\"},{\"@type\":\"ListItem\",\"position\":3,\"name\":\"Flir TG298 k\u00e4eshoitav termomeeter\"}]},{\"@type\":\"WebSite\",\"@id\":\"https:\/\/www.axiomams.eu\/et#website\",\"url\":\"https:\/\/www.axiomams.eu\/et\",\"name\":\"AXIOMA MS\",\"description\":\"Terrmovizoriai ir matavimo \u012franga\",\"publisher\":{\"@id\":\"https:\/\/www.axiomams.eu\/et#organization\"},\"potentialAction\":[{\"@type\":\"SearchAction\",\"target\":{\"@type\":\"EntryPoint\",\"urlTemplate\":\"https:\/\/www.axiomams.eu\/et?s={search_term_string}\"},\"query-input\":{\"@type\":\"PropertyValueSpecification\",\"valueRequired\":true,\"valueName\":\"search_term_string\"}}],\"inLanguage\":\"et\"},{\"@type\":\"Organization\",\"@id\":\"https:\/\/www.axiomams.eu\/et#organization\",\"name\":\"AXIOMA MS\",\"url\":\"https:\/\/www.axiomams.eu\/et\",\"logo\":{\"@type\":\"ImageObject\",\"inLanguage\":\"et\",\"@id\":\"https:\/\/www.axiomams.eu\/et#\/schema\/logo\/image\/\",\"url\":\"https:\/\/www.axiomams.eu\/wp-content\/uploads\/2025\/06\/axioma-logo-2.png\",\"contentUrl\":\"https:\/\/www.axiomams.eu\/wp-content\/uploads\/2025\/06\/axioma-logo-2.png\",\"width\":1200,\"height\":1200,\"caption\":\"AXIOMA MS\"},\"image\":{\"@id\":\"https:\/\/www.axiomams.eu\/et#\/schema\/logo\/image\/\"},\"sameAs\":[\"https:\/\/www.facebook.com\/AxiomaMS\",\"https:\/\/www.linkedin.com\/company\/axiomams\/\"]}]}<\/script>\n<!-- \/ Yoast SEO plugin. -->","yoast_head_json":{"title":"Flir TG298 k\u00e4eshoitav termomeeter - AXIOMA MS","robots":{"index":"index","follow":"follow","max-snippet":"max-snippet:-1","max-image-preview":"max-image-preview:large","max-video-preview":"max-video-preview:-1"},"canonical":"https:\/\/www.axiomams.eu\/et\/produktas\/flir-tg298-kaeshoitav-termomeeter","og_locale":"et_EE","og_type":"article","og_title":"Flir TG298 k\u00e4eshoitav termomeeter - AXIOMA MS","og_description":"FLIR TG298 k\u00e4eshoitavad IR-termomeetrid, millel on sisseehitatud soojuskaamera funktsioonid, v\u00f5imaldavad teil n\u00e4ha kuumad ja k\u00fclmad kohad, mis v\u00f5ivad viidata t\u00f5sistele probleemidele. Uurige kiiresti ja t\u00e4pselt k\u00f5ike alates elektri\u00fchendustest kuni mehaaniliste riketeni. See k\u00e4eshoitav soojuskaamera v\u00e4hendab diagnostika aega, lihtsustades samal ajal aruandlust ning seadmete ja s\u00fcsteemide pikaajalist j\u00e4lgimist kogu rajatises. FLIR MSX\u00ae (Multi-Spectral Dynamic Imaging) parandab...","og_url":"https:\/\/www.axiomams.eu\/et\/produktas\/flir-tg298-kaeshoitav-termomeeter","og_site_name":"AXIOMA MS","article_publisher":"https:\/\/www.facebook.com\/AxiomaMS","article_modified_time":"2026-02-02T12:28:41+00:00","og_image":[{"width":470,"height":759,"url":"https:\/\/www.axiomams.eu\/wp-content\/uploads\/2025\/07\/2983-5955.jpg","type":"image\/jpeg"}],"twitter_card":"summary_large_image","twitter_misc":{"Est. reading time":"1 minut"},"schema":{"@context":"https:\/\/schema.org","@graph":[{"@type":"WebPage","@id":"https:\/\/www.axiomams.eu\/et\/produktas\/flir-tg298-kaeshoitav-termomeeter","url":"https:\/\/www.axiomams.eu\/et\/produktas\/flir-tg298-kaeshoitav-termomeeter","name":"Flir TG298 k\u00e4eshoitav termomeeter - AXIOMA MS","isPartOf":{"@id":"https:\/\/www.axiomams.eu\/et#website"},"primaryImageOfPage":{"@id":"https:\/\/www.axiomams.eu\/et\/produktas\/flir-tg298-kaeshoitav-termomeeter#primaryimage"},"image":{"@id":"https:\/\/www.axiomams.eu\/et\/produktas\/flir-tg298-kaeshoitav-termomeeter#primaryimage"},"thumbnailUrl":"https:\/\/www.axiomams.eu\/wp-content\/uploads\/2025\/07\/2983-5955.jpg","datePublished":"2025-05-15T15:55:29+00:00","dateModified":"2026-02-02T12:28:41+00:00","breadcrumb":{"@id":"https:\/\/www.axiomams.eu\/et\/produktas\/flir-tg298-kaeshoitav-termomeeter#breadcrumb"},"inLanguage":"et","potentialAction":[{"@type":"ReadAction","target":["https:\/\/www.axiomams.eu\/et\/produktas\/flir-tg298-kaeshoitav-termomeeter"]}]},{"@type":"ImageObject","inLanguage":"et","@id":"https:\/\/www.axiomams.eu\/et\/produktas\/flir-tg298-kaeshoitav-termomeeter#primaryimage","url":"https:\/\/www.axiomams.eu\/wp-content\/uploads\/2025\/07\/2983-5955.jpg","contentUrl":"https:\/\/www.axiomams.eu\/wp-content\/uploads\/2025\/07\/2983-5955.jpg","width":470,"height":759},{"@type":"BreadcrumbList","@id":"https:\/\/www.axiomams.eu\/et\/produktas\/flir-tg298-kaeshoitav-termomeeter#breadcrumb","itemListElement":[{"@type":"ListItem","position":1,"name":"Home","item":"https:\/\/www.axiomams.eu\/et"},{"@type":"ListItem","position":2,"name":"Tooted","item":"https:\/\/www.axiomams.eu\/et\/tooted"},{"@type":"ListItem","position":3,"name":"Flir TG298 k\u00e4eshoitav termomeeter"}]},{"@type":"WebSite","@id":"https:\/\/www.axiomams.eu\/et#website","url":"https:\/\/www.axiomams.eu\/et","name":"AXIOMA MS","description":"Terrmovizoriai ir matavimo \u012franga","publisher":{"@id":"https:\/\/www.axiomams.eu\/et#organization"},"potentialAction":[{"@type":"SearchAction","target":{"@type":"EntryPoint","urlTemplate":"https:\/\/www.axiomams.eu\/et?s={search_term_string}"},"query-input":{"@type":"PropertyValueSpecification","valueRequired":true,"valueName":"search_term_string"}}],"inLanguage":"et"},{"@type":"Organization","@id":"https:\/\/www.axiomams.eu\/et#organization","name":"AXIOMA MS","url":"https:\/\/www.axiomams.eu\/et","logo":{"@type":"ImageObject","inLanguage":"et","@id":"https:\/\/www.axiomams.eu\/et#\/schema\/logo\/image\/","url":"https:\/\/www.axiomams.eu\/wp-content\/uploads\/2025\/06\/axioma-logo-2.png","contentUrl":"https:\/\/www.axiomams.eu\/wp-content\/uploads\/2025\/06\/axioma-logo-2.png","width":1200,"height":1200,"caption":"AXIOMA MS"},"image":{"@id":"https:\/\/www.axiomams.eu\/et#\/schema\/logo\/image\/"},"sameAs":["https:\/\/www.facebook.com\/AxiomaMS","https:\/\/www.linkedin.com\/company\/axiomams\/"]}]}},"_links":{"self":[{"href":"https:\/\/www.axiomams.eu\/et\/wp-json\/wp\/v2\/product\/39930","targetHints":{"allow":["GET"]}}],"collection":[{"href":"https:\/\/www.axiomams.eu\/et\/wp-json\/wp\/v2\/product"}],"about":[{"href":"https:\/\/www.axiomams.eu\/et\/wp-json\/wp\/v2\/types\/product"}],"replies":[{"embeddable":true,"href":"https:\/\/www.axiomams.eu\/et\/wp-json\/wp\/v2\/comments?post=39930"}],"wp:featuredmedia":[{"embeddable":true,"href":"https:\/\/www.axiomams.eu\/et\/wp-json\/wp\/v2\/media\/41357"}],"wp:attachment":[{"href":"https:\/\/www.axiomams.eu\/et\/wp-json\/wp\/v2\/media?parent=39930"}],"wp:term":[{"taxonomy":"product_brand","embeddable":true,"href":"https:\/\/www.axiomams.eu\/et\/wp-json\/wp\/v2\/product_brand?post=39930"},{"taxonomy":"product_cat","embeddable":true,"href":"https:\/\/www.axiomams.eu\/et\/wp-json\/wp\/v2\/product_cat?post=39930"},{"taxonomy":"product_tag","embeddable":true,"href":"https:\/\/www.axiomams.eu\/et\/wp-json\/wp\/v2\/product_tag?post=39930"}],"curies":[{"name":"wp","href":"https:\/\/api.w.org\/{rel}","templated":true}]}}