{"id":39932,"date":"2025-05-15T17:57:42","date_gmt":"2025-05-15T15:57:42","guid":{"rendered":"https:\/\/www.axiomams.eu\/produktas\/rigol-ds1102z-e-ostsilloskoobid"},"modified":"2026-02-02T14:28:42","modified_gmt":"2026-02-02T12:28:42","slug":"rigol-ds1102z-e-ostsilloskoobid","status":"publish","type":"product","link":"https:\/\/www.axiomams.eu\/et\/produktas\/rigol-ds1102z-e-ostsilloskoobid","title":{"rendered":"Rigol DS1102Z-E ostsilloskoobid"},"content":{"rendered":"<p>DS1102Z-E 2-kanalilised digitaalsed ostsilloskoobid 100 MHz ribalaiusega, 7-tollise ekraaniga ja RIGOLi UltraVision-tehnoloogiaga p\u00f5hilise visualiseerimise jaoks. DS1102Z-E pakub enneolematut v\u00e4\u00e4rtust kliendi rakendustes t\u00e4nu uuenduslikule tehnoloogiale, t\u00f6\u00f6stuse juhtivatele spetsifikatsioonidele, v\u00f5imsatele vallandamisfunktsioonidele ja laialdastele anal\u00fc\u00fcsiv\u00f5imalustele. K\u00f5ik anal\u00fc\u00fcsi-, dekodeerimis-, s\u00fcvam\u00e4lu- ja t\u00e4iustatud vallandamisv\u00f5imalused on n\u00fc\u00fcd selles v\u00f5imsas teleskoobis erakordse hinnaga.<\/p>\n<p><b>Standardkomplekt:<\/b> Rigol DS1102Z-E ostsilloskoop, toitejuhe, USB-kaabel, 2 passiivset sondi.<\/p>\n<h3>Tehniline teave:<\/h3>\n<ul>\n<li><a href=\"https:\/\/axiomams.eu\/importer\/export\/attachments\/en\/rigol-ds1102z-e.pdf\" target=\"_blank\">RIGOL DS1102Z-E.pdf<\/a><\/li>\n<\/ul>\n","protected":false},"excerpt":{"rendered":"<p>DS1102Z-E 2-kanalilised digitaalsed ostsilloskoobid 100 MHz ribalaiusega, 7-tollise ekraaniga ja RIGOLi UltraVision-tehnoloogiaga p\u00f5hilise visualiseerimise jaoks. DS1102Z-E pakub enneolematut v\u00e4\u00e4rtust kliendi rakendustes t\u00e4nu uuenduslikule tehnoloogiale, t\u00f6\u00f6stuse juhtivatele spetsifikatsioonidele, v\u00f5imsatele vallandamisfunktsioonidele ja laialdastele anal\u00fc\u00fcsiv\u00f5imalustele. K\u00f5ik anal\u00fc\u00fcsi-, dekodeerimis-, s\u00fcvam\u00e4lu- ja t\u00e4iustatud vallandamisv\u00f5imalused on n\u00fc\u00fcd selles v\u00f5imsas teleskoobis erakordse hinnaga. Standardkomplekt: Rigol DS1102Z-E ostsilloskoop, toitejuhe, USB-kaabel, 2 passiivset sondi&#8230;.<\/p>\n","protected":false},"featured_media":41361,"comment_status":"open","ping_status":"closed","template":"","meta":{"_acf_changed":false},"product_brand":[2082],"product_cat":[17823],"product_tag":[],"class_list":{"0":"post-39932","1":"product","2":"type-product","3":"status-publish","4":"has-post-thumbnail","6":"product_brand-rigol","7":"product_cat-generaatorid-toiteallikad-ostsillograafid-rcl-mooturid","9":"first","10":"instock","11":"taxable","12":"shipping-taxable","13":"purchasable","14":"product-type-simple"},"acf":[],"yoast_head":"<!-- This site is optimized with the Yoast SEO plugin v27.0 - https:\/\/yoast.com\/product\/yoast-seo-wordpress\/ -->\n<title>Rigol DS1102Z-E ostsilloskoobid - AXIOMA MS<\/title>\n<meta name=\"robots\" content=\"index, follow, max-snippet:-1, max-image-preview:large, max-video-preview:-1\" \/>\n<link rel=\"canonical\" href=\"https:\/\/www.axiomams.eu\/et\/produktas\/rigol-ds1102z-e-ostsilloskoobid\" \/>\n<meta property=\"og:locale\" content=\"et_EE\" \/>\n<meta property=\"og:type\" content=\"article\" \/>\n<meta property=\"og:title\" content=\"Rigol DS1102Z-E ostsilloskoobid - AXIOMA MS\" \/>\n<meta property=\"og:description\" content=\"DS1102Z-E 2-kanalilised digitaalsed ostsilloskoobid 100 MHz ribalaiusega, 7-tollise ekraaniga ja RIGOLi UltraVision-tehnoloogiaga p\u00f5hilise visualiseerimise jaoks. DS1102Z-E pakub enneolematut v\u00e4\u00e4rtust kliendi rakendustes t\u00e4nu uuenduslikule tehnoloogiale, t\u00f6\u00f6stuse juhtivatele spetsifikatsioonidele, v\u00f5imsatele vallandamisfunktsioonidele ja laialdastele anal\u00fc\u00fcsiv\u00f5imalustele. K\u00f5ik anal\u00fc\u00fcsi-, dekodeerimis-, s\u00fcvam\u00e4lu- ja t\u00e4iustatud vallandamisv\u00f5imalused on n\u00fc\u00fcd selles v\u00f5imsas teleskoobis erakordse hinnaga. Standardkomplekt: Rigol DS1102Z-E ostsilloskoop, toitejuhe, USB-kaabel, 2 passiivset sondi....\" \/>\n<meta property=\"og:url\" content=\"https:\/\/www.axiomams.eu\/et\/produktas\/rigol-ds1102z-e-ostsilloskoobid\" \/>\n<meta property=\"og:site_name\" content=\"AXIOMA MS\" \/>\n<meta property=\"article:publisher\" content=\"https:\/\/www.facebook.com\/AxiomaMS\" \/>\n<meta property=\"article:modified_time\" content=\"2026-02-02T12:28:42+00:00\" \/>\n<meta property=\"og:image\" content=\"https:\/\/www.axiomams.eu\/wp-content\/uploads\/2025\/07\/3470-4664.jpg\" \/>\n\t<meta property=\"og:image:width\" content=\"1270\" \/>\n\t<meta property=\"og:image:height\" content=\"666\" \/>\n\t<meta property=\"og:image:type\" content=\"image\/jpeg\" \/>\n<meta name=\"twitter:card\" content=\"summary_large_image\" \/>\n<script type=\"application\/ld+json\" class=\"yoast-schema-graph\">{\"@context\":\"https:\/\/schema.org\",\"@graph\":[{\"@type\":\"WebPage\",\"@id\":\"https:\/\/www.axiomams.eu\/et\/produktas\/rigol-ds1102z-e-ostsilloskoobid\",\"url\":\"https:\/\/www.axiomams.eu\/et\/produktas\/rigol-ds1102z-e-ostsilloskoobid\",\"name\":\"Rigol DS1102Z-E ostsilloskoobid - AXIOMA MS\",\"isPartOf\":{\"@id\":\"https:\/\/www.axiomams.eu\/et#website\"},\"primaryImageOfPage\":{\"@id\":\"https:\/\/www.axiomams.eu\/et\/produktas\/rigol-ds1102z-e-ostsilloskoobid#primaryimage\"},\"image\":{\"@id\":\"https:\/\/www.axiomams.eu\/et\/produktas\/rigol-ds1102z-e-ostsilloskoobid#primaryimage\"},\"thumbnailUrl\":\"https:\/\/www.axiomams.eu\/wp-content\/uploads\/2025\/07\/3470-4664.jpg\",\"datePublished\":\"2025-05-15T15:57:42+00:00\",\"dateModified\":\"2026-02-02T12:28:42+00:00\",\"breadcrumb\":{\"@id\":\"https:\/\/www.axiomams.eu\/et\/produktas\/rigol-ds1102z-e-ostsilloskoobid#breadcrumb\"},\"inLanguage\":\"et\",\"potentialAction\":[{\"@type\":\"ReadAction\",\"target\":[\"https:\/\/www.axiomams.eu\/et\/produktas\/rigol-ds1102z-e-ostsilloskoobid\"]}]},{\"@type\":\"ImageObject\",\"inLanguage\":\"et\",\"@id\":\"https:\/\/www.axiomams.eu\/et\/produktas\/rigol-ds1102z-e-ostsilloskoobid#primaryimage\",\"url\":\"https:\/\/www.axiomams.eu\/wp-content\/uploads\/2025\/07\/3470-4664.jpg\",\"contentUrl\":\"https:\/\/www.axiomams.eu\/wp-content\/uploads\/2025\/07\/3470-4664.jpg\",\"width\":1270,\"height\":666},{\"@type\":\"BreadcrumbList\",\"@id\":\"https:\/\/www.axiomams.eu\/et\/produktas\/rigol-ds1102z-e-ostsilloskoobid#breadcrumb\",\"itemListElement\":[{\"@type\":\"ListItem\",\"position\":1,\"name\":\"Home\",\"item\":\"https:\/\/www.axiomams.eu\/et\"},{\"@type\":\"ListItem\",\"position\":2,\"name\":\"Tooted\",\"item\":\"https:\/\/www.axiomams.eu\/et\/tooted\"},{\"@type\":\"ListItem\",\"position\":3,\"name\":\"Rigol DS1102Z-E ostsilloskoobid\"}]},{\"@type\":\"WebSite\",\"@id\":\"https:\/\/www.axiomams.eu\/et#website\",\"url\":\"https:\/\/www.axiomams.eu\/et\",\"name\":\"AXIOMA MS\",\"description\":\"Terrmovizoriai ir matavimo \u012franga\",\"publisher\":{\"@id\":\"https:\/\/www.axiomams.eu\/et#organization\"},\"potentialAction\":[{\"@type\":\"SearchAction\",\"target\":{\"@type\":\"EntryPoint\",\"urlTemplate\":\"https:\/\/www.axiomams.eu\/et?s={search_term_string}\"},\"query-input\":{\"@type\":\"PropertyValueSpecification\",\"valueRequired\":true,\"valueName\":\"search_term_string\"}}],\"inLanguage\":\"et\"},{\"@type\":\"Organization\",\"@id\":\"https:\/\/www.axiomams.eu\/et#organization\",\"name\":\"AXIOMA MS\",\"url\":\"https:\/\/www.axiomams.eu\/et\",\"logo\":{\"@type\":\"ImageObject\",\"inLanguage\":\"et\",\"@id\":\"https:\/\/www.axiomams.eu\/et#\/schema\/logo\/image\/\",\"url\":\"https:\/\/www.axiomams.eu\/wp-content\/uploads\/2025\/06\/axioma-logo-2.png\",\"contentUrl\":\"https:\/\/www.axiomams.eu\/wp-content\/uploads\/2025\/06\/axioma-logo-2.png\",\"width\":1200,\"height\":1200,\"caption\":\"AXIOMA MS\"},\"image\":{\"@id\":\"https:\/\/www.axiomams.eu\/et#\/schema\/logo\/image\/\"},\"sameAs\":[\"https:\/\/www.facebook.com\/AxiomaMS\",\"https:\/\/www.linkedin.com\/company\/axiomams\/\"]}]}<\/script>\n<!-- \/ Yoast SEO plugin. -->","yoast_head_json":{"title":"Rigol DS1102Z-E ostsilloskoobid - AXIOMA MS","robots":{"index":"index","follow":"follow","max-snippet":"max-snippet:-1","max-image-preview":"max-image-preview:large","max-video-preview":"max-video-preview:-1"},"canonical":"https:\/\/www.axiomams.eu\/et\/produktas\/rigol-ds1102z-e-ostsilloskoobid","og_locale":"et_EE","og_type":"article","og_title":"Rigol DS1102Z-E ostsilloskoobid - AXIOMA MS","og_description":"DS1102Z-E 2-kanalilised digitaalsed ostsilloskoobid 100 MHz ribalaiusega, 7-tollise ekraaniga ja RIGOLi UltraVision-tehnoloogiaga p\u00f5hilise visualiseerimise jaoks. DS1102Z-E pakub enneolematut v\u00e4\u00e4rtust kliendi rakendustes t\u00e4nu uuenduslikule tehnoloogiale, t\u00f6\u00f6stuse juhtivatele spetsifikatsioonidele, v\u00f5imsatele vallandamisfunktsioonidele ja laialdastele anal\u00fc\u00fcsiv\u00f5imalustele. K\u00f5ik anal\u00fc\u00fcsi-, dekodeerimis-, s\u00fcvam\u00e4lu- ja t\u00e4iustatud vallandamisv\u00f5imalused on n\u00fc\u00fcd selles v\u00f5imsas teleskoobis erakordse hinnaga. Standardkomplekt: Rigol DS1102Z-E ostsilloskoop, toitejuhe, USB-kaabel, 2 passiivset sondi....","og_url":"https:\/\/www.axiomams.eu\/et\/produktas\/rigol-ds1102z-e-ostsilloskoobid","og_site_name":"AXIOMA MS","article_publisher":"https:\/\/www.facebook.com\/AxiomaMS","article_modified_time":"2026-02-02T12:28:42+00:00","og_image":[{"width":1270,"height":666,"url":"https:\/\/www.axiomams.eu\/wp-content\/uploads\/2025\/07\/3470-4664.jpg","type":"image\/jpeg"}],"twitter_card":"summary_large_image","schema":{"@context":"https:\/\/schema.org","@graph":[{"@type":"WebPage","@id":"https:\/\/www.axiomams.eu\/et\/produktas\/rigol-ds1102z-e-ostsilloskoobid","url":"https:\/\/www.axiomams.eu\/et\/produktas\/rigol-ds1102z-e-ostsilloskoobid","name":"Rigol DS1102Z-E ostsilloskoobid - AXIOMA MS","isPartOf":{"@id":"https:\/\/www.axiomams.eu\/et#website"},"primaryImageOfPage":{"@id":"https:\/\/www.axiomams.eu\/et\/produktas\/rigol-ds1102z-e-ostsilloskoobid#primaryimage"},"image":{"@id":"https:\/\/www.axiomams.eu\/et\/produktas\/rigol-ds1102z-e-ostsilloskoobid#primaryimage"},"thumbnailUrl":"https:\/\/www.axiomams.eu\/wp-content\/uploads\/2025\/07\/3470-4664.jpg","datePublished":"2025-05-15T15:57:42+00:00","dateModified":"2026-02-02T12:28:42+00:00","breadcrumb":{"@id":"https:\/\/www.axiomams.eu\/et\/produktas\/rigol-ds1102z-e-ostsilloskoobid#breadcrumb"},"inLanguage":"et","potentialAction":[{"@type":"ReadAction","target":["https:\/\/www.axiomams.eu\/et\/produktas\/rigol-ds1102z-e-ostsilloskoobid"]}]},{"@type":"ImageObject","inLanguage":"et","@id":"https:\/\/www.axiomams.eu\/et\/produktas\/rigol-ds1102z-e-ostsilloskoobid#primaryimage","url":"https:\/\/www.axiomams.eu\/wp-content\/uploads\/2025\/07\/3470-4664.jpg","contentUrl":"https:\/\/www.axiomams.eu\/wp-content\/uploads\/2025\/07\/3470-4664.jpg","width":1270,"height":666},{"@type":"BreadcrumbList","@id":"https:\/\/www.axiomams.eu\/et\/produktas\/rigol-ds1102z-e-ostsilloskoobid#breadcrumb","itemListElement":[{"@type":"ListItem","position":1,"name":"Home","item":"https:\/\/www.axiomams.eu\/et"},{"@type":"ListItem","position":2,"name":"Tooted","item":"https:\/\/www.axiomams.eu\/et\/tooted"},{"@type":"ListItem","position":3,"name":"Rigol DS1102Z-E ostsilloskoobid"}]},{"@type":"WebSite","@id":"https:\/\/www.axiomams.eu\/et#website","url":"https:\/\/www.axiomams.eu\/et","name":"AXIOMA MS","description":"Terrmovizoriai ir matavimo \u012franga","publisher":{"@id":"https:\/\/www.axiomams.eu\/et#organization"},"potentialAction":[{"@type":"SearchAction","target":{"@type":"EntryPoint","urlTemplate":"https:\/\/www.axiomams.eu\/et?s={search_term_string}"},"query-input":{"@type":"PropertyValueSpecification","valueRequired":true,"valueName":"search_term_string"}}],"inLanguage":"et"},{"@type":"Organization","@id":"https:\/\/www.axiomams.eu\/et#organization","name":"AXIOMA MS","url":"https:\/\/www.axiomams.eu\/et","logo":{"@type":"ImageObject","inLanguage":"et","@id":"https:\/\/www.axiomams.eu\/et#\/schema\/logo\/image\/","url":"https:\/\/www.axiomams.eu\/wp-content\/uploads\/2025\/06\/axioma-logo-2.png","contentUrl":"https:\/\/www.axiomams.eu\/wp-content\/uploads\/2025\/06\/axioma-logo-2.png","width":1200,"height":1200,"caption":"AXIOMA MS"},"image":{"@id":"https:\/\/www.axiomams.eu\/et#\/schema\/logo\/image\/"},"sameAs":["https:\/\/www.facebook.com\/AxiomaMS","https:\/\/www.linkedin.com\/company\/axiomams\/"]}]}},"_links":{"self":[{"href":"https:\/\/www.axiomams.eu\/et\/wp-json\/wp\/v2\/product\/39932","targetHints":{"allow":["GET"]}}],"collection":[{"href":"https:\/\/www.axiomams.eu\/et\/wp-json\/wp\/v2\/product"}],"about":[{"href":"https:\/\/www.axiomams.eu\/et\/wp-json\/wp\/v2\/types\/product"}],"replies":[{"embeddable":true,"href":"https:\/\/www.axiomams.eu\/et\/wp-json\/wp\/v2\/comments?post=39932"}],"wp:featuredmedia":[{"embeddable":true,"href":"https:\/\/www.axiomams.eu\/et\/wp-json\/wp\/v2\/media\/41361"}],"wp:attachment":[{"href":"https:\/\/www.axiomams.eu\/et\/wp-json\/wp\/v2\/media?parent=39932"}],"wp:term":[{"taxonomy":"product_brand","embeddable":true,"href":"https:\/\/www.axiomams.eu\/et\/wp-json\/wp\/v2\/product_brand?post=39932"},{"taxonomy":"product_cat","embeddable":true,"href":"https:\/\/www.axiomams.eu\/et\/wp-json\/wp\/v2\/product_cat?post=39932"},{"taxonomy":"product_tag","embeddable":true,"href":"https:\/\/www.axiomams.eu\/et\/wp-json\/wp\/v2\/product_tag?post=39932"}],"curies":[{"name":"wp","href":"https:\/\/api.w.org\/{rel}","templated":true}]}}