{"id":39935,"date":"2025-05-15T17:55:35","date_gmt":"2025-05-15T15:55:35","guid":{"rendered":"https:\/\/www.axiomams.eu\/produktas\/flir-a6301-soojuskaamera"},"modified":"2026-02-02T14:28:44","modified_gmt":"2026-02-02T12:28:44","slug":"flir-a6301-soojuskaamera","status":"publish","type":"product","link":"https:\/\/www.axiomams.eu\/et\/produktas\/flir-a6301-soojuskaamera","title":{"rendered":"Flir A6301 soojuskaamera"},"content":{"rendered":"<p><b>FLIR A6301 soojuskaamera peamised omadused:<\/b><br \/>\n&#8211; V\u00e4ga tundlik jahutatav MWIR-sensor parandab defektide tuvastamist ja suurendab toote kvaliteeti.<br \/>\n&#8211; T\u00f6\u00f6stuse juhtiv pika elueaga mikrojahuti, mille keskmine rikkeaeg on 27 000 tundi, maksimeerib kaamera kasutusaega, et tagada j\u00e4rjepidev tootmisv\u00f5imsus.<br \/>\n&#8211; Kiire integratsiooniaeg tagab t\u00e4psed temperatuurim\u00f5\u00f5tmised liikuvatel toodetel ja tootmisliinidel.<br \/>\n&#8211; Madala viivitusega, deterministlik s\u00fcnkroniseerimine v\u00e4liste allikatega t\u00e4hendab, et soojuspildid salvestatakse t\u00e4pselt siis, kui neid otsuste tegemiseks vajatakse.<br \/>\n&#8211; GigE Visioni standardprotokollid, REST API ja sisseehitatud veebiliides l\u00fchendavad rakendamise t\u00e4htaegu.<\/p>\n<p><b>Keskmine rakendus:<\/b><br \/>\n&#8211; Pakendite kuumkinnituse inline-kontroll ja valideerimine<br \/>\n&#8211; Protsessi kontroll ja j\u00e4relevalve liimide puhul<br \/>\n&#8211; Kvaliteedi tagamine paberi ja plastide tootmisel<br \/>\n&#8211; Elektriliste\/mehaaniliste s\u00fcsteemide kaugseire<\/p>\n<p><b>Standardkomplekt:<\/b> FLIR A6301 soojuskaamera 17 mm objektiiviga, M12 RJ45F-kaabel, kiirk\u00e4siraamat, kalibreerimissertifikaat.<\/p>\n<h3>Tehniline teave:<\/h3>\n<ul>\n<li><a href=\"https:\/\/axiomams.eu\/importer\/export\/attachments\/en\/flir-a6301.pdf\" target=\"_blank\">FLIR A6301.pdf<\/a><\/li>\n<\/ul>\n","protected":false},"excerpt":{"rendered":"<p>FLIR A6301 soojuskaamera peamised omadused: &#8211; V\u00e4ga tundlik jahutatav MWIR-sensor parandab defektide tuvastamist ja suurendab toote kvaliteeti. &#8211; T\u00f6\u00f6stuse juhtiv pika elueaga mikrojahuti, mille keskmine rikkeaeg on 27 000 tundi, maksimeerib kaamera kasutusaega, et tagada j\u00e4rjepidev tootmisv\u00f5imsus. &#8211; Kiire integratsiooniaeg tagab t\u00e4psed temperatuurim\u00f5\u00f5tmised liikuvatel toodetel ja tootmisliinidel. &#8211; Madala viivitusega, deterministlik s\u00fcnkroniseerimine v\u00e4liste allikatega t\u00e4hendab,&#8230;<\/p>\n","protected":false},"featured_media":41367,"comment_status":"open","ping_status":"closed","template":"","meta":{"_acf_changed":false},"product_brand":[734],"product_cat":[17800],"product_tag":[],"class_list":{"0":"post-39935","1":"product","2":"type-product","3":"status-publish","4":"has-post-thumbnail","6":"product_brand-flir","7":"product_cat-automatiseerimine","9":"first","10":"instock","11":"taxable","12":"shipping-taxable","13":"product-type-simple"},"acf":[],"yoast_head":"<!-- This site is optimized with the Yoast SEO plugin v27.0 - https:\/\/yoast.com\/product\/yoast-seo-wordpress\/ -->\n<title>Flir A6301 soojuskaamera - AXIOMA MS<\/title>\n<meta name=\"robots\" content=\"index, follow, max-snippet:-1, max-image-preview:large, max-video-preview:-1\" \/>\n<link rel=\"canonical\" href=\"https:\/\/www.axiomams.eu\/et\/produktas\/flir-a6301-soojuskaamera\" \/>\n<meta property=\"og:locale\" content=\"et_EE\" \/>\n<meta property=\"og:type\" content=\"article\" \/>\n<meta property=\"og:title\" content=\"Flir A6301 soojuskaamera - AXIOMA MS\" \/>\n<meta property=\"og:description\" content=\"FLIR A6301 soojuskaamera peamised omadused: &#8211; V\u00e4ga tundlik jahutatav MWIR-sensor parandab defektide tuvastamist ja suurendab toote kvaliteeti. &#8211; T\u00f6\u00f6stuse juhtiv pika elueaga mikrojahuti, mille keskmine rikkeaeg on 27 000 tundi, maksimeerib kaamera kasutusaega, et tagada j\u00e4rjepidev tootmisv\u00f5imsus. &#8211; Kiire integratsiooniaeg tagab t\u00e4psed temperatuurim\u00f5\u00f5tmised liikuvatel toodetel ja tootmisliinidel. &#8211; Madala viivitusega, deterministlik s\u00fcnkroniseerimine v\u00e4liste allikatega t\u00e4hendab,...\" \/>\n<meta property=\"og:url\" content=\"https:\/\/www.axiomams.eu\/et\/produktas\/flir-a6301-soojuskaamera\" \/>\n<meta property=\"og:site_name\" content=\"AXIOMA MS\" \/>\n<meta property=\"article:publisher\" content=\"https:\/\/www.facebook.com\/AxiomaMS\" \/>\n<meta property=\"article:modified_time\" content=\"2026-02-02T12:28:44+00:00\" \/>\n<meta property=\"og:image\" content=\"https:\/\/www.axiomams.eu\/wp-content\/uploads\/2025\/07\/3530-4775.jpg\" \/>\n\t<meta property=\"og:image:width\" content=\"978\" \/>\n\t<meta property=\"og:image:height\" content=\"1020\" \/>\n\t<meta property=\"og:image:type\" content=\"image\/jpeg\" \/>\n<meta name=\"twitter:card\" content=\"summary_large_image\" \/>\n<meta name=\"twitter:label1\" content=\"Est. reading time\" \/>\n\t<meta name=\"twitter:data1\" content=\"1 minut\" \/>\n<script type=\"application\/ld+json\" class=\"yoast-schema-graph\">{\"@context\":\"https:\/\/schema.org\",\"@graph\":[{\"@type\":\"WebPage\",\"@id\":\"https:\/\/www.axiomams.eu\/et\/produktas\/flir-a6301-soojuskaamera\",\"url\":\"https:\/\/www.axiomams.eu\/et\/produktas\/flir-a6301-soojuskaamera\",\"name\":\"Flir A6301 soojuskaamera - AXIOMA MS\",\"isPartOf\":{\"@id\":\"https:\/\/www.axiomams.eu\/et#website\"},\"primaryImageOfPage\":{\"@id\":\"https:\/\/www.axiomams.eu\/et\/produktas\/flir-a6301-soojuskaamera#primaryimage\"},\"image\":{\"@id\":\"https:\/\/www.axiomams.eu\/et\/produktas\/flir-a6301-soojuskaamera#primaryimage\"},\"thumbnailUrl\":\"https:\/\/www.axiomams.eu\/wp-content\/uploads\/2025\/07\/3530-4775.jpg\",\"datePublished\":\"2025-05-15T15:55:35+00:00\",\"dateModified\":\"2026-02-02T12:28:44+00:00\",\"breadcrumb\":{\"@id\":\"https:\/\/www.axiomams.eu\/et\/produktas\/flir-a6301-soojuskaamera#breadcrumb\"},\"inLanguage\":\"et\",\"potentialAction\":[{\"@type\":\"ReadAction\",\"target\":[\"https:\/\/www.axiomams.eu\/et\/produktas\/flir-a6301-soojuskaamera\"]}]},{\"@type\":\"ImageObject\",\"inLanguage\":\"et\",\"@id\":\"https:\/\/www.axiomams.eu\/et\/produktas\/flir-a6301-soojuskaamera#primaryimage\",\"url\":\"https:\/\/www.axiomams.eu\/wp-content\/uploads\/2025\/07\/3530-4775.jpg\",\"contentUrl\":\"https:\/\/www.axiomams.eu\/wp-content\/uploads\/2025\/07\/3530-4775.jpg\",\"width\":978,\"height\":1020},{\"@type\":\"BreadcrumbList\",\"@id\":\"https:\/\/www.axiomams.eu\/et\/produktas\/flir-a6301-soojuskaamera#breadcrumb\",\"itemListElement\":[{\"@type\":\"ListItem\",\"position\":1,\"name\":\"Home\",\"item\":\"https:\/\/www.axiomams.eu\/et\"},{\"@type\":\"ListItem\",\"position\":2,\"name\":\"Tooted\",\"item\":\"https:\/\/www.axiomams.eu\/et\/tooted\"},{\"@type\":\"ListItem\",\"position\":3,\"name\":\"Flir A6301 soojuskaamera\"}]},{\"@type\":\"WebSite\",\"@id\":\"https:\/\/www.axiomams.eu\/et#website\",\"url\":\"https:\/\/www.axiomams.eu\/et\",\"name\":\"AXIOMA MS\",\"description\":\"Terrmovizoriai ir matavimo \u012franga\",\"publisher\":{\"@id\":\"https:\/\/www.axiomams.eu\/et#organization\"},\"potentialAction\":[{\"@type\":\"SearchAction\",\"target\":{\"@type\":\"EntryPoint\",\"urlTemplate\":\"https:\/\/www.axiomams.eu\/et?s={search_term_string}\"},\"query-input\":{\"@type\":\"PropertyValueSpecification\",\"valueRequired\":true,\"valueName\":\"search_term_string\"}}],\"inLanguage\":\"et\"},{\"@type\":\"Organization\",\"@id\":\"https:\/\/www.axiomams.eu\/et#organization\",\"name\":\"AXIOMA MS\",\"url\":\"https:\/\/www.axiomams.eu\/et\",\"logo\":{\"@type\":\"ImageObject\",\"inLanguage\":\"et\",\"@id\":\"https:\/\/www.axiomams.eu\/et#\/schema\/logo\/image\/\",\"url\":\"https:\/\/www.axiomams.eu\/wp-content\/uploads\/2025\/06\/axioma-logo-2.png\",\"contentUrl\":\"https:\/\/www.axiomams.eu\/wp-content\/uploads\/2025\/06\/axioma-logo-2.png\",\"width\":1200,\"height\":1200,\"caption\":\"AXIOMA MS\"},\"image\":{\"@id\":\"https:\/\/www.axiomams.eu\/et#\/schema\/logo\/image\/\"},\"sameAs\":[\"https:\/\/www.facebook.com\/AxiomaMS\",\"https:\/\/www.linkedin.com\/company\/axiomams\/\"]}]}<\/script>\n<!-- \/ Yoast SEO plugin. -->","yoast_head_json":{"title":"Flir A6301 soojuskaamera - AXIOMA MS","robots":{"index":"index","follow":"follow","max-snippet":"max-snippet:-1","max-image-preview":"max-image-preview:large","max-video-preview":"max-video-preview:-1"},"canonical":"https:\/\/www.axiomams.eu\/et\/produktas\/flir-a6301-soojuskaamera","og_locale":"et_EE","og_type":"article","og_title":"Flir A6301 soojuskaamera - AXIOMA MS","og_description":"FLIR A6301 soojuskaamera peamised omadused: &#8211; V\u00e4ga tundlik jahutatav MWIR-sensor parandab defektide tuvastamist ja suurendab toote kvaliteeti. &#8211; T\u00f6\u00f6stuse juhtiv pika elueaga mikrojahuti, mille keskmine rikkeaeg on 27 000 tundi, maksimeerib kaamera kasutusaega, et tagada j\u00e4rjepidev tootmisv\u00f5imsus. &#8211; Kiire integratsiooniaeg tagab t\u00e4psed temperatuurim\u00f5\u00f5tmised liikuvatel toodetel ja tootmisliinidel. &#8211; Madala viivitusega, deterministlik s\u00fcnkroniseerimine v\u00e4liste allikatega t\u00e4hendab,...","og_url":"https:\/\/www.axiomams.eu\/et\/produktas\/flir-a6301-soojuskaamera","og_site_name":"AXIOMA MS","article_publisher":"https:\/\/www.facebook.com\/AxiomaMS","article_modified_time":"2026-02-02T12:28:44+00:00","og_image":[{"width":978,"height":1020,"url":"https:\/\/www.axiomams.eu\/wp-content\/uploads\/2025\/07\/3530-4775.jpg","type":"image\/jpeg"}],"twitter_card":"summary_large_image","twitter_misc":{"Est. reading time":"1 minut"},"schema":{"@context":"https:\/\/schema.org","@graph":[{"@type":"WebPage","@id":"https:\/\/www.axiomams.eu\/et\/produktas\/flir-a6301-soojuskaamera","url":"https:\/\/www.axiomams.eu\/et\/produktas\/flir-a6301-soojuskaamera","name":"Flir A6301 soojuskaamera - AXIOMA MS","isPartOf":{"@id":"https:\/\/www.axiomams.eu\/et#website"},"primaryImageOfPage":{"@id":"https:\/\/www.axiomams.eu\/et\/produktas\/flir-a6301-soojuskaamera#primaryimage"},"image":{"@id":"https:\/\/www.axiomams.eu\/et\/produktas\/flir-a6301-soojuskaamera#primaryimage"},"thumbnailUrl":"https:\/\/www.axiomams.eu\/wp-content\/uploads\/2025\/07\/3530-4775.jpg","datePublished":"2025-05-15T15:55:35+00:00","dateModified":"2026-02-02T12:28:44+00:00","breadcrumb":{"@id":"https:\/\/www.axiomams.eu\/et\/produktas\/flir-a6301-soojuskaamera#breadcrumb"},"inLanguage":"et","potentialAction":[{"@type":"ReadAction","target":["https:\/\/www.axiomams.eu\/et\/produktas\/flir-a6301-soojuskaamera"]}]},{"@type":"ImageObject","inLanguage":"et","@id":"https:\/\/www.axiomams.eu\/et\/produktas\/flir-a6301-soojuskaamera#primaryimage","url":"https:\/\/www.axiomams.eu\/wp-content\/uploads\/2025\/07\/3530-4775.jpg","contentUrl":"https:\/\/www.axiomams.eu\/wp-content\/uploads\/2025\/07\/3530-4775.jpg","width":978,"height":1020},{"@type":"BreadcrumbList","@id":"https:\/\/www.axiomams.eu\/et\/produktas\/flir-a6301-soojuskaamera#breadcrumb","itemListElement":[{"@type":"ListItem","position":1,"name":"Home","item":"https:\/\/www.axiomams.eu\/et"},{"@type":"ListItem","position":2,"name":"Tooted","item":"https:\/\/www.axiomams.eu\/et\/tooted"},{"@type":"ListItem","position":3,"name":"Flir A6301 soojuskaamera"}]},{"@type":"WebSite","@id":"https:\/\/www.axiomams.eu\/et#website","url":"https:\/\/www.axiomams.eu\/et","name":"AXIOMA MS","description":"Terrmovizoriai ir matavimo \u012franga","publisher":{"@id":"https:\/\/www.axiomams.eu\/et#organization"},"potentialAction":[{"@type":"SearchAction","target":{"@type":"EntryPoint","urlTemplate":"https:\/\/www.axiomams.eu\/et?s={search_term_string}"},"query-input":{"@type":"PropertyValueSpecification","valueRequired":true,"valueName":"search_term_string"}}],"inLanguage":"et"},{"@type":"Organization","@id":"https:\/\/www.axiomams.eu\/et#organization","name":"AXIOMA MS","url":"https:\/\/www.axiomams.eu\/et","logo":{"@type":"ImageObject","inLanguage":"et","@id":"https:\/\/www.axiomams.eu\/et#\/schema\/logo\/image\/","url":"https:\/\/www.axiomams.eu\/wp-content\/uploads\/2025\/06\/axioma-logo-2.png","contentUrl":"https:\/\/www.axiomams.eu\/wp-content\/uploads\/2025\/06\/axioma-logo-2.png","width":1200,"height":1200,"caption":"AXIOMA MS"},"image":{"@id":"https:\/\/www.axiomams.eu\/et#\/schema\/logo\/image\/"},"sameAs":["https:\/\/www.facebook.com\/AxiomaMS","https:\/\/www.linkedin.com\/company\/axiomams\/"]}]}},"_links":{"self":[{"href":"https:\/\/www.axiomams.eu\/et\/wp-json\/wp\/v2\/product\/39935","targetHints":{"allow":["GET"]}}],"collection":[{"href":"https:\/\/www.axiomams.eu\/et\/wp-json\/wp\/v2\/product"}],"about":[{"href":"https:\/\/www.axiomams.eu\/et\/wp-json\/wp\/v2\/types\/product"}],"replies":[{"embeddable":true,"href":"https:\/\/www.axiomams.eu\/et\/wp-json\/wp\/v2\/comments?post=39935"}],"wp:featuredmedia":[{"embeddable":true,"href":"https:\/\/www.axiomams.eu\/et\/wp-json\/wp\/v2\/media\/41367"}],"wp:attachment":[{"href":"https:\/\/www.axiomams.eu\/et\/wp-json\/wp\/v2\/media?parent=39935"}],"wp:term":[{"taxonomy":"product_brand","embeddable":true,"href":"https:\/\/www.axiomams.eu\/et\/wp-json\/wp\/v2\/product_brand?post=39935"},{"taxonomy":"product_cat","embeddable":true,"href":"https:\/\/www.axiomams.eu\/et\/wp-json\/wp\/v2\/product_cat?post=39935"},{"taxonomy":"product_tag","embeddable":true,"href":"https:\/\/www.axiomams.eu\/et\/wp-json\/wp\/v2\/product_tag?post=39935"}],"curies":[{"name":"wp","href":"https:\/\/api.w.org\/{rel}","templated":true}]}}