{"id":39936,"date":"2025-10-13T11:52:57","date_gmt":"2025-10-13T09:52:57","guid":{"rendered":"https:\/\/www.axiomams.eu\/produktas\/pulsar-axion-compact-xq19-soojuskaamera"},"modified":"2026-02-02T14:28:45","modified_gmt":"2026-02-02T12:28:45","slug":"pulsar-axion-compact-xq19-soojuskaamera","status":"publish","type":"product","link":"https:\/\/www.axiomams.eu\/et\/produktas\/pulsar-axion-compact-xq19-soojuskaamera","title":{"rendered":"Pulsar Axion Compact XQ19 soojuskaamera"},"content":{"rendered":"<p>Pulsari Axion Compact XQ19 paistab silma kui br\u00e4ndi k\u00f5ige k\u00e4ttesaadavam ja reisis\u00f5bralikum soojuskujutise seade. See kaamera on m\u00f5eldud jahimeestele, kes soovivad k\u00f5rgekvaliteedilist soojuskaamerat ilma liigsete kulutusteta, ning selles on \u00fchendatud kaasaskantavus, t\u00e4psus ja kaasaegsed \u00fchendusv\u00f5imalused. Hoolimata oma v\u00e4ikesest suurusest pakub see silmapaistvat tundlikkust ja intelligentset pildit\u00f6\u00f6tlustehnoloogiat, mis tagab selge pildi igas olukorras.<\/p>\n<p><b>Euroopas valmistatud soojusandurid<\/b><br \/>\nAxion Compact-seeriasse on integreeritud kvaliteetsed Euroopas valmistatud sensorid, mis tagavad erakordse pildi selguse ja j\u00e4rjepideva j\u00f5udluse isegi keerulistes ilmastiku- v\u00f5i valgustingimustes. See sobib suurep\u00e4raselt maastike skaneerimiseks ja ulukite avastamiseks erinevatel kaugustel.<\/p>\n<p><b>Ultrakerge ja taskuformaadis disain<\/b><br \/>\nAlla 300 grammi kaaluv Axion mahub h\u00f5lpsasti \u00fchte k\u00e4tte ja mahub taskusse v\u00f5i varustuskotti. Selle s\u00fcmmeetriline juhtimisskeem tagab h\u00f5lpsa k\u00e4sitsemise nii parem- kui ka vasakuk\u00e4elistele kasutajatele, mist\u00f5ttu on see ideaalne jahimeestele, reisijatele ja loodushuvilistele, kes otsivad t\u00f5eliselt kompaktset termomonokulaari.<\/p>\n<p><b>Liigne vaatev\u00e4li kiireks skaneerimiseks<\/b><br \/>\nLai vaatev\u00e4li v\u00f5imaldab kiiret skaneerimist ja soojusallikate avastamist. Kasutajad saavad kiiresti tuvastada sihtm\u00e4rke, hoides samal ajal \u00fcmbritsevat keskkonda silmapiiril, tagades t\u00f5husa ja mugava vaatluse.<\/p>\n<p><b>Integreeritud foto- ja videosalvestus<\/b><br \/>\nJ\u00e4\u00e4dvustage oma parimad hetked h\u00f5lpsasti, kasutades sisseehitatud salvestajat. \u00dche REC-nupu abil saate koheselt filmida v\u00f5i pildistada, kusjuures sisemine m\u00e4lu pakub tundide kaupa videot ja sadu pilte, mida saate hiljem s\u00f5prade, pere v\u00f5i jahimeestega jagada.<\/p>\n<p><b>Kindel magneesiumsulamist korpus<\/b><br \/>\nMagneesiumsulamist korpus on ehitatud vastupidavaks n\u00f5udlikule v\u00e4litingimustes kasutamisele ja pakub nii kerget kaalu kui ka suurt tugevust. See kaitseb sisemisi komponente l\u00f6\u00f6kide, temperatuurimuutuste ja niiskuse eest, hajutades samal ajal t\u00f5husalt soojust, et s\u00e4ilitada stabiilne pildikvaliteet pikemate seansside ajal.<\/p>\n<p><b>T\u00e4iustatud tundlikkuse v\u00f5imendamine<\/b><br \/>\nKolm reguleeritavat v\u00f5imendustaset koos t\u00e4iustatud heleduse ja kontrasti reguleerimisega suurendavad tuvastamisv\u00f5imet isegi vihma, udu v\u00f5i suure niiskuse korral. Need seaded tagavad nii sihtm\u00e4rkide kui ka taustadetailide optimaalse n\u00e4htavuse igas stseenis.<\/p>\n<p><b>Vahelduslikud v\u00e4rvipaletid<\/b><br \/>\nValige kaheksa v\u00e4rvipaleti vahel, et kohaneda erinevate vaatamisvajaduste ja keskkonnatingimustega. White Hot, Black Hot ja Red Hot re\u017eiimid parandavad objektide tuvastamist; Rainbow ja Ultramarine suurendavad \u00e4ratundmise t\u00e4psust; Red Monochrome, Sepia ja Violet on parimad pikemaajaliseks \u00f6iseks kasutamiseks.<\/p>\n<p><b>Stream Vision 2 rakenduse \u00fchenduvus<\/b><br \/>\nAxion Compact \u00fchendub sujuvalt iOS- ja Android-seadmetega Stream Vision 2 mobiilirakenduse kaudu Wi-Fi kaudu. See funktsioon v\u00f5imaldab pildi otse\u00fclekannet, p\u00fcsivara uuendusi, kaugjuhtimist ja meediafailide pilves hoidmist, laiendades funktsionaalsust ja mugavust v\u00e4litingimustes.<\/p>\n<p><iframe loading=\"lazy\" width=\"560\" height=\"315\" src=\"https:\/\/www.youtube.com\/embed\/Q-X2kpp165U?si=tSrh3L9nI30acvYn\" title=\"YouTube videopleier\" frameborder=\"0\" allow=\"accelerometer; autoplay; clipboard-write; encrypted-media; gyroscope; picture-in-picture; web-share\" referrerpolicy=\"strict-origin-when-cross-origin\" allowfullscreen><\/iframe><\/p>\n","protected":false},"excerpt":{"rendered":"<p>Pulsari Axion Compact XQ19 paistab silma kui br\u00e4ndi k\u00f5ige k\u00e4ttesaadavam ja reisis\u00f5bralikum soojuskujutise seade. See kaamera on m\u00f5eldud jahimeestele, kes soovivad k\u00f5rgekvaliteedilist soojuskaamerat ilma liigsete kulutusteta, ning selles on \u00fchendatud kaasaskantavus, t\u00e4psus ja kaasaegsed \u00fchendusv\u00f5imalused. Hoolimata oma v\u00e4ikesest suurusest pakub see silmapaistvat tundlikkust ja intelligentset pildit\u00f6\u00f6tlustehnoloogiat, mis tagab selge pildi igas olukorras. Euroopas valmistatud soojusandurid&#8230;<\/p>\n","protected":false},"featured_media":41369,"comment_status":"open","ping_status":"closed","template":"","meta":{"_acf_changed":false},"product_brand":[17695],"product_cat":[17799],"product_tag":[],"class_list":{"0":"post-39936","1":"product","2":"type-product","3":"status-publish","4":"has-post-thumbnail","6":"product_brand-pulsar","7":"product_cat-jahindamiseks-ja-vaatlemiseks","9":"first","10":"instock","11":"taxable","12":"shipping-taxable","13":"purchasable","14":"product-type-simple"},"acf":[],"yoast_head":"<!-- This site is optimized with the Yoast SEO plugin v27.0 - https:\/\/yoast.com\/product\/yoast-seo-wordpress\/ -->\n<title>Pulsar Axion Compact XQ19 soojuskaamera - AXIOMA MS<\/title>\n<meta name=\"robots\" content=\"index, follow, max-snippet:-1, max-image-preview:large, max-video-preview:-1\" \/>\n<link rel=\"canonical\" href=\"https:\/\/www.axiomams.eu\/et\/produktas\/pulsar-axion-compact-xq19-soojuskaamera\" \/>\n<meta property=\"og:locale\" content=\"et_EE\" \/>\n<meta property=\"og:type\" content=\"article\" \/>\n<meta property=\"og:title\" content=\"Pulsar Axion Compact XQ19 soojuskaamera - AXIOMA MS\" \/>\n<meta property=\"og:description\" content=\"Pulsari Axion Compact XQ19 paistab silma kui br\u00e4ndi k\u00f5ige k\u00e4ttesaadavam ja reisis\u00f5bralikum soojuskujutise seade. See kaamera on m\u00f5eldud jahimeestele, kes soovivad k\u00f5rgekvaliteedilist soojuskaamerat ilma liigsete kulutusteta, ning selles on \u00fchendatud kaasaskantavus, t\u00e4psus ja kaasaegsed \u00fchendusv\u00f5imalused. Hoolimata oma v\u00e4ikesest suurusest pakub see silmapaistvat tundlikkust ja intelligentset pildit\u00f6\u00f6tlustehnoloogiat, mis tagab selge pildi igas olukorras. Euroopas valmistatud soojusandurid...\" \/>\n<meta property=\"og:url\" content=\"https:\/\/www.axiomams.eu\/et\/produktas\/pulsar-axion-compact-xq19-soojuskaamera\" \/>\n<meta property=\"og:site_name\" content=\"AXIOMA MS\" \/>\n<meta property=\"article:publisher\" content=\"https:\/\/www.facebook.com\/AxiomaMS\" \/>\n<meta property=\"article:modified_time\" content=\"2026-02-02T12:28:45+00:00\" \/>\n<meta property=\"og:image\" content=\"https:\/\/www.axiomams.eu\/wp-content\/uploads\/2025\/10\/4683-6192.jpg\" \/>\n\t<meta property=\"og:image:width\" content=\"600\" \/>\n\t<meta property=\"og:image:height\" content=\"600\" \/>\n\t<meta property=\"og:image:type\" content=\"image\/jpeg\" \/>\n<meta name=\"twitter:card\" content=\"summary_large_image\" \/>\n<meta name=\"twitter:label1\" content=\"Est. reading time\" \/>\n\t<meta name=\"twitter:data1\" content=\"2 minut\" \/>\n<script type=\"application\/ld+json\" class=\"yoast-schema-graph\">{\"@context\":\"https:\/\/schema.org\",\"@graph\":[{\"@type\":\"WebPage\",\"@id\":\"https:\/\/www.axiomams.eu\/et\/produktas\/pulsar-axion-compact-xq19-soojuskaamera\",\"url\":\"https:\/\/www.axiomams.eu\/et\/produktas\/pulsar-axion-compact-xq19-soojuskaamera\",\"name\":\"Pulsar Axion Compact XQ19 soojuskaamera - AXIOMA MS\",\"isPartOf\":{\"@id\":\"https:\/\/www.axiomams.eu\/et#website\"},\"primaryImageOfPage\":{\"@id\":\"https:\/\/www.axiomams.eu\/et\/produktas\/pulsar-axion-compact-xq19-soojuskaamera#primaryimage\"},\"image\":{\"@id\":\"https:\/\/www.axiomams.eu\/et\/produktas\/pulsar-axion-compact-xq19-soojuskaamera#primaryimage\"},\"thumbnailUrl\":\"https:\/\/www.axiomams.eu\/wp-content\/uploads\/2025\/10\/4683-6192.jpg\",\"datePublished\":\"2025-10-13T09:52:57+00:00\",\"dateModified\":\"2026-02-02T12:28:45+00:00\",\"breadcrumb\":{\"@id\":\"https:\/\/www.axiomams.eu\/et\/produktas\/pulsar-axion-compact-xq19-soojuskaamera#breadcrumb\"},\"inLanguage\":\"et\",\"potentialAction\":[{\"@type\":\"ReadAction\",\"target\":[\"https:\/\/www.axiomams.eu\/et\/produktas\/pulsar-axion-compact-xq19-soojuskaamera\"]}]},{\"@type\":\"ImageObject\",\"inLanguage\":\"et\",\"@id\":\"https:\/\/www.axiomams.eu\/et\/produktas\/pulsar-axion-compact-xq19-soojuskaamera#primaryimage\",\"url\":\"https:\/\/www.axiomams.eu\/wp-content\/uploads\/2025\/10\/4683-6192.jpg\",\"contentUrl\":\"https:\/\/www.axiomams.eu\/wp-content\/uploads\/2025\/10\/4683-6192.jpg\",\"width\":600,\"height\":600},{\"@type\":\"BreadcrumbList\",\"@id\":\"https:\/\/www.axiomams.eu\/et\/produktas\/pulsar-axion-compact-xq19-soojuskaamera#breadcrumb\",\"itemListElement\":[{\"@type\":\"ListItem\",\"position\":1,\"name\":\"Home\",\"item\":\"https:\/\/www.axiomams.eu\/et\"},{\"@type\":\"ListItem\",\"position\":2,\"name\":\"Tooted\",\"item\":\"https:\/\/www.axiomams.eu\/et\/tooted\"},{\"@type\":\"ListItem\",\"position\":3,\"name\":\"Pulsar Axion Compact XQ19 soojuskaamera\"}]},{\"@type\":\"WebSite\",\"@id\":\"https:\/\/www.axiomams.eu\/et#website\",\"url\":\"https:\/\/www.axiomams.eu\/et\",\"name\":\"AXIOMA MS\",\"description\":\"Terrmovizoriai ir matavimo \u012franga\",\"publisher\":{\"@id\":\"https:\/\/www.axiomams.eu\/et#organization\"},\"potentialAction\":[{\"@type\":\"SearchAction\",\"target\":{\"@type\":\"EntryPoint\",\"urlTemplate\":\"https:\/\/www.axiomams.eu\/et?s={search_term_string}\"},\"query-input\":{\"@type\":\"PropertyValueSpecification\",\"valueRequired\":true,\"valueName\":\"search_term_string\"}}],\"inLanguage\":\"et\"},{\"@type\":\"Organization\",\"@id\":\"https:\/\/www.axiomams.eu\/et#organization\",\"name\":\"AXIOMA MS\",\"url\":\"https:\/\/www.axiomams.eu\/et\",\"logo\":{\"@type\":\"ImageObject\",\"inLanguage\":\"et\",\"@id\":\"https:\/\/www.axiomams.eu\/et#\/schema\/logo\/image\/\",\"url\":\"https:\/\/www.axiomams.eu\/wp-content\/uploads\/2025\/06\/axioma-logo-2.png\",\"contentUrl\":\"https:\/\/www.axiomams.eu\/wp-content\/uploads\/2025\/06\/axioma-logo-2.png\",\"width\":1200,\"height\":1200,\"caption\":\"AXIOMA MS\"},\"image\":{\"@id\":\"https:\/\/www.axiomams.eu\/et#\/schema\/logo\/image\/\"},\"sameAs\":[\"https:\/\/www.facebook.com\/AxiomaMS\",\"https:\/\/www.linkedin.com\/company\/axiomams\/\"]}]}<\/script>\n<!-- \/ Yoast SEO plugin. -->","yoast_head_json":{"title":"Pulsar Axion Compact XQ19 soojuskaamera - AXIOMA MS","robots":{"index":"index","follow":"follow","max-snippet":"max-snippet:-1","max-image-preview":"max-image-preview:large","max-video-preview":"max-video-preview:-1"},"canonical":"https:\/\/www.axiomams.eu\/et\/produktas\/pulsar-axion-compact-xq19-soojuskaamera","og_locale":"et_EE","og_type":"article","og_title":"Pulsar Axion Compact XQ19 soojuskaamera - AXIOMA MS","og_description":"Pulsari Axion Compact XQ19 paistab silma kui br\u00e4ndi k\u00f5ige k\u00e4ttesaadavam ja reisis\u00f5bralikum soojuskujutise seade. See kaamera on m\u00f5eldud jahimeestele, kes soovivad k\u00f5rgekvaliteedilist soojuskaamerat ilma liigsete kulutusteta, ning selles on \u00fchendatud kaasaskantavus, t\u00e4psus ja kaasaegsed \u00fchendusv\u00f5imalused. Hoolimata oma v\u00e4ikesest suurusest pakub see silmapaistvat tundlikkust ja intelligentset pildit\u00f6\u00f6tlustehnoloogiat, mis tagab selge pildi igas olukorras. Euroopas valmistatud soojusandurid...","og_url":"https:\/\/www.axiomams.eu\/et\/produktas\/pulsar-axion-compact-xq19-soojuskaamera","og_site_name":"AXIOMA MS","article_publisher":"https:\/\/www.facebook.com\/AxiomaMS","article_modified_time":"2026-02-02T12:28:45+00:00","og_image":[{"width":600,"height":600,"url":"https:\/\/www.axiomams.eu\/wp-content\/uploads\/2025\/10\/4683-6192.jpg","type":"image\/jpeg"}],"twitter_card":"summary_large_image","twitter_misc":{"Est. reading time":"2 minut"},"schema":{"@context":"https:\/\/schema.org","@graph":[{"@type":"WebPage","@id":"https:\/\/www.axiomams.eu\/et\/produktas\/pulsar-axion-compact-xq19-soojuskaamera","url":"https:\/\/www.axiomams.eu\/et\/produktas\/pulsar-axion-compact-xq19-soojuskaamera","name":"Pulsar Axion Compact XQ19 soojuskaamera - AXIOMA MS","isPartOf":{"@id":"https:\/\/www.axiomams.eu\/et#website"},"primaryImageOfPage":{"@id":"https:\/\/www.axiomams.eu\/et\/produktas\/pulsar-axion-compact-xq19-soojuskaamera#primaryimage"},"image":{"@id":"https:\/\/www.axiomams.eu\/et\/produktas\/pulsar-axion-compact-xq19-soojuskaamera#primaryimage"},"thumbnailUrl":"https:\/\/www.axiomams.eu\/wp-content\/uploads\/2025\/10\/4683-6192.jpg","datePublished":"2025-10-13T09:52:57+00:00","dateModified":"2026-02-02T12:28:45+00:00","breadcrumb":{"@id":"https:\/\/www.axiomams.eu\/et\/produktas\/pulsar-axion-compact-xq19-soojuskaamera#breadcrumb"},"inLanguage":"et","potentialAction":[{"@type":"ReadAction","target":["https:\/\/www.axiomams.eu\/et\/produktas\/pulsar-axion-compact-xq19-soojuskaamera"]}]},{"@type":"ImageObject","inLanguage":"et","@id":"https:\/\/www.axiomams.eu\/et\/produktas\/pulsar-axion-compact-xq19-soojuskaamera#primaryimage","url":"https:\/\/www.axiomams.eu\/wp-content\/uploads\/2025\/10\/4683-6192.jpg","contentUrl":"https:\/\/www.axiomams.eu\/wp-content\/uploads\/2025\/10\/4683-6192.jpg","width":600,"height":600},{"@type":"BreadcrumbList","@id":"https:\/\/www.axiomams.eu\/et\/produktas\/pulsar-axion-compact-xq19-soojuskaamera#breadcrumb","itemListElement":[{"@type":"ListItem","position":1,"name":"Home","item":"https:\/\/www.axiomams.eu\/et"},{"@type":"ListItem","position":2,"name":"Tooted","item":"https:\/\/www.axiomams.eu\/et\/tooted"},{"@type":"ListItem","position":3,"name":"Pulsar Axion Compact XQ19 soojuskaamera"}]},{"@type":"WebSite","@id":"https:\/\/www.axiomams.eu\/et#website","url":"https:\/\/www.axiomams.eu\/et","name":"AXIOMA MS","description":"Terrmovizoriai ir matavimo \u012franga","publisher":{"@id":"https:\/\/www.axiomams.eu\/et#organization"},"potentialAction":[{"@type":"SearchAction","target":{"@type":"EntryPoint","urlTemplate":"https:\/\/www.axiomams.eu\/et?s={search_term_string}"},"query-input":{"@type":"PropertyValueSpecification","valueRequired":true,"valueName":"search_term_string"}}],"inLanguage":"et"},{"@type":"Organization","@id":"https:\/\/www.axiomams.eu\/et#organization","name":"AXIOMA MS","url":"https:\/\/www.axiomams.eu\/et","logo":{"@type":"ImageObject","inLanguage":"et","@id":"https:\/\/www.axiomams.eu\/et#\/schema\/logo\/image\/","url":"https:\/\/www.axiomams.eu\/wp-content\/uploads\/2025\/06\/axioma-logo-2.png","contentUrl":"https:\/\/www.axiomams.eu\/wp-content\/uploads\/2025\/06\/axioma-logo-2.png","width":1200,"height":1200,"caption":"AXIOMA MS"},"image":{"@id":"https:\/\/www.axiomams.eu\/et#\/schema\/logo\/image\/"},"sameAs":["https:\/\/www.facebook.com\/AxiomaMS","https:\/\/www.linkedin.com\/company\/axiomams\/"]}]}},"_links":{"self":[{"href":"https:\/\/www.axiomams.eu\/et\/wp-json\/wp\/v2\/product\/39936","targetHints":{"allow":["GET"]}}],"collection":[{"href":"https:\/\/www.axiomams.eu\/et\/wp-json\/wp\/v2\/product"}],"about":[{"href":"https:\/\/www.axiomams.eu\/et\/wp-json\/wp\/v2\/types\/product"}],"replies":[{"embeddable":true,"href":"https:\/\/www.axiomams.eu\/et\/wp-json\/wp\/v2\/comments?post=39936"}],"wp:featuredmedia":[{"embeddable":true,"href":"https:\/\/www.axiomams.eu\/et\/wp-json\/wp\/v2\/media\/41369"}],"wp:attachment":[{"href":"https:\/\/www.axiomams.eu\/et\/wp-json\/wp\/v2\/media?parent=39936"}],"wp:term":[{"taxonomy":"product_brand","embeddable":true,"href":"https:\/\/www.axiomams.eu\/et\/wp-json\/wp\/v2\/product_brand?post=39936"},{"taxonomy":"product_cat","embeddable":true,"href":"https:\/\/www.axiomams.eu\/et\/wp-json\/wp\/v2\/product_cat?post=39936"},{"taxonomy":"product_tag","embeddable":true,"href":"https:\/\/www.axiomams.eu\/et\/wp-json\/wp\/v2\/product_tag?post=39936"}],"curies":[{"name":"wp","href":"https:\/\/api.w.org\/{rel}","templated":true}]}}