{"id":39937,"date":"2025-05-15T17:55:35","date_gmt":"2025-05-15T15:55:35","guid":{"rendered":"https:\/\/www.axiomams.eu\/produktas\/flir-gx620-soojuskaamera"},"modified":"2026-02-02T14:28:45","modified_gmt":"2026-02-02T12:28:45","slug":"flir-gx620-soojuskaamera","status":"publish","type":"product","link":"https:\/\/www.axiomams.eu\/et\/produktas\/flir-gx620-soojuskaamera","title":{"rendered":"Flir Gx620 soojuskaamera"},"content":{"rendered":"<p>FLIR Gx620 soojuskaamera &#8211; on uuenduslik optiline gaasikuvastuskaamera (OGI), mida kasutatakse s\u00fcsivesinike, metaani (CH4) ja muude lenduvate orgaaniliste \u00fchendite (VOC) lekete avastamiseks. See t\u00e4iustatud jahutatava soojuskaameraga, mis on loodud teie ohutust ja t\u00f5husust silmas pidades, saab ohtlikke ja keskkonnale kahjulikke gaase tuvastada ohutult kauguselt. V\u00e4hendage inspekteerimisaega, skaneerides suuri alasid, ilma et see h\u00e4iriks elektrivoolutarnet v\u00f5i peataks t\u00f6\u00f6stustegevust. Gx620 on varustatud p\u00f6\u00f6rleva, v\u00e4rvilise LCD-puuteekraaniga ja sobib ideaalselt gaasi tuvastamiseks keerulistes s\u00fcsteemides, sealhulgas elektrivarustuse \u00fclekandeseadmetes ja t\u00f6\u00f6stusettev\u00f5tetes. Koos FLIR Ignite\u2122 tarkvaraga v\u00f5imaldab FLIR Gx620 h\u00f5lpsasti laadida pilvepilve pilte ja videoid, kus saab andmeid redigeerida, korrastada, salvestada ja jagada.<\/p>\n<p><b>Sobib kasutamiseks ohtlikes ja plahvatusohtlikes keskkondades<\/b><br \/>\nVastab standarditele ATEX\/IECEx, Ex ic nC op on IIC T4 Gc II 3 G, ANSI\/ISA-12.12.01-2013, klass I Division 2, CSA 22.2 nr 213, klass I Division 2.<\/p>\n<p><b>K\u00f5rgemad gaaside visualiseerimine ja kvantifitseerimine<\/b><br \/>\nRevolutsioonilised gaasilekke tuvastamise funktsioonid, sealhulgas kvantifitseerimise anal\u00fc\u00fctika kaamera sees, mis m\u00f5\u00f5dab lekete t\u00fc\u00fcpi (hajus v\u00f5i punktiline) ja suurust, k\u00f5rvaldades vajaduse sekundaarse seadme j\u00e4rele.<\/p>\n<p><b>Standardkomplekt:<\/b> FLIR Gx620 termokaamera, aku, 2 tk, akulaadija, toiteallikas, k\u00e4erihm, kaelarihm, objektiivi kork, objektiivi kaane rihm, m\u00e4lukaart, HDMI-HDMI kaabel, USB-kaabel, kruvikeeraja TX20, tr\u00fckitud dokumentatsioon, k\u00f5va transpordikott.<\/p>\n<p><iframe loading=\"lazy\" width=\"560\" height=\"315\" src=\"https:\/\/www.youtube.com\/embed\/uja8pTxNXh8\" title=\"YouTube videom\u00e4ngija\" frameborder=\"0\" allow=\"accelerometer; autoplay; clipboard-write; encrypted-media; gyroscope; picture-in-picture; web-share\" allowfullscreen><\/iframe><\/p>\n<h3>Tehniline teave:<\/h3>\n<ul>\n<li><a href=\"https:\/\/axiomams.eu\/importer\/export\/attachments\/en\/flir-gx620.pdf\" target=\"_blank\">FLIR Gx620.pdf<\/a><\/li>\n<\/ul>\n","protected":false},"excerpt":{"rendered":"<p>FLIR Gx620 soojuskaamera &#8211; on uuenduslik optiline gaasikuvastuskaamera (OGI), mida kasutatakse s\u00fcsivesinike, metaani (CH4) ja muude lenduvate orgaaniliste \u00fchendite (VOC) lekete avastamiseks. See t\u00e4iustatud jahutatava soojuskaameraga, mis on loodud teie ohutust ja t\u00f5husust silmas pidades, saab ohtlikke ja keskkonnale kahjulikke gaase tuvastada ohutult kauguselt. V\u00e4hendage inspekteerimisaega, skaneerides suuri alasid, ilma et see h\u00e4iriks elektrivoolutarnet v\u00f5i&#8230;<\/p>\n","protected":false},"featured_media":41923,"comment_status":"open","ping_status":"closed","template":"","meta":{"_acf_changed":false},"product_brand":[734],"product_cat":[17796],"product_tag":[],"class_list":{"0":"post-39937","1":"product","2":"type-product","3":"status-publish","4":"has-post-thumbnail","6":"product_brand-flir","7":"product_cat-gaasilekke-tuvastamiseks","9":"first","10":"instock","11":"taxable","12":"shipping-taxable","13":"product-type-simple"},"acf":[],"yoast_head":"<!-- This site is optimized with the Yoast SEO plugin v27.0 - https:\/\/yoast.com\/product\/yoast-seo-wordpress\/ -->\n<title>Flir Gx620 soojuskaamera - AXIOMA MS<\/title>\n<meta name=\"robots\" content=\"index, follow, max-snippet:-1, max-image-preview:large, max-video-preview:-1\" \/>\n<link rel=\"canonical\" href=\"https:\/\/www.axiomams.eu\/et\/produktas\/flir-gx620-soojuskaamera\" \/>\n<meta property=\"og:locale\" content=\"et_EE\" \/>\n<meta property=\"og:type\" content=\"article\" \/>\n<meta property=\"og:title\" content=\"Flir Gx620 soojuskaamera - AXIOMA MS\" \/>\n<meta property=\"og:description\" content=\"FLIR Gx620 soojuskaamera &#8211; on uuenduslik optiline gaasikuvastuskaamera (OGI), mida kasutatakse s\u00fcsivesinike, metaani (CH4) ja muude lenduvate orgaaniliste \u00fchendite (VOC) lekete avastamiseks. See t\u00e4iustatud jahutatava soojuskaameraga, mis on loodud teie ohutust ja t\u00f5husust silmas pidades, saab ohtlikke ja keskkonnale kahjulikke gaase tuvastada ohutult kauguselt. V\u00e4hendage inspekteerimisaega, skaneerides suuri alasid, ilma et see h\u00e4iriks elektrivoolutarnet v\u00f5i...\" \/>\n<meta property=\"og:url\" content=\"https:\/\/www.axiomams.eu\/et\/produktas\/flir-gx620-soojuskaamera\" \/>\n<meta property=\"og:site_name\" content=\"AXIOMA MS\" \/>\n<meta property=\"article:publisher\" content=\"https:\/\/www.facebook.com\/AxiomaMS\" \/>\n<meta property=\"article:modified_time\" content=\"2026-02-02T12:28:45+00:00\" \/>\n<meta property=\"og:image\" content=\"https:\/\/www.axiomams.eu\/wp-content\/uploads\/2025\/07\/3442-4614.jpg\" \/>\n\t<meta property=\"og:image:width\" content=\"1360\" \/>\n\t<meta property=\"og:image:height\" content=\"1020\" \/>\n\t<meta property=\"og:image:type\" content=\"image\/jpeg\" \/>\n<meta name=\"twitter:card\" content=\"summary_large_image\" \/>\n<meta name=\"twitter:label1\" content=\"Est. reading time\" \/>\n\t<meta name=\"twitter:data1\" content=\"1 minut\" \/>\n<script type=\"application\/ld+json\" class=\"yoast-schema-graph\">{\"@context\":\"https:\/\/schema.org\",\"@graph\":[{\"@type\":\"WebPage\",\"@id\":\"https:\/\/www.axiomams.eu\/et\/produktas\/flir-gx620-soojuskaamera\",\"url\":\"https:\/\/www.axiomams.eu\/et\/produktas\/flir-gx620-soojuskaamera\",\"name\":\"Flir Gx620 soojuskaamera - AXIOMA MS\",\"isPartOf\":{\"@id\":\"https:\/\/www.axiomams.eu\/et#website\"},\"primaryImageOfPage\":{\"@id\":\"https:\/\/www.axiomams.eu\/et\/produktas\/flir-gx620-soojuskaamera#primaryimage\"},\"image\":{\"@id\":\"https:\/\/www.axiomams.eu\/et\/produktas\/flir-gx620-soojuskaamera#primaryimage\"},\"thumbnailUrl\":\"https:\/\/www.axiomams.eu\/wp-content\/uploads\/2025\/07\/3442-4614.jpg\",\"datePublished\":\"2025-05-15T15:55:35+00:00\",\"dateModified\":\"2026-02-02T12:28:45+00:00\",\"breadcrumb\":{\"@id\":\"https:\/\/www.axiomams.eu\/et\/produktas\/flir-gx620-soojuskaamera#breadcrumb\"},\"inLanguage\":\"et\",\"potentialAction\":[{\"@type\":\"ReadAction\",\"target\":[\"https:\/\/www.axiomams.eu\/et\/produktas\/flir-gx620-soojuskaamera\"]}]},{\"@type\":\"ImageObject\",\"inLanguage\":\"et\",\"@id\":\"https:\/\/www.axiomams.eu\/et\/produktas\/flir-gx620-soojuskaamera#primaryimage\",\"url\":\"https:\/\/www.axiomams.eu\/wp-content\/uploads\/2025\/07\/3442-4614.jpg\",\"contentUrl\":\"https:\/\/www.axiomams.eu\/wp-content\/uploads\/2025\/07\/3442-4614.jpg\",\"width\":1360,\"height\":1020},{\"@type\":\"BreadcrumbList\",\"@id\":\"https:\/\/www.axiomams.eu\/et\/produktas\/flir-gx620-soojuskaamera#breadcrumb\",\"itemListElement\":[{\"@type\":\"ListItem\",\"position\":1,\"name\":\"Home\",\"item\":\"https:\/\/www.axiomams.eu\/et\"},{\"@type\":\"ListItem\",\"position\":2,\"name\":\"Tooted\",\"item\":\"https:\/\/www.axiomams.eu\/et\/tooted\"},{\"@type\":\"ListItem\",\"position\":3,\"name\":\"Flir Gx620 soojuskaamera\"}]},{\"@type\":\"WebSite\",\"@id\":\"https:\/\/www.axiomams.eu\/et#website\",\"url\":\"https:\/\/www.axiomams.eu\/et\",\"name\":\"AXIOMA MS\",\"description\":\"Terrmovizoriai ir matavimo \u012franga\",\"publisher\":{\"@id\":\"https:\/\/www.axiomams.eu\/et#organization\"},\"potentialAction\":[{\"@type\":\"SearchAction\",\"target\":{\"@type\":\"EntryPoint\",\"urlTemplate\":\"https:\/\/www.axiomams.eu\/et?s={search_term_string}\"},\"query-input\":{\"@type\":\"PropertyValueSpecification\",\"valueRequired\":true,\"valueName\":\"search_term_string\"}}],\"inLanguage\":\"et\"},{\"@type\":\"Organization\",\"@id\":\"https:\/\/www.axiomams.eu\/et#organization\",\"name\":\"AXIOMA MS\",\"url\":\"https:\/\/www.axiomams.eu\/et\",\"logo\":{\"@type\":\"ImageObject\",\"inLanguage\":\"et\",\"@id\":\"https:\/\/www.axiomams.eu\/et#\/schema\/logo\/image\/\",\"url\":\"https:\/\/www.axiomams.eu\/wp-content\/uploads\/2025\/06\/axioma-logo-2.png\",\"contentUrl\":\"https:\/\/www.axiomams.eu\/wp-content\/uploads\/2025\/06\/axioma-logo-2.png\",\"width\":1200,\"height\":1200,\"caption\":\"AXIOMA MS\"},\"image\":{\"@id\":\"https:\/\/www.axiomams.eu\/et#\/schema\/logo\/image\/\"},\"sameAs\":[\"https:\/\/www.facebook.com\/AxiomaMS\",\"https:\/\/www.linkedin.com\/company\/axiomams\/\"]}]}<\/script>\n<!-- \/ Yoast SEO plugin. -->","yoast_head_json":{"title":"Flir Gx620 soojuskaamera - AXIOMA MS","robots":{"index":"index","follow":"follow","max-snippet":"max-snippet:-1","max-image-preview":"max-image-preview:large","max-video-preview":"max-video-preview:-1"},"canonical":"https:\/\/www.axiomams.eu\/et\/produktas\/flir-gx620-soojuskaamera","og_locale":"et_EE","og_type":"article","og_title":"Flir Gx620 soojuskaamera - AXIOMA MS","og_description":"FLIR Gx620 soojuskaamera &#8211; on uuenduslik optiline gaasikuvastuskaamera (OGI), mida kasutatakse s\u00fcsivesinike, metaani (CH4) ja muude lenduvate orgaaniliste \u00fchendite (VOC) lekete avastamiseks. See t\u00e4iustatud jahutatava soojuskaameraga, mis on loodud teie ohutust ja t\u00f5husust silmas pidades, saab ohtlikke ja keskkonnale kahjulikke gaase tuvastada ohutult kauguselt. V\u00e4hendage inspekteerimisaega, skaneerides suuri alasid, ilma et see h\u00e4iriks elektrivoolutarnet v\u00f5i...","og_url":"https:\/\/www.axiomams.eu\/et\/produktas\/flir-gx620-soojuskaamera","og_site_name":"AXIOMA MS","article_publisher":"https:\/\/www.facebook.com\/AxiomaMS","article_modified_time":"2026-02-02T12:28:45+00:00","og_image":[{"width":1360,"height":1020,"url":"https:\/\/www.axiomams.eu\/wp-content\/uploads\/2025\/07\/3442-4614.jpg","type":"image\/jpeg"}],"twitter_card":"summary_large_image","twitter_misc":{"Est. reading time":"1 minut"},"schema":{"@context":"https:\/\/schema.org","@graph":[{"@type":"WebPage","@id":"https:\/\/www.axiomams.eu\/et\/produktas\/flir-gx620-soojuskaamera","url":"https:\/\/www.axiomams.eu\/et\/produktas\/flir-gx620-soojuskaamera","name":"Flir Gx620 soojuskaamera - AXIOMA MS","isPartOf":{"@id":"https:\/\/www.axiomams.eu\/et#website"},"primaryImageOfPage":{"@id":"https:\/\/www.axiomams.eu\/et\/produktas\/flir-gx620-soojuskaamera#primaryimage"},"image":{"@id":"https:\/\/www.axiomams.eu\/et\/produktas\/flir-gx620-soojuskaamera#primaryimage"},"thumbnailUrl":"https:\/\/www.axiomams.eu\/wp-content\/uploads\/2025\/07\/3442-4614.jpg","datePublished":"2025-05-15T15:55:35+00:00","dateModified":"2026-02-02T12:28:45+00:00","breadcrumb":{"@id":"https:\/\/www.axiomams.eu\/et\/produktas\/flir-gx620-soojuskaamera#breadcrumb"},"inLanguage":"et","potentialAction":[{"@type":"ReadAction","target":["https:\/\/www.axiomams.eu\/et\/produktas\/flir-gx620-soojuskaamera"]}]},{"@type":"ImageObject","inLanguage":"et","@id":"https:\/\/www.axiomams.eu\/et\/produktas\/flir-gx620-soojuskaamera#primaryimage","url":"https:\/\/www.axiomams.eu\/wp-content\/uploads\/2025\/07\/3442-4614.jpg","contentUrl":"https:\/\/www.axiomams.eu\/wp-content\/uploads\/2025\/07\/3442-4614.jpg","width":1360,"height":1020},{"@type":"BreadcrumbList","@id":"https:\/\/www.axiomams.eu\/et\/produktas\/flir-gx620-soojuskaamera#breadcrumb","itemListElement":[{"@type":"ListItem","position":1,"name":"Home","item":"https:\/\/www.axiomams.eu\/et"},{"@type":"ListItem","position":2,"name":"Tooted","item":"https:\/\/www.axiomams.eu\/et\/tooted"},{"@type":"ListItem","position":3,"name":"Flir Gx620 soojuskaamera"}]},{"@type":"WebSite","@id":"https:\/\/www.axiomams.eu\/et#website","url":"https:\/\/www.axiomams.eu\/et","name":"AXIOMA MS","description":"Terrmovizoriai ir matavimo \u012franga","publisher":{"@id":"https:\/\/www.axiomams.eu\/et#organization"},"potentialAction":[{"@type":"SearchAction","target":{"@type":"EntryPoint","urlTemplate":"https:\/\/www.axiomams.eu\/et?s={search_term_string}"},"query-input":{"@type":"PropertyValueSpecification","valueRequired":true,"valueName":"search_term_string"}}],"inLanguage":"et"},{"@type":"Organization","@id":"https:\/\/www.axiomams.eu\/et#organization","name":"AXIOMA MS","url":"https:\/\/www.axiomams.eu\/et","logo":{"@type":"ImageObject","inLanguage":"et","@id":"https:\/\/www.axiomams.eu\/et#\/schema\/logo\/image\/","url":"https:\/\/www.axiomams.eu\/wp-content\/uploads\/2025\/06\/axioma-logo-2.png","contentUrl":"https:\/\/www.axiomams.eu\/wp-content\/uploads\/2025\/06\/axioma-logo-2.png","width":1200,"height":1200,"caption":"AXIOMA MS"},"image":{"@id":"https:\/\/www.axiomams.eu\/et#\/schema\/logo\/image\/"},"sameAs":["https:\/\/www.facebook.com\/AxiomaMS","https:\/\/www.linkedin.com\/company\/axiomams\/"]}]}},"_links":{"self":[{"href":"https:\/\/www.axiomams.eu\/et\/wp-json\/wp\/v2\/product\/39937","targetHints":{"allow":["GET"]}}],"collection":[{"href":"https:\/\/www.axiomams.eu\/et\/wp-json\/wp\/v2\/product"}],"about":[{"href":"https:\/\/www.axiomams.eu\/et\/wp-json\/wp\/v2\/types\/product"}],"replies":[{"embeddable":true,"href":"https:\/\/www.axiomams.eu\/et\/wp-json\/wp\/v2\/comments?post=39937"}],"wp:featuredmedia":[{"embeddable":true,"href":"https:\/\/www.axiomams.eu\/et\/wp-json\/wp\/v2\/media\/41923"}],"wp:attachment":[{"href":"https:\/\/www.axiomams.eu\/et\/wp-json\/wp\/v2\/media?parent=39937"}],"wp:term":[{"taxonomy":"product_brand","embeddable":true,"href":"https:\/\/www.axiomams.eu\/et\/wp-json\/wp\/v2\/product_brand?post=39937"},{"taxonomy":"product_cat","embeddable":true,"href":"https:\/\/www.axiomams.eu\/et\/wp-json\/wp\/v2\/product_cat?post=39937"},{"taxonomy":"product_tag","embeddable":true,"href":"https:\/\/www.axiomams.eu\/et\/wp-json\/wp\/v2\/product_tag?post=39937"}],"curies":[{"name":"wp","href":"https:\/\/api.w.org\/{rel}","templated":true}]}}