{"id":39938,"date":"2025-09-17T01:00:27","date_gmt":"2025-09-16T23:00:27","guid":{"rendered":"https:\/\/www.axiomams.eu\/produktas\/flir-i35-soojuskaamera"},"modified":"2026-02-02T14:28:45","modified_gmt":"2026-02-02T12:28:45","slug":"flir-i35-soojuskaamera","status":"publish","type":"product","link":"https:\/\/www.axiomams.eu\/et\/produktas\/flir-i35-soojuskaamera","title":{"rendered":"Flir i35 soojuskaamera"},"content":{"rendered":"<p>FLIR i35 pakub NFPA 70B n\u00f5uetele vastavaid soojusuuringuid k\u00f5ikide oskuste tasemete tehnikutele. Tipptasemel tehnoloogia abil loodud seade \u00fchendab endas j\u00f5udluse, kasutatavuse ja turvalisuse, et suurendada tootlikkust kohapeal.<\/p>\n<p><b>Smartphone&#8217;i sarnane kogemus ACE OSiga<\/b><br \/>\nUue ACE-operatsioonis\u00fcsteemiga i35 t\u00f6\u00f6tab nagu termograafia nutitelefon. See toetab rakendusi, \u00fchendub pilvega ja skaleerub h\u00f5lpsasti meeskonniti.<\/p>\n<p><b>K\u00f5rge eraldusv\u00f5imega pildistamine ja vastupidav disain<\/b><br \/>\n&#8211; 240 \u00d7 320 eraldusv\u00f5ime teravate termopiltide saamiseks<br \/>\n&#8211; 5-tolline intuitiivne puuteekraan<br \/>\n&#8211; Vastupidav ja kinnasjas\u00f5bralik konstruktsioon v\u00e4litingimustes kasutamiseks<\/p>\n<p><b>Seamless Connectivity Anywhere<\/b><br \/>\ni35 sisaldab sisseehitatud LTE-d, mis v\u00f5imaldab tehnikutel turvaliselt andmeid \u00fcles laadida, aruandeid jagada ja teha koost\u00f6\u00f6d reaalajas, ilma et nad peaksid s\u00f5ltuma Wi-Fi-st. See tagab katkematu v\u00e4litegevuse.<\/p>\n<p><b>T\u00f5husus ja k\u00fcberturvalisus<\/b><br \/>\n&#8211; Juhendatud t\u00f6\u00f6vood aitavad v\u00e4hendada aruandlusaega<br \/>\n&#8211; ISO 27001-sertifikaadiga ettev\u00f5tte tasemel turvalisus<br \/>\n&#8211; Suurendab kasutusaega ja annab meeskondadele v\u00f5imaluse t\u00f6\u00f6tada t\u00f5husamalt<\/p>\n<p><b>Flexible App Ecosystem<\/b><br \/>\nFLIR i35 kaamerad toetavad FLIR-i rakendusi, kolmanda osapoole rakendusi ja kohandatud rakendusi. Need t\u00f6\u00f6riistad lihtsustavad kontrolle, parandavad t\u00f6\u00f6vooge ja v\u00e4hendavad andmete kogumise ja otsuste tegemise vahelist l\u00f5het.<\/p>\n<p>Standardne komplekt: FLIR i35 infrapunakaamera, aku, lisaaku, akulaadija, USB-C kaabel, tr\u00fckitud dokumentatsioon, k\u00f5va transpordikott, randmerihm.<\/p>\n<p><iframe loading=\"lazy\" width=\"560\" height=\"315\" src=\"https:\/\/www.youtube.com\/embed\/VOaMvnPmdik?si=j7OMYhAkHrDn2L4m\" title=\"YouTube videom\u00e4ngija\" frameborder=\"0\" allow=\"accelerometer; autoplay; clipboard-write; encrypted-media; gyroscope; picture-in-picture; web-share\" referrerpolicy=\"strict-origin-when-cross-origin\" allowfullscreen><\/iframe><\/p>\n<h3>Tehniline teave:<\/h3>\n<ul>\n<li><a href=\"https:\/\/axiomams.eu\/importer\/export\/attachments\/en\/flir-ixx.pdf\" target=\"_blank\">Flir iXX.pdf<\/a><\/li>\n<\/ul>\n","protected":false},"excerpt":{"rendered":"<p>FLIR i35 pakub NFPA 70B n\u00f5uetele vastavaid soojusuuringuid k\u00f5ikide oskuste tasemete tehnikutele. Tipptasemel tehnoloogia abil loodud seade \u00fchendab endas j\u00f5udluse, kasutatavuse ja turvalisuse, et suurendada tootlikkust kohapeal. Smartphone&#8217;i sarnane kogemus ACE OSiga Uue ACE-operatsioonis\u00fcsteemiga i35 t\u00f6\u00f6tab nagu termograafia nutitelefon. See toetab rakendusi, \u00fchendub pilvega ja skaleerub h\u00f5lpsasti meeskonniti. K\u00f5rge eraldusv\u00f5imega pildistamine ja vastupidav disain &#8211;&#8230;<\/p>\n","protected":false},"featured_media":41371,"comment_status":"open","ping_status":"closed","template":"","meta":{"_acf_changed":false},"product_brand":[734],"product_cat":[17795],"product_tag":[],"class_list":{"0":"post-39938","1":"product","2":"type-product","3":"status-publish","4":"has-post-thumbnail","6":"product_brand-flir","7":"product_cat-energia-ja-hoonediagnostika","9":"first","10":"instock","11":"taxable","12":"shipping-taxable","13":"purchasable","14":"product-type-simple"},"acf":[],"yoast_head":"<!-- This site is optimized with the Yoast SEO plugin v27.0 - https:\/\/yoast.com\/product\/yoast-seo-wordpress\/ -->\n<title>Flir i35 soojuskaamera - AXIOMA MS<\/title>\n<meta name=\"robots\" content=\"index, follow, max-snippet:-1, max-image-preview:large, max-video-preview:-1\" \/>\n<link rel=\"canonical\" href=\"https:\/\/www.axiomams.eu\/et\/produktas\/flir-i35-soojuskaamera\" \/>\n<meta property=\"og:locale\" content=\"et_EE\" \/>\n<meta property=\"og:type\" content=\"article\" \/>\n<meta property=\"og:title\" content=\"Flir i35 soojuskaamera - AXIOMA MS\" \/>\n<meta property=\"og:description\" content=\"FLIR i35 pakub NFPA 70B n\u00f5uetele vastavaid soojusuuringuid k\u00f5ikide oskuste tasemete tehnikutele. Tipptasemel tehnoloogia abil loodud seade \u00fchendab endas j\u00f5udluse, kasutatavuse ja turvalisuse, et suurendada tootlikkust kohapeal. Smartphone&#8217;i sarnane kogemus ACE OSiga Uue ACE-operatsioonis\u00fcsteemiga i35 t\u00f6\u00f6tab nagu termograafia nutitelefon. See toetab rakendusi, \u00fchendub pilvega ja skaleerub h\u00f5lpsasti meeskonniti. K\u00f5rge eraldusv\u00f5imega pildistamine ja vastupidav disain &#8211;...\" \/>\n<meta property=\"og:url\" content=\"https:\/\/www.axiomams.eu\/et\/produktas\/flir-i35-soojuskaamera\" \/>\n<meta property=\"og:site_name\" content=\"AXIOMA MS\" \/>\n<meta property=\"article:publisher\" content=\"https:\/\/www.facebook.com\/AxiomaMS\" \/>\n<meta property=\"article:modified_time\" content=\"2026-02-02T12:28:45+00:00\" \/>\n<meta property=\"og:image\" content=\"https:\/\/www.axiomams.eu\/wp-content\/uploads\/2025\/09\/4670-6171.jpg\" \/>\n\t<meta property=\"og:image:width\" content=\"978\" \/>\n\t<meta property=\"og:image:height\" content=\"1020\" \/>\n\t<meta property=\"og:image:type\" content=\"image\/jpeg\" \/>\n<meta name=\"twitter:card\" content=\"summary_large_image\" \/>\n<meta name=\"twitter:label1\" content=\"Est. reading time\" \/>\n\t<meta name=\"twitter:data1\" content=\"1 minut\" \/>\n<script type=\"application\/ld+json\" class=\"yoast-schema-graph\">{\"@context\":\"https:\/\/schema.org\",\"@graph\":[{\"@type\":\"WebPage\",\"@id\":\"https:\/\/www.axiomams.eu\/et\/produktas\/flir-i35-soojuskaamera\",\"url\":\"https:\/\/www.axiomams.eu\/et\/produktas\/flir-i35-soojuskaamera\",\"name\":\"Flir i35 soojuskaamera - AXIOMA MS\",\"isPartOf\":{\"@id\":\"https:\/\/www.axiomams.eu\/et#website\"},\"primaryImageOfPage\":{\"@id\":\"https:\/\/www.axiomams.eu\/et\/produktas\/flir-i35-soojuskaamera#primaryimage\"},\"image\":{\"@id\":\"https:\/\/www.axiomams.eu\/et\/produktas\/flir-i35-soojuskaamera#primaryimage\"},\"thumbnailUrl\":\"https:\/\/www.axiomams.eu\/wp-content\/uploads\/2025\/09\/4670-6171.jpg\",\"datePublished\":\"2025-09-16T23:00:27+00:00\",\"dateModified\":\"2026-02-02T12:28:45+00:00\",\"breadcrumb\":{\"@id\":\"https:\/\/www.axiomams.eu\/et\/produktas\/flir-i35-soojuskaamera#breadcrumb\"},\"inLanguage\":\"et\",\"potentialAction\":[{\"@type\":\"ReadAction\",\"target\":[\"https:\/\/www.axiomams.eu\/et\/produktas\/flir-i35-soojuskaamera\"]}]},{\"@type\":\"ImageObject\",\"inLanguage\":\"et\",\"@id\":\"https:\/\/www.axiomams.eu\/et\/produktas\/flir-i35-soojuskaamera#primaryimage\",\"url\":\"https:\/\/www.axiomams.eu\/wp-content\/uploads\/2025\/09\/4670-6171.jpg\",\"contentUrl\":\"https:\/\/www.axiomams.eu\/wp-content\/uploads\/2025\/09\/4670-6171.jpg\",\"width\":978,\"height\":1020},{\"@type\":\"BreadcrumbList\",\"@id\":\"https:\/\/www.axiomams.eu\/et\/produktas\/flir-i35-soojuskaamera#breadcrumb\",\"itemListElement\":[{\"@type\":\"ListItem\",\"position\":1,\"name\":\"Home\",\"item\":\"https:\/\/www.axiomams.eu\/et\"},{\"@type\":\"ListItem\",\"position\":2,\"name\":\"Tooted\",\"item\":\"https:\/\/www.axiomams.eu\/et\/tooted\"},{\"@type\":\"ListItem\",\"position\":3,\"name\":\"Flir i35 soojuskaamera\"}]},{\"@type\":\"WebSite\",\"@id\":\"https:\/\/www.axiomams.eu\/et#website\",\"url\":\"https:\/\/www.axiomams.eu\/et\",\"name\":\"AXIOMA MS\",\"description\":\"Terrmovizoriai ir matavimo \u012franga\",\"publisher\":{\"@id\":\"https:\/\/www.axiomams.eu\/et#organization\"},\"potentialAction\":[{\"@type\":\"SearchAction\",\"target\":{\"@type\":\"EntryPoint\",\"urlTemplate\":\"https:\/\/www.axiomams.eu\/et?s={search_term_string}\"},\"query-input\":{\"@type\":\"PropertyValueSpecification\",\"valueRequired\":true,\"valueName\":\"search_term_string\"}}],\"inLanguage\":\"et\"},{\"@type\":\"Organization\",\"@id\":\"https:\/\/www.axiomams.eu\/et#organization\",\"name\":\"AXIOMA MS\",\"url\":\"https:\/\/www.axiomams.eu\/et\",\"logo\":{\"@type\":\"ImageObject\",\"inLanguage\":\"et\",\"@id\":\"https:\/\/www.axiomams.eu\/et#\/schema\/logo\/image\/\",\"url\":\"https:\/\/www.axiomams.eu\/wp-content\/uploads\/2025\/06\/axioma-logo-2.png\",\"contentUrl\":\"https:\/\/www.axiomams.eu\/wp-content\/uploads\/2025\/06\/axioma-logo-2.png\",\"width\":1200,\"height\":1200,\"caption\":\"AXIOMA MS\"},\"image\":{\"@id\":\"https:\/\/www.axiomams.eu\/et#\/schema\/logo\/image\/\"},\"sameAs\":[\"https:\/\/www.facebook.com\/AxiomaMS\",\"https:\/\/www.linkedin.com\/company\/axiomams\/\"]}]}<\/script>\n<!-- \/ Yoast SEO plugin. -->","yoast_head_json":{"title":"Flir i35 soojuskaamera - AXIOMA MS","robots":{"index":"index","follow":"follow","max-snippet":"max-snippet:-1","max-image-preview":"max-image-preview:large","max-video-preview":"max-video-preview:-1"},"canonical":"https:\/\/www.axiomams.eu\/et\/produktas\/flir-i35-soojuskaamera","og_locale":"et_EE","og_type":"article","og_title":"Flir i35 soojuskaamera - AXIOMA MS","og_description":"FLIR i35 pakub NFPA 70B n\u00f5uetele vastavaid soojusuuringuid k\u00f5ikide oskuste tasemete tehnikutele. Tipptasemel tehnoloogia abil loodud seade \u00fchendab endas j\u00f5udluse, kasutatavuse ja turvalisuse, et suurendada tootlikkust kohapeal. Smartphone&#8217;i sarnane kogemus ACE OSiga Uue ACE-operatsioonis\u00fcsteemiga i35 t\u00f6\u00f6tab nagu termograafia nutitelefon. See toetab rakendusi, \u00fchendub pilvega ja skaleerub h\u00f5lpsasti meeskonniti. K\u00f5rge eraldusv\u00f5imega pildistamine ja vastupidav disain &#8211;...","og_url":"https:\/\/www.axiomams.eu\/et\/produktas\/flir-i35-soojuskaamera","og_site_name":"AXIOMA MS","article_publisher":"https:\/\/www.facebook.com\/AxiomaMS","article_modified_time":"2026-02-02T12:28:45+00:00","og_image":[{"width":978,"height":1020,"url":"https:\/\/www.axiomams.eu\/wp-content\/uploads\/2025\/09\/4670-6171.jpg","type":"image\/jpeg"}],"twitter_card":"summary_large_image","twitter_misc":{"Est. reading time":"1 minut"},"schema":{"@context":"https:\/\/schema.org","@graph":[{"@type":"WebPage","@id":"https:\/\/www.axiomams.eu\/et\/produktas\/flir-i35-soojuskaamera","url":"https:\/\/www.axiomams.eu\/et\/produktas\/flir-i35-soojuskaamera","name":"Flir i35 soojuskaamera - AXIOMA MS","isPartOf":{"@id":"https:\/\/www.axiomams.eu\/et#website"},"primaryImageOfPage":{"@id":"https:\/\/www.axiomams.eu\/et\/produktas\/flir-i35-soojuskaamera#primaryimage"},"image":{"@id":"https:\/\/www.axiomams.eu\/et\/produktas\/flir-i35-soojuskaamera#primaryimage"},"thumbnailUrl":"https:\/\/www.axiomams.eu\/wp-content\/uploads\/2025\/09\/4670-6171.jpg","datePublished":"2025-09-16T23:00:27+00:00","dateModified":"2026-02-02T12:28:45+00:00","breadcrumb":{"@id":"https:\/\/www.axiomams.eu\/et\/produktas\/flir-i35-soojuskaamera#breadcrumb"},"inLanguage":"et","potentialAction":[{"@type":"ReadAction","target":["https:\/\/www.axiomams.eu\/et\/produktas\/flir-i35-soojuskaamera"]}]},{"@type":"ImageObject","inLanguage":"et","@id":"https:\/\/www.axiomams.eu\/et\/produktas\/flir-i35-soojuskaamera#primaryimage","url":"https:\/\/www.axiomams.eu\/wp-content\/uploads\/2025\/09\/4670-6171.jpg","contentUrl":"https:\/\/www.axiomams.eu\/wp-content\/uploads\/2025\/09\/4670-6171.jpg","width":978,"height":1020},{"@type":"BreadcrumbList","@id":"https:\/\/www.axiomams.eu\/et\/produktas\/flir-i35-soojuskaamera#breadcrumb","itemListElement":[{"@type":"ListItem","position":1,"name":"Home","item":"https:\/\/www.axiomams.eu\/et"},{"@type":"ListItem","position":2,"name":"Tooted","item":"https:\/\/www.axiomams.eu\/et\/tooted"},{"@type":"ListItem","position":3,"name":"Flir i35 soojuskaamera"}]},{"@type":"WebSite","@id":"https:\/\/www.axiomams.eu\/et#website","url":"https:\/\/www.axiomams.eu\/et","name":"AXIOMA MS","description":"Terrmovizoriai ir matavimo \u012franga","publisher":{"@id":"https:\/\/www.axiomams.eu\/et#organization"},"potentialAction":[{"@type":"SearchAction","target":{"@type":"EntryPoint","urlTemplate":"https:\/\/www.axiomams.eu\/et?s={search_term_string}"},"query-input":{"@type":"PropertyValueSpecification","valueRequired":true,"valueName":"search_term_string"}}],"inLanguage":"et"},{"@type":"Organization","@id":"https:\/\/www.axiomams.eu\/et#organization","name":"AXIOMA MS","url":"https:\/\/www.axiomams.eu\/et","logo":{"@type":"ImageObject","inLanguage":"et","@id":"https:\/\/www.axiomams.eu\/et#\/schema\/logo\/image\/","url":"https:\/\/www.axiomams.eu\/wp-content\/uploads\/2025\/06\/axioma-logo-2.png","contentUrl":"https:\/\/www.axiomams.eu\/wp-content\/uploads\/2025\/06\/axioma-logo-2.png","width":1200,"height":1200,"caption":"AXIOMA MS"},"image":{"@id":"https:\/\/www.axiomams.eu\/et#\/schema\/logo\/image\/"},"sameAs":["https:\/\/www.facebook.com\/AxiomaMS","https:\/\/www.linkedin.com\/company\/axiomams\/"]}]}},"_links":{"self":[{"href":"https:\/\/www.axiomams.eu\/et\/wp-json\/wp\/v2\/product\/39938","targetHints":{"allow":["GET"]}}],"collection":[{"href":"https:\/\/www.axiomams.eu\/et\/wp-json\/wp\/v2\/product"}],"about":[{"href":"https:\/\/www.axiomams.eu\/et\/wp-json\/wp\/v2\/types\/product"}],"replies":[{"embeddable":true,"href":"https:\/\/www.axiomams.eu\/et\/wp-json\/wp\/v2\/comments?post=39938"}],"wp:featuredmedia":[{"embeddable":true,"href":"https:\/\/www.axiomams.eu\/et\/wp-json\/wp\/v2\/media\/41371"}],"wp:attachment":[{"href":"https:\/\/www.axiomams.eu\/et\/wp-json\/wp\/v2\/media?parent=39938"}],"wp:term":[{"taxonomy":"product_brand","embeddable":true,"href":"https:\/\/www.axiomams.eu\/et\/wp-json\/wp\/v2\/product_brand?post=39938"},{"taxonomy":"product_cat","embeddable":true,"href":"https:\/\/www.axiomams.eu\/et\/wp-json\/wp\/v2\/product_cat?post=39938"},{"taxonomy":"product_tag","embeddable":true,"href":"https:\/\/www.axiomams.eu\/et\/wp-json\/wp\/v2\/product_tag?post=39938"}],"curies":[{"name":"wp","href":"https:\/\/api.w.org\/{rel}","templated":true}]}}