{"id":39941,"date":"2025-07-19T01:01:01","date_gmt":"2025-07-18T23:01:01","guid":{"rendered":"https:\/\/www.axiomams.eu\/produktas\/hioki-ir5051-isolatsioonitesti"},"modified":"2026-02-02T14:28:46","modified_gmt":"2026-02-02T12:28:46","slug":"hioki-ir5051-isolatsioonitesti","status":"publish","type":"product","link":"https:\/\/www.axiomams.eu\/et\/produktas\/hioki-ir5051-isolatsioonitesti","title":{"rendered":"HIOKI IR5051 isolatsioonitesti"},"content":{"rendered":"<p>Hioki IR5051 Isolatsioonitesti &#8211; k\u00f5rgepinge digitaalne megohmmeter<\/p>\n<p>Hioki IR5051 on suure v\u00f5imsusega digitaalne isolatsioonitesti, mis on m\u00f5eldud trafode, mootorite, kaablite, PV-paneelide ja muude k\u00f5rgepingeseadmete isolatsioonitakistuse t\u00e4pseks m\u00f5\u00f5tmiseks. See on ideaalne lahendus inseneridele, hooldusspetsialistidele ja t\u00f6\u00f6v\u00f5tjatele, kes vajavad usaldusv\u00e4\u00e4rset diagnostikat kohapeal.<\/p>\n<p>Peamised omadused:<br \/>\n<b>K\u00f5rge katsepinge v\u00f5imekus<\/b><br \/>\nValitav alalisvoolu testpinge 250 V kuni 5000 V, mis sobib paljude t\u00f6\u00f6stuslike rakenduste jaoks.<br \/>\n<b>Suur m\u00f5\u00f5tepiirkond<\/b><br \/>\nM\u00f5\u00f5tke isolatsioonitakistust kuni 10 T\u03a9 ulatuslikuks s\u00fcsteemi hindamiseks.<br \/>\n<b>Sisesseehitatud diagnostikavahendid<\/b><br \/>\nArvutab automaatselt polarisatsiooniindeksi (PI), dielektrilise neeldumise suhte (DAR) ja dielektrilise t\u00fchjenemise (DD) kiireks isolatsiooni seisundi hindamiseks.<br \/>\n<b>Sisene andmete logimine<\/b><br \/>\nSisseehitatud m\u00e4lu \u00fchtlustab andmete salvestamist ja aruandlust, minimeerides k\u00e4sitsi tehtavaid vigu.<br \/>\n<b>V\u00f5imalik USB- ja traadita side<\/b><br \/>\nV\u00f5imaldab andmeedastuse ja kaugjuhtimise, kui seda kasutatakse koos valikuliste sideadapteritega.<br \/>\n<b>Kantav ja vastupidav disain<\/b><br \/>\nKerge ja kompaktne, vastupidava IP65-klassi kaitseklassiga korpus, mis on ehitatud karmide t\u00f6\u00f6platsi tingimuste jaoks.<br \/>\n<b>PV isolatsioonikindlus<\/b><br \/>\nKatsepinge kuni 2,00 kV.<\/p>\n<p>Hioki IR5051, mis on m\u00f5eldud n\u00f5udlikuks v\u00e4litingimustes kasutamiseks, \u00fchendab t\u00e4psuse, kaasaskantavuse ja t\u00e4iustatud diagnostikav\u00f5imalused \u00fches lihtsasti kasutatavas seadmes. Olenemata sellest, kas teete regulaarset hooldust v\u00f5i t\u00f5rkeotsingut, annab see k\u00f5rgepinge isolatsioonitakistuse m\u00f5\u00f5tja teile kindlustunde ja andmekvaliteedi, et teha t\u00f6\u00f6d \u00f5igesti.<\/p>\n<p>Standardkomplekt: Hioki IR5051 isolatsioonitesti, testjuhtmete komplekt, alligaatoriklambrite komplekt, kandekott, patareid, kasutusjuhend, ettevaatusabin\u00f5ud.<\/p>\n<h3>Tehniline teave:<\/h3>\n<ul>\n<li><a href=\"https:\/\/axiomams.eu\/importer\/export\/attachments\/en\/hioki-ir5051.pdf\" target=\"_blank\">HIOKI IR5051.pdf<\/a><\/li>\n<\/ul>\n","protected":false},"excerpt":{"rendered":"<p>Hioki IR5051 Isolatsioonitesti &#8211; k\u00f5rgepinge digitaalne megohmmeter Hioki IR5051 on suure v\u00f5imsusega digitaalne isolatsioonitesti, mis on m\u00f5eldud trafode, mootorite, kaablite, PV-paneelide ja muude k\u00f5rgepingeseadmete isolatsioonitakistuse t\u00e4pseks m\u00f5\u00f5tmiseks. See on ideaalne lahendus inseneridele, hooldusspetsialistidele ja t\u00f6\u00f6v\u00f5tjatele, kes vajavad usaldusv\u00e4\u00e4rset diagnostikat kohapeal. Peamised omadused: K\u00f5rge katsepinge v\u00f5imekus Valitav alalisvoolu testpinge 250 V kuni 5000 V, mis sobib&#8230;<\/p>\n","protected":false},"featured_media":41377,"comment_status":"open","ping_status":"closed","template":"","meta":{"_acf_changed":false},"product_brand":[1112],"product_cat":[17778],"product_tag":[],"class_list":{"0":"post-39941","1":"product","2":"type-product","3":"status-publish","4":"has-post-thumbnail","6":"product_brand-hioki","7":"product_cat-elektrijuhtmete-kontrollimiseks","9":"first","10":"instock","11":"taxable","12":"shipping-taxable","13":"purchasable","14":"product-type-simple"},"acf":[],"yoast_head":"<!-- This site is optimized with the Yoast SEO plugin v27.0 - https:\/\/yoast.com\/product\/yoast-seo-wordpress\/ -->\n<title>HIOKI IR5051 isolatsioonitesti - AXIOMA MS<\/title>\n<meta name=\"robots\" content=\"index, follow, max-snippet:-1, max-image-preview:large, max-video-preview:-1\" \/>\n<link rel=\"canonical\" href=\"https:\/\/www.axiomams.eu\/et\/produktas\/hioki-ir5051-isolatsioonitesti\" \/>\n<meta property=\"og:locale\" content=\"et_EE\" \/>\n<meta property=\"og:type\" content=\"article\" \/>\n<meta property=\"og:title\" content=\"HIOKI IR5051 isolatsioonitesti - AXIOMA MS\" \/>\n<meta property=\"og:description\" content=\"Hioki IR5051 Isolatsioonitesti &#8211; k\u00f5rgepinge digitaalne megohmmeter Hioki IR5051 on suure v\u00f5imsusega digitaalne isolatsioonitesti, mis on m\u00f5eldud trafode, mootorite, kaablite, PV-paneelide ja muude k\u00f5rgepingeseadmete isolatsioonitakistuse t\u00e4pseks m\u00f5\u00f5tmiseks. See on ideaalne lahendus inseneridele, hooldusspetsialistidele ja t\u00f6\u00f6v\u00f5tjatele, kes vajavad usaldusv\u00e4\u00e4rset diagnostikat kohapeal. Peamised omadused: K\u00f5rge katsepinge v\u00f5imekus Valitav alalisvoolu testpinge 250 V kuni 5000 V, mis sobib...\" \/>\n<meta property=\"og:url\" content=\"https:\/\/www.axiomams.eu\/et\/produktas\/hioki-ir5051-isolatsioonitesti\" \/>\n<meta property=\"og:site_name\" content=\"AXIOMA MS\" \/>\n<meta property=\"article:publisher\" content=\"https:\/\/www.facebook.com\/AxiomaMS\" \/>\n<meta property=\"article:modified_time\" content=\"2026-02-02T12:28:46+00:00\" \/>\n<meta property=\"og:image\" content=\"https:\/\/www.axiomams.eu\/wp-content\/uploads\/2025\/07\/4646-6112.jpg\" \/>\n\t<meta property=\"og:image:width\" content=\"694\" \/>\n\t<meta property=\"og:image:height\" content=\"694\" \/>\n\t<meta property=\"og:image:type\" content=\"image\/jpeg\" \/>\n<meta name=\"twitter:card\" content=\"summary_large_image\" \/>\n<meta name=\"twitter:label1\" content=\"Est. reading time\" \/>\n\t<meta name=\"twitter:data1\" content=\"1 minut\" \/>\n<script type=\"application\/ld+json\" class=\"yoast-schema-graph\">{\"@context\":\"https:\/\/schema.org\",\"@graph\":[{\"@type\":\"WebPage\",\"@id\":\"https:\/\/www.axiomams.eu\/et\/produktas\/hioki-ir5051-isolatsioonitesti\",\"url\":\"https:\/\/www.axiomams.eu\/et\/produktas\/hioki-ir5051-isolatsioonitesti\",\"name\":\"HIOKI IR5051 isolatsioonitesti - AXIOMA MS\",\"isPartOf\":{\"@id\":\"https:\/\/www.axiomams.eu\/et#website\"},\"primaryImageOfPage\":{\"@id\":\"https:\/\/www.axiomams.eu\/et\/produktas\/hioki-ir5051-isolatsioonitesti#primaryimage\"},\"image\":{\"@id\":\"https:\/\/www.axiomams.eu\/et\/produktas\/hioki-ir5051-isolatsioonitesti#primaryimage\"},\"thumbnailUrl\":\"https:\/\/www.axiomams.eu\/wp-content\/uploads\/2025\/07\/4646-6112.jpg\",\"datePublished\":\"2025-07-18T23:01:01+00:00\",\"dateModified\":\"2026-02-02T12:28:46+00:00\",\"breadcrumb\":{\"@id\":\"https:\/\/www.axiomams.eu\/et\/produktas\/hioki-ir5051-isolatsioonitesti#breadcrumb\"},\"inLanguage\":\"et\",\"potentialAction\":[{\"@type\":\"ReadAction\",\"target\":[\"https:\/\/www.axiomams.eu\/et\/produktas\/hioki-ir5051-isolatsioonitesti\"]}]},{\"@type\":\"ImageObject\",\"inLanguage\":\"et\",\"@id\":\"https:\/\/www.axiomams.eu\/et\/produktas\/hioki-ir5051-isolatsioonitesti#primaryimage\",\"url\":\"https:\/\/www.axiomams.eu\/wp-content\/uploads\/2025\/07\/4646-6112.jpg\",\"contentUrl\":\"https:\/\/www.axiomams.eu\/wp-content\/uploads\/2025\/07\/4646-6112.jpg\",\"width\":694,\"height\":694},{\"@type\":\"BreadcrumbList\",\"@id\":\"https:\/\/www.axiomams.eu\/et\/produktas\/hioki-ir5051-isolatsioonitesti#breadcrumb\",\"itemListElement\":[{\"@type\":\"ListItem\",\"position\":1,\"name\":\"Home\",\"item\":\"https:\/\/www.axiomams.eu\/et\"},{\"@type\":\"ListItem\",\"position\":2,\"name\":\"Tooted\",\"item\":\"https:\/\/www.axiomams.eu\/et\/tooted\"},{\"@type\":\"ListItem\",\"position\":3,\"name\":\"HIOKI IR5051 isolatsioonitesti\"}]},{\"@type\":\"WebSite\",\"@id\":\"https:\/\/www.axiomams.eu\/et#website\",\"url\":\"https:\/\/www.axiomams.eu\/et\",\"name\":\"AXIOMA MS\",\"description\":\"Terrmovizoriai ir matavimo \u012franga\",\"publisher\":{\"@id\":\"https:\/\/www.axiomams.eu\/et#organization\"},\"potentialAction\":[{\"@type\":\"SearchAction\",\"target\":{\"@type\":\"EntryPoint\",\"urlTemplate\":\"https:\/\/www.axiomams.eu\/et?s={search_term_string}\"},\"query-input\":{\"@type\":\"PropertyValueSpecification\",\"valueRequired\":true,\"valueName\":\"search_term_string\"}}],\"inLanguage\":\"et\"},{\"@type\":\"Organization\",\"@id\":\"https:\/\/www.axiomams.eu\/et#organization\",\"name\":\"AXIOMA MS\",\"url\":\"https:\/\/www.axiomams.eu\/et\",\"logo\":{\"@type\":\"ImageObject\",\"inLanguage\":\"et\",\"@id\":\"https:\/\/www.axiomams.eu\/et#\/schema\/logo\/image\/\",\"url\":\"https:\/\/www.axiomams.eu\/wp-content\/uploads\/2025\/06\/axioma-logo-2.png\",\"contentUrl\":\"https:\/\/www.axiomams.eu\/wp-content\/uploads\/2025\/06\/axioma-logo-2.png\",\"width\":1200,\"height\":1200,\"caption\":\"AXIOMA MS\"},\"image\":{\"@id\":\"https:\/\/www.axiomams.eu\/et#\/schema\/logo\/image\/\"},\"sameAs\":[\"https:\/\/www.facebook.com\/AxiomaMS\",\"https:\/\/www.linkedin.com\/company\/axiomams\/\"]}]}<\/script>\n<!-- \/ Yoast SEO plugin. -->","yoast_head_json":{"title":"HIOKI IR5051 isolatsioonitesti - AXIOMA MS","robots":{"index":"index","follow":"follow","max-snippet":"max-snippet:-1","max-image-preview":"max-image-preview:large","max-video-preview":"max-video-preview:-1"},"canonical":"https:\/\/www.axiomams.eu\/et\/produktas\/hioki-ir5051-isolatsioonitesti","og_locale":"et_EE","og_type":"article","og_title":"HIOKI IR5051 isolatsioonitesti - AXIOMA MS","og_description":"Hioki IR5051 Isolatsioonitesti &#8211; k\u00f5rgepinge digitaalne megohmmeter Hioki IR5051 on suure v\u00f5imsusega digitaalne isolatsioonitesti, mis on m\u00f5eldud trafode, mootorite, kaablite, PV-paneelide ja muude k\u00f5rgepingeseadmete isolatsioonitakistuse t\u00e4pseks m\u00f5\u00f5tmiseks. See on ideaalne lahendus inseneridele, hooldusspetsialistidele ja t\u00f6\u00f6v\u00f5tjatele, kes vajavad usaldusv\u00e4\u00e4rset diagnostikat kohapeal. Peamised omadused: K\u00f5rge katsepinge v\u00f5imekus Valitav alalisvoolu testpinge 250 V kuni 5000 V, mis sobib...","og_url":"https:\/\/www.axiomams.eu\/et\/produktas\/hioki-ir5051-isolatsioonitesti","og_site_name":"AXIOMA MS","article_publisher":"https:\/\/www.facebook.com\/AxiomaMS","article_modified_time":"2026-02-02T12:28:46+00:00","og_image":[{"width":694,"height":694,"url":"https:\/\/www.axiomams.eu\/wp-content\/uploads\/2025\/07\/4646-6112.jpg","type":"image\/jpeg"}],"twitter_card":"summary_large_image","twitter_misc":{"Est. reading time":"1 minut"},"schema":{"@context":"https:\/\/schema.org","@graph":[{"@type":"WebPage","@id":"https:\/\/www.axiomams.eu\/et\/produktas\/hioki-ir5051-isolatsioonitesti","url":"https:\/\/www.axiomams.eu\/et\/produktas\/hioki-ir5051-isolatsioonitesti","name":"HIOKI IR5051 isolatsioonitesti - AXIOMA MS","isPartOf":{"@id":"https:\/\/www.axiomams.eu\/et#website"},"primaryImageOfPage":{"@id":"https:\/\/www.axiomams.eu\/et\/produktas\/hioki-ir5051-isolatsioonitesti#primaryimage"},"image":{"@id":"https:\/\/www.axiomams.eu\/et\/produktas\/hioki-ir5051-isolatsioonitesti#primaryimage"},"thumbnailUrl":"https:\/\/www.axiomams.eu\/wp-content\/uploads\/2025\/07\/4646-6112.jpg","datePublished":"2025-07-18T23:01:01+00:00","dateModified":"2026-02-02T12:28:46+00:00","breadcrumb":{"@id":"https:\/\/www.axiomams.eu\/et\/produktas\/hioki-ir5051-isolatsioonitesti#breadcrumb"},"inLanguage":"et","potentialAction":[{"@type":"ReadAction","target":["https:\/\/www.axiomams.eu\/et\/produktas\/hioki-ir5051-isolatsioonitesti"]}]},{"@type":"ImageObject","inLanguage":"et","@id":"https:\/\/www.axiomams.eu\/et\/produktas\/hioki-ir5051-isolatsioonitesti#primaryimage","url":"https:\/\/www.axiomams.eu\/wp-content\/uploads\/2025\/07\/4646-6112.jpg","contentUrl":"https:\/\/www.axiomams.eu\/wp-content\/uploads\/2025\/07\/4646-6112.jpg","width":694,"height":694},{"@type":"BreadcrumbList","@id":"https:\/\/www.axiomams.eu\/et\/produktas\/hioki-ir5051-isolatsioonitesti#breadcrumb","itemListElement":[{"@type":"ListItem","position":1,"name":"Home","item":"https:\/\/www.axiomams.eu\/et"},{"@type":"ListItem","position":2,"name":"Tooted","item":"https:\/\/www.axiomams.eu\/et\/tooted"},{"@type":"ListItem","position":3,"name":"HIOKI IR5051 isolatsioonitesti"}]},{"@type":"WebSite","@id":"https:\/\/www.axiomams.eu\/et#website","url":"https:\/\/www.axiomams.eu\/et","name":"AXIOMA MS","description":"Terrmovizoriai ir matavimo \u012franga","publisher":{"@id":"https:\/\/www.axiomams.eu\/et#organization"},"potentialAction":[{"@type":"SearchAction","target":{"@type":"EntryPoint","urlTemplate":"https:\/\/www.axiomams.eu\/et?s={search_term_string}"},"query-input":{"@type":"PropertyValueSpecification","valueRequired":true,"valueName":"search_term_string"}}],"inLanguage":"et"},{"@type":"Organization","@id":"https:\/\/www.axiomams.eu\/et#organization","name":"AXIOMA MS","url":"https:\/\/www.axiomams.eu\/et","logo":{"@type":"ImageObject","inLanguage":"et","@id":"https:\/\/www.axiomams.eu\/et#\/schema\/logo\/image\/","url":"https:\/\/www.axiomams.eu\/wp-content\/uploads\/2025\/06\/axioma-logo-2.png","contentUrl":"https:\/\/www.axiomams.eu\/wp-content\/uploads\/2025\/06\/axioma-logo-2.png","width":1200,"height":1200,"caption":"AXIOMA MS"},"image":{"@id":"https:\/\/www.axiomams.eu\/et#\/schema\/logo\/image\/"},"sameAs":["https:\/\/www.facebook.com\/AxiomaMS","https:\/\/www.linkedin.com\/company\/axiomams\/"]}]}},"_links":{"self":[{"href":"https:\/\/www.axiomams.eu\/et\/wp-json\/wp\/v2\/product\/39941","targetHints":{"allow":["GET"]}}],"collection":[{"href":"https:\/\/www.axiomams.eu\/et\/wp-json\/wp\/v2\/product"}],"about":[{"href":"https:\/\/www.axiomams.eu\/et\/wp-json\/wp\/v2\/types\/product"}],"replies":[{"embeddable":true,"href":"https:\/\/www.axiomams.eu\/et\/wp-json\/wp\/v2\/comments?post=39941"}],"wp:featuredmedia":[{"embeddable":true,"href":"https:\/\/www.axiomams.eu\/et\/wp-json\/wp\/v2\/media\/41377"}],"wp:attachment":[{"href":"https:\/\/www.axiomams.eu\/et\/wp-json\/wp\/v2\/media?parent=39941"}],"wp:term":[{"taxonomy":"product_brand","embeddable":true,"href":"https:\/\/www.axiomams.eu\/et\/wp-json\/wp\/v2\/product_brand?post=39941"},{"taxonomy":"product_cat","embeddable":true,"href":"https:\/\/www.axiomams.eu\/et\/wp-json\/wp\/v2\/product_cat?post=39941"},{"taxonomy":"product_tag","embeddable":true,"href":"https:\/\/www.axiomams.eu\/et\/wp-json\/wp\/v2\/product_tag?post=39941"}],"curies":[{"name":"wp","href":"https:\/\/api.w.org\/{rel}","templated":true}]}}