{"id":39944,"date":"2025-07-14T10:07:21","date_gmt":"2025-07-14T08:07:21","guid":{"rendered":"https:\/\/www.axiomams.eu\/produktas\/hioki-mr8848-salvestusseade"},"modified":"2026-02-02T14:28:48","modified_gmt":"2026-02-02T12:28:48","slug":"hioki-mr8848-salvestusseade","status":"publish","type":"product","link":"https:\/\/www.axiomams.eu\/et\/produktas\/hioki-mr8848-salvestusseade","title":{"rendered":"HIOKI MR8848 salvestusseade"},"content":{"rendered":"<p>Hioki MR8848 Memory HiCorder on vastupidav ja kiire andmekogumiss\u00fcsteem, mis sobib ideaalselt kriitilise infrastruktuuri j\u00e4lgimiseks elektrijaamades, raudteedel ja t\u00f6\u00f6stusrakendustes. See on projekteeritud t\u00f6\u00f6kindluse tagamiseks ja omab isoleeritud kanaleid, mis v\u00f5imaldavad ohutult m\u00f5\u00f5ta samaaegselt mitut signaali ilma l\u00fchise tekkimise ohuta.<\/p>\n<p>Selle vastupidav ja l\u00f6\u00f6gikindel konstruktsioon tagab j\u00f5udluse karmides tingimustes, samas kui suure m\u00e4lumahuga m\u00e4lu v\u00f5imaldab pikaajalist m\u00f6\u00f6duvate s\u00fcndmuste salvestamist. Kuni 32 analoog- ja 64 loogikakanaliga seade sobib suurep\u00e4raselt keerukaks veaotsinguks, lainekuju anal\u00fc\u00fcsiks ning pinge, voolu, vibratsiooni ja muu korrelatsiooniks.<\/p>\n<p>Valikuline kohapealne printimine lisab turvalise dokumentatsiooni, mis muudab MR8848 mitmek\u00fclgseks t\u00f6\u00f6riistaks hooldus- ja hindamistestide tegemiseks.<\/p>\n<p><b>Standardkomplekt:<\/b> Hioki MR8848 salvestusseade, k\u00e4ivitamisjuhend, ettevaatusabin\u00f5ud kasutamisel, sisendjuhtme silt, toitejuhe.<\/p>\n<p><iframe loading=\"lazy\" width=\"560\" height=\"315\" src=\"https:\/\/www.youtube.com\/embed\/sKsJZxtxz4M?si=0XGtLcQYXBqNHOz4\" title=\"YouTube videopleier\" frameborder=\"0\" allow=\"accelerometer; autoplay; clipboard-write; encrypted-media; gyroscope; picture-in-picture; web-share\" referrerpolicy=\"strict-origin-when-cross-origin\" allowfullscreen><\/iframe><\/p>\n<h3>Tehniline teave:<\/h3>\n<ul>\n<li><a href=\"https:\/\/axiomams.eu\/importer\/export\/attachments\/en\/hioki-mr8848.pdf\" target=\"_blank\">Hioki MR8848.pdf<\/a><\/li>\n<\/ul>\n","protected":false},"excerpt":{"rendered":"<p>Hioki MR8848 Memory HiCorder on vastupidav ja kiire andmekogumiss\u00fcsteem, mis sobib ideaalselt kriitilise infrastruktuuri j\u00e4lgimiseks elektrijaamades, raudteedel ja t\u00f6\u00f6stusrakendustes. See on projekteeritud t\u00f6\u00f6kindluse tagamiseks ja omab isoleeritud kanaleid, mis v\u00f5imaldavad ohutult m\u00f5\u00f5ta samaaegselt mitut signaali ilma l\u00fchise tekkimise ohuta. Selle vastupidav ja l\u00f6\u00f6gikindel konstruktsioon tagab j\u00f5udluse karmides tingimustes, samas kui suure m\u00e4lumahuga m\u00e4lu v\u00f5imaldab pikaajalist&#8230;<\/p>\n","protected":false},"featured_media":41383,"comment_status":"open","ping_status":"closed","template":"","meta":{"_acf_changed":false},"product_brand":[1112],"product_cat":[17791],"product_tag":[],"class_list":{"0":"post-39944","1":"product","2":"type-product","3":"status-publish","4":"has-post-thumbnail","6":"product_brand-hioki","7":"product_cat-andmelogijad","9":"first","10":"instock","11":"taxable","12":"shipping-taxable","13":"product-type-simple"},"acf":[],"yoast_head":"<!-- This site is optimized with the Yoast SEO plugin v27.0 - https:\/\/yoast.com\/product\/yoast-seo-wordpress\/ -->\n<title>HIOKI MR8848 salvestusseade - AXIOMA MS<\/title>\n<meta name=\"robots\" content=\"index, follow, max-snippet:-1, max-image-preview:large, max-video-preview:-1\" \/>\n<link rel=\"canonical\" href=\"https:\/\/www.axiomams.eu\/et\/produktas\/hioki-mr8848-salvestusseade\" \/>\n<meta property=\"og:locale\" content=\"et_EE\" \/>\n<meta property=\"og:type\" content=\"article\" \/>\n<meta property=\"og:title\" content=\"HIOKI MR8848 salvestusseade - AXIOMA MS\" \/>\n<meta property=\"og:description\" content=\"Hioki MR8848 Memory HiCorder on vastupidav ja kiire andmekogumiss\u00fcsteem, mis sobib ideaalselt kriitilise infrastruktuuri j\u00e4lgimiseks elektrijaamades, raudteedel ja t\u00f6\u00f6stusrakendustes. See on projekteeritud t\u00f6\u00f6kindluse tagamiseks ja omab isoleeritud kanaleid, mis v\u00f5imaldavad ohutult m\u00f5\u00f5ta samaaegselt mitut signaali ilma l\u00fchise tekkimise ohuta. Selle vastupidav ja l\u00f6\u00f6gikindel konstruktsioon tagab j\u00f5udluse karmides tingimustes, samas kui suure m\u00e4lumahuga m\u00e4lu v\u00f5imaldab pikaajalist...\" \/>\n<meta property=\"og:url\" content=\"https:\/\/www.axiomams.eu\/et\/produktas\/hioki-mr8848-salvestusseade\" \/>\n<meta property=\"og:site_name\" content=\"AXIOMA MS\" \/>\n<meta property=\"article:publisher\" content=\"https:\/\/www.facebook.com\/AxiomaMS\" \/>\n<meta property=\"article:modified_time\" content=\"2026-02-02T12:28:48+00:00\" \/>\n<meta property=\"og:image\" content=\"https:\/\/www.axiomams.eu\/wp-content\/uploads\/2025\/07\/4643-6051.jpg\" \/>\n\t<meta property=\"og:image:width\" content=\"1020\" \/>\n\t<meta property=\"og:image:height\" content=\"1020\" \/>\n\t<meta property=\"og:image:type\" content=\"image\/jpeg\" \/>\n<meta name=\"twitter:card\" content=\"summary_large_image\" \/>\n<meta name=\"twitter:label1\" content=\"Est. reading time\" \/>\n\t<meta name=\"twitter:data1\" content=\"1 minut\" \/>\n<script type=\"application\/ld+json\" class=\"yoast-schema-graph\">{\"@context\":\"https:\/\/schema.org\",\"@graph\":[{\"@type\":\"WebPage\",\"@id\":\"https:\/\/www.axiomams.eu\/et\/produktas\/hioki-mr8848-salvestusseade\",\"url\":\"https:\/\/www.axiomams.eu\/et\/produktas\/hioki-mr8848-salvestusseade\",\"name\":\"HIOKI MR8848 salvestusseade - AXIOMA MS\",\"isPartOf\":{\"@id\":\"https:\/\/www.axiomams.eu\/et#website\"},\"primaryImageOfPage\":{\"@id\":\"https:\/\/www.axiomams.eu\/et\/produktas\/hioki-mr8848-salvestusseade#primaryimage\"},\"image\":{\"@id\":\"https:\/\/www.axiomams.eu\/et\/produktas\/hioki-mr8848-salvestusseade#primaryimage\"},\"thumbnailUrl\":\"https:\/\/www.axiomams.eu\/wp-content\/uploads\/2025\/07\/4643-6051.jpg\",\"datePublished\":\"2025-07-14T08:07:21+00:00\",\"dateModified\":\"2026-02-02T12:28:48+00:00\",\"breadcrumb\":{\"@id\":\"https:\/\/www.axiomams.eu\/et\/produktas\/hioki-mr8848-salvestusseade#breadcrumb\"},\"inLanguage\":\"et\",\"potentialAction\":[{\"@type\":\"ReadAction\",\"target\":[\"https:\/\/www.axiomams.eu\/et\/produktas\/hioki-mr8848-salvestusseade\"]}]},{\"@type\":\"ImageObject\",\"inLanguage\":\"et\",\"@id\":\"https:\/\/www.axiomams.eu\/et\/produktas\/hioki-mr8848-salvestusseade#primaryimage\",\"url\":\"https:\/\/www.axiomams.eu\/wp-content\/uploads\/2025\/07\/4643-6051.jpg\",\"contentUrl\":\"https:\/\/www.axiomams.eu\/wp-content\/uploads\/2025\/07\/4643-6051.jpg\",\"width\":1020,\"height\":1020},{\"@type\":\"BreadcrumbList\",\"@id\":\"https:\/\/www.axiomams.eu\/et\/produktas\/hioki-mr8848-salvestusseade#breadcrumb\",\"itemListElement\":[{\"@type\":\"ListItem\",\"position\":1,\"name\":\"Home\",\"item\":\"https:\/\/www.axiomams.eu\/et\"},{\"@type\":\"ListItem\",\"position\":2,\"name\":\"Tooted\",\"item\":\"https:\/\/www.axiomams.eu\/et\/tooted\"},{\"@type\":\"ListItem\",\"position\":3,\"name\":\"HIOKI MR8848 salvestusseade\"}]},{\"@type\":\"WebSite\",\"@id\":\"https:\/\/www.axiomams.eu\/et#website\",\"url\":\"https:\/\/www.axiomams.eu\/et\",\"name\":\"AXIOMA MS\",\"description\":\"Terrmovizoriai ir matavimo \u012franga\",\"publisher\":{\"@id\":\"https:\/\/www.axiomams.eu\/et#organization\"},\"potentialAction\":[{\"@type\":\"SearchAction\",\"target\":{\"@type\":\"EntryPoint\",\"urlTemplate\":\"https:\/\/www.axiomams.eu\/et?s={search_term_string}\"},\"query-input\":{\"@type\":\"PropertyValueSpecification\",\"valueRequired\":true,\"valueName\":\"search_term_string\"}}],\"inLanguage\":\"et\"},{\"@type\":\"Organization\",\"@id\":\"https:\/\/www.axiomams.eu\/et#organization\",\"name\":\"AXIOMA MS\",\"url\":\"https:\/\/www.axiomams.eu\/et\",\"logo\":{\"@type\":\"ImageObject\",\"inLanguage\":\"et\",\"@id\":\"https:\/\/www.axiomams.eu\/et#\/schema\/logo\/image\/\",\"url\":\"https:\/\/www.axiomams.eu\/wp-content\/uploads\/2025\/06\/axioma-logo-2.png\",\"contentUrl\":\"https:\/\/www.axiomams.eu\/wp-content\/uploads\/2025\/06\/axioma-logo-2.png\",\"width\":1200,\"height\":1200,\"caption\":\"AXIOMA MS\"},\"image\":{\"@id\":\"https:\/\/www.axiomams.eu\/et#\/schema\/logo\/image\/\"},\"sameAs\":[\"https:\/\/www.facebook.com\/AxiomaMS\",\"https:\/\/www.linkedin.com\/company\/axiomams\/\"]}]}<\/script>\n<!-- \/ Yoast SEO plugin. -->","yoast_head_json":{"title":"HIOKI MR8848 salvestusseade - AXIOMA MS","robots":{"index":"index","follow":"follow","max-snippet":"max-snippet:-1","max-image-preview":"max-image-preview:large","max-video-preview":"max-video-preview:-1"},"canonical":"https:\/\/www.axiomams.eu\/et\/produktas\/hioki-mr8848-salvestusseade","og_locale":"et_EE","og_type":"article","og_title":"HIOKI MR8848 salvestusseade - AXIOMA MS","og_description":"Hioki MR8848 Memory HiCorder on vastupidav ja kiire andmekogumiss\u00fcsteem, mis sobib ideaalselt kriitilise infrastruktuuri j\u00e4lgimiseks elektrijaamades, raudteedel ja t\u00f6\u00f6stusrakendustes. See on projekteeritud t\u00f6\u00f6kindluse tagamiseks ja omab isoleeritud kanaleid, mis v\u00f5imaldavad ohutult m\u00f5\u00f5ta samaaegselt mitut signaali ilma l\u00fchise tekkimise ohuta. Selle vastupidav ja l\u00f6\u00f6gikindel konstruktsioon tagab j\u00f5udluse karmides tingimustes, samas kui suure m\u00e4lumahuga m\u00e4lu v\u00f5imaldab pikaajalist...","og_url":"https:\/\/www.axiomams.eu\/et\/produktas\/hioki-mr8848-salvestusseade","og_site_name":"AXIOMA MS","article_publisher":"https:\/\/www.facebook.com\/AxiomaMS","article_modified_time":"2026-02-02T12:28:48+00:00","og_image":[{"width":1020,"height":1020,"url":"https:\/\/www.axiomams.eu\/wp-content\/uploads\/2025\/07\/4643-6051.jpg","type":"image\/jpeg"}],"twitter_card":"summary_large_image","twitter_misc":{"Est. reading time":"1 minut"},"schema":{"@context":"https:\/\/schema.org","@graph":[{"@type":"WebPage","@id":"https:\/\/www.axiomams.eu\/et\/produktas\/hioki-mr8848-salvestusseade","url":"https:\/\/www.axiomams.eu\/et\/produktas\/hioki-mr8848-salvestusseade","name":"HIOKI MR8848 salvestusseade - AXIOMA MS","isPartOf":{"@id":"https:\/\/www.axiomams.eu\/et#website"},"primaryImageOfPage":{"@id":"https:\/\/www.axiomams.eu\/et\/produktas\/hioki-mr8848-salvestusseade#primaryimage"},"image":{"@id":"https:\/\/www.axiomams.eu\/et\/produktas\/hioki-mr8848-salvestusseade#primaryimage"},"thumbnailUrl":"https:\/\/www.axiomams.eu\/wp-content\/uploads\/2025\/07\/4643-6051.jpg","datePublished":"2025-07-14T08:07:21+00:00","dateModified":"2026-02-02T12:28:48+00:00","breadcrumb":{"@id":"https:\/\/www.axiomams.eu\/et\/produktas\/hioki-mr8848-salvestusseade#breadcrumb"},"inLanguage":"et","potentialAction":[{"@type":"ReadAction","target":["https:\/\/www.axiomams.eu\/et\/produktas\/hioki-mr8848-salvestusseade"]}]},{"@type":"ImageObject","inLanguage":"et","@id":"https:\/\/www.axiomams.eu\/et\/produktas\/hioki-mr8848-salvestusseade#primaryimage","url":"https:\/\/www.axiomams.eu\/wp-content\/uploads\/2025\/07\/4643-6051.jpg","contentUrl":"https:\/\/www.axiomams.eu\/wp-content\/uploads\/2025\/07\/4643-6051.jpg","width":1020,"height":1020},{"@type":"BreadcrumbList","@id":"https:\/\/www.axiomams.eu\/et\/produktas\/hioki-mr8848-salvestusseade#breadcrumb","itemListElement":[{"@type":"ListItem","position":1,"name":"Home","item":"https:\/\/www.axiomams.eu\/et"},{"@type":"ListItem","position":2,"name":"Tooted","item":"https:\/\/www.axiomams.eu\/et\/tooted"},{"@type":"ListItem","position":3,"name":"HIOKI MR8848 salvestusseade"}]},{"@type":"WebSite","@id":"https:\/\/www.axiomams.eu\/et#website","url":"https:\/\/www.axiomams.eu\/et","name":"AXIOMA MS","description":"Terrmovizoriai ir matavimo \u012franga","publisher":{"@id":"https:\/\/www.axiomams.eu\/et#organization"},"potentialAction":[{"@type":"SearchAction","target":{"@type":"EntryPoint","urlTemplate":"https:\/\/www.axiomams.eu\/et?s={search_term_string}"},"query-input":{"@type":"PropertyValueSpecification","valueRequired":true,"valueName":"search_term_string"}}],"inLanguage":"et"},{"@type":"Organization","@id":"https:\/\/www.axiomams.eu\/et#organization","name":"AXIOMA MS","url":"https:\/\/www.axiomams.eu\/et","logo":{"@type":"ImageObject","inLanguage":"et","@id":"https:\/\/www.axiomams.eu\/et#\/schema\/logo\/image\/","url":"https:\/\/www.axiomams.eu\/wp-content\/uploads\/2025\/06\/axioma-logo-2.png","contentUrl":"https:\/\/www.axiomams.eu\/wp-content\/uploads\/2025\/06\/axioma-logo-2.png","width":1200,"height":1200,"caption":"AXIOMA MS"},"image":{"@id":"https:\/\/www.axiomams.eu\/et#\/schema\/logo\/image\/"},"sameAs":["https:\/\/www.facebook.com\/AxiomaMS","https:\/\/www.linkedin.com\/company\/axiomams\/"]}]}},"_links":{"self":[{"href":"https:\/\/www.axiomams.eu\/et\/wp-json\/wp\/v2\/product\/39944","targetHints":{"allow":["GET"]}}],"collection":[{"href":"https:\/\/www.axiomams.eu\/et\/wp-json\/wp\/v2\/product"}],"about":[{"href":"https:\/\/www.axiomams.eu\/et\/wp-json\/wp\/v2\/types\/product"}],"replies":[{"embeddable":true,"href":"https:\/\/www.axiomams.eu\/et\/wp-json\/wp\/v2\/comments?post=39944"}],"wp:featuredmedia":[{"embeddable":true,"href":"https:\/\/www.axiomams.eu\/et\/wp-json\/wp\/v2\/media\/41383"}],"wp:attachment":[{"href":"https:\/\/www.axiomams.eu\/et\/wp-json\/wp\/v2\/media?parent=39944"}],"wp:term":[{"taxonomy":"product_brand","embeddable":true,"href":"https:\/\/www.axiomams.eu\/et\/wp-json\/wp\/v2\/product_brand?post=39944"},{"taxonomy":"product_cat","embeddable":true,"href":"https:\/\/www.axiomams.eu\/et\/wp-json\/wp\/v2\/product_cat?post=39944"},{"taxonomy":"product_tag","embeddable":true,"href":"https:\/\/www.axiomams.eu\/et\/wp-json\/wp\/v2\/product_tag?post=39944"}],"curies":[{"name":"wp","href":"https:\/\/api.w.org\/{rel}","templated":true}]}}