{"id":39946,"date":"2025-05-15T17:55:37","date_gmt":"2025-05-15T15:55:37","guid":{"rendered":"https:\/\/www.axiomams.eu\/produktas\/flir-si2-ld-akustiline-pildistuskaamera"},"modified":"2026-02-02T14:28:49","modified_gmt":"2026-02-02T12:28:49","slug":"flir-si2-ld-akustiline-pildistuskaamera","status":"publish","type":"product","link":"https:\/\/www.axiomams.eu\/et\/produktas\/flir-si2-ld-akustiline-pildistuskaamera","title":{"rendered":"Flir Si2-LD akustiline pildistuskaamera"},"content":{"rendered":"<p>FLIR Si2-LD akustiline pildikaamera v\u00f5imaldab t\u00e4pselt tuvastada, lokaliseerida ja m\u00f5\u00f5ta suru\u00f5hu- ja gaasilekkeid. Tuvastage ja kvantifitseerige nii v\u00e4iksemaid kui ka raskesti tuvastatavaid probleeme kuni 200 m kauguselt &#8211; suurendades tegevuse t\u00f5husust ja tagades ohutuse.<br \/>\nS\u00e4\u00e4stke kulukaid remondit\u00f6id, v\u00e4hendage seisakuid ja suurendage hoolduse t\u00f5husust.<br \/>\nSisseehitatud m\u00f5\u00f5tmis- ja kuluanal\u00fc\u00fcs t\u00f6\u00f6stuslike gaaside, sealhulgas ammoniaagi, vesiniku, CO2, metaani, heeliumi ja argooni jaoks.<br \/>\nTagage seadmete optimaalne kasutamine ja hooldus suuremahulistes t\u00f6\u00f6stuskeskkondades koos laevastiku haldamise, automaatse tehisintellektip\u00f5hise raskusastme hindamise, sealhulgas soovitatud tegevused pardakaamera, pilveandmete integreerimise ja OTA tarkvarauuenduste abil. Akustilise ja soojuskujutise kombineerimine samas aruandes.<\/p>\n<p><b>Standardkomplekt:<\/b> FLIR Si2-LD akustilise pildistamise kaamera, aku (2 tk), akulaadija, toitejuhe (4 tk), kaelarihm, k\u00f5va transpordikott, tarkvaralitsents, tr\u00fckitud dokumentatsioon, USB-m\u00e4lupulk.<\/p>\n<p><iframe loading=\"lazy\" width=\"560\" height=\"315\" src=\"https:\/\/www.youtube.com\/embed\/Rq2EFqxoN-4?si=fHOYf7uOTz8NUWa2\" title=\"YouTube videom\u00e4ngija\" frameborder=\"0\" allow=\"accelerometer; autoplay; clipboard-write; encrypted-media; gyroscope; picture-in-picture; web-share\" allowfullscreen><\/iframe><\/p>\n<h3>Tehniline teave:<\/h3>\n<ul>\n<li><a href=\"https:\/\/axiomams.eu\/importer\/export\/attachments\/en\/flir-si2-ld.pdf\" target=\"_blank\">FLIR Si2-LD.pdf<\/a><\/li>\n<li><a href=\"https:\/\/axiomams.eu\/importer\/export\/attachments\/en\/flir-si2-ld-compressed-air.pdf\" target=\"_blank\">FLIR Si2-LD Compressed air.pdf<\/a><\/li>\n<\/ul>\n","protected":false},"excerpt":{"rendered":"<p>FLIR Si2-LD akustiline pildikaamera v\u00f5imaldab t\u00e4pselt tuvastada, lokaliseerida ja m\u00f5\u00f5ta suru\u00f5hu- ja gaasilekkeid. Tuvastage ja kvantifitseerige nii v\u00e4iksemaid kui ka raskesti tuvastatavaid probleeme kuni 200 m kauguselt &#8211; suurendades tegevuse t\u00f5husust ja tagades ohutuse. S\u00e4\u00e4stke kulukaid remondit\u00f6id, v\u00e4hendage seisakuid ja suurendage hoolduse t\u00f5husust. Sisseehitatud m\u00f5\u00f5tmis- ja kuluanal\u00fc\u00fcs t\u00f6\u00f6stuslike gaaside, sealhulgas ammoniaagi, vesiniku, CO2, metaani, heeliumi&#8230;<\/p>\n","protected":false},"featured_media":41387,"comment_status":"open","ping_status":"closed","template":"","meta":{"_acf_changed":false},"product_brand":[734],"product_cat":[17833,17815,17831],"product_tag":[],"class_list":{"0":"post-39946","1":"product","2":"type-product","3":"status-publish","4":"has-post-thumbnail","6":"product_brand-flir","7":"product_cat-akustilised-ultraheli-kaamerad","8":"product_cat-suruohu-lekkeotsing","9":"product_cat-tsentreerimissolmede-ja-rihmavollide-tsentreerimiseks","11":"first","12":"instock","13":"taxable","14":"shipping-taxable","15":"product-type-simple"},"acf":[],"yoast_head":"<!-- This site is optimized with the Yoast SEO plugin v27.0 - https:\/\/yoast.com\/product\/yoast-seo-wordpress\/ -->\n<title>Flir Si2-LD akustiline pildistuskaamera - AXIOMA MS<\/title>\n<meta name=\"robots\" content=\"index, follow, max-snippet:-1, max-image-preview:large, max-video-preview:-1\" \/>\n<link rel=\"canonical\" href=\"https:\/\/www.axiomams.eu\/et\/produktas\/flir-si2-ld-akustiline-pildistuskaamera\" \/>\n<meta property=\"og:locale\" content=\"et_EE\" \/>\n<meta property=\"og:type\" content=\"article\" \/>\n<meta property=\"og:title\" content=\"Flir Si2-LD akustiline pildistuskaamera - AXIOMA MS\" \/>\n<meta property=\"og:description\" content=\"FLIR Si2-LD akustiline pildikaamera v\u00f5imaldab t\u00e4pselt tuvastada, lokaliseerida ja m\u00f5\u00f5ta suru\u00f5hu- ja gaasilekkeid. Tuvastage ja kvantifitseerige nii v\u00e4iksemaid kui ka raskesti tuvastatavaid probleeme kuni 200 m kauguselt &#8211; suurendades tegevuse t\u00f5husust ja tagades ohutuse. S\u00e4\u00e4stke kulukaid remondit\u00f6id, v\u00e4hendage seisakuid ja suurendage hoolduse t\u00f5husust. Sisseehitatud m\u00f5\u00f5tmis- ja kuluanal\u00fc\u00fcs t\u00f6\u00f6stuslike gaaside, sealhulgas ammoniaagi, vesiniku, CO2, metaani, heeliumi...\" \/>\n<meta property=\"og:url\" content=\"https:\/\/www.axiomams.eu\/et\/produktas\/flir-si2-ld-akustiline-pildistuskaamera\" \/>\n<meta property=\"og:site_name\" content=\"AXIOMA MS\" \/>\n<meta property=\"article:publisher\" content=\"https:\/\/www.facebook.com\/AxiomaMS\" \/>\n<meta property=\"article:modified_time\" content=\"2026-02-02T12:28:49+00:00\" \/>\n<meta property=\"og:image\" content=\"https:\/\/www.axiomams.eu\/wp-content\/uploads\/2025\/07\/3516-4750.jpg\" \/>\n\t<meta property=\"og:image:width\" content=\"978\" \/>\n\t<meta property=\"og:image:height\" content=\"1020\" \/>\n\t<meta property=\"og:image:type\" content=\"image\/jpeg\" \/>\n<meta name=\"twitter:card\" content=\"summary_large_image\" \/>\n<meta name=\"twitter:label1\" content=\"Est. reading time\" \/>\n\t<meta name=\"twitter:data1\" content=\"1 minut\" \/>\n<script type=\"application\/ld+json\" class=\"yoast-schema-graph\">{\"@context\":\"https:\/\/schema.org\",\"@graph\":[{\"@type\":\"WebPage\",\"@id\":\"https:\/\/www.axiomams.eu\/et\/produktas\/flir-si2-ld-akustiline-pildistuskaamera\",\"url\":\"https:\/\/www.axiomams.eu\/et\/produktas\/flir-si2-ld-akustiline-pildistuskaamera\",\"name\":\"Flir Si2-LD akustiline pildistuskaamera - AXIOMA MS\",\"isPartOf\":{\"@id\":\"https:\/\/www.axiomams.eu\/et#website\"},\"primaryImageOfPage\":{\"@id\":\"https:\/\/www.axiomams.eu\/et\/produktas\/flir-si2-ld-akustiline-pildistuskaamera#primaryimage\"},\"image\":{\"@id\":\"https:\/\/www.axiomams.eu\/et\/produktas\/flir-si2-ld-akustiline-pildistuskaamera#primaryimage\"},\"thumbnailUrl\":\"https:\/\/www.axiomams.eu\/wp-content\/uploads\/2025\/07\/3516-4750.jpg\",\"datePublished\":\"2025-05-15T15:55:37+00:00\",\"dateModified\":\"2026-02-02T12:28:49+00:00\",\"breadcrumb\":{\"@id\":\"https:\/\/www.axiomams.eu\/et\/produktas\/flir-si2-ld-akustiline-pildistuskaamera#breadcrumb\"},\"inLanguage\":\"et\",\"potentialAction\":[{\"@type\":\"ReadAction\",\"target\":[\"https:\/\/www.axiomams.eu\/et\/produktas\/flir-si2-ld-akustiline-pildistuskaamera\"]}]},{\"@type\":\"ImageObject\",\"inLanguage\":\"et\",\"@id\":\"https:\/\/www.axiomams.eu\/et\/produktas\/flir-si2-ld-akustiline-pildistuskaamera#primaryimage\",\"url\":\"https:\/\/www.axiomams.eu\/wp-content\/uploads\/2025\/07\/3516-4750.jpg\",\"contentUrl\":\"https:\/\/www.axiomams.eu\/wp-content\/uploads\/2025\/07\/3516-4750.jpg\",\"width\":978,\"height\":1020},{\"@type\":\"BreadcrumbList\",\"@id\":\"https:\/\/www.axiomams.eu\/et\/produktas\/flir-si2-ld-akustiline-pildistuskaamera#breadcrumb\",\"itemListElement\":[{\"@type\":\"ListItem\",\"position\":1,\"name\":\"Home\",\"item\":\"https:\/\/www.axiomams.eu\/et\"},{\"@type\":\"ListItem\",\"position\":2,\"name\":\"Tooted\",\"item\":\"https:\/\/www.axiomams.eu\/et\/tooted\"},{\"@type\":\"ListItem\",\"position\":3,\"name\":\"Flir Si2-LD akustiline pildistuskaamera\"}]},{\"@type\":\"WebSite\",\"@id\":\"https:\/\/www.axiomams.eu\/et#website\",\"url\":\"https:\/\/www.axiomams.eu\/et\",\"name\":\"AXIOMA MS\",\"description\":\"Terrmovizoriai ir matavimo \u012franga\",\"publisher\":{\"@id\":\"https:\/\/www.axiomams.eu\/et#organization\"},\"potentialAction\":[{\"@type\":\"SearchAction\",\"target\":{\"@type\":\"EntryPoint\",\"urlTemplate\":\"https:\/\/www.axiomams.eu\/et?s={search_term_string}\"},\"query-input\":{\"@type\":\"PropertyValueSpecification\",\"valueRequired\":true,\"valueName\":\"search_term_string\"}}],\"inLanguage\":\"et\"},{\"@type\":\"Organization\",\"@id\":\"https:\/\/www.axiomams.eu\/et#organization\",\"name\":\"AXIOMA MS\",\"url\":\"https:\/\/www.axiomams.eu\/et\",\"logo\":{\"@type\":\"ImageObject\",\"inLanguage\":\"et\",\"@id\":\"https:\/\/www.axiomams.eu\/et#\/schema\/logo\/image\/\",\"url\":\"https:\/\/www.axiomams.eu\/wp-content\/uploads\/2025\/06\/axioma-logo-2.png\",\"contentUrl\":\"https:\/\/www.axiomams.eu\/wp-content\/uploads\/2025\/06\/axioma-logo-2.png\",\"width\":1200,\"height\":1200,\"caption\":\"AXIOMA MS\"},\"image\":{\"@id\":\"https:\/\/www.axiomams.eu\/et#\/schema\/logo\/image\/\"},\"sameAs\":[\"https:\/\/www.facebook.com\/AxiomaMS\",\"https:\/\/www.linkedin.com\/company\/axiomams\/\"]}]}<\/script>\n<!-- \/ Yoast SEO plugin. -->","yoast_head_json":{"title":"Flir Si2-LD akustiline pildistuskaamera - AXIOMA MS","robots":{"index":"index","follow":"follow","max-snippet":"max-snippet:-1","max-image-preview":"max-image-preview:large","max-video-preview":"max-video-preview:-1"},"canonical":"https:\/\/www.axiomams.eu\/et\/produktas\/flir-si2-ld-akustiline-pildistuskaamera","og_locale":"et_EE","og_type":"article","og_title":"Flir Si2-LD akustiline pildistuskaamera - AXIOMA MS","og_description":"FLIR Si2-LD akustiline pildikaamera v\u00f5imaldab t\u00e4pselt tuvastada, lokaliseerida ja m\u00f5\u00f5ta suru\u00f5hu- ja gaasilekkeid. Tuvastage ja kvantifitseerige nii v\u00e4iksemaid kui ka raskesti tuvastatavaid probleeme kuni 200 m kauguselt &#8211; suurendades tegevuse t\u00f5husust ja tagades ohutuse. S\u00e4\u00e4stke kulukaid remondit\u00f6id, v\u00e4hendage seisakuid ja suurendage hoolduse t\u00f5husust. Sisseehitatud m\u00f5\u00f5tmis- ja kuluanal\u00fc\u00fcs t\u00f6\u00f6stuslike gaaside, sealhulgas ammoniaagi, vesiniku, CO2, metaani, heeliumi...","og_url":"https:\/\/www.axiomams.eu\/et\/produktas\/flir-si2-ld-akustiline-pildistuskaamera","og_site_name":"AXIOMA MS","article_publisher":"https:\/\/www.facebook.com\/AxiomaMS","article_modified_time":"2026-02-02T12:28:49+00:00","og_image":[{"width":978,"height":1020,"url":"https:\/\/www.axiomams.eu\/wp-content\/uploads\/2025\/07\/3516-4750.jpg","type":"image\/jpeg"}],"twitter_card":"summary_large_image","twitter_misc":{"Est. reading time":"1 minut"},"schema":{"@context":"https:\/\/schema.org","@graph":[{"@type":"WebPage","@id":"https:\/\/www.axiomams.eu\/et\/produktas\/flir-si2-ld-akustiline-pildistuskaamera","url":"https:\/\/www.axiomams.eu\/et\/produktas\/flir-si2-ld-akustiline-pildistuskaamera","name":"Flir Si2-LD akustiline pildistuskaamera - AXIOMA MS","isPartOf":{"@id":"https:\/\/www.axiomams.eu\/et#website"},"primaryImageOfPage":{"@id":"https:\/\/www.axiomams.eu\/et\/produktas\/flir-si2-ld-akustiline-pildistuskaamera#primaryimage"},"image":{"@id":"https:\/\/www.axiomams.eu\/et\/produktas\/flir-si2-ld-akustiline-pildistuskaamera#primaryimage"},"thumbnailUrl":"https:\/\/www.axiomams.eu\/wp-content\/uploads\/2025\/07\/3516-4750.jpg","datePublished":"2025-05-15T15:55:37+00:00","dateModified":"2026-02-02T12:28:49+00:00","breadcrumb":{"@id":"https:\/\/www.axiomams.eu\/et\/produktas\/flir-si2-ld-akustiline-pildistuskaamera#breadcrumb"},"inLanguage":"et","potentialAction":[{"@type":"ReadAction","target":["https:\/\/www.axiomams.eu\/et\/produktas\/flir-si2-ld-akustiline-pildistuskaamera"]}]},{"@type":"ImageObject","inLanguage":"et","@id":"https:\/\/www.axiomams.eu\/et\/produktas\/flir-si2-ld-akustiline-pildistuskaamera#primaryimage","url":"https:\/\/www.axiomams.eu\/wp-content\/uploads\/2025\/07\/3516-4750.jpg","contentUrl":"https:\/\/www.axiomams.eu\/wp-content\/uploads\/2025\/07\/3516-4750.jpg","width":978,"height":1020},{"@type":"BreadcrumbList","@id":"https:\/\/www.axiomams.eu\/et\/produktas\/flir-si2-ld-akustiline-pildistuskaamera#breadcrumb","itemListElement":[{"@type":"ListItem","position":1,"name":"Home","item":"https:\/\/www.axiomams.eu\/et"},{"@type":"ListItem","position":2,"name":"Tooted","item":"https:\/\/www.axiomams.eu\/et\/tooted"},{"@type":"ListItem","position":3,"name":"Flir Si2-LD akustiline pildistuskaamera"}]},{"@type":"WebSite","@id":"https:\/\/www.axiomams.eu\/et#website","url":"https:\/\/www.axiomams.eu\/et","name":"AXIOMA MS","description":"Terrmovizoriai ir matavimo \u012franga","publisher":{"@id":"https:\/\/www.axiomams.eu\/et#organization"},"potentialAction":[{"@type":"SearchAction","target":{"@type":"EntryPoint","urlTemplate":"https:\/\/www.axiomams.eu\/et?s={search_term_string}"},"query-input":{"@type":"PropertyValueSpecification","valueRequired":true,"valueName":"search_term_string"}}],"inLanguage":"et"},{"@type":"Organization","@id":"https:\/\/www.axiomams.eu\/et#organization","name":"AXIOMA MS","url":"https:\/\/www.axiomams.eu\/et","logo":{"@type":"ImageObject","inLanguage":"et","@id":"https:\/\/www.axiomams.eu\/et#\/schema\/logo\/image\/","url":"https:\/\/www.axiomams.eu\/wp-content\/uploads\/2025\/06\/axioma-logo-2.png","contentUrl":"https:\/\/www.axiomams.eu\/wp-content\/uploads\/2025\/06\/axioma-logo-2.png","width":1200,"height":1200,"caption":"AXIOMA MS"},"image":{"@id":"https:\/\/www.axiomams.eu\/et#\/schema\/logo\/image\/"},"sameAs":["https:\/\/www.facebook.com\/AxiomaMS","https:\/\/www.linkedin.com\/company\/axiomams\/"]}]}},"_links":{"self":[{"href":"https:\/\/www.axiomams.eu\/et\/wp-json\/wp\/v2\/product\/39946","targetHints":{"allow":["GET"]}}],"collection":[{"href":"https:\/\/www.axiomams.eu\/et\/wp-json\/wp\/v2\/product"}],"about":[{"href":"https:\/\/www.axiomams.eu\/et\/wp-json\/wp\/v2\/types\/product"}],"replies":[{"embeddable":true,"href":"https:\/\/www.axiomams.eu\/et\/wp-json\/wp\/v2\/comments?post=39946"}],"wp:featuredmedia":[{"embeddable":true,"href":"https:\/\/www.axiomams.eu\/et\/wp-json\/wp\/v2\/media\/41387"}],"wp:attachment":[{"href":"https:\/\/www.axiomams.eu\/et\/wp-json\/wp\/v2\/media?parent=39946"}],"wp:term":[{"taxonomy":"product_brand","embeddable":true,"href":"https:\/\/www.axiomams.eu\/et\/wp-json\/wp\/v2\/product_brand?post=39946"},{"taxonomy":"product_cat","embeddable":true,"href":"https:\/\/www.axiomams.eu\/et\/wp-json\/wp\/v2\/product_cat?post=39946"},{"taxonomy":"product_tag","embeddable":true,"href":"https:\/\/www.axiomams.eu\/et\/wp-json\/wp\/v2\/product_tag?post=39946"}],"curies":[{"name":"wp","href":"https:\/\/api.w.org\/{rel}","templated":true}]}}