{"id":39950,"date":"2025-05-15T17:55:39","date_gmt":"2025-05-15T15:55:39","guid":{"rendered":"https:\/\/www.axiomams.eu\/produktas\/flir-sv88-kit-vibratsiooni-ja-temperatuuri-seiresusteem"},"modified":"2026-02-02T14:28:49","modified_gmt":"2026-02-02T12:28:49","slug":"flir-sv88-kit-vibratsiooni-ja-temperatuuri-seiresusteem","status":"publish","type":"product","link":"https:\/\/www.axiomams.eu\/et\/produktas\/flir-sv88-kit-vibratsiooni-ja-temperatuuri-seiresusteem","title":{"rendered":"Flir SV88-KIT vibratsiooni ja temperatuuri seires\u00fcsteem"},"content":{"rendered":"<p>FLIR SV88-KIT on traadita \u00fchendatud andurilahendus, mis on m\u00f5eldud pidevaks vibratsiooni ja temperatuuri j\u00e4lgimiseks. Vibratsiooni trendid ja anal\u00fc\u00fcs aitavad tuvastada t\u00f5siseid probleeme t\u00f6\u00f6stuslike masinate puhul juba ammu enne, kui kahjustusi on n\u00e4ha, mist\u00f5ttu on SV88-KIT ideaalne tootmiskeskkondades, kus kasutatakse p\u00f6\u00f6rlevaid masinaid, t\u00f6\u00f6stuspumpasid, ventilaatoreid, k\u00e4igukaste ja mootoreid.<\/p>\n<p>Kaasasolev kaugseirev\u00e4rav salvestab andurite andmed ja edastab m\u00f5\u00f5tmistulemused traadita reaalajas mobiilseadmesse v\u00f5i arvutisse. See v\u00f5imaldab spetsialistidel teha teadlikke otsuseid masina k\u00e4itamise ja hoolduse kohta, ilma et nad peaksid ootama j\u00e4rgmist k\u00e4sitsi tehtavat kontrolli &#8211; see v\u00e4hendab ootamatuid seisakuid, v\u00e4hendab tegevuskulusid ja parandab kasumlikkust.<\/p>\n<p><iframe loading=\"lazy\" width=\"560\" height=\"315\" src=\"https:\/\/www.youtube.com\/embed\/_ZTtUj2slVw?si=fgkM1jteLKNylVt_\" title=\"YouTube videopleier\" frameborder=\"0\" allow=\"accelerometer; autoplay; clipboard-write; encrypted-media; gyroscope; picture-in-picture; web-share\" referrerpolicy=\"strict-origin-when-cross-origin\" allowfullscreen><\/iframe><\/p>\n<h3>Tehniline teave:<\/h3>\n<ul>\n<li><a href=\"https:\/\/axiomams.eu\/importer\/export\/attachments\/en\/flir-sv88.pdf\" target=\"_blank\">FLIR SV88.pdf<\/a><\/li>\n<\/ul>\n","protected":false},"excerpt":{"rendered":"<p>FLIR SV88-KIT on traadita \u00fchendatud andurilahendus, mis on m\u00f5eldud pidevaks vibratsiooni ja temperatuuri j\u00e4lgimiseks. Vibratsiooni trendid ja anal\u00fc\u00fcs aitavad tuvastada t\u00f5siseid probleeme t\u00f6\u00f6stuslike masinate puhul juba ammu enne, kui kahjustusi on n\u00e4ha, mist\u00f5ttu on SV88-KIT ideaalne tootmiskeskkondades, kus kasutatakse p\u00f6\u00f6rlevaid masinaid, t\u00f6\u00f6stuspumpasid, ventilaatoreid, k\u00e4igukaste ja mootoreid. Kaasasolev kaugseirev\u00e4rav salvestab andurite andmed ja edastab m\u00f5\u00f5tmistulemused traadita&#8230;<\/p>\n","protected":false},"featured_media":41395,"comment_status":"open","ping_status":"closed","template":"","meta":{"_acf_changed":false},"product_brand":[734],"product_cat":[17842],"product_tag":[],"class_list":{"0":"post-39950","1":"product","2":"type-product","3":"status-publish","4":"has-post-thumbnail","6":"product_brand-flir","7":"product_cat-vibratsiooni-mootmiseks","9":"first","10":"instock","11":"taxable","12":"shipping-taxable","13":"purchasable","14":"product-type-simple"},"acf":[],"yoast_head":"<!-- This site is optimized with the Yoast SEO plugin v27.0 - https:\/\/yoast.com\/product\/yoast-seo-wordpress\/ -->\n<title>Flir SV88-KIT vibratsiooni ja temperatuuri seires\u00fcsteem - AXIOMA MS<\/title>\n<meta name=\"robots\" content=\"index, follow, max-snippet:-1, max-image-preview:large, max-video-preview:-1\" \/>\n<link rel=\"canonical\" href=\"https:\/\/www.axiomams.eu\/et\/produktas\/flir-sv88-kit-vibratsiooni-ja-temperatuuri-seiresusteem\" \/>\n<meta property=\"og:locale\" content=\"et_EE\" \/>\n<meta property=\"og:type\" content=\"article\" \/>\n<meta property=\"og:title\" content=\"Flir SV88-KIT vibratsiooni ja temperatuuri seires\u00fcsteem - AXIOMA MS\" \/>\n<meta property=\"og:description\" content=\"FLIR SV88-KIT on traadita \u00fchendatud andurilahendus, mis on m\u00f5eldud pidevaks vibratsiooni ja temperatuuri j\u00e4lgimiseks. Vibratsiooni trendid ja anal\u00fc\u00fcs aitavad tuvastada t\u00f5siseid probleeme t\u00f6\u00f6stuslike masinate puhul juba ammu enne, kui kahjustusi on n\u00e4ha, mist\u00f5ttu on SV88-KIT ideaalne tootmiskeskkondades, kus kasutatakse p\u00f6\u00f6rlevaid masinaid, t\u00f6\u00f6stuspumpasid, ventilaatoreid, k\u00e4igukaste ja mootoreid. Kaasasolev kaugseirev\u00e4rav salvestab andurite andmed ja edastab m\u00f5\u00f5tmistulemused traadita...\" \/>\n<meta property=\"og:url\" content=\"https:\/\/www.axiomams.eu\/et\/produktas\/flir-sv88-kit-vibratsiooni-ja-temperatuuri-seiresusteem\" \/>\n<meta property=\"og:site_name\" content=\"AXIOMA MS\" \/>\n<meta property=\"article:publisher\" content=\"https:\/\/www.facebook.com\/AxiomaMS\" \/>\n<meta property=\"article:modified_time\" content=\"2026-02-02T12:28:49+00:00\" \/>\n<meta property=\"og:image\" content=\"https:\/\/www.axiomams.eu\/wp-content\/uploads\/2025\/07\/3545-4811.jpg\" \/>\n\t<meta property=\"og:image:width\" content=\"600\" \/>\n\t<meta property=\"og:image:height\" content=\"625\" \/>\n\t<meta property=\"og:image:type\" content=\"image\/jpeg\" \/>\n<meta name=\"twitter:card\" content=\"summary_large_image\" \/>\n<meta name=\"twitter:label1\" content=\"Est. reading time\" \/>\n\t<meta name=\"twitter:data1\" content=\"1 minut\" \/>\n<script type=\"application\/ld+json\" class=\"yoast-schema-graph\">{\"@context\":\"https:\/\/schema.org\",\"@graph\":[{\"@type\":\"WebPage\",\"@id\":\"https:\/\/www.axiomams.eu\/et\/produktas\/flir-sv88-kit-vibratsiooni-ja-temperatuuri-seiresusteem\",\"url\":\"https:\/\/www.axiomams.eu\/et\/produktas\/flir-sv88-kit-vibratsiooni-ja-temperatuuri-seiresusteem\",\"name\":\"Flir SV88-KIT vibratsiooni ja temperatuuri seires\u00fcsteem - AXIOMA MS\",\"isPartOf\":{\"@id\":\"https:\/\/www.axiomams.eu\/et#website\"},\"primaryImageOfPage\":{\"@id\":\"https:\/\/www.axiomams.eu\/et\/produktas\/flir-sv88-kit-vibratsiooni-ja-temperatuuri-seiresusteem#primaryimage\"},\"image\":{\"@id\":\"https:\/\/www.axiomams.eu\/et\/produktas\/flir-sv88-kit-vibratsiooni-ja-temperatuuri-seiresusteem#primaryimage\"},\"thumbnailUrl\":\"https:\/\/www.axiomams.eu\/wp-content\/uploads\/2025\/07\/3545-4811.jpg\",\"datePublished\":\"2025-05-15T15:55:39+00:00\",\"dateModified\":\"2026-02-02T12:28:49+00:00\",\"breadcrumb\":{\"@id\":\"https:\/\/www.axiomams.eu\/et\/produktas\/flir-sv88-kit-vibratsiooni-ja-temperatuuri-seiresusteem#breadcrumb\"},\"inLanguage\":\"et\",\"potentialAction\":[{\"@type\":\"ReadAction\",\"target\":[\"https:\/\/www.axiomams.eu\/et\/produktas\/flir-sv88-kit-vibratsiooni-ja-temperatuuri-seiresusteem\"]}]},{\"@type\":\"ImageObject\",\"inLanguage\":\"et\",\"@id\":\"https:\/\/www.axiomams.eu\/et\/produktas\/flir-sv88-kit-vibratsiooni-ja-temperatuuri-seiresusteem#primaryimage\",\"url\":\"https:\/\/www.axiomams.eu\/wp-content\/uploads\/2025\/07\/3545-4811.jpg\",\"contentUrl\":\"https:\/\/www.axiomams.eu\/wp-content\/uploads\/2025\/07\/3545-4811.jpg\",\"width\":600,\"height\":625},{\"@type\":\"BreadcrumbList\",\"@id\":\"https:\/\/www.axiomams.eu\/et\/produktas\/flir-sv88-kit-vibratsiooni-ja-temperatuuri-seiresusteem#breadcrumb\",\"itemListElement\":[{\"@type\":\"ListItem\",\"position\":1,\"name\":\"Home\",\"item\":\"https:\/\/www.axiomams.eu\/et\"},{\"@type\":\"ListItem\",\"position\":2,\"name\":\"Tooted\",\"item\":\"https:\/\/www.axiomams.eu\/et\/tooted\"},{\"@type\":\"ListItem\",\"position\":3,\"name\":\"Flir SV88-KIT vibratsiooni ja temperatuuri seires\u00fcsteem\"}]},{\"@type\":\"WebSite\",\"@id\":\"https:\/\/www.axiomams.eu\/et#website\",\"url\":\"https:\/\/www.axiomams.eu\/et\",\"name\":\"AXIOMA MS\",\"description\":\"Terrmovizoriai ir matavimo \u012franga\",\"publisher\":{\"@id\":\"https:\/\/www.axiomams.eu\/et#organization\"},\"potentialAction\":[{\"@type\":\"SearchAction\",\"target\":{\"@type\":\"EntryPoint\",\"urlTemplate\":\"https:\/\/www.axiomams.eu\/et?s={search_term_string}\"},\"query-input\":{\"@type\":\"PropertyValueSpecification\",\"valueRequired\":true,\"valueName\":\"search_term_string\"}}],\"inLanguage\":\"et\"},{\"@type\":\"Organization\",\"@id\":\"https:\/\/www.axiomams.eu\/et#organization\",\"name\":\"AXIOMA MS\",\"url\":\"https:\/\/www.axiomams.eu\/et\",\"logo\":{\"@type\":\"ImageObject\",\"inLanguage\":\"et\",\"@id\":\"https:\/\/www.axiomams.eu\/et#\/schema\/logo\/image\/\",\"url\":\"https:\/\/www.axiomams.eu\/wp-content\/uploads\/2025\/06\/axioma-logo-2.png\",\"contentUrl\":\"https:\/\/www.axiomams.eu\/wp-content\/uploads\/2025\/06\/axioma-logo-2.png\",\"width\":1200,\"height\":1200,\"caption\":\"AXIOMA MS\"},\"image\":{\"@id\":\"https:\/\/www.axiomams.eu\/et#\/schema\/logo\/image\/\"},\"sameAs\":[\"https:\/\/www.facebook.com\/AxiomaMS\",\"https:\/\/www.linkedin.com\/company\/axiomams\/\"]}]}<\/script>\n<!-- \/ Yoast SEO plugin. -->","yoast_head_json":{"title":"Flir SV88-KIT vibratsiooni ja temperatuuri seires\u00fcsteem - AXIOMA MS","robots":{"index":"index","follow":"follow","max-snippet":"max-snippet:-1","max-image-preview":"max-image-preview:large","max-video-preview":"max-video-preview:-1"},"canonical":"https:\/\/www.axiomams.eu\/et\/produktas\/flir-sv88-kit-vibratsiooni-ja-temperatuuri-seiresusteem","og_locale":"et_EE","og_type":"article","og_title":"Flir SV88-KIT vibratsiooni ja temperatuuri seires\u00fcsteem - AXIOMA MS","og_description":"FLIR SV88-KIT on traadita \u00fchendatud andurilahendus, mis on m\u00f5eldud pidevaks vibratsiooni ja temperatuuri j\u00e4lgimiseks. Vibratsiooni trendid ja anal\u00fc\u00fcs aitavad tuvastada t\u00f5siseid probleeme t\u00f6\u00f6stuslike masinate puhul juba ammu enne, kui kahjustusi on n\u00e4ha, mist\u00f5ttu on SV88-KIT ideaalne tootmiskeskkondades, kus kasutatakse p\u00f6\u00f6rlevaid masinaid, t\u00f6\u00f6stuspumpasid, ventilaatoreid, k\u00e4igukaste ja mootoreid. Kaasasolev kaugseirev\u00e4rav salvestab andurite andmed ja edastab m\u00f5\u00f5tmistulemused traadita...","og_url":"https:\/\/www.axiomams.eu\/et\/produktas\/flir-sv88-kit-vibratsiooni-ja-temperatuuri-seiresusteem","og_site_name":"AXIOMA MS","article_publisher":"https:\/\/www.facebook.com\/AxiomaMS","article_modified_time":"2026-02-02T12:28:49+00:00","og_image":[{"width":600,"height":625,"url":"https:\/\/www.axiomams.eu\/wp-content\/uploads\/2025\/07\/3545-4811.jpg","type":"image\/jpeg"}],"twitter_card":"summary_large_image","twitter_misc":{"Est. reading time":"1 minut"},"schema":{"@context":"https:\/\/schema.org","@graph":[{"@type":"WebPage","@id":"https:\/\/www.axiomams.eu\/et\/produktas\/flir-sv88-kit-vibratsiooni-ja-temperatuuri-seiresusteem","url":"https:\/\/www.axiomams.eu\/et\/produktas\/flir-sv88-kit-vibratsiooni-ja-temperatuuri-seiresusteem","name":"Flir SV88-KIT vibratsiooni ja temperatuuri seires\u00fcsteem - AXIOMA MS","isPartOf":{"@id":"https:\/\/www.axiomams.eu\/et#website"},"primaryImageOfPage":{"@id":"https:\/\/www.axiomams.eu\/et\/produktas\/flir-sv88-kit-vibratsiooni-ja-temperatuuri-seiresusteem#primaryimage"},"image":{"@id":"https:\/\/www.axiomams.eu\/et\/produktas\/flir-sv88-kit-vibratsiooni-ja-temperatuuri-seiresusteem#primaryimage"},"thumbnailUrl":"https:\/\/www.axiomams.eu\/wp-content\/uploads\/2025\/07\/3545-4811.jpg","datePublished":"2025-05-15T15:55:39+00:00","dateModified":"2026-02-02T12:28:49+00:00","breadcrumb":{"@id":"https:\/\/www.axiomams.eu\/et\/produktas\/flir-sv88-kit-vibratsiooni-ja-temperatuuri-seiresusteem#breadcrumb"},"inLanguage":"et","potentialAction":[{"@type":"ReadAction","target":["https:\/\/www.axiomams.eu\/et\/produktas\/flir-sv88-kit-vibratsiooni-ja-temperatuuri-seiresusteem"]}]},{"@type":"ImageObject","inLanguage":"et","@id":"https:\/\/www.axiomams.eu\/et\/produktas\/flir-sv88-kit-vibratsiooni-ja-temperatuuri-seiresusteem#primaryimage","url":"https:\/\/www.axiomams.eu\/wp-content\/uploads\/2025\/07\/3545-4811.jpg","contentUrl":"https:\/\/www.axiomams.eu\/wp-content\/uploads\/2025\/07\/3545-4811.jpg","width":600,"height":625},{"@type":"BreadcrumbList","@id":"https:\/\/www.axiomams.eu\/et\/produktas\/flir-sv88-kit-vibratsiooni-ja-temperatuuri-seiresusteem#breadcrumb","itemListElement":[{"@type":"ListItem","position":1,"name":"Home","item":"https:\/\/www.axiomams.eu\/et"},{"@type":"ListItem","position":2,"name":"Tooted","item":"https:\/\/www.axiomams.eu\/et\/tooted"},{"@type":"ListItem","position":3,"name":"Flir SV88-KIT vibratsiooni ja temperatuuri seires\u00fcsteem"}]},{"@type":"WebSite","@id":"https:\/\/www.axiomams.eu\/et#website","url":"https:\/\/www.axiomams.eu\/et","name":"AXIOMA MS","description":"Terrmovizoriai ir matavimo \u012franga","publisher":{"@id":"https:\/\/www.axiomams.eu\/et#organization"},"potentialAction":[{"@type":"SearchAction","target":{"@type":"EntryPoint","urlTemplate":"https:\/\/www.axiomams.eu\/et?s={search_term_string}"},"query-input":{"@type":"PropertyValueSpecification","valueRequired":true,"valueName":"search_term_string"}}],"inLanguage":"et"},{"@type":"Organization","@id":"https:\/\/www.axiomams.eu\/et#organization","name":"AXIOMA MS","url":"https:\/\/www.axiomams.eu\/et","logo":{"@type":"ImageObject","inLanguage":"et","@id":"https:\/\/www.axiomams.eu\/et#\/schema\/logo\/image\/","url":"https:\/\/www.axiomams.eu\/wp-content\/uploads\/2025\/06\/axioma-logo-2.png","contentUrl":"https:\/\/www.axiomams.eu\/wp-content\/uploads\/2025\/06\/axioma-logo-2.png","width":1200,"height":1200,"caption":"AXIOMA MS"},"image":{"@id":"https:\/\/www.axiomams.eu\/et#\/schema\/logo\/image\/"},"sameAs":["https:\/\/www.facebook.com\/AxiomaMS","https:\/\/www.linkedin.com\/company\/axiomams\/"]}]}},"_links":{"self":[{"href":"https:\/\/www.axiomams.eu\/et\/wp-json\/wp\/v2\/product\/39950","targetHints":{"allow":["GET"]}}],"collection":[{"href":"https:\/\/www.axiomams.eu\/et\/wp-json\/wp\/v2\/product"}],"about":[{"href":"https:\/\/www.axiomams.eu\/et\/wp-json\/wp\/v2\/types\/product"}],"replies":[{"embeddable":true,"href":"https:\/\/www.axiomams.eu\/et\/wp-json\/wp\/v2\/comments?post=39950"}],"wp:featuredmedia":[{"embeddable":true,"href":"https:\/\/www.axiomams.eu\/et\/wp-json\/wp\/v2\/media\/41395"}],"wp:attachment":[{"href":"https:\/\/www.axiomams.eu\/et\/wp-json\/wp\/v2\/media?parent=39950"}],"wp:term":[{"taxonomy":"product_brand","embeddable":true,"href":"https:\/\/www.axiomams.eu\/et\/wp-json\/wp\/v2\/product_brand?post=39950"},{"taxonomy":"product_cat","embeddable":true,"href":"https:\/\/www.axiomams.eu\/et\/wp-json\/wp\/v2\/product_cat?post=39950"},{"taxonomy":"product_tag","embeddable":true,"href":"https:\/\/www.axiomams.eu\/et\/wp-json\/wp\/v2\/product_tag?post=39950"}],"curies":[{"name":"wp","href":"https:\/\/api.w.org\/{rel}","templated":true}]}}