{"id":39953,"date":"2025-09-24T01:00:26","date_gmt":"2025-09-23T23:00:26","guid":{"rendered":"https:\/\/www.axiomams.eu\/produktas\/testo-108-termomeeter-0563-1080"},"modified":"2026-02-02T14:28:50","modified_gmt":"2026-02-02T12:28:50","slug":"testo-108-termomeeter-0563-1080","status":"publish","type":"product","link":"https:\/\/www.axiomams.eu\/et\/produktas\/testo-108-termomeeter-0563-1080","title":{"rendered":"Testo 108 termomeeter (0563 1080)"},"content":{"rendered":"<p>testo 108 on veekindel digitaalne toidutermomeeter, mis on m\u00f5eldud kiireks ja usaldusv\u00e4\u00e4rseks temperatuuri m\u00f5\u00f5tmiseks toiduainete tootmise, t\u00f6\u00f6tlemise ja ladustamise ajal. See tagab kvaliteedikontrolli k\u00f5igis toiduainet\u00f6\u00f6stuse valdkondades.<\/p>\n<p><b>Vaimseimad omadused<\/b><br \/>\n&#8211; M\u00f5eldud temperatuuri kontrollimiseks k\u00f5igis toiduainet\u00f6\u00f6stuse sektorites<br \/>\n&#8211; Saadaval kasutusvalmis \u00fche anduriga; saab \u00fchendada t\u00e4iendavaid K-t\u00fc\u00fcpi ja T-t\u00fc\u00fcpi andureid<br \/>\n&#8211; Digitaalne ja veekindel IP67 kaitsega<br \/>\n&#8211; Sisaldab kaitsvat pehmet \u00fcmbrist ja T-t\u00fc\u00fcpi termopaariandurit<br \/>\n&#8211; Annab kiireid ja t\u00e4pseid n\u00e4itusid<br \/>\n&#8211; Kasutajas\u00f5bralik intuitiivsete klahvide ja suure, kergesti loetava ekraaniga<br \/>\n&#8211; H\u00fcgieeniline disain; termomeetrit ja andurit saab puhastada voolava vee all<br \/>\n&#8211; Vastab HACCP ja EN 13485 standarditele<\/p>\n<p><b>Kasutuskohad<\/b><br \/>\nSobib ideaalselt kasutamiseks toidu transportimisel ja ladustamisel, restoranides, suurk\u00f6\u00f6kides ja s\u00fcsteemitoitlustuses. Testo 108 integreerib temperatuuri m\u00f5\u00f5tmise sujuvalt igap\u00e4evastesse rutiinidesse, tagades samal ajal toidu kvaliteedi vastavuse HACCP-n\u00f5uetele.<\/p>\n<p>Standardkomplekt: testo 108 veekindel temperatuuri m\u00f5\u00f5tmise seade, l\u00e4bitungiv temperatuuriandur (TC t\u00fc\u00fcp T), pehme kohver, patareid, kalibreerimisprotokoll.<br \/>\nKood: 0563 1080<\/p>\n<h3>Tehniline teave:<\/h3>\n<ul>\n<li><a href=\"https:\/\/axiomams.eu\/importer\/export\/attachments\/en\/testo-108.pdf\" target=\"_blank\">testo 108.pdf<\/a><\/li>\n<\/ul>\n","protected":false},"excerpt":{"rendered":"<p>testo 108 on veekindel digitaalne toidutermomeeter, mis on m\u00f5eldud kiireks ja usaldusv\u00e4\u00e4rseks temperatuuri m\u00f5\u00f5tmiseks toiduainete tootmise, t\u00f6\u00f6tlemise ja ladustamise ajal. See tagab kvaliteedikontrolli k\u00f5igis toiduainet\u00f6\u00f6stuse valdkondades. Vaimseimad omadused &#8211; M\u00f5eldud temperatuuri kontrollimiseks k\u00f5igis toiduainet\u00f6\u00f6stuse sektorites &#8211; Saadaval kasutusvalmis \u00fche anduriga; saab \u00fchendada t\u00e4iendavaid K-t\u00fc\u00fcpi ja T-t\u00fc\u00fcpi andureid &#8211; Digitaalne ja veekindel IP67 kaitsega &#8211; Sisaldab&#8230;<\/p>\n","protected":false},"featured_media":41403,"comment_status":"open","ping_status":"closed","template":"","meta":{"_acf_changed":false},"product_brand":[735],"product_cat":[17825],"product_tag":[],"class_list":{"0":"post-39953","1":"product","2":"type-product","3":"status-publish","4":"has-post-thumbnail","6":"product_brand-testo","7":"product_cat-analuusitavad-materjalid","9":"first","10":"instock","11":"taxable","12":"shipping-taxable","13":"product-type-simple"},"acf":[],"yoast_head":"<!-- This site is optimized with the Yoast SEO plugin v27.0 - https:\/\/yoast.com\/product\/yoast-seo-wordpress\/ -->\n<title>Testo 108 termomeeter (0563 1080) - AXIOMA MS<\/title>\n<meta name=\"robots\" content=\"index, follow, max-snippet:-1, max-image-preview:large, max-video-preview:-1\" \/>\n<link rel=\"canonical\" href=\"https:\/\/www.axiomams.eu\/et\/produktas\/testo-108-termomeeter-0563-1080\" \/>\n<meta property=\"og:locale\" content=\"et_EE\" \/>\n<meta property=\"og:type\" content=\"article\" \/>\n<meta property=\"og:title\" content=\"Testo 108 termomeeter (0563 1080) - AXIOMA MS\" \/>\n<meta property=\"og:description\" content=\"testo 108 on veekindel digitaalne toidutermomeeter, mis on m\u00f5eldud kiireks ja usaldusv\u00e4\u00e4rseks temperatuuri m\u00f5\u00f5tmiseks toiduainete tootmise, t\u00f6\u00f6tlemise ja ladustamise ajal. See tagab kvaliteedikontrolli k\u00f5igis toiduainet\u00f6\u00f6stuse valdkondades. Vaimseimad omadused &#8211; M\u00f5eldud temperatuuri kontrollimiseks k\u00f5igis toiduainet\u00f6\u00f6stuse sektorites &#8211; Saadaval kasutusvalmis \u00fche anduriga; saab \u00fchendada t\u00e4iendavaid K-t\u00fc\u00fcpi ja T-t\u00fc\u00fcpi andureid &#8211; Digitaalne ja veekindel IP67 kaitsega &#8211; Sisaldab...\" \/>\n<meta property=\"og:url\" content=\"https:\/\/www.axiomams.eu\/et\/produktas\/testo-108-termomeeter-0563-1080\" \/>\n<meta property=\"og:site_name\" content=\"AXIOMA MS\" \/>\n<meta property=\"article:publisher\" content=\"https:\/\/www.facebook.com\/AxiomaMS\" \/>\n<meta property=\"article:modified_time\" content=\"2026-02-02T12:28:50+00:00\" \/>\n<meta property=\"og:image\" content=\"https:\/\/www.axiomams.eu\/wp-content\/uploads\/2025\/09\/4674-6181.jpg\" \/>\n\t<meta property=\"og:image:width\" content=\"800\" \/>\n\t<meta property=\"og:image:height\" content=\"800\" \/>\n\t<meta property=\"og:image:type\" content=\"image\/jpeg\" \/>\n<meta name=\"twitter:card\" content=\"summary_large_image\" \/>\n<meta name=\"twitter:label1\" content=\"Est. reading time\" \/>\n\t<meta name=\"twitter:data1\" content=\"1 minut\" \/>\n<script type=\"application\/ld+json\" class=\"yoast-schema-graph\">{\"@context\":\"https:\/\/schema.org\",\"@graph\":[{\"@type\":\"WebPage\",\"@id\":\"https:\/\/www.axiomams.eu\/et\/produktas\/testo-108-termomeeter-0563-1080\",\"url\":\"https:\/\/www.axiomams.eu\/et\/produktas\/testo-108-termomeeter-0563-1080\",\"name\":\"Testo 108 termomeeter (0563 1080) - AXIOMA MS\",\"isPartOf\":{\"@id\":\"https:\/\/www.axiomams.eu\/et#website\"},\"primaryImageOfPage\":{\"@id\":\"https:\/\/www.axiomams.eu\/et\/produktas\/testo-108-termomeeter-0563-1080#primaryimage\"},\"image\":{\"@id\":\"https:\/\/www.axiomams.eu\/et\/produktas\/testo-108-termomeeter-0563-1080#primaryimage\"},\"thumbnailUrl\":\"https:\/\/www.axiomams.eu\/wp-content\/uploads\/2025\/09\/4674-6181.jpg\",\"datePublished\":\"2025-09-23T23:00:26+00:00\",\"dateModified\":\"2026-02-02T12:28:50+00:00\",\"breadcrumb\":{\"@id\":\"https:\/\/www.axiomams.eu\/et\/produktas\/testo-108-termomeeter-0563-1080#breadcrumb\"},\"inLanguage\":\"et\",\"potentialAction\":[{\"@type\":\"ReadAction\",\"target\":[\"https:\/\/www.axiomams.eu\/et\/produktas\/testo-108-termomeeter-0563-1080\"]}]},{\"@type\":\"ImageObject\",\"inLanguage\":\"et\",\"@id\":\"https:\/\/www.axiomams.eu\/et\/produktas\/testo-108-termomeeter-0563-1080#primaryimage\",\"url\":\"https:\/\/www.axiomams.eu\/wp-content\/uploads\/2025\/09\/4674-6181.jpg\",\"contentUrl\":\"https:\/\/www.axiomams.eu\/wp-content\/uploads\/2025\/09\/4674-6181.jpg\",\"width\":800,\"height\":800},{\"@type\":\"BreadcrumbList\",\"@id\":\"https:\/\/www.axiomams.eu\/et\/produktas\/testo-108-termomeeter-0563-1080#breadcrumb\",\"itemListElement\":[{\"@type\":\"ListItem\",\"position\":1,\"name\":\"Home\",\"item\":\"https:\/\/www.axiomams.eu\/et\"},{\"@type\":\"ListItem\",\"position\":2,\"name\":\"Tooted\",\"item\":\"https:\/\/www.axiomams.eu\/et\/tooted\"},{\"@type\":\"ListItem\",\"position\":3,\"name\":\"Testo 108 termomeeter (0563 1080)\"}]},{\"@type\":\"WebSite\",\"@id\":\"https:\/\/www.axiomams.eu\/et#website\",\"url\":\"https:\/\/www.axiomams.eu\/et\",\"name\":\"AXIOMA MS\",\"description\":\"Terrmovizoriai ir matavimo \u012franga\",\"publisher\":{\"@id\":\"https:\/\/www.axiomams.eu\/et#organization\"},\"potentialAction\":[{\"@type\":\"SearchAction\",\"target\":{\"@type\":\"EntryPoint\",\"urlTemplate\":\"https:\/\/www.axiomams.eu\/et?s={search_term_string}\"},\"query-input\":{\"@type\":\"PropertyValueSpecification\",\"valueRequired\":true,\"valueName\":\"search_term_string\"}}],\"inLanguage\":\"et\"},{\"@type\":\"Organization\",\"@id\":\"https:\/\/www.axiomams.eu\/et#organization\",\"name\":\"AXIOMA MS\",\"url\":\"https:\/\/www.axiomams.eu\/et\",\"logo\":{\"@type\":\"ImageObject\",\"inLanguage\":\"et\",\"@id\":\"https:\/\/www.axiomams.eu\/et#\/schema\/logo\/image\/\",\"url\":\"https:\/\/www.axiomams.eu\/wp-content\/uploads\/2025\/06\/axioma-logo-2.png\",\"contentUrl\":\"https:\/\/www.axiomams.eu\/wp-content\/uploads\/2025\/06\/axioma-logo-2.png\",\"width\":1200,\"height\":1200,\"caption\":\"AXIOMA MS\"},\"image\":{\"@id\":\"https:\/\/www.axiomams.eu\/et#\/schema\/logo\/image\/\"},\"sameAs\":[\"https:\/\/www.facebook.com\/AxiomaMS\",\"https:\/\/www.linkedin.com\/company\/axiomams\/\"]}]}<\/script>\n<!-- \/ Yoast SEO plugin. -->","yoast_head_json":{"title":"Testo 108 termomeeter (0563 1080) - AXIOMA MS","robots":{"index":"index","follow":"follow","max-snippet":"max-snippet:-1","max-image-preview":"max-image-preview:large","max-video-preview":"max-video-preview:-1"},"canonical":"https:\/\/www.axiomams.eu\/et\/produktas\/testo-108-termomeeter-0563-1080","og_locale":"et_EE","og_type":"article","og_title":"Testo 108 termomeeter (0563 1080) - AXIOMA MS","og_description":"testo 108 on veekindel digitaalne toidutermomeeter, mis on m\u00f5eldud kiireks ja usaldusv\u00e4\u00e4rseks temperatuuri m\u00f5\u00f5tmiseks toiduainete tootmise, t\u00f6\u00f6tlemise ja ladustamise ajal. See tagab kvaliteedikontrolli k\u00f5igis toiduainet\u00f6\u00f6stuse valdkondades. Vaimseimad omadused &#8211; M\u00f5eldud temperatuuri kontrollimiseks k\u00f5igis toiduainet\u00f6\u00f6stuse sektorites &#8211; Saadaval kasutusvalmis \u00fche anduriga; saab \u00fchendada t\u00e4iendavaid K-t\u00fc\u00fcpi ja T-t\u00fc\u00fcpi andureid &#8211; Digitaalne ja veekindel IP67 kaitsega &#8211; Sisaldab...","og_url":"https:\/\/www.axiomams.eu\/et\/produktas\/testo-108-termomeeter-0563-1080","og_site_name":"AXIOMA MS","article_publisher":"https:\/\/www.facebook.com\/AxiomaMS","article_modified_time":"2026-02-02T12:28:50+00:00","og_image":[{"width":800,"height":800,"url":"https:\/\/www.axiomams.eu\/wp-content\/uploads\/2025\/09\/4674-6181.jpg","type":"image\/jpeg"}],"twitter_card":"summary_large_image","twitter_misc":{"Est. reading time":"1 minut"},"schema":{"@context":"https:\/\/schema.org","@graph":[{"@type":"WebPage","@id":"https:\/\/www.axiomams.eu\/et\/produktas\/testo-108-termomeeter-0563-1080","url":"https:\/\/www.axiomams.eu\/et\/produktas\/testo-108-termomeeter-0563-1080","name":"Testo 108 termomeeter (0563 1080) - AXIOMA MS","isPartOf":{"@id":"https:\/\/www.axiomams.eu\/et#website"},"primaryImageOfPage":{"@id":"https:\/\/www.axiomams.eu\/et\/produktas\/testo-108-termomeeter-0563-1080#primaryimage"},"image":{"@id":"https:\/\/www.axiomams.eu\/et\/produktas\/testo-108-termomeeter-0563-1080#primaryimage"},"thumbnailUrl":"https:\/\/www.axiomams.eu\/wp-content\/uploads\/2025\/09\/4674-6181.jpg","datePublished":"2025-09-23T23:00:26+00:00","dateModified":"2026-02-02T12:28:50+00:00","breadcrumb":{"@id":"https:\/\/www.axiomams.eu\/et\/produktas\/testo-108-termomeeter-0563-1080#breadcrumb"},"inLanguage":"et","potentialAction":[{"@type":"ReadAction","target":["https:\/\/www.axiomams.eu\/et\/produktas\/testo-108-termomeeter-0563-1080"]}]},{"@type":"ImageObject","inLanguage":"et","@id":"https:\/\/www.axiomams.eu\/et\/produktas\/testo-108-termomeeter-0563-1080#primaryimage","url":"https:\/\/www.axiomams.eu\/wp-content\/uploads\/2025\/09\/4674-6181.jpg","contentUrl":"https:\/\/www.axiomams.eu\/wp-content\/uploads\/2025\/09\/4674-6181.jpg","width":800,"height":800},{"@type":"BreadcrumbList","@id":"https:\/\/www.axiomams.eu\/et\/produktas\/testo-108-termomeeter-0563-1080#breadcrumb","itemListElement":[{"@type":"ListItem","position":1,"name":"Home","item":"https:\/\/www.axiomams.eu\/et"},{"@type":"ListItem","position":2,"name":"Tooted","item":"https:\/\/www.axiomams.eu\/et\/tooted"},{"@type":"ListItem","position":3,"name":"Testo 108 termomeeter (0563 1080)"}]},{"@type":"WebSite","@id":"https:\/\/www.axiomams.eu\/et#website","url":"https:\/\/www.axiomams.eu\/et","name":"AXIOMA MS","description":"Terrmovizoriai ir matavimo \u012franga","publisher":{"@id":"https:\/\/www.axiomams.eu\/et#organization"},"potentialAction":[{"@type":"SearchAction","target":{"@type":"EntryPoint","urlTemplate":"https:\/\/www.axiomams.eu\/et?s={search_term_string}"},"query-input":{"@type":"PropertyValueSpecification","valueRequired":true,"valueName":"search_term_string"}}],"inLanguage":"et"},{"@type":"Organization","@id":"https:\/\/www.axiomams.eu\/et#organization","name":"AXIOMA MS","url":"https:\/\/www.axiomams.eu\/et","logo":{"@type":"ImageObject","inLanguage":"et","@id":"https:\/\/www.axiomams.eu\/et#\/schema\/logo\/image\/","url":"https:\/\/www.axiomams.eu\/wp-content\/uploads\/2025\/06\/axioma-logo-2.png","contentUrl":"https:\/\/www.axiomams.eu\/wp-content\/uploads\/2025\/06\/axioma-logo-2.png","width":1200,"height":1200,"caption":"AXIOMA MS"},"image":{"@id":"https:\/\/www.axiomams.eu\/et#\/schema\/logo\/image\/"},"sameAs":["https:\/\/www.facebook.com\/AxiomaMS","https:\/\/www.linkedin.com\/company\/axiomams\/"]}]}},"_links":{"self":[{"href":"https:\/\/www.axiomams.eu\/et\/wp-json\/wp\/v2\/product\/39953","targetHints":{"allow":["GET"]}}],"collection":[{"href":"https:\/\/www.axiomams.eu\/et\/wp-json\/wp\/v2\/product"}],"about":[{"href":"https:\/\/www.axiomams.eu\/et\/wp-json\/wp\/v2\/types\/product"}],"replies":[{"embeddable":true,"href":"https:\/\/www.axiomams.eu\/et\/wp-json\/wp\/v2\/comments?post=39953"}],"wp:featuredmedia":[{"embeddable":true,"href":"https:\/\/www.axiomams.eu\/et\/wp-json\/wp\/v2\/media\/41403"}],"wp:attachment":[{"href":"https:\/\/www.axiomams.eu\/et\/wp-json\/wp\/v2\/media?parent=39953"}],"wp:term":[{"taxonomy":"product_brand","embeddable":true,"href":"https:\/\/www.axiomams.eu\/et\/wp-json\/wp\/v2\/product_brand?post=39953"},{"taxonomy":"product_cat","embeddable":true,"href":"https:\/\/www.axiomams.eu\/et\/wp-json\/wp\/v2\/product_cat?post=39953"},{"taxonomy":"product_tag","embeddable":true,"href":"https:\/\/www.axiomams.eu\/et\/wp-json\/wp\/v2\/product_tag?post=39953"}],"curies":[{"name":"wp","href":"https:\/\/api.w.org\/{rel}","templated":true}]}}