{"id":39958,"date":"2025-09-12T01:00:24","date_gmt":"2025-09-11T23:00:24","guid":{"rendered":"https:\/\/www.axiomams.eu\/produktas\/testo-175-h1-termohugromeeter-0572-1754"},"modified":"2026-02-02T14:28:53","modified_gmt":"2026-02-02T12:28:53","slug":"testo-175-h1-termohugromeeter-0572-1754","status":"publish","type":"product","link":"https:\/\/www.axiomams.eu\/et\/produktas\/testo-175-h1-termohugromeeter-0572-1754","title":{"rendered":"Testo 175 H1 termoh\u00fcgromeeter (0572 1754)"},"content":{"rendered":"<p>Optimaalsete tulemuste saavutamiseks energia s\u00e4\u00e4stmisel, kaupade ladustamisel v\u00f5i sisekliima haldamisel on oluline t\u00e4pne temperatuuri ja niiskuse anal\u00fc\u00fcs. Testo 175 H1 on loodud usaldusv\u00e4\u00e4rsete pikaajaliste m\u00f5\u00f5tmiste tegemiseks ja kriitiliste andmete t\u00e4pseks logimiseks.<\/p>\n<p><b>V\u00e4limuslikud omadused<\/b><br \/>\n&#8211; Kiire reageerimisaeg koos v\u00e4lise niiskusanduriga t\u00e4psete n\u00e4itude saamiseks.<br \/>\n&#8211; Temperatuuri, suhtelise \u00f5huniiskuse ja kastepunkti pidev logimine.<br \/>\n&#8211; Suure mahutavusega m\u00e4lu salvestab kuni 1 miljon m\u00f5\u00f5tmistulemust ja aku kestab 3 aastat.<br \/>\n&#8211; Tasuta allalaaditav tarkvara (ComSoft Basic) andmete lihtsaks anal\u00fc\u00fcsiks.<\/p>\n<p><b>Funktsioonid ja eelised<\/b><br \/>\nTesto 175 H1 j\u00e4lgib ja logib nii temperatuuri kui ka niiskust suletud ruumides ja hoonetes. See on varustatud v\u00e4lise niiskusanduriga (t\u00fcvi), mis tagab kiirema reageerimisaja. Lisaks pakub sisseehitatud lukk kaitset varguse ja omavolilise kasutamise eest. Lisaks jooksvatele temperatuuri ja niiskuse n\u00e4itudele j\u00e4lgib seade ka kastepunkti v\u00e4\u00e4rtusi. Piirm\u00e4\u00e4rasid, rikkumisi ja patarei j\u00e4relej\u00e4\u00e4nud t\u00f6\u00f6aega saab j\u00e4lgida selle suurel, kergesti loetaval ekraanil.<\/p>\n<p><b>Tulemuslikkus ja vastupidavus<\/b><br \/>\nT\u00e4nu suurele m\u00e4lumahule suudab Testo 175 H1 salvestada kuni 1 miljon n\u00e4itu. Kuni 3-aastase aku kestvusega seade v\u00f5imaldab pikaajalist j\u00e4lgimist, v\u00e4hendades vajadust sagedaste andmete allalaadimise j\u00e4rele. Selle AAA patareid on kasutaja poolt h\u00f5lpsasti vahetatavad.<\/p>\n<p><b>Kasutuskohad<\/b><br \/>\nTesto 175 H1 sobib ideaalselt temperatuuri ja niiskuse \u00f6\u00f6p\u00e4evaringseks j\u00e4lgimiseks kontrollitud keskkondades, n\u00e4iteks laoruumides, arhiivides ja kontoriruumides. V\u00e4line niiskusandur, mis \u00fchendatakse otse seadme korpusesse, tagab kiirema reageerimisaja t\u00f5husaks kliima haldamiseks.<\/p>\n<p>Standardkomplekt: testo 175 H1 termoh\u00fcgromeeter, seinakinnitus, lukk, patareid, kalibreerimisprotokoll.<br \/>\nKood: 0572 1754<\/p>\n<h3>Tehniline teave:<\/h3>\n<ul>\n<li><a href=\"https:\/\/axiomams.eu\/importer\/export\/attachments\/en\/testo-175-h1.pdf\" target=\"_blank\">testo 175 h1.pdf<\/a><\/li>\n<\/ul>\n","protected":false},"excerpt":{"rendered":"<p>Optimaalsete tulemuste saavutamiseks energia s\u00e4\u00e4stmisel, kaupade ladustamisel v\u00f5i sisekliima haldamisel on oluline t\u00e4pne temperatuuri ja niiskuse anal\u00fc\u00fcs. Testo 175 H1 on loodud usaldusv\u00e4\u00e4rsete pikaajaliste m\u00f5\u00f5tmiste tegemiseks ja kriitiliste andmete t\u00e4pseks logimiseks. V\u00e4limuslikud omadused &#8211; Kiire reageerimisaeg koos v\u00e4lise niiskusanduriga t\u00e4psete n\u00e4itude saamiseks. &#8211; Temperatuuri, suhtelise \u00f5huniiskuse ja kastepunkti pidev logimine. &#8211; Suure mahutavusega m\u00e4lu salvestab&#8230;<\/p>\n","protected":false},"featured_media":41421,"comment_status":"open","ping_status":"closed","template":"","meta":{"_acf_changed":false},"product_brand":[735],"product_cat":[17791],"product_tag":[],"class_list":{"0":"post-39958","1":"product","2":"type-product","3":"status-publish","4":"has-post-thumbnail","6":"product_brand-testo","7":"product_cat-andmelogijad","9":"first","10":"instock","11":"taxable","12":"shipping-taxable","13":"product-type-simple"},"acf":[],"yoast_head":"<!-- This site is optimized with the Yoast SEO plugin v27.0 - https:\/\/yoast.com\/product\/yoast-seo-wordpress\/ -->\n<title>Testo 175 H1 termoh\u00fcgromeeter (0572 1754) - AXIOMA MS<\/title>\n<meta name=\"robots\" content=\"index, follow, max-snippet:-1, max-image-preview:large, max-video-preview:-1\" \/>\n<link rel=\"canonical\" href=\"https:\/\/www.axiomams.eu\/et\/produktas\/testo-175-h1-termohugromeeter-0572-1754\" \/>\n<meta property=\"og:locale\" content=\"et_EE\" \/>\n<meta property=\"og:type\" content=\"article\" \/>\n<meta property=\"og:title\" content=\"Testo 175 H1 termoh\u00fcgromeeter (0572 1754) - AXIOMA MS\" \/>\n<meta property=\"og:description\" content=\"Optimaalsete tulemuste saavutamiseks energia s\u00e4\u00e4stmisel, kaupade ladustamisel v\u00f5i sisekliima haldamisel on oluline t\u00e4pne temperatuuri ja niiskuse anal\u00fc\u00fcs. Testo 175 H1 on loodud usaldusv\u00e4\u00e4rsete pikaajaliste m\u00f5\u00f5tmiste tegemiseks ja kriitiliste andmete t\u00e4pseks logimiseks. V\u00e4limuslikud omadused &#8211; Kiire reageerimisaeg koos v\u00e4lise niiskusanduriga t\u00e4psete n\u00e4itude saamiseks. &#8211; Temperatuuri, suhtelise \u00f5huniiskuse ja kastepunkti pidev logimine. &#8211; Suure mahutavusega m\u00e4lu salvestab...\" \/>\n<meta property=\"og:url\" content=\"https:\/\/www.axiomams.eu\/et\/produktas\/testo-175-h1-termohugromeeter-0572-1754\" \/>\n<meta property=\"og:site_name\" content=\"AXIOMA MS\" \/>\n<meta property=\"article:publisher\" content=\"https:\/\/www.facebook.com\/AxiomaMS\" \/>\n<meta property=\"article:modified_time\" content=\"2026-02-02T12:28:53+00:00\" \/>\n<meta property=\"og:image\" content=\"https:\/\/www.axiomams.eu\/wp-content\/uploads\/2025\/09\/4666-6167.jpg\" \/>\n\t<meta property=\"og:image:width\" content=\"800\" \/>\n\t<meta property=\"og:image:height\" content=\"800\" \/>\n\t<meta property=\"og:image:type\" content=\"image\/jpeg\" \/>\n<meta name=\"twitter:card\" content=\"summary_large_image\" \/>\n<meta name=\"twitter:label1\" content=\"Est. reading time\" \/>\n\t<meta name=\"twitter:data1\" content=\"1 minut\" \/>\n<script type=\"application\/ld+json\" class=\"yoast-schema-graph\">{\"@context\":\"https:\/\/schema.org\",\"@graph\":[{\"@type\":\"WebPage\",\"@id\":\"https:\/\/www.axiomams.eu\/et\/produktas\/testo-175-h1-termohugromeeter-0572-1754\",\"url\":\"https:\/\/www.axiomams.eu\/et\/produktas\/testo-175-h1-termohugromeeter-0572-1754\",\"name\":\"Testo 175 H1 termoh\u00fcgromeeter (0572 1754) - AXIOMA MS\",\"isPartOf\":{\"@id\":\"https:\/\/www.axiomams.eu\/et#website\"},\"primaryImageOfPage\":{\"@id\":\"https:\/\/www.axiomams.eu\/et\/produktas\/testo-175-h1-termohugromeeter-0572-1754#primaryimage\"},\"image\":{\"@id\":\"https:\/\/www.axiomams.eu\/et\/produktas\/testo-175-h1-termohugromeeter-0572-1754#primaryimage\"},\"thumbnailUrl\":\"https:\/\/www.axiomams.eu\/wp-content\/uploads\/2025\/09\/4666-6167.jpg\",\"datePublished\":\"2025-09-11T23:00:24+00:00\",\"dateModified\":\"2026-02-02T12:28:53+00:00\",\"breadcrumb\":{\"@id\":\"https:\/\/www.axiomams.eu\/et\/produktas\/testo-175-h1-termohugromeeter-0572-1754#breadcrumb\"},\"inLanguage\":\"et\",\"potentialAction\":[{\"@type\":\"ReadAction\",\"target\":[\"https:\/\/www.axiomams.eu\/et\/produktas\/testo-175-h1-termohugromeeter-0572-1754\"]}]},{\"@type\":\"ImageObject\",\"inLanguage\":\"et\",\"@id\":\"https:\/\/www.axiomams.eu\/et\/produktas\/testo-175-h1-termohugromeeter-0572-1754#primaryimage\",\"url\":\"https:\/\/www.axiomams.eu\/wp-content\/uploads\/2025\/09\/4666-6167.jpg\",\"contentUrl\":\"https:\/\/www.axiomams.eu\/wp-content\/uploads\/2025\/09\/4666-6167.jpg\",\"width\":800,\"height\":800},{\"@type\":\"BreadcrumbList\",\"@id\":\"https:\/\/www.axiomams.eu\/et\/produktas\/testo-175-h1-termohugromeeter-0572-1754#breadcrumb\",\"itemListElement\":[{\"@type\":\"ListItem\",\"position\":1,\"name\":\"Home\",\"item\":\"https:\/\/www.axiomams.eu\/et\"},{\"@type\":\"ListItem\",\"position\":2,\"name\":\"Tooted\",\"item\":\"https:\/\/www.axiomams.eu\/et\/tooted\"},{\"@type\":\"ListItem\",\"position\":3,\"name\":\"Testo 175 H1 termoh\u00fcgromeeter (0572 1754)\"}]},{\"@type\":\"WebSite\",\"@id\":\"https:\/\/www.axiomams.eu\/et#website\",\"url\":\"https:\/\/www.axiomams.eu\/et\",\"name\":\"AXIOMA MS\",\"description\":\"Terrmovizoriai ir matavimo \u012franga\",\"publisher\":{\"@id\":\"https:\/\/www.axiomams.eu\/et#organization\"},\"potentialAction\":[{\"@type\":\"SearchAction\",\"target\":{\"@type\":\"EntryPoint\",\"urlTemplate\":\"https:\/\/www.axiomams.eu\/et?s={search_term_string}\"},\"query-input\":{\"@type\":\"PropertyValueSpecification\",\"valueRequired\":true,\"valueName\":\"search_term_string\"}}],\"inLanguage\":\"et\"},{\"@type\":\"Organization\",\"@id\":\"https:\/\/www.axiomams.eu\/et#organization\",\"name\":\"AXIOMA MS\",\"url\":\"https:\/\/www.axiomams.eu\/et\",\"logo\":{\"@type\":\"ImageObject\",\"inLanguage\":\"et\",\"@id\":\"https:\/\/www.axiomams.eu\/et#\/schema\/logo\/image\/\",\"url\":\"https:\/\/www.axiomams.eu\/wp-content\/uploads\/2025\/06\/axioma-logo-2.png\",\"contentUrl\":\"https:\/\/www.axiomams.eu\/wp-content\/uploads\/2025\/06\/axioma-logo-2.png\",\"width\":1200,\"height\":1200,\"caption\":\"AXIOMA MS\"},\"image\":{\"@id\":\"https:\/\/www.axiomams.eu\/et#\/schema\/logo\/image\/\"},\"sameAs\":[\"https:\/\/www.facebook.com\/AxiomaMS\",\"https:\/\/www.linkedin.com\/company\/axiomams\/\"]}]}<\/script>\n<!-- \/ Yoast SEO plugin. -->","yoast_head_json":{"title":"Testo 175 H1 termoh\u00fcgromeeter (0572 1754) - AXIOMA MS","robots":{"index":"index","follow":"follow","max-snippet":"max-snippet:-1","max-image-preview":"max-image-preview:large","max-video-preview":"max-video-preview:-1"},"canonical":"https:\/\/www.axiomams.eu\/et\/produktas\/testo-175-h1-termohugromeeter-0572-1754","og_locale":"et_EE","og_type":"article","og_title":"Testo 175 H1 termoh\u00fcgromeeter (0572 1754) - AXIOMA MS","og_description":"Optimaalsete tulemuste saavutamiseks energia s\u00e4\u00e4stmisel, kaupade ladustamisel v\u00f5i sisekliima haldamisel on oluline t\u00e4pne temperatuuri ja niiskuse anal\u00fc\u00fcs. Testo 175 H1 on loodud usaldusv\u00e4\u00e4rsete pikaajaliste m\u00f5\u00f5tmiste tegemiseks ja kriitiliste andmete t\u00e4pseks logimiseks. V\u00e4limuslikud omadused &#8211; Kiire reageerimisaeg koos v\u00e4lise niiskusanduriga t\u00e4psete n\u00e4itude saamiseks. &#8211; Temperatuuri, suhtelise \u00f5huniiskuse ja kastepunkti pidev logimine. &#8211; Suure mahutavusega m\u00e4lu salvestab...","og_url":"https:\/\/www.axiomams.eu\/et\/produktas\/testo-175-h1-termohugromeeter-0572-1754","og_site_name":"AXIOMA MS","article_publisher":"https:\/\/www.facebook.com\/AxiomaMS","article_modified_time":"2026-02-02T12:28:53+00:00","og_image":[{"width":800,"height":800,"url":"https:\/\/www.axiomams.eu\/wp-content\/uploads\/2025\/09\/4666-6167.jpg","type":"image\/jpeg"}],"twitter_card":"summary_large_image","twitter_misc":{"Est. reading time":"1 minut"},"schema":{"@context":"https:\/\/schema.org","@graph":[{"@type":"WebPage","@id":"https:\/\/www.axiomams.eu\/et\/produktas\/testo-175-h1-termohugromeeter-0572-1754","url":"https:\/\/www.axiomams.eu\/et\/produktas\/testo-175-h1-termohugromeeter-0572-1754","name":"Testo 175 H1 termoh\u00fcgromeeter (0572 1754) - AXIOMA MS","isPartOf":{"@id":"https:\/\/www.axiomams.eu\/et#website"},"primaryImageOfPage":{"@id":"https:\/\/www.axiomams.eu\/et\/produktas\/testo-175-h1-termohugromeeter-0572-1754#primaryimage"},"image":{"@id":"https:\/\/www.axiomams.eu\/et\/produktas\/testo-175-h1-termohugromeeter-0572-1754#primaryimage"},"thumbnailUrl":"https:\/\/www.axiomams.eu\/wp-content\/uploads\/2025\/09\/4666-6167.jpg","datePublished":"2025-09-11T23:00:24+00:00","dateModified":"2026-02-02T12:28:53+00:00","breadcrumb":{"@id":"https:\/\/www.axiomams.eu\/et\/produktas\/testo-175-h1-termohugromeeter-0572-1754#breadcrumb"},"inLanguage":"et","potentialAction":[{"@type":"ReadAction","target":["https:\/\/www.axiomams.eu\/et\/produktas\/testo-175-h1-termohugromeeter-0572-1754"]}]},{"@type":"ImageObject","inLanguage":"et","@id":"https:\/\/www.axiomams.eu\/et\/produktas\/testo-175-h1-termohugromeeter-0572-1754#primaryimage","url":"https:\/\/www.axiomams.eu\/wp-content\/uploads\/2025\/09\/4666-6167.jpg","contentUrl":"https:\/\/www.axiomams.eu\/wp-content\/uploads\/2025\/09\/4666-6167.jpg","width":800,"height":800},{"@type":"BreadcrumbList","@id":"https:\/\/www.axiomams.eu\/et\/produktas\/testo-175-h1-termohugromeeter-0572-1754#breadcrumb","itemListElement":[{"@type":"ListItem","position":1,"name":"Home","item":"https:\/\/www.axiomams.eu\/et"},{"@type":"ListItem","position":2,"name":"Tooted","item":"https:\/\/www.axiomams.eu\/et\/tooted"},{"@type":"ListItem","position":3,"name":"Testo 175 H1 termoh\u00fcgromeeter (0572 1754)"}]},{"@type":"WebSite","@id":"https:\/\/www.axiomams.eu\/et#website","url":"https:\/\/www.axiomams.eu\/et","name":"AXIOMA MS","description":"Terrmovizoriai ir matavimo \u012franga","publisher":{"@id":"https:\/\/www.axiomams.eu\/et#organization"},"potentialAction":[{"@type":"SearchAction","target":{"@type":"EntryPoint","urlTemplate":"https:\/\/www.axiomams.eu\/et?s={search_term_string}"},"query-input":{"@type":"PropertyValueSpecification","valueRequired":true,"valueName":"search_term_string"}}],"inLanguage":"et"},{"@type":"Organization","@id":"https:\/\/www.axiomams.eu\/et#organization","name":"AXIOMA MS","url":"https:\/\/www.axiomams.eu\/et","logo":{"@type":"ImageObject","inLanguage":"et","@id":"https:\/\/www.axiomams.eu\/et#\/schema\/logo\/image\/","url":"https:\/\/www.axiomams.eu\/wp-content\/uploads\/2025\/06\/axioma-logo-2.png","contentUrl":"https:\/\/www.axiomams.eu\/wp-content\/uploads\/2025\/06\/axioma-logo-2.png","width":1200,"height":1200,"caption":"AXIOMA MS"},"image":{"@id":"https:\/\/www.axiomams.eu\/et#\/schema\/logo\/image\/"},"sameAs":["https:\/\/www.facebook.com\/AxiomaMS","https:\/\/www.linkedin.com\/company\/axiomams\/"]}]}},"_links":{"self":[{"href":"https:\/\/www.axiomams.eu\/et\/wp-json\/wp\/v2\/product\/39958","targetHints":{"allow":["GET"]}}],"collection":[{"href":"https:\/\/www.axiomams.eu\/et\/wp-json\/wp\/v2\/product"}],"about":[{"href":"https:\/\/www.axiomams.eu\/et\/wp-json\/wp\/v2\/types\/product"}],"replies":[{"embeddable":true,"href":"https:\/\/www.axiomams.eu\/et\/wp-json\/wp\/v2\/comments?post=39958"}],"wp:featuredmedia":[{"embeddable":true,"href":"https:\/\/www.axiomams.eu\/et\/wp-json\/wp\/v2\/media\/41421"}],"wp:attachment":[{"href":"https:\/\/www.axiomams.eu\/et\/wp-json\/wp\/v2\/media?parent=39958"}],"wp:term":[{"taxonomy":"product_brand","embeddable":true,"href":"https:\/\/www.axiomams.eu\/et\/wp-json\/wp\/v2\/product_brand?post=39958"},{"taxonomy":"product_cat","embeddable":true,"href":"https:\/\/www.axiomams.eu\/et\/wp-json\/wp\/v2\/product_cat?post=39958"},{"taxonomy":"product_tag","embeddable":true,"href":"https:\/\/www.axiomams.eu\/et\/wp-json\/wp\/v2\/product_tag?post=39958"}],"curies":[{"name":"wp","href":"https:\/\/api.w.org\/{rel}","templated":true}]}}