{"id":39959,"date":"2025-05-15T17:55:44","date_gmt":"2025-05-15T15:55:44","guid":{"rendered":"https:\/\/www.axiomams.eu\/produktas\/testo-205-ph-meeter-0563-2051"},"modified":"2026-02-02T14:28:53","modified_gmt":"2026-02-02T12:28:53","slug":"testo-205-ph-meeter-0563-2051","status":"publish","type":"product","link":"https:\/\/www.axiomams.eu\/et\/produktas\/testo-205-ph-meeter-0563-2051","title":{"rendered":"Testo 205 pH-meeter (0563 2051)"},"content":{"rendered":"<p>testo 205 pH-meeter &#8211; m\u00f5\u00f5dab samaaegselt nii pH v\u00e4\u00e4rtust kui ka temperatuuri poolkindlates keskkondades. Kuna pH\/temperatuuri m\u00f5\u00f5tmisseade on \u00e4\u00e4rmiselt vastupidav &#8211; eriti pH m\u00f5\u00f5tmisotsik &#8211; kasutatakse testo 205 sageli liha kvaliteedi ja k\u00fcpsusastme j\u00e4lgimiseks. N\u00e4iteks lihakauplustes, tapamajades ja lihat\u00f6\u00f6stuses.<\/p>\n<p>Nutikas m\u00f5\u00f5tmistehnoloogia &#8211; testo 205 pakutavad eelised pH v\u00e4\u00e4rtuse ja temperatuuri m\u00f5\u00f5tmisel<br \/>\n&#8211; Testo 205 v\u00f5imaldab pH m\u00f5\u00f5tmist poolkindlates keskkondades. Integreeritud temperatuuriandur tagab t\u00e4pse temperatuurikompensatsiooni ja seega t\u00e4pse pH m\u00f5\u00f5tmise<br \/>\n&#8211; pH-sond on hooldusvaba, lekkekindel ja t\u00e4nu sondis olevale geelelektrol\u00fc\u00fcdile mustuse suhtes tundmatu.<br \/>\n&#8211; pH-sondi augustatud diafragma v\u00f5imaldab kiiret ja usaldusv\u00e4\u00e4rset pH m\u00f5\u00f5tmist.<br \/>\n&#8211; kombineeritud pH-m\u00f5\u00f5tmise otsa ja temperatuuriandurit saab kasutaja ise v\u00e4lja vahetada. Sellega s\u00e4\u00e4state uue m\u00f5\u00f5tevahendi ostmise kulusid<\/p>\n<p><b>Standardkomplekt:<\/b> testo 205 pH-temperatuuri m\u00f5\u00f5tevahend, hoiukork koos geeliga, selt\/seinakinnitus.<\/p>\n<p><iframe loading=\"lazy\" width=\"560\" height=\"315\" src=\"https:\/\/www.youtube.com\/embed\/nt85bhoPQn4?si=2DNPK_VAH_J2S2oS\" title=\"YouTube videopleier\" frameborder=\"0\" allow=\"accelerometer; autoplay; clipboard-write; encrypted-media; gyroscope; picture-in-picture; web-share\" referrerpolicy=\"strict-origin-when-cross-origin\" allowfullscreen><\/iframe><\/p>\n<h3>Tehniline teave:<\/h3>\n<ul>\n<li><a href=\"https:\/\/axiomams.eu\/importer\/export\/attachments\/en\/testo-205.pdf\" target=\"_blank\">testo 205.pdf<\/a><\/li>\n<\/ul>\n","protected":false},"excerpt":{"rendered":"<p>testo 205 pH-meeter &#8211; m\u00f5\u00f5dab samaaegselt nii pH v\u00e4\u00e4rtust kui ka temperatuuri poolkindlates keskkondades. Kuna pH\/temperatuuri m\u00f5\u00f5tmisseade on \u00e4\u00e4rmiselt vastupidav &#8211; eriti pH m\u00f5\u00f5tmisotsik &#8211; kasutatakse testo 205 sageli liha kvaliteedi ja k\u00fcpsusastme j\u00e4lgimiseks. N\u00e4iteks lihakauplustes, tapamajades ja lihat\u00f6\u00f6stuses. Nutikas m\u00f5\u00f5tmistehnoloogia &#8211; testo 205 pakutavad eelised pH v\u00e4\u00e4rtuse ja temperatuuri m\u00f5\u00f5tmisel &#8211; Testo 205 v\u00f5imaldab&#8230;<\/p>\n","protected":false},"featured_media":41423,"comment_status":"open","ping_status":"closed","template":"","meta":{"_acf_changed":false},"product_brand":[735],"product_cat":[17825],"product_tag":[],"class_list":{"0":"post-39959","1":"product","2":"type-product","3":"status-publish","4":"has-post-thumbnail","6":"product_brand-testo","7":"product_cat-analuusitavad-materjalid","9":"first","10":"instock","11":"taxable","12":"shipping-taxable","13":"purchasable","14":"product-type-simple"},"acf":[],"yoast_head":"<!-- This site is optimized with the Yoast SEO plugin v27.0 - https:\/\/yoast.com\/product\/yoast-seo-wordpress\/ -->\n<title>Testo 205 pH-meeter (0563 2051) - AXIOMA MS<\/title>\n<meta name=\"robots\" content=\"index, follow, max-snippet:-1, max-image-preview:large, max-video-preview:-1\" \/>\n<link rel=\"canonical\" href=\"https:\/\/www.axiomams.eu\/et\/produktas\/testo-205-ph-meeter-0563-2051\" \/>\n<meta property=\"og:locale\" content=\"et_EE\" \/>\n<meta property=\"og:type\" content=\"article\" \/>\n<meta property=\"og:title\" content=\"Testo 205 pH-meeter (0563 2051) - AXIOMA MS\" \/>\n<meta property=\"og:description\" content=\"testo 205 pH-meeter &#8211; m\u00f5\u00f5dab samaaegselt nii pH v\u00e4\u00e4rtust kui ka temperatuuri poolkindlates keskkondades. Kuna pH\/temperatuuri m\u00f5\u00f5tmisseade on \u00e4\u00e4rmiselt vastupidav &#8211; eriti pH m\u00f5\u00f5tmisotsik &#8211; kasutatakse testo 205 sageli liha kvaliteedi ja k\u00fcpsusastme j\u00e4lgimiseks. N\u00e4iteks lihakauplustes, tapamajades ja lihat\u00f6\u00f6stuses. Nutikas m\u00f5\u00f5tmistehnoloogia &#8211; testo 205 pakutavad eelised pH v\u00e4\u00e4rtuse ja temperatuuri m\u00f5\u00f5tmisel &#8211; Testo 205 v\u00f5imaldab...\" \/>\n<meta property=\"og:url\" content=\"https:\/\/www.axiomams.eu\/et\/produktas\/testo-205-ph-meeter-0563-2051\" \/>\n<meta property=\"og:site_name\" content=\"AXIOMA MS\" \/>\n<meta property=\"article:publisher\" content=\"https:\/\/www.facebook.com\/AxiomaMS\" \/>\n<meta property=\"article:modified_time\" content=\"2026-02-02T12:28:53+00:00\" \/>\n<meta property=\"og:image\" content=\"https:\/\/www.axiomams.eu\/wp-content\/uploads\/2025\/07\/3565-4861.jpg\" \/>\n\t<meta property=\"og:image:width\" content=\"800\" \/>\n\t<meta property=\"og:image:height\" content=\"800\" \/>\n\t<meta property=\"og:image:type\" content=\"image\/jpeg\" \/>\n<meta name=\"twitter:card\" content=\"summary_large_image\" \/>\n<meta name=\"twitter:label1\" content=\"Est. reading time\" \/>\n\t<meta name=\"twitter:data1\" content=\"1 minut\" \/>\n<script type=\"application\/ld+json\" class=\"yoast-schema-graph\">{\"@context\":\"https:\/\/schema.org\",\"@graph\":[{\"@type\":\"WebPage\",\"@id\":\"https:\/\/www.axiomams.eu\/et\/produktas\/testo-205-ph-meeter-0563-2051\",\"url\":\"https:\/\/www.axiomams.eu\/et\/produktas\/testo-205-ph-meeter-0563-2051\",\"name\":\"Testo 205 pH-meeter (0563 2051) - AXIOMA MS\",\"isPartOf\":{\"@id\":\"https:\/\/www.axiomams.eu\/et#website\"},\"primaryImageOfPage\":{\"@id\":\"https:\/\/www.axiomams.eu\/et\/produktas\/testo-205-ph-meeter-0563-2051#primaryimage\"},\"image\":{\"@id\":\"https:\/\/www.axiomams.eu\/et\/produktas\/testo-205-ph-meeter-0563-2051#primaryimage\"},\"thumbnailUrl\":\"https:\/\/www.axiomams.eu\/wp-content\/uploads\/2025\/07\/3565-4861.jpg\",\"datePublished\":\"2025-05-15T15:55:44+00:00\",\"dateModified\":\"2026-02-02T12:28:53+00:00\",\"breadcrumb\":{\"@id\":\"https:\/\/www.axiomams.eu\/et\/produktas\/testo-205-ph-meeter-0563-2051#breadcrumb\"},\"inLanguage\":\"et\",\"potentialAction\":[{\"@type\":\"ReadAction\",\"target\":[\"https:\/\/www.axiomams.eu\/et\/produktas\/testo-205-ph-meeter-0563-2051\"]}]},{\"@type\":\"ImageObject\",\"inLanguage\":\"et\",\"@id\":\"https:\/\/www.axiomams.eu\/et\/produktas\/testo-205-ph-meeter-0563-2051#primaryimage\",\"url\":\"https:\/\/www.axiomams.eu\/wp-content\/uploads\/2025\/07\/3565-4861.jpg\",\"contentUrl\":\"https:\/\/www.axiomams.eu\/wp-content\/uploads\/2025\/07\/3565-4861.jpg\",\"width\":800,\"height\":800},{\"@type\":\"BreadcrumbList\",\"@id\":\"https:\/\/www.axiomams.eu\/et\/produktas\/testo-205-ph-meeter-0563-2051#breadcrumb\",\"itemListElement\":[{\"@type\":\"ListItem\",\"position\":1,\"name\":\"Home\",\"item\":\"https:\/\/www.axiomams.eu\/et\"},{\"@type\":\"ListItem\",\"position\":2,\"name\":\"Tooted\",\"item\":\"https:\/\/www.axiomams.eu\/et\/tooted\"},{\"@type\":\"ListItem\",\"position\":3,\"name\":\"Testo 205 pH-meeter (0563 2051)\"}]},{\"@type\":\"WebSite\",\"@id\":\"https:\/\/www.axiomams.eu\/et#website\",\"url\":\"https:\/\/www.axiomams.eu\/et\",\"name\":\"AXIOMA MS\",\"description\":\"Terrmovizoriai ir matavimo \u012franga\",\"publisher\":{\"@id\":\"https:\/\/www.axiomams.eu\/et#organization\"},\"potentialAction\":[{\"@type\":\"SearchAction\",\"target\":{\"@type\":\"EntryPoint\",\"urlTemplate\":\"https:\/\/www.axiomams.eu\/et?s={search_term_string}\"},\"query-input\":{\"@type\":\"PropertyValueSpecification\",\"valueRequired\":true,\"valueName\":\"search_term_string\"}}],\"inLanguage\":\"et\"},{\"@type\":\"Organization\",\"@id\":\"https:\/\/www.axiomams.eu\/et#organization\",\"name\":\"AXIOMA MS\",\"url\":\"https:\/\/www.axiomams.eu\/et\",\"logo\":{\"@type\":\"ImageObject\",\"inLanguage\":\"et\",\"@id\":\"https:\/\/www.axiomams.eu\/et#\/schema\/logo\/image\/\",\"url\":\"https:\/\/www.axiomams.eu\/wp-content\/uploads\/2025\/06\/axioma-logo-2.png\",\"contentUrl\":\"https:\/\/www.axiomams.eu\/wp-content\/uploads\/2025\/06\/axioma-logo-2.png\",\"width\":1200,\"height\":1200,\"caption\":\"AXIOMA MS\"},\"image\":{\"@id\":\"https:\/\/www.axiomams.eu\/et#\/schema\/logo\/image\/\"},\"sameAs\":[\"https:\/\/www.facebook.com\/AxiomaMS\",\"https:\/\/www.linkedin.com\/company\/axiomams\/\"]}]}<\/script>\n<!-- \/ Yoast SEO plugin. -->","yoast_head_json":{"title":"Testo 205 pH-meeter (0563 2051) - AXIOMA MS","robots":{"index":"index","follow":"follow","max-snippet":"max-snippet:-1","max-image-preview":"max-image-preview:large","max-video-preview":"max-video-preview:-1"},"canonical":"https:\/\/www.axiomams.eu\/et\/produktas\/testo-205-ph-meeter-0563-2051","og_locale":"et_EE","og_type":"article","og_title":"Testo 205 pH-meeter (0563 2051) - AXIOMA MS","og_description":"testo 205 pH-meeter &#8211; m\u00f5\u00f5dab samaaegselt nii pH v\u00e4\u00e4rtust kui ka temperatuuri poolkindlates keskkondades. Kuna pH\/temperatuuri m\u00f5\u00f5tmisseade on \u00e4\u00e4rmiselt vastupidav &#8211; eriti pH m\u00f5\u00f5tmisotsik &#8211; kasutatakse testo 205 sageli liha kvaliteedi ja k\u00fcpsusastme j\u00e4lgimiseks. N\u00e4iteks lihakauplustes, tapamajades ja lihat\u00f6\u00f6stuses. Nutikas m\u00f5\u00f5tmistehnoloogia &#8211; testo 205 pakutavad eelised pH v\u00e4\u00e4rtuse ja temperatuuri m\u00f5\u00f5tmisel &#8211; Testo 205 v\u00f5imaldab...","og_url":"https:\/\/www.axiomams.eu\/et\/produktas\/testo-205-ph-meeter-0563-2051","og_site_name":"AXIOMA MS","article_publisher":"https:\/\/www.facebook.com\/AxiomaMS","article_modified_time":"2026-02-02T12:28:53+00:00","og_image":[{"width":800,"height":800,"url":"https:\/\/www.axiomams.eu\/wp-content\/uploads\/2025\/07\/3565-4861.jpg","type":"image\/jpeg"}],"twitter_card":"summary_large_image","twitter_misc":{"Est. reading time":"1 minut"},"schema":{"@context":"https:\/\/schema.org","@graph":[{"@type":"WebPage","@id":"https:\/\/www.axiomams.eu\/et\/produktas\/testo-205-ph-meeter-0563-2051","url":"https:\/\/www.axiomams.eu\/et\/produktas\/testo-205-ph-meeter-0563-2051","name":"Testo 205 pH-meeter (0563 2051) - AXIOMA MS","isPartOf":{"@id":"https:\/\/www.axiomams.eu\/et#website"},"primaryImageOfPage":{"@id":"https:\/\/www.axiomams.eu\/et\/produktas\/testo-205-ph-meeter-0563-2051#primaryimage"},"image":{"@id":"https:\/\/www.axiomams.eu\/et\/produktas\/testo-205-ph-meeter-0563-2051#primaryimage"},"thumbnailUrl":"https:\/\/www.axiomams.eu\/wp-content\/uploads\/2025\/07\/3565-4861.jpg","datePublished":"2025-05-15T15:55:44+00:00","dateModified":"2026-02-02T12:28:53+00:00","breadcrumb":{"@id":"https:\/\/www.axiomams.eu\/et\/produktas\/testo-205-ph-meeter-0563-2051#breadcrumb"},"inLanguage":"et","potentialAction":[{"@type":"ReadAction","target":["https:\/\/www.axiomams.eu\/et\/produktas\/testo-205-ph-meeter-0563-2051"]}]},{"@type":"ImageObject","inLanguage":"et","@id":"https:\/\/www.axiomams.eu\/et\/produktas\/testo-205-ph-meeter-0563-2051#primaryimage","url":"https:\/\/www.axiomams.eu\/wp-content\/uploads\/2025\/07\/3565-4861.jpg","contentUrl":"https:\/\/www.axiomams.eu\/wp-content\/uploads\/2025\/07\/3565-4861.jpg","width":800,"height":800},{"@type":"BreadcrumbList","@id":"https:\/\/www.axiomams.eu\/et\/produktas\/testo-205-ph-meeter-0563-2051#breadcrumb","itemListElement":[{"@type":"ListItem","position":1,"name":"Home","item":"https:\/\/www.axiomams.eu\/et"},{"@type":"ListItem","position":2,"name":"Tooted","item":"https:\/\/www.axiomams.eu\/et\/tooted"},{"@type":"ListItem","position":3,"name":"Testo 205 pH-meeter (0563 2051)"}]},{"@type":"WebSite","@id":"https:\/\/www.axiomams.eu\/et#website","url":"https:\/\/www.axiomams.eu\/et","name":"AXIOMA MS","description":"Terrmovizoriai ir matavimo \u012franga","publisher":{"@id":"https:\/\/www.axiomams.eu\/et#organization"},"potentialAction":[{"@type":"SearchAction","target":{"@type":"EntryPoint","urlTemplate":"https:\/\/www.axiomams.eu\/et?s={search_term_string}"},"query-input":{"@type":"PropertyValueSpecification","valueRequired":true,"valueName":"search_term_string"}}],"inLanguage":"et"},{"@type":"Organization","@id":"https:\/\/www.axiomams.eu\/et#organization","name":"AXIOMA MS","url":"https:\/\/www.axiomams.eu\/et","logo":{"@type":"ImageObject","inLanguage":"et","@id":"https:\/\/www.axiomams.eu\/et#\/schema\/logo\/image\/","url":"https:\/\/www.axiomams.eu\/wp-content\/uploads\/2025\/06\/axioma-logo-2.png","contentUrl":"https:\/\/www.axiomams.eu\/wp-content\/uploads\/2025\/06\/axioma-logo-2.png","width":1200,"height":1200,"caption":"AXIOMA MS"},"image":{"@id":"https:\/\/www.axiomams.eu\/et#\/schema\/logo\/image\/"},"sameAs":["https:\/\/www.facebook.com\/AxiomaMS","https:\/\/www.linkedin.com\/company\/axiomams\/"]}]}},"_links":{"self":[{"href":"https:\/\/www.axiomams.eu\/et\/wp-json\/wp\/v2\/product\/39959","targetHints":{"allow":["GET"]}}],"collection":[{"href":"https:\/\/www.axiomams.eu\/et\/wp-json\/wp\/v2\/product"}],"about":[{"href":"https:\/\/www.axiomams.eu\/et\/wp-json\/wp\/v2\/types\/product"}],"replies":[{"embeddable":true,"href":"https:\/\/www.axiomams.eu\/et\/wp-json\/wp\/v2\/comments?post=39959"}],"wp:featuredmedia":[{"embeddable":true,"href":"https:\/\/www.axiomams.eu\/et\/wp-json\/wp\/v2\/media\/41423"}],"wp:attachment":[{"href":"https:\/\/www.axiomams.eu\/et\/wp-json\/wp\/v2\/media?parent=39959"}],"wp:term":[{"taxonomy":"product_brand","embeddable":true,"href":"https:\/\/www.axiomams.eu\/et\/wp-json\/wp\/v2\/product_brand?post=39959"},{"taxonomy":"product_cat","embeddable":true,"href":"https:\/\/www.axiomams.eu\/et\/wp-json\/wp\/v2\/product_cat?post=39959"},{"taxonomy":"product_tag","embeddable":true,"href":"https:\/\/www.axiomams.eu\/et\/wp-json\/wp\/v2\/product_tag?post=39959"}],"curies":[{"name":"wp","href":"https:\/\/api.w.org\/{rel}","templated":true}]}}