{"id":39960,"date":"2025-05-15T18:01:00","date_gmt":"2025-05-15T16:01:00","guid":{"rendered":"https:\/\/www.axiomams.eu\/produktas\/sew-230-hd-pingeandur"},"modified":"2026-02-02T14:28:53","modified_gmt":"2026-02-02T12:28:53","slug":"sew-230-hd-pingeandur","status":"publish","type":"product","link":"https:\/\/www.axiomams.eu\/et\/produktas\/sew-230-hd-pingeandur","title":{"rendered":"SEW 230 HD pingeandur"},"content":{"rendered":"<p>K\u00f5rgepinge detektor. SEW230 HD tuvastab k\u00f5rge ja eriti k\u00f5rge pinge vahelduvvooluliinides. Pikendatud isolatsioonivardad v\u00f5imaldavad kontrollida k\u00f5rgepingeahelaid ohutult t\u00f6\u00f6kauguselt. K\u00e4ep\u00e4rased teleskoopvardad muudavad need detektorid kompaktseks, kergeks ja h\u00f5lpsasti kasutatavaks.<\/p>\n<p>&#8211; Teleskoopilised, kompaktsed, kerged<br \/>\n&#8211; K\u00f5rgepinge tuvastamine<br \/>\n&#8211; Isetestimise nupu funktsioon<br \/>\n&#8211; Lihtsalt \u00e4ratuntav m\u00e4rge<br \/>\n&#8211; Suure intensiivsusega punane LED ja katkendlik helisignaal, mis v\u00f5imaldab h\u00f5lpsat \u00e4ratundmist ka t\u00e4ies p\u00e4ikesevalguses ja m\u00fcrarikkas keskkonnas.<br \/>\n&#8211; Veeproo<\/p>\n","protected":false},"excerpt":{"rendered":"<p>K\u00f5rgepinge detektor. SEW230 HD tuvastab k\u00f5rge ja eriti k\u00f5rge pinge vahelduvvooluliinides. Pikendatud isolatsioonivardad v\u00f5imaldavad kontrollida k\u00f5rgepingeahelaid ohutult t\u00f6\u00f6kauguselt. K\u00e4ep\u00e4rased teleskoopvardad muudavad need detektorid kompaktseks, kergeks ja h\u00f5lpsasti kasutatavaks. &#8211; Teleskoopilised, kompaktsed, kerged &#8211; K\u00f5rgepinge tuvastamine &#8211; Isetestimise nupu funktsioon &#8211; Lihtsalt \u00e4ratuntav m\u00e4rge &#8211; Suure intensiivsusega punane LED ja katkendlik helisignaal, mis v\u00f5imaldab h\u00f5lpsat \u00e4ratundmist&#8230;<\/p>\n","protected":false},"featured_media":41425,"comment_status":"open","ping_status":"closed","template":"","meta":{"_acf_changed":false},"product_brand":[737],"product_cat":[17784],"product_tag":[],"class_list":{"0":"post-39960","1":"product","2":"type-product","3":"status-publish","4":"has-post-thumbnail","6":"product_brand-sew","7":"product_cat-elektriohutuse-tagamiseks","9":"first","10":"instock","11":"taxable","12":"shipping-taxable","13":"purchasable","14":"product-type-simple"},"acf":[],"yoast_head":"<!-- This site is optimized with the Yoast SEO plugin v27.0 - https:\/\/yoast.com\/product\/yoast-seo-wordpress\/ -->\n<title>SEW 230 HD pingeandur - AXIOMA MS<\/title>\n<meta name=\"robots\" content=\"index, follow, max-snippet:-1, max-image-preview:large, max-video-preview:-1\" \/>\n<link rel=\"canonical\" href=\"https:\/\/www.axiomams.eu\/et\/produktas\/sew-230-hd-pingeandur\" \/>\n<meta property=\"og:locale\" content=\"et_EE\" \/>\n<meta property=\"og:type\" content=\"article\" \/>\n<meta property=\"og:title\" content=\"SEW 230 HD pingeandur - AXIOMA MS\" \/>\n<meta property=\"og:description\" content=\"K\u00f5rgepinge detektor. SEW230 HD tuvastab k\u00f5rge ja eriti k\u00f5rge pinge vahelduvvooluliinides. Pikendatud isolatsioonivardad v\u00f5imaldavad kontrollida k\u00f5rgepingeahelaid ohutult t\u00f6\u00f6kauguselt. K\u00e4ep\u00e4rased teleskoopvardad muudavad need detektorid kompaktseks, kergeks ja h\u00f5lpsasti kasutatavaks. &#8211; Teleskoopilised, kompaktsed, kerged &#8211; K\u00f5rgepinge tuvastamine &#8211; Isetestimise nupu funktsioon &#8211; Lihtsalt \u00e4ratuntav m\u00e4rge &#8211; Suure intensiivsusega punane LED ja katkendlik helisignaal, mis v\u00f5imaldab h\u00f5lpsat \u00e4ratundmist...\" \/>\n<meta property=\"og:url\" content=\"https:\/\/www.axiomams.eu\/et\/produktas\/sew-230-hd-pingeandur\" \/>\n<meta property=\"og:site_name\" content=\"AXIOMA MS\" \/>\n<meta property=\"article:publisher\" content=\"https:\/\/www.facebook.com\/AxiomaMS\" \/>\n<meta property=\"article:modified_time\" content=\"2026-02-02T12:28:53+00:00\" \/>\n<meta property=\"og:image\" content=\"https:\/\/www.axiomams.eu\/wp-content\/uploads\/2025\/07\/3003-3973.jpg\" \/>\n\t<meta property=\"og:image:width\" content=\"241\" \/>\n\t<meta property=\"og:image:height\" content=\"699\" \/>\n\t<meta property=\"og:image:type\" content=\"image\/jpeg\" \/>\n<meta name=\"twitter:card\" content=\"summary_large_image\" \/>\n<script type=\"application\/ld+json\" class=\"yoast-schema-graph\">{\"@context\":\"https:\/\/schema.org\",\"@graph\":[{\"@type\":\"WebPage\",\"@id\":\"https:\/\/www.axiomams.eu\/et\/produktas\/sew-230-hd-pingeandur\",\"url\":\"https:\/\/www.axiomams.eu\/et\/produktas\/sew-230-hd-pingeandur\",\"name\":\"SEW 230 HD pingeandur - AXIOMA MS\",\"isPartOf\":{\"@id\":\"https:\/\/www.axiomams.eu\/et#website\"},\"primaryImageOfPage\":{\"@id\":\"https:\/\/www.axiomams.eu\/et\/produktas\/sew-230-hd-pingeandur#primaryimage\"},\"image\":{\"@id\":\"https:\/\/www.axiomams.eu\/et\/produktas\/sew-230-hd-pingeandur#primaryimage\"},\"thumbnailUrl\":\"https:\/\/www.axiomams.eu\/wp-content\/uploads\/2025\/07\/3003-3973.jpg\",\"datePublished\":\"2025-05-15T16:01:00+00:00\",\"dateModified\":\"2026-02-02T12:28:53+00:00\",\"breadcrumb\":{\"@id\":\"https:\/\/www.axiomams.eu\/et\/produktas\/sew-230-hd-pingeandur#breadcrumb\"},\"inLanguage\":\"et\",\"potentialAction\":[{\"@type\":\"ReadAction\",\"target\":[\"https:\/\/www.axiomams.eu\/et\/produktas\/sew-230-hd-pingeandur\"]}]},{\"@type\":\"ImageObject\",\"inLanguage\":\"et\",\"@id\":\"https:\/\/www.axiomams.eu\/et\/produktas\/sew-230-hd-pingeandur#primaryimage\",\"url\":\"https:\/\/www.axiomams.eu\/wp-content\/uploads\/2025\/07\/3003-3973.jpg\",\"contentUrl\":\"https:\/\/www.axiomams.eu\/wp-content\/uploads\/2025\/07\/3003-3973.jpg\",\"width\":241,\"height\":699},{\"@type\":\"BreadcrumbList\",\"@id\":\"https:\/\/www.axiomams.eu\/et\/produktas\/sew-230-hd-pingeandur#breadcrumb\",\"itemListElement\":[{\"@type\":\"ListItem\",\"position\":1,\"name\":\"Home\",\"item\":\"https:\/\/www.axiomams.eu\/et\"},{\"@type\":\"ListItem\",\"position\":2,\"name\":\"Tooted\",\"item\":\"https:\/\/www.axiomams.eu\/et\/tooted\"},{\"@type\":\"ListItem\",\"position\":3,\"name\":\"SEW 230 HD pingeandur\"}]},{\"@type\":\"WebSite\",\"@id\":\"https:\/\/www.axiomams.eu\/et#website\",\"url\":\"https:\/\/www.axiomams.eu\/et\",\"name\":\"AXIOMA MS\",\"description\":\"Terrmovizoriai ir matavimo \u012franga\",\"publisher\":{\"@id\":\"https:\/\/www.axiomams.eu\/et#organization\"},\"potentialAction\":[{\"@type\":\"SearchAction\",\"target\":{\"@type\":\"EntryPoint\",\"urlTemplate\":\"https:\/\/www.axiomams.eu\/et?s={search_term_string}\"},\"query-input\":{\"@type\":\"PropertyValueSpecification\",\"valueRequired\":true,\"valueName\":\"search_term_string\"}}],\"inLanguage\":\"et\"},{\"@type\":\"Organization\",\"@id\":\"https:\/\/www.axiomams.eu\/et#organization\",\"name\":\"AXIOMA MS\",\"url\":\"https:\/\/www.axiomams.eu\/et\",\"logo\":{\"@type\":\"ImageObject\",\"inLanguage\":\"et\",\"@id\":\"https:\/\/www.axiomams.eu\/et#\/schema\/logo\/image\/\",\"url\":\"https:\/\/www.axiomams.eu\/wp-content\/uploads\/2025\/06\/axioma-logo-2.png\",\"contentUrl\":\"https:\/\/www.axiomams.eu\/wp-content\/uploads\/2025\/06\/axioma-logo-2.png\",\"width\":1200,\"height\":1200,\"caption\":\"AXIOMA MS\"},\"image\":{\"@id\":\"https:\/\/www.axiomams.eu\/et#\/schema\/logo\/image\/\"},\"sameAs\":[\"https:\/\/www.facebook.com\/AxiomaMS\",\"https:\/\/www.linkedin.com\/company\/axiomams\/\"]}]}<\/script>\n<!-- \/ Yoast SEO plugin. -->","yoast_head_json":{"title":"SEW 230 HD pingeandur - AXIOMA MS","robots":{"index":"index","follow":"follow","max-snippet":"max-snippet:-1","max-image-preview":"max-image-preview:large","max-video-preview":"max-video-preview:-1"},"canonical":"https:\/\/www.axiomams.eu\/et\/produktas\/sew-230-hd-pingeandur","og_locale":"et_EE","og_type":"article","og_title":"SEW 230 HD pingeandur - AXIOMA MS","og_description":"K\u00f5rgepinge detektor. SEW230 HD tuvastab k\u00f5rge ja eriti k\u00f5rge pinge vahelduvvooluliinides. Pikendatud isolatsioonivardad v\u00f5imaldavad kontrollida k\u00f5rgepingeahelaid ohutult t\u00f6\u00f6kauguselt. K\u00e4ep\u00e4rased teleskoopvardad muudavad need detektorid kompaktseks, kergeks ja h\u00f5lpsasti kasutatavaks. &#8211; Teleskoopilised, kompaktsed, kerged &#8211; K\u00f5rgepinge tuvastamine &#8211; Isetestimise nupu funktsioon &#8211; Lihtsalt \u00e4ratuntav m\u00e4rge &#8211; Suure intensiivsusega punane LED ja katkendlik helisignaal, mis v\u00f5imaldab h\u00f5lpsat \u00e4ratundmist...","og_url":"https:\/\/www.axiomams.eu\/et\/produktas\/sew-230-hd-pingeandur","og_site_name":"AXIOMA MS","article_publisher":"https:\/\/www.facebook.com\/AxiomaMS","article_modified_time":"2026-02-02T12:28:53+00:00","og_image":[{"width":241,"height":699,"url":"https:\/\/www.axiomams.eu\/wp-content\/uploads\/2025\/07\/3003-3973.jpg","type":"image\/jpeg"}],"twitter_card":"summary_large_image","schema":{"@context":"https:\/\/schema.org","@graph":[{"@type":"WebPage","@id":"https:\/\/www.axiomams.eu\/et\/produktas\/sew-230-hd-pingeandur","url":"https:\/\/www.axiomams.eu\/et\/produktas\/sew-230-hd-pingeandur","name":"SEW 230 HD pingeandur - AXIOMA MS","isPartOf":{"@id":"https:\/\/www.axiomams.eu\/et#website"},"primaryImageOfPage":{"@id":"https:\/\/www.axiomams.eu\/et\/produktas\/sew-230-hd-pingeandur#primaryimage"},"image":{"@id":"https:\/\/www.axiomams.eu\/et\/produktas\/sew-230-hd-pingeandur#primaryimage"},"thumbnailUrl":"https:\/\/www.axiomams.eu\/wp-content\/uploads\/2025\/07\/3003-3973.jpg","datePublished":"2025-05-15T16:01:00+00:00","dateModified":"2026-02-02T12:28:53+00:00","breadcrumb":{"@id":"https:\/\/www.axiomams.eu\/et\/produktas\/sew-230-hd-pingeandur#breadcrumb"},"inLanguage":"et","potentialAction":[{"@type":"ReadAction","target":["https:\/\/www.axiomams.eu\/et\/produktas\/sew-230-hd-pingeandur"]}]},{"@type":"ImageObject","inLanguage":"et","@id":"https:\/\/www.axiomams.eu\/et\/produktas\/sew-230-hd-pingeandur#primaryimage","url":"https:\/\/www.axiomams.eu\/wp-content\/uploads\/2025\/07\/3003-3973.jpg","contentUrl":"https:\/\/www.axiomams.eu\/wp-content\/uploads\/2025\/07\/3003-3973.jpg","width":241,"height":699},{"@type":"BreadcrumbList","@id":"https:\/\/www.axiomams.eu\/et\/produktas\/sew-230-hd-pingeandur#breadcrumb","itemListElement":[{"@type":"ListItem","position":1,"name":"Home","item":"https:\/\/www.axiomams.eu\/et"},{"@type":"ListItem","position":2,"name":"Tooted","item":"https:\/\/www.axiomams.eu\/et\/tooted"},{"@type":"ListItem","position":3,"name":"SEW 230 HD pingeandur"}]},{"@type":"WebSite","@id":"https:\/\/www.axiomams.eu\/et#website","url":"https:\/\/www.axiomams.eu\/et","name":"AXIOMA MS","description":"Terrmovizoriai ir matavimo \u012franga","publisher":{"@id":"https:\/\/www.axiomams.eu\/et#organization"},"potentialAction":[{"@type":"SearchAction","target":{"@type":"EntryPoint","urlTemplate":"https:\/\/www.axiomams.eu\/et?s={search_term_string}"},"query-input":{"@type":"PropertyValueSpecification","valueRequired":true,"valueName":"search_term_string"}}],"inLanguage":"et"},{"@type":"Organization","@id":"https:\/\/www.axiomams.eu\/et#organization","name":"AXIOMA MS","url":"https:\/\/www.axiomams.eu\/et","logo":{"@type":"ImageObject","inLanguage":"et","@id":"https:\/\/www.axiomams.eu\/et#\/schema\/logo\/image\/","url":"https:\/\/www.axiomams.eu\/wp-content\/uploads\/2025\/06\/axioma-logo-2.png","contentUrl":"https:\/\/www.axiomams.eu\/wp-content\/uploads\/2025\/06\/axioma-logo-2.png","width":1200,"height":1200,"caption":"AXIOMA MS"},"image":{"@id":"https:\/\/www.axiomams.eu\/et#\/schema\/logo\/image\/"},"sameAs":["https:\/\/www.facebook.com\/AxiomaMS","https:\/\/www.linkedin.com\/company\/axiomams\/"]}]}},"_links":{"self":[{"href":"https:\/\/www.axiomams.eu\/et\/wp-json\/wp\/v2\/product\/39960","targetHints":{"allow":["GET"]}}],"collection":[{"href":"https:\/\/www.axiomams.eu\/et\/wp-json\/wp\/v2\/product"}],"about":[{"href":"https:\/\/www.axiomams.eu\/et\/wp-json\/wp\/v2\/types\/product"}],"replies":[{"embeddable":true,"href":"https:\/\/www.axiomams.eu\/et\/wp-json\/wp\/v2\/comments?post=39960"}],"wp:featuredmedia":[{"embeddable":true,"href":"https:\/\/www.axiomams.eu\/et\/wp-json\/wp\/v2\/media\/41425"}],"wp:attachment":[{"href":"https:\/\/www.axiomams.eu\/et\/wp-json\/wp\/v2\/media?parent=39960"}],"wp:term":[{"taxonomy":"product_brand","embeddable":true,"href":"https:\/\/www.axiomams.eu\/et\/wp-json\/wp\/v2\/product_brand?post=39960"},{"taxonomy":"product_cat","embeddable":true,"href":"https:\/\/www.axiomams.eu\/et\/wp-json\/wp\/v2\/product_cat?post=39960"},{"taxonomy":"product_tag","embeddable":true,"href":"https:\/\/www.axiomams.eu\/et\/wp-json\/wp\/v2\/product_tag?post=39960"}],"curies":[{"name":"wp","href":"https:\/\/api.w.org\/{rel}","templated":true}]}}