{"id":39962,"date":"2025-09-25T01:00:28","date_gmt":"2025-09-24T23:00:28","guid":{"rendered":"https:\/\/www.axiomams.eu\/produktas\/testo-270-bt-olitesti-0563-2770"},"modified":"2026-02-02T14:28:54","modified_gmt":"2026-02-02T12:28:54","slug":"testo-270-bt-olitesti-0563-2770","status":"publish","type":"product","link":"https:\/\/www.axiomams.eu\/et\/produktas\/testo-270-bt-olitesti-0563-2770","title":{"rendered":"Testo 270 BT \u00f5litesti (0563 2770)"},"content":{"rendered":"<p>Testo 270 toidu\u00f5li tester v\u00f5imaldab ahelrestoranidel ja kommertsk\u00f6\u00f6kidel vahetada \u00f5li ainult siis, kui kriitilised TPM-v\u00e4\u00e4rtused on saavutatud, v\u00e4hendades tarbetuid \u00f5livahetusi ja maksimeerides kulut\u00f5husust.<\/p>\n<p><b>Testo 270 peamised omadused<\/b><br \/>\n&#8211; Mahutav \u00f5liandur v\u00f5imaldab t\u00e4pset m\u00f5\u00f5tmist otse kuumas \u00f5lis, hoides samal ajal kasutajaid kuumuse eest kaitstud.<br \/>\n&#8211; IP65-klassifikatsioon tagab kaitse veejoa eest ilma katet n\u00f5udmata.<br \/>\n&#8211; H\u00e4sti n\u00e4htav alarmi taustavalgustus annab tulemustest selgelt m\u00e4rku valgusfoori v\u00e4rvides.<br \/>\n&#8211; Eemaldatav, pestav korpus h\u00fcgieeniliseks hoiustamiseks rakenduskohas.<br \/>\n&#8211; Lihtne 3 nupuga juhtimine lihtsustab j\u00e4relevalvet.<br \/>\n&#8211; Purunematu \u00f5liandur, mis on p\u00f5imitud vastupidavasse metallkorpusesse.<br \/>\n&#8211; Klaaskiust korpus tagab erakordse l\u00f6\u00f6gikindluse.<\/p>\n<p><b>Aegse \u00f5lijuhtimise eelised<\/b><br \/>\n&#8211; Vahetage toidu\u00f5li t\u00e4pselt siis, kui TPM piirv\u00e4\u00e4rtused on saavutatud, s\u00e4\u00e4stes kulusid ja tagades kvaliteetse praadimise.<br \/>\n&#8211; Kohene m\u00f5\u00f5tmine erinevates frit\u00fc\u00fcrides ilma \u00f5li jahtumist ootamata.<br \/>\n&#8211; Eelseadistatud TPM-piiranguid saab kindlustada PIN-koodiga, et v\u00e4ltida juhuslikke muudatusi.<br \/>\n&#8211; N\u00e4idik vilgub kuni stabiilse n\u00e4itu saavutamiseni, n\u00e4idates %TPM ja valgusfoorisignaalid (punane, kollane, roheline).<br \/>\n&#8211; Hoidmise ja automaatse hoidmise funktsioonid v\u00f5imaldavad paindlikku lugemist t\u00f6\u00f6 ajal.<br \/>\n&#8211; Kohapeal on v\u00f5imalik kalibreerimine, kasutades v\u00f5rdlus\u00f5li, mis tagab p\u00fcsiva t\u00e4psuse.<\/p>\n<p><b>Kasutuskohad ja usaldusv\u00e4\u00e4rsus<\/b><br \/>\nTesto 270 sobib ideaalselt restoranidele, kaubandusk\u00f6\u00f6kidele, toitlustusteenustele, toiduainete kontrollile, kvaliteedi tagamisele ja toiduainete tootmisele. Selle ergonoomiline disain tagab kasutaja ohutuse, pakkudes samal ajal usaldusv\u00e4\u00e4rseid ja t\u00e4pseid m\u00f5\u00f5tmisi. Testo 270 abil muutub toidu\u00f5li j\u00e4lgimine intuitiivseks, t\u00f5husaks ja v\u00e4ga usaldusv\u00e4\u00e4rseks, tagades praadimisprotsesside optimaalse kvaliteedi.<\/p>\n<p>Standardkomplekt: testo 270 toidu\u00f5li tester, v\u00f5rdlus\u00f5li, plastikkast, kalibreerimisprotokoll, koolituskaart, kasutusjuhend, patareid.<br \/>\nKood: 0563 2770<\/p>\n<h3>Tehniline teave:<\/h3>\n<ul>\n<li><a href=\"https:\/\/axiomams.eu\/importer\/export\/attachments\/en\/testo-270.pdf\" target=\"_blank\">testo 270.pdf<\/a><\/li>\n<\/ul>\n","protected":false},"excerpt":{"rendered":"<p>Testo 270 toidu\u00f5li tester v\u00f5imaldab ahelrestoranidel ja kommertsk\u00f6\u00f6kidel vahetada \u00f5li ainult siis, kui kriitilised TPM-v\u00e4\u00e4rtused on saavutatud, v\u00e4hendades tarbetuid \u00f5livahetusi ja maksimeerides kulut\u00f5husust. Testo 270 peamised omadused &#8211; Mahutav \u00f5liandur v\u00f5imaldab t\u00e4pset m\u00f5\u00f5tmist otse kuumas \u00f5lis, hoides samal ajal kasutajaid kuumuse eest kaitstud. &#8211; IP65-klassifikatsioon tagab kaitse veejoa eest ilma katet n\u00f5udmata. &#8211; H\u00e4sti n\u00e4htav&#8230;<\/p>\n","protected":false},"featured_media":41429,"comment_status":"open","ping_status":"closed","template":"","meta":{"_acf_changed":false},"product_brand":[735],"product_cat":[17825],"product_tag":[],"class_list":{"0":"post-39962","1":"product","2":"type-product","3":"status-publish","4":"has-post-thumbnail","6":"product_brand-testo","7":"product_cat-analuusitavad-materjalid","9":"first","10":"instock","11":"taxable","12":"shipping-taxable","13":"product-type-simple"},"acf":[],"yoast_head":"<!-- This site is optimized with the Yoast SEO plugin v27.0 - https:\/\/yoast.com\/product\/yoast-seo-wordpress\/ -->\n<title>Testo 270 BT \u00f5litesti (0563 2770) - AXIOMA MS<\/title>\n<meta name=\"robots\" content=\"index, follow, max-snippet:-1, max-image-preview:large, max-video-preview:-1\" \/>\n<link rel=\"canonical\" href=\"https:\/\/www.axiomams.eu\/et\/produktas\/testo-270-bt-olitesti-0563-2770\" \/>\n<meta property=\"og:locale\" content=\"et_EE\" \/>\n<meta property=\"og:type\" content=\"article\" \/>\n<meta property=\"og:title\" content=\"Testo 270 BT \u00f5litesti (0563 2770) - AXIOMA MS\" \/>\n<meta property=\"og:description\" content=\"Testo 270 toidu\u00f5li tester v\u00f5imaldab ahelrestoranidel ja kommertsk\u00f6\u00f6kidel vahetada \u00f5li ainult siis, kui kriitilised TPM-v\u00e4\u00e4rtused on saavutatud, v\u00e4hendades tarbetuid \u00f5livahetusi ja maksimeerides kulut\u00f5husust. Testo 270 peamised omadused &#8211; Mahutav \u00f5liandur v\u00f5imaldab t\u00e4pset m\u00f5\u00f5tmist otse kuumas \u00f5lis, hoides samal ajal kasutajaid kuumuse eest kaitstud. &#8211; IP65-klassifikatsioon tagab kaitse veejoa eest ilma katet n\u00f5udmata. &#8211; H\u00e4sti n\u00e4htav...\" \/>\n<meta property=\"og:url\" content=\"https:\/\/www.axiomams.eu\/et\/produktas\/testo-270-bt-olitesti-0563-2770\" \/>\n<meta property=\"og:site_name\" content=\"AXIOMA MS\" \/>\n<meta property=\"article:publisher\" content=\"https:\/\/www.facebook.com\/AxiomaMS\" \/>\n<meta property=\"article:modified_time\" content=\"2026-02-02T12:28:54+00:00\" \/>\n<meta property=\"og:image\" content=\"https:\/\/www.axiomams.eu\/wp-content\/uploads\/2025\/09\/4675-6182.jpg\" \/>\n\t<meta property=\"og:image:width\" content=\"800\" \/>\n\t<meta property=\"og:image:height\" content=\"800\" \/>\n\t<meta property=\"og:image:type\" content=\"image\/jpeg\" \/>\n<meta name=\"twitter:card\" content=\"summary_large_image\" \/>\n<meta name=\"twitter:label1\" content=\"Est. reading time\" \/>\n\t<meta name=\"twitter:data1\" content=\"1 minut\" \/>\n<script type=\"application\/ld+json\" class=\"yoast-schema-graph\">{\"@context\":\"https:\/\/schema.org\",\"@graph\":[{\"@type\":\"WebPage\",\"@id\":\"https:\/\/www.axiomams.eu\/et\/produktas\/testo-270-bt-olitesti-0563-2770\",\"url\":\"https:\/\/www.axiomams.eu\/et\/produktas\/testo-270-bt-olitesti-0563-2770\",\"name\":\"Testo 270 BT \u00f5litesti (0563 2770) - AXIOMA MS\",\"isPartOf\":{\"@id\":\"https:\/\/www.axiomams.eu\/et#website\"},\"primaryImageOfPage\":{\"@id\":\"https:\/\/www.axiomams.eu\/et\/produktas\/testo-270-bt-olitesti-0563-2770#primaryimage\"},\"image\":{\"@id\":\"https:\/\/www.axiomams.eu\/et\/produktas\/testo-270-bt-olitesti-0563-2770#primaryimage\"},\"thumbnailUrl\":\"https:\/\/www.axiomams.eu\/wp-content\/uploads\/2025\/09\/4675-6182.jpg\",\"datePublished\":\"2025-09-24T23:00:28+00:00\",\"dateModified\":\"2026-02-02T12:28:54+00:00\",\"breadcrumb\":{\"@id\":\"https:\/\/www.axiomams.eu\/et\/produktas\/testo-270-bt-olitesti-0563-2770#breadcrumb\"},\"inLanguage\":\"et\",\"potentialAction\":[{\"@type\":\"ReadAction\",\"target\":[\"https:\/\/www.axiomams.eu\/et\/produktas\/testo-270-bt-olitesti-0563-2770\"]}]},{\"@type\":\"ImageObject\",\"inLanguage\":\"et\",\"@id\":\"https:\/\/www.axiomams.eu\/et\/produktas\/testo-270-bt-olitesti-0563-2770#primaryimage\",\"url\":\"https:\/\/www.axiomams.eu\/wp-content\/uploads\/2025\/09\/4675-6182.jpg\",\"contentUrl\":\"https:\/\/www.axiomams.eu\/wp-content\/uploads\/2025\/09\/4675-6182.jpg\",\"width\":800,\"height\":800},{\"@type\":\"BreadcrumbList\",\"@id\":\"https:\/\/www.axiomams.eu\/et\/produktas\/testo-270-bt-olitesti-0563-2770#breadcrumb\",\"itemListElement\":[{\"@type\":\"ListItem\",\"position\":1,\"name\":\"Home\",\"item\":\"https:\/\/www.axiomams.eu\/et\"},{\"@type\":\"ListItem\",\"position\":2,\"name\":\"Tooted\",\"item\":\"https:\/\/www.axiomams.eu\/et\/tooted\"},{\"@type\":\"ListItem\",\"position\":3,\"name\":\"Testo 270 BT \u00f5litesti (0563 2770)\"}]},{\"@type\":\"WebSite\",\"@id\":\"https:\/\/www.axiomams.eu\/et#website\",\"url\":\"https:\/\/www.axiomams.eu\/et\",\"name\":\"AXIOMA MS\",\"description\":\"Terrmovizoriai ir matavimo \u012franga\",\"publisher\":{\"@id\":\"https:\/\/www.axiomams.eu\/et#organization\"},\"potentialAction\":[{\"@type\":\"SearchAction\",\"target\":{\"@type\":\"EntryPoint\",\"urlTemplate\":\"https:\/\/www.axiomams.eu\/et?s={search_term_string}\"},\"query-input\":{\"@type\":\"PropertyValueSpecification\",\"valueRequired\":true,\"valueName\":\"search_term_string\"}}],\"inLanguage\":\"et\"},{\"@type\":\"Organization\",\"@id\":\"https:\/\/www.axiomams.eu\/et#organization\",\"name\":\"AXIOMA MS\",\"url\":\"https:\/\/www.axiomams.eu\/et\",\"logo\":{\"@type\":\"ImageObject\",\"inLanguage\":\"et\",\"@id\":\"https:\/\/www.axiomams.eu\/et#\/schema\/logo\/image\/\",\"url\":\"https:\/\/www.axiomams.eu\/wp-content\/uploads\/2025\/06\/axioma-logo-2.png\",\"contentUrl\":\"https:\/\/www.axiomams.eu\/wp-content\/uploads\/2025\/06\/axioma-logo-2.png\",\"width\":1200,\"height\":1200,\"caption\":\"AXIOMA MS\"},\"image\":{\"@id\":\"https:\/\/www.axiomams.eu\/et#\/schema\/logo\/image\/\"},\"sameAs\":[\"https:\/\/www.facebook.com\/AxiomaMS\",\"https:\/\/www.linkedin.com\/company\/axiomams\/\"]}]}<\/script>\n<!-- \/ Yoast SEO plugin. -->","yoast_head_json":{"title":"Testo 270 BT \u00f5litesti (0563 2770) - AXIOMA MS","robots":{"index":"index","follow":"follow","max-snippet":"max-snippet:-1","max-image-preview":"max-image-preview:large","max-video-preview":"max-video-preview:-1"},"canonical":"https:\/\/www.axiomams.eu\/et\/produktas\/testo-270-bt-olitesti-0563-2770","og_locale":"et_EE","og_type":"article","og_title":"Testo 270 BT \u00f5litesti (0563 2770) - AXIOMA MS","og_description":"Testo 270 toidu\u00f5li tester v\u00f5imaldab ahelrestoranidel ja kommertsk\u00f6\u00f6kidel vahetada \u00f5li ainult siis, kui kriitilised TPM-v\u00e4\u00e4rtused on saavutatud, v\u00e4hendades tarbetuid \u00f5livahetusi ja maksimeerides kulut\u00f5husust. Testo 270 peamised omadused &#8211; Mahutav \u00f5liandur v\u00f5imaldab t\u00e4pset m\u00f5\u00f5tmist otse kuumas \u00f5lis, hoides samal ajal kasutajaid kuumuse eest kaitstud. &#8211; IP65-klassifikatsioon tagab kaitse veejoa eest ilma katet n\u00f5udmata. &#8211; H\u00e4sti n\u00e4htav...","og_url":"https:\/\/www.axiomams.eu\/et\/produktas\/testo-270-bt-olitesti-0563-2770","og_site_name":"AXIOMA MS","article_publisher":"https:\/\/www.facebook.com\/AxiomaMS","article_modified_time":"2026-02-02T12:28:54+00:00","og_image":[{"width":800,"height":800,"url":"https:\/\/www.axiomams.eu\/wp-content\/uploads\/2025\/09\/4675-6182.jpg","type":"image\/jpeg"}],"twitter_card":"summary_large_image","twitter_misc":{"Est. reading time":"1 minut"},"schema":{"@context":"https:\/\/schema.org","@graph":[{"@type":"WebPage","@id":"https:\/\/www.axiomams.eu\/et\/produktas\/testo-270-bt-olitesti-0563-2770","url":"https:\/\/www.axiomams.eu\/et\/produktas\/testo-270-bt-olitesti-0563-2770","name":"Testo 270 BT \u00f5litesti (0563 2770) - AXIOMA MS","isPartOf":{"@id":"https:\/\/www.axiomams.eu\/et#website"},"primaryImageOfPage":{"@id":"https:\/\/www.axiomams.eu\/et\/produktas\/testo-270-bt-olitesti-0563-2770#primaryimage"},"image":{"@id":"https:\/\/www.axiomams.eu\/et\/produktas\/testo-270-bt-olitesti-0563-2770#primaryimage"},"thumbnailUrl":"https:\/\/www.axiomams.eu\/wp-content\/uploads\/2025\/09\/4675-6182.jpg","datePublished":"2025-09-24T23:00:28+00:00","dateModified":"2026-02-02T12:28:54+00:00","breadcrumb":{"@id":"https:\/\/www.axiomams.eu\/et\/produktas\/testo-270-bt-olitesti-0563-2770#breadcrumb"},"inLanguage":"et","potentialAction":[{"@type":"ReadAction","target":["https:\/\/www.axiomams.eu\/et\/produktas\/testo-270-bt-olitesti-0563-2770"]}]},{"@type":"ImageObject","inLanguage":"et","@id":"https:\/\/www.axiomams.eu\/et\/produktas\/testo-270-bt-olitesti-0563-2770#primaryimage","url":"https:\/\/www.axiomams.eu\/wp-content\/uploads\/2025\/09\/4675-6182.jpg","contentUrl":"https:\/\/www.axiomams.eu\/wp-content\/uploads\/2025\/09\/4675-6182.jpg","width":800,"height":800},{"@type":"BreadcrumbList","@id":"https:\/\/www.axiomams.eu\/et\/produktas\/testo-270-bt-olitesti-0563-2770#breadcrumb","itemListElement":[{"@type":"ListItem","position":1,"name":"Home","item":"https:\/\/www.axiomams.eu\/et"},{"@type":"ListItem","position":2,"name":"Tooted","item":"https:\/\/www.axiomams.eu\/et\/tooted"},{"@type":"ListItem","position":3,"name":"Testo 270 BT \u00f5litesti (0563 2770)"}]},{"@type":"WebSite","@id":"https:\/\/www.axiomams.eu\/et#website","url":"https:\/\/www.axiomams.eu\/et","name":"AXIOMA MS","description":"Terrmovizoriai ir matavimo \u012franga","publisher":{"@id":"https:\/\/www.axiomams.eu\/et#organization"},"potentialAction":[{"@type":"SearchAction","target":{"@type":"EntryPoint","urlTemplate":"https:\/\/www.axiomams.eu\/et?s={search_term_string}"},"query-input":{"@type":"PropertyValueSpecification","valueRequired":true,"valueName":"search_term_string"}}],"inLanguage":"et"},{"@type":"Organization","@id":"https:\/\/www.axiomams.eu\/et#organization","name":"AXIOMA MS","url":"https:\/\/www.axiomams.eu\/et","logo":{"@type":"ImageObject","inLanguage":"et","@id":"https:\/\/www.axiomams.eu\/et#\/schema\/logo\/image\/","url":"https:\/\/www.axiomams.eu\/wp-content\/uploads\/2025\/06\/axioma-logo-2.png","contentUrl":"https:\/\/www.axiomams.eu\/wp-content\/uploads\/2025\/06\/axioma-logo-2.png","width":1200,"height":1200,"caption":"AXIOMA MS"},"image":{"@id":"https:\/\/www.axiomams.eu\/et#\/schema\/logo\/image\/"},"sameAs":["https:\/\/www.facebook.com\/AxiomaMS","https:\/\/www.linkedin.com\/company\/axiomams\/"]}]}},"_links":{"self":[{"href":"https:\/\/www.axiomams.eu\/et\/wp-json\/wp\/v2\/product\/39962","targetHints":{"allow":["GET"]}}],"collection":[{"href":"https:\/\/www.axiomams.eu\/et\/wp-json\/wp\/v2\/product"}],"about":[{"href":"https:\/\/www.axiomams.eu\/et\/wp-json\/wp\/v2\/types\/product"}],"replies":[{"embeddable":true,"href":"https:\/\/www.axiomams.eu\/et\/wp-json\/wp\/v2\/comments?post=39962"}],"wp:featuredmedia":[{"embeddable":true,"href":"https:\/\/www.axiomams.eu\/et\/wp-json\/wp\/v2\/media\/41429"}],"wp:attachment":[{"href":"https:\/\/www.axiomams.eu\/et\/wp-json\/wp\/v2\/media?parent=39962"}],"wp:term":[{"taxonomy":"product_brand","embeddable":true,"href":"https:\/\/www.axiomams.eu\/et\/wp-json\/wp\/v2\/product_brand?post=39962"},{"taxonomy":"product_cat","embeddable":true,"href":"https:\/\/www.axiomams.eu\/et\/wp-json\/wp\/v2\/product_cat?post=39962"},{"taxonomy":"product_tag","embeddable":true,"href":"https:\/\/www.axiomams.eu\/et\/wp-json\/wp\/v2\/product_tag?post=39962"}],"curies":[{"name":"wp","href":"https:\/\/api.w.org\/{rel}","templated":true}]}}