{"id":39965,"date":"2025-05-15T17:55:51","date_gmt":"2025-05-15T15:55:51","guid":{"rendered":"https:\/\/www.axiomams.eu\/produktas\/testo-405-soojusanemomeeter-0560-4053"},"modified":"2026-02-02T14:28:57","modified_gmt":"2026-02-02T12:28:57","slug":"testo-405-soojusanemomeeter-0560-4053","status":"publish","type":"product","link":"https:\/\/www.axiomams.eu\/et\/produktas\/testo-405-soojusanemomeeter-0560-4053","title":{"rendered":"Testo 405 soojusanemomeeter (0560 4053)"},"content":{"rendered":"<p>Testo 405 on termiline anemomeeter. See v\u00f5imaldab t\u00e4pselt m\u00f5\u00f5ta \u00f5huvoolu kiirust, mahuvoolu ja temperatuuri. T\u00e4nu pikendatavale teleskoobile (kuni 300 mm) sobib testo 405 eriti h\u00e4sti voolukiiruse m\u00f5\u00f5tmiseks kanalites.<br \/>\nTesto 405 m\u00f5\u00f5dab eriti t\u00e4pselt vahemikus 0 ja 2 m\/s. Madalaid \u00f5huvoolukiirusi, n\u00e4iteks t\u00f5mbuvate akende juures, saab seega t\u00e4pselt lokaliseerida ja v\u00e4ga t\u00e4pselt m\u00f5\u00f5ta.<\/p>\n<p>Standardkomplekt: testo 405 soojusanemomeeter, kanalihoidja, kinnitusklamber, patareid.<\/p>\n<h3>Tehniline teave:<\/h3>\n<ul>\n<li><a href=\"https:\/\/axiomams.eu\/importer\/export\/attachments\/en\/testo-405.pdf\" target=\"_blank\">testo 405.pdf<\/a><\/li>\n<\/ul>\n","protected":false},"excerpt":{"rendered":"<p>Testo 405 on termiline anemomeeter. See v\u00f5imaldab t\u00e4pselt m\u00f5\u00f5ta \u00f5huvoolu kiirust, mahuvoolu ja temperatuuri. T\u00e4nu pikendatavale teleskoobile (kuni 300 mm) sobib testo 405 eriti h\u00e4sti voolukiiruse m\u00f5\u00f5tmiseks kanalites. Testo 405 m\u00f5\u00f5dab eriti t\u00e4pselt vahemikus 0 ja 2 m\/s. Madalaid \u00f5huvoolukiirusi, n\u00e4iteks t\u00f5mbuvate akende juures, saab seega t\u00e4pselt lokaliseerida ja v\u00e4ga t\u00e4pselt m\u00f5\u00f5ta. Standardkomplekt: testo 405&#8230;<\/p>\n","protected":false},"featured_media":41435,"comment_status":"open","ping_status":"closed","template":"","meta":{"_acf_changed":false},"product_brand":[735],"product_cat":[17788],"product_tag":[],"class_list":{"0":"post-39965","1":"product","2":"type-product","3":"status-publish","4":"has-post-thumbnail","6":"product_brand-testo","7":"product_cat-valgustatuse-mura-ohuvoolu-mootmiseks","9":"first","10":"instock","11":"taxable","12":"shipping-taxable","13":"purchasable","14":"product-type-simple"},"acf":[],"yoast_head":"<!-- This site is optimized with the Yoast SEO plugin v27.0 - https:\/\/yoast.com\/product\/yoast-seo-wordpress\/ -->\n<title>Testo 405 soojusanemomeeter (0560 4053) - AXIOMA MS<\/title>\n<meta name=\"robots\" content=\"index, follow, max-snippet:-1, max-image-preview:large, max-video-preview:-1\" \/>\n<link rel=\"canonical\" href=\"https:\/\/www.axiomams.eu\/et\/produktas\/testo-405-soojusanemomeeter-0560-4053\" \/>\n<meta property=\"og:locale\" content=\"et_EE\" \/>\n<meta property=\"og:type\" content=\"article\" \/>\n<meta property=\"og:title\" content=\"Testo 405 soojusanemomeeter (0560 4053) - AXIOMA MS\" \/>\n<meta property=\"og:description\" content=\"Testo 405 on termiline anemomeeter. See v\u00f5imaldab t\u00e4pselt m\u00f5\u00f5ta \u00f5huvoolu kiirust, mahuvoolu ja temperatuuri. T\u00e4nu pikendatavale teleskoobile (kuni 300 mm) sobib testo 405 eriti h\u00e4sti voolukiiruse m\u00f5\u00f5tmiseks kanalites. Testo 405 m\u00f5\u00f5dab eriti t\u00e4pselt vahemikus 0 ja 2 m\/s. Madalaid \u00f5huvoolukiirusi, n\u00e4iteks t\u00f5mbuvate akende juures, saab seega t\u00e4pselt lokaliseerida ja v\u00e4ga t\u00e4pselt m\u00f5\u00f5ta. Standardkomplekt: testo 405...\" \/>\n<meta property=\"og:url\" content=\"https:\/\/www.axiomams.eu\/et\/produktas\/testo-405-soojusanemomeeter-0560-4053\" \/>\n<meta property=\"og:site_name\" content=\"AXIOMA MS\" \/>\n<meta property=\"article:publisher\" content=\"https:\/\/www.facebook.com\/AxiomaMS\" \/>\n<meta property=\"article:modified_time\" content=\"2026-02-02T12:28:57+00:00\" \/>\n<meta property=\"og:image\" content=\"https:\/\/www.axiomams.eu\/wp-content\/uploads\/2025\/07\/3504-4723.jpg\" \/>\n\t<meta property=\"og:image:width\" content=\"800\" \/>\n\t<meta property=\"og:image:height\" content=\"800\" \/>\n\t<meta property=\"og:image:type\" content=\"image\/jpeg\" \/>\n<meta name=\"twitter:card\" content=\"summary_large_image\" \/>\n<script type=\"application\/ld+json\" class=\"yoast-schema-graph\">{\"@context\":\"https:\/\/schema.org\",\"@graph\":[{\"@type\":\"WebPage\",\"@id\":\"https:\/\/www.axiomams.eu\/et\/produktas\/testo-405-soojusanemomeeter-0560-4053\",\"url\":\"https:\/\/www.axiomams.eu\/et\/produktas\/testo-405-soojusanemomeeter-0560-4053\",\"name\":\"Testo 405 soojusanemomeeter (0560 4053) - AXIOMA MS\",\"isPartOf\":{\"@id\":\"https:\/\/www.axiomams.eu\/et#website\"},\"primaryImageOfPage\":{\"@id\":\"https:\/\/www.axiomams.eu\/et\/produktas\/testo-405-soojusanemomeeter-0560-4053#primaryimage\"},\"image\":{\"@id\":\"https:\/\/www.axiomams.eu\/et\/produktas\/testo-405-soojusanemomeeter-0560-4053#primaryimage\"},\"thumbnailUrl\":\"https:\/\/www.axiomams.eu\/wp-content\/uploads\/2025\/07\/3504-4723.jpg\",\"datePublished\":\"2025-05-15T15:55:51+00:00\",\"dateModified\":\"2026-02-02T12:28:57+00:00\",\"breadcrumb\":{\"@id\":\"https:\/\/www.axiomams.eu\/et\/produktas\/testo-405-soojusanemomeeter-0560-4053#breadcrumb\"},\"inLanguage\":\"et\",\"potentialAction\":[{\"@type\":\"ReadAction\",\"target\":[\"https:\/\/www.axiomams.eu\/et\/produktas\/testo-405-soojusanemomeeter-0560-4053\"]}]},{\"@type\":\"ImageObject\",\"inLanguage\":\"et\",\"@id\":\"https:\/\/www.axiomams.eu\/et\/produktas\/testo-405-soojusanemomeeter-0560-4053#primaryimage\",\"url\":\"https:\/\/www.axiomams.eu\/wp-content\/uploads\/2025\/07\/3504-4723.jpg\",\"contentUrl\":\"https:\/\/www.axiomams.eu\/wp-content\/uploads\/2025\/07\/3504-4723.jpg\",\"width\":800,\"height\":800},{\"@type\":\"BreadcrumbList\",\"@id\":\"https:\/\/www.axiomams.eu\/et\/produktas\/testo-405-soojusanemomeeter-0560-4053#breadcrumb\",\"itemListElement\":[{\"@type\":\"ListItem\",\"position\":1,\"name\":\"Home\",\"item\":\"https:\/\/www.axiomams.eu\/et\"},{\"@type\":\"ListItem\",\"position\":2,\"name\":\"Tooted\",\"item\":\"https:\/\/www.axiomams.eu\/et\/tooted\"},{\"@type\":\"ListItem\",\"position\":3,\"name\":\"Testo 405 soojusanemomeeter (0560 4053)\"}]},{\"@type\":\"WebSite\",\"@id\":\"https:\/\/www.axiomams.eu\/et#website\",\"url\":\"https:\/\/www.axiomams.eu\/et\",\"name\":\"AXIOMA MS\",\"description\":\"Terrmovizoriai ir matavimo \u012franga\",\"publisher\":{\"@id\":\"https:\/\/www.axiomams.eu\/et#organization\"},\"potentialAction\":[{\"@type\":\"SearchAction\",\"target\":{\"@type\":\"EntryPoint\",\"urlTemplate\":\"https:\/\/www.axiomams.eu\/et?s={search_term_string}\"},\"query-input\":{\"@type\":\"PropertyValueSpecification\",\"valueRequired\":true,\"valueName\":\"search_term_string\"}}],\"inLanguage\":\"et\"},{\"@type\":\"Organization\",\"@id\":\"https:\/\/www.axiomams.eu\/et#organization\",\"name\":\"AXIOMA MS\",\"url\":\"https:\/\/www.axiomams.eu\/et\",\"logo\":{\"@type\":\"ImageObject\",\"inLanguage\":\"et\",\"@id\":\"https:\/\/www.axiomams.eu\/et#\/schema\/logo\/image\/\",\"url\":\"https:\/\/www.axiomams.eu\/wp-content\/uploads\/2025\/06\/axioma-logo-2.png\",\"contentUrl\":\"https:\/\/www.axiomams.eu\/wp-content\/uploads\/2025\/06\/axioma-logo-2.png\",\"width\":1200,\"height\":1200,\"caption\":\"AXIOMA MS\"},\"image\":{\"@id\":\"https:\/\/www.axiomams.eu\/et#\/schema\/logo\/image\/\"},\"sameAs\":[\"https:\/\/www.facebook.com\/AxiomaMS\",\"https:\/\/www.linkedin.com\/company\/axiomams\/\"]}]}<\/script>\n<!-- \/ Yoast SEO plugin. -->","yoast_head_json":{"title":"Testo 405 soojusanemomeeter (0560 4053) - AXIOMA MS","robots":{"index":"index","follow":"follow","max-snippet":"max-snippet:-1","max-image-preview":"max-image-preview:large","max-video-preview":"max-video-preview:-1"},"canonical":"https:\/\/www.axiomams.eu\/et\/produktas\/testo-405-soojusanemomeeter-0560-4053","og_locale":"et_EE","og_type":"article","og_title":"Testo 405 soojusanemomeeter (0560 4053) - AXIOMA MS","og_description":"Testo 405 on termiline anemomeeter. See v\u00f5imaldab t\u00e4pselt m\u00f5\u00f5ta \u00f5huvoolu kiirust, mahuvoolu ja temperatuuri. T\u00e4nu pikendatavale teleskoobile (kuni 300 mm) sobib testo 405 eriti h\u00e4sti voolukiiruse m\u00f5\u00f5tmiseks kanalites. Testo 405 m\u00f5\u00f5dab eriti t\u00e4pselt vahemikus 0 ja 2 m\/s. Madalaid \u00f5huvoolukiirusi, n\u00e4iteks t\u00f5mbuvate akende juures, saab seega t\u00e4pselt lokaliseerida ja v\u00e4ga t\u00e4pselt m\u00f5\u00f5ta. Standardkomplekt: testo 405...","og_url":"https:\/\/www.axiomams.eu\/et\/produktas\/testo-405-soojusanemomeeter-0560-4053","og_site_name":"AXIOMA MS","article_publisher":"https:\/\/www.facebook.com\/AxiomaMS","article_modified_time":"2026-02-02T12:28:57+00:00","og_image":[{"width":800,"height":800,"url":"https:\/\/www.axiomams.eu\/wp-content\/uploads\/2025\/07\/3504-4723.jpg","type":"image\/jpeg"}],"twitter_card":"summary_large_image","schema":{"@context":"https:\/\/schema.org","@graph":[{"@type":"WebPage","@id":"https:\/\/www.axiomams.eu\/et\/produktas\/testo-405-soojusanemomeeter-0560-4053","url":"https:\/\/www.axiomams.eu\/et\/produktas\/testo-405-soojusanemomeeter-0560-4053","name":"Testo 405 soojusanemomeeter (0560 4053) - AXIOMA MS","isPartOf":{"@id":"https:\/\/www.axiomams.eu\/et#website"},"primaryImageOfPage":{"@id":"https:\/\/www.axiomams.eu\/et\/produktas\/testo-405-soojusanemomeeter-0560-4053#primaryimage"},"image":{"@id":"https:\/\/www.axiomams.eu\/et\/produktas\/testo-405-soojusanemomeeter-0560-4053#primaryimage"},"thumbnailUrl":"https:\/\/www.axiomams.eu\/wp-content\/uploads\/2025\/07\/3504-4723.jpg","datePublished":"2025-05-15T15:55:51+00:00","dateModified":"2026-02-02T12:28:57+00:00","breadcrumb":{"@id":"https:\/\/www.axiomams.eu\/et\/produktas\/testo-405-soojusanemomeeter-0560-4053#breadcrumb"},"inLanguage":"et","potentialAction":[{"@type":"ReadAction","target":["https:\/\/www.axiomams.eu\/et\/produktas\/testo-405-soojusanemomeeter-0560-4053"]}]},{"@type":"ImageObject","inLanguage":"et","@id":"https:\/\/www.axiomams.eu\/et\/produktas\/testo-405-soojusanemomeeter-0560-4053#primaryimage","url":"https:\/\/www.axiomams.eu\/wp-content\/uploads\/2025\/07\/3504-4723.jpg","contentUrl":"https:\/\/www.axiomams.eu\/wp-content\/uploads\/2025\/07\/3504-4723.jpg","width":800,"height":800},{"@type":"BreadcrumbList","@id":"https:\/\/www.axiomams.eu\/et\/produktas\/testo-405-soojusanemomeeter-0560-4053#breadcrumb","itemListElement":[{"@type":"ListItem","position":1,"name":"Home","item":"https:\/\/www.axiomams.eu\/et"},{"@type":"ListItem","position":2,"name":"Tooted","item":"https:\/\/www.axiomams.eu\/et\/tooted"},{"@type":"ListItem","position":3,"name":"Testo 405 soojusanemomeeter (0560 4053)"}]},{"@type":"WebSite","@id":"https:\/\/www.axiomams.eu\/et#website","url":"https:\/\/www.axiomams.eu\/et","name":"AXIOMA MS","description":"Terrmovizoriai ir matavimo \u012franga","publisher":{"@id":"https:\/\/www.axiomams.eu\/et#organization"},"potentialAction":[{"@type":"SearchAction","target":{"@type":"EntryPoint","urlTemplate":"https:\/\/www.axiomams.eu\/et?s={search_term_string}"},"query-input":{"@type":"PropertyValueSpecification","valueRequired":true,"valueName":"search_term_string"}}],"inLanguage":"et"},{"@type":"Organization","@id":"https:\/\/www.axiomams.eu\/et#organization","name":"AXIOMA MS","url":"https:\/\/www.axiomams.eu\/et","logo":{"@type":"ImageObject","inLanguage":"et","@id":"https:\/\/www.axiomams.eu\/et#\/schema\/logo\/image\/","url":"https:\/\/www.axiomams.eu\/wp-content\/uploads\/2025\/06\/axioma-logo-2.png","contentUrl":"https:\/\/www.axiomams.eu\/wp-content\/uploads\/2025\/06\/axioma-logo-2.png","width":1200,"height":1200,"caption":"AXIOMA MS"},"image":{"@id":"https:\/\/www.axiomams.eu\/et#\/schema\/logo\/image\/"},"sameAs":["https:\/\/www.facebook.com\/AxiomaMS","https:\/\/www.linkedin.com\/company\/axiomams\/"]}]}},"_links":{"self":[{"href":"https:\/\/www.axiomams.eu\/et\/wp-json\/wp\/v2\/product\/39965","targetHints":{"allow":["GET"]}}],"collection":[{"href":"https:\/\/www.axiomams.eu\/et\/wp-json\/wp\/v2\/product"}],"about":[{"href":"https:\/\/www.axiomams.eu\/et\/wp-json\/wp\/v2\/types\/product"}],"replies":[{"embeddable":true,"href":"https:\/\/www.axiomams.eu\/et\/wp-json\/wp\/v2\/comments?post=39965"}],"wp:featuredmedia":[{"embeddable":true,"href":"https:\/\/www.axiomams.eu\/et\/wp-json\/wp\/v2\/media\/41435"}],"wp:attachment":[{"href":"https:\/\/www.axiomams.eu\/et\/wp-json\/wp\/v2\/media?parent=39965"}],"wp:term":[{"taxonomy":"product_brand","embeddable":true,"href":"https:\/\/www.axiomams.eu\/et\/wp-json\/wp\/v2\/product_brand?post=39965"},{"taxonomy":"product_cat","embeddable":true,"href":"https:\/\/www.axiomams.eu\/et\/wp-json\/wp\/v2\/product_cat?post=39965"},{"taxonomy":"product_tag","embeddable":true,"href":"https:\/\/www.axiomams.eu\/et\/wp-json\/wp\/v2\/product_tag?post=39965"}],"curies":[{"name":"wp","href":"https:\/\/api.w.org\/{rel}","templated":true}]}}