{"id":39967,"date":"2025-07-28T10:23:00","date_gmt":"2025-07-28T08:23:00","guid":{"rendered":"https:\/\/www.axiomams.eu\/produktas\/testo-410-1-tiivik-anemomeeter-0560-4101"},"modified":"2026-02-02T14:28:57","modified_gmt":"2026-02-02T12:28:57","slug":"testo-410-1-tiivik-anemomeeter-0560-4101","status":"publish","type":"product","link":"https:\/\/www.axiomams.eu\/et\/produktas\/testo-410-1-tiivik-anemomeeter-0560-4101","title":{"rendered":"Testo 410-1 tiivik-anemomeeter (0560 4101)"},"content":{"rendered":"<p>Testo 410-1 Vane anemomeeter m\u00f5\u00f5dab \u00f5hu kiirust ja temperatuuri. Ideaalne kiireks m\u00f5\u00f5tmiseks ventilatsiooniv\u00f5rede juures (\u00f5hu v\u00e4ljavooluavad).<\/p>\n<p>Ventilaator &#8220;Testo 410-1&#8221;:<br \/>\n    P\u00fcsivalt paigaldatud 30 mm labaga<br \/>\n    M\u00f5\u00f5dab \u00f5hu kiirust ja \u00f5hutemperatuuri<br \/>\n    M\u00f5\u00f5dab isegi v\u00e4ikeseid voolukiirusi &#8211; m\u00f5\u00f5tevahemik 0,4-20 m\/s<br \/>\n    Arvutab tuulek\u00fclma ja Beaufort&#8217;i tuule tugevuse.<br \/>\n    N\u00e4itab m\u00f5\u00f5t\u00fchikuid m\/s, km\/h, fpm, mph jne.<br \/>\n    Praktiline: keskmiste, maksimaalsete ja minimaalsete v\u00e4\u00e4rtuste ning &#8220;Stop&#8221; funktsioonidega<\/p>\n<p>Standardne komplekt: Testo 410-1 tiivik-anemomeeter \u00f5hukiiruse ja \u00f5hutemperatuuri m\u00f5\u00f5tmiseks, koos kaitsekorki, randmepaelaga, kalibreerimisprotokolli ja patareidega.<br \/>\nTootekood: 0560 4101<\/p>\n<h3>Tehniline teave:<\/h3>\n<ul>\n<li><a href=\"https:\/\/axiomams.eu\/importer\/export\/attachments\/en\/testo-410.pdf\" target=\"_blank\">testo 410.pdf<\/a><\/li>\n<\/ul>\n","protected":false},"excerpt":{"rendered":"<p>Testo 410-1 Vane anemomeeter m\u00f5\u00f5dab \u00f5hu kiirust ja temperatuuri. Ideaalne kiireks m\u00f5\u00f5tmiseks ventilatsiooniv\u00f5rede juures (\u00f5hu v\u00e4ljavooluavad). Ventilaator &#8220;Testo 410-1&#8221;: P\u00fcsivalt paigaldatud 30 mm labaga M\u00f5\u00f5dab \u00f5hu kiirust ja \u00f5hutemperatuuri M\u00f5\u00f5dab isegi v\u00e4ikeseid voolukiirusi &#8211; m\u00f5\u00f5tevahemik 0,4-20 m\/s Arvutab tuulek\u00fclma ja Beaufort&#8217;i tuule tugevuse. N\u00e4itab m\u00f5\u00f5t\u00fchikuid m\/s, km\/h, fpm, mph jne. Praktiline: keskmiste, maksimaalsete ja minimaalsete&#8230;<\/p>\n","protected":false},"featured_media":41439,"comment_status":"open","ping_status":"closed","template":"","meta":{"_acf_changed":false},"product_brand":[735],"product_cat":[17788],"product_tag":[],"class_list":{"0":"post-39967","1":"product","2":"type-product","3":"status-publish","4":"has-post-thumbnail","6":"product_brand-testo","7":"product_cat-valgustatuse-mura-ohuvoolu-mootmiseks","9":"first","10":"instock","11":"taxable","12":"shipping-taxable","13":"purchasable","14":"product-type-simple"},"acf":[],"yoast_head":"<!-- This site is optimized with the Yoast SEO plugin v27.0 - https:\/\/yoast.com\/product\/yoast-seo-wordpress\/ -->\n<title>Testo 410-1 tiivik-anemomeeter (0560 4101) - AXIOMA MS<\/title>\n<meta name=\"robots\" content=\"index, follow, max-snippet:-1, max-image-preview:large, max-video-preview:-1\" \/>\n<link rel=\"canonical\" href=\"https:\/\/www.axiomams.eu\/et\/produktas\/testo-410-1-tiivik-anemomeeter-0560-4101\" \/>\n<meta property=\"og:locale\" content=\"et_EE\" \/>\n<meta property=\"og:type\" content=\"article\" \/>\n<meta property=\"og:title\" content=\"Testo 410-1 tiivik-anemomeeter (0560 4101) - AXIOMA MS\" \/>\n<meta property=\"og:description\" content=\"Testo 410-1 Vane anemomeeter m\u00f5\u00f5dab \u00f5hu kiirust ja temperatuuri. Ideaalne kiireks m\u00f5\u00f5tmiseks ventilatsiooniv\u00f5rede juures (\u00f5hu v\u00e4ljavooluavad). Ventilaator &#8220;Testo 410-1&#8221;: P\u00fcsivalt paigaldatud 30 mm labaga M\u00f5\u00f5dab \u00f5hu kiirust ja \u00f5hutemperatuuri M\u00f5\u00f5dab isegi v\u00e4ikeseid voolukiirusi &#8211; m\u00f5\u00f5tevahemik 0,4-20 m\/s Arvutab tuulek\u00fclma ja Beaufort&#8217;i tuule tugevuse. N\u00e4itab m\u00f5\u00f5t\u00fchikuid m\/s, km\/h, fpm, mph jne. Praktiline: keskmiste, maksimaalsete ja minimaalsete...\" \/>\n<meta property=\"og:url\" content=\"https:\/\/www.axiomams.eu\/et\/produktas\/testo-410-1-tiivik-anemomeeter-0560-4101\" \/>\n<meta property=\"og:site_name\" content=\"AXIOMA MS\" \/>\n<meta property=\"article:publisher\" content=\"https:\/\/www.facebook.com\/AxiomaMS\" \/>\n<meta property=\"article:modified_time\" content=\"2026-02-02T12:28:57+00:00\" \/>\n<meta property=\"og:image\" content=\"https:\/\/www.axiomams.eu\/wp-content\/uploads\/2025\/07\/4649-6129.jpg\" \/>\n\t<meta property=\"og:image:width\" content=\"1000\" \/>\n\t<meta property=\"og:image:height\" content=\"880\" \/>\n\t<meta property=\"og:image:type\" content=\"image\/jpeg\" \/>\n<meta name=\"twitter:card\" content=\"summary_large_image\" \/>\n<script type=\"application\/ld+json\" class=\"yoast-schema-graph\">{\"@context\":\"https:\/\/schema.org\",\"@graph\":[{\"@type\":\"WebPage\",\"@id\":\"https:\/\/www.axiomams.eu\/et\/produktas\/testo-410-1-tiivik-anemomeeter-0560-4101\",\"url\":\"https:\/\/www.axiomams.eu\/et\/produktas\/testo-410-1-tiivik-anemomeeter-0560-4101\",\"name\":\"Testo 410-1 tiivik-anemomeeter (0560 4101) - AXIOMA MS\",\"isPartOf\":{\"@id\":\"https:\/\/www.axiomams.eu\/et#website\"},\"primaryImageOfPage\":{\"@id\":\"https:\/\/www.axiomams.eu\/et\/produktas\/testo-410-1-tiivik-anemomeeter-0560-4101#primaryimage\"},\"image\":{\"@id\":\"https:\/\/www.axiomams.eu\/et\/produktas\/testo-410-1-tiivik-anemomeeter-0560-4101#primaryimage\"},\"thumbnailUrl\":\"https:\/\/www.axiomams.eu\/wp-content\/uploads\/2025\/07\/4649-6129.jpg\",\"datePublished\":\"2025-07-28T08:23:00+00:00\",\"dateModified\":\"2026-02-02T12:28:57+00:00\",\"breadcrumb\":{\"@id\":\"https:\/\/www.axiomams.eu\/et\/produktas\/testo-410-1-tiivik-anemomeeter-0560-4101#breadcrumb\"},\"inLanguage\":\"et\",\"potentialAction\":[{\"@type\":\"ReadAction\",\"target\":[\"https:\/\/www.axiomams.eu\/et\/produktas\/testo-410-1-tiivik-anemomeeter-0560-4101\"]}]},{\"@type\":\"ImageObject\",\"inLanguage\":\"et\",\"@id\":\"https:\/\/www.axiomams.eu\/et\/produktas\/testo-410-1-tiivik-anemomeeter-0560-4101#primaryimage\",\"url\":\"https:\/\/www.axiomams.eu\/wp-content\/uploads\/2025\/07\/4649-6129.jpg\",\"contentUrl\":\"https:\/\/www.axiomams.eu\/wp-content\/uploads\/2025\/07\/4649-6129.jpg\",\"width\":1000,\"height\":880},{\"@type\":\"BreadcrumbList\",\"@id\":\"https:\/\/www.axiomams.eu\/et\/produktas\/testo-410-1-tiivik-anemomeeter-0560-4101#breadcrumb\",\"itemListElement\":[{\"@type\":\"ListItem\",\"position\":1,\"name\":\"Home\",\"item\":\"https:\/\/www.axiomams.eu\/et\"},{\"@type\":\"ListItem\",\"position\":2,\"name\":\"Tooted\",\"item\":\"https:\/\/www.axiomams.eu\/et\/tooted\"},{\"@type\":\"ListItem\",\"position\":3,\"name\":\"Testo 410-1 tiivik-anemomeeter (0560 4101)\"}]},{\"@type\":\"WebSite\",\"@id\":\"https:\/\/www.axiomams.eu\/et#website\",\"url\":\"https:\/\/www.axiomams.eu\/et\",\"name\":\"AXIOMA MS\",\"description\":\"Terrmovizoriai ir matavimo \u012franga\",\"publisher\":{\"@id\":\"https:\/\/www.axiomams.eu\/et#organization\"},\"potentialAction\":[{\"@type\":\"SearchAction\",\"target\":{\"@type\":\"EntryPoint\",\"urlTemplate\":\"https:\/\/www.axiomams.eu\/et?s={search_term_string}\"},\"query-input\":{\"@type\":\"PropertyValueSpecification\",\"valueRequired\":true,\"valueName\":\"search_term_string\"}}],\"inLanguage\":\"et\"},{\"@type\":\"Organization\",\"@id\":\"https:\/\/www.axiomams.eu\/et#organization\",\"name\":\"AXIOMA MS\",\"url\":\"https:\/\/www.axiomams.eu\/et\",\"logo\":{\"@type\":\"ImageObject\",\"inLanguage\":\"et\",\"@id\":\"https:\/\/www.axiomams.eu\/et#\/schema\/logo\/image\/\",\"url\":\"https:\/\/www.axiomams.eu\/wp-content\/uploads\/2025\/06\/axioma-logo-2.png\",\"contentUrl\":\"https:\/\/www.axiomams.eu\/wp-content\/uploads\/2025\/06\/axioma-logo-2.png\",\"width\":1200,\"height\":1200,\"caption\":\"AXIOMA MS\"},\"image\":{\"@id\":\"https:\/\/www.axiomams.eu\/et#\/schema\/logo\/image\/\"},\"sameAs\":[\"https:\/\/www.facebook.com\/AxiomaMS\",\"https:\/\/www.linkedin.com\/company\/axiomams\/\"]}]}<\/script>\n<!-- \/ Yoast SEO plugin. -->","yoast_head_json":{"title":"Testo 410-1 tiivik-anemomeeter (0560 4101) - AXIOMA MS","robots":{"index":"index","follow":"follow","max-snippet":"max-snippet:-1","max-image-preview":"max-image-preview:large","max-video-preview":"max-video-preview:-1"},"canonical":"https:\/\/www.axiomams.eu\/et\/produktas\/testo-410-1-tiivik-anemomeeter-0560-4101","og_locale":"et_EE","og_type":"article","og_title":"Testo 410-1 tiivik-anemomeeter (0560 4101) - AXIOMA MS","og_description":"Testo 410-1 Vane anemomeeter m\u00f5\u00f5dab \u00f5hu kiirust ja temperatuuri. Ideaalne kiireks m\u00f5\u00f5tmiseks ventilatsiooniv\u00f5rede juures (\u00f5hu v\u00e4ljavooluavad). Ventilaator &#8220;Testo 410-1&#8221;: P\u00fcsivalt paigaldatud 30 mm labaga M\u00f5\u00f5dab \u00f5hu kiirust ja \u00f5hutemperatuuri M\u00f5\u00f5dab isegi v\u00e4ikeseid voolukiirusi &#8211; m\u00f5\u00f5tevahemik 0,4-20 m\/s Arvutab tuulek\u00fclma ja Beaufort&#8217;i tuule tugevuse. N\u00e4itab m\u00f5\u00f5t\u00fchikuid m\/s, km\/h, fpm, mph jne. Praktiline: keskmiste, maksimaalsete ja minimaalsete...","og_url":"https:\/\/www.axiomams.eu\/et\/produktas\/testo-410-1-tiivik-anemomeeter-0560-4101","og_site_name":"AXIOMA MS","article_publisher":"https:\/\/www.facebook.com\/AxiomaMS","article_modified_time":"2026-02-02T12:28:57+00:00","og_image":[{"width":1000,"height":880,"url":"https:\/\/www.axiomams.eu\/wp-content\/uploads\/2025\/07\/4649-6129.jpg","type":"image\/jpeg"}],"twitter_card":"summary_large_image","schema":{"@context":"https:\/\/schema.org","@graph":[{"@type":"WebPage","@id":"https:\/\/www.axiomams.eu\/et\/produktas\/testo-410-1-tiivik-anemomeeter-0560-4101","url":"https:\/\/www.axiomams.eu\/et\/produktas\/testo-410-1-tiivik-anemomeeter-0560-4101","name":"Testo 410-1 tiivik-anemomeeter (0560 4101) - AXIOMA MS","isPartOf":{"@id":"https:\/\/www.axiomams.eu\/et#website"},"primaryImageOfPage":{"@id":"https:\/\/www.axiomams.eu\/et\/produktas\/testo-410-1-tiivik-anemomeeter-0560-4101#primaryimage"},"image":{"@id":"https:\/\/www.axiomams.eu\/et\/produktas\/testo-410-1-tiivik-anemomeeter-0560-4101#primaryimage"},"thumbnailUrl":"https:\/\/www.axiomams.eu\/wp-content\/uploads\/2025\/07\/4649-6129.jpg","datePublished":"2025-07-28T08:23:00+00:00","dateModified":"2026-02-02T12:28:57+00:00","breadcrumb":{"@id":"https:\/\/www.axiomams.eu\/et\/produktas\/testo-410-1-tiivik-anemomeeter-0560-4101#breadcrumb"},"inLanguage":"et","potentialAction":[{"@type":"ReadAction","target":["https:\/\/www.axiomams.eu\/et\/produktas\/testo-410-1-tiivik-anemomeeter-0560-4101"]}]},{"@type":"ImageObject","inLanguage":"et","@id":"https:\/\/www.axiomams.eu\/et\/produktas\/testo-410-1-tiivik-anemomeeter-0560-4101#primaryimage","url":"https:\/\/www.axiomams.eu\/wp-content\/uploads\/2025\/07\/4649-6129.jpg","contentUrl":"https:\/\/www.axiomams.eu\/wp-content\/uploads\/2025\/07\/4649-6129.jpg","width":1000,"height":880},{"@type":"BreadcrumbList","@id":"https:\/\/www.axiomams.eu\/et\/produktas\/testo-410-1-tiivik-anemomeeter-0560-4101#breadcrumb","itemListElement":[{"@type":"ListItem","position":1,"name":"Home","item":"https:\/\/www.axiomams.eu\/et"},{"@type":"ListItem","position":2,"name":"Tooted","item":"https:\/\/www.axiomams.eu\/et\/tooted"},{"@type":"ListItem","position":3,"name":"Testo 410-1 tiivik-anemomeeter (0560 4101)"}]},{"@type":"WebSite","@id":"https:\/\/www.axiomams.eu\/et#website","url":"https:\/\/www.axiomams.eu\/et","name":"AXIOMA MS","description":"Terrmovizoriai ir matavimo \u012franga","publisher":{"@id":"https:\/\/www.axiomams.eu\/et#organization"},"potentialAction":[{"@type":"SearchAction","target":{"@type":"EntryPoint","urlTemplate":"https:\/\/www.axiomams.eu\/et?s={search_term_string}"},"query-input":{"@type":"PropertyValueSpecification","valueRequired":true,"valueName":"search_term_string"}}],"inLanguage":"et"},{"@type":"Organization","@id":"https:\/\/www.axiomams.eu\/et#organization","name":"AXIOMA MS","url":"https:\/\/www.axiomams.eu\/et","logo":{"@type":"ImageObject","inLanguage":"et","@id":"https:\/\/www.axiomams.eu\/et#\/schema\/logo\/image\/","url":"https:\/\/www.axiomams.eu\/wp-content\/uploads\/2025\/06\/axioma-logo-2.png","contentUrl":"https:\/\/www.axiomams.eu\/wp-content\/uploads\/2025\/06\/axioma-logo-2.png","width":1200,"height":1200,"caption":"AXIOMA MS"},"image":{"@id":"https:\/\/www.axiomams.eu\/et#\/schema\/logo\/image\/"},"sameAs":["https:\/\/www.facebook.com\/AxiomaMS","https:\/\/www.linkedin.com\/company\/axiomams\/"]}]}},"_links":{"self":[{"href":"https:\/\/www.axiomams.eu\/et\/wp-json\/wp\/v2\/product\/39967","targetHints":{"allow":["GET"]}}],"collection":[{"href":"https:\/\/www.axiomams.eu\/et\/wp-json\/wp\/v2\/product"}],"about":[{"href":"https:\/\/www.axiomams.eu\/et\/wp-json\/wp\/v2\/types\/product"}],"replies":[{"embeddable":true,"href":"https:\/\/www.axiomams.eu\/et\/wp-json\/wp\/v2\/comments?post=39967"}],"wp:featuredmedia":[{"embeddable":true,"href":"https:\/\/www.axiomams.eu\/et\/wp-json\/wp\/v2\/media\/41439"}],"wp:attachment":[{"href":"https:\/\/www.axiomams.eu\/et\/wp-json\/wp\/v2\/media?parent=39967"}],"wp:term":[{"taxonomy":"product_brand","embeddable":true,"href":"https:\/\/www.axiomams.eu\/et\/wp-json\/wp\/v2\/product_brand?post=39967"},{"taxonomy":"product_cat","embeddable":true,"href":"https:\/\/www.axiomams.eu\/et\/wp-json\/wp\/v2\/product_cat?post=39967"},{"taxonomy":"product_tag","embeddable":true,"href":"https:\/\/www.axiomams.eu\/et\/wp-json\/wp\/v2\/product_tag?post=39967"}],"curies":[{"name":"wp","href":"https:\/\/api.w.org\/{rel}","templated":true}]}}