{"id":39970,"date":"2025-07-29T01:00:28","date_gmt":"2025-07-28T23:00:28","guid":{"rendered":"https:\/\/www.axiomams.eu\/produktas\/testo-410i-tiivik-anemomeeter-0560-1410"},"modified":"2026-02-02T14:28:57","modified_gmt":"2026-02-02T12:28:57","slug":"testo-410i-tiivik-anemomeeter-0560-1410","status":"publish","type":"product","link":"https:\/\/www.axiomams.eu\/et\/produktas\/testo-410i-tiivik-anemomeeter-0560-1410","title":{"rendered":"Testo 410i tiivik-anemomeeter (0560 1410)"},"content":{"rendered":"<p>Testo 410i Vane anemomeeter on m\u00f5eldud kiireks ja usaldusv\u00e4\u00e4rseks m\u00f5\u00f5tmiseks \u00f5hu v\u00e4ljavooluavades, et kontrollida \u00f5humahu, kiiruse ja temperatuuri parameetreid. Testo 410i on kompaktse suurusega, kuid suudab teha m\u00f5\u00f5tmisi igas suuruses ruumides.<\/p>\n<p>Ventilaator-anemomeeter &#8220;Testo 410i&#8221;:<br \/>\n    M\u00f5\u00f5dab \u00f5hu kiirust, \u00f5humahtu ja temperatuuri<br \/>\n    N\u00e4itab voolu mahtu erinevates kohtades, mis lihtsustab s\u00fcsteemide reguleerimist<br \/>\n    V\u00e4ljalaske parameetrid (m\u00f5\u00f5tmed, geomeetria) on valitavad<br \/>\n    Kuvab m\u00f5\u00f5tmistulemused nutitelefonis v\u00f5i tahvelarvutis Testo Smart Probes Appi kaudu<\/p>\n<p>Testo Smart Probes App esitab k\u00f5ik m\u00f5\u00f5tmisandmed diagrammide v\u00f5i tabelite kujul. Neile v\u00f5ib lisada foto t\u00f6\u00f6st, objektist v\u00f5i m\u00f5\u00f5detavast punktist. Kogu m\u00f5\u00f5tmisandmeid saab mugavalt saata e-posti, PDF- v\u00f5i Exceli kaudu.<\/p>\n<p>S\u00fcsteemin\u00f5uded: iOS 8.3 ja uuemad, Android 4.3 ja uuemad, Bluetooth 4.0.<\/p>\n<p>Standardkomplekt: Testo 410i tiivik-anemomeeter koos nutitelefoniga, sealhulgas kaitsekork, patareid ja kalibreerimisprotokoll.<br \/>\nTootekood: 0560 1410<\/p>\n<p><iframe loading=\"lazy\" width=\"560\" height=\"315\" src=\"https:\/\/www.youtube.com\/embed\/gV1_znc5nsM?si=zhQwXGEKwrWCAsJO\" title=\"YouTube videopleier\" frameborder=\"0\" allow=\"accelerometer; autoplay; clipboard-write; encrypted-media; gyroscope; picture-in-picture; web-share\" referrerpolicy=\"strict-origin-when-cross-origin\" allowfullscreen><\/iframe><\/p>\n<h3>Tehniline teave:<\/h3>\n<ul>\n<li><a href=\"https:\/\/axiomams.eu\/importer\/export\/attachments\/en\/testo-410i.pdf\" target=\"_blank\">testo 410i.pdf<\/a><\/li>\n<\/ul>\n","protected":false},"excerpt":{"rendered":"<p>Testo 410i Vane anemomeeter on m\u00f5eldud kiireks ja usaldusv\u00e4\u00e4rseks m\u00f5\u00f5tmiseks \u00f5hu v\u00e4ljavooluavades, et kontrollida \u00f5humahu, kiiruse ja temperatuuri parameetreid. Testo 410i on kompaktse suurusega, kuid suudab teha m\u00f5\u00f5tmisi igas suuruses ruumides. Ventilaator-anemomeeter &#8220;Testo 410i&#8221;: M\u00f5\u00f5dab \u00f5hu kiirust, \u00f5humahtu ja temperatuuri N\u00e4itab voolu mahtu erinevates kohtades, mis lihtsustab s\u00fcsteemide reguleerimist V\u00e4ljalaske parameetrid (m\u00f5\u00f5tmed, geomeetria) on valitavad&#8230;<\/p>\n","protected":false},"featured_media":41445,"comment_status":"open","ping_status":"closed","template":"","meta":{"_acf_changed":false},"product_brand":[735],"product_cat":[17788],"product_tag":[],"class_list":{"0":"post-39970","1":"product","2":"type-product","3":"status-publish","4":"has-post-thumbnail","6":"product_brand-testo","7":"product_cat-valgustatuse-mura-ohuvoolu-mootmiseks","9":"first","10":"instock","11":"taxable","12":"shipping-taxable","13":"purchasable","14":"product-type-simple"},"acf":[],"yoast_head":"<!-- This site is optimized with the Yoast SEO plugin v27.0 - https:\/\/yoast.com\/product\/yoast-seo-wordpress\/ -->\n<title>Testo 410i tiivik-anemomeeter (0560 1410) - AXIOMA MS<\/title>\n<meta name=\"robots\" content=\"index, follow, max-snippet:-1, max-image-preview:large, max-video-preview:-1\" \/>\n<link rel=\"canonical\" href=\"https:\/\/www.axiomams.eu\/et\/produktas\/testo-410i-tiivik-anemomeeter-0560-1410\" \/>\n<meta property=\"og:locale\" content=\"et_EE\" \/>\n<meta property=\"og:type\" content=\"article\" \/>\n<meta property=\"og:title\" content=\"Testo 410i tiivik-anemomeeter (0560 1410) - AXIOMA MS\" \/>\n<meta property=\"og:description\" content=\"Testo 410i Vane anemomeeter on m\u00f5eldud kiireks ja usaldusv\u00e4\u00e4rseks m\u00f5\u00f5tmiseks \u00f5hu v\u00e4ljavooluavades, et kontrollida \u00f5humahu, kiiruse ja temperatuuri parameetreid. Testo 410i on kompaktse suurusega, kuid suudab teha m\u00f5\u00f5tmisi igas suuruses ruumides. Ventilaator-anemomeeter &#8220;Testo 410i&#8221;: M\u00f5\u00f5dab \u00f5hu kiirust, \u00f5humahtu ja temperatuuri N\u00e4itab voolu mahtu erinevates kohtades, mis lihtsustab s\u00fcsteemide reguleerimist V\u00e4ljalaske parameetrid (m\u00f5\u00f5tmed, geomeetria) on valitavad...\" \/>\n<meta property=\"og:url\" content=\"https:\/\/www.axiomams.eu\/et\/produktas\/testo-410i-tiivik-anemomeeter-0560-1410\" \/>\n<meta property=\"og:site_name\" content=\"AXIOMA MS\" \/>\n<meta property=\"article:publisher\" content=\"https:\/\/www.facebook.com\/AxiomaMS\" \/>\n<meta property=\"article:modified_time\" content=\"2026-02-02T12:28:57+00:00\" \/>\n<meta property=\"og:image\" content=\"https:\/\/www.axiomams.eu\/wp-content\/uploads\/2025\/07\/4654-6138.jpg\" \/>\n\t<meta property=\"og:image:width\" content=\"1000\" \/>\n\t<meta property=\"og:image:height\" content=\"880\" \/>\n\t<meta property=\"og:image:type\" content=\"image\/jpeg\" \/>\n<meta name=\"twitter:card\" content=\"summary_large_image\" \/>\n<meta name=\"twitter:label1\" content=\"Est. reading time\" \/>\n\t<meta name=\"twitter:data1\" content=\"1 minut\" \/>\n<script type=\"application\/ld+json\" class=\"yoast-schema-graph\">{\"@context\":\"https:\/\/schema.org\",\"@graph\":[{\"@type\":\"WebPage\",\"@id\":\"https:\/\/www.axiomams.eu\/et\/produktas\/testo-410i-tiivik-anemomeeter-0560-1410\",\"url\":\"https:\/\/www.axiomams.eu\/et\/produktas\/testo-410i-tiivik-anemomeeter-0560-1410\",\"name\":\"Testo 410i tiivik-anemomeeter (0560 1410) - AXIOMA MS\",\"isPartOf\":{\"@id\":\"https:\/\/www.axiomams.eu\/et#website\"},\"primaryImageOfPage\":{\"@id\":\"https:\/\/www.axiomams.eu\/et\/produktas\/testo-410i-tiivik-anemomeeter-0560-1410#primaryimage\"},\"image\":{\"@id\":\"https:\/\/www.axiomams.eu\/et\/produktas\/testo-410i-tiivik-anemomeeter-0560-1410#primaryimage\"},\"thumbnailUrl\":\"https:\/\/www.axiomams.eu\/wp-content\/uploads\/2025\/07\/4654-6138.jpg\",\"datePublished\":\"2025-07-28T23:00:28+00:00\",\"dateModified\":\"2026-02-02T12:28:57+00:00\",\"breadcrumb\":{\"@id\":\"https:\/\/www.axiomams.eu\/et\/produktas\/testo-410i-tiivik-anemomeeter-0560-1410#breadcrumb\"},\"inLanguage\":\"et\",\"potentialAction\":[{\"@type\":\"ReadAction\",\"target\":[\"https:\/\/www.axiomams.eu\/et\/produktas\/testo-410i-tiivik-anemomeeter-0560-1410\"]}]},{\"@type\":\"ImageObject\",\"inLanguage\":\"et\",\"@id\":\"https:\/\/www.axiomams.eu\/et\/produktas\/testo-410i-tiivik-anemomeeter-0560-1410#primaryimage\",\"url\":\"https:\/\/www.axiomams.eu\/wp-content\/uploads\/2025\/07\/4654-6138.jpg\",\"contentUrl\":\"https:\/\/www.axiomams.eu\/wp-content\/uploads\/2025\/07\/4654-6138.jpg\",\"width\":1000,\"height\":880},{\"@type\":\"BreadcrumbList\",\"@id\":\"https:\/\/www.axiomams.eu\/et\/produktas\/testo-410i-tiivik-anemomeeter-0560-1410#breadcrumb\",\"itemListElement\":[{\"@type\":\"ListItem\",\"position\":1,\"name\":\"Home\",\"item\":\"https:\/\/www.axiomams.eu\/et\"},{\"@type\":\"ListItem\",\"position\":2,\"name\":\"Tooted\",\"item\":\"https:\/\/www.axiomams.eu\/et\/tooted\"},{\"@type\":\"ListItem\",\"position\":3,\"name\":\"Testo 410i tiivik-anemomeeter (0560 1410)\"}]},{\"@type\":\"WebSite\",\"@id\":\"https:\/\/www.axiomams.eu\/et#website\",\"url\":\"https:\/\/www.axiomams.eu\/et\",\"name\":\"AXIOMA MS\",\"description\":\"Terrmovizoriai ir matavimo \u012franga\",\"publisher\":{\"@id\":\"https:\/\/www.axiomams.eu\/et#organization\"},\"potentialAction\":[{\"@type\":\"SearchAction\",\"target\":{\"@type\":\"EntryPoint\",\"urlTemplate\":\"https:\/\/www.axiomams.eu\/et?s={search_term_string}\"},\"query-input\":{\"@type\":\"PropertyValueSpecification\",\"valueRequired\":true,\"valueName\":\"search_term_string\"}}],\"inLanguage\":\"et\"},{\"@type\":\"Organization\",\"@id\":\"https:\/\/www.axiomams.eu\/et#organization\",\"name\":\"AXIOMA MS\",\"url\":\"https:\/\/www.axiomams.eu\/et\",\"logo\":{\"@type\":\"ImageObject\",\"inLanguage\":\"et\",\"@id\":\"https:\/\/www.axiomams.eu\/et#\/schema\/logo\/image\/\",\"url\":\"https:\/\/www.axiomams.eu\/wp-content\/uploads\/2025\/06\/axioma-logo-2.png\",\"contentUrl\":\"https:\/\/www.axiomams.eu\/wp-content\/uploads\/2025\/06\/axioma-logo-2.png\",\"width\":1200,\"height\":1200,\"caption\":\"AXIOMA MS\"},\"image\":{\"@id\":\"https:\/\/www.axiomams.eu\/et#\/schema\/logo\/image\/\"},\"sameAs\":[\"https:\/\/www.facebook.com\/AxiomaMS\",\"https:\/\/www.linkedin.com\/company\/axiomams\/\"]}]}<\/script>\n<!-- \/ Yoast SEO plugin. -->","yoast_head_json":{"title":"Testo 410i tiivik-anemomeeter (0560 1410) - AXIOMA MS","robots":{"index":"index","follow":"follow","max-snippet":"max-snippet:-1","max-image-preview":"max-image-preview:large","max-video-preview":"max-video-preview:-1"},"canonical":"https:\/\/www.axiomams.eu\/et\/produktas\/testo-410i-tiivik-anemomeeter-0560-1410","og_locale":"et_EE","og_type":"article","og_title":"Testo 410i tiivik-anemomeeter (0560 1410) - AXIOMA MS","og_description":"Testo 410i Vane anemomeeter on m\u00f5eldud kiireks ja usaldusv\u00e4\u00e4rseks m\u00f5\u00f5tmiseks \u00f5hu v\u00e4ljavooluavades, et kontrollida \u00f5humahu, kiiruse ja temperatuuri parameetreid. Testo 410i on kompaktse suurusega, kuid suudab teha m\u00f5\u00f5tmisi igas suuruses ruumides. Ventilaator-anemomeeter &#8220;Testo 410i&#8221;: M\u00f5\u00f5dab \u00f5hu kiirust, \u00f5humahtu ja temperatuuri N\u00e4itab voolu mahtu erinevates kohtades, mis lihtsustab s\u00fcsteemide reguleerimist V\u00e4ljalaske parameetrid (m\u00f5\u00f5tmed, geomeetria) on valitavad...","og_url":"https:\/\/www.axiomams.eu\/et\/produktas\/testo-410i-tiivik-anemomeeter-0560-1410","og_site_name":"AXIOMA MS","article_publisher":"https:\/\/www.facebook.com\/AxiomaMS","article_modified_time":"2026-02-02T12:28:57+00:00","og_image":[{"width":1000,"height":880,"url":"https:\/\/www.axiomams.eu\/wp-content\/uploads\/2025\/07\/4654-6138.jpg","type":"image\/jpeg"}],"twitter_card":"summary_large_image","twitter_misc":{"Est. reading time":"1 minut"},"schema":{"@context":"https:\/\/schema.org","@graph":[{"@type":"WebPage","@id":"https:\/\/www.axiomams.eu\/et\/produktas\/testo-410i-tiivik-anemomeeter-0560-1410","url":"https:\/\/www.axiomams.eu\/et\/produktas\/testo-410i-tiivik-anemomeeter-0560-1410","name":"Testo 410i tiivik-anemomeeter (0560 1410) - AXIOMA MS","isPartOf":{"@id":"https:\/\/www.axiomams.eu\/et#website"},"primaryImageOfPage":{"@id":"https:\/\/www.axiomams.eu\/et\/produktas\/testo-410i-tiivik-anemomeeter-0560-1410#primaryimage"},"image":{"@id":"https:\/\/www.axiomams.eu\/et\/produktas\/testo-410i-tiivik-anemomeeter-0560-1410#primaryimage"},"thumbnailUrl":"https:\/\/www.axiomams.eu\/wp-content\/uploads\/2025\/07\/4654-6138.jpg","datePublished":"2025-07-28T23:00:28+00:00","dateModified":"2026-02-02T12:28:57+00:00","breadcrumb":{"@id":"https:\/\/www.axiomams.eu\/et\/produktas\/testo-410i-tiivik-anemomeeter-0560-1410#breadcrumb"},"inLanguage":"et","potentialAction":[{"@type":"ReadAction","target":["https:\/\/www.axiomams.eu\/et\/produktas\/testo-410i-tiivik-anemomeeter-0560-1410"]}]},{"@type":"ImageObject","inLanguage":"et","@id":"https:\/\/www.axiomams.eu\/et\/produktas\/testo-410i-tiivik-anemomeeter-0560-1410#primaryimage","url":"https:\/\/www.axiomams.eu\/wp-content\/uploads\/2025\/07\/4654-6138.jpg","contentUrl":"https:\/\/www.axiomams.eu\/wp-content\/uploads\/2025\/07\/4654-6138.jpg","width":1000,"height":880},{"@type":"BreadcrumbList","@id":"https:\/\/www.axiomams.eu\/et\/produktas\/testo-410i-tiivik-anemomeeter-0560-1410#breadcrumb","itemListElement":[{"@type":"ListItem","position":1,"name":"Home","item":"https:\/\/www.axiomams.eu\/et"},{"@type":"ListItem","position":2,"name":"Tooted","item":"https:\/\/www.axiomams.eu\/et\/tooted"},{"@type":"ListItem","position":3,"name":"Testo 410i tiivik-anemomeeter (0560 1410)"}]},{"@type":"WebSite","@id":"https:\/\/www.axiomams.eu\/et#website","url":"https:\/\/www.axiomams.eu\/et","name":"AXIOMA MS","description":"Terrmovizoriai ir matavimo \u012franga","publisher":{"@id":"https:\/\/www.axiomams.eu\/et#organization"},"potentialAction":[{"@type":"SearchAction","target":{"@type":"EntryPoint","urlTemplate":"https:\/\/www.axiomams.eu\/et?s={search_term_string}"},"query-input":{"@type":"PropertyValueSpecification","valueRequired":true,"valueName":"search_term_string"}}],"inLanguage":"et"},{"@type":"Organization","@id":"https:\/\/www.axiomams.eu\/et#organization","name":"AXIOMA MS","url":"https:\/\/www.axiomams.eu\/et","logo":{"@type":"ImageObject","inLanguage":"et","@id":"https:\/\/www.axiomams.eu\/et#\/schema\/logo\/image\/","url":"https:\/\/www.axiomams.eu\/wp-content\/uploads\/2025\/06\/axioma-logo-2.png","contentUrl":"https:\/\/www.axiomams.eu\/wp-content\/uploads\/2025\/06\/axioma-logo-2.png","width":1200,"height":1200,"caption":"AXIOMA MS"},"image":{"@id":"https:\/\/www.axiomams.eu\/et#\/schema\/logo\/image\/"},"sameAs":["https:\/\/www.facebook.com\/AxiomaMS","https:\/\/www.linkedin.com\/company\/axiomams\/"]}]}},"_links":{"self":[{"href":"https:\/\/www.axiomams.eu\/et\/wp-json\/wp\/v2\/product\/39970","targetHints":{"allow":["GET"]}}],"collection":[{"href":"https:\/\/www.axiomams.eu\/et\/wp-json\/wp\/v2\/product"}],"about":[{"href":"https:\/\/www.axiomams.eu\/et\/wp-json\/wp\/v2\/types\/product"}],"replies":[{"embeddable":true,"href":"https:\/\/www.axiomams.eu\/et\/wp-json\/wp\/v2\/comments?post=39970"}],"wp:featuredmedia":[{"embeddable":true,"href":"https:\/\/www.axiomams.eu\/et\/wp-json\/wp\/v2\/media\/41445"}],"wp:attachment":[{"href":"https:\/\/www.axiomams.eu\/et\/wp-json\/wp\/v2\/media?parent=39970"}],"wp:term":[{"taxonomy":"product_brand","embeddable":true,"href":"https:\/\/www.axiomams.eu\/et\/wp-json\/wp\/v2\/product_brand?post=39970"},{"taxonomy":"product_cat","embeddable":true,"href":"https:\/\/www.axiomams.eu\/et\/wp-json\/wp\/v2\/product_cat?post=39970"},{"taxonomy":"product_tag","embeddable":true,"href":"https:\/\/www.axiomams.eu\/et\/wp-json\/wp\/v2\/product_tag?post=39970"}],"curies":[{"name":"wp","href":"https:\/\/api.w.org\/{rel}","templated":true}]}}