{"id":39972,"date":"2025-09-10T01:00:39","date_gmt":"2025-09-09T23:00:39","guid":{"rendered":"https:\/\/www.axiomams.eu\/produktas\/testo-417-anemomeeter-0563-0417"},"modified":"2026-02-02T14:28:58","modified_gmt":"2026-02-02T12:28:58","slug":"testo-417-anemomeeter-0563-0417","status":"publish","type":"product","link":"https:\/\/www.axiomams.eu\/et\/produktas\/testo-417-anemomeeter-0563-0417","title":{"rendered":"Testo 417 anemomeeter (0563 0417)"},"content":{"rendered":"<p>Testo 417 kompaktne tiivik-anemomeeter on m\u00f5eldud lihtsustama \u00f5huvoolu m\u00f5\u00f5tmist HVAC-, kliimaseadmete ja ventilatsioonis\u00fcsteemide sisse- ja v\u00e4ljavoolude juures. Integreeritud 100 mm tiivikuga k\u00e4eshoitav seade annab kiireid ja t\u00e4pseid \u00f5huvoolu n\u00e4itusid, mis aitavad HVAC-spetsialistidel, tehnikutel ja paigaldajatel t\u00f5husalt hinnata s\u00fcsteemi j\u00f5udlust.<\/p>\n<p>Testo 417 arvutab automaatselt aja- ja punktkeskmised v\u00e4\u00e4rtused ning mahuvoolu ja kuvab k\u00f5ik olulised andmed selgelt ekraanil. See muudab selle ideaalseks t\u00f6\u00f6riistaks elamute ventilatsioonis\u00fcsteemide kiireks ja t\u00e4pseks optimeerimiseks ja tasakaalustamiseks.<\/p>\n<p>Koos testo Smart App&#8217;iga pakub seade sujuvat dokumenteerimist ja aruandlust. Rakendus toetab seadme lihtsat seadistamist, reaalajas kuvamist, andmete salvestamist ja \u00f5huvoolu m\u00f5\u00f5tmiste automaatset dokumenteerimist. Lisaks muudab see nutitelefoni mugavaks teiseks ekraaniks, mis parandab kasutatavust kohapeal.<\/p>\n<p>Standardkomplekt: testo 417 anemomeeter, transpordikott, kalibreerimisprotokoll, patareid.<\/p>\n<p><iframe loading=\"lazy\" width=\"560\" height=\"315\" src=\"https:\/\/www.youtube.com\/embed\/iZ3_4xtbtmU?si=fe8-Z7OnHLRU9K1B\" title=\"YouTube videom\u00e4ngija\" frameborder=\"0\" allow=\"accelerometer; autoplay; clipboard-write; encrypted-media; gyroscope; picture-in-picture; web-share\" referrerpolicy=\"strict-origin-when-cross-origin\" allowfullscreen><\/iframe><\/p>\n<h3>Tehniline teave:<\/h3>\n<ul>\n<li><a href=\"https:\/\/axiomams.eu\/importer\/export\/attachments\/en\/testo-417.pdf\" target=\"_blank\">testo 417.pdf<\/a><\/li>\n<\/ul>\n","protected":false},"excerpt":{"rendered":"<p>Testo 417 kompaktne tiivik-anemomeeter on m\u00f5eldud lihtsustama \u00f5huvoolu m\u00f5\u00f5tmist HVAC-, kliimaseadmete ja ventilatsioonis\u00fcsteemide sisse- ja v\u00e4ljavoolude juures. Integreeritud 100 mm tiivikuga k\u00e4eshoitav seade annab kiireid ja t\u00e4pseid \u00f5huvoolu n\u00e4itusid, mis aitavad HVAC-spetsialistidel, tehnikutel ja paigaldajatel t\u00f5husalt hinnata s\u00fcsteemi j\u00f5udlust. Testo 417 arvutab automaatselt aja- ja punktkeskmised v\u00e4\u00e4rtused ning mahuvoolu ja kuvab k\u00f5ik olulised andmed selgelt&#8230;<\/p>\n","protected":false},"featured_media":41449,"comment_status":"open","ping_status":"closed","template":"","meta":{"_acf_changed":false},"product_brand":[735],"product_cat":[17788],"product_tag":[],"class_list":{"0":"post-39972","1":"product","2":"type-product","3":"status-publish","4":"has-post-thumbnail","6":"product_brand-testo","7":"product_cat-valgustatuse-mura-ohuvoolu-mootmiseks","9":"first","10":"instock","11":"taxable","12":"shipping-taxable","13":"purchasable","14":"product-type-simple"},"acf":[],"yoast_head":"<!-- This site is optimized with the Yoast SEO plugin v27.0 - https:\/\/yoast.com\/product\/yoast-seo-wordpress\/ -->\n<title>Testo 417 anemomeeter (0563 0417) - AXIOMA MS<\/title>\n<meta name=\"robots\" content=\"index, follow, max-snippet:-1, max-image-preview:large, max-video-preview:-1\" \/>\n<link rel=\"canonical\" href=\"https:\/\/www.axiomams.eu\/et\/produktas\/testo-417-anemomeeter-0563-0417\" \/>\n<meta property=\"og:locale\" content=\"et_EE\" \/>\n<meta property=\"og:type\" content=\"article\" \/>\n<meta property=\"og:title\" content=\"Testo 417 anemomeeter (0563 0417) - AXIOMA MS\" \/>\n<meta property=\"og:description\" content=\"Testo 417 kompaktne tiivik-anemomeeter on m\u00f5eldud lihtsustama \u00f5huvoolu m\u00f5\u00f5tmist HVAC-, kliimaseadmete ja ventilatsioonis\u00fcsteemide sisse- ja v\u00e4ljavoolude juures. Integreeritud 100 mm tiivikuga k\u00e4eshoitav seade annab kiireid ja t\u00e4pseid \u00f5huvoolu n\u00e4itusid, mis aitavad HVAC-spetsialistidel, tehnikutel ja paigaldajatel t\u00f5husalt hinnata s\u00fcsteemi j\u00f5udlust. Testo 417 arvutab automaatselt aja- ja punktkeskmised v\u00e4\u00e4rtused ning mahuvoolu ja kuvab k\u00f5ik olulised andmed selgelt...\" \/>\n<meta property=\"og:url\" content=\"https:\/\/www.axiomams.eu\/et\/produktas\/testo-417-anemomeeter-0563-0417\" \/>\n<meta property=\"og:site_name\" content=\"AXIOMA MS\" \/>\n<meta property=\"article:publisher\" content=\"https:\/\/www.facebook.com\/AxiomaMS\" \/>\n<meta property=\"article:modified_time\" content=\"2026-02-02T12:28:58+00:00\" \/>\n<meta property=\"og:image\" content=\"https:\/\/www.axiomams.eu\/wp-content\/uploads\/2025\/09\/2704-6162.jpg\" \/>\n\t<meta property=\"og:image:width\" content=\"800\" \/>\n\t<meta property=\"og:image:height\" content=\"800\" \/>\n\t<meta property=\"og:image:type\" content=\"image\/jpeg\" \/>\n<meta name=\"twitter:card\" content=\"summary_large_image\" \/>\n<meta name=\"twitter:label1\" content=\"Est. reading time\" \/>\n\t<meta name=\"twitter:data1\" content=\"1 minut\" \/>\n<script type=\"application\/ld+json\" class=\"yoast-schema-graph\">{\"@context\":\"https:\/\/schema.org\",\"@graph\":[{\"@type\":\"WebPage\",\"@id\":\"https:\/\/www.axiomams.eu\/et\/produktas\/testo-417-anemomeeter-0563-0417\",\"url\":\"https:\/\/www.axiomams.eu\/et\/produktas\/testo-417-anemomeeter-0563-0417\",\"name\":\"Testo 417 anemomeeter (0563 0417) - AXIOMA MS\",\"isPartOf\":{\"@id\":\"https:\/\/www.axiomams.eu\/et#website\"},\"primaryImageOfPage\":{\"@id\":\"https:\/\/www.axiomams.eu\/et\/produktas\/testo-417-anemomeeter-0563-0417#primaryimage\"},\"image\":{\"@id\":\"https:\/\/www.axiomams.eu\/et\/produktas\/testo-417-anemomeeter-0563-0417#primaryimage\"},\"thumbnailUrl\":\"https:\/\/www.axiomams.eu\/wp-content\/uploads\/2025\/09\/2704-6162.jpg\",\"datePublished\":\"2025-09-09T23:00:39+00:00\",\"dateModified\":\"2026-02-02T12:28:58+00:00\",\"breadcrumb\":{\"@id\":\"https:\/\/www.axiomams.eu\/et\/produktas\/testo-417-anemomeeter-0563-0417#breadcrumb\"},\"inLanguage\":\"et\",\"potentialAction\":[{\"@type\":\"ReadAction\",\"target\":[\"https:\/\/www.axiomams.eu\/et\/produktas\/testo-417-anemomeeter-0563-0417\"]}]},{\"@type\":\"ImageObject\",\"inLanguage\":\"et\",\"@id\":\"https:\/\/www.axiomams.eu\/et\/produktas\/testo-417-anemomeeter-0563-0417#primaryimage\",\"url\":\"https:\/\/www.axiomams.eu\/wp-content\/uploads\/2025\/09\/2704-6162.jpg\",\"contentUrl\":\"https:\/\/www.axiomams.eu\/wp-content\/uploads\/2025\/09\/2704-6162.jpg\",\"width\":800,\"height\":800},{\"@type\":\"BreadcrumbList\",\"@id\":\"https:\/\/www.axiomams.eu\/et\/produktas\/testo-417-anemomeeter-0563-0417#breadcrumb\",\"itemListElement\":[{\"@type\":\"ListItem\",\"position\":1,\"name\":\"Home\",\"item\":\"https:\/\/www.axiomams.eu\/et\"},{\"@type\":\"ListItem\",\"position\":2,\"name\":\"Tooted\",\"item\":\"https:\/\/www.axiomams.eu\/et\/tooted\"},{\"@type\":\"ListItem\",\"position\":3,\"name\":\"Testo 417 anemomeeter (0563 0417)\"}]},{\"@type\":\"WebSite\",\"@id\":\"https:\/\/www.axiomams.eu\/et#website\",\"url\":\"https:\/\/www.axiomams.eu\/et\",\"name\":\"AXIOMA MS\",\"description\":\"Terrmovizoriai ir matavimo \u012franga\",\"publisher\":{\"@id\":\"https:\/\/www.axiomams.eu\/et#organization\"},\"potentialAction\":[{\"@type\":\"SearchAction\",\"target\":{\"@type\":\"EntryPoint\",\"urlTemplate\":\"https:\/\/www.axiomams.eu\/et?s={search_term_string}\"},\"query-input\":{\"@type\":\"PropertyValueSpecification\",\"valueRequired\":true,\"valueName\":\"search_term_string\"}}],\"inLanguage\":\"et\"},{\"@type\":\"Organization\",\"@id\":\"https:\/\/www.axiomams.eu\/et#organization\",\"name\":\"AXIOMA MS\",\"url\":\"https:\/\/www.axiomams.eu\/et\",\"logo\":{\"@type\":\"ImageObject\",\"inLanguage\":\"et\",\"@id\":\"https:\/\/www.axiomams.eu\/et#\/schema\/logo\/image\/\",\"url\":\"https:\/\/www.axiomams.eu\/wp-content\/uploads\/2025\/06\/axioma-logo-2.png\",\"contentUrl\":\"https:\/\/www.axiomams.eu\/wp-content\/uploads\/2025\/06\/axioma-logo-2.png\",\"width\":1200,\"height\":1200,\"caption\":\"AXIOMA MS\"},\"image\":{\"@id\":\"https:\/\/www.axiomams.eu\/et#\/schema\/logo\/image\/\"},\"sameAs\":[\"https:\/\/www.facebook.com\/AxiomaMS\",\"https:\/\/www.linkedin.com\/company\/axiomams\/\"]}]}<\/script>\n<!-- \/ Yoast SEO plugin. -->","yoast_head_json":{"title":"Testo 417 anemomeeter (0563 0417) - AXIOMA MS","robots":{"index":"index","follow":"follow","max-snippet":"max-snippet:-1","max-image-preview":"max-image-preview:large","max-video-preview":"max-video-preview:-1"},"canonical":"https:\/\/www.axiomams.eu\/et\/produktas\/testo-417-anemomeeter-0563-0417","og_locale":"et_EE","og_type":"article","og_title":"Testo 417 anemomeeter (0563 0417) - AXIOMA MS","og_description":"Testo 417 kompaktne tiivik-anemomeeter on m\u00f5eldud lihtsustama \u00f5huvoolu m\u00f5\u00f5tmist HVAC-, kliimaseadmete ja ventilatsioonis\u00fcsteemide sisse- ja v\u00e4ljavoolude juures. Integreeritud 100 mm tiivikuga k\u00e4eshoitav seade annab kiireid ja t\u00e4pseid \u00f5huvoolu n\u00e4itusid, mis aitavad HVAC-spetsialistidel, tehnikutel ja paigaldajatel t\u00f5husalt hinnata s\u00fcsteemi j\u00f5udlust. Testo 417 arvutab automaatselt aja- ja punktkeskmised v\u00e4\u00e4rtused ning mahuvoolu ja kuvab k\u00f5ik olulised andmed selgelt...","og_url":"https:\/\/www.axiomams.eu\/et\/produktas\/testo-417-anemomeeter-0563-0417","og_site_name":"AXIOMA MS","article_publisher":"https:\/\/www.facebook.com\/AxiomaMS","article_modified_time":"2026-02-02T12:28:58+00:00","og_image":[{"width":800,"height":800,"url":"https:\/\/www.axiomams.eu\/wp-content\/uploads\/2025\/09\/2704-6162.jpg","type":"image\/jpeg"}],"twitter_card":"summary_large_image","twitter_misc":{"Est. reading time":"1 minut"},"schema":{"@context":"https:\/\/schema.org","@graph":[{"@type":"WebPage","@id":"https:\/\/www.axiomams.eu\/et\/produktas\/testo-417-anemomeeter-0563-0417","url":"https:\/\/www.axiomams.eu\/et\/produktas\/testo-417-anemomeeter-0563-0417","name":"Testo 417 anemomeeter (0563 0417) - AXIOMA MS","isPartOf":{"@id":"https:\/\/www.axiomams.eu\/et#website"},"primaryImageOfPage":{"@id":"https:\/\/www.axiomams.eu\/et\/produktas\/testo-417-anemomeeter-0563-0417#primaryimage"},"image":{"@id":"https:\/\/www.axiomams.eu\/et\/produktas\/testo-417-anemomeeter-0563-0417#primaryimage"},"thumbnailUrl":"https:\/\/www.axiomams.eu\/wp-content\/uploads\/2025\/09\/2704-6162.jpg","datePublished":"2025-09-09T23:00:39+00:00","dateModified":"2026-02-02T12:28:58+00:00","breadcrumb":{"@id":"https:\/\/www.axiomams.eu\/et\/produktas\/testo-417-anemomeeter-0563-0417#breadcrumb"},"inLanguage":"et","potentialAction":[{"@type":"ReadAction","target":["https:\/\/www.axiomams.eu\/et\/produktas\/testo-417-anemomeeter-0563-0417"]}]},{"@type":"ImageObject","inLanguage":"et","@id":"https:\/\/www.axiomams.eu\/et\/produktas\/testo-417-anemomeeter-0563-0417#primaryimage","url":"https:\/\/www.axiomams.eu\/wp-content\/uploads\/2025\/09\/2704-6162.jpg","contentUrl":"https:\/\/www.axiomams.eu\/wp-content\/uploads\/2025\/09\/2704-6162.jpg","width":800,"height":800},{"@type":"BreadcrumbList","@id":"https:\/\/www.axiomams.eu\/et\/produktas\/testo-417-anemomeeter-0563-0417#breadcrumb","itemListElement":[{"@type":"ListItem","position":1,"name":"Home","item":"https:\/\/www.axiomams.eu\/et"},{"@type":"ListItem","position":2,"name":"Tooted","item":"https:\/\/www.axiomams.eu\/et\/tooted"},{"@type":"ListItem","position":3,"name":"Testo 417 anemomeeter (0563 0417)"}]},{"@type":"WebSite","@id":"https:\/\/www.axiomams.eu\/et#website","url":"https:\/\/www.axiomams.eu\/et","name":"AXIOMA MS","description":"Terrmovizoriai ir matavimo \u012franga","publisher":{"@id":"https:\/\/www.axiomams.eu\/et#organization"},"potentialAction":[{"@type":"SearchAction","target":{"@type":"EntryPoint","urlTemplate":"https:\/\/www.axiomams.eu\/et?s={search_term_string}"},"query-input":{"@type":"PropertyValueSpecification","valueRequired":true,"valueName":"search_term_string"}}],"inLanguage":"et"},{"@type":"Organization","@id":"https:\/\/www.axiomams.eu\/et#organization","name":"AXIOMA MS","url":"https:\/\/www.axiomams.eu\/et","logo":{"@type":"ImageObject","inLanguage":"et","@id":"https:\/\/www.axiomams.eu\/et#\/schema\/logo\/image\/","url":"https:\/\/www.axiomams.eu\/wp-content\/uploads\/2025\/06\/axioma-logo-2.png","contentUrl":"https:\/\/www.axiomams.eu\/wp-content\/uploads\/2025\/06\/axioma-logo-2.png","width":1200,"height":1200,"caption":"AXIOMA MS"},"image":{"@id":"https:\/\/www.axiomams.eu\/et#\/schema\/logo\/image\/"},"sameAs":["https:\/\/www.facebook.com\/AxiomaMS","https:\/\/www.linkedin.com\/company\/axiomams\/"]}]}},"_links":{"self":[{"href":"https:\/\/www.axiomams.eu\/et\/wp-json\/wp\/v2\/product\/39972","targetHints":{"allow":["GET"]}}],"collection":[{"href":"https:\/\/www.axiomams.eu\/et\/wp-json\/wp\/v2\/product"}],"about":[{"href":"https:\/\/www.axiomams.eu\/et\/wp-json\/wp\/v2\/types\/product"}],"replies":[{"embeddable":true,"href":"https:\/\/www.axiomams.eu\/et\/wp-json\/wp\/v2\/comments?post=39972"}],"wp:featuredmedia":[{"embeddable":true,"href":"https:\/\/www.axiomams.eu\/et\/wp-json\/wp\/v2\/media\/41449"}],"wp:attachment":[{"href":"https:\/\/www.axiomams.eu\/et\/wp-json\/wp\/v2\/media?parent=39972"}],"wp:term":[{"taxonomy":"product_brand","embeddable":true,"href":"https:\/\/www.axiomams.eu\/et\/wp-json\/wp\/v2\/product_brand?post=39972"},{"taxonomy":"product_cat","embeddable":true,"href":"https:\/\/www.axiomams.eu\/et\/wp-json\/wp\/v2\/product_cat?post=39972"},{"taxonomy":"product_tag","embeddable":true,"href":"https:\/\/www.axiomams.eu\/et\/wp-json\/wp\/v2\/product_tag?post=39972"}],"curies":[{"name":"wp","href":"https:\/\/api.w.org\/{rel}","templated":true}]}}