{"id":39973,"date":"2025-09-25T01:00:32","date_gmt":"2025-09-24T23:00:32","guid":{"rendered":"https:\/\/www.axiomams.eu\/produktas\/testo-420-mahuvooluhood-0563-4200"},"modified":"2026-02-02T14:28:58","modified_gmt":"2026-02-02T12:28:58","slug":"testo-420-mahuvooluhood-0563-4200","status":"publish","type":"product","link":"https:\/\/www.axiomams.eu\/et\/produktas\/testo-420-mahuvooluhood-0563-4200","title":{"rendered":"Testo 420 mahuvooluhood (0563 4200)"},"content":{"rendered":"<p><b>Testo 420 mahuvoolukapuut suurele katuse \u00f5huv\u00e4ljundile<\/b><br \/>\nTagage t\u00e4psed ja t\u00f5husad HVAC-m\u00f5\u00f5tmised testo 420 mahuvooluhupuga, mis on m\u00f5eldud suuremate lae\u00f5hu sisse- ja v\u00e4ljavoolude jaoks, pakkudes samas mitmeid hooldusvahendeid.<\/p>\n<p><b>V\u00e4limuslikud omadused ja eelised<\/b><br \/>\n&#8211; Tagab t\u00e4psed mahuvoolu arvutused keerdv\u00e4ljalaskeavade juures, v\u00e4hendades turbulentsest \u00f5hust p\u00f5hjustatud m\u00f5\u00f5tmisvigu<br \/>\n&#8211; Integreeritud mahuvoolu sirgendaja loob \u00fchtlase \u00f5huvoolu, mis toetab m\u00f5\u00f5tmisi vahemikus 80 kuni 3 500 m3\/h<br \/>\n&#8211; Toetab vastavust h\u00fcgieenistandarditele ja sise\u00f5hu kvaliteedin\u00f5uetele haiglates, kontorites ja \u00e4rihoonetes<\/p>\n<p><b>Ergonoomiline disain ja kaasaskantavus<\/b><br \/>\n&#8211; Kerge disain alla 2,9 kg, mis v\u00f5imaldab mugavat t\u00f6\u00f6tamist k\u00f5rgel v\u00f5i suurtes ruumides<br \/>\n&#8211; Ergonoomilised k\u00e4epidemed ja kallutatav ekraan parandavad kasutusmugavust<br \/>\n&#8211; Suur m\u00f5\u00f5tmisnupp tagab andmete h\u00f5lpsa salvestamise<\/p>\n<p><b>Kapoti m\u00f5\u00f5tmed ja tarvikud<\/b><br \/>\n&#8211; Kapuutsi suurus: 610 x 610 mm<br \/>\n&#8211; Valikuliselt on saadaval lisakupud t\u00e4iendavate lae v\u00e4ljavoolude jaoks.<br \/>\n&#8211; K\u00f5rge lae m\u00f5\u00f5tmiseks ulatub statiivivarre kuni 3,3 meetrini<br \/>\n&#8211; Kiire paigaldus pingutusrullide abil; turvaline transport kaasasoleva k\u00e4ru abil<\/p>\n<p><b>Smart Appi integreerimine<\/b><br \/>\n&#8211; \u00dchendamine Bluetoothiga testo Smart App&#8217;ile nutitelefonides v\u00f5i tahvelarvutites<br \/>\n&#8211; Kasutage sekundaarse ekraanina, hallake kliendi- ja m\u00f5\u00f5teandmeid ning juhtige seadet kaugjuhtimise teel<br \/>\n&#8211; Viige l\u00e4bi reaalajas m\u00f5\u00f5tmised HVAC-s\u00fcsteemides koos k\u00e4ivitamis- ja seiskamisfunktsioonidega<br \/>\n&#8211; Luua m\u00f5\u00f5tmisaruandeid kohapeal ja eksportida PDF-, Exceli- v\u00f5i JSON-failidena.<\/p>\n<p><b>T\u00e4iustatud m\u00f5\u00f5tevahend<\/b><br \/>\n&#8211; Lihtsaks lugemiseks eemaldatav ja kallutatav m\u00f5\u00f5teriist<br \/>\n&#8211; M\u00f5\u00f5dab voolukiirust, mahuvoolu, absoluutset r\u00f5hku, temperatuuri ja suhtelist niiskust.<br \/>\n&#8211; Automaatne nullimine parandab t\u00e4psust madalate r\u00f5hkude korral<br \/>\n&#8211; Valgustatud n\u00e4idik selgete n\u00e4itude saamiseks<br \/>\n&#8211; Andmete salvestamine kohapeal ja m\u00f5\u00f5tmisprotokollide haldamine plug &#038; play abil arvutis<\/p>\n<p><b>Kanali m\u00f5\u00f5tmise laiendatud funktsioonid<\/b><br \/>\n&#8211; Eemaldatav seade v\u00f5imaldab m\u00f5\u00f5ta kanalites, kasutades lisavarustusena saadavat Pitot-toru ja voolikuid.<br \/>\n&#8211; Toetab ajastatud ja mitmepunktilisi keskmiste arvutusi koos kanaligeomeetria sisestamisega<br \/>\n&#8211; \u00dchildub testo 400 VAC multifunktsionaalse m\u00f5\u00f5tevahendiga Bluetoothi kaudu, et tagada kliendi ja objekti t\u00e4ielik haldamine.<\/p>\n<p>Testo 420 mahuvooluhoidik \u00fchendab endas t\u00e4psuse, kaasaskantavuse ja nutika funktsionaalsuse, mis muudab selle ideaalseks HVAC-s\u00fcsteemide jaoks suurtes ruumides ja k\u00f5rgetes lagedes, v\u00e4hendades samal ajal vajadust t\u00e4iendavate m\u00f5\u00f5teriistade j\u00e4rele.<\/p>\n<p>Standardkomplekt: testo 420 mahuvooluhood, pingutusvardad, USB-kaabel, patareid, k\u00e4ru, kalibreerimisprotokoll.<\/p>\n<p><iframe loading=\"lazy\" width=\"560\" height=\"315\" src=\"https:\/\/www.youtube.com\/embed\/J4EgJEs2KX0?si=DIZlop1BQRAyUa-3\" title=\"YouTube videopleier\" frameborder=\"0\" allow=\"accelerometer; autoplay; clipboard-write; encrypted-media; gyroscope; picture-in-picture; web-share\" referrerpolicy=\"strict-origin-when-cross-origin\" allowfullscreen><\/iframe><\/p>\n<h3>Tehniline teave:<\/h3>\n<ul>\n<li><a href=\"https:\/\/axiomams.eu\/importer\/export\/attachments\/en\/testo-420.pdf\" target=\"_blank\">testo 420.pdf<\/a><\/li>\n<\/ul>\n","protected":false},"excerpt":{"rendered":"<p>Testo 420 mahuvoolukapuut suurele katuse \u00f5huv\u00e4ljundile Tagage t\u00e4psed ja t\u00f5husad HVAC-m\u00f5\u00f5tmised testo 420 mahuvooluhupuga, mis on m\u00f5eldud suuremate lae\u00f5hu sisse- ja v\u00e4ljavoolude jaoks, pakkudes samas mitmeid hooldusvahendeid. V\u00e4limuslikud omadused ja eelised &#8211; Tagab t\u00e4psed mahuvoolu arvutused keerdv\u00e4ljalaskeavade juures, v\u00e4hendades turbulentsest \u00f5hust p\u00f5hjustatud m\u00f5\u00f5tmisvigu &#8211; Integreeritud mahuvoolu sirgendaja loob \u00fchtlase \u00f5huvoolu, mis toetab m\u00f5\u00f5tmisi vahemikus 80&#8230;<\/p>\n","protected":false},"featured_media":41451,"comment_status":"open","ping_status":"closed","template":"","meta":{"_acf_changed":false},"product_brand":[735],"product_cat":[17792],"product_tag":[],"class_list":{"0":"post-39973","1":"product","2":"type-product","3":"status-publish","4":"has-post-thumbnail","6":"product_brand-testo","7":"product_cat-universaalsed-mooteriistad","9":"first","10":"instock","11":"taxable","12":"shipping-taxable","13":"purchasable","14":"product-type-simple"},"acf":[],"yoast_head":"<!-- This site is optimized with the Yoast SEO plugin v27.0 - https:\/\/yoast.com\/product\/yoast-seo-wordpress\/ -->\n<title>Testo 420 mahuvooluhood (0563 4200) - AXIOMA MS<\/title>\n<meta name=\"robots\" content=\"index, follow, max-snippet:-1, max-image-preview:large, max-video-preview:-1\" \/>\n<link rel=\"canonical\" href=\"https:\/\/www.axiomams.eu\/et\/produktas\/testo-420-mahuvooluhood-0563-4200\" \/>\n<meta property=\"og:locale\" content=\"et_EE\" \/>\n<meta property=\"og:type\" content=\"article\" \/>\n<meta property=\"og:title\" content=\"Testo 420 mahuvooluhood (0563 4200) - AXIOMA MS\" \/>\n<meta property=\"og:description\" content=\"Testo 420 mahuvoolukapuut suurele katuse \u00f5huv\u00e4ljundile Tagage t\u00e4psed ja t\u00f5husad HVAC-m\u00f5\u00f5tmised testo 420 mahuvooluhupuga, mis on m\u00f5eldud suuremate lae\u00f5hu sisse- ja v\u00e4ljavoolude jaoks, pakkudes samas mitmeid hooldusvahendeid. V\u00e4limuslikud omadused ja eelised &#8211; Tagab t\u00e4psed mahuvoolu arvutused keerdv\u00e4ljalaskeavade juures, v\u00e4hendades turbulentsest \u00f5hust p\u00f5hjustatud m\u00f5\u00f5tmisvigu &#8211; Integreeritud mahuvoolu sirgendaja loob \u00fchtlase \u00f5huvoolu, mis toetab m\u00f5\u00f5tmisi vahemikus 80...\" \/>\n<meta property=\"og:url\" content=\"https:\/\/www.axiomams.eu\/et\/produktas\/testo-420-mahuvooluhood-0563-4200\" \/>\n<meta property=\"og:site_name\" content=\"AXIOMA MS\" \/>\n<meta property=\"article:publisher\" content=\"https:\/\/www.facebook.com\/AxiomaMS\" \/>\n<meta property=\"article:modified_time\" content=\"2026-02-02T12:28:58+00:00\" \/>\n<meta property=\"og:image\" content=\"https:\/\/www.axiomams.eu\/wp-content\/uploads\/2025\/09\/4676-6183.jpg\" \/>\n\t<meta property=\"og:image:width\" content=\"800\" \/>\n\t<meta property=\"og:image:height\" content=\"800\" \/>\n\t<meta property=\"og:image:type\" content=\"image\/jpeg\" \/>\n<meta name=\"twitter:card\" content=\"summary_large_image\" \/>\n<meta name=\"twitter:label1\" content=\"Est. reading time\" \/>\n\t<meta name=\"twitter:data1\" content=\"2 minut\" \/>\n<script type=\"application\/ld+json\" class=\"yoast-schema-graph\">{\"@context\":\"https:\/\/schema.org\",\"@graph\":[{\"@type\":\"WebPage\",\"@id\":\"https:\/\/www.axiomams.eu\/et\/produktas\/testo-420-mahuvooluhood-0563-4200\",\"url\":\"https:\/\/www.axiomams.eu\/et\/produktas\/testo-420-mahuvooluhood-0563-4200\",\"name\":\"Testo 420 mahuvooluhood (0563 4200) - AXIOMA MS\",\"isPartOf\":{\"@id\":\"https:\/\/www.axiomams.eu\/et#website\"},\"primaryImageOfPage\":{\"@id\":\"https:\/\/www.axiomams.eu\/et\/produktas\/testo-420-mahuvooluhood-0563-4200#primaryimage\"},\"image\":{\"@id\":\"https:\/\/www.axiomams.eu\/et\/produktas\/testo-420-mahuvooluhood-0563-4200#primaryimage\"},\"thumbnailUrl\":\"https:\/\/www.axiomams.eu\/wp-content\/uploads\/2025\/09\/4676-6183.jpg\",\"datePublished\":\"2025-09-24T23:00:32+00:00\",\"dateModified\":\"2026-02-02T12:28:58+00:00\",\"breadcrumb\":{\"@id\":\"https:\/\/www.axiomams.eu\/et\/produktas\/testo-420-mahuvooluhood-0563-4200#breadcrumb\"},\"inLanguage\":\"et\",\"potentialAction\":[{\"@type\":\"ReadAction\",\"target\":[\"https:\/\/www.axiomams.eu\/et\/produktas\/testo-420-mahuvooluhood-0563-4200\"]}]},{\"@type\":\"ImageObject\",\"inLanguage\":\"et\",\"@id\":\"https:\/\/www.axiomams.eu\/et\/produktas\/testo-420-mahuvooluhood-0563-4200#primaryimage\",\"url\":\"https:\/\/www.axiomams.eu\/wp-content\/uploads\/2025\/09\/4676-6183.jpg\",\"contentUrl\":\"https:\/\/www.axiomams.eu\/wp-content\/uploads\/2025\/09\/4676-6183.jpg\",\"width\":800,\"height\":800},{\"@type\":\"BreadcrumbList\",\"@id\":\"https:\/\/www.axiomams.eu\/et\/produktas\/testo-420-mahuvooluhood-0563-4200#breadcrumb\",\"itemListElement\":[{\"@type\":\"ListItem\",\"position\":1,\"name\":\"Home\",\"item\":\"https:\/\/www.axiomams.eu\/et\"},{\"@type\":\"ListItem\",\"position\":2,\"name\":\"Tooted\",\"item\":\"https:\/\/www.axiomams.eu\/et\/tooted\"},{\"@type\":\"ListItem\",\"position\":3,\"name\":\"Testo 420 mahuvooluhood (0563 4200)\"}]},{\"@type\":\"WebSite\",\"@id\":\"https:\/\/www.axiomams.eu\/et#website\",\"url\":\"https:\/\/www.axiomams.eu\/et\",\"name\":\"AXIOMA MS\",\"description\":\"Terrmovizoriai ir matavimo \u012franga\",\"publisher\":{\"@id\":\"https:\/\/www.axiomams.eu\/et#organization\"},\"potentialAction\":[{\"@type\":\"SearchAction\",\"target\":{\"@type\":\"EntryPoint\",\"urlTemplate\":\"https:\/\/www.axiomams.eu\/et?s={search_term_string}\"},\"query-input\":{\"@type\":\"PropertyValueSpecification\",\"valueRequired\":true,\"valueName\":\"search_term_string\"}}],\"inLanguage\":\"et\"},{\"@type\":\"Organization\",\"@id\":\"https:\/\/www.axiomams.eu\/et#organization\",\"name\":\"AXIOMA MS\",\"url\":\"https:\/\/www.axiomams.eu\/et\",\"logo\":{\"@type\":\"ImageObject\",\"inLanguage\":\"et\",\"@id\":\"https:\/\/www.axiomams.eu\/et#\/schema\/logo\/image\/\",\"url\":\"https:\/\/www.axiomams.eu\/wp-content\/uploads\/2025\/06\/axioma-logo-2.png\",\"contentUrl\":\"https:\/\/www.axiomams.eu\/wp-content\/uploads\/2025\/06\/axioma-logo-2.png\",\"width\":1200,\"height\":1200,\"caption\":\"AXIOMA MS\"},\"image\":{\"@id\":\"https:\/\/www.axiomams.eu\/et#\/schema\/logo\/image\/\"},\"sameAs\":[\"https:\/\/www.facebook.com\/AxiomaMS\",\"https:\/\/www.linkedin.com\/company\/axiomams\/\"]}]}<\/script>\n<!-- \/ Yoast SEO plugin. -->","yoast_head_json":{"title":"Testo 420 mahuvooluhood (0563 4200) - AXIOMA MS","robots":{"index":"index","follow":"follow","max-snippet":"max-snippet:-1","max-image-preview":"max-image-preview:large","max-video-preview":"max-video-preview:-1"},"canonical":"https:\/\/www.axiomams.eu\/et\/produktas\/testo-420-mahuvooluhood-0563-4200","og_locale":"et_EE","og_type":"article","og_title":"Testo 420 mahuvooluhood (0563 4200) - AXIOMA MS","og_description":"Testo 420 mahuvoolukapuut suurele katuse \u00f5huv\u00e4ljundile Tagage t\u00e4psed ja t\u00f5husad HVAC-m\u00f5\u00f5tmised testo 420 mahuvooluhupuga, mis on m\u00f5eldud suuremate lae\u00f5hu sisse- ja v\u00e4ljavoolude jaoks, pakkudes samas mitmeid hooldusvahendeid. V\u00e4limuslikud omadused ja eelised &#8211; Tagab t\u00e4psed mahuvoolu arvutused keerdv\u00e4ljalaskeavade juures, v\u00e4hendades turbulentsest \u00f5hust p\u00f5hjustatud m\u00f5\u00f5tmisvigu &#8211; Integreeritud mahuvoolu sirgendaja loob \u00fchtlase \u00f5huvoolu, mis toetab m\u00f5\u00f5tmisi vahemikus 80...","og_url":"https:\/\/www.axiomams.eu\/et\/produktas\/testo-420-mahuvooluhood-0563-4200","og_site_name":"AXIOMA MS","article_publisher":"https:\/\/www.facebook.com\/AxiomaMS","article_modified_time":"2026-02-02T12:28:58+00:00","og_image":[{"width":800,"height":800,"url":"https:\/\/www.axiomams.eu\/wp-content\/uploads\/2025\/09\/4676-6183.jpg","type":"image\/jpeg"}],"twitter_card":"summary_large_image","twitter_misc":{"Est. reading time":"2 minut"},"schema":{"@context":"https:\/\/schema.org","@graph":[{"@type":"WebPage","@id":"https:\/\/www.axiomams.eu\/et\/produktas\/testo-420-mahuvooluhood-0563-4200","url":"https:\/\/www.axiomams.eu\/et\/produktas\/testo-420-mahuvooluhood-0563-4200","name":"Testo 420 mahuvooluhood (0563 4200) - AXIOMA MS","isPartOf":{"@id":"https:\/\/www.axiomams.eu\/et#website"},"primaryImageOfPage":{"@id":"https:\/\/www.axiomams.eu\/et\/produktas\/testo-420-mahuvooluhood-0563-4200#primaryimage"},"image":{"@id":"https:\/\/www.axiomams.eu\/et\/produktas\/testo-420-mahuvooluhood-0563-4200#primaryimage"},"thumbnailUrl":"https:\/\/www.axiomams.eu\/wp-content\/uploads\/2025\/09\/4676-6183.jpg","datePublished":"2025-09-24T23:00:32+00:00","dateModified":"2026-02-02T12:28:58+00:00","breadcrumb":{"@id":"https:\/\/www.axiomams.eu\/et\/produktas\/testo-420-mahuvooluhood-0563-4200#breadcrumb"},"inLanguage":"et","potentialAction":[{"@type":"ReadAction","target":["https:\/\/www.axiomams.eu\/et\/produktas\/testo-420-mahuvooluhood-0563-4200"]}]},{"@type":"ImageObject","inLanguage":"et","@id":"https:\/\/www.axiomams.eu\/et\/produktas\/testo-420-mahuvooluhood-0563-4200#primaryimage","url":"https:\/\/www.axiomams.eu\/wp-content\/uploads\/2025\/09\/4676-6183.jpg","contentUrl":"https:\/\/www.axiomams.eu\/wp-content\/uploads\/2025\/09\/4676-6183.jpg","width":800,"height":800},{"@type":"BreadcrumbList","@id":"https:\/\/www.axiomams.eu\/et\/produktas\/testo-420-mahuvooluhood-0563-4200#breadcrumb","itemListElement":[{"@type":"ListItem","position":1,"name":"Home","item":"https:\/\/www.axiomams.eu\/et"},{"@type":"ListItem","position":2,"name":"Tooted","item":"https:\/\/www.axiomams.eu\/et\/tooted"},{"@type":"ListItem","position":3,"name":"Testo 420 mahuvooluhood (0563 4200)"}]},{"@type":"WebSite","@id":"https:\/\/www.axiomams.eu\/et#website","url":"https:\/\/www.axiomams.eu\/et","name":"AXIOMA MS","description":"Terrmovizoriai ir matavimo \u012franga","publisher":{"@id":"https:\/\/www.axiomams.eu\/et#organization"},"potentialAction":[{"@type":"SearchAction","target":{"@type":"EntryPoint","urlTemplate":"https:\/\/www.axiomams.eu\/et?s={search_term_string}"},"query-input":{"@type":"PropertyValueSpecification","valueRequired":true,"valueName":"search_term_string"}}],"inLanguage":"et"},{"@type":"Organization","@id":"https:\/\/www.axiomams.eu\/et#organization","name":"AXIOMA MS","url":"https:\/\/www.axiomams.eu\/et","logo":{"@type":"ImageObject","inLanguage":"et","@id":"https:\/\/www.axiomams.eu\/et#\/schema\/logo\/image\/","url":"https:\/\/www.axiomams.eu\/wp-content\/uploads\/2025\/06\/axioma-logo-2.png","contentUrl":"https:\/\/www.axiomams.eu\/wp-content\/uploads\/2025\/06\/axioma-logo-2.png","width":1200,"height":1200,"caption":"AXIOMA MS"},"image":{"@id":"https:\/\/www.axiomams.eu\/et#\/schema\/logo\/image\/"},"sameAs":["https:\/\/www.facebook.com\/AxiomaMS","https:\/\/www.linkedin.com\/company\/axiomams\/"]}]}},"_links":{"self":[{"href":"https:\/\/www.axiomams.eu\/et\/wp-json\/wp\/v2\/product\/39973","targetHints":{"allow":["GET"]}}],"collection":[{"href":"https:\/\/www.axiomams.eu\/et\/wp-json\/wp\/v2\/product"}],"about":[{"href":"https:\/\/www.axiomams.eu\/et\/wp-json\/wp\/v2\/types\/product"}],"replies":[{"embeddable":true,"href":"https:\/\/www.axiomams.eu\/et\/wp-json\/wp\/v2\/comments?post=39973"}],"wp:featuredmedia":[{"embeddable":true,"href":"https:\/\/www.axiomams.eu\/et\/wp-json\/wp\/v2\/media\/41451"}],"wp:attachment":[{"href":"https:\/\/www.axiomams.eu\/et\/wp-json\/wp\/v2\/media?parent=39973"}],"wp:term":[{"taxonomy":"product_brand","embeddable":true,"href":"https:\/\/www.axiomams.eu\/et\/wp-json\/wp\/v2\/product_brand?post=39973"},{"taxonomy":"product_cat","embeddable":true,"href":"https:\/\/www.axiomams.eu\/et\/wp-json\/wp\/v2\/product_cat?post=39973"},{"taxonomy":"product_tag","embeddable":true,"href":"https:\/\/www.axiomams.eu\/et\/wp-json\/wp\/v2\/product_tag?post=39973"}],"curies":[{"name":"wp","href":"https:\/\/api.w.org\/{rel}","templated":true}]}}