{"id":39974,"date":"2025-09-24T01:00:33","date_gmt":"2025-09-23T23:00:33","guid":{"rendered":"https:\/\/www.axiomams.eu\/produktas\/testo-425-anemomeeter-0563-0425"},"modified":"2026-02-02T14:29:00","modified_gmt":"2026-02-02T12:29:00","slug":"testo-425-anemomeeter-0563-0425","status":"publish","type":"product","link":"https:\/\/www.axiomams.eu\/et\/produktas\/testo-425-anemomeeter-0563-0425","title":{"rendered":"Testo 425 anemomeeter (0563 0425)"},"content":{"rendered":"<p>testo 425 on kompaktne teleskoopanduriga kuuma traadi anemomeeter, mis on spetsiaalselt m\u00f5eldud \u00f5hukiiruse, temperatuuri ja mahuvoolu t\u00e4pseks ja t\u00f5husaks m\u00f5\u00f5tmiseks ventilatsioonikanalites. Selle tugev konstruktsioon ja sujuv \u00fchendus testo Smart App&#8217;iga teevad sellest olulise t\u00f6\u00f6riista HVAC-spetsialistidele.<\/p>\n<p><b>V\u00e4limuslikud omadused<\/b><br \/>\n&#8211; \u00d5hu kiiruse, temperatuuri ja mahuvoolu t\u00e4pne m\u00f5\u00f5tmine<br \/>\n&#8211; Ajastatud ja punktkeskmiste v\u00e4\u00e4rtuste automaatne arvutamine<br \/>\n&#8211; Kaabliga \u00fchendatud teleskoopandur, mis on pikendatav kuni 820 mm ulatuses<br \/>\n&#8211; Paindlik \u00f5huliini m\u00f5\u00f5tmiseks ja suure l\u00e4bim\u00f5\u00f5duga kanalite jaoks<br \/>\n&#8211; Intuitiivne konfigureerimine ja m\u00f5\u00f5tmiste salvestamine testo Smart Appi abil<br \/>\n&#8211; Graafikute ajalugu, teise ekraani v\u00f5imalus ja andmem\u00e4lu rakenduses<\/p>\n<p><b>Testo 425 kasutamise eelised<\/b><br \/>\n&#8211; Kompaktne ja vastupidav konstruktsioon igap\u00e4evaseks professionaalseks kasutamiseks<br \/>\n&#8211; Kiired, lihtsad ja v\u00e4ga t\u00e4psed m\u00f5\u00f5tmistulemused<br \/>\n&#8211; Laiendatud sondi pikkus keeruliste kanalitingimuste jaoks<br \/>\n&#8211; Nutika rakenduse integreerimine vaevata konfigureerimiseks, kuvamiseks ja dokumenteerimiseks<\/p>\n<p>Testo 425 \u00fchendab endas t\u00e4ppistehnika ja digitaalse mugavuse, mis teeb sellest v\u00f5imsa t\u00f6\u00f6riista t\u00f5husate ja usaldusv\u00e4\u00e4rsete HVAC-s\u00fcsteemide hooldamiseks.<\/p>\n<p>Standardkomplekt: testo 425 anemomeeter, transpordikott, kalibreerimisprotokoll, patareid.<br \/>\nKood: 0563 0425<\/p>\n<h3>Tehniline teave:<\/h3>\n<ul>\n<li><a href=\"https:\/\/axiomams.eu\/importer\/export\/attachments\/en\/testo-425.pdf\" target=\"_blank\">testo 425.pdf<\/a><\/li>\n<\/ul>\n","protected":false},"excerpt":{"rendered":"<p>testo 425 on kompaktne teleskoopanduriga kuuma traadi anemomeeter, mis on spetsiaalselt m\u00f5eldud \u00f5hukiiruse, temperatuuri ja mahuvoolu t\u00e4pseks ja t\u00f5husaks m\u00f5\u00f5tmiseks ventilatsioonikanalites. Selle tugev konstruktsioon ja sujuv \u00fchendus testo Smart App&#8217;iga teevad sellest olulise t\u00f6\u00f6riista HVAC-spetsialistidele. V\u00e4limuslikud omadused &#8211; \u00d5hu kiiruse, temperatuuri ja mahuvoolu t\u00e4pne m\u00f5\u00f5tmine &#8211; Ajastatud ja punktkeskmiste v\u00e4\u00e4rtuste automaatne arvutamine &#8211; Kaabliga \u00fchendatud&#8230;<\/p>\n","protected":false},"featured_media":41453,"comment_status":"open","ping_status":"closed","template":"","meta":{"_acf_changed":false},"product_brand":[735],"product_cat":[17788],"product_tag":[],"class_list":{"0":"post-39974","1":"product","2":"type-product","3":"status-publish","4":"has-post-thumbnail","6":"product_brand-testo","7":"product_cat-valgustatuse-mura-ohuvoolu-mootmiseks","9":"first","10":"instock","11":"taxable","12":"shipping-taxable","13":"purchasable","14":"product-type-simple"},"acf":[],"yoast_head":"<!-- This site is optimized with the Yoast SEO plugin v27.0 - https:\/\/yoast.com\/product\/yoast-seo-wordpress\/ -->\n<title>Testo 425 anemomeeter (0563 0425) - AXIOMA MS<\/title>\n<meta name=\"robots\" content=\"index, follow, max-snippet:-1, max-image-preview:large, max-video-preview:-1\" \/>\n<link rel=\"canonical\" href=\"https:\/\/www.axiomams.eu\/et\/produktas\/testo-425-anemomeeter-0563-0425\" \/>\n<meta property=\"og:locale\" content=\"et_EE\" \/>\n<meta property=\"og:type\" content=\"article\" \/>\n<meta property=\"og:title\" content=\"Testo 425 anemomeeter (0563 0425) - AXIOMA MS\" \/>\n<meta property=\"og:description\" content=\"testo 425 on kompaktne teleskoopanduriga kuuma traadi anemomeeter, mis on spetsiaalselt m\u00f5eldud \u00f5hukiiruse, temperatuuri ja mahuvoolu t\u00e4pseks ja t\u00f5husaks m\u00f5\u00f5tmiseks ventilatsioonikanalites. Selle tugev konstruktsioon ja sujuv \u00fchendus testo Smart App&#8217;iga teevad sellest olulise t\u00f6\u00f6riista HVAC-spetsialistidele. V\u00e4limuslikud omadused &#8211; \u00d5hu kiiruse, temperatuuri ja mahuvoolu t\u00e4pne m\u00f5\u00f5tmine &#8211; Ajastatud ja punktkeskmiste v\u00e4\u00e4rtuste automaatne arvutamine &#8211; Kaabliga \u00fchendatud...\" \/>\n<meta property=\"og:url\" content=\"https:\/\/www.axiomams.eu\/et\/produktas\/testo-425-anemomeeter-0563-0425\" \/>\n<meta property=\"og:site_name\" content=\"AXIOMA MS\" \/>\n<meta property=\"article:publisher\" content=\"https:\/\/www.facebook.com\/AxiomaMS\" \/>\n<meta property=\"article:modified_time\" content=\"2026-02-02T12:29:00+00:00\" \/>\n<meta property=\"og:image\" content=\"https:\/\/www.axiomams.eu\/wp-content\/uploads\/2025\/09\/4673-6180.jpg\" \/>\n\t<meta property=\"og:image:width\" content=\"800\" \/>\n\t<meta property=\"og:image:height\" content=\"800\" \/>\n\t<meta property=\"og:image:type\" content=\"image\/jpeg\" \/>\n<meta name=\"twitter:card\" content=\"summary_large_image\" \/>\n<meta name=\"twitter:label1\" content=\"Est. reading time\" \/>\n\t<meta name=\"twitter:data1\" content=\"1 minut\" \/>\n<script type=\"application\/ld+json\" class=\"yoast-schema-graph\">{\"@context\":\"https:\/\/schema.org\",\"@graph\":[{\"@type\":\"WebPage\",\"@id\":\"https:\/\/www.axiomams.eu\/et\/produktas\/testo-425-anemomeeter-0563-0425\",\"url\":\"https:\/\/www.axiomams.eu\/et\/produktas\/testo-425-anemomeeter-0563-0425\",\"name\":\"Testo 425 anemomeeter (0563 0425) - AXIOMA MS\",\"isPartOf\":{\"@id\":\"https:\/\/www.axiomams.eu\/et#website\"},\"primaryImageOfPage\":{\"@id\":\"https:\/\/www.axiomams.eu\/et\/produktas\/testo-425-anemomeeter-0563-0425#primaryimage\"},\"image\":{\"@id\":\"https:\/\/www.axiomams.eu\/et\/produktas\/testo-425-anemomeeter-0563-0425#primaryimage\"},\"thumbnailUrl\":\"https:\/\/www.axiomams.eu\/wp-content\/uploads\/2025\/09\/4673-6180.jpg\",\"datePublished\":\"2025-09-23T23:00:33+00:00\",\"dateModified\":\"2026-02-02T12:29:00+00:00\",\"breadcrumb\":{\"@id\":\"https:\/\/www.axiomams.eu\/et\/produktas\/testo-425-anemomeeter-0563-0425#breadcrumb\"},\"inLanguage\":\"et\",\"potentialAction\":[{\"@type\":\"ReadAction\",\"target\":[\"https:\/\/www.axiomams.eu\/et\/produktas\/testo-425-anemomeeter-0563-0425\"]}]},{\"@type\":\"ImageObject\",\"inLanguage\":\"et\",\"@id\":\"https:\/\/www.axiomams.eu\/et\/produktas\/testo-425-anemomeeter-0563-0425#primaryimage\",\"url\":\"https:\/\/www.axiomams.eu\/wp-content\/uploads\/2025\/09\/4673-6180.jpg\",\"contentUrl\":\"https:\/\/www.axiomams.eu\/wp-content\/uploads\/2025\/09\/4673-6180.jpg\",\"width\":800,\"height\":800},{\"@type\":\"BreadcrumbList\",\"@id\":\"https:\/\/www.axiomams.eu\/et\/produktas\/testo-425-anemomeeter-0563-0425#breadcrumb\",\"itemListElement\":[{\"@type\":\"ListItem\",\"position\":1,\"name\":\"Home\",\"item\":\"https:\/\/www.axiomams.eu\/et\"},{\"@type\":\"ListItem\",\"position\":2,\"name\":\"Tooted\",\"item\":\"https:\/\/www.axiomams.eu\/et\/tooted\"},{\"@type\":\"ListItem\",\"position\":3,\"name\":\"Testo 425 anemomeeter (0563 0425)\"}]},{\"@type\":\"WebSite\",\"@id\":\"https:\/\/www.axiomams.eu\/et#website\",\"url\":\"https:\/\/www.axiomams.eu\/et\",\"name\":\"AXIOMA MS\",\"description\":\"Terrmovizoriai ir matavimo \u012franga\",\"publisher\":{\"@id\":\"https:\/\/www.axiomams.eu\/et#organization\"},\"potentialAction\":[{\"@type\":\"SearchAction\",\"target\":{\"@type\":\"EntryPoint\",\"urlTemplate\":\"https:\/\/www.axiomams.eu\/et?s={search_term_string}\"},\"query-input\":{\"@type\":\"PropertyValueSpecification\",\"valueRequired\":true,\"valueName\":\"search_term_string\"}}],\"inLanguage\":\"et\"},{\"@type\":\"Organization\",\"@id\":\"https:\/\/www.axiomams.eu\/et#organization\",\"name\":\"AXIOMA MS\",\"url\":\"https:\/\/www.axiomams.eu\/et\",\"logo\":{\"@type\":\"ImageObject\",\"inLanguage\":\"et\",\"@id\":\"https:\/\/www.axiomams.eu\/et#\/schema\/logo\/image\/\",\"url\":\"https:\/\/www.axiomams.eu\/wp-content\/uploads\/2025\/06\/axioma-logo-2.png\",\"contentUrl\":\"https:\/\/www.axiomams.eu\/wp-content\/uploads\/2025\/06\/axioma-logo-2.png\",\"width\":1200,\"height\":1200,\"caption\":\"AXIOMA MS\"},\"image\":{\"@id\":\"https:\/\/www.axiomams.eu\/et#\/schema\/logo\/image\/\"},\"sameAs\":[\"https:\/\/www.facebook.com\/AxiomaMS\",\"https:\/\/www.linkedin.com\/company\/axiomams\/\"]}]}<\/script>\n<!-- \/ Yoast SEO plugin. -->","yoast_head_json":{"title":"Testo 425 anemomeeter (0563 0425) - AXIOMA MS","robots":{"index":"index","follow":"follow","max-snippet":"max-snippet:-1","max-image-preview":"max-image-preview:large","max-video-preview":"max-video-preview:-1"},"canonical":"https:\/\/www.axiomams.eu\/et\/produktas\/testo-425-anemomeeter-0563-0425","og_locale":"et_EE","og_type":"article","og_title":"Testo 425 anemomeeter (0563 0425) - AXIOMA MS","og_description":"testo 425 on kompaktne teleskoopanduriga kuuma traadi anemomeeter, mis on spetsiaalselt m\u00f5eldud \u00f5hukiiruse, temperatuuri ja mahuvoolu t\u00e4pseks ja t\u00f5husaks m\u00f5\u00f5tmiseks ventilatsioonikanalites. Selle tugev konstruktsioon ja sujuv \u00fchendus testo Smart App&#8217;iga teevad sellest olulise t\u00f6\u00f6riista HVAC-spetsialistidele. V\u00e4limuslikud omadused &#8211; \u00d5hu kiiruse, temperatuuri ja mahuvoolu t\u00e4pne m\u00f5\u00f5tmine &#8211; Ajastatud ja punktkeskmiste v\u00e4\u00e4rtuste automaatne arvutamine &#8211; Kaabliga \u00fchendatud...","og_url":"https:\/\/www.axiomams.eu\/et\/produktas\/testo-425-anemomeeter-0563-0425","og_site_name":"AXIOMA MS","article_publisher":"https:\/\/www.facebook.com\/AxiomaMS","article_modified_time":"2026-02-02T12:29:00+00:00","og_image":[{"width":800,"height":800,"url":"https:\/\/www.axiomams.eu\/wp-content\/uploads\/2025\/09\/4673-6180.jpg","type":"image\/jpeg"}],"twitter_card":"summary_large_image","twitter_misc":{"Est. reading time":"1 minut"},"schema":{"@context":"https:\/\/schema.org","@graph":[{"@type":"WebPage","@id":"https:\/\/www.axiomams.eu\/et\/produktas\/testo-425-anemomeeter-0563-0425","url":"https:\/\/www.axiomams.eu\/et\/produktas\/testo-425-anemomeeter-0563-0425","name":"Testo 425 anemomeeter (0563 0425) - AXIOMA MS","isPartOf":{"@id":"https:\/\/www.axiomams.eu\/et#website"},"primaryImageOfPage":{"@id":"https:\/\/www.axiomams.eu\/et\/produktas\/testo-425-anemomeeter-0563-0425#primaryimage"},"image":{"@id":"https:\/\/www.axiomams.eu\/et\/produktas\/testo-425-anemomeeter-0563-0425#primaryimage"},"thumbnailUrl":"https:\/\/www.axiomams.eu\/wp-content\/uploads\/2025\/09\/4673-6180.jpg","datePublished":"2025-09-23T23:00:33+00:00","dateModified":"2026-02-02T12:29:00+00:00","breadcrumb":{"@id":"https:\/\/www.axiomams.eu\/et\/produktas\/testo-425-anemomeeter-0563-0425#breadcrumb"},"inLanguage":"et","potentialAction":[{"@type":"ReadAction","target":["https:\/\/www.axiomams.eu\/et\/produktas\/testo-425-anemomeeter-0563-0425"]}]},{"@type":"ImageObject","inLanguage":"et","@id":"https:\/\/www.axiomams.eu\/et\/produktas\/testo-425-anemomeeter-0563-0425#primaryimage","url":"https:\/\/www.axiomams.eu\/wp-content\/uploads\/2025\/09\/4673-6180.jpg","contentUrl":"https:\/\/www.axiomams.eu\/wp-content\/uploads\/2025\/09\/4673-6180.jpg","width":800,"height":800},{"@type":"BreadcrumbList","@id":"https:\/\/www.axiomams.eu\/et\/produktas\/testo-425-anemomeeter-0563-0425#breadcrumb","itemListElement":[{"@type":"ListItem","position":1,"name":"Home","item":"https:\/\/www.axiomams.eu\/et"},{"@type":"ListItem","position":2,"name":"Tooted","item":"https:\/\/www.axiomams.eu\/et\/tooted"},{"@type":"ListItem","position":3,"name":"Testo 425 anemomeeter (0563 0425)"}]},{"@type":"WebSite","@id":"https:\/\/www.axiomams.eu\/et#website","url":"https:\/\/www.axiomams.eu\/et","name":"AXIOMA MS","description":"Terrmovizoriai ir matavimo \u012franga","publisher":{"@id":"https:\/\/www.axiomams.eu\/et#organization"},"potentialAction":[{"@type":"SearchAction","target":{"@type":"EntryPoint","urlTemplate":"https:\/\/www.axiomams.eu\/et?s={search_term_string}"},"query-input":{"@type":"PropertyValueSpecification","valueRequired":true,"valueName":"search_term_string"}}],"inLanguage":"et"},{"@type":"Organization","@id":"https:\/\/www.axiomams.eu\/et#organization","name":"AXIOMA MS","url":"https:\/\/www.axiomams.eu\/et","logo":{"@type":"ImageObject","inLanguage":"et","@id":"https:\/\/www.axiomams.eu\/et#\/schema\/logo\/image\/","url":"https:\/\/www.axiomams.eu\/wp-content\/uploads\/2025\/06\/axioma-logo-2.png","contentUrl":"https:\/\/www.axiomams.eu\/wp-content\/uploads\/2025\/06\/axioma-logo-2.png","width":1200,"height":1200,"caption":"AXIOMA MS"},"image":{"@id":"https:\/\/www.axiomams.eu\/et#\/schema\/logo\/image\/"},"sameAs":["https:\/\/www.facebook.com\/AxiomaMS","https:\/\/www.linkedin.com\/company\/axiomams\/"]}]}},"_links":{"self":[{"href":"https:\/\/www.axiomams.eu\/et\/wp-json\/wp\/v2\/product\/39974","targetHints":{"allow":["GET"]}}],"collection":[{"href":"https:\/\/www.axiomams.eu\/et\/wp-json\/wp\/v2\/product"}],"about":[{"href":"https:\/\/www.axiomams.eu\/et\/wp-json\/wp\/v2\/types\/product"}],"replies":[{"embeddable":true,"href":"https:\/\/www.axiomams.eu\/et\/wp-json\/wp\/v2\/comments?post=39974"}],"wp:featuredmedia":[{"embeddable":true,"href":"https:\/\/www.axiomams.eu\/et\/wp-json\/wp\/v2\/media\/41453"}],"wp:attachment":[{"href":"https:\/\/www.axiomams.eu\/et\/wp-json\/wp\/v2\/media?parent=39974"}],"wp:term":[{"taxonomy":"product_brand","embeddable":true,"href":"https:\/\/www.axiomams.eu\/et\/wp-json\/wp\/v2\/product_brand?post=39974"},{"taxonomy":"product_cat","embeddable":true,"href":"https:\/\/www.axiomams.eu\/et\/wp-json\/wp\/v2\/product_cat?post=39974"},{"taxonomy":"product_tag","embeddable":true,"href":"https:\/\/www.axiomams.eu\/et\/wp-json\/wp\/v2\/product_tag?post=39974"}],"curies":[{"name":"wp","href":"https:\/\/api.w.org\/{rel}","templated":true}]}}