{"id":39976,"date":"2025-05-15T17:55:52","date_gmt":"2025-05-15T15:55:52","guid":{"rendered":"https:\/\/www.axiomams.eu\/produktas\/testo-440-ohukiiruse-ja-ohukvaliteedi-mootmise-seade-0560-4401"},"modified":"2026-02-02T14:29:01","modified_gmt":"2026-02-02T12:29:01","slug":"testo-440-ohukiiruse-ja-ohukvaliteedi-mootmise-seade-0560-4401","status":"publish","type":"product","link":"https:\/\/www.axiomams.eu\/et\/produktas\/testo-440-ohukiiruse-ja-ohukvaliteedi-mootmise-seade-0560-4401","title":{"rendered":"Testo 440 \u00f5hukiiruse ja \u00f5hukvaliteedi m\u00f5\u00f5tmise seade (0560 4401)"},"content":{"rendered":"<p>Testo 440 \u00fchendab endas kompaktse pihuarvuti eelised intuitiivsete m\u00f5\u00f5tmismen\u00fc\u00fcdega ja laia valikut \u00f5hukiiruse ja \u00f5hukvaliteedi andureid. See t\u00e4hendab, et teil on k\u00f5ik kliimaseadmete ja ventilatsioonis\u00fcsteemide m\u00f5\u00f5tmis\u00fclesanded usaldusv\u00e4\u00e4rselt kontrolli all.<\/p>\n<p>Saate testo 440 \u00f5hukiiruse ja IAQ m\u00f5\u00f5teseadme \u00fchendada kas suure valiku digitaalsondi, Testo Smart Probes v\u00f5i arvukate Testo temperatuurianduritega.<\/p>\n<p>Selgelt struktureeritud men\u00fc\u00fcd v\u00f5imaldavad teil vastavat m\u00f5\u00f5tmis\u00fclesannet kiiremini, t\u00f5husamalt ja usaldusv\u00e4\u00e4rsemalt t\u00e4ita. Aruandeid saab eksportida Exceli failidena USB-liidese kaudu v\u00f5i kohapeal v\u00e4lja printida.<\/p>\n<h3>Tehniline teave:<\/h3>\n<ul>\n<li><a href=\"https:\/\/axiomams.eu\/importer\/export\/attachments\/en\/testo-440-dp.pdf\" target=\"_blank\">TESTO 440 dP.pdf<\/a><\/li>\n<\/ul>\n","protected":false},"excerpt":{"rendered":"<p>Testo 440 \u00fchendab endas kompaktse pihuarvuti eelised intuitiivsete m\u00f5\u00f5tmismen\u00fc\u00fcdega ja laia valikut \u00f5hukiiruse ja \u00f5hukvaliteedi andureid. See t\u00e4hendab, et teil on k\u00f5ik kliimaseadmete ja ventilatsioonis\u00fcsteemide m\u00f5\u00f5tmis\u00fclesanded usaldusv\u00e4\u00e4rselt kontrolli all. Saate testo 440 \u00f5hukiiruse ja IAQ m\u00f5\u00f5teseadme \u00fchendada kas suure valiku digitaalsondi, Testo Smart Probes v\u00f5i arvukate Testo temperatuurianduritega. Selgelt struktureeritud men\u00fc\u00fcd v\u00f5imaldavad teil vastavat m\u00f5\u00f5tmis\u00fclesannet&#8230;<\/p>\n","protected":false},"featured_media":41459,"comment_status":"open","ping_status":"closed","template":"","meta":{"_acf_changed":false},"product_brand":[735],"product_cat":[17792],"product_tag":[],"class_list":{"0":"post-39976","1":"product","2":"type-product","3":"status-publish","4":"has-post-thumbnail","6":"product_brand-testo","7":"product_cat-universaalsed-mooteriistad","9":"first","10":"instock","11":"taxable","12":"shipping-taxable","13":"purchasable","14":"product-type-simple"},"acf":[],"yoast_head":"<!-- This site is optimized with the Yoast SEO plugin v27.0 - https:\/\/yoast.com\/product\/yoast-seo-wordpress\/ -->\n<title>Testo 440 \u00f5hukiiruse ja \u00f5hukvaliteedi m\u00f5\u00f5tmise seade (0560 4401) - AXIOMA MS<\/title>\n<meta name=\"robots\" content=\"index, follow, max-snippet:-1, max-image-preview:large, max-video-preview:-1\" \/>\n<link rel=\"canonical\" href=\"https:\/\/www.axiomams.eu\/et\/produktas\/testo-440-ohukiiruse-ja-ohukvaliteedi-mootmise-seade-0560-4401\" \/>\n<meta property=\"og:locale\" content=\"et_EE\" \/>\n<meta property=\"og:type\" content=\"article\" \/>\n<meta property=\"og:title\" content=\"Testo 440 \u00f5hukiiruse ja \u00f5hukvaliteedi m\u00f5\u00f5tmise seade (0560 4401) - AXIOMA MS\" \/>\n<meta property=\"og:description\" content=\"Testo 440 \u00fchendab endas kompaktse pihuarvuti eelised intuitiivsete m\u00f5\u00f5tmismen\u00fc\u00fcdega ja laia valikut \u00f5hukiiruse ja \u00f5hukvaliteedi andureid. See t\u00e4hendab, et teil on k\u00f5ik kliimaseadmete ja ventilatsioonis\u00fcsteemide m\u00f5\u00f5tmis\u00fclesanded usaldusv\u00e4\u00e4rselt kontrolli all. Saate testo 440 \u00f5hukiiruse ja IAQ m\u00f5\u00f5teseadme \u00fchendada kas suure valiku digitaalsondi, Testo Smart Probes v\u00f5i arvukate Testo temperatuurianduritega. Selgelt struktureeritud men\u00fc\u00fcd v\u00f5imaldavad teil vastavat m\u00f5\u00f5tmis\u00fclesannet...\" \/>\n<meta property=\"og:url\" content=\"https:\/\/www.axiomams.eu\/et\/produktas\/testo-440-ohukiiruse-ja-ohukvaliteedi-mootmise-seade-0560-4401\" \/>\n<meta property=\"og:site_name\" content=\"AXIOMA MS\" \/>\n<meta property=\"article:publisher\" content=\"https:\/\/www.facebook.com\/AxiomaMS\" \/>\n<meta property=\"article:modified_time\" content=\"2026-02-02T12:29:01+00:00\" \/>\n<meta property=\"og:image\" content=\"https:\/\/www.axiomams.eu\/wp-content\/uploads\/2025\/07\/3501-4720.jpg\" \/>\n\t<meta property=\"og:image:width\" content=\"416\" \/>\n\t<meta property=\"og:image:height\" content=\"416\" \/>\n\t<meta property=\"og:image:type\" content=\"image\/jpeg\" \/>\n<meta name=\"twitter:card\" content=\"summary_large_image\" \/>\n<script type=\"application\/ld+json\" class=\"yoast-schema-graph\">{\"@context\":\"https:\/\/schema.org\",\"@graph\":[{\"@type\":\"WebPage\",\"@id\":\"https:\/\/www.axiomams.eu\/et\/produktas\/testo-440-ohukiiruse-ja-ohukvaliteedi-mootmise-seade-0560-4401\",\"url\":\"https:\/\/www.axiomams.eu\/et\/produktas\/testo-440-ohukiiruse-ja-ohukvaliteedi-mootmise-seade-0560-4401\",\"name\":\"Testo 440 \u00f5hukiiruse ja \u00f5hukvaliteedi m\u00f5\u00f5tmise seade (0560 4401) - AXIOMA MS\",\"isPartOf\":{\"@id\":\"https:\/\/www.axiomams.eu\/et#website\"},\"primaryImageOfPage\":{\"@id\":\"https:\/\/www.axiomams.eu\/et\/produktas\/testo-440-ohukiiruse-ja-ohukvaliteedi-mootmise-seade-0560-4401#primaryimage\"},\"image\":{\"@id\":\"https:\/\/www.axiomams.eu\/et\/produktas\/testo-440-ohukiiruse-ja-ohukvaliteedi-mootmise-seade-0560-4401#primaryimage\"},\"thumbnailUrl\":\"https:\/\/www.axiomams.eu\/wp-content\/uploads\/2025\/07\/3501-4720.jpg\",\"datePublished\":\"2025-05-15T15:55:52+00:00\",\"dateModified\":\"2026-02-02T12:29:01+00:00\",\"breadcrumb\":{\"@id\":\"https:\/\/www.axiomams.eu\/et\/produktas\/testo-440-ohukiiruse-ja-ohukvaliteedi-mootmise-seade-0560-4401#breadcrumb\"},\"inLanguage\":\"et\",\"potentialAction\":[{\"@type\":\"ReadAction\",\"target\":[\"https:\/\/www.axiomams.eu\/et\/produktas\/testo-440-ohukiiruse-ja-ohukvaliteedi-mootmise-seade-0560-4401\"]}]},{\"@type\":\"ImageObject\",\"inLanguage\":\"et\",\"@id\":\"https:\/\/www.axiomams.eu\/et\/produktas\/testo-440-ohukiiruse-ja-ohukvaliteedi-mootmise-seade-0560-4401#primaryimage\",\"url\":\"https:\/\/www.axiomams.eu\/wp-content\/uploads\/2025\/07\/3501-4720.jpg\",\"contentUrl\":\"https:\/\/www.axiomams.eu\/wp-content\/uploads\/2025\/07\/3501-4720.jpg\",\"width\":416,\"height\":416},{\"@type\":\"BreadcrumbList\",\"@id\":\"https:\/\/www.axiomams.eu\/et\/produktas\/testo-440-ohukiiruse-ja-ohukvaliteedi-mootmise-seade-0560-4401#breadcrumb\",\"itemListElement\":[{\"@type\":\"ListItem\",\"position\":1,\"name\":\"Home\",\"item\":\"https:\/\/www.axiomams.eu\/et\"},{\"@type\":\"ListItem\",\"position\":2,\"name\":\"Tooted\",\"item\":\"https:\/\/www.axiomams.eu\/et\/tooted\"},{\"@type\":\"ListItem\",\"position\":3,\"name\":\"Testo 440 \u00f5hukiiruse ja \u00f5hukvaliteedi m\u00f5\u00f5tmise seade (0560 4401)\"}]},{\"@type\":\"WebSite\",\"@id\":\"https:\/\/www.axiomams.eu\/et#website\",\"url\":\"https:\/\/www.axiomams.eu\/et\",\"name\":\"AXIOMA MS\",\"description\":\"Terrmovizoriai ir matavimo \u012franga\",\"publisher\":{\"@id\":\"https:\/\/www.axiomams.eu\/et#organization\"},\"potentialAction\":[{\"@type\":\"SearchAction\",\"target\":{\"@type\":\"EntryPoint\",\"urlTemplate\":\"https:\/\/www.axiomams.eu\/et?s={search_term_string}\"},\"query-input\":{\"@type\":\"PropertyValueSpecification\",\"valueRequired\":true,\"valueName\":\"search_term_string\"}}],\"inLanguage\":\"et\"},{\"@type\":\"Organization\",\"@id\":\"https:\/\/www.axiomams.eu\/et#organization\",\"name\":\"AXIOMA MS\",\"url\":\"https:\/\/www.axiomams.eu\/et\",\"logo\":{\"@type\":\"ImageObject\",\"inLanguage\":\"et\",\"@id\":\"https:\/\/www.axiomams.eu\/et#\/schema\/logo\/image\/\",\"url\":\"https:\/\/www.axiomams.eu\/wp-content\/uploads\/2025\/06\/axioma-logo-2.png\",\"contentUrl\":\"https:\/\/www.axiomams.eu\/wp-content\/uploads\/2025\/06\/axioma-logo-2.png\",\"width\":1200,\"height\":1200,\"caption\":\"AXIOMA MS\"},\"image\":{\"@id\":\"https:\/\/www.axiomams.eu\/et#\/schema\/logo\/image\/\"},\"sameAs\":[\"https:\/\/www.facebook.com\/AxiomaMS\",\"https:\/\/www.linkedin.com\/company\/axiomams\/\"]}]}<\/script>\n<!-- \/ Yoast SEO plugin. -->","yoast_head_json":{"title":"Testo 440 \u00f5hukiiruse ja \u00f5hukvaliteedi m\u00f5\u00f5tmise seade (0560 4401) - AXIOMA MS","robots":{"index":"index","follow":"follow","max-snippet":"max-snippet:-1","max-image-preview":"max-image-preview:large","max-video-preview":"max-video-preview:-1"},"canonical":"https:\/\/www.axiomams.eu\/et\/produktas\/testo-440-ohukiiruse-ja-ohukvaliteedi-mootmise-seade-0560-4401","og_locale":"et_EE","og_type":"article","og_title":"Testo 440 \u00f5hukiiruse ja \u00f5hukvaliteedi m\u00f5\u00f5tmise seade (0560 4401) - AXIOMA MS","og_description":"Testo 440 \u00fchendab endas kompaktse pihuarvuti eelised intuitiivsete m\u00f5\u00f5tmismen\u00fc\u00fcdega ja laia valikut \u00f5hukiiruse ja \u00f5hukvaliteedi andureid. See t\u00e4hendab, et teil on k\u00f5ik kliimaseadmete ja ventilatsioonis\u00fcsteemide m\u00f5\u00f5tmis\u00fclesanded usaldusv\u00e4\u00e4rselt kontrolli all. Saate testo 440 \u00f5hukiiruse ja IAQ m\u00f5\u00f5teseadme \u00fchendada kas suure valiku digitaalsondi, Testo Smart Probes v\u00f5i arvukate Testo temperatuurianduritega. Selgelt struktureeritud men\u00fc\u00fcd v\u00f5imaldavad teil vastavat m\u00f5\u00f5tmis\u00fclesannet...","og_url":"https:\/\/www.axiomams.eu\/et\/produktas\/testo-440-ohukiiruse-ja-ohukvaliteedi-mootmise-seade-0560-4401","og_site_name":"AXIOMA MS","article_publisher":"https:\/\/www.facebook.com\/AxiomaMS","article_modified_time":"2026-02-02T12:29:01+00:00","og_image":[{"width":416,"height":416,"url":"https:\/\/www.axiomams.eu\/wp-content\/uploads\/2025\/07\/3501-4720.jpg","type":"image\/jpeg"}],"twitter_card":"summary_large_image","schema":{"@context":"https:\/\/schema.org","@graph":[{"@type":"WebPage","@id":"https:\/\/www.axiomams.eu\/et\/produktas\/testo-440-ohukiiruse-ja-ohukvaliteedi-mootmise-seade-0560-4401","url":"https:\/\/www.axiomams.eu\/et\/produktas\/testo-440-ohukiiruse-ja-ohukvaliteedi-mootmise-seade-0560-4401","name":"Testo 440 \u00f5hukiiruse ja \u00f5hukvaliteedi m\u00f5\u00f5tmise seade (0560 4401) - AXIOMA MS","isPartOf":{"@id":"https:\/\/www.axiomams.eu\/et#website"},"primaryImageOfPage":{"@id":"https:\/\/www.axiomams.eu\/et\/produktas\/testo-440-ohukiiruse-ja-ohukvaliteedi-mootmise-seade-0560-4401#primaryimage"},"image":{"@id":"https:\/\/www.axiomams.eu\/et\/produktas\/testo-440-ohukiiruse-ja-ohukvaliteedi-mootmise-seade-0560-4401#primaryimage"},"thumbnailUrl":"https:\/\/www.axiomams.eu\/wp-content\/uploads\/2025\/07\/3501-4720.jpg","datePublished":"2025-05-15T15:55:52+00:00","dateModified":"2026-02-02T12:29:01+00:00","breadcrumb":{"@id":"https:\/\/www.axiomams.eu\/et\/produktas\/testo-440-ohukiiruse-ja-ohukvaliteedi-mootmise-seade-0560-4401#breadcrumb"},"inLanguage":"et","potentialAction":[{"@type":"ReadAction","target":["https:\/\/www.axiomams.eu\/et\/produktas\/testo-440-ohukiiruse-ja-ohukvaliteedi-mootmise-seade-0560-4401"]}]},{"@type":"ImageObject","inLanguage":"et","@id":"https:\/\/www.axiomams.eu\/et\/produktas\/testo-440-ohukiiruse-ja-ohukvaliteedi-mootmise-seade-0560-4401#primaryimage","url":"https:\/\/www.axiomams.eu\/wp-content\/uploads\/2025\/07\/3501-4720.jpg","contentUrl":"https:\/\/www.axiomams.eu\/wp-content\/uploads\/2025\/07\/3501-4720.jpg","width":416,"height":416},{"@type":"BreadcrumbList","@id":"https:\/\/www.axiomams.eu\/et\/produktas\/testo-440-ohukiiruse-ja-ohukvaliteedi-mootmise-seade-0560-4401#breadcrumb","itemListElement":[{"@type":"ListItem","position":1,"name":"Home","item":"https:\/\/www.axiomams.eu\/et"},{"@type":"ListItem","position":2,"name":"Tooted","item":"https:\/\/www.axiomams.eu\/et\/tooted"},{"@type":"ListItem","position":3,"name":"Testo 440 \u00f5hukiiruse ja \u00f5hukvaliteedi m\u00f5\u00f5tmise seade (0560 4401)"}]},{"@type":"WebSite","@id":"https:\/\/www.axiomams.eu\/et#website","url":"https:\/\/www.axiomams.eu\/et","name":"AXIOMA MS","description":"Terrmovizoriai ir matavimo \u012franga","publisher":{"@id":"https:\/\/www.axiomams.eu\/et#organization"},"potentialAction":[{"@type":"SearchAction","target":{"@type":"EntryPoint","urlTemplate":"https:\/\/www.axiomams.eu\/et?s={search_term_string}"},"query-input":{"@type":"PropertyValueSpecification","valueRequired":true,"valueName":"search_term_string"}}],"inLanguage":"et"},{"@type":"Organization","@id":"https:\/\/www.axiomams.eu\/et#organization","name":"AXIOMA MS","url":"https:\/\/www.axiomams.eu\/et","logo":{"@type":"ImageObject","inLanguage":"et","@id":"https:\/\/www.axiomams.eu\/et#\/schema\/logo\/image\/","url":"https:\/\/www.axiomams.eu\/wp-content\/uploads\/2025\/06\/axioma-logo-2.png","contentUrl":"https:\/\/www.axiomams.eu\/wp-content\/uploads\/2025\/06\/axioma-logo-2.png","width":1200,"height":1200,"caption":"AXIOMA MS"},"image":{"@id":"https:\/\/www.axiomams.eu\/et#\/schema\/logo\/image\/"},"sameAs":["https:\/\/www.facebook.com\/AxiomaMS","https:\/\/www.linkedin.com\/company\/axiomams\/"]}]}},"_links":{"self":[{"href":"https:\/\/www.axiomams.eu\/et\/wp-json\/wp\/v2\/product\/39976","targetHints":{"allow":["GET"]}}],"collection":[{"href":"https:\/\/www.axiomams.eu\/et\/wp-json\/wp\/v2\/product"}],"about":[{"href":"https:\/\/www.axiomams.eu\/et\/wp-json\/wp\/v2\/types\/product"}],"replies":[{"embeddable":true,"href":"https:\/\/www.axiomams.eu\/et\/wp-json\/wp\/v2\/comments?post=39976"}],"wp:featuredmedia":[{"embeddable":true,"href":"https:\/\/www.axiomams.eu\/et\/wp-json\/wp\/v2\/media\/41459"}],"wp:attachment":[{"href":"https:\/\/www.axiomams.eu\/et\/wp-json\/wp\/v2\/media?parent=39976"}],"wp:term":[{"taxonomy":"product_brand","embeddable":true,"href":"https:\/\/www.axiomams.eu\/et\/wp-json\/wp\/v2\/product_brand?post=39976"},{"taxonomy":"product_cat","embeddable":true,"href":"https:\/\/www.axiomams.eu\/et\/wp-json\/wp\/v2\/product_cat?post=39976"},{"taxonomy":"product_tag","embeddable":true,"href":"https:\/\/www.axiomams.eu\/et\/wp-json\/wp\/v2\/product_tag?post=39976"}],"curies":[{"name":"wp","href":"https:\/\/api.w.org\/{rel}","templated":true}]}}