{"id":39986,"date":"2025-09-10T15:29:48","date_gmt":"2025-09-10T13:29:48","guid":{"rendered":"https:\/\/www.axiomams.eu\/produktas\/testo-510i-manomeeter-0560-1510"},"modified":"2026-02-02T14:29:05","modified_gmt":"2026-02-02T12:29:05","slug":"testo-510i-manomeeter-0560-1510","status":"publish","type":"product","link":"https:\/\/www.axiomams.eu\/et\/produktas\/testo-510i-manomeeter-0560-1510","title":{"rendered":"Testo 510i manomeeter (0560 1510)"},"content":{"rendered":"<p><b>Kompaktne ja nutikas testo 510i diferentsiaalr\u00f5hum\u00f5\u00f5tja t\u00e4iustatud m\u00f5\u00f5tmistehnoloogia ja nutitelefoni juhtimisega<\/b><\/p>\n<p><b>Vaimseimad omadused:<\/b><br \/>\n&#8211; Gaasivoolu ja staatilise r\u00f5hu t\u00e4pne m\u00f5\u00f5tmine<br \/>\n&#8211; Spetsiaalne r\u00f5hulanguse testimen\u00fc\u00fc koos hoiatusteadetega<br \/>\n&#8211; Magnetiline hoidik vaevata paigaldamiseks<\/p>\n<p><b>T\u00f5hus r\u00f5hkude erinevuse m\u00f5\u00f5tmine koos nutitelefoni integratsiooniga<\/b><br \/>\nTesto 510i diferentsiaalr\u00f5hu m\u00f5\u00f5tja t\u00f6\u00f6tab sujuvalt koos nutitelefoni v\u00f5i tahvelarvutiga, et anda kiireid ja t\u00e4pseid n\u00e4itusid gaasivoolu r\u00f5hu, staatilise r\u00f5hu ning ventilaatorite ja filtrite r\u00f5hulanguse kohta.  <\/p>\n<p><b>Transformeerige oma nutitelefon v\u00f5i tahvelarvuti professionaalseks m\u00f5\u00f5teseadmeks<\/b><br \/>\nKasutades testo Smart Appi oma mobiilseadmes, saate testo 510i m\u00f5\u00f5tjale h\u00f5lpsasti ligi ja seda juhtida. Rakendus v\u00f5imaldab:<br \/>\n&#8211; Reaalajas toimuvate m\u00f5\u00f5tmiste selget kuvamist<br \/>\n&#8211; Usaldusv\u00e4\u00e4rsed ajastatud ja mitme punkti keskmiste arvutused<br \/>\n&#8211; Spetsiaalne r\u00f5hulanguse testimise men\u00fc\u00fc \u00fchtlustatud testimiseks<br \/>\n&#8211; andmete visualiseerimine graafikutes v\u00f5i tabelites<br \/>\n&#8211; m\u00f5\u00f5tmisaruannete otsene eksportimine e-posti teel PDF- v\u00f5i Exceli failidena<\/p>\n<p>Standardkomplekt: testo 510i manomeeter, voolikukomplekt koos adapteriga, patareid, kalibreerimisprotokoll.<br \/>\nKood: 0560 1510<\/p>\n<p><iframe loading=\"lazy\" width=\"560\" height=\"315\" src=\"https:\/\/www.youtube.com\/embed\/gV1_znc5nsM?si=RmKASlstxNqVDVad\" title=\"YouTube videopleier\" frameborder=\"0\" allow=\"accelerometer; autoplay; clipboard-write; encrypted-media; gyroscope; picture-in-picture; web-share\" referrerpolicy=\"strict-origin-when-cross-origin\" allowfullscreen><\/iframe><\/p>\n<h3>Tehniline teave:<\/h3>\n<ul>\n<li><a href=\"https:\/\/axiomams.eu\/importer\/export\/attachments\/en\/testo-510i.pdf\" target=\"_blank\">testo 510i.pdf<\/a><\/li>\n<\/ul>\n","protected":false},"excerpt":{"rendered":"<p>Kompaktne ja nutikas testo 510i diferentsiaalr\u00f5hum\u00f5\u00f5tja t\u00e4iustatud m\u00f5\u00f5tmistehnoloogia ja nutitelefoni juhtimisega Vaimseimad omadused: &#8211; Gaasivoolu ja staatilise r\u00f5hu t\u00e4pne m\u00f5\u00f5tmine &#8211; Spetsiaalne r\u00f5hulanguse testimen\u00fc\u00fc koos hoiatusteadetega &#8211; Magnetiline hoidik vaevata paigaldamiseks T\u00f5hus r\u00f5hkude erinevuse m\u00f5\u00f5tmine koos nutitelefoni integratsiooniga Testo 510i diferentsiaalr\u00f5hu m\u00f5\u00f5tja t\u00f6\u00f6tab sujuvalt koos nutitelefoni v\u00f5i tahvelarvutiga, et anda kiireid ja t\u00e4pseid n\u00e4itusid gaasivoolu&#8230;<\/p>\n","protected":false},"featured_media":41477,"comment_status":"open","ping_status":"closed","template":"","meta":{"_acf_changed":false},"product_brand":[735],"product_cat":[17787],"product_tag":[],"class_list":{"0":"post-39986","1":"product","2":"type-product","3":"status-publish","4":"has-post-thumbnail","6":"product_brand-testo","7":"product_cat-temperatuuri-niiskuse-ja-rohu-mootmiseks","9":"first","10":"instock","11":"taxable","12":"shipping-taxable","13":"purchasable","14":"product-type-simple"},"acf":[],"yoast_head":"<!-- This site is optimized with the Yoast SEO plugin v27.0 - https:\/\/yoast.com\/product\/yoast-seo-wordpress\/ -->\n<title>Testo 510i manomeeter (0560 1510) - AXIOMA MS<\/title>\n<meta name=\"robots\" content=\"index, follow, max-snippet:-1, max-image-preview:large, max-video-preview:-1\" \/>\n<link rel=\"canonical\" href=\"https:\/\/www.axiomams.eu\/et\/produktas\/testo-510i-manomeeter-0560-1510\" \/>\n<meta property=\"og:locale\" content=\"et_EE\" \/>\n<meta property=\"og:type\" content=\"article\" \/>\n<meta property=\"og:title\" content=\"Testo 510i manomeeter (0560 1510) - AXIOMA MS\" \/>\n<meta property=\"og:description\" content=\"Kompaktne ja nutikas testo 510i diferentsiaalr\u00f5hum\u00f5\u00f5tja t\u00e4iustatud m\u00f5\u00f5tmistehnoloogia ja nutitelefoni juhtimisega Vaimseimad omadused: &#8211; Gaasivoolu ja staatilise r\u00f5hu t\u00e4pne m\u00f5\u00f5tmine &#8211; Spetsiaalne r\u00f5hulanguse testimen\u00fc\u00fc koos hoiatusteadetega &#8211; Magnetiline hoidik vaevata paigaldamiseks T\u00f5hus r\u00f5hkude erinevuse m\u00f5\u00f5tmine koos nutitelefoni integratsiooniga Testo 510i diferentsiaalr\u00f5hu m\u00f5\u00f5tja t\u00f6\u00f6tab sujuvalt koos nutitelefoni v\u00f5i tahvelarvutiga, et anda kiireid ja t\u00e4pseid n\u00e4itusid gaasivoolu...\" \/>\n<meta property=\"og:url\" content=\"https:\/\/www.axiomams.eu\/et\/produktas\/testo-510i-manomeeter-0560-1510\" \/>\n<meta property=\"og:site_name\" content=\"AXIOMA MS\" \/>\n<meta property=\"article:publisher\" content=\"https:\/\/www.facebook.com\/AxiomaMS\" \/>\n<meta property=\"article:modified_time\" content=\"2026-02-02T12:29:05+00:00\" \/>\n<meta property=\"og:image\" content=\"https:\/\/www.axiomams.eu\/wp-content\/uploads\/2025\/09\/4664-6164.jpg\" \/>\n\t<meta property=\"og:image:width\" content=\"792\" \/>\n\t<meta property=\"og:image:height\" content=\"800\" \/>\n\t<meta property=\"og:image:type\" content=\"image\/jpeg\" \/>\n<meta name=\"twitter:card\" content=\"summary_large_image\" \/>\n<meta name=\"twitter:label1\" content=\"Est. reading time\" \/>\n\t<meta name=\"twitter:data1\" content=\"1 minut\" \/>\n<script type=\"application\/ld+json\" class=\"yoast-schema-graph\">{\"@context\":\"https:\/\/schema.org\",\"@graph\":[{\"@type\":\"WebPage\",\"@id\":\"https:\/\/www.axiomams.eu\/et\/produktas\/testo-510i-manomeeter-0560-1510\",\"url\":\"https:\/\/www.axiomams.eu\/et\/produktas\/testo-510i-manomeeter-0560-1510\",\"name\":\"Testo 510i manomeeter (0560 1510) - AXIOMA MS\",\"isPartOf\":{\"@id\":\"https:\/\/www.axiomams.eu\/et#website\"},\"primaryImageOfPage\":{\"@id\":\"https:\/\/www.axiomams.eu\/et\/produktas\/testo-510i-manomeeter-0560-1510#primaryimage\"},\"image\":{\"@id\":\"https:\/\/www.axiomams.eu\/et\/produktas\/testo-510i-manomeeter-0560-1510#primaryimage\"},\"thumbnailUrl\":\"https:\/\/www.axiomams.eu\/wp-content\/uploads\/2025\/09\/4664-6164.jpg\",\"datePublished\":\"2025-09-10T13:29:48+00:00\",\"dateModified\":\"2026-02-02T12:29:05+00:00\",\"breadcrumb\":{\"@id\":\"https:\/\/www.axiomams.eu\/et\/produktas\/testo-510i-manomeeter-0560-1510#breadcrumb\"},\"inLanguage\":\"et\",\"potentialAction\":[{\"@type\":\"ReadAction\",\"target\":[\"https:\/\/www.axiomams.eu\/et\/produktas\/testo-510i-manomeeter-0560-1510\"]}]},{\"@type\":\"ImageObject\",\"inLanguage\":\"et\",\"@id\":\"https:\/\/www.axiomams.eu\/et\/produktas\/testo-510i-manomeeter-0560-1510#primaryimage\",\"url\":\"https:\/\/www.axiomams.eu\/wp-content\/uploads\/2025\/09\/4664-6164.jpg\",\"contentUrl\":\"https:\/\/www.axiomams.eu\/wp-content\/uploads\/2025\/09\/4664-6164.jpg\",\"width\":792,\"height\":800},{\"@type\":\"BreadcrumbList\",\"@id\":\"https:\/\/www.axiomams.eu\/et\/produktas\/testo-510i-manomeeter-0560-1510#breadcrumb\",\"itemListElement\":[{\"@type\":\"ListItem\",\"position\":1,\"name\":\"Home\",\"item\":\"https:\/\/www.axiomams.eu\/et\"},{\"@type\":\"ListItem\",\"position\":2,\"name\":\"Tooted\",\"item\":\"https:\/\/www.axiomams.eu\/et\/tooted\"},{\"@type\":\"ListItem\",\"position\":3,\"name\":\"Testo 510i manomeeter (0560 1510)\"}]},{\"@type\":\"WebSite\",\"@id\":\"https:\/\/www.axiomams.eu\/et#website\",\"url\":\"https:\/\/www.axiomams.eu\/et\",\"name\":\"AXIOMA MS\",\"description\":\"Terrmovizoriai ir matavimo \u012franga\",\"publisher\":{\"@id\":\"https:\/\/www.axiomams.eu\/et#organization\"},\"potentialAction\":[{\"@type\":\"SearchAction\",\"target\":{\"@type\":\"EntryPoint\",\"urlTemplate\":\"https:\/\/www.axiomams.eu\/et?s={search_term_string}\"},\"query-input\":{\"@type\":\"PropertyValueSpecification\",\"valueRequired\":true,\"valueName\":\"search_term_string\"}}],\"inLanguage\":\"et\"},{\"@type\":\"Organization\",\"@id\":\"https:\/\/www.axiomams.eu\/et#organization\",\"name\":\"AXIOMA MS\",\"url\":\"https:\/\/www.axiomams.eu\/et\",\"logo\":{\"@type\":\"ImageObject\",\"inLanguage\":\"et\",\"@id\":\"https:\/\/www.axiomams.eu\/et#\/schema\/logo\/image\/\",\"url\":\"https:\/\/www.axiomams.eu\/wp-content\/uploads\/2025\/06\/axioma-logo-2.png\",\"contentUrl\":\"https:\/\/www.axiomams.eu\/wp-content\/uploads\/2025\/06\/axioma-logo-2.png\",\"width\":1200,\"height\":1200,\"caption\":\"AXIOMA MS\"},\"image\":{\"@id\":\"https:\/\/www.axiomams.eu\/et#\/schema\/logo\/image\/\"},\"sameAs\":[\"https:\/\/www.facebook.com\/AxiomaMS\",\"https:\/\/www.linkedin.com\/company\/axiomams\/\"]}]}<\/script>\n<!-- \/ Yoast SEO plugin. -->","yoast_head_json":{"title":"Testo 510i manomeeter (0560 1510) - AXIOMA MS","robots":{"index":"index","follow":"follow","max-snippet":"max-snippet:-1","max-image-preview":"max-image-preview:large","max-video-preview":"max-video-preview:-1"},"canonical":"https:\/\/www.axiomams.eu\/et\/produktas\/testo-510i-manomeeter-0560-1510","og_locale":"et_EE","og_type":"article","og_title":"Testo 510i manomeeter (0560 1510) - AXIOMA MS","og_description":"Kompaktne ja nutikas testo 510i diferentsiaalr\u00f5hum\u00f5\u00f5tja t\u00e4iustatud m\u00f5\u00f5tmistehnoloogia ja nutitelefoni juhtimisega Vaimseimad omadused: &#8211; Gaasivoolu ja staatilise r\u00f5hu t\u00e4pne m\u00f5\u00f5tmine &#8211; Spetsiaalne r\u00f5hulanguse testimen\u00fc\u00fc koos hoiatusteadetega &#8211; Magnetiline hoidik vaevata paigaldamiseks T\u00f5hus r\u00f5hkude erinevuse m\u00f5\u00f5tmine koos nutitelefoni integratsiooniga Testo 510i diferentsiaalr\u00f5hu m\u00f5\u00f5tja t\u00f6\u00f6tab sujuvalt koos nutitelefoni v\u00f5i tahvelarvutiga, et anda kiireid ja t\u00e4pseid n\u00e4itusid gaasivoolu...","og_url":"https:\/\/www.axiomams.eu\/et\/produktas\/testo-510i-manomeeter-0560-1510","og_site_name":"AXIOMA MS","article_publisher":"https:\/\/www.facebook.com\/AxiomaMS","article_modified_time":"2026-02-02T12:29:05+00:00","og_image":[{"width":792,"height":800,"url":"https:\/\/www.axiomams.eu\/wp-content\/uploads\/2025\/09\/4664-6164.jpg","type":"image\/jpeg"}],"twitter_card":"summary_large_image","twitter_misc":{"Est. reading time":"1 minut"},"schema":{"@context":"https:\/\/schema.org","@graph":[{"@type":"WebPage","@id":"https:\/\/www.axiomams.eu\/et\/produktas\/testo-510i-manomeeter-0560-1510","url":"https:\/\/www.axiomams.eu\/et\/produktas\/testo-510i-manomeeter-0560-1510","name":"Testo 510i manomeeter (0560 1510) - AXIOMA MS","isPartOf":{"@id":"https:\/\/www.axiomams.eu\/et#website"},"primaryImageOfPage":{"@id":"https:\/\/www.axiomams.eu\/et\/produktas\/testo-510i-manomeeter-0560-1510#primaryimage"},"image":{"@id":"https:\/\/www.axiomams.eu\/et\/produktas\/testo-510i-manomeeter-0560-1510#primaryimage"},"thumbnailUrl":"https:\/\/www.axiomams.eu\/wp-content\/uploads\/2025\/09\/4664-6164.jpg","datePublished":"2025-09-10T13:29:48+00:00","dateModified":"2026-02-02T12:29:05+00:00","breadcrumb":{"@id":"https:\/\/www.axiomams.eu\/et\/produktas\/testo-510i-manomeeter-0560-1510#breadcrumb"},"inLanguage":"et","potentialAction":[{"@type":"ReadAction","target":["https:\/\/www.axiomams.eu\/et\/produktas\/testo-510i-manomeeter-0560-1510"]}]},{"@type":"ImageObject","inLanguage":"et","@id":"https:\/\/www.axiomams.eu\/et\/produktas\/testo-510i-manomeeter-0560-1510#primaryimage","url":"https:\/\/www.axiomams.eu\/wp-content\/uploads\/2025\/09\/4664-6164.jpg","contentUrl":"https:\/\/www.axiomams.eu\/wp-content\/uploads\/2025\/09\/4664-6164.jpg","width":792,"height":800},{"@type":"BreadcrumbList","@id":"https:\/\/www.axiomams.eu\/et\/produktas\/testo-510i-manomeeter-0560-1510#breadcrumb","itemListElement":[{"@type":"ListItem","position":1,"name":"Home","item":"https:\/\/www.axiomams.eu\/et"},{"@type":"ListItem","position":2,"name":"Tooted","item":"https:\/\/www.axiomams.eu\/et\/tooted"},{"@type":"ListItem","position":3,"name":"Testo 510i manomeeter (0560 1510)"}]},{"@type":"WebSite","@id":"https:\/\/www.axiomams.eu\/et#website","url":"https:\/\/www.axiomams.eu\/et","name":"AXIOMA MS","description":"Terrmovizoriai ir matavimo \u012franga","publisher":{"@id":"https:\/\/www.axiomams.eu\/et#organization"},"potentialAction":[{"@type":"SearchAction","target":{"@type":"EntryPoint","urlTemplate":"https:\/\/www.axiomams.eu\/et?s={search_term_string}"},"query-input":{"@type":"PropertyValueSpecification","valueRequired":true,"valueName":"search_term_string"}}],"inLanguage":"et"},{"@type":"Organization","@id":"https:\/\/www.axiomams.eu\/et#organization","name":"AXIOMA MS","url":"https:\/\/www.axiomams.eu\/et","logo":{"@type":"ImageObject","inLanguage":"et","@id":"https:\/\/www.axiomams.eu\/et#\/schema\/logo\/image\/","url":"https:\/\/www.axiomams.eu\/wp-content\/uploads\/2025\/06\/axioma-logo-2.png","contentUrl":"https:\/\/www.axiomams.eu\/wp-content\/uploads\/2025\/06\/axioma-logo-2.png","width":1200,"height":1200,"caption":"AXIOMA MS"},"image":{"@id":"https:\/\/www.axiomams.eu\/et#\/schema\/logo\/image\/"},"sameAs":["https:\/\/www.facebook.com\/AxiomaMS","https:\/\/www.linkedin.com\/company\/axiomams\/"]}]}},"_links":{"self":[{"href":"https:\/\/www.axiomams.eu\/et\/wp-json\/wp\/v2\/product\/39986","targetHints":{"allow":["GET"]}}],"collection":[{"href":"https:\/\/www.axiomams.eu\/et\/wp-json\/wp\/v2\/product"}],"about":[{"href":"https:\/\/www.axiomams.eu\/et\/wp-json\/wp\/v2\/types\/product"}],"replies":[{"embeddable":true,"href":"https:\/\/www.axiomams.eu\/et\/wp-json\/wp\/v2\/comments?post=39986"}],"wp:featuredmedia":[{"embeddable":true,"href":"https:\/\/www.axiomams.eu\/et\/wp-json\/wp\/v2\/media\/41477"}],"wp:attachment":[{"href":"https:\/\/www.axiomams.eu\/et\/wp-json\/wp\/v2\/media?parent=39986"}],"wp:term":[{"taxonomy":"product_brand","embeddable":true,"href":"https:\/\/www.axiomams.eu\/et\/wp-json\/wp\/v2\/product_brand?post=39986"},{"taxonomy":"product_cat","embeddable":true,"href":"https:\/\/www.axiomams.eu\/et\/wp-json\/wp\/v2\/product_cat?post=39986"},{"taxonomy":"product_tag","embeddable":true,"href":"https:\/\/www.axiomams.eu\/et\/wp-json\/wp\/v2\/product_tag?post=39986"}],"curies":[{"name":"wp","href":"https:\/\/api.w.org\/{rel}","templated":true}]}}