{"id":39988,"date":"2025-05-15T17:56:02","date_gmt":"2025-05-15T15:56:02","guid":{"rendered":"https:\/\/www.axiomams.eu\/produktas\/testo-535-digitaalne-co2-mootmisseade-koos-app-uhendusega-0563-0535"},"modified":"2026-02-02T14:29:05","modified_gmt":"2026-02-02T12:29:05","slug":"testo-535-digitaalne-co2-mootmisseade-koos-app-uhendusega-0563-0535","status":"publish","type":"product","link":"https:\/\/www.axiomams.eu\/et\/produktas\/testo-535-digitaalne-co2-mootmisseade-koos-app-uhendusega-0563-0535","title":{"rendered":"Testo 535 &#8211; digitaalne CO2 m\u00f5\u00f5tmisseade koos App-\u00fchendusega (0563 0535)"},"content":{"rendered":"<p>testo 535 CO2 m\u00f5\u00f5tmise seade sobib ideaalselt s\u00fcsinikdioksiidisisalduse lihtsaks, kiireks ja t\u00e4pseks m\u00e4\u00e4ramiseks, et tagada sise\u00f5hu kvaliteet ja seega tervis ja t\u00f6\u00f6v\u00f5ime. \u00dchendus testo Smart Appiga v\u00f5imaldab seadistamist, kuvamist (ka teise ekraanina) ja salvestamist ning m\u00f5\u00f5tev\u00e4\u00e4rtuste dokumenteerimist otse rakenduses.<\/p>\n<p><b>Standardkomplekt:<\/b> testo 535 Co2 m\u00f5\u00f5teseade, transpordikott, kalibreerimisprotokoll, patareid.<\/p>\n<p><iframe loading=\"lazy\" width=\"560\" height=\"315\" src=\"https:\/\/www.youtube.com\/embed\/iZ3_4xtbtmU?si=UCdEonQk5BF1oXTU\" title=\"YouTube video player\" frameborder=\"0\" allow=\"accelerometer; autoplay; clipboard-write; encrypted-media; gyroscope; picture-in-picture; web-share\" referrerpolicy=\"strict-origin-when-cross-origin\" allowfullscreen><\/iframe><\/p>\n<h3>Tehniline teave:<\/h3>\n<ul>\n<li><a href=\"https:\/\/axiomams.eu\/importer\/export\/attachments\/en\/testo-535.pdf\" target=\"_blank\">testo 535.pdf<\/a><\/li>\n<\/ul>\n","protected":false},"excerpt":{"rendered":"<p>testo 535 CO2 m\u00f5\u00f5tmise seade sobib ideaalselt s\u00fcsinikdioksiidisisalduse lihtsaks, kiireks ja t\u00e4pseks m\u00e4\u00e4ramiseks, et tagada sise\u00f5hu kvaliteet ja seega tervis ja t\u00f6\u00f6v\u00f5ime. \u00dchendus testo Smart Appiga v\u00f5imaldab seadistamist, kuvamist (ka teise ekraanina) ja salvestamist ning m\u00f5\u00f5tev\u00e4\u00e4rtuste dokumenteerimist otse rakenduses. Standardkomplekt: testo 535 Co2 m\u00f5\u00f5teseade, transpordikott, kalibreerimisprotokoll, patareid. Tehniline teave: testo 535.pdf<\/p>\n","protected":false},"featured_media":41481,"comment_status":"open","ping_status":"closed","template":"","meta":{"_acf_changed":false},"product_brand":[735],"product_cat":[17792],"product_tag":[],"class_list":{"0":"post-39988","1":"product","2":"type-product","3":"status-publish","4":"has-post-thumbnail","6":"product_brand-testo","7":"product_cat-universaalsed-mooteriistad","9":"first","10":"instock","11":"taxable","12":"shipping-taxable","13":"purchasable","14":"product-type-simple"},"acf":[],"yoast_head":"<!-- This site is optimized with the Yoast SEO plugin v27.0 - https:\/\/yoast.com\/product\/yoast-seo-wordpress\/ -->\n<title>Testo 535 - digitaalne CO2 m\u00f5\u00f5tmisseade koos App-\u00fchendusega (0563 0535) - AXIOMA MS<\/title>\n<meta name=\"robots\" content=\"index, follow, max-snippet:-1, max-image-preview:large, max-video-preview:-1\" \/>\n<link rel=\"canonical\" href=\"https:\/\/www.axiomams.eu\/et\/produktas\/testo-535-digitaalne-co2-mootmisseade-koos-app-uhendusega-0563-0535\" \/>\n<meta property=\"og:locale\" content=\"et_EE\" \/>\n<meta property=\"og:type\" content=\"article\" \/>\n<meta property=\"og:title\" content=\"Testo 535 - digitaalne CO2 m\u00f5\u00f5tmisseade koos App-\u00fchendusega (0563 0535) - AXIOMA MS\" \/>\n<meta property=\"og:description\" content=\"testo 535 CO2 m\u00f5\u00f5tmise seade sobib ideaalselt s\u00fcsinikdioksiidisisalduse lihtsaks, kiireks ja t\u00e4pseks m\u00e4\u00e4ramiseks, et tagada sise\u00f5hu kvaliteet ja seega tervis ja t\u00f6\u00f6v\u00f5ime. \u00dchendus testo Smart Appiga v\u00f5imaldab seadistamist, kuvamist (ka teise ekraanina) ja salvestamist ning m\u00f5\u00f5tev\u00e4\u00e4rtuste dokumenteerimist otse rakenduses. Standardkomplekt: testo 535 Co2 m\u00f5\u00f5teseade, transpordikott, kalibreerimisprotokoll, patareid. Tehniline teave: testo 535.pdf\" \/>\n<meta property=\"og:url\" content=\"https:\/\/www.axiomams.eu\/et\/produktas\/testo-535-digitaalne-co2-mootmisseade-koos-app-uhendusega-0563-0535\" \/>\n<meta property=\"og:site_name\" content=\"AXIOMA MS\" \/>\n<meta property=\"article:publisher\" content=\"https:\/\/www.facebook.com\/AxiomaMS\" \/>\n<meta property=\"article:modified_time\" content=\"2026-02-02T12:29:05+00:00\" \/>\n<meta property=\"og:image\" content=\"https:\/\/www.axiomams.eu\/wp-content\/uploads\/2025\/07\/3561-4856.jpg\" \/>\n\t<meta property=\"og:image:width\" content=\"800\" \/>\n\t<meta property=\"og:image:height\" content=\"800\" \/>\n\t<meta property=\"og:image:type\" content=\"image\/jpeg\" \/>\n<meta name=\"twitter:card\" content=\"summary_large_image\" \/>\n<script type=\"application\/ld+json\" class=\"yoast-schema-graph\">{\"@context\":\"https:\/\/schema.org\",\"@graph\":[{\"@type\":\"WebPage\",\"@id\":\"https:\/\/www.axiomams.eu\/et\/produktas\/testo-535-digitaalne-co2-mootmisseade-koos-app-uhendusega-0563-0535\",\"url\":\"https:\/\/www.axiomams.eu\/et\/produktas\/testo-535-digitaalne-co2-mootmisseade-koos-app-uhendusega-0563-0535\",\"name\":\"Testo 535 - digitaalne CO2 m\u00f5\u00f5tmisseade koos App-\u00fchendusega (0563 0535) - AXIOMA MS\",\"isPartOf\":{\"@id\":\"https:\/\/www.axiomams.eu\/et#website\"},\"primaryImageOfPage\":{\"@id\":\"https:\/\/www.axiomams.eu\/et\/produktas\/testo-535-digitaalne-co2-mootmisseade-koos-app-uhendusega-0563-0535#primaryimage\"},\"image\":{\"@id\":\"https:\/\/www.axiomams.eu\/et\/produktas\/testo-535-digitaalne-co2-mootmisseade-koos-app-uhendusega-0563-0535#primaryimage\"},\"thumbnailUrl\":\"https:\/\/www.axiomams.eu\/wp-content\/uploads\/2025\/07\/3561-4856.jpg\",\"datePublished\":\"2025-05-15T15:56:02+00:00\",\"dateModified\":\"2026-02-02T12:29:05+00:00\",\"breadcrumb\":{\"@id\":\"https:\/\/www.axiomams.eu\/et\/produktas\/testo-535-digitaalne-co2-mootmisseade-koos-app-uhendusega-0563-0535#breadcrumb\"},\"inLanguage\":\"et\",\"potentialAction\":[{\"@type\":\"ReadAction\",\"target\":[\"https:\/\/www.axiomams.eu\/et\/produktas\/testo-535-digitaalne-co2-mootmisseade-koos-app-uhendusega-0563-0535\"]}]},{\"@type\":\"ImageObject\",\"inLanguage\":\"et\",\"@id\":\"https:\/\/www.axiomams.eu\/et\/produktas\/testo-535-digitaalne-co2-mootmisseade-koos-app-uhendusega-0563-0535#primaryimage\",\"url\":\"https:\/\/www.axiomams.eu\/wp-content\/uploads\/2025\/07\/3561-4856.jpg\",\"contentUrl\":\"https:\/\/www.axiomams.eu\/wp-content\/uploads\/2025\/07\/3561-4856.jpg\",\"width\":800,\"height\":800},{\"@type\":\"BreadcrumbList\",\"@id\":\"https:\/\/www.axiomams.eu\/et\/produktas\/testo-535-digitaalne-co2-mootmisseade-koos-app-uhendusega-0563-0535#breadcrumb\",\"itemListElement\":[{\"@type\":\"ListItem\",\"position\":1,\"name\":\"Home\",\"item\":\"https:\/\/www.axiomams.eu\/et\"},{\"@type\":\"ListItem\",\"position\":2,\"name\":\"Tooted\",\"item\":\"https:\/\/www.axiomams.eu\/et\/tooted\"},{\"@type\":\"ListItem\",\"position\":3,\"name\":\"Testo 535 &#8211; digitaalne CO2 m\u00f5\u00f5tmisseade koos App-\u00fchendusega (0563 0535)\"}]},{\"@type\":\"WebSite\",\"@id\":\"https:\/\/www.axiomams.eu\/et#website\",\"url\":\"https:\/\/www.axiomams.eu\/et\",\"name\":\"AXIOMA MS\",\"description\":\"Terrmovizoriai ir matavimo \u012franga\",\"publisher\":{\"@id\":\"https:\/\/www.axiomams.eu\/et#organization\"},\"potentialAction\":[{\"@type\":\"SearchAction\",\"target\":{\"@type\":\"EntryPoint\",\"urlTemplate\":\"https:\/\/www.axiomams.eu\/et?s={search_term_string}\"},\"query-input\":{\"@type\":\"PropertyValueSpecification\",\"valueRequired\":true,\"valueName\":\"search_term_string\"}}],\"inLanguage\":\"et\"},{\"@type\":\"Organization\",\"@id\":\"https:\/\/www.axiomams.eu\/et#organization\",\"name\":\"AXIOMA MS\",\"url\":\"https:\/\/www.axiomams.eu\/et\",\"logo\":{\"@type\":\"ImageObject\",\"inLanguage\":\"et\",\"@id\":\"https:\/\/www.axiomams.eu\/et#\/schema\/logo\/image\/\",\"url\":\"https:\/\/www.axiomams.eu\/wp-content\/uploads\/2025\/06\/axioma-logo-2.png\",\"contentUrl\":\"https:\/\/www.axiomams.eu\/wp-content\/uploads\/2025\/06\/axioma-logo-2.png\",\"width\":1200,\"height\":1200,\"caption\":\"AXIOMA MS\"},\"image\":{\"@id\":\"https:\/\/www.axiomams.eu\/et#\/schema\/logo\/image\/\"},\"sameAs\":[\"https:\/\/www.facebook.com\/AxiomaMS\",\"https:\/\/www.linkedin.com\/company\/axiomams\/\"]}]}<\/script>\n<!-- \/ Yoast SEO plugin. -->","yoast_head_json":{"title":"Testo 535 - digitaalne CO2 m\u00f5\u00f5tmisseade koos App-\u00fchendusega (0563 0535) - AXIOMA MS","robots":{"index":"index","follow":"follow","max-snippet":"max-snippet:-1","max-image-preview":"max-image-preview:large","max-video-preview":"max-video-preview:-1"},"canonical":"https:\/\/www.axiomams.eu\/et\/produktas\/testo-535-digitaalne-co2-mootmisseade-koos-app-uhendusega-0563-0535","og_locale":"et_EE","og_type":"article","og_title":"Testo 535 - digitaalne CO2 m\u00f5\u00f5tmisseade koos App-\u00fchendusega (0563 0535) - AXIOMA MS","og_description":"testo 535 CO2 m\u00f5\u00f5tmise seade sobib ideaalselt s\u00fcsinikdioksiidisisalduse lihtsaks, kiireks ja t\u00e4pseks m\u00e4\u00e4ramiseks, et tagada sise\u00f5hu kvaliteet ja seega tervis ja t\u00f6\u00f6v\u00f5ime. \u00dchendus testo Smart Appiga v\u00f5imaldab seadistamist, kuvamist (ka teise ekraanina) ja salvestamist ning m\u00f5\u00f5tev\u00e4\u00e4rtuste dokumenteerimist otse rakenduses. Standardkomplekt: testo 535 Co2 m\u00f5\u00f5teseade, transpordikott, kalibreerimisprotokoll, patareid. Tehniline teave: testo 535.pdf","og_url":"https:\/\/www.axiomams.eu\/et\/produktas\/testo-535-digitaalne-co2-mootmisseade-koos-app-uhendusega-0563-0535","og_site_name":"AXIOMA MS","article_publisher":"https:\/\/www.facebook.com\/AxiomaMS","article_modified_time":"2026-02-02T12:29:05+00:00","og_image":[{"width":800,"height":800,"url":"https:\/\/www.axiomams.eu\/wp-content\/uploads\/2025\/07\/3561-4856.jpg","type":"image\/jpeg"}],"twitter_card":"summary_large_image","schema":{"@context":"https:\/\/schema.org","@graph":[{"@type":"WebPage","@id":"https:\/\/www.axiomams.eu\/et\/produktas\/testo-535-digitaalne-co2-mootmisseade-koos-app-uhendusega-0563-0535","url":"https:\/\/www.axiomams.eu\/et\/produktas\/testo-535-digitaalne-co2-mootmisseade-koos-app-uhendusega-0563-0535","name":"Testo 535 - digitaalne CO2 m\u00f5\u00f5tmisseade koos App-\u00fchendusega (0563 0535) - AXIOMA MS","isPartOf":{"@id":"https:\/\/www.axiomams.eu\/et#website"},"primaryImageOfPage":{"@id":"https:\/\/www.axiomams.eu\/et\/produktas\/testo-535-digitaalne-co2-mootmisseade-koos-app-uhendusega-0563-0535#primaryimage"},"image":{"@id":"https:\/\/www.axiomams.eu\/et\/produktas\/testo-535-digitaalne-co2-mootmisseade-koos-app-uhendusega-0563-0535#primaryimage"},"thumbnailUrl":"https:\/\/www.axiomams.eu\/wp-content\/uploads\/2025\/07\/3561-4856.jpg","datePublished":"2025-05-15T15:56:02+00:00","dateModified":"2026-02-02T12:29:05+00:00","breadcrumb":{"@id":"https:\/\/www.axiomams.eu\/et\/produktas\/testo-535-digitaalne-co2-mootmisseade-koos-app-uhendusega-0563-0535#breadcrumb"},"inLanguage":"et","potentialAction":[{"@type":"ReadAction","target":["https:\/\/www.axiomams.eu\/et\/produktas\/testo-535-digitaalne-co2-mootmisseade-koos-app-uhendusega-0563-0535"]}]},{"@type":"ImageObject","inLanguage":"et","@id":"https:\/\/www.axiomams.eu\/et\/produktas\/testo-535-digitaalne-co2-mootmisseade-koos-app-uhendusega-0563-0535#primaryimage","url":"https:\/\/www.axiomams.eu\/wp-content\/uploads\/2025\/07\/3561-4856.jpg","contentUrl":"https:\/\/www.axiomams.eu\/wp-content\/uploads\/2025\/07\/3561-4856.jpg","width":800,"height":800},{"@type":"BreadcrumbList","@id":"https:\/\/www.axiomams.eu\/et\/produktas\/testo-535-digitaalne-co2-mootmisseade-koos-app-uhendusega-0563-0535#breadcrumb","itemListElement":[{"@type":"ListItem","position":1,"name":"Home","item":"https:\/\/www.axiomams.eu\/et"},{"@type":"ListItem","position":2,"name":"Tooted","item":"https:\/\/www.axiomams.eu\/et\/tooted"},{"@type":"ListItem","position":3,"name":"Testo 535 &#8211; digitaalne CO2 m\u00f5\u00f5tmisseade koos App-\u00fchendusega (0563 0535)"}]},{"@type":"WebSite","@id":"https:\/\/www.axiomams.eu\/et#website","url":"https:\/\/www.axiomams.eu\/et","name":"AXIOMA MS","description":"Terrmovizoriai ir matavimo \u012franga","publisher":{"@id":"https:\/\/www.axiomams.eu\/et#organization"},"potentialAction":[{"@type":"SearchAction","target":{"@type":"EntryPoint","urlTemplate":"https:\/\/www.axiomams.eu\/et?s={search_term_string}"},"query-input":{"@type":"PropertyValueSpecification","valueRequired":true,"valueName":"search_term_string"}}],"inLanguage":"et"},{"@type":"Organization","@id":"https:\/\/www.axiomams.eu\/et#organization","name":"AXIOMA MS","url":"https:\/\/www.axiomams.eu\/et","logo":{"@type":"ImageObject","inLanguage":"et","@id":"https:\/\/www.axiomams.eu\/et#\/schema\/logo\/image\/","url":"https:\/\/www.axiomams.eu\/wp-content\/uploads\/2025\/06\/axioma-logo-2.png","contentUrl":"https:\/\/www.axiomams.eu\/wp-content\/uploads\/2025\/06\/axioma-logo-2.png","width":1200,"height":1200,"caption":"AXIOMA MS"},"image":{"@id":"https:\/\/www.axiomams.eu\/et#\/schema\/logo\/image\/"},"sameAs":["https:\/\/www.facebook.com\/AxiomaMS","https:\/\/www.linkedin.com\/company\/axiomams\/"]}]}},"_links":{"self":[{"href":"https:\/\/www.axiomams.eu\/et\/wp-json\/wp\/v2\/product\/39988","targetHints":{"allow":["GET"]}}],"collection":[{"href":"https:\/\/www.axiomams.eu\/et\/wp-json\/wp\/v2\/product"}],"about":[{"href":"https:\/\/www.axiomams.eu\/et\/wp-json\/wp\/v2\/types\/product"}],"replies":[{"embeddable":true,"href":"https:\/\/www.axiomams.eu\/et\/wp-json\/wp\/v2\/comments?post=39988"}],"wp:featuredmedia":[{"embeddable":true,"href":"https:\/\/www.axiomams.eu\/et\/wp-json\/wp\/v2\/media\/41481"}],"wp:attachment":[{"href":"https:\/\/www.axiomams.eu\/et\/wp-json\/wp\/v2\/media?parent=39988"}],"wp:term":[{"taxonomy":"product_brand","embeddable":true,"href":"https:\/\/www.axiomams.eu\/et\/wp-json\/wp\/v2\/product_brand?post=39988"},{"taxonomy":"product_cat","embeddable":true,"href":"https:\/\/www.axiomams.eu\/et\/wp-json\/wp\/v2\/product_cat?post=39988"},{"taxonomy":"product_tag","embeddable":true,"href":"https:\/\/www.axiomams.eu\/et\/wp-json\/wp\/v2\/product_tag?post=39988"}],"curies":[{"name":"wp","href":"https:\/\/api.w.org\/{rel}","templated":true}]}}