{"id":39990,"date":"2025-09-10T15:34:11","date_gmt":"2025-09-10T13:34:11","guid":{"rendered":"https:\/\/www.axiomams.eu\/produktas\/testo-549i-manomeeter-0560-2549-02"},"modified":"2026-02-02T14:29:06","modified_gmt":"2026-02-02T12:29:06","slug":"testo-549i-manomeeter-0560-2549-02","status":"publish","type":"product","link":"https:\/\/www.axiomams.eu\/et\/produktas\/testo-549i-manomeeter-0560-2549-02","title":{"rendered":"Testo 549i manomeeter (0560 2549 02)"},"content":{"rendered":"<p>Kompaktset ja professionaalset testo 549i k\u00f5rgsurvem\u00f5\u00f5turit saab kasutada testo Smart Appi kaudu nutitelefonis v\u00f5i tahvelarvutis. See sobib h\u00e4sti kliimaseadmete ja jahutuss\u00fcsteemide hooldust\u00f6\u00f6deks ja probleemide diagnoosimiseks. Rakendus v\u00f5imaldab ka aurustumise ja kondenseerumise temperatuuride automaatset arvutamist.<\/p>\n<p>&#8211; V\u00f5imaldab m\u00f5\u00f5ta nii k\u00f5rget kui ka madalat r\u00f5hku<br \/>\n&#8211; Minimaalne k\u00fclmutusaine kadu t\u00e4nu voolikuvabale m\u00f5\u00f5tmisprotsessile<br \/>\n&#8211; Andmeid saab vaadata graafikute v\u00f5i tabelitena ja jagada testo Smart Appi kaudu<br \/>\n&#8211; Usaldusv\u00e4\u00e4rne kasutamine isegi siis, kui m\u00f5\u00f5tepunktid asuvad \u00fcksteisest kaugel, Bluetooth\u00ae-\u00fchenduvus kuni 100 meetri kaugusel<\/p>\n<p>Standardkomplekt: testo 549i manomeeter, patareid, kalibreerimisprotokoll.<br \/>\nKood: 0560 2549 02<\/p>\n<p><iframe loading=\"lazy\" width=\"560\" height=\"315\" src=\"https:\/\/www.youtube.com\/embed\/hSwrzNZTjHQ?si=MI5h1K41QAmnjeV4\" title=\"YouTube videopleier\" frameborder=\"0\" allow=\"accelerometer; autoplay; clipboard-write; encrypted-media; gyroscope; picture-in-picture; web-share\" referrerpolicy=\"strict-origin-when-cross-origin\" allowfullscreen><\/iframe><\/p>\n<h3>Tehniline teave:<\/h3>\n<ul>\n<li><a href=\"https:\/\/axiomams.eu\/importer\/export\/attachments\/en\/testo-549i.pdf\" target=\"_blank\">testo 549i.pdf<\/a><\/li>\n<\/ul>\n","protected":false},"excerpt":{"rendered":"<p>Kompaktset ja professionaalset testo 549i k\u00f5rgsurvem\u00f5\u00f5turit saab kasutada testo Smart Appi kaudu nutitelefonis v\u00f5i tahvelarvutis. See sobib h\u00e4sti kliimaseadmete ja jahutuss\u00fcsteemide hooldust\u00f6\u00f6deks ja probleemide diagnoosimiseks. Rakendus v\u00f5imaldab ka aurustumise ja kondenseerumise temperatuuride automaatset arvutamist. &#8211; V\u00f5imaldab m\u00f5\u00f5ta nii k\u00f5rget kui ka madalat r\u00f5hku &#8211; Minimaalne k\u00fclmutusaine kadu t\u00e4nu voolikuvabale m\u00f5\u00f5tmisprotsessile &#8211; Andmeid saab vaadata graafikute&#8230;<\/p>\n","protected":false},"featured_media":41485,"comment_status":"open","ping_status":"closed","template":"","meta":{"_acf_changed":false},"product_brand":[735],"product_cat":[17787],"product_tag":[],"class_list":{"0":"post-39990","1":"product","2":"type-product","3":"status-publish","4":"has-post-thumbnail","6":"product_brand-testo","7":"product_cat-temperatuuri-niiskuse-ja-rohu-mootmiseks","9":"first","10":"instock","11":"taxable","12":"shipping-taxable","13":"purchasable","14":"product-type-simple"},"acf":[],"yoast_head":"<!-- This site is optimized with the Yoast SEO plugin v27.0 - https:\/\/yoast.com\/product\/yoast-seo-wordpress\/ -->\n<title>Testo 549i manomeeter (0560 2549 02) - AXIOMA MS<\/title>\n<meta name=\"robots\" content=\"index, follow, max-snippet:-1, max-image-preview:large, max-video-preview:-1\" \/>\n<link rel=\"canonical\" href=\"https:\/\/www.axiomams.eu\/et\/produktas\/testo-549i-manomeeter-0560-2549-02\" \/>\n<meta property=\"og:locale\" content=\"et_EE\" \/>\n<meta property=\"og:type\" content=\"article\" \/>\n<meta property=\"og:title\" content=\"Testo 549i manomeeter (0560 2549 02) - AXIOMA MS\" \/>\n<meta property=\"og:description\" content=\"Kompaktset ja professionaalset testo 549i k\u00f5rgsurvem\u00f5\u00f5turit saab kasutada testo Smart Appi kaudu nutitelefonis v\u00f5i tahvelarvutis. See sobib h\u00e4sti kliimaseadmete ja jahutuss\u00fcsteemide hooldust\u00f6\u00f6deks ja probleemide diagnoosimiseks. Rakendus v\u00f5imaldab ka aurustumise ja kondenseerumise temperatuuride automaatset arvutamist. &#8211; V\u00f5imaldab m\u00f5\u00f5ta nii k\u00f5rget kui ka madalat r\u00f5hku &#8211; Minimaalne k\u00fclmutusaine kadu t\u00e4nu voolikuvabale m\u00f5\u00f5tmisprotsessile &#8211; Andmeid saab vaadata graafikute...\" \/>\n<meta property=\"og:url\" content=\"https:\/\/www.axiomams.eu\/et\/produktas\/testo-549i-manomeeter-0560-2549-02\" \/>\n<meta property=\"og:site_name\" content=\"AXIOMA MS\" \/>\n<meta property=\"article:publisher\" content=\"https:\/\/www.facebook.com\/AxiomaMS\" \/>\n<meta property=\"article:modified_time\" content=\"2026-02-02T12:29:06+00:00\" \/>\n<meta property=\"og:image\" content=\"https:\/\/www.axiomams.eu\/wp-content\/uploads\/2025\/09\/4663-6166.jpg\" \/>\n\t<meta property=\"og:image:width\" content=\"795\" \/>\n\t<meta property=\"og:image:height\" content=\"800\" \/>\n\t<meta property=\"og:image:type\" content=\"image\/jpeg\" \/>\n<meta name=\"twitter:card\" content=\"summary_large_image\" \/>\n<meta name=\"twitter:label1\" content=\"Est. reading time\" \/>\n\t<meta name=\"twitter:data1\" content=\"1 minut\" \/>\n<script type=\"application\/ld+json\" class=\"yoast-schema-graph\">{\"@context\":\"https:\/\/schema.org\",\"@graph\":[{\"@type\":\"WebPage\",\"@id\":\"https:\/\/www.axiomams.eu\/et\/produktas\/testo-549i-manomeeter-0560-2549-02\",\"url\":\"https:\/\/www.axiomams.eu\/et\/produktas\/testo-549i-manomeeter-0560-2549-02\",\"name\":\"Testo 549i manomeeter (0560 2549 02) - AXIOMA MS\",\"isPartOf\":{\"@id\":\"https:\/\/www.axiomams.eu\/et#website\"},\"primaryImageOfPage\":{\"@id\":\"https:\/\/www.axiomams.eu\/et\/produktas\/testo-549i-manomeeter-0560-2549-02#primaryimage\"},\"image\":{\"@id\":\"https:\/\/www.axiomams.eu\/et\/produktas\/testo-549i-manomeeter-0560-2549-02#primaryimage\"},\"thumbnailUrl\":\"https:\/\/www.axiomams.eu\/wp-content\/uploads\/2025\/09\/4663-6166.jpg\",\"datePublished\":\"2025-09-10T13:34:11+00:00\",\"dateModified\":\"2026-02-02T12:29:06+00:00\",\"breadcrumb\":{\"@id\":\"https:\/\/www.axiomams.eu\/et\/produktas\/testo-549i-manomeeter-0560-2549-02#breadcrumb\"},\"inLanguage\":\"et\",\"potentialAction\":[{\"@type\":\"ReadAction\",\"target\":[\"https:\/\/www.axiomams.eu\/et\/produktas\/testo-549i-manomeeter-0560-2549-02\"]}]},{\"@type\":\"ImageObject\",\"inLanguage\":\"et\",\"@id\":\"https:\/\/www.axiomams.eu\/et\/produktas\/testo-549i-manomeeter-0560-2549-02#primaryimage\",\"url\":\"https:\/\/www.axiomams.eu\/wp-content\/uploads\/2025\/09\/4663-6166.jpg\",\"contentUrl\":\"https:\/\/www.axiomams.eu\/wp-content\/uploads\/2025\/09\/4663-6166.jpg\",\"width\":795,\"height\":800},{\"@type\":\"BreadcrumbList\",\"@id\":\"https:\/\/www.axiomams.eu\/et\/produktas\/testo-549i-manomeeter-0560-2549-02#breadcrumb\",\"itemListElement\":[{\"@type\":\"ListItem\",\"position\":1,\"name\":\"Home\",\"item\":\"https:\/\/www.axiomams.eu\/et\"},{\"@type\":\"ListItem\",\"position\":2,\"name\":\"Tooted\",\"item\":\"https:\/\/www.axiomams.eu\/et\/tooted\"},{\"@type\":\"ListItem\",\"position\":3,\"name\":\"Testo 549i manomeeter (0560 2549 02)\"}]},{\"@type\":\"WebSite\",\"@id\":\"https:\/\/www.axiomams.eu\/et#website\",\"url\":\"https:\/\/www.axiomams.eu\/et\",\"name\":\"AXIOMA MS\",\"description\":\"Terrmovizoriai ir matavimo \u012franga\",\"publisher\":{\"@id\":\"https:\/\/www.axiomams.eu\/et#organization\"},\"potentialAction\":[{\"@type\":\"SearchAction\",\"target\":{\"@type\":\"EntryPoint\",\"urlTemplate\":\"https:\/\/www.axiomams.eu\/et?s={search_term_string}\"},\"query-input\":{\"@type\":\"PropertyValueSpecification\",\"valueRequired\":true,\"valueName\":\"search_term_string\"}}],\"inLanguage\":\"et\"},{\"@type\":\"Organization\",\"@id\":\"https:\/\/www.axiomams.eu\/et#organization\",\"name\":\"AXIOMA MS\",\"url\":\"https:\/\/www.axiomams.eu\/et\",\"logo\":{\"@type\":\"ImageObject\",\"inLanguage\":\"et\",\"@id\":\"https:\/\/www.axiomams.eu\/et#\/schema\/logo\/image\/\",\"url\":\"https:\/\/www.axiomams.eu\/wp-content\/uploads\/2025\/06\/axioma-logo-2.png\",\"contentUrl\":\"https:\/\/www.axiomams.eu\/wp-content\/uploads\/2025\/06\/axioma-logo-2.png\",\"width\":1200,\"height\":1200,\"caption\":\"AXIOMA MS\"},\"image\":{\"@id\":\"https:\/\/www.axiomams.eu\/et#\/schema\/logo\/image\/\"},\"sameAs\":[\"https:\/\/www.facebook.com\/AxiomaMS\",\"https:\/\/www.linkedin.com\/company\/axiomams\/\"]}]}<\/script>\n<!-- \/ Yoast SEO plugin. -->","yoast_head_json":{"title":"Testo 549i manomeeter (0560 2549 02) - AXIOMA MS","robots":{"index":"index","follow":"follow","max-snippet":"max-snippet:-1","max-image-preview":"max-image-preview:large","max-video-preview":"max-video-preview:-1"},"canonical":"https:\/\/www.axiomams.eu\/et\/produktas\/testo-549i-manomeeter-0560-2549-02","og_locale":"et_EE","og_type":"article","og_title":"Testo 549i manomeeter (0560 2549 02) - AXIOMA MS","og_description":"Kompaktset ja professionaalset testo 549i k\u00f5rgsurvem\u00f5\u00f5turit saab kasutada testo Smart Appi kaudu nutitelefonis v\u00f5i tahvelarvutis. See sobib h\u00e4sti kliimaseadmete ja jahutuss\u00fcsteemide hooldust\u00f6\u00f6deks ja probleemide diagnoosimiseks. Rakendus v\u00f5imaldab ka aurustumise ja kondenseerumise temperatuuride automaatset arvutamist. &#8211; V\u00f5imaldab m\u00f5\u00f5ta nii k\u00f5rget kui ka madalat r\u00f5hku &#8211; Minimaalne k\u00fclmutusaine kadu t\u00e4nu voolikuvabale m\u00f5\u00f5tmisprotsessile &#8211; Andmeid saab vaadata graafikute...","og_url":"https:\/\/www.axiomams.eu\/et\/produktas\/testo-549i-manomeeter-0560-2549-02","og_site_name":"AXIOMA MS","article_publisher":"https:\/\/www.facebook.com\/AxiomaMS","article_modified_time":"2026-02-02T12:29:06+00:00","og_image":[{"width":795,"height":800,"url":"https:\/\/www.axiomams.eu\/wp-content\/uploads\/2025\/09\/4663-6166.jpg","type":"image\/jpeg"}],"twitter_card":"summary_large_image","twitter_misc":{"Est. reading time":"1 minut"},"schema":{"@context":"https:\/\/schema.org","@graph":[{"@type":"WebPage","@id":"https:\/\/www.axiomams.eu\/et\/produktas\/testo-549i-manomeeter-0560-2549-02","url":"https:\/\/www.axiomams.eu\/et\/produktas\/testo-549i-manomeeter-0560-2549-02","name":"Testo 549i manomeeter (0560 2549 02) - AXIOMA MS","isPartOf":{"@id":"https:\/\/www.axiomams.eu\/et#website"},"primaryImageOfPage":{"@id":"https:\/\/www.axiomams.eu\/et\/produktas\/testo-549i-manomeeter-0560-2549-02#primaryimage"},"image":{"@id":"https:\/\/www.axiomams.eu\/et\/produktas\/testo-549i-manomeeter-0560-2549-02#primaryimage"},"thumbnailUrl":"https:\/\/www.axiomams.eu\/wp-content\/uploads\/2025\/09\/4663-6166.jpg","datePublished":"2025-09-10T13:34:11+00:00","dateModified":"2026-02-02T12:29:06+00:00","breadcrumb":{"@id":"https:\/\/www.axiomams.eu\/et\/produktas\/testo-549i-manomeeter-0560-2549-02#breadcrumb"},"inLanguage":"et","potentialAction":[{"@type":"ReadAction","target":["https:\/\/www.axiomams.eu\/et\/produktas\/testo-549i-manomeeter-0560-2549-02"]}]},{"@type":"ImageObject","inLanguage":"et","@id":"https:\/\/www.axiomams.eu\/et\/produktas\/testo-549i-manomeeter-0560-2549-02#primaryimage","url":"https:\/\/www.axiomams.eu\/wp-content\/uploads\/2025\/09\/4663-6166.jpg","contentUrl":"https:\/\/www.axiomams.eu\/wp-content\/uploads\/2025\/09\/4663-6166.jpg","width":795,"height":800},{"@type":"BreadcrumbList","@id":"https:\/\/www.axiomams.eu\/et\/produktas\/testo-549i-manomeeter-0560-2549-02#breadcrumb","itemListElement":[{"@type":"ListItem","position":1,"name":"Home","item":"https:\/\/www.axiomams.eu\/et"},{"@type":"ListItem","position":2,"name":"Tooted","item":"https:\/\/www.axiomams.eu\/et\/tooted"},{"@type":"ListItem","position":3,"name":"Testo 549i manomeeter (0560 2549 02)"}]},{"@type":"WebSite","@id":"https:\/\/www.axiomams.eu\/et#website","url":"https:\/\/www.axiomams.eu\/et","name":"AXIOMA MS","description":"Terrmovizoriai ir matavimo \u012franga","publisher":{"@id":"https:\/\/www.axiomams.eu\/et#organization"},"potentialAction":[{"@type":"SearchAction","target":{"@type":"EntryPoint","urlTemplate":"https:\/\/www.axiomams.eu\/et?s={search_term_string}"},"query-input":{"@type":"PropertyValueSpecification","valueRequired":true,"valueName":"search_term_string"}}],"inLanguage":"et"},{"@type":"Organization","@id":"https:\/\/www.axiomams.eu\/et#organization","name":"AXIOMA MS","url":"https:\/\/www.axiomams.eu\/et","logo":{"@type":"ImageObject","inLanguage":"et","@id":"https:\/\/www.axiomams.eu\/et#\/schema\/logo\/image\/","url":"https:\/\/www.axiomams.eu\/wp-content\/uploads\/2025\/06\/axioma-logo-2.png","contentUrl":"https:\/\/www.axiomams.eu\/wp-content\/uploads\/2025\/06\/axioma-logo-2.png","width":1200,"height":1200,"caption":"AXIOMA MS"},"image":{"@id":"https:\/\/www.axiomams.eu\/et#\/schema\/logo\/image\/"},"sameAs":["https:\/\/www.facebook.com\/AxiomaMS","https:\/\/www.linkedin.com\/company\/axiomams\/"]}]}},"_links":{"self":[{"href":"https:\/\/www.axiomams.eu\/et\/wp-json\/wp\/v2\/product\/39990","targetHints":{"allow":["GET"]}}],"collection":[{"href":"https:\/\/www.axiomams.eu\/et\/wp-json\/wp\/v2\/product"}],"about":[{"href":"https:\/\/www.axiomams.eu\/et\/wp-json\/wp\/v2\/types\/product"}],"replies":[{"embeddable":true,"href":"https:\/\/www.axiomams.eu\/et\/wp-json\/wp\/v2\/comments?post=39990"}],"wp:featuredmedia":[{"embeddable":true,"href":"https:\/\/www.axiomams.eu\/et\/wp-json\/wp\/v2\/media\/41485"}],"wp:attachment":[{"href":"https:\/\/www.axiomams.eu\/et\/wp-json\/wp\/v2\/media?parent=39990"}],"wp:term":[{"taxonomy":"product_brand","embeddable":true,"href":"https:\/\/www.axiomams.eu\/et\/wp-json\/wp\/v2\/product_brand?post=39990"},{"taxonomy":"product_cat","embeddable":true,"href":"https:\/\/www.axiomams.eu\/et\/wp-json\/wp\/v2\/product_cat?post=39990"},{"taxonomy":"product_tag","embeddable":true,"href":"https:\/\/www.axiomams.eu\/et\/wp-json\/wp\/v2\/product_tag?post=39990"}],"curies":[{"name":"wp","href":"https:\/\/api.w.org\/{rel}","templated":true}]}}