{"id":39994,"date":"2025-09-13T01:00:42","date_gmt":"2025-09-12T23:00:42","guid":{"rendered":"https:\/\/www.axiomams.eu\/produktas\/testo-616-niiskusemootja-0560-6160"},"modified":"2026-02-02T14:29:09","modified_gmt":"2026-02-02T12:29:09","slug":"testo-616-niiskusemootja-0560-6160","status":"publish","type":"product","link":"https:\/\/www.axiomams.eu\/et\/produktas\/testo-616-niiskusemootja-0560-6160","title":{"rendered":"Testo 616 niiskusem\u00f5\u00f5tja (0560 6160)"},"content":{"rendered":"<p>Testo 616 professionaalne niiskusem\u00f5\u00f5tja pakub kiiret, usaldusv\u00e4\u00e4rset ja mitteinvasiivset meetodit puidu ja erinevate ehitusmaterjalide niiskustaseme m\u00e4\u00e4ramiseks. See on ideaalne ehitusspetsialistidele, restaureerijatele ja puidut\u00f6\u00f6tlejatele ning tagab t\u00e4psed n\u00e4itajad, kahjustamata uuritavat materjali.<\/p>\n<p><b>Koostusm\u00f5\u00f5tja testo 616 peamised omadused:<\/b><br \/>\n&#8211; Hindab kiiresti ja suure t\u00e4psusega puidu ja ehitusmaterjalide niiskust<br \/>\n&#8211; M\u00f5\u00f5dab kuni 5 cm s\u00fcgavusel ilma pindu kahjustamata<br \/>\n&#8211; Varustatud 10 eelseadistatud materjalispetsiifilise tunnusk\u00f5veraga<br \/>\n&#8211; Taustavalgustusega ekraan, mis v\u00f5imaldab h\u00f5lpsat lugemist ka h\u00e4marates tingimustes<br \/>\n&#8211; Hoidmisfunktsioon ja min\/max m\u00e4lu t\u00f5husaks andmete salvestamiseks<br \/>\n&#8211; Ergonoomiline disain mugavaks kasutamiseks<\/p>\n<p><b>Kuidas see t\u00f6\u00f6tab:<\/b><br \/>\nValige oma materjalile sobiv iseloomulik k\u00f5ver, seej\u00e4rel asetage m\u00f5\u00f5tek\u00fc\u00fcnal vastu pinda. Seade n\u00e4itab niiskusesisaldust protsentides materjali kuivmassi suhtes. M\u00f5\u00f5tmisi saab salvestada \u00fche nupuvajutusega.<\/p>\n<p><b>Praktilised rakendused:<\/b><br \/>\n&#8211; Niiskuskahjustuste tuvastamine seintes ja p\u00f5randates, kasutades mittepurustavat tehnikat.<br \/>\n&#8211; Kuivatusprotsessi j\u00e4lgimine p\u00e4rast veekahjustust, sealhulgas ehitus- ja taastamist\u00f6\u00f6de j\u00e4lgimine<br \/>\n&#8211; Ladustatud puidu niiskustaseme kontrollimine enne t\u00f6\u00f6tlemist tislerit\u00f6\u00f6de v\u00f5i puusepat\u00f6\u00f6de puhul<\/p>\n<p>Standardkomplekt: testo 616 niiskusem\u00f5\u00f5tja, kalibreerimisprotokoll, patareid.<br \/>\nKood: 0560 6160<\/p>\n<h3>Tehniline teave:<\/h3>\n<ul>\n<li><a href=\"https:\/\/axiomams.eu\/importer\/export\/attachments\/en\/testo-616.pdf\" target=\"_blank\">testo 616.pdf<\/a><\/li>\n<\/ul>\n","protected":false},"excerpt":{"rendered":"<p>Testo 616 professionaalne niiskusem\u00f5\u00f5tja pakub kiiret, usaldusv\u00e4\u00e4rset ja mitteinvasiivset meetodit puidu ja erinevate ehitusmaterjalide niiskustaseme m\u00e4\u00e4ramiseks. See on ideaalne ehitusspetsialistidele, restaureerijatele ja puidut\u00f6\u00f6tlejatele ning tagab t\u00e4psed n\u00e4itajad, kahjustamata uuritavat materjali. Koostusm\u00f5\u00f5tja testo 616 peamised omadused: &#8211; Hindab kiiresti ja suure t\u00e4psusega puidu ja ehitusmaterjalide niiskust &#8211; M\u00f5\u00f5dab kuni 5 cm s\u00fcgavusel ilma pindu kahjustamata &#8211;&#8230;<\/p>\n","protected":false},"featured_media":41495,"comment_status":"open","ping_status":"closed","template":"","meta":{"_acf_changed":false},"product_brand":[735],"product_cat":[17808],"product_tag":[],"class_list":{"0":"post-39994","1":"product","2":"type-product","3":"status-publish","4":"has-post-thumbnail","6":"product_brand-testo","7":"product_cat-materjalide-niiskuse-mootmiseks","9":"first","10":"instock","11":"taxable","12":"shipping-taxable","13":"purchasable","14":"product-type-simple"},"acf":[],"yoast_head":"<!-- This site is optimized with the Yoast SEO plugin v27.0 - https:\/\/yoast.com\/product\/yoast-seo-wordpress\/ -->\n<title>Testo 616 niiskusem\u00f5\u00f5tja (0560 6160) - AXIOMA MS<\/title>\n<meta name=\"robots\" content=\"index, follow, max-snippet:-1, max-image-preview:large, max-video-preview:-1\" \/>\n<link rel=\"canonical\" href=\"https:\/\/www.axiomams.eu\/et\/produktas\/testo-616-niiskusemootja-0560-6160\" \/>\n<meta property=\"og:locale\" content=\"et_EE\" \/>\n<meta property=\"og:type\" content=\"article\" \/>\n<meta property=\"og:title\" content=\"Testo 616 niiskusem\u00f5\u00f5tja (0560 6160) - AXIOMA MS\" \/>\n<meta property=\"og:description\" content=\"Testo 616 professionaalne niiskusem\u00f5\u00f5tja pakub kiiret, usaldusv\u00e4\u00e4rset ja mitteinvasiivset meetodit puidu ja erinevate ehitusmaterjalide niiskustaseme m\u00e4\u00e4ramiseks. See on ideaalne ehitusspetsialistidele, restaureerijatele ja puidut\u00f6\u00f6tlejatele ning tagab t\u00e4psed n\u00e4itajad, kahjustamata uuritavat materjali. Koostusm\u00f5\u00f5tja testo 616 peamised omadused: &#8211; Hindab kiiresti ja suure t\u00e4psusega puidu ja ehitusmaterjalide niiskust &#8211; M\u00f5\u00f5dab kuni 5 cm s\u00fcgavusel ilma pindu kahjustamata &#8211;...\" \/>\n<meta property=\"og:url\" content=\"https:\/\/www.axiomams.eu\/et\/produktas\/testo-616-niiskusemootja-0560-6160\" \/>\n<meta property=\"og:site_name\" content=\"AXIOMA MS\" \/>\n<meta property=\"article:publisher\" content=\"https:\/\/www.facebook.com\/AxiomaMS\" \/>\n<meta property=\"article:modified_time\" content=\"2026-02-02T12:29:09+00:00\" \/>\n<meta property=\"og:image\" content=\"https:\/\/www.axiomams.eu\/wp-content\/uploads\/2025\/09\/4667-6168.jpg\" \/>\n\t<meta property=\"og:image:width\" content=\"800\" \/>\n\t<meta property=\"og:image:height\" content=\"800\" \/>\n\t<meta property=\"og:image:type\" content=\"image\/jpeg\" \/>\n<meta name=\"twitter:card\" content=\"summary_large_image\" \/>\n<meta name=\"twitter:label1\" content=\"Est. reading time\" \/>\n\t<meta name=\"twitter:data1\" content=\"1 minut\" \/>\n<script type=\"application\/ld+json\" class=\"yoast-schema-graph\">{\"@context\":\"https:\/\/schema.org\",\"@graph\":[{\"@type\":\"WebPage\",\"@id\":\"https:\/\/www.axiomams.eu\/et\/produktas\/testo-616-niiskusemootja-0560-6160\",\"url\":\"https:\/\/www.axiomams.eu\/et\/produktas\/testo-616-niiskusemootja-0560-6160\",\"name\":\"Testo 616 niiskusem\u00f5\u00f5tja (0560 6160) - AXIOMA MS\",\"isPartOf\":{\"@id\":\"https:\/\/www.axiomams.eu\/et#website\"},\"primaryImageOfPage\":{\"@id\":\"https:\/\/www.axiomams.eu\/et\/produktas\/testo-616-niiskusemootja-0560-6160#primaryimage\"},\"image\":{\"@id\":\"https:\/\/www.axiomams.eu\/et\/produktas\/testo-616-niiskusemootja-0560-6160#primaryimage\"},\"thumbnailUrl\":\"https:\/\/www.axiomams.eu\/wp-content\/uploads\/2025\/09\/4667-6168.jpg\",\"datePublished\":\"2025-09-12T23:00:42+00:00\",\"dateModified\":\"2026-02-02T12:29:09+00:00\",\"breadcrumb\":{\"@id\":\"https:\/\/www.axiomams.eu\/et\/produktas\/testo-616-niiskusemootja-0560-6160#breadcrumb\"},\"inLanguage\":\"et\",\"potentialAction\":[{\"@type\":\"ReadAction\",\"target\":[\"https:\/\/www.axiomams.eu\/et\/produktas\/testo-616-niiskusemootja-0560-6160\"]}]},{\"@type\":\"ImageObject\",\"inLanguage\":\"et\",\"@id\":\"https:\/\/www.axiomams.eu\/et\/produktas\/testo-616-niiskusemootja-0560-6160#primaryimage\",\"url\":\"https:\/\/www.axiomams.eu\/wp-content\/uploads\/2025\/09\/4667-6168.jpg\",\"contentUrl\":\"https:\/\/www.axiomams.eu\/wp-content\/uploads\/2025\/09\/4667-6168.jpg\",\"width\":800,\"height\":800},{\"@type\":\"BreadcrumbList\",\"@id\":\"https:\/\/www.axiomams.eu\/et\/produktas\/testo-616-niiskusemootja-0560-6160#breadcrumb\",\"itemListElement\":[{\"@type\":\"ListItem\",\"position\":1,\"name\":\"Home\",\"item\":\"https:\/\/www.axiomams.eu\/et\"},{\"@type\":\"ListItem\",\"position\":2,\"name\":\"Tooted\",\"item\":\"https:\/\/www.axiomams.eu\/et\/tooted\"},{\"@type\":\"ListItem\",\"position\":3,\"name\":\"Testo 616 niiskusem\u00f5\u00f5tja (0560 6160)\"}]},{\"@type\":\"WebSite\",\"@id\":\"https:\/\/www.axiomams.eu\/et#website\",\"url\":\"https:\/\/www.axiomams.eu\/et\",\"name\":\"AXIOMA MS\",\"description\":\"Terrmovizoriai ir matavimo \u012franga\",\"publisher\":{\"@id\":\"https:\/\/www.axiomams.eu\/et#organization\"},\"potentialAction\":[{\"@type\":\"SearchAction\",\"target\":{\"@type\":\"EntryPoint\",\"urlTemplate\":\"https:\/\/www.axiomams.eu\/et?s={search_term_string}\"},\"query-input\":{\"@type\":\"PropertyValueSpecification\",\"valueRequired\":true,\"valueName\":\"search_term_string\"}}],\"inLanguage\":\"et\"},{\"@type\":\"Organization\",\"@id\":\"https:\/\/www.axiomams.eu\/et#organization\",\"name\":\"AXIOMA MS\",\"url\":\"https:\/\/www.axiomams.eu\/et\",\"logo\":{\"@type\":\"ImageObject\",\"inLanguage\":\"et\",\"@id\":\"https:\/\/www.axiomams.eu\/et#\/schema\/logo\/image\/\",\"url\":\"https:\/\/www.axiomams.eu\/wp-content\/uploads\/2025\/06\/axioma-logo-2.png\",\"contentUrl\":\"https:\/\/www.axiomams.eu\/wp-content\/uploads\/2025\/06\/axioma-logo-2.png\",\"width\":1200,\"height\":1200,\"caption\":\"AXIOMA MS\"},\"image\":{\"@id\":\"https:\/\/www.axiomams.eu\/et#\/schema\/logo\/image\/\"},\"sameAs\":[\"https:\/\/www.facebook.com\/AxiomaMS\",\"https:\/\/www.linkedin.com\/company\/axiomams\/\"]}]}<\/script>\n<!-- \/ Yoast SEO plugin. -->","yoast_head_json":{"title":"Testo 616 niiskusem\u00f5\u00f5tja (0560 6160) - AXIOMA MS","robots":{"index":"index","follow":"follow","max-snippet":"max-snippet:-1","max-image-preview":"max-image-preview:large","max-video-preview":"max-video-preview:-1"},"canonical":"https:\/\/www.axiomams.eu\/et\/produktas\/testo-616-niiskusemootja-0560-6160","og_locale":"et_EE","og_type":"article","og_title":"Testo 616 niiskusem\u00f5\u00f5tja (0560 6160) - AXIOMA MS","og_description":"Testo 616 professionaalne niiskusem\u00f5\u00f5tja pakub kiiret, usaldusv\u00e4\u00e4rset ja mitteinvasiivset meetodit puidu ja erinevate ehitusmaterjalide niiskustaseme m\u00e4\u00e4ramiseks. See on ideaalne ehitusspetsialistidele, restaureerijatele ja puidut\u00f6\u00f6tlejatele ning tagab t\u00e4psed n\u00e4itajad, kahjustamata uuritavat materjali. Koostusm\u00f5\u00f5tja testo 616 peamised omadused: &#8211; Hindab kiiresti ja suure t\u00e4psusega puidu ja ehitusmaterjalide niiskust &#8211; M\u00f5\u00f5dab kuni 5 cm s\u00fcgavusel ilma pindu kahjustamata &#8211;...","og_url":"https:\/\/www.axiomams.eu\/et\/produktas\/testo-616-niiskusemootja-0560-6160","og_site_name":"AXIOMA MS","article_publisher":"https:\/\/www.facebook.com\/AxiomaMS","article_modified_time":"2026-02-02T12:29:09+00:00","og_image":[{"width":800,"height":800,"url":"https:\/\/www.axiomams.eu\/wp-content\/uploads\/2025\/09\/4667-6168.jpg","type":"image\/jpeg"}],"twitter_card":"summary_large_image","twitter_misc":{"Est. reading time":"1 minut"},"schema":{"@context":"https:\/\/schema.org","@graph":[{"@type":"WebPage","@id":"https:\/\/www.axiomams.eu\/et\/produktas\/testo-616-niiskusemootja-0560-6160","url":"https:\/\/www.axiomams.eu\/et\/produktas\/testo-616-niiskusemootja-0560-6160","name":"Testo 616 niiskusem\u00f5\u00f5tja (0560 6160) - AXIOMA MS","isPartOf":{"@id":"https:\/\/www.axiomams.eu\/et#website"},"primaryImageOfPage":{"@id":"https:\/\/www.axiomams.eu\/et\/produktas\/testo-616-niiskusemootja-0560-6160#primaryimage"},"image":{"@id":"https:\/\/www.axiomams.eu\/et\/produktas\/testo-616-niiskusemootja-0560-6160#primaryimage"},"thumbnailUrl":"https:\/\/www.axiomams.eu\/wp-content\/uploads\/2025\/09\/4667-6168.jpg","datePublished":"2025-09-12T23:00:42+00:00","dateModified":"2026-02-02T12:29:09+00:00","breadcrumb":{"@id":"https:\/\/www.axiomams.eu\/et\/produktas\/testo-616-niiskusemootja-0560-6160#breadcrumb"},"inLanguage":"et","potentialAction":[{"@type":"ReadAction","target":["https:\/\/www.axiomams.eu\/et\/produktas\/testo-616-niiskusemootja-0560-6160"]}]},{"@type":"ImageObject","inLanguage":"et","@id":"https:\/\/www.axiomams.eu\/et\/produktas\/testo-616-niiskusemootja-0560-6160#primaryimage","url":"https:\/\/www.axiomams.eu\/wp-content\/uploads\/2025\/09\/4667-6168.jpg","contentUrl":"https:\/\/www.axiomams.eu\/wp-content\/uploads\/2025\/09\/4667-6168.jpg","width":800,"height":800},{"@type":"BreadcrumbList","@id":"https:\/\/www.axiomams.eu\/et\/produktas\/testo-616-niiskusemootja-0560-6160#breadcrumb","itemListElement":[{"@type":"ListItem","position":1,"name":"Home","item":"https:\/\/www.axiomams.eu\/et"},{"@type":"ListItem","position":2,"name":"Tooted","item":"https:\/\/www.axiomams.eu\/et\/tooted"},{"@type":"ListItem","position":3,"name":"Testo 616 niiskusem\u00f5\u00f5tja (0560 6160)"}]},{"@type":"WebSite","@id":"https:\/\/www.axiomams.eu\/et#website","url":"https:\/\/www.axiomams.eu\/et","name":"AXIOMA MS","description":"Terrmovizoriai ir matavimo \u012franga","publisher":{"@id":"https:\/\/www.axiomams.eu\/et#organization"},"potentialAction":[{"@type":"SearchAction","target":{"@type":"EntryPoint","urlTemplate":"https:\/\/www.axiomams.eu\/et?s={search_term_string}"},"query-input":{"@type":"PropertyValueSpecification","valueRequired":true,"valueName":"search_term_string"}}],"inLanguage":"et"},{"@type":"Organization","@id":"https:\/\/www.axiomams.eu\/et#organization","name":"AXIOMA MS","url":"https:\/\/www.axiomams.eu\/et","logo":{"@type":"ImageObject","inLanguage":"et","@id":"https:\/\/www.axiomams.eu\/et#\/schema\/logo\/image\/","url":"https:\/\/www.axiomams.eu\/wp-content\/uploads\/2025\/06\/axioma-logo-2.png","contentUrl":"https:\/\/www.axiomams.eu\/wp-content\/uploads\/2025\/06\/axioma-logo-2.png","width":1200,"height":1200,"caption":"AXIOMA MS"},"image":{"@id":"https:\/\/www.axiomams.eu\/et#\/schema\/logo\/image\/"},"sameAs":["https:\/\/www.facebook.com\/AxiomaMS","https:\/\/www.linkedin.com\/company\/axiomams\/"]}]}},"_links":{"self":[{"href":"https:\/\/www.axiomams.eu\/et\/wp-json\/wp\/v2\/product\/39994","targetHints":{"allow":["GET"]}}],"collection":[{"href":"https:\/\/www.axiomams.eu\/et\/wp-json\/wp\/v2\/product"}],"about":[{"href":"https:\/\/www.axiomams.eu\/et\/wp-json\/wp\/v2\/types\/product"}],"replies":[{"embeddable":true,"href":"https:\/\/www.axiomams.eu\/et\/wp-json\/wp\/v2\/comments?post=39994"}],"wp:featuredmedia":[{"embeddable":true,"href":"https:\/\/www.axiomams.eu\/et\/wp-json\/wp\/v2\/media\/41495"}],"wp:attachment":[{"href":"https:\/\/www.axiomams.eu\/et\/wp-json\/wp\/v2\/media?parent=39994"}],"wp:term":[{"taxonomy":"product_brand","embeddable":true,"href":"https:\/\/www.axiomams.eu\/et\/wp-json\/wp\/v2\/product_brand?post=39994"},{"taxonomy":"product_cat","embeddable":true,"href":"https:\/\/www.axiomams.eu\/et\/wp-json\/wp\/v2\/product_cat?post=39994"},{"taxonomy":"product_tag","embeddable":true,"href":"https:\/\/www.axiomams.eu\/et\/wp-json\/wp\/v2\/product_tag?post=39994"}],"curies":[{"name":"wp","href":"https:\/\/api.w.org\/{rel}","templated":true}]}}