{"id":39996,"date":"2025-09-13T01:00:45","date_gmt":"2025-09-12T23:00:45","guid":{"rendered":"https:\/\/www.axiomams.eu\/produktas\/testo-625-termohugromeeter-0563-1625"},"modified":"2026-02-02T14:29:10","modified_gmt":"2026-02-02T12:29:10","slug":"testo-625-termohugromeeter-0563-1625","status":"publish","type":"product","link":"https:\/\/www.axiomams.eu\/et\/produktas\/testo-625-termohugromeeter-0563-1625","title":{"rendered":"Testo 625 termoh\u00fcgromeeter (0563 1625)"},"content":{"rendered":"<p>Kompaktne termoh\u00fcgromeeter testo 625 v\u00f5imaldab kiiret, t\u00e4pset ja kasutajas\u00f5bralikku \u00f5hutemperatuuri ja suhtelise \u00f5huniiskuse m\u00f5\u00f5tmist, mis muudab selle ideaalseks sise\u00f5hu kvaliteedi hindamiseks v\u00f5i n\u00f5uetekohaste keskkonnatingimuste s\u00e4ilitamiseks laoruumides.<\/p>\n<p><b>Termoh\u00fcgromeetri testo 625 p\u00f5hiomadused:<\/b><br \/>\n&#8211; M\u00f5\u00f5dab t\u00e4pselt ja kiiresti \u00f5hutemperatuuri ja suhtelist \u00f5huniiskust<br \/>\n&#8211; Arvutab automaatselt kastepunkti ja niiske \u00f5hutemperatuuri<br \/>\n&#8211; Kuvab aja- ja punktkeskmised n\u00e4itajad<br \/>\n&#8211; Helisignaal hoiatab teid, kui seatud piirm\u00e4\u00e4rad on \u00fcletatud<\/p>\n<p><b>T\u00e4iendatud funktsionaalsus koos testo Smart Appiga:<\/b><br \/>\n&#8211; M\u00f5\u00f5teriista lihtne seadistamine ja konfigureerimine<br \/>\n&#8211; Vaadake reaalajas m\u00f5\u00f5tmisgraafikuid teise ekraanina<br \/>\n&#8211; S\u00e4ilitage ja hallake k\u00f5iki m\u00f5\u00f5teandmeid mugavalt<br \/>\n&#8211; Korraldage t\u00f5husalt kliendi ja tegevuskoha teavet<br \/>\n&#8211; Luua ja dokumenteerida m\u00f5\u00f5tmistulemused otse kohapeal<br \/>\n&#8211; Saatke koheselt professionaalseid aruandeid e-kirja teel<\/p>\n<p>Standardkomplekt: testo 625 termoh\u00fcgromeeter, transpordikott, kalibreerimisprotokoll, patareid.<br \/>\nKood: 0563 1625<\/p>\n<p><iframe loading=\"lazy\" width=\"560\" height=\"315\" src=\"https:\/\/www.youtube.com\/embed\/iZ3_4xtbtmU?si=GRoiU2TTfHqVoEMR\" title=\"YouTube videopleier\" frameborder=\"0\" allow=\"accelerometer; autoplay; clipboard-write; encrypted-media; gyroscope; picture-in-picture; web-share\" referrerpolicy=\"strict-origin-when-cross-origin\" allowfullscreen><\/iframe><\/p>\n<h3>Tehniline teave:<\/h3>\n<ul>\n<li><a href=\"https:\/\/axiomams.eu\/importer\/export\/attachments\/en\/testo-625.pdf\" target=\"_blank\">testo 625.pdf<\/a><\/li>\n<\/ul>\n","protected":false},"excerpt":{"rendered":"<p>Kompaktne termoh\u00fcgromeeter testo 625 v\u00f5imaldab kiiret, t\u00e4pset ja kasutajas\u00f5bralikku \u00f5hutemperatuuri ja suhtelise \u00f5huniiskuse m\u00f5\u00f5tmist, mis muudab selle ideaalseks sise\u00f5hu kvaliteedi hindamiseks v\u00f5i n\u00f5uetekohaste keskkonnatingimuste s\u00e4ilitamiseks laoruumides. Termoh\u00fcgromeetri testo 625 p\u00f5hiomadused: &#8211; M\u00f5\u00f5dab t\u00e4pselt ja kiiresti \u00f5hutemperatuuri ja suhtelist \u00f5huniiskust &#8211; Arvutab automaatselt kastepunkti ja niiske \u00f5hutemperatuuri &#8211; Kuvab aja- ja punktkeskmised n\u00e4itajad &#8211; Helisignaal hoiatab&#8230;<\/p>\n","protected":false},"featured_media":41499,"comment_status":"open","ping_status":"closed","template":"","meta":{"_acf_changed":false},"product_brand":[735],"product_cat":[17791],"product_tag":[],"class_list":{"0":"post-39996","1":"product","2":"type-product","3":"status-publish","4":"has-post-thumbnail","6":"product_brand-testo","7":"product_cat-andmelogijad","9":"first","10":"instock","11":"taxable","12":"shipping-taxable","13":"purchasable","14":"product-type-simple"},"acf":[],"yoast_head":"<!-- This site is optimized with the Yoast SEO plugin v27.0 - https:\/\/yoast.com\/product\/yoast-seo-wordpress\/ -->\n<title>Testo 625 termoh\u00fcgromeeter (0563 1625) - AXIOMA MS<\/title>\n<meta name=\"robots\" content=\"index, follow, max-snippet:-1, max-image-preview:large, max-video-preview:-1\" \/>\n<link rel=\"canonical\" href=\"https:\/\/www.axiomams.eu\/et\/produktas\/testo-625-termohugromeeter-0563-1625\" \/>\n<meta property=\"og:locale\" content=\"et_EE\" \/>\n<meta property=\"og:type\" content=\"article\" \/>\n<meta property=\"og:title\" content=\"Testo 625 termoh\u00fcgromeeter (0563 1625) - AXIOMA MS\" \/>\n<meta property=\"og:description\" content=\"Kompaktne termoh\u00fcgromeeter testo 625 v\u00f5imaldab kiiret, t\u00e4pset ja kasutajas\u00f5bralikku \u00f5hutemperatuuri ja suhtelise \u00f5huniiskuse m\u00f5\u00f5tmist, mis muudab selle ideaalseks sise\u00f5hu kvaliteedi hindamiseks v\u00f5i n\u00f5uetekohaste keskkonnatingimuste s\u00e4ilitamiseks laoruumides. Termoh\u00fcgromeetri testo 625 p\u00f5hiomadused: &#8211; M\u00f5\u00f5dab t\u00e4pselt ja kiiresti \u00f5hutemperatuuri ja suhtelist \u00f5huniiskust &#8211; Arvutab automaatselt kastepunkti ja niiske \u00f5hutemperatuuri &#8211; Kuvab aja- ja punktkeskmised n\u00e4itajad &#8211; Helisignaal hoiatab...\" \/>\n<meta property=\"og:url\" content=\"https:\/\/www.axiomams.eu\/et\/produktas\/testo-625-termohugromeeter-0563-1625\" \/>\n<meta property=\"og:site_name\" content=\"AXIOMA MS\" \/>\n<meta property=\"article:publisher\" content=\"https:\/\/www.facebook.com\/AxiomaMS\" \/>\n<meta property=\"article:modified_time\" content=\"2026-02-02T12:29:10+00:00\" \/>\n<meta property=\"og:image\" content=\"https:\/\/www.axiomams.eu\/wp-content\/uploads\/2025\/09\/4668-6169.jpg\" \/>\n\t<meta property=\"og:image:width\" content=\"800\" \/>\n\t<meta property=\"og:image:height\" content=\"800\" \/>\n\t<meta property=\"og:image:type\" content=\"image\/jpeg\" \/>\n<meta name=\"twitter:card\" content=\"summary_large_image\" \/>\n<meta name=\"twitter:label1\" content=\"Est. reading time\" \/>\n\t<meta name=\"twitter:data1\" content=\"1 minut\" \/>\n<script type=\"application\/ld+json\" class=\"yoast-schema-graph\">{\"@context\":\"https:\/\/schema.org\",\"@graph\":[{\"@type\":\"WebPage\",\"@id\":\"https:\/\/www.axiomams.eu\/et\/produktas\/testo-625-termohugromeeter-0563-1625\",\"url\":\"https:\/\/www.axiomams.eu\/et\/produktas\/testo-625-termohugromeeter-0563-1625\",\"name\":\"Testo 625 termoh\u00fcgromeeter (0563 1625) - AXIOMA MS\",\"isPartOf\":{\"@id\":\"https:\/\/www.axiomams.eu\/et#website\"},\"primaryImageOfPage\":{\"@id\":\"https:\/\/www.axiomams.eu\/et\/produktas\/testo-625-termohugromeeter-0563-1625#primaryimage\"},\"image\":{\"@id\":\"https:\/\/www.axiomams.eu\/et\/produktas\/testo-625-termohugromeeter-0563-1625#primaryimage\"},\"thumbnailUrl\":\"https:\/\/www.axiomams.eu\/wp-content\/uploads\/2025\/09\/4668-6169.jpg\",\"datePublished\":\"2025-09-12T23:00:45+00:00\",\"dateModified\":\"2026-02-02T12:29:10+00:00\",\"breadcrumb\":{\"@id\":\"https:\/\/www.axiomams.eu\/et\/produktas\/testo-625-termohugromeeter-0563-1625#breadcrumb\"},\"inLanguage\":\"et\",\"potentialAction\":[{\"@type\":\"ReadAction\",\"target\":[\"https:\/\/www.axiomams.eu\/et\/produktas\/testo-625-termohugromeeter-0563-1625\"]}]},{\"@type\":\"ImageObject\",\"inLanguage\":\"et\",\"@id\":\"https:\/\/www.axiomams.eu\/et\/produktas\/testo-625-termohugromeeter-0563-1625#primaryimage\",\"url\":\"https:\/\/www.axiomams.eu\/wp-content\/uploads\/2025\/09\/4668-6169.jpg\",\"contentUrl\":\"https:\/\/www.axiomams.eu\/wp-content\/uploads\/2025\/09\/4668-6169.jpg\",\"width\":800,\"height\":800},{\"@type\":\"BreadcrumbList\",\"@id\":\"https:\/\/www.axiomams.eu\/et\/produktas\/testo-625-termohugromeeter-0563-1625#breadcrumb\",\"itemListElement\":[{\"@type\":\"ListItem\",\"position\":1,\"name\":\"Home\",\"item\":\"https:\/\/www.axiomams.eu\/et\"},{\"@type\":\"ListItem\",\"position\":2,\"name\":\"Tooted\",\"item\":\"https:\/\/www.axiomams.eu\/et\/tooted\"},{\"@type\":\"ListItem\",\"position\":3,\"name\":\"Testo 625 termoh\u00fcgromeeter (0563 1625)\"}]},{\"@type\":\"WebSite\",\"@id\":\"https:\/\/www.axiomams.eu\/et#website\",\"url\":\"https:\/\/www.axiomams.eu\/et\",\"name\":\"AXIOMA MS\",\"description\":\"Terrmovizoriai ir matavimo \u012franga\",\"publisher\":{\"@id\":\"https:\/\/www.axiomams.eu\/et#organization\"},\"potentialAction\":[{\"@type\":\"SearchAction\",\"target\":{\"@type\":\"EntryPoint\",\"urlTemplate\":\"https:\/\/www.axiomams.eu\/et?s={search_term_string}\"},\"query-input\":{\"@type\":\"PropertyValueSpecification\",\"valueRequired\":true,\"valueName\":\"search_term_string\"}}],\"inLanguage\":\"et\"},{\"@type\":\"Organization\",\"@id\":\"https:\/\/www.axiomams.eu\/et#organization\",\"name\":\"AXIOMA MS\",\"url\":\"https:\/\/www.axiomams.eu\/et\",\"logo\":{\"@type\":\"ImageObject\",\"inLanguage\":\"et\",\"@id\":\"https:\/\/www.axiomams.eu\/et#\/schema\/logo\/image\/\",\"url\":\"https:\/\/www.axiomams.eu\/wp-content\/uploads\/2025\/06\/axioma-logo-2.png\",\"contentUrl\":\"https:\/\/www.axiomams.eu\/wp-content\/uploads\/2025\/06\/axioma-logo-2.png\",\"width\":1200,\"height\":1200,\"caption\":\"AXIOMA MS\"},\"image\":{\"@id\":\"https:\/\/www.axiomams.eu\/et#\/schema\/logo\/image\/\"},\"sameAs\":[\"https:\/\/www.facebook.com\/AxiomaMS\",\"https:\/\/www.linkedin.com\/company\/axiomams\/\"]}]}<\/script>\n<!-- \/ Yoast SEO plugin. -->","yoast_head_json":{"title":"Testo 625 termoh\u00fcgromeeter (0563 1625) - AXIOMA MS","robots":{"index":"index","follow":"follow","max-snippet":"max-snippet:-1","max-image-preview":"max-image-preview:large","max-video-preview":"max-video-preview:-1"},"canonical":"https:\/\/www.axiomams.eu\/et\/produktas\/testo-625-termohugromeeter-0563-1625","og_locale":"et_EE","og_type":"article","og_title":"Testo 625 termoh\u00fcgromeeter (0563 1625) - AXIOMA MS","og_description":"Kompaktne termoh\u00fcgromeeter testo 625 v\u00f5imaldab kiiret, t\u00e4pset ja kasutajas\u00f5bralikku \u00f5hutemperatuuri ja suhtelise \u00f5huniiskuse m\u00f5\u00f5tmist, mis muudab selle ideaalseks sise\u00f5hu kvaliteedi hindamiseks v\u00f5i n\u00f5uetekohaste keskkonnatingimuste s\u00e4ilitamiseks laoruumides. Termoh\u00fcgromeetri testo 625 p\u00f5hiomadused: &#8211; M\u00f5\u00f5dab t\u00e4pselt ja kiiresti \u00f5hutemperatuuri ja suhtelist \u00f5huniiskust &#8211; Arvutab automaatselt kastepunkti ja niiske \u00f5hutemperatuuri &#8211; Kuvab aja- ja punktkeskmised n\u00e4itajad &#8211; Helisignaal hoiatab...","og_url":"https:\/\/www.axiomams.eu\/et\/produktas\/testo-625-termohugromeeter-0563-1625","og_site_name":"AXIOMA MS","article_publisher":"https:\/\/www.facebook.com\/AxiomaMS","article_modified_time":"2026-02-02T12:29:10+00:00","og_image":[{"width":800,"height":800,"url":"https:\/\/www.axiomams.eu\/wp-content\/uploads\/2025\/09\/4668-6169.jpg","type":"image\/jpeg"}],"twitter_card":"summary_large_image","twitter_misc":{"Est. reading time":"1 minut"},"schema":{"@context":"https:\/\/schema.org","@graph":[{"@type":"WebPage","@id":"https:\/\/www.axiomams.eu\/et\/produktas\/testo-625-termohugromeeter-0563-1625","url":"https:\/\/www.axiomams.eu\/et\/produktas\/testo-625-termohugromeeter-0563-1625","name":"Testo 625 termoh\u00fcgromeeter (0563 1625) - AXIOMA MS","isPartOf":{"@id":"https:\/\/www.axiomams.eu\/et#website"},"primaryImageOfPage":{"@id":"https:\/\/www.axiomams.eu\/et\/produktas\/testo-625-termohugromeeter-0563-1625#primaryimage"},"image":{"@id":"https:\/\/www.axiomams.eu\/et\/produktas\/testo-625-termohugromeeter-0563-1625#primaryimage"},"thumbnailUrl":"https:\/\/www.axiomams.eu\/wp-content\/uploads\/2025\/09\/4668-6169.jpg","datePublished":"2025-09-12T23:00:45+00:00","dateModified":"2026-02-02T12:29:10+00:00","breadcrumb":{"@id":"https:\/\/www.axiomams.eu\/et\/produktas\/testo-625-termohugromeeter-0563-1625#breadcrumb"},"inLanguage":"et","potentialAction":[{"@type":"ReadAction","target":["https:\/\/www.axiomams.eu\/et\/produktas\/testo-625-termohugromeeter-0563-1625"]}]},{"@type":"ImageObject","inLanguage":"et","@id":"https:\/\/www.axiomams.eu\/et\/produktas\/testo-625-termohugromeeter-0563-1625#primaryimage","url":"https:\/\/www.axiomams.eu\/wp-content\/uploads\/2025\/09\/4668-6169.jpg","contentUrl":"https:\/\/www.axiomams.eu\/wp-content\/uploads\/2025\/09\/4668-6169.jpg","width":800,"height":800},{"@type":"BreadcrumbList","@id":"https:\/\/www.axiomams.eu\/et\/produktas\/testo-625-termohugromeeter-0563-1625#breadcrumb","itemListElement":[{"@type":"ListItem","position":1,"name":"Home","item":"https:\/\/www.axiomams.eu\/et"},{"@type":"ListItem","position":2,"name":"Tooted","item":"https:\/\/www.axiomams.eu\/et\/tooted"},{"@type":"ListItem","position":3,"name":"Testo 625 termoh\u00fcgromeeter (0563 1625)"}]},{"@type":"WebSite","@id":"https:\/\/www.axiomams.eu\/et#website","url":"https:\/\/www.axiomams.eu\/et","name":"AXIOMA MS","description":"Terrmovizoriai ir matavimo \u012franga","publisher":{"@id":"https:\/\/www.axiomams.eu\/et#organization"},"potentialAction":[{"@type":"SearchAction","target":{"@type":"EntryPoint","urlTemplate":"https:\/\/www.axiomams.eu\/et?s={search_term_string}"},"query-input":{"@type":"PropertyValueSpecification","valueRequired":true,"valueName":"search_term_string"}}],"inLanguage":"et"},{"@type":"Organization","@id":"https:\/\/www.axiomams.eu\/et#organization","name":"AXIOMA MS","url":"https:\/\/www.axiomams.eu\/et","logo":{"@type":"ImageObject","inLanguage":"et","@id":"https:\/\/www.axiomams.eu\/et#\/schema\/logo\/image\/","url":"https:\/\/www.axiomams.eu\/wp-content\/uploads\/2025\/06\/axioma-logo-2.png","contentUrl":"https:\/\/www.axiomams.eu\/wp-content\/uploads\/2025\/06\/axioma-logo-2.png","width":1200,"height":1200,"caption":"AXIOMA MS"},"image":{"@id":"https:\/\/www.axiomams.eu\/et#\/schema\/logo\/image\/"},"sameAs":["https:\/\/www.facebook.com\/AxiomaMS","https:\/\/www.linkedin.com\/company\/axiomams\/"]}]}},"_links":{"self":[{"href":"https:\/\/www.axiomams.eu\/et\/wp-json\/wp\/v2\/product\/39996","targetHints":{"allow":["GET"]}}],"collection":[{"href":"https:\/\/www.axiomams.eu\/et\/wp-json\/wp\/v2\/product"}],"about":[{"href":"https:\/\/www.axiomams.eu\/et\/wp-json\/wp\/v2\/types\/product"}],"replies":[{"embeddable":true,"href":"https:\/\/www.axiomams.eu\/et\/wp-json\/wp\/v2\/comments?post=39996"}],"wp:featuredmedia":[{"embeddable":true,"href":"https:\/\/www.axiomams.eu\/et\/wp-json\/wp\/v2\/media\/41499"}],"wp:attachment":[{"href":"https:\/\/www.axiomams.eu\/et\/wp-json\/wp\/v2\/media?parent=39996"}],"wp:term":[{"taxonomy":"product_brand","embeddable":true,"href":"https:\/\/www.axiomams.eu\/et\/wp-json\/wp\/v2\/product_brand?post=39996"},{"taxonomy":"product_cat","embeddable":true,"href":"https:\/\/www.axiomams.eu\/et\/wp-json\/wp\/v2\/product_cat?post=39996"},{"taxonomy":"product_tag","embeddable":true,"href":"https:\/\/www.axiomams.eu\/et\/wp-json\/wp\/v2\/product_tag?post=39996"}],"curies":[{"name":"wp","href":"https:\/\/api.w.org\/{rel}","templated":true}]}}