{"id":40000,"date":"2025-05-15T17:56:06","date_gmt":"2025-05-15T15:56:06","guid":{"rendered":"https:\/\/www.axiomams.eu\/produktas\/tr-750adm-mk3-esmane-voolu-sissepritsesusteem"},"modified":"2026-02-02T14:29:10","modified_gmt":"2026-02-02T12:29:10","slug":"tr-750adm-mk3-esmane-voolu-sissepritsesusteem","status":"publish","type":"product","link":"https:\/\/www.axiomams.eu\/et\/produktas\/tr-750adm-mk3-esmane-voolu-sissepritsesusteem","title":{"rendered":"T&#038;R 750ADM Mk3 esmane voolu sissepritses\u00fcsteem"},"content":{"rendered":"<p>T&#038;R 750ADM Mk3 on kompaktne, vastupidav primaarne voolus\u00fclekandes\u00fcsteem, mille v\u00e4ljundv\u00f5imsus on 750 A. 750ADM Mk3 maksimaalne pinge on 5 V. Seade sobib ideaalselt k\u00f5igi v\u00e4ikese v\u00f5imsusega primaars\u00fcsti\u00fclesannete t\u00e4itmiseks, mis n\u00f5uavad l\u00fchiajaliselt kuni 750A. Kui primaars\u00fcsti jaoks on vaja suuremaid voolutugevusi ja v\u00f5imsusi, on saadaval 7kVA ja 20kVA primaars\u00fcsti s\u00fcsteemid.<\/p>\n<p>750ADM MK3-l on kaks v\u00e4ljundit, mis v\u00f5imaldavad s\u00fcstida nii v\u00e4ikeseid voolusid kui ka kuni 750A. 40A v\u00e4ljundil on v\u00f5imalik kasutada kuni 16V pinget, mis v\u00f5imaldab katsetada suurema impedantsiga l\u00fclitusi. On olemas neli t\u00f5elist RMS m\u00f5\u00f5tepiirkonda, mis v\u00f5imaldavad m\u00f5\u00f5teri t\u00e4isskaalat ja p\u00e4\u00e4stetaset seadistada valitud v\u00e4ljundist s\u00f5ltumatult. M\u00f5\u00f5tmise aeg on v\u00e4hem kui 20 ms, mis v\u00f5imaldab \u00fche ts\u00fckli RMS v\u00e4\u00e4rtuse t\u00e4pset m\u00f5\u00f5tmist. Mugavuse, usaldusv\u00e4\u00e4rsuse ja ohutuse tagamiseks kasutatakse k\u00f5igi sisendite ja v\u00e4ljundite puhul t\u00f6\u00f6stusstandardseid pistikuid.<\/p>\n<p>750ADM MK3 on p\u00f5hjalikult kaitstud elektrooniliste \u00fclevoolu- ja soojuskaitseseadmete abil. Ajastuss\u00fcsteem on v\u00e4ga paindlik, ilma et see kahjustaks kasutusmugavust, v\u00f5imaldades kiirelt ja suure t\u00e4psusega m\u00f5\u00f5ta v\u00e4ljas\u00f5iduaegu, l\u00e4htestusaegu ja taasl\u00fclitusaegu. Olemas on kaks kontakti sisendit, millest m\u00f5lemat v\u00f5ib k\u00e4ivitada pingevaba kontakt v\u00f5i alalisvoolupinge. Kontakti sisendid tuvastavad automaatselt, kas tegemist on normaalselt avatud v\u00f5i normaalselt suletud kontaktidega.<\/p>\n<p>750ADM-H MK3 primaarse voolu sisestamise testikomplekti saab kasutada paljude seadmete testimiseks, sealhulgas:<br \/>\n&#8211; Kaitsel\u00fclitid<br \/>\n&#8211; \u00fclevoolureleede primaars\u00fcstimine<br \/>\n&#8211; Automaatsed kaitsel\u00fclitid<br \/>\n&#8211; MCB-d<br \/>\n&#8211; CT suhe (koos v\u00e4lise m\u00f5\u00f5tjaga sekundaarvoolu m\u00f5\u00f5tmiseks)<\/p>\n<p><b>Tehnilised andmed:<\/b><br \/>\n&#8211; Ekraan: taustavalgustusega LCD-ekraan<br \/>\n&#8211; Voolukanalid: 2 (1 x 40 A ir 1 x 750 A)<br \/>\n&#8211; Maksimaalne v\u00e4ljundvool: 0 A &#8230; 750 A<br \/>\n&#8211; Avatud vooluahela pinge: 5 V @ 750 A ja 16 V @ 40 A<br \/>\n&#8211; T\u00f6\u00f6protseduurid: 5 min. ON, 1 min. OFF<br \/>\n&#8211; Voolum\u00f5\u00f5tmisvahemik: 0 A &#8230; 750 A<br \/>\n&#8211; Eraldusv\u00f5ime: A \/ 0,1 A \/ 1 A: 0,01 A \/ 0,1 A<br \/>\n&#8211; T\u00e4psus: \u00b10,5 % lugemisest + 5 dgt<br \/>\n&#8211; Ajastamiss\u00fcsteemi vahemik: 0 &#8230; 99999,9 s.<br \/>\n&#8211; Eraldusv\u00f5ime: 1 ms \/ 10 ms \/ 100 ms<br \/>\n&#8211; T\u00e4psus: \u00b10,01% lugemisest + 2 dgt.<br \/>\n&#8211; Kontaktisendused: normaalselt avatud v\u00f5i normaalselt suletud<br \/>\n&#8211; Kontaktide toitepinge: 24 &#8230; 240 V DC<br \/>\n&#8211; T\u00f6\u00f6re\u017eiimid: taimer mitteaktiivne, sisemine k\u00e4ivitamine, \u00fche kontakti, kahe kontakti ja voolu abil toimimine<br \/>\n&#8211; \u00dclekoormuskaitse<\/p>\n<p><b>\u00dcldised andmed:<\/b><br \/>\n&#8211; \u00dchendus: 1: RS232<br \/>\n&#8211; Toitepinge: 230V, 50Hz. Maksimaalne energiatarve 3,9 kVA<br \/>\n&#8211; T\u00f6\u00f6temperatuur: 0\u00b0C &#8230; 45\u00b0C<br \/>\n&#8211; Kaal: 27,4 kg<\/p>\n<p><b>Standardkomplekt:<\/b> seade, v\u00f5rgukaabel, kanderihm, kasutusjuhend, varusulavkaitse.<\/p>\n<h3>Tehniline teave:<\/h3>\n<ul>\n<li><a href=\"https:\/\/axiomams.eu\/importer\/export\/attachments\/en\/t-r-750adm-mk3.pdf\" target=\"_blank\">T&#038;R 750ADM Mk3.pdf<\/a><\/li>\n<\/ul>\n","protected":false},"excerpt":{"rendered":"<p>T&#038;R 750ADM Mk3 on kompaktne, vastupidav primaarne voolus\u00fclekandes\u00fcsteem, mille v\u00e4ljundv\u00f5imsus on 750 A. 750ADM Mk3 maksimaalne pinge on 5 V. Seade sobib ideaalselt k\u00f5igi v\u00e4ikese v\u00f5imsusega primaars\u00fcsti\u00fclesannete t\u00e4itmiseks, mis n\u00f5uavad l\u00fchiajaliselt kuni 750A. Kui primaars\u00fcsti jaoks on vaja suuremaid voolutugevusi ja v\u00f5imsusi, on saadaval 7kVA ja 20kVA primaars\u00fcsti s\u00fcsteemid. 750ADM MK3-l on kaks v\u00e4ljundit, mis&#8230;<\/p>\n","protected":false},"featured_media":41507,"comment_status":"open","ping_status":"closed","template":"","meta":{"_acf_changed":false},"product_brand":[17685],"product_cat":[17779],"product_tag":[],"class_list":{"0":"post-40000","1":"product","2":"type-product","3":"status-publish","4":"has-post-thumbnail","6":"product_brand-tr","7":"product_cat-elektriliste-seadmete-katsetamiseks-ja-testimiseks","9":"first","10":"instock","11":"taxable","12":"shipping-taxable","13":"product-type-simple"},"acf":[],"yoast_head":"<!-- This site is optimized with the Yoast SEO plugin v27.0 - https:\/\/yoast.com\/product\/yoast-seo-wordpress\/ -->\n<title>T&amp;R 750ADM Mk3 esmane voolu sissepritses\u00fcsteem - AXIOMA MS<\/title>\n<meta name=\"robots\" content=\"index, follow, max-snippet:-1, max-image-preview:large, max-video-preview:-1\" \/>\n<link rel=\"canonical\" href=\"https:\/\/www.axiomams.eu\/et\/produktas\/tr-750adm-mk3-esmane-voolu-sissepritsesusteem\" \/>\n<meta property=\"og:locale\" content=\"et_EE\" \/>\n<meta property=\"og:type\" content=\"article\" \/>\n<meta property=\"og:title\" content=\"T&amp;R 750ADM Mk3 esmane voolu sissepritses\u00fcsteem - AXIOMA MS\" \/>\n<meta property=\"og:description\" content=\"T&#038;R 750ADM Mk3 on kompaktne, vastupidav primaarne voolus\u00fclekandes\u00fcsteem, mille v\u00e4ljundv\u00f5imsus on 750 A. 750ADM Mk3 maksimaalne pinge on 5 V. Seade sobib ideaalselt k\u00f5igi v\u00e4ikese v\u00f5imsusega primaars\u00fcsti\u00fclesannete t\u00e4itmiseks, mis n\u00f5uavad l\u00fchiajaliselt kuni 750A. Kui primaars\u00fcsti jaoks on vaja suuremaid voolutugevusi ja v\u00f5imsusi, on saadaval 7kVA ja 20kVA primaars\u00fcsti s\u00fcsteemid. 750ADM MK3-l on kaks v\u00e4ljundit, mis...\" \/>\n<meta property=\"og:url\" content=\"https:\/\/www.axiomams.eu\/et\/produktas\/tr-750adm-mk3-esmane-voolu-sissepritsesusteem\" \/>\n<meta property=\"og:site_name\" content=\"AXIOMA MS\" \/>\n<meta property=\"article:publisher\" content=\"https:\/\/www.facebook.com\/AxiomaMS\" \/>\n<meta property=\"article:modified_time\" content=\"2026-02-02T12:29:10+00:00\" \/>\n<meta property=\"og:image\" content=\"https:\/\/www.axiomams.eu\/wp-content\/uploads\/2025\/07\/3124-4119.jpg\" \/>\n\t<meta property=\"og:image:width\" content=\"727\" \/>\n\t<meta property=\"og:image:height\" content=\"1020\" \/>\n\t<meta property=\"og:image:type\" content=\"image\/jpeg\" \/>\n<meta name=\"twitter:card\" content=\"summary_large_image\" \/>\n<meta name=\"twitter:label1\" content=\"Est. reading time\" \/>\n\t<meta name=\"twitter:data1\" content=\"2 minut\" \/>\n<script type=\"application\/ld+json\" class=\"yoast-schema-graph\">{\"@context\":\"https:\/\/schema.org\",\"@graph\":[{\"@type\":\"WebPage\",\"@id\":\"https:\/\/www.axiomams.eu\/et\/produktas\/tr-750adm-mk3-esmane-voolu-sissepritsesusteem\",\"url\":\"https:\/\/www.axiomams.eu\/et\/produktas\/tr-750adm-mk3-esmane-voolu-sissepritsesusteem\",\"name\":\"T&R 750ADM Mk3 esmane voolu sissepritses\u00fcsteem - AXIOMA MS\",\"isPartOf\":{\"@id\":\"https:\/\/www.axiomams.eu\/et#website\"},\"primaryImageOfPage\":{\"@id\":\"https:\/\/www.axiomams.eu\/et\/produktas\/tr-750adm-mk3-esmane-voolu-sissepritsesusteem#primaryimage\"},\"image\":{\"@id\":\"https:\/\/www.axiomams.eu\/et\/produktas\/tr-750adm-mk3-esmane-voolu-sissepritsesusteem#primaryimage\"},\"thumbnailUrl\":\"https:\/\/www.axiomams.eu\/wp-content\/uploads\/2025\/07\/3124-4119.jpg\",\"datePublished\":\"2025-05-15T15:56:06+00:00\",\"dateModified\":\"2026-02-02T12:29:10+00:00\",\"breadcrumb\":{\"@id\":\"https:\/\/www.axiomams.eu\/et\/produktas\/tr-750adm-mk3-esmane-voolu-sissepritsesusteem#breadcrumb\"},\"inLanguage\":\"et\",\"potentialAction\":[{\"@type\":\"ReadAction\",\"target\":[\"https:\/\/www.axiomams.eu\/et\/produktas\/tr-750adm-mk3-esmane-voolu-sissepritsesusteem\"]}]},{\"@type\":\"ImageObject\",\"inLanguage\":\"et\",\"@id\":\"https:\/\/www.axiomams.eu\/et\/produktas\/tr-750adm-mk3-esmane-voolu-sissepritsesusteem#primaryimage\",\"url\":\"https:\/\/www.axiomams.eu\/wp-content\/uploads\/2025\/07\/3124-4119.jpg\",\"contentUrl\":\"https:\/\/www.axiomams.eu\/wp-content\/uploads\/2025\/07\/3124-4119.jpg\",\"width\":727,\"height\":1020},{\"@type\":\"BreadcrumbList\",\"@id\":\"https:\/\/www.axiomams.eu\/et\/produktas\/tr-750adm-mk3-esmane-voolu-sissepritsesusteem#breadcrumb\",\"itemListElement\":[{\"@type\":\"ListItem\",\"position\":1,\"name\":\"Home\",\"item\":\"https:\/\/www.axiomams.eu\/et\"},{\"@type\":\"ListItem\",\"position\":2,\"name\":\"Tooted\",\"item\":\"https:\/\/www.axiomams.eu\/et\/tooted\"},{\"@type\":\"ListItem\",\"position\":3,\"name\":\"T&#038;R 750ADM Mk3 esmane voolu sissepritses\u00fcsteem\"}]},{\"@type\":\"WebSite\",\"@id\":\"https:\/\/www.axiomams.eu\/et#website\",\"url\":\"https:\/\/www.axiomams.eu\/et\",\"name\":\"AXIOMA MS\",\"description\":\"Terrmovizoriai ir matavimo \u012franga\",\"publisher\":{\"@id\":\"https:\/\/www.axiomams.eu\/et#organization\"},\"potentialAction\":[{\"@type\":\"SearchAction\",\"target\":{\"@type\":\"EntryPoint\",\"urlTemplate\":\"https:\/\/www.axiomams.eu\/et?s={search_term_string}\"},\"query-input\":{\"@type\":\"PropertyValueSpecification\",\"valueRequired\":true,\"valueName\":\"search_term_string\"}}],\"inLanguage\":\"et\"},{\"@type\":\"Organization\",\"@id\":\"https:\/\/www.axiomams.eu\/et#organization\",\"name\":\"AXIOMA MS\",\"url\":\"https:\/\/www.axiomams.eu\/et\",\"logo\":{\"@type\":\"ImageObject\",\"inLanguage\":\"et\",\"@id\":\"https:\/\/www.axiomams.eu\/et#\/schema\/logo\/image\/\",\"url\":\"https:\/\/www.axiomams.eu\/wp-content\/uploads\/2025\/06\/axioma-logo-2.png\",\"contentUrl\":\"https:\/\/www.axiomams.eu\/wp-content\/uploads\/2025\/06\/axioma-logo-2.png\",\"width\":1200,\"height\":1200,\"caption\":\"AXIOMA MS\"},\"image\":{\"@id\":\"https:\/\/www.axiomams.eu\/et#\/schema\/logo\/image\/\"},\"sameAs\":[\"https:\/\/www.facebook.com\/AxiomaMS\",\"https:\/\/www.linkedin.com\/company\/axiomams\/\"]}]}<\/script>\n<!-- \/ Yoast SEO plugin. -->","yoast_head_json":{"title":"T&R 750ADM Mk3 esmane voolu sissepritses\u00fcsteem - AXIOMA MS","robots":{"index":"index","follow":"follow","max-snippet":"max-snippet:-1","max-image-preview":"max-image-preview:large","max-video-preview":"max-video-preview:-1"},"canonical":"https:\/\/www.axiomams.eu\/et\/produktas\/tr-750adm-mk3-esmane-voolu-sissepritsesusteem","og_locale":"et_EE","og_type":"article","og_title":"T&R 750ADM Mk3 esmane voolu sissepritses\u00fcsteem - AXIOMA MS","og_description":"T&#038;R 750ADM Mk3 on kompaktne, vastupidav primaarne voolus\u00fclekandes\u00fcsteem, mille v\u00e4ljundv\u00f5imsus on 750 A. 750ADM Mk3 maksimaalne pinge on 5 V. Seade sobib ideaalselt k\u00f5igi v\u00e4ikese v\u00f5imsusega primaars\u00fcsti\u00fclesannete t\u00e4itmiseks, mis n\u00f5uavad l\u00fchiajaliselt kuni 750A. Kui primaars\u00fcsti jaoks on vaja suuremaid voolutugevusi ja v\u00f5imsusi, on saadaval 7kVA ja 20kVA primaars\u00fcsti s\u00fcsteemid. 750ADM MK3-l on kaks v\u00e4ljundit, mis...","og_url":"https:\/\/www.axiomams.eu\/et\/produktas\/tr-750adm-mk3-esmane-voolu-sissepritsesusteem","og_site_name":"AXIOMA MS","article_publisher":"https:\/\/www.facebook.com\/AxiomaMS","article_modified_time":"2026-02-02T12:29:10+00:00","og_image":[{"width":727,"height":1020,"url":"https:\/\/www.axiomams.eu\/wp-content\/uploads\/2025\/07\/3124-4119.jpg","type":"image\/jpeg"}],"twitter_card":"summary_large_image","twitter_misc":{"Est. reading time":"2 minut"},"schema":{"@context":"https:\/\/schema.org","@graph":[{"@type":"WebPage","@id":"https:\/\/www.axiomams.eu\/et\/produktas\/tr-750adm-mk3-esmane-voolu-sissepritsesusteem","url":"https:\/\/www.axiomams.eu\/et\/produktas\/tr-750adm-mk3-esmane-voolu-sissepritsesusteem","name":"T&R 750ADM Mk3 esmane voolu sissepritses\u00fcsteem - AXIOMA MS","isPartOf":{"@id":"https:\/\/www.axiomams.eu\/et#website"},"primaryImageOfPage":{"@id":"https:\/\/www.axiomams.eu\/et\/produktas\/tr-750adm-mk3-esmane-voolu-sissepritsesusteem#primaryimage"},"image":{"@id":"https:\/\/www.axiomams.eu\/et\/produktas\/tr-750adm-mk3-esmane-voolu-sissepritsesusteem#primaryimage"},"thumbnailUrl":"https:\/\/www.axiomams.eu\/wp-content\/uploads\/2025\/07\/3124-4119.jpg","datePublished":"2025-05-15T15:56:06+00:00","dateModified":"2026-02-02T12:29:10+00:00","breadcrumb":{"@id":"https:\/\/www.axiomams.eu\/et\/produktas\/tr-750adm-mk3-esmane-voolu-sissepritsesusteem#breadcrumb"},"inLanguage":"et","potentialAction":[{"@type":"ReadAction","target":["https:\/\/www.axiomams.eu\/et\/produktas\/tr-750adm-mk3-esmane-voolu-sissepritsesusteem"]}]},{"@type":"ImageObject","inLanguage":"et","@id":"https:\/\/www.axiomams.eu\/et\/produktas\/tr-750adm-mk3-esmane-voolu-sissepritsesusteem#primaryimage","url":"https:\/\/www.axiomams.eu\/wp-content\/uploads\/2025\/07\/3124-4119.jpg","contentUrl":"https:\/\/www.axiomams.eu\/wp-content\/uploads\/2025\/07\/3124-4119.jpg","width":727,"height":1020},{"@type":"BreadcrumbList","@id":"https:\/\/www.axiomams.eu\/et\/produktas\/tr-750adm-mk3-esmane-voolu-sissepritsesusteem#breadcrumb","itemListElement":[{"@type":"ListItem","position":1,"name":"Home","item":"https:\/\/www.axiomams.eu\/et"},{"@type":"ListItem","position":2,"name":"Tooted","item":"https:\/\/www.axiomams.eu\/et\/tooted"},{"@type":"ListItem","position":3,"name":"T&#038;R 750ADM Mk3 esmane voolu sissepritses\u00fcsteem"}]},{"@type":"WebSite","@id":"https:\/\/www.axiomams.eu\/et#website","url":"https:\/\/www.axiomams.eu\/et","name":"AXIOMA MS","description":"Terrmovizoriai ir matavimo \u012franga","publisher":{"@id":"https:\/\/www.axiomams.eu\/et#organization"},"potentialAction":[{"@type":"SearchAction","target":{"@type":"EntryPoint","urlTemplate":"https:\/\/www.axiomams.eu\/et?s={search_term_string}"},"query-input":{"@type":"PropertyValueSpecification","valueRequired":true,"valueName":"search_term_string"}}],"inLanguage":"et"},{"@type":"Organization","@id":"https:\/\/www.axiomams.eu\/et#organization","name":"AXIOMA MS","url":"https:\/\/www.axiomams.eu\/et","logo":{"@type":"ImageObject","inLanguage":"et","@id":"https:\/\/www.axiomams.eu\/et#\/schema\/logo\/image\/","url":"https:\/\/www.axiomams.eu\/wp-content\/uploads\/2025\/06\/axioma-logo-2.png","contentUrl":"https:\/\/www.axiomams.eu\/wp-content\/uploads\/2025\/06\/axioma-logo-2.png","width":1200,"height":1200,"caption":"AXIOMA MS"},"image":{"@id":"https:\/\/www.axiomams.eu\/et#\/schema\/logo\/image\/"},"sameAs":["https:\/\/www.facebook.com\/AxiomaMS","https:\/\/www.linkedin.com\/company\/axiomams\/"]}]}},"_links":{"self":[{"href":"https:\/\/www.axiomams.eu\/et\/wp-json\/wp\/v2\/product\/40000","targetHints":{"allow":["GET"]}}],"collection":[{"href":"https:\/\/www.axiomams.eu\/et\/wp-json\/wp\/v2\/product"}],"about":[{"href":"https:\/\/www.axiomams.eu\/et\/wp-json\/wp\/v2\/types\/product"}],"replies":[{"embeddable":true,"href":"https:\/\/www.axiomams.eu\/et\/wp-json\/wp\/v2\/comments?post=40000"}],"wp:featuredmedia":[{"embeddable":true,"href":"https:\/\/www.axiomams.eu\/et\/wp-json\/wp\/v2\/media\/41507"}],"wp:attachment":[{"href":"https:\/\/www.axiomams.eu\/et\/wp-json\/wp\/v2\/media?parent=40000"}],"wp:term":[{"taxonomy":"product_brand","embeddable":true,"href":"https:\/\/www.axiomams.eu\/et\/wp-json\/wp\/v2\/product_brand?post=40000"},{"taxonomy":"product_cat","embeddable":true,"href":"https:\/\/www.axiomams.eu\/et\/wp-json\/wp\/v2\/product_cat?post=40000"},{"taxonomy":"product_tag","embeddable":true,"href":"https:\/\/www.axiomams.eu\/et\/wp-json\/wp\/v2\/product_tag?post=40000"}],"curies":[{"name":"wp","href":"https:\/\/api.w.org\/{rel}","templated":true}]}}