{"id":40001,"date":"2025-07-29T01:00:37","date_gmt":"2025-07-28T23:00:37","guid":{"rendered":"https:\/\/www.axiomams.eu\/produktas\/testo-760-1-digitaalne-multimeeter-0590-7601"},"modified":"2026-02-02T14:29:10","modified_gmt":"2026-02-02T12:29:10","slug":"testo-760-1-digitaalne-multimeeter-0590-7601","status":"publish","type":"product","link":"https:\/\/www.axiomams.eu\/et\/produktas\/testo-760-1-digitaalne-multimeeter-0590-7601","title":{"rendered":"Testo 760-1 digitaalne multimeeter (0590 7601)"},"content":{"rendered":"<p>Testo 760-1 digitaalne multimeeter on usaldusv\u00e4\u00e4rne t\u00f6\u00f6riist selliste elektriliste parameetrite nagu voolu, pinge v\u00f5i takistuse m\u00f5\u00f5tmiseks.<\/p>\n<p>Digitaalne multimeeter Testo 760-1:<br \/>\n    Lihtne kasutada<br \/>\n    Nuppudega, mis v\u00f5imaldavad seadet juhtida vaid \u00fche k\u00e4ega<br \/>\n    Omab suurt ja heledat ekraani, kus k\u00f5ik n\u00e4idud on selgelt n\u00e4htavad<br \/>\n    Sisaldab olulisi funktsioone igap\u00e4evaste m\u00f5\u00f5tmis\u00fclesannete t\u00e4itmiseks<\/p>\n<p>Standardne komplekt: Testo 760-2 TRMS multimeeter, sh patareid, 1 komplekt m\u00f5\u00f5tekaableid (0590 0010), 1 x adapter K-t\u00fc\u00fcpi termopaaridele ja kasutusjuhend.<br \/>\nTootekood: 0590 7601<\/p>\n<p><iframe loading=\"lazy\" width=\"560\" height=\"315\" src=\"https:\/\/www.youtube.com\/embed\/whUXwiPBv-w?si=vb_bAeU8px9JFrjI\" title=\"YouTube videopleier\" frameborder=\"0\" allow=\"accelerometer; autoplay; clipboard-write; encrypted-media; gyroscope; picture-in-picture; web-share\" referrerpolicy=\"strict-origin-when-cross-origin\" allowfullscreen><\/iframe><\/p>\n<h3>Tehniline teave:<\/h3>\n<ul>\n<li><a href=\"https:\/\/axiomams.eu\/importer\/export\/attachments\/en\/testo-760.pdf\" target=\"_blank\">testo 760.pdf<\/a><\/li>\n<\/ul>\n","protected":false},"excerpt":{"rendered":"<p>Testo 760-1 digitaalne multimeeter on usaldusv\u00e4\u00e4rne t\u00f6\u00f6riist selliste elektriliste parameetrite nagu voolu, pinge v\u00f5i takistuse m\u00f5\u00f5tmiseks. Digitaalne multimeeter Testo 760-1: Lihtne kasutada Nuppudega, mis v\u00f5imaldavad seadet juhtida vaid \u00fche k\u00e4ega Omab suurt ja heledat ekraani, kus k\u00f5ik n\u00e4idud on selgelt n\u00e4htavad Sisaldab olulisi funktsioone igap\u00e4evaste m\u00f5\u00f5tmis\u00fclesannete t\u00e4itmiseks Standardne komplekt: Testo 760-2 TRMS multimeeter, sh patareid,&#8230;<\/p>\n","protected":false},"featured_media":41509,"comment_status":"open","ping_status":"closed","template":"","meta":{"_acf_changed":false},"product_brand":[735],"product_cat":[17785],"product_tag":[],"class_list":{"0":"post-40001","1":"product","2":"type-product","3":"status-publish","4":"has-post-thumbnail","6":"product_brand-testo","7":"product_cat-elektrikutele-ja-energeetikainseneridele","9":"first","10":"instock","11":"taxable","12":"shipping-taxable","13":"purchasable","14":"product-type-simple"},"acf":[],"yoast_head":"<!-- This site is optimized with the Yoast SEO plugin v27.0 - https:\/\/yoast.com\/product\/yoast-seo-wordpress\/ -->\n<title>Testo 760-1 digitaalne multimeeter (0590 7601) - AXIOMA MS<\/title>\n<meta name=\"robots\" content=\"index, follow, max-snippet:-1, max-image-preview:large, max-video-preview:-1\" \/>\n<link rel=\"canonical\" href=\"https:\/\/www.axiomams.eu\/et\/produktas\/testo-760-1-digitaalne-multimeeter-0590-7601\" \/>\n<meta property=\"og:locale\" content=\"et_EE\" \/>\n<meta property=\"og:type\" content=\"article\" \/>\n<meta property=\"og:title\" content=\"Testo 760-1 digitaalne multimeeter (0590 7601) - AXIOMA MS\" \/>\n<meta property=\"og:description\" content=\"Testo 760-1 digitaalne multimeeter on usaldusv\u00e4\u00e4rne t\u00f6\u00f6riist selliste elektriliste parameetrite nagu voolu, pinge v\u00f5i takistuse m\u00f5\u00f5tmiseks. Digitaalne multimeeter Testo 760-1: Lihtne kasutada Nuppudega, mis v\u00f5imaldavad seadet juhtida vaid \u00fche k\u00e4ega Omab suurt ja heledat ekraani, kus k\u00f5ik n\u00e4idud on selgelt n\u00e4htavad Sisaldab olulisi funktsioone igap\u00e4evaste m\u00f5\u00f5tmis\u00fclesannete t\u00e4itmiseks Standardne komplekt: Testo 760-2 TRMS multimeeter, sh patareid,...\" \/>\n<meta property=\"og:url\" content=\"https:\/\/www.axiomams.eu\/et\/produktas\/testo-760-1-digitaalne-multimeeter-0590-7601\" \/>\n<meta property=\"og:site_name\" content=\"AXIOMA MS\" \/>\n<meta property=\"article:publisher\" content=\"https:\/\/www.facebook.com\/AxiomaMS\" \/>\n<meta property=\"article:modified_time\" content=\"2026-02-02T12:29:10+00:00\" \/>\n<meta property=\"og:image\" content=\"https:\/\/www.axiomams.eu\/wp-content\/uploads\/2025\/07\/4650-6131.png\" \/>\n\t<meta property=\"og:image:width\" content=\"1000\" \/>\n\t<meta property=\"og:image:height\" content=\"880\" \/>\n\t<meta property=\"og:image:type\" content=\"image\/png\" \/>\n<meta name=\"twitter:card\" content=\"summary_large_image\" \/>\n<script type=\"application\/ld+json\" class=\"yoast-schema-graph\">{\"@context\":\"https:\/\/schema.org\",\"@graph\":[{\"@type\":\"WebPage\",\"@id\":\"https:\/\/www.axiomams.eu\/et\/produktas\/testo-760-1-digitaalne-multimeeter-0590-7601\",\"url\":\"https:\/\/www.axiomams.eu\/et\/produktas\/testo-760-1-digitaalne-multimeeter-0590-7601\",\"name\":\"Testo 760-1 digitaalne multimeeter (0590 7601) - AXIOMA MS\",\"isPartOf\":{\"@id\":\"https:\/\/www.axiomams.eu\/et#website\"},\"primaryImageOfPage\":{\"@id\":\"https:\/\/www.axiomams.eu\/et\/produktas\/testo-760-1-digitaalne-multimeeter-0590-7601#primaryimage\"},\"image\":{\"@id\":\"https:\/\/www.axiomams.eu\/et\/produktas\/testo-760-1-digitaalne-multimeeter-0590-7601#primaryimage\"},\"thumbnailUrl\":\"https:\/\/www.axiomams.eu\/wp-content\/uploads\/2025\/07\/4650-6131.png\",\"datePublished\":\"2025-07-28T23:00:37+00:00\",\"dateModified\":\"2026-02-02T12:29:10+00:00\",\"breadcrumb\":{\"@id\":\"https:\/\/www.axiomams.eu\/et\/produktas\/testo-760-1-digitaalne-multimeeter-0590-7601#breadcrumb\"},\"inLanguage\":\"et\",\"potentialAction\":[{\"@type\":\"ReadAction\",\"target\":[\"https:\/\/www.axiomams.eu\/et\/produktas\/testo-760-1-digitaalne-multimeeter-0590-7601\"]}]},{\"@type\":\"ImageObject\",\"inLanguage\":\"et\",\"@id\":\"https:\/\/www.axiomams.eu\/et\/produktas\/testo-760-1-digitaalne-multimeeter-0590-7601#primaryimage\",\"url\":\"https:\/\/www.axiomams.eu\/wp-content\/uploads\/2025\/07\/4650-6131.png\",\"contentUrl\":\"https:\/\/www.axiomams.eu\/wp-content\/uploads\/2025\/07\/4650-6131.png\",\"width\":1000,\"height\":880},{\"@type\":\"BreadcrumbList\",\"@id\":\"https:\/\/www.axiomams.eu\/et\/produktas\/testo-760-1-digitaalne-multimeeter-0590-7601#breadcrumb\",\"itemListElement\":[{\"@type\":\"ListItem\",\"position\":1,\"name\":\"Home\",\"item\":\"https:\/\/www.axiomams.eu\/et\"},{\"@type\":\"ListItem\",\"position\":2,\"name\":\"Tooted\",\"item\":\"https:\/\/www.axiomams.eu\/et\/tooted\"},{\"@type\":\"ListItem\",\"position\":3,\"name\":\"Testo 760-1 digitaalne multimeeter (0590 7601)\"}]},{\"@type\":\"WebSite\",\"@id\":\"https:\/\/www.axiomams.eu\/et#website\",\"url\":\"https:\/\/www.axiomams.eu\/et\",\"name\":\"AXIOMA MS\",\"description\":\"Terrmovizoriai ir matavimo \u012franga\",\"publisher\":{\"@id\":\"https:\/\/www.axiomams.eu\/et#organization\"},\"potentialAction\":[{\"@type\":\"SearchAction\",\"target\":{\"@type\":\"EntryPoint\",\"urlTemplate\":\"https:\/\/www.axiomams.eu\/et?s={search_term_string}\"},\"query-input\":{\"@type\":\"PropertyValueSpecification\",\"valueRequired\":true,\"valueName\":\"search_term_string\"}}],\"inLanguage\":\"et\"},{\"@type\":\"Organization\",\"@id\":\"https:\/\/www.axiomams.eu\/et#organization\",\"name\":\"AXIOMA MS\",\"url\":\"https:\/\/www.axiomams.eu\/et\",\"logo\":{\"@type\":\"ImageObject\",\"inLanguage\":\"et\",\"@id\":\"https:\/\/www.axiomams.eu\/et#\/schema\/logo\/image\/\",\"url\":\"https:\/\/www.axiomams.eu\/wp-content\/uploads\/2025\/06\/axioma-logo-2.png\",\"contentUrl\":\"https:\/\/www.axiomams.eu\/wp-content\/uploads\/2025\/06\/axioma-logo-2.png\",\"width\":1200,\"height\":1200,\"caption\":\"AXIOMA MS\"},\"image\":{\"@id\":\"https:\/\/www.axiomams.eu\/et#\/schema\/logo\/image\/\"},\"sameAs\":[\"https:\/\/www.facebook.com\/AxiomaMS\",\"https:\/\/www.linkedin.com\/company\/axiomams\/\"]}]}<\/script>\n<!-- \/ Yoast SEO plugin. -->","yoast_head_json":{"title":"Testo 760-1 digitaalne multimeeter (0590 7601) - AXIOMA MS","robots":{"index":"index","follow":"follow","max-snippet":"max-snippet:-1","max-image-preview":"max-image-preview:large","max-video-preview":"max-video-preview:-1"},"canonical":"https:\/\/www.axiomams.eu\/et\/produktas\/testo-760-1-digitaalne-multimeeter-0590-7601","og_locale":"et_EE","og_type":"article","og_title":"Testo 760-1 digitaalne multimeeter (0590 7601) - AXIOMA MS","og_description":"Testo 760-1 digitaalne multimeeter on usaldusv\u00e4\u00e4rne t\u00f6\u00f6riist selliste elektriliste parameetrite nagu voolu, pinge v\u00f5i takistuse m\u00f5\u00f5tmiseks. Digitaalne multimeeter Testo 760-1: Lihtne kasutada Nuppudega, mis v\u00f5imaldavad seadet juhtida vaid \u00fche k\u00e4ega Omab suurt ja heledat ekraani, kus k\u00f5ik n\u00e4idud on selgelt n\u00e4htavad Sisaldab olulisi funktsioone igap\u00e4evaste m\u00f5\u00f5tmis\u00fclesannete t\u00e4itmiseks Standardne komplekt: Testo 760-2 TRMS multimeeter, sh patareid,...","og_url":"https:\/\/www.axiomams.eu\/et\/produktas\/testo-760-1-digitaalne-multimeeter-0590-7601","og_site_name":"AXIOMA MS","article_publisher":"https:\/\/www.facebook.com\/AxiomaMS","article_modified_time":"2026-02-02T12:29:10+00:00","og_image":[{"width":1000,"height":880,"url":"https:\/\/www.axiomams.eu\/wp-content\/uploads\/2025\/07\/4650-6131.png","type":"image\/png"}],"twitter_card":"summary_large_image","schema":{"@context":"https:\/\/schema.org","@graph":[{"@type":"WebPage","@id":"https:\/\/www.axiomams.eu\/et\/produktas\/testo-760-1-digitaalne-multimeeter-0590-7601","url":"https:\/\/www.axiomams.eu\/et\/produktas\/testo-760-1-digitaalne-multimeeter-0590-7601","name":"Testo 760-1 digitaalne multimeeter (0590 7601) - AXIOMA MS","isPartOf":{"@id":"https:\/\/www.axiomams.eu\/et#website"},"primaryImageOfPage":{"@id":"https:\/\/www.axiomams.eu\/et\/produktas\/testo-760-1-digitaalne-multimeeter-0590-7601#primaryimage"},"image":{"@id":"https:\/\/www.axiomams.eu\/et\/produktas\/testo-760-1-digitaalne-multimeeter-0590-7601#primaryimage"},"thumbnailUrl":"https:\/\/www.axiomams.eu\/wp-content\/uploads\/2025\/07\/4650-6131.png","datePublished":"2025-07-28T23:00:37+00:00","dateModified":"2026-02-02T12:29:10+00:00","breadcrumb":{"@id":"https:\/\/www.axiomams.eu\/et\/produktas\/testo-760-1-digitaalne-multimeeter-0590-7601#breadcrumb"},"inLanguage":"et","potentialAction":[{"@type":"ReadAction","target":["https:\/\/www.axiomams.eu\/et\/produktas\/testo-760-1-digitaalne-multimeeter-0590-7601"]}]},{"@type":"ImageObject","inLanguage":"et","@id":"https:\/\/www.axiomams.eu\/et\/produktas\/testo-760-1-digitaalne-multimeeter-0590-7601#primaryimage","url":"https:\/\/www.axiomams.eu\/wp-content\/uploads\/2025\/07\/4650-6131.png","contentUrl":"https:\/\/www.axiomams.eu\/wp-content\/uploads\/2025\/07\/4650-6131.png","width":1000,"height":880},{"@type":"BreadcrumbList","@id":"https:\/\/www.axiomams.eu\/et\/produktas\/testo-760-1-digitaalne-multimeeter-0590-7601#breadcrumb","itemListElement":[{"@type":"ListItem","position":1,"name":"Home","item":"https:\/\/www.axiomams.eu\/et"},{"@type":"ListItem","position":2,"name":"Tooted","item":"https:\/\/www.axiomams.eu\/et\/tooted"},{"@type":"ListItem","position":3,"name":"Testo 760-1 digitaalne multimeeter (0590 7601)"}]},{"@type":"WebSite","@id":"https:\/\/www.axiomams.eu\/et#website","url":"https:\/\/www.axiomams.eu\/et","name":"AXIOMA MS","description":"Terrmovizoriai ir matavimo \u012franga","publisher":{"@id":"https:\/\/www.axiomams.eu\/et#organization"},"potentialAction":[{"@type":"SearchAction","target":{"@type":"EntryPoint","urlTemplate":"https:\/\/www.axiomams.eu\/et?s={search_term_string}"},"query-input":{"@type":"PropertyValueSpecification","valueRequired":true,"valueName":"search_term_string"}}],"inLanguage":"et"},{"@type":"Organization","@id":"https:\/\/www.axiomams.eu\/et#organization","name":"AXIOMA MS","url":"https:\/\/www.axiomams.eu\/et","logo":{"@type":"ImageObject","inLanguage":"et","@id":"https:\/\/www.axiomams.eu\/et#\/schema\/logo\/image\/","url":"https:\/\/www.axiomams.eu\/wp-content\/uploads\/2025\/06\/axioma-logo-2.png","contentUrl":"https:\/\/www.axiomams.eu\/wp-content\/uploads\/2025\/06\/axioma-logo-2.png","width":1200,"height":1200,"caption":"AXIOMA MS"},"image":{"@id":"https:\/\/www.axiomams.eu\/et#\/schema\/logo\/image\/"},"sameAs":["https:\/\/www.facebook.com\/AxiomaMS","https:\/\/www.linkedin.com\/company\/axiomams\/"]}]}},"_links":{"self":[{"href":"https:\/\/www.axiomams.eu\/et\/wp-json\/wp\/v2\/product\/40001","targetHints":{"allow":["GET"]}}],"collection":[{"href":"https:\/\/www.axiomams.eu\/et\/wp-json\/wp\/v2\/product"}],"about":[{"href":"https:\/\/www.axiomams.eu\/et\/wp-json\/wp\/v2\/types\/product"}],"replies":[{"embeddable":true,"href":"https:\/\/www.axiomams.eu\/et\/wp-json\/wp\/v2\/comments?post=40001"}],"wp:featuredmedia":[{"embeddable":true,"href":"https:\/\/www.axiomams.eu\/et\/wp-json\/wp\/v2\/media\/41509"}],"wp:attachment":[{"href":"https:\/\/www.axiomams.eu\/et\/wp-json\/wp\/v2\/media?parent=40001"}],"wp:term":[{"taxonomy":"product_brand","embeddable":true,"href":"https:\/\/www.axiomams.eu\/et\/wp-json\/wp\/v2\/product_brand?post=40001"},{"taxonomy":"product_cat","embeddable":true,"href":"https:\/\/www.axiomams.eu\/et\/wp-json\/wp\/v2\/product_cat?post=40001"},{"taxonomy":"product_tag","embeddable":true,"href":"https:\/\/www.axiomams.eu\/et\/wp-json\/wp\/v2\/product_tag?post=40001"}],"curies":[{"name":"wp","href":"https:\/\/api.w.org\/{rel}","templated":true}]}}