{"id":40003,"date":"2025-05-15T17:56:09","date_gmt":"2025-05-15T15:56:09","guid":{"rendered":"https:\/\/www.axiomams.eu\/produktas\/pro8-810-420-10-luhisekomplekt"},"modified":"2026-02-02T14:29:11","modified_gmt":"2026-02-02T12:29:11","slug":"pro8-810-420-10-luhisekomplekt","status":"publish","type":"product","link":"https:\/\/www.axiomams.eu\/et\/produktas\/pro8-810-420-10-luhisekomplekt","title":{"rendered":"PRO8 810.420-10 l\u00fchisekomplekt"},"content":{"rendered":"<p>PRO8 810.420-10 &#8211; l\u00fchis(maandus)seadmed on ette n\u00e4htud l\u00fchise tekitamiseks ja vooluahela maandamiseks kuni 420 kV nimipingega maandatud s\u00f5lmedega v\u00f5rkudes. Isolatsioonipoolus on valmistatud klaaskangast laminaadist, mis sobib k\u00f5rge elektrilise ja mehaanilise vastupidavuse ja stabiilsuse poolest.<\/p>\n","protected":false},"excerpt":{"rendered":"<p>PRO8 810.420-10 &#8211; l\u00fchis(maandus)seadmed on ette n\u00e4htud l\u00fchise tekitamiseks ja vooluahela maandamiseks kuni 420 kV nimipingega maandatud s\u00f5lmedega v\u00f5rkudes. Isolatsioonipoolus on valmistatud klaaskangast laminaadist, mis sobib k\u00f5rge elektrilise ja mehaanilise vastupidavuse ja stabiilsuse poolest.<\/p>\n","protected":false},"featured_media":41513,"comment_status":"open","ping_status":"closed","template":"","meta":{"_acf_changed":false},"product_brand":[739],"product_cat":[17784],"product_tag":[],"class_list":{"0":"post-40003","1":"product","2":"type-product","3":"status-publish","4":"has-post-thumbnail","6":"product_brand-pro8","7":"product_cat-elektriohutuse-tagamiseks","9":"first","10":"instock","11":"taxable","12":"shipping-taxable","13":"purchasable","14":"product-type-simple"},"acf":[],"yoast_head":"<!-- This site is optimized with the Yoast SEO plugin v27.0 - https:\/\/yoast.com\/product\/yoast-seo-wordpress\/ -->\n<title>PRO8 810.420-10 l\u00fchisekomplekt - AXIOMA MS<\/title>\n<meta name=\"robots\" content=\"index, follow, max-snippet:-1, max-image-preview:large, max-video-preview:-1\" \/>\n<link rel=\"canonical\" href=\"https:\/\/www.axiomams.eu\/et\/produktas\/pro8-810-420-10-luhisekomplekt\" \/>\n<meta property=\"og:locale\" content=\"et_EE\" \/>\n<meta property=\"og:type\" content=\"article\" \/>\n<meta property=\"og:title\" content=\"PRO8 810.420-10 l\u00fchisekomplekt - AXIOMA MS\" \/>\n<meta property=\"og:description\" content=\"PRO8 810.420-10 &#8211; l\u00fchis(maandus)seadmed on ette n\u00e4htud l\u00fchise tekitamiseks ja vooluahela maandamiseks kuni 420 kV nimipingega maandatud s\u00f5lmedega v\u00f5rkudes. Isolatsioonipoolus on valmistatud klaaskangast laminaadist, mis sobib k\u00f5rge elektrilise ja mehaanilise vastupidavuse ja stabiilsuse poolest.\" \/>\n<meta property=\"og:url\" content=\"https:\/\/www.axiomams.eu\/et\/produktas\/pro8-810-420-10-luhisekomplekt\" \/>\n<meta property=\"og:site_name\" content=\"AXIOMA MS\" \/>\n<meta property=\"article:publisher\" content=\"https:\/\/www.facebook.com\/AxiomaMS\" \/>\n<meta property=\"article:modified_time\" content=\"2026-02-02T12:29:11+00:00\" \/>\n<meta property=\"og:image\" content=\"https:\/\/www.axiomams.eu\/wp-content\/uploads\/2025\/07\/3476-4676.jpg\" \/>\n\t<meta property=\"og:image:width\" content=\"499\" \/>\n\t<meta property=\"og:image:height\" content=\"700\" \/>\n\t<meta property=\"og:image:type\" content=\"image\/jpeg\" \/>\n<meta name=\"twitter:card\" content=\"summary_large_image\" \/>\n<script type=\"application\/ld+json\" class=\"yoast-schema-graph\">{\"@context\":\"https:\/\/schema.org\",\"@graph\":[{\"@type\":\"WebPage\",\"@id\":\"https:\/\/www.axiomams.eu\/et\/produktas\/pro8-810-420-10-luhisekomplekt\",\"url\":\"https:\/\/www.axiomams.eu\/et\/produktas\/pro8-810-420-10-luhisekomplekt\",\"name\":\"PRO8 810.420-10 l\u00fchisekomplekt - AXIOMA MS\",\"isPartOf\":{\"@id\":\"https:\/\/www.axiomams.eu\/et#website\"},\"primaryImageOfPage\":{\"@id\":\"https:\/\/www.axiomams.eu\/et\/produktas\/pro8-810-420-10-luhisekomplekt#primaryimage\"},\"image\":{\"@id\":\"https:\/\/www.axiomams.eu\/et\/produktas\/pro8-810-420-10-luhisekomplekt#primaryimage\"},\"thumbnailUrl\":\"https:\/\/www.axiomams.eu\/wp-content\/uploads\/2025\/07\/3476-4676.jpg\",\"datePublished\":\"2025-05-15T15:56:09+00:00\",\"dateModified\":\"2026-02-02T12:29:11+00:00\",\"breadcrumb\":{\"@id\":\"https:\/\/www.axiomams.eu\/et\/produktas\/pro8-810-420-10-luhisekomplekt#breadcrumb\"},\"inLanguage\":\"et\",\"potentialAction\":[{\"@type\":\"ReadAction\",\"target\":[\"https:\/\/www.axiomams.eu\/et\/produktas\/pro8-810-420-10-luhisekomplekt\"]}]},{\"@type\":\"ImageObject\",\"inLanguage\":\"et\",\"@id\":\"https:\/\/www.axiomams.eu\/et\/produktas\/pro8-810-420-10-luhisekomplekt#primaryimage\",\"url\":\"https:\/\/www.axiomams.eu\/wp-content\/uploads\/2025\/07\/3476-4676.jpg\",\"contentUrl\":\"https:\/\/www.axiomams.eu\/wp-content\/uploads\/2025\/07\/3476-4676.jpg\",\"width\":499,\"height\":700},{\"@type\":\"BreadcrumbList\",\"@id\":\"https:\/\/www.axiomams.eu\/et\/produktas\/pro8-810-420-10-luhisekomplekt#breadcrumb\",\"itemListElement\":[{\"@type\":\"ListItem\",\"position\":1,\"name\":\"Home\",\"item\":\"https:\/\/www.axiomams.eu\/et\"},{\"@type\":\"ListItem\",\"position\":2,\"name\":\"Tooted\",\"item\":\"https:\/\/www.axiomams.eu\/et\/tooted\"},{\"@type\":\"ListItem\",\"position\":3,\"name\":\"PRO8 810.420-10 l\u00fchisekomplekt\"}]},{\"@type\":\"WebSite\",\"@id\":\"https:\/\/www.axiomams.eu\/et#website\",\"url\":\"https:\/\/www.axiomams.eu\/et\",\"name\":\"AXIOMA MS\",\"description\":\"Terrmovizoriai ir matavimo \u012franga\",\"publisher\":{\"@id\":\"https:\/\/www.axiomams.eu\/et#organization\"},\"potentialAction\":[{\"@type\":\"SearchAction\",\"target\":{\"@type\":\"EntryPoint\",\"urlTemplate\":\"https:\/\/www.axiomams.eu\/et?s={search_term_string}\"},\"query-input\":{\"@type\":\"PropertyValueSpecification\",\"valueRequired\":true,\"valueName\":\"search_term_string\"}}],\"inLanguage\":\"et\"},{\"@type\":\"Organization\",\"@id\":\"https:\/\/www.axiomams.eu\/et#organization\",\"name\":\"AXIOMA MS\",\"url\":\"https:\/\/www.axiomams.eu\/et\",\"logo\":{\"@type\":\"ImageObject\",\"inLanguage\":\"et\",\"@id\":\"https:\/\/www.axiomams.eu\/et#\/schema\/logo\/image\/\",\"url\":\"https:\/\/www.axiomams.eu\/wp-content\/uploads\/2025\/06\/axioma-logo-2.png\",\"contentUrl\":\"https:\/\/www.axiomams.eu\/wp-content\/uploads\/2025\/06\/axioma-logo-2.png\",\"width\":1200,\"height\":1200,\"caption\":\"AXIOMA MS\"},\"image\":{\"@id\":\"https:\/\/www.axiomams.eu\/et#\/schema\/logo\/image\/\"},\"sameAs\":[\"https:\/\/www.facebook.com\/AxiomaMS\",\"https:\/\/www.linkedin.com\/company\/axiomams\/\"]}]}<\/script>\n<!-- \/ Yoast SEO plugin. -->","yoast_head_json":{"title":"PRO8 810.420-10 l\u00fchisekomplekt - AXIOMA MS","robots":{"index":"index","follow":"follow","max-snippet":"max-snippet:-1","max-image-preview":"max-image-preview:large","max-video-preview":"max-video-preview:-1"},"canonical":"https:\/\/www.axiomams.eu\/et\/produktas\/pro8-810-420-10-luhisekomplekt","og_locale":"et_EE","og_type":"article","og_title":"PRO8 810.420-10 l\u00fchisekomplekt - AXIOMA MS","og_description":"PRO8 810.420-10 &#8211; l\u00fchis(maandus)seadmed on ette n\u00e4htud l\u00fchise tekitamiseks ja vooluahela maandamiseks kuni 420 kV nimipingega maandatud s\u00f5lmedega v\u00f5rkudes. Isolatsioonipoolus on valmistatud klaaskangast laminaadist, mis sobib k\u00f5rge elektrilise ja mehaanilise vastupidavuse ja stabiilsuse poolest.","og_url":"https:\/\/www.axiomams.eu\/et\/produktas\/pro8-810-420-10-luhisekomplekt","og_site_name":"AXIOMA MS","article_publisher":"https:\/\/www.facebook.com\/AxiomaMS","article_modified_time":"2026-02-02T12:29:11+00:00","og_image":[{"width":499,"height":700,"url":"https:\/\/www.axiomams.eu\/wp-content\/uploads\/2025\/07\/3476-4676.jpg","type":"image\/jpeg"}],"twitter_card":"summary_large_image","schema":{"@context":"https:\/\/schema.org","@graph":[{"@type":"WebPage","@id":"https:\/\/www.axiomams.eu\/et\/produktas\/pro8-810-420-10-luhisekomplekt","url":"https:\/\/www.axiomams.eu\/et\/produktas\/pro8-810-420-10-luhisekomplekt","name":"PRO8 810.420-10 l\u00fchisekomplekt - AXIOMA MS","isPartOf":{"@id":"https:\/\/www.axiomams.eu\/et#website"},"primaryImageOfPage":{"@id":"https:\/\/www.axiomams.eu\/et\/produktas\/pro8-810-420-10-luhisekomplekt#primaryimage"},"image":{"@id":"https:\/\/www.axiomams.eu\/et\/produktas\/pro8-810-420-10-luhisekomplekt#primaryimage"},"thumbnailUrl":"https:\/\/www.axiomams.eu\/wp-content\/uploads\/2025\/07\/3476-4676.jpg","datePublished":"2025-05-15T15:56:09+00:00","dateModified":"2026-02-02T12:29:11+00:00","breadcrumb":{"@id":"https:\/\/www.axiomams.eu\/et\/produktas\/pro8-810-420-10-luhisekomplekt#breadcrumb"},"inLanguage":"et","potentialAction":[{"@type":"ReadAction","target":["https:\/\/www.axiomams.eu\/et\/produktas\/pro8-810-420-10-luhisekomplekt"]}]},{"@type":"ImageObject","inLanguage":"et","@id":"https:\/\/www.axiomams.eu\/et\/produktas\/pro8-810-420-10-luhisekomplekt#primaryimage","url":"https:\/\/www.axiomams.eu\/wp-content\/uploads\/2025\/07\/3476-4676.jpg","contentUrl":"https:\/\/www.axiomams.eu\/wp-content\/uploads\/2025\/07\/3476-4676.jpg","width":499,"height":700},{"@type":"BreadcrumbList","@id":"https:\/\/www.axiomams.eu\/et\/produktas\/pro8-810-420-10-luhisekomplekt#breadcrumb","itemListElement":[{"@type":"ListItem","position":1,"name":"Home","item":"https:\/\/www.axiomams.eu\/et"},{"@type":"ListItem","position":2,"name":"Tooted","item":"https:\/\/www.axiomams.eu\/et\/tooted"},{"@type":"ListItem","position":3,"name":"PRO8 810.420-10 l\u00fchisekomplekt"}]},{"@type":"WebSite","@id":"https:\/\/www.axiomams.eu\/et#website","url":"https:\/\/www.axiomams.eu\/et","name":"AXIOMA MS","description":"Terrmovizoriai ir matavimo \u012franga","publisher":{"@id":"https:\/\/www.axiomams.eu\/et#organization"},"potentialAction":[{"@type":"SearchAction","target":{"@type":"EntryPoint","urlTemplate":"https:\/\/www.axiomams.eu\/et?s={search_term_string}"},"query-input":{"@type":"PropertyValueSpecification","valueRequired":true,"valueName":"search_term_string"}}],"inLanguage":"et"},{"@type":"Organization","@id":"https:\/\/www.axiomams.eu\/et#organization","name":"AXIOMA MS","url":"https:\/\/www.axiomams.eu\/et","logo":{"@type":"ImageObject","inLanguage":"et","@id":"https:\/\/www.axiomams.eu\/et#\/schema\/logo\/image\/","url":"https:\/\/www.axiomams.eu\/wp-content\/uploads\/2025\/06\/axioma-logo-2.png","contentUrl":"https:\/\/www.axiomams.eu\/wp-content\/uploads\/2025\/06\/axioma-logo-2.png","width":1200,"height":1200,"caption":"AXIOMA MS"},"image":{"@id":"https:\/\/www.axiomams.eu\/et#\/schema\/logo\/image\/"},"sameAs":["https:\/\/www.facebook.com\/AxiomaMS","https:\/\/www.linkedin.com\/company\/axiomams\/"]}]}},"_links":{"self":[{"href":"https:\/\/www.axiomams.eu\/et\/wp-json\/wp\/v2\/product\/40003","targetHints":{"allow":["GET"]}}],"collection":[{"href":"https:\/\/www.axiomams.eu\/et\/wp-json\/wp\/v2\/product"}],"about":[{"href":"https:\/\/www.axiomams.eu\/et\/wp-json\/wp\/v2\/types\/product"}],"replies":[{"embeddable":true,"href":"https:\/\/www.axiomams.eu\/et\/wp-json\/wp\/v2\/comments?post=40003"}],"wp:featuredmedia":[{"embeddable":true,"href":"https:\/\/www.axiomams.eu\/et\/wp-json\/wp\/v2\/media\/41513"}],"wp:attachment":[{"href":"https:\/\/www.axiomams.eu\/et\/wp-json\/wp\/v2\/media?parent=40003"}],"wp:term":[{"taxonomy":"product_brand","embeddable":true,"href":"https:\/\/www.axiomams.eu\/et\/wp-json\/wp\/v2\/product_brand?post=40003"},{"taxonomy":"product_cat","embeddable":true,"href":"https:\/\/www.axiomams.eu\/et\/wp-json\/wp\/v2\/product_cat?post=40003"},{"taxonomy":"product_tag","embeddable":true,"href":"https:\/\/www.axiomams.eu\/et\/wp-json\/wp\/v2\/product_tag?post=40003"}],"curies":[{"name":"wp","href":"https:\/\/api.w.org\/{rel}","templated":true}]}}