{"id":40007,"date":"2025-05-15T18:01:26","date_gmt":"2025-05-15T16:01:26","guid":{"rendered":"https:\/\/www.axiomams.eu\/produktas\/pro8-823-040-luhikeuhenduskomplekt"},"modified":"2026-02-02T14:29:14","modified_gmt":"2026-02-02T12:29:14","slug":"pro8-823-040-luhikeuhenduskomplekt","status":"publish","type":"product","link":"https:\/\/www.axiomams.eu\/et\/produktas\/pro8-823-040-luhikeuhenduskomplekt","title":{"rendered":"PRO8 823.040 L\u00fchike\u00fchenduskomplekt"},"content":{"rendered":"<p>L\u00fchisl\u00fclituskomplekt teenib l\u00fchise tekkimist ja vooluahela maandamist, tavaliselt kolme faasi isoleeritud neutraals\u00fcsteemides maksimaalse pinge korral kuni 38,5 kV. L\u00fchisvoolukomplekt tarnitakse koos \u00fche isoleeriva pooluse (eraldatav) ja kolme juhtmeklambriga, mis on \u00fchendatud l\u00e4bipaistva isolatsiooniga Cu kaablitega s\u00f5lme ja l\u00f5petatakse kaabli ja maandusklambriga. Juhtmeklambrid on universaalsed, st \u00fchendamiseks ringikujulise ristl\u00f5ikega juhiga, sf\u00e4\u00e4rilise \u00fchenduspunktiga, T-kujulise \u00fchenduspunktiga v\u00f5i lamedate juhtmetega. Maandusklamber \u00fchendatakse maandatud lameda juhiga v\u00f5i \u00fcmmarguse ristl\u00f5ikega juhiga. Isolatsioonipoolus on valmistatud klaaskangast laminaadist, mis sobib k\u00f5rge elektrilise ja mehaanilise vastupidavuse ja stabiilsuse poolest. Poldi otsas on pesa juhtmeklambri k\u00e4sitsemiseks. See vastab v\u00e4litingimustes kasutatavatele kaitseseadmetele esitatavatele n\u00f5uetele. Komplekti kasutatakse nii sise- kui ka v\u00e4litingimustes tavalistes kliimatingimustes. K\u00e4epide on varustatud kaitser\u00f5ngaga (k\u00e4ekaitse).<\/p>\n<h3>Tehniline teave:<\/h3>\n<ul>\n<li><a href=\"https:\/\/axiomams.eu\/importer\/export\/attachments\/en\/pro8-823.040.pdf\" target=\"_blank\">PRO8 823.040.pdf<\/a><\/li>\n<\/ul>\n","protected":false},"excerpt":{"rendered":"<p>L\u00fchisl\u00fclituskomplekt teenib l\u00fchise tekkimist ja vooluahela maandamist, tavaliselt kolme faasi isoleeritud neutraals\u00fcsteemides maksimaalse pinge korral kuni 38,5 kV. L\u00fchisvoolukomplekt tarnitakse koos \u00fche isoleeriva pooluse (eraldatav) ja kolme juhtmeklambriga, mis on \u00fchendatud l\u00e4bipaistva isolatsiooniga Cu kaablitega s\u00f5lme ja l\u00f5petatakse kaabli ja maandusklambriga. Juhtmeklambrid on universaalsed, st \u00fchendamiseks ringikujulise ristl\u00f5ikega juhiga, sf\u00e4\u00e4rilise \u00fchenduspunktiga, T-kujulise \u00fchenduspunktiga v\u00f5i lamedate&#8230;<\/p>\n","protected":false},"featured_media":41521,"comment_status":"open","ping_status":"closed","template":"","meta":{"_acf_changed":false},"product_brand":[739],"product_cat":[17784],"product_tag":[],"class_list":{"0":"post-40007","1":"product","2":"type-product","3":"status-publish","4":"has-post-thumbnail","6":"product_brand-pro8","7":"product_cat-elektriohutuse-tagamiseks","9":"first","10":"instock","11":"taxable","12":"shipping-taxable","13":"purchasable","14":"product-type-simple"},"acf":[],"yoast_head":"<!-- This site is optimized with the Yoast SEO plugin v27.0 - https:\/\/yoast.com\/product\/yoast-seo-wordpress\/ -->\n<title>PRO8 823.040 L\u00fchike\u00fchenduskomplekt - AXIOMA MS<\/title>\n<meta name=\"robots\" content=\"index, follow, max-snippet:-1, max-image-preview:large, max-video-preview:-1\" \/>\n<link rel=\"canonical\" href=\"https:\/\/www.axiomams.eu\/et\/produktas\/pro8-823-040-luhikeuhenduskomplekt\" \/>\n<meta property=\"og:locale\" content=\"et_EE\" \/>\n<meta property=\"og:type\" content=\"article\" \/>\n<meta property=\"og:title\" content=\"PRO8 823.040 L\u00fchike\u00fchenduskomplekt - AXIOMA MS\" \/>\n<meta property=\"og:description\" content=\"L\u00fchisl\u00fclituskomplekt teenib l\u00fchise tekkimist ja vooluahela maandamist, tavaliselt kolme faasi isoleeritud neutraals\u00fcsteemides maksimaalse pinge korral kuni 38,5 kV. L\u00fchisvoolukomplekt tarnitakse koos \u00fche isoleeriva pooluse (eraldatav) ja kolme juhtmeklambriga, mis on \u00fchendatud l\u00e4bipaistva isolatsiooniga Cu kaablitega s\u00f5lme ja l\u00f5petatakse kaabli ja maandusklambriga. Juhtmeklambrid on universaalsed, st \u00fchendamiseks ringikujulise ristl\u00f5ikega juhiga, sf\u00e4\u00e4rilise \u00fchenduspunktiga, T-kujulise \u00fchenduspunktiga v\u00f5i lamedate...\" \/>\n<meta property=\"og:url\" content=\"https:\/\/www.axiomams.eu\/et\/produktas\/pro8-823-040-luhikeuhenduskomplekt\" \/>\n<meta property=\"og:site_name\" content=\"AXIOMA MS\" \/>\n<meta property=\"article:publisher\" content=\"https:\/\/www.facebook.com\/AxiomaMS\" \/>\n<meta property=\"article:modified_time\" content=\"2026-02-02T12:29:14+00:00\" \/>\n<meta property=\"og:image\" content=\"https:\/\/www.axiomams.eu\/wp-content\/uploads\/2025\/07\/2398-3091.jpg\" \/>\n\t<meta property=\"og:image:width\" content=\"1122\" \/>\n\t<meta property=\"og:image:height\" content=\"1020\" \/>\n\t<meta property=\"og:image:type\" content=\"image\/jpeg\" \/>\n<meta name=\"twitter:card\" content=\"summary_large_image\" \/>\n<meta name=\"twitter:label1\" content=\"Est. reading time\" \/>\n\t<meta name=\"twitter:data1\" content=\"1 minut\" \/>\n<script type=\"application\/ld+json\" class=\"yoast-schema-graph\">{\"@context\":\"https:\/\/schema.org\",\"@graph\":[{\"@type\":\"WebPage\",\"@id\":\"https:\/\/www.axiomams.eu\/et\/produktas\/pro8-823-040-luhikeuhenduskomplekt\",\"url\":\"https:\/\/www.axiomams.eu\/et\/produktas\/pro8-823-040-luhikeuhenduskomplekt\",\"name\":\"PRO8 823.040 L\u00fchike\u00fchenduskomplekt - AXIOMA MS\",\"isPartOf\":{\"@id\":\"https:\/\/www.axiomams.eu\/et#website\"},\"primaryImageOfPage\":{\"@id\":\"https:\/\/www.axiomams.eu\/et\/produktas\/pro8-823-040-luhikeuhenduskomplekt#primaryimage\"},\"image\":{\"@id\":\"https:\/\/www.axiomams.eu\/et\/produktas\/pro8-823-040-luhikeuhenduskomplekt#primaryimage\"},\"thumbnailUrl\":\"https:\/\/www.axiomams.eu\/wp-content\/uploads\/2025\/07\/2398-3091.jpg\",\"datePublished\":\"2025-05-15T16:01:26+00:00\",\"dateModified\":\"2026-02-02T12:29:14+00:00\",\"breadcrumb\":{\"@id\":\"https:\/\/www.axiomams.eu\/et\/produktas\/pro8-823-040-luhikeuhenduskomplekt#breadcrumb\"},\"inLanguage\":\"et\",\"potentialAction\":[{\"@type\":\"ReadAction\",\"target\":[\"https:\/\/www.axiomams.eu\/et\/produktas\/pro8-823-040-luhikeuhenduskomplekt\"]}]},{\"@type\":\"ImageObject\",\"inLanguage\":\"et\",\"@id\":\"https:\/\/www.axiomams.eu\/et\/produktas\/pro8-823-040-luhikeuhenduskomplekt#primaryimage\",\"url\":\"https:\/\/www.axiomams.eu\/wp-content\/uploads\/2025\/07\/2398-3091.jpg\",\"contentUrl\":\"https:\/\/www.axiomams.eu\/wp-content\/uploads\/2025\/07\/2398-3091.jpg\",\"width\":1122,\"height\":1020},{\"@type\":\"BreadcrumbList\",\"@id\":\"https:\/\/www.axiomams.eu\/et\/produktas\/pro8-823-040-luhikeuhenduskomplekt#breadcrumb\",\"itemListElement\":[{\"@type\":\"ListItem\",\"position\":1,\"name\":\"Home\",\"item\":\"https:\/\/www.axiomams.eu\/et\"},{\"@type\":\"ListItem\",\"position\":2,\"name\":\"Tooted\",\"item\":\"https:\/\/www.axiomams.eu\/et\/tooted\"},{\"@type\":\"ListItem\",\"position\":3,\"name\":\"PRO8 823.040 L\u00fchike\u00fchenduskomplekt\"}]},{\"@type\":\"WebSite\",\"@id\":\"https:\/\/www.axiomams.eu\/et#website\",\"url\":\"https:\/\/www.axiomams.eu\/et\",\"name\":\"AXIOMA MS\",\"description\":\"Terrmovizoriai ir matavimo \u012franga\",\"publisher\":{\"@id\":\"https:\/\/www.axiomams.eu\/et#organization\"},\"potentialAction\":[{\"@type\":\"SearchAction\",\"target\":{\"@type\":\"EntryPoint\",\"urlTemplate\":\"https:\/\/www.axiomams.eu\/et?s={search_term_string}\"},\"query-input\":{\"@type\":\"PropertyValueSpecification\",\"valueRequired\":true,\"valueName\":\"search_term_string\"}}],\"inLanguage\":\"et\"},{\"@type\":\"Organization\",\"@id\":\"https:\/\/www.axiomams.eu\/et#organization\",\"name\":\"AXIOMA MS\",\"url\":\"https:\/\/www.axiomams.eu\/et\",\"logo\":{\"@type\":\"ImageObject\",\"inLanguage\":\"et\",\"@id\":\"https:\/\/www.axiomams.eu\/et#\/schema\/logo\/image\/\",\"url\":\"https:\/\/www.axiomams.eu\/wp-content\/uploads\/2025\/06\/axioma-logo-2.png\",\"contentUrl\":\"https:\/\/www.axiomams.eu\/wp-content\/uploads\/2025\/06\/axioma-logo-2.png\",\"width\":1200,\"height\":1200,\"caption\":\"AXIOMA MS\"},\"image\":{\"@id\":\"https:\/\/www.axiomams.eu\/et#\/schema\/logo\/image\/\"},\"sameAs\":[\"https:\/\/www.facebook.com\/AxiomaMS\",\"https:\/\/www.linkedin.com\/company\/axiomams\/\"]}]}<\/script>\n<!-- \/ Yoast SEO plugin. -->","yoast_head_json":{"title":"PRO8 823.040 L\u00fchike\u00fchenduskomplekt - AXIOMA MS","robots":{"index":"index","follow":"follow","max-snippet":"max-snippet:-1","max-image-preview":"max-image-preview:large","max-video-preview":"max-video-preview:-1"},"canonical":"https:\/\/www.axiomams.eu\/et\/produktas\/pro8-823-040-luhikeuhenduskomplekt","og_locale":"et_EE","og_type":"article","og_title":"PRO8 823.040 L\u00fchike\u00fchenduskomplekt - AXIOMA MS","og_description":"L\u00fchisl\u00fclituskomplekt teenib l\u00fchise tekkimist ja vooluahela maandamist, tavaliselt kolme faasi isoleeritud neutraals\u00fcsteemides maksimaalse pinge korral kuni 38,5 kV. L\u00fchisvoolukomplekt tarnitakse koos \u00fche isoleeriva pooluse (eraldatav) ja kolme juhtmeklambriga, mis on \u00fchendatud l\u00e4bipaistva isolatsiooniga Cu kaablitega s\u00f5lme ja l\u00f5petatakse kaabli ja maandusklambriga. Juhtmeklambrid on universaalsed, st \u00fchendamiseks ringikujulise ristl\u00f5ikega juhiga, sf\u00e4\u00e4rilise \u00fchenduspunktiga, T-kujulise \u00fchenduspunktiga v\u00f5i lamedate...","og_url":"https:\/\/www.axiomams.eu\/et\/produktas\/pro8-823-040-luhikeuhenduskomplekt","og_site_name":"AXIOMA MS","article_publisher":"https:\/\/www.facebook.com\/AxiomaMS","article_modified_time":"2026-02-02T12:29:14+00:00","og_image":[{"width":1122,"height":1020,"url":"https:\/\/www.axiomams.eu\/wp-content\/uploads\/2025\/07\/2398-3091.jpg","type":"image\/jpeg"}],"twitter_card":"summary_large_image","twitter_misc":{"Est. reading time":"1 minut"},"schema":{"@context":"https:\/\/schema.org","@graph":[{"@type":"WebPage","@id":"https:\/\/www.axiomams.eu\/et\/produktas\/pro8-823-040-luhikeuhenduskomplekt","url":"https:\/\/www.axiomams.eu\/et\/produktas\/pro8-823-040-luhikeuhenduskomplekt","name":"PRO8 823.040 L\u00fchike\u00fchenduskomplekt - AXIOMA MS","isPartOf":{"@id":"https:\/\/www.axiomams.eu\/et#website"},"primaryImageOfPage":{"@id":"https:\/\/www.axiomams.eu\/et\/produktas\/pro8-823-040-luhikeuhenduskomplekt#primaryimage"},"image":{"@id":"https:\/\/www.axiomams.eu\/et\/produktas\/pro8-823-040-luhikeuhenduskomplekt#primaryimage"},"thumbnailUrl":"https:\/\/www.axiomams.eu\/wp-content\/uploads\/2025\/07\/2398-3091.jpg","datePublished":"2025-05-15T16:01:26+00:00","dateModified":"2026-02-02T12:29:14+00:00","breadcrumb":{"@id":"https:\/\/www.axiomams.eu\/et\/produktas\/pro8-823-040-luhikeuhenduskomplekt#breadcrumb"},"inLanguage":"et","potentialAction":[{"@type":"ReadAction","target":["https:\/\/www.axiomams.eu\/et\/produktas\/pro8-823-040-luhikeuhenduskomplekt"]}]},{"@type":"ImageObject","inLanguage":"et","@id":"https:\/\/www.axiomams.eu\/et\/produktas\/pro8-823-040-luhikeuhenduskomplekt#primaryimage","url":"https:\/\/www.axiomams.eu\/wp-content\/uploads\/2025\/07\/2398-3091.jpg","contentUrl":"https:\/\/www.axiomams.eu\/wp-content\/uploads\/2025\/07\/2398-3091.jpg","width":1122,"height":1020},{"@type":"BreadcrumbList","@id":"https:\/\/www.axiomams.eu\/et\/produktas\/pro8-823-040-luhikeuhenduskomplekt#breadcrumb","itemListElement":[{"@type":"ListItem","position":1,"name":"Home","item":"https:\/\/www.axiomams.eu\/et"},{"@type":"ListItem","position":2,"name":"Tooted","item":"https:\/\/www.axiomams.eu\/et\/tooted"},{"@type":"ListItem","position":3,"name":"PRO8 823.040 L\u00fchike\u00fchenduskomplekt"}]},{"@type":"WebSite","@id":"https:\/\/www.axiomams.eu\/et#website","url":"https:\/\/www.axiomams.eu\/et","name":"AXIOMA MS","description":"Terrmovizoriai ir matavimo \u012franga","publisher":{"@id":"https:\/\/www.axiomams.eu\/et#organization"},"potentialAction":[{"@type":"SearchAction","target":{"@type":"EntryPoint","urlTemplate":"https:\/\/www.axiomams.eu\/et?s={search_term_string}"},"query-input":{"@type":"PropertyValueSpecification","valueRequired":true,"valueName":"search_term_string"}}],"inLanguage":"et"},{"@type":"Organization","@id":"https:\/\/www.axiomams.eu\/et#organization","name":"AXIOMA MS","url":"https:\/\/www.axiomams.eu\/et","logo":{"@type":"ImageObject","inLanguage":"et","@id":"https:\/\/www.axiomams.eu\/et#\/schema\/logo\/image\/","url":"https:\/\/www.axiomams.eu\/wp-content\/uploads\/2025\/06\/axioma-logo-2.png","contentUrl":"https:\/\/www.axiomams.eu\/wp-content\/uploads\/2025\/06\/axioma-logo-2.png","width":1200,"height":1200,"caption":"AXIOMA MS"},"image":{"@id":"https:\/\/www.axiomams.eu\/et#\/schema\/logo\/image\/"},"sameAs":["https:\/\/www.facebook.com\/AxiomaMS","https:\/\/www.linkedin.com\/company\/axiomams\/"]}]}},"_links":{"self":[{"href":"https:\/\/www.axiomams.eu\/et\/wp-json\/wp\/v2\/product\/40007","targetHints":{"allow":["GET"]}}],"collection":[{"href":"https:\/\/www.axiomams.eu\/et\/wp-json\/wp\/v2\/product"}],"about":[{"href":"https:\/\/www.axiomams.eu\/et\/wp-json\/wp\/v2\/types\/product"}],"replies":[{"embeddable":true,"href":"https:\/\/www.axiomams.eu\/et\/wp-json\/wp\/v2\/comments?post=40007"}],"wp:featuredmedia":[{"embeddable":true,"href":"https:\/\/www.axiomams.eu\/et\/wp-json\/wp\/v2\/media\/41521"}],"wp:attachment":[{"href":"https:\/\/www.axiomams.eu\/et\/wp-json\/wp\/v2\/media?parent=40007"}],"wp:term":[{"taxonomy":"product_brand","embeddable":true,"href":"https:\/\/www.axiomams.eu\/et\/wp-json\/wp\/v2\/product_brand?post=40007"},{"taxonomy":"product_cat","embeddable":true,"href":"https:\/\/www.axiomams.eu\/et\/wp-json\/wp\/v2\/product_cat?post=40007"},{"taxonomy":"product_tag","embeddable":true,"href":"https:\/\/www.axiomams.eu\/et\/wp-json\/wp\/v2\/product_tag?post=40007"}],"curies":[{"name":"wp","href":"https:\/\/api.w.org\/{rel}","templated":true}]}}