{"id":40010,"date":"2025-08-05T01:01:00","date_gmt":"2025-08-04T23:01:00","guid":{"rendered":"https:\/\/www.axiomams.eu\/produktas\/testo-830-t4-infrapunatermomeeter-0560-8314"},"modified":"2026-02-02T14:29:14","modified_gmt":"2026-02-02T12:29:14","slug":"testo-830-t4-infrapunatermomeeter-0560-8314","status":"publish","type":"product","link":"https:\/\/www.axiomams.eu\/et\/produktas\/testo-830-t4-infrapunatermomeeter-0560-8314","title":{"rendered":"Testo 830-T4 infrapunatermomeeter (0560 8314)"},"content":{"rendered":"<p>Infrapunatermomeeter testo 830-T4 annab t\u00e4nu oma 30:1 optikale ja suure j\u00f5udlusega protsessorile t\u00e4pse pinnatemperatuuri n\u00e4itu ka suuremate vahemaade tagant. See infrapunaseade on m\u00f5eldud kaubandus- ja t\u00f6\u00f6stusrakenduste jaoks ning v\u00f5imaldab kiiret ja t\u00f5husat kontaktivaba temperatuuri m\u00f5\u00f5tmist.<\/p>\n<p>Infrapunatermomeeter kontaktivabaks pinnatemperatuuri m\u00f5\u00f5tmiseks:<br \/>\n    Annab t\u00e4pseid tulemusi t\u00e4nu 30:1 optikale ja suure eraldusv\u00f5imega protsessorile.<br \/>\n    Lihtne \u00fche k\u00e4ega t\u00f6\u00f6tamine ergonoomilise, p\u00fcstolistiilis disainiga<br \/>\n    Valikuline temperatuurianduri \u00fchendus t\u00e4iendavate kontaktm\u00f5\u00f5tmiste jaoks<\/p>\n<p>Standardkomplekt: Testo 830-T4 infrapunatermomeeter koos patareide ja kalibreerimisprotokolliga.<br \/>\nTootekood: 0560 8314<\/p>\n<h3>Tehniline teave:<\/h3>\n<ul>\n<li><a href=\"https:\/\/axiomams.eu\/importer\/export\/attachments\/en\/testo-845.pdf\" target=\"_blank\">testo 845.pdf<\/a><\/li>\n<\/ul>\n","protected":false},"excerpt":{"rendered":"<p>Infrapunatermomeeter testo 830-T4 annab t\u00e4nu oma 30:1 optikale ja suure j\u00f5udlusega protsessorile t\u00e4pse pinnatemperatuuri n\u00e4itu ka suuremate vahemaade tagant. See infrapunaseade on m\u00f5eldud kaubandus- ja t\u00f6\u00f6stusrakenduste jaoks ning v\u00f5imaldab kiiret ja t\u00f5husat kontaktivaba temperatuuri m\u00f5\u00f5tmist. Infrapunatermomeeter kontaktivabaks pinnatemperatuuri m\u00f5\u00f5tmiseks: Annab t\u00e4pseid tulemusi t\u00e4nu 30:1 optikale ja suure eraldusv\u00f5imega protsessorile. Lihtne \u00fche k\u00e4ega t\u00f6\u00f6tamine ergonoomilise, p\u00fcstolistiilis&#8230;<\/p>\n","protected":false},"featured_media":44285,"comment_status":"open","ping_status":"closed","template":"","meta":{"_acf_changed":false},"product_brand":[735],"product_cat":[17787],"product_tag":[],"class_list":{"0":"post-40010","1":"product","2":"type-product","3":"status-publish","4":"has-post-thumbnail","6":"product_brand-testo","7":"product_cat-temperatuuri-niiskuse-ja-rohu-mootmiseks","9":"first","10":"instock","11":"taxable","12":"shipping-taxable","13":"purchasable","14":"product-type-simple"},"acf":[],"yoast_head":"<!-- This site is optimized with the Yoast SEO plugin v27.0 - https:\/\/yoast.com\/product\/yoast-seo-wordpress\/ -->\n<title>Testo 830-T4 infrapunatermomeeter (0560 8314) - AXIOMA MS<\/title>\n<meta name=\"robots\" content=\"index, follow, max-snippet:-1, max-image-preview:large, max-video-preview:-1\" \/>\n<link rel=\"canonical\" href=\"https:\/\/www.axiomams.eu\/et\/produktas\/testo-830-t4-infrapunatermomeeter-0560-8314\" \/>\n<meta property=\"og:locale\" content=\"et_EE\" \/>\n<meta property=\"og:type\" content=\"article\" \/>\n<meta property=\"og:title\" content=\"Testo 830-T4 infrapunatermomeeter (0560 8314) - AXIOMA MS\" \/>\n<meta property=\"og:description\" content=\"Infrapunatermomeeter testo 830-T4 annab t\u00e4nu oma 30:1 optikale ja suure j\u00f5udlusega protsessorile t\u00e4pse pinnatemperatuuri n\u00e4itu ka suuremate vahemaade tagant. See infrapunaseade on m\u00f5eldud kaubandus- ja t\u00f6\u00f6stusrakenduste jaoks ning v\u00f5imaldab kiiret ja t\u00f5husat kontaktivaba temperatuuri m\u00f5\u00f5tmist. Infrapunatermomeeter kontaktivabaks pinnatemperatuuri m\u00f5\u00f5tmiseks: Annab t\u00e4pseid tulemusi t\u00e4nu 30:1 optikale ja suure eraldusv\u00f5imega protsessorile. Lihtne \u00fche k\u00e4ega t\u00f6\u00f6tamine ergonoomilise, p\u00fcstolistiilis...\" \/>\n<meta property=\"og:url\" content=\"https:\/\/www.axiomams.eu\/et\/produktas\/testo-830-t4-infrapunatermomeeter-0560-8314\" \/>\n<meta property=\"og:site_name\" content=\"AXIOMA MS\" \/>\n<meta property=\"article:publisher\" content=\"https:\/\/www.facebook.com\/AxiomaMS\" \/>\n<meta property=\"article:modified_time\" content=\"2026-02-02T12:29:14+00:00\" \/>\n<meta property=\"og:image\" content=\"https:\/\/www.axiomams.eu\/wp-content\/uploads\/2025\/08\/3137-4139.jpg\" \/>\n\t<meta property=\"og:image:width\" content=\"680\" \/>\n\t<meta property=\"og:image:height\" content=\"1020\" \/>\n\t<meta property=\"og:image:type\" content=\"image\/jpeg\" \/>\n<meta name=\"twitter:card\" content=\"summary_large_image\" \/>\n<script type=\"application\/ld+json\" class=\"yoast-schema-graph\">{\"@context\":\"https:\/\/schema.org\",\"@graph\":[{\"@type\":\"WebPage\",\"@id\":\"https:\/\/www.axiomams.eu\/et\/produktas\/testo-830-t4-infrapunatermomeeter-0560-8314\",\"url\":\"https:\/\/www.axiomams.eu\/et\/produktas\/testo-830-t4-infrapunatermomeeter-0560-8314\",\"name\":\"Testo 830-T4 infrapunatermomeeter (0560 8314) - AXIOMA MS\",\"isPartOf\":{\"@id\":\"https:\/\/www.axiomams.eu\/et#website\"},\"primaryImageOfPage\":{\"@id\":\"https:\/\/www.axiomams.eu\/et\/produktas\/testo-830-t4-infrapunatermomeeter-0560-8314#primaryimage\"},\"image\":{\"@id\":\"https:\/\/www.axiomams.eu\/et\/produktas\/testo-830-t4-infrapunatermomeeter-0560-8314#primaryimage\"},\"thumbnailUrl\":\"https:\/\/www.axiomams.eu\/wp-content\/uploads\/2026\/02\/3137-6236.jpg\",\"datePublished\":\"2025-08-04T23:01:00+00:00\",\"dateModified\":\"2026-02-02T12:29:14+00:00\",\"breadcrumb\":{\"@id\":\"https:\/\/www.axiomams.eu\/et\/produktas\/testo-830-t4-infrapunatermomeeter-0560-8314#breadcrumb\"},\"inLanguage\":\"et\",\"potentialAction\":[{\"@type\":\"ReadAction\",\"target\":[\"https:\/\/www.axiomams.eu\/et\/produktas\/testo-830-t4-infrapunatermomeeter-0560-8314\"]}]},{\"@type\":\"ImageObject\",\"inLanguage\":\"et\",\"@id\":\"https:\/\/www.axiomams.eu\/et\/produktas\/testo-830-t4-infrapunatermomeeter-0560-8314#primaryimage\",\"url\":\"https:\/\/www.axiomams.eu\/wp-content\/uploads\/2026\/02\/3137-6236.jpg\",\"contentUrl\":\"https:\/\/www.axiomams.eu\/wp-content\/uploads\/2026\/02\/3137-6236.jpg\",\"width\":800,\"height\":800},{\"@type\":\"BreadcrumbList\",\"@id\":\"https:\/\/www.axiomams.eu\/et\/produktas\/testo-830-t4-infrapunatermomeeter-0560-8314#breadcrumb\",\"itemListElement\":[{\"@type\":\"ListItem\",\"position\":1,\"name\":\"Home\",\"item\":\"https:\/\/www.axiomams.eu\/et\"},{\"@type\":\"ListItem\",\"position\":2,\"name\":\"Tooted\",\"item\":\"https:\/\/www.axiomams.eu\/et\/tooted\"},{\"@type\":\"ListItem\",\"position\":3,\"name\":\"Testo 830-T4 infrapunatermomeeter (0560 8314)\"}]},{\"@type\":\"WebSite\",\"@id\":\"https:\/\/www.axiomams.eu\/et#website\",\"url\":\"https:\/\/www.axiomams.eu\/et\",\"name\":\"AXIOMA MS\",\"description\":\"Terrmovizoriai ir matavimo \u012franga\",\"publisher\":{\"@id\":\"https:\/\/www.axiomams.eu\/et#organization\"},\"potentialAction\":[{\"@type\":\"SearchAction\",\"target\":{\"@type\":\"EntryPoint\",\"urlTemplate\":\"https:\/\/www.axiomams.eu\/et?s={search_term_string}\"},\"query-input\":{\"@type\":\"PropertyValueSpecification\",\"valueRequired\":true,\"valueName\":\"search_term_string\"}}],\"inLanguage\":\"et\"},{\"@type\":\"Organization\",\"@id\":\"https:\/\/www.axiomams.eu\/et#organization\",\"name\":\"AXIOMA MS\",\"url\":\"https:\/\/www.axiomams.eu\/et\",\"logo\":{\"@type\":\"ImageObject\",\"inLanguage\":\"et\",\"@id\":\"https:\/\/www.axiomams.eu\/et#\/schema\/logo\/image\/\",\"url\":\"https:\/\/www.axiomams.eu\/wp-content\/uploads\/2025\/06\/axioma-logo-2.png\",\"contentUrl\":\"https:\/\/www.axiomams.eu\/wp-content\/uploads\/2025\/06\/axioma-logo-2.png\",\"width\":1200,\"height\":1200,\"caption\":\"AXIOMA MS\"},\"image\":{\"@id\":\"https:\/\/www.axiomams.eu\/et#\/schema\/logo\/image\/\"},\"sameAs\":[\"https:\/\/www.facebook.com\/AxiomaMS\",\"https:\/\/www.linkedin.com\/company\/axiomams\/\"]}]}<\/script>\n<!-- \/ Yoast SEO plugin. -->","yoast_head_json":{"title":"Testo 830-T4 infrapunatermomeeter (0560 8314) - AXIOMA MS","robots":{"index":"index","follow":"follow","max-snippet":"max-snippet:-1","max-image-preview":"max-image-preview:large","max-video-preview":"max-video-preview:-1"},"canonical":"https:\/\/www.axiomams.eu\/et\/produktas\/testo-830-t4-infrapunatermomeeter-0560-8314","og_locale":"et_EE","og_type":"article","og_title":"Testo 830-T4 infrapunatermomeeter (0560 8314) - AXIOMA MS","og_description":"Infrapunatermomeeter testo 830-T4 annab t\u00e4nu oma 30:1 optikale ja suure j\u00f5udlusega protsessorile t\u00e4pse pinnatemperatuuri n\u00e4itu ka suuremate vahemaade tagant. See infrapunaseade on m\u00f5eldud kaubandus- ja t\u00f6\u00f6stusrakenduste jaoks ning v\u00f5imaldab kiiret ja t\u00f5husat kontaktivaba temperatuuri m\u00f5\u00f5tmist. Infrapunatermomeeter kontaktivabaks pinnatemperatuuri m\u00f5\u00f5tmiseks: Annab t\u00e4pseid tulemusi t\u00e4nu 30:1 optikale ja suure eraldusv\u00f5imega protsessorile. Lihtne \u00fche k\u00e4ega t\u00f6\u00f6tamine ergonoomilise, p\u00fcstolistiilis...","og_url":"https:\/\/www.axiomams.eu\/et\/produktas\/testo-830-t4-infrapunatermomeeter-0560-8314","og_site_name":"AXIOMA MS","article_publisher":"https:\/\/www.facebook.com\/AxiomaMS","article_modified_time":"2026-02-02T12:29:14+00:00","og_image":[{"width":680,"height":1020,"url":"https:\/\/www.axiomams.eu\/wp-content\/uploads\/2025\/08\/3137-4139.jpg","type":"image\/jpeg"}],"twitter_card":"summary_large_image","schema":{"@context":"https:\/\/schema.org","@graph":[{"@type":"WebPage","@id":"https:\/\/www.axiomams.eu\/et\/produktas\/testo-830-t4-infrapunatermomeeter-0560-8314","url":"https:\/\/www.axiomams.eu\/et\/produktas\/testo-830-t4-infrapunatermomeeter-0560-8314","name":"Testo 830-T4 infrapunatermomeeter (0560 8314) - AXIOMA MS","isPartOf":{"@id":"https:\/\/www.axiomams.eu\/et#website"},"primaryImageOfPage":{"@id":"https:\/\/www.axiomams.eu\/et\/produktas\/testo-830-t4-infrapunatermomeeter-0560-8314#primaryimage"},"image":{"@id":"https:\/\/www.axiomams.eu\/et\/produktas\/testo-830-t4-infrapunatermomeeter-0560-8314#primaryimage"},"thumbnailUrl":"https:\/\/www.axiomams.eu\/wp-content\/uploads\/2026\/02\/3137-6236.jpg","datePublished":"2025-08-04T23:01:00+00:00","dateModified":"2026-02-02T12:29:14+00:00","breadcrumb":{"@id":"https:\/\/www.axiomams.eu\/et\/produktas\/testo-830-t4-infrapunatermomeeter-0560-8314#breadcrumb"},"inLanguage":"et","potentialAction":[{"@type":"ReadAction","target":["https:\/\/www.axiomams.eu\/et\/produktas\/testo-830-t4-infrapunatermomeeter-0560-8314"]}]},{"@type":"ImageObject","inLanguage":"et","@id":"https:\/\/www.axiomams.eu\/et\/produktas\/testo-830-t4-infrapunatermomeeter-0560-8314#primaryimage","url":"https:\/\/www.axiomams.eu\/wp-content\/uploads\/2026\/02\/3137-6236.jpg","contentUrl":"https:\/\/www.axiomams.eu\/wp-content\/uploads\/2026\/02\/3137-6236.jpg","width":800,"height":800},{"@type":"BreadcrumbList","@id":"https:\/\/www.axiomams.eu\/et\/produktas\/testo-830-t4-infrapunatermomeeter-0560-8314#breadcrumb","itemListElement":[{"@type":"ListItem","position":1,"name":"Home","item":"https:\/\/www.axiomams.eu\/et"},{"@type":"ListItem","position":2,"name":"Tooted","item":"https:\/\/www.axiomams.eu\/et\/tooted"},{"@type":"ListItem","position":3,"name":"Testo 830-T4 infrapunatermomeeter (0560 8314)"}]},{"@type":"WebSite","@id":"https:\/\/www.axiomams.eu\/et#website","url":"https:\/\/www.axiomams.eu\/et","name":"AXIOMA MS","description":"Terrmovizoriai ir matavimo \u012franga","publisher":{"@id":"https:\/\/www.axiomams.eu\/et#organization"},"potentialAction":[{"@type":"SearchAction","target":{"@type":"EntryPoint","urlTemplate":"https:\/\/www.axiomams.eu\/et?s={search_term_string}"},"query-input":{"@type":"PropertyValueSpecification","valueRequired":true,"valueName":"search_term_string"}}],"inLanguage":"et"},{"@type":"Organization","@id":"https:\/\/www.axiomams.eu\/et#organization","name":"AXIOMA MS","url":"https:\/\/www.axiomams.eu\/et","logo":{"@type":"ImageObject","inLanguage":"et","@id":"https:\/\/www.axiomams.eu\/et#\/schema\/logo\/image\/","url":"https:\/\/www.axiomams.eu\/wp-content\/uploads\/2025\/06\/axioma-logo-2.png","contentUrl":"https:\/\/www.axiomams.eu\/wp-content\/uploads\/2025\/06\/axioma-logo-2.png","width":1200,"height":1200,"caption":"AXIOMA MS"},"image":{"@id":"https:\/\/www.axiomams.eu\/et#\/schema\/logo\/image\/"},"sameAs":["https:\/\/www.facebook.com\/AxiomaMS","https:\/\/www.linkedin.com\/company\/axiomams\/"]}]}},"_links":{"self":[{"href":"https:\/\/www.axiomams.eu\/et\/wp-json\/wp\/v2\/product\/40010","targetHints":{"allow":["GET"]}}],"collection":[{"href":"https:\/\/www.axiomams.eu\/et\/wp-json\/wp\/v2\/product"}],"about":[{"href":"https:\/\/www.axiomams.eu\/et\/wp-json\/wp\/v2\/types\/product"}],"replies":[{"embeddable":true,"href":"https:\/\/www.axiomams.eu\/et\/wp-json\/wp\/v2\/comments?post=40010"}],"wp:featuredmedia":[{"embeddable":true,"href":"https:\/\/www.axiomams.eu\/et\/wp-json\/wp\/v2\/media\/44285"}],"wp:attachment":[{"href":"https:\/\/www.axiomams.eu\/et\/wp-json\/wp\/v2\/media?parent=40010"}],"wp:term":[{"taxonomy":"product_brand","embeddable":true,"href":"https:\/\/www.axiomams.eu\/et\/wp-json\/wp\/v2\/product_brand?post=40010"},{"taxonomy":"product_cat","embeddable":true,"href":"https:\/\/www.axiomams.eu\/et\/wp-json\/wp\/v2\/product_cat?post=40010"},{"taxonomy":"product_tag","embeddable":true,"href":"https:\/\/www.axiomams.eu\/et\/wp-json\/wp\/v2\/product_tag?post=40010"}],"curies":[{"name":"wp","href":"https:\/\/api.w.org\/{rel}","templated":true}]}}