{"id":40020,"date":"2025-05-15T17:56:16","date_gmt":"2025-05-15T15:56:16","guid":{"rendered":"https:\/\/www.axiomams.eu\/produktas\/qnix-9500-premium-katte-paksuse-mootur"},"modified":"2026-02-02T14:29:18","modified_gmt":"2026-02-02T12:29:18","slug":"qnix-9500-premium-katte-paksuse-mootur","status":"publish","type":"product","link":"https:\/\/www.axiomams.eu\/et\/produktas\/qnix-9500-premium-katte-paksuse-mootur","title":{"rendered":"Qnix 9500 Premium+ katte paksuse m\u00f5\u00f5tur"},"content":{"rendered":"<p>QNix 9500 kattepaksuse m\u00f5\u00f5tur pakub t\u00e4pseid m\u00f5\u00f5tmisi suure korratavusega ning on vastupidav IP65 tolmu- ja pritsmekindlusega. Omaduste hulka kuuluvad ergonoomiline disain koos heleda, kriimustuskindla LCD-ekraaniga, modulaarsed sondid paindlikkuse tagamiseks ning lihtne ja intuitiivne kasutamine. Seade toetab ka lihtsat kalibreerimist, sondide vahetamist ja sisaldab tarkvara t\u00f5husaks aruandluseks. See sobib ideaalselt kasutamiseks n\u00f5udlikes keskkondades, tagades t\u00e4psed ja usaldusv\u00e4\u00e4rsed tulemused ka karmides tingimustes.<\/p>\n<p>Standardkomplekt: QNix 9500 kattepaksuse m\u00f5\u00f5tja, tarkvara QN9, v\u00f5rdlusplaat, 2 testfooliumi, kasutusjuhend, USB-kaabel, patareid, plastikkohver, sond, katsesertifikaat, sondi hoidja, sondi kaabel.<\/p>\n<h3>Tehniline teave:<\/h3>\n<ul>\n<li><a href=\"https:\/\/axiomams.eu\/importer\/export\/attachments\/en\/qnix-9500.pdf\" target=\"_blank\">QNix 9500.pdf<\/a><\/li>\n<\/ul>\n","protected":false},"excerpt":{"rendered":"<p>QNix 9500 kattepaksuse m\u00f5\u00f5tur pakub t\u00e4pseid m\u00f5\u00f5tmisi suure korratavusega ning on vastupidav IP65 tolmu- ja pritsmekindlusega. Omaduste hulka kuuluvad ergonoomiline disain koos heleda, kriimustuskindla LCD-ekraaniga, modulaarsed sondid paindlikkuse tagamiseks ning lihtne ja intuitiivne kasutamine. Seade toetab ka lihtsat kalibreerimist, sondide vahetamist ja sisaldab tarkvara t\u00f5husaks aruandluseks. See sobib ideaalselt kasutamiseks n\u00f5udlikes keskkondades, tagades t\u00e4psed ja&#8230;<\/p>\n","protected":false},"featured_media":41547,"comment_status":"open","ping_status":"closed","template":"","meta":{"_acf_changed":false},"product_brand":[7405],"product_cat":[17814],"product_tag":[],"class_list":{"0":"post-40020","1":"product","2":"type-product","3":"status-publish","4":"has-post-thumbnail","6":"product_brand-qnix","7":"product_cat-katte-ja-seina-paksuse-mootmiseks","9":"first","10":"instock","11":"taxable","12":"shipping-taxable","13":"product-type-simple"},"acf":[],"yoast_head":"<!-- This site is optimized with the Yoast SEO plugin v27.0 - https:\/\/yoast.com\/product\/yoast-seo-wordpress\/ -->\n<title>Qnix 9500 Premium+ katte paksuse m\u00f5\u00f5tur - AXIOMA MS<\/title>\n<meta name=\"robots\" content=\"index, follow, max-snippet:-1, max-image-preview:large, max-video-preview:-1\" \/>\n<link rel=\"canonical\" href=\"https:\/\/www.axiomams.eu\/et\/produktas\/qnix-9500-premium-katte-paksuse-mootur\" \/>\n<meta property=\"og:locale\" content=\"et_EE\" \/>\n<meta property=\"og:type\" content=\"article\" \/>\n<meta property=\"og:title\" content=\"Qnix 9500 Premium+ katte paksuse m\u00f5\u00f5tur - AXIOMA MS\" \/>\n<meta property=\"og:description\" content=\"QNix 9500 kattepaksuse m\u00f5\u00f5tur pakub t\u00e4pseid m\u00f5\u00f5tmisi suure korratavusega ning on vastupidav IP65 tolmu- ja pritsmekindlusega. Omaduste hulka kuuluvad ergonoomiline disain koos heleda, kriimustuskindla LCD-ekraaniga, modulaarsed sondid paindlikkuse tagamiseks ning lihtne ja intuitiivne kasutamine. Seade toetab ka lihtsat kalibreerimist, sondide vahetamist ja sisaldab tarkvara t\u00f5husaks aruandluseks. See sobib ideaalselt kasutamiseks n\u00f5udlikes keskkondades, tagades t\u00e4psed ja...\" \/>\n<meta property=\"og:url\" content=\"https:\/\/www.axiomams.eu\/et\/produktas\/qnix-9500-premium-katte-paksuse-mootur\" \/>\n<meta property=\"og:site_name\" content=\"AXIOMA MS\" \/>\n<meta property=\"article:publisher\" content=\"https:\/\/www.facebook.com\/AxiomaMS\" \/>\n<meta property=\"article:modified_time\" content=\"2026-02-02T12:29:18+00:00\" \/>\n<meta property=\"og:image\" content=\"https:\/\/www.axiomams.eu\/wp-content\/uploads\/2025\/08\/4594-6158.png\" \/>\n\t<meta property=\"og:image:width\" content=\"1020\" \/>\n\t<meta property=\"og:image:height\" content=\"1020\" \/>\n\t<meta property=\"og:image:type\" content=\"image\/png\" \/>\n<meta name=\"twitter:card\" content=\"summary_large_image\" \/>\n<script type=\"application\/ld+json\" class=\"yoast-schema-graph\">{\"@context\":\"https:\/\/schema.org\",\"@graph\":[{\"@type\":\"WebPage\",\"@id\":\"https:\/\/www.axiomams.eu\/et\/produktas\/qnix-9500-premium-katte-paksuse-mootur\",\"url\":\"https:\/\/www.axiomams.eu\/et\/produktas\/qnix-9500-premium-katte-paksuse-mootur\",\"name\":\"Qnix 9500 Premium+ katte paksuse m\u00f5\u00f5tur - AXIOMA MS\",\"isPartOf\":{\"@id\":\"https:\/\/www.axiomams.eu\/et#website\"},\"primaryImageOfPage\":{\"@id\":\"https:\/\/www.axiomams.eu\/et\/produktas\/qnix-9500-premium-katte-paksuse-mootur#primaryimage\"},\"image\":{\"@id\":\"https:\/\/www.axiomams.eu\/et\/produktas\/qnix-9500-premium-katte-paksuse-mootur#primaryimage\"},\"thumbnailUrl\":\"https:\/\/www.axiomams.eu\/wp-content\/uploads\/2025\/08\/4594-6158.png\",\"datePublished\":\"2025-05-15T15:56:16+00:00\",\"dateModified\":\"2026-02-02T12:29:18+00:00\",\"breadcrumb\":{\"@id\":\"https:\/\/www.axiomams.eu\/et\/produktas\/qnix-9500-premium-katte-paksuse-mootur#breadcrumb\"},\"inLanguage\":\"et\",\"potentialAction\":[{\"@type\":\"ReadAction\",\"target\":[\"https:\/\/www.axiomams.eu\/et\/produktas\/qnix-9500-premium-katte-paksuse-mootur\"]}]},{\"@type\":\"ImageObject\",\"inLanguage\":\"et\",\"@id\":\"https:\/\/www.axiomams.eu\/et\/produktas\/qnix-9500-premium-katte-paksuse-mootur#primaryimage\",\"url\":\"https:\/\/www.axiomams.eu\/wp-content\/uploads\/2025\/08\/4594-6158.png\",\"contentUrl\":\"https:\/\/www.axiomams.eu\/wp-content\/uploads\/2025\/08\/4594-6158.png\",\"width\":1020,\"height\":1020},{\"@type\":\"BreadcrumbList\",\"@id\":\"https:\/\/www.axiomams.eu\/et\/produktas\/qnix-9500-premium-katte-paksuse-mootur#breadcrumb\",\"itemListElement\":[{\"@type\":\"ListItem\",\"position\":1,\"name\":\"Home\",\"item\":\"https:\/\/www.axiomams.eu\/et\"},{\"@type\":\"ListItem\",\"position\":2,\"name\":\"Tooted\",\"item\":\"https:\/\/www.axiomams.eu\/et\/tooted\"},{\"@type\":\"ListItem\",\"position\":3,\"name\":\"Qnix 9500 Premium+ katte paksuse m\u00f5\u00f5tur\"}]},{\"@type\":\"WebSite\",\"@id\":\"https:\/\/www.axiomams.eu\/et#website\",\"url\":\"https:\/\/www.axiomams.eu\/et\",\"name\":\"AXIOMA MS\",\"description\":\"Terrmovizoriai ir matavimo \u012franga\",\"publisher\":{\"@id\":\"https:\/\/www.axiomams.eu\/et#organization\"},\"potentialAction\":[{\"@type\":\"SearchAction\",\"target\":{\"@type\":\"EntryPoint\",\"urlTemplate\":\"https:\/\/www.axiomams.eu\/et?s={search_term_string}\"},\"query-input\":{\"@type\":\"PropertyValueSpecification\",\"valueRequired\":true,\"valueName\":\"search_term_string\"}}],\"inLanguage\":\"et\"},{\"@type\":\"Organization\",\"@id\":\"https:\/\/www.axiomams.eu\/et#organization\",\"name\":\"AXIOMA MS\",\"url\":\"https:\/\/www.axiomams.eu\/et\",\"logo\":{\"@type\":\"ImageObject\",\"inLanguage\":\"et\",\"@id\":\"https:\/\/www.axiomams.eu\/et#\/schema\/logo\/image\/\",\"url\":\"https:\/\/www.axiomams.eu\/wp-content\/uploads\/2025\/06\/axioma-logo-2.png\",\"contentUrl\":\"https:\/\/www.axiomams.eu\/wp-content\/uploads\/2025\/06\/axioma-logo-2.png\",\"width\":1200,\"height\":1200,\"caption\":\"AXIOMA MS\"},\"image\":{\"@id\":\"https:\/\/www.axiomams.eu\/et#\/schema\/logo\/image\/\"},\"sameAs\":[\"https:\/\/www.facebook.com\/AxiomaMS\",\"https:\/\/www.linkedin.com\/company\/axiomams\/\"]}]}<\/script>\n<!-- \/ Yoast SEO plugin. -->","yoast_head_json":{"title":"Qnix 9500 Premium+ katte paksuse m\u00f5\u00f5tur - AXIOMA MS","robots":{"index":"index","follow":"follow","max-snippet":"max-snippet:-1","max-image-preview":"max-image-preview:large","max-video-preview":"max-video-preview:-1"},"canonical":"https:\/\/www.axiomams.eu\/et\/produktas\/qnix-9500-premium-katte-paksuse-mootur","og_locale":"et_EE","og_type":"article","og_title":"Qnix 9500 Premium+ katte paksuse m\u00f5\u00f5tur - AXIOMA MS","og_description":"QNix 9500 kattepaksuse m\u00f5\u00f5tur pakub t\u00e4pseid m\u00f5\u00f5tmisi suure korratavusega ning on vastupidav IP65 tolmu- ja pritsmekindlusega. Omaduste hulka kuuluvad ergonoomiline disain koos heleda, kriimustuskindla LCD-ekraaniga, modulaarsed sondid paindlikkuse tagamiseks ning lihtne ja intuitiivne kasutamine. Seade toetab ka lihtsat kalibreerimist, sondide vahetamist ja sisaldab tarkvara t\u00f5husaks aruandluseks. See sobib ideaalselt kasutamiseks n\u00f5udlikes keskkondades, tagades t\u00e4psed ja...","og_url":"https:\/\/www.axiomams.eu\/et\/produktas\/qnix-9500-premium-katte-paksuse-mootur","og_site_name":"AXIOMA MS","article_publisher":"https:\/\/www.facebook.com\/AxiomaMS","article_modified_time":"2026-02-02T12:29:18+00:00","og_image":[{"width":1020,"height":1020,"url":"https:\/\/www.axiomams.eu\/wp-content\/uploads\/2025\/08\/4594-6158.png","type":"image\/png"}],"twitter_card":"summary_large_image","schema":{"@context":"https:\/\/schema.org","@graph":[{"@type":"WebPage","@id":"https:\/\/www.axiomams.eu\/et\/produktas\/qnix-9500-premium-katte-paksuse-mootur","url":"https:\/\/www.axiomams.eu\/et\/produktas\/qnix-9500-premium-katte-paksuse-mootur","name":"Qnix 9500 Premium+ katte paksuse m\u00f5\u00f5tur - AXIOMA MS","isPartOf":{"@id":"https:\/\/www.axiomams.eu\/et#website"},"primaryImageOfPage":{"@id":"https:\/\/www.axiomams.eu\/et\/produktas\/qnix-9500-premium-katte-paksuse-mootur#primaryimage"},"image":{"@id":"https:\/\/www.axiomams.eu\/et\/produktas\/qnix-9500-premium-katte-paksuse-mootur#primaryimage"},"thumbnailUrl":"https:\/\/www.axiomams.eu\/wp-content\/uploads\/2025\/08\/4594-6158.png","datePublished":"2025-05-15T15:56:16+00:00","dateModified":"2026-02-02T12:29:18+00:00","breadcrumb":{"@id":"https:\/\/www.axiomams.eu\/et\/produktas\/qnix-9500-premium-katte-paksuse-mootur#breadcrumb"},"inLanguage":"et","potentialAction":[{"@type":"ReadAction","target":["https:\/\/www.axiomams.eu\/et\/produktas\/qnix-9500-premium-katte-paksuse-mootur"]}]},{"@type":"ImageObject","inLanguage":"et","@id":"https:\/\/www.axiomams.eu\/et\/produktas\/qnix-9500-premium-katte-paksuse-mootur#primaryimage","url":"https:\/\/www.axiomams.eu\/wp-content\/uploads\/2025\/08\/4594-6158.png","contentUrl":"https:\/\/www.axiomams.eu\/wp-content\/uploads\/2025\/08\/4594-6158.png","width":1020,"height":1020},{"@type":"BreadcrumbList","@id":"https:\/\/www.axiomams.eu\/et\/produktas\/qnix-9500-premium-katte-paksuse-mootur#breadcrumb","itemListElement":[{"@type":"ListItem","position":1,"name":"Home","item":"https:\/\/www.axiomams.eu\/et"},{"@type":"ListItem","position":2,"name":"Tooted","item":"https:\/\/www.axiomams.eu\/et\/tooted"},{"@type":"ListItem","position":3,"name":"Qnix 9500 Premium+ katte paksuse m\u00f5\u00f5tur"}]},{"@type":"WebSite","@id":"https:\/\/www.axiomams.eu\/et#website","url":"https:\/\/www.axiomams.eu\/et","name":"AXIOMA MS","description":"Terrmovizoriai ir matavimo \u012franga","publisher":{"@id":"https:\/\/www.axiomams.eu\/et#organization"},"potentialAction":[{"@type":"SearchAction","target":{"@type":"EntryPoint","urlTemplate":"https:\/\/www.axiomams.eu\/et?s={search_term_string}"},"query-input":{"@type":"PropertyValueSpecification","valueRequired":true,"valueName":"search_term_string"}}],"inLanguage":"et"},{"@type":"Organization","@id":"https:\/\/www.axiomams.eu\/et#organization","name":"AXIOMA MS","url":"https:\/\/www.axiomams.eu\/et","logo":{"@type":"ImageObject","inLanguage":"et","@id":"https:\/\/www.axiomams.eu\/et#\/schema\/logo\/image\/","url":"https:\/\/www.axiomams.eu\/wp-content\/uploads\/2025\/06\/axioma-logo-2.png","contentUrl":"https:\/\/www.axiomams.eu\/wp-content\/uploads\/2025\/06\/axioma-logo-2.png","width":1200,"height":1200,"caption":"AXIOMA MS"},"image":{"@id":"https:\/\/www.axiomams.eu\/et#\/schema\/logo\/image\/"},"sameAs":["https:\/\/www.facebook.com\/AxiomaMS","https:\/\/www.linkedin.com\/company\/axiomams\/"]}]}},"_links":{"self":[{"href":"https:\/\/www.axiomams.eu\/et\/wp-json\/wp\/v2\/product\/40020","targetHints":{"allow":["GET"]}}],"collection":[{"href":"https:\/\/www.axiomams.eu\/et\/wp-json\/wp\/v2\/product"}],"about":[{"href":"https:\/\/www.axiomams.eu\/et\/wp-json\/wp\/v2\/types\/product"}],"replies":[{"embeddable":true,"href":"https:\/\/www.axiomams.eu\/et\/wp-json\/wp\/v2\/comments?post=40020"}],"wp:featuredmedia":[{"embeddable":true,"href":"https:\/\/www.axiomams.eu\/et\/wp-json\/wp\/v2\/media\/41547"}],"wp:attachment":[{"href":"https:\/\/www.axiomams.eu\/et\/wp-json\/wp\/v2\/media?parent=40020"}],"wp:term":[{"taxonomy":"product_brand","embeddable":true,"href":"https:\/\/www.axiomams.eu\/et\/wp-json\/wp\/v2\/product_brand?post=40020"},{"taxonomy":"product_cat","embeddable":true,"href":"https:\/\/www.axiomams.eu\/et\/wp-json\/wp\/v2\/product_cat?post=40020"},{"taxonomy":"product_tag","embeddable":true,"href":"https:\/\/www.axiomams.eu\/et\/wp-json\/wp\/v2\/product_tag?post=40020"}],"curies":[{"name":"wp","href":"https:\/\/api.w.org\/{rel}","templated":true}]}}