{"id":40024,"date":"2025-05-15T17:56:20","date_gmt":"2025-05-15T15:56:20","guid":{"rendered":"https:\/\/www.axiomams.eu\/produktas\/flir-a400-ass-24-infrapunakaamera"},"modified":"2026-02-02T14:29:21","modified_gmt":"2026-02-02T12:29:21","slug":"flir-a400-ass-24-infrapunakaamera","status":"publish","type":"product","link":"https:\/\/www.axiomams.eu\/et\/produktas\/flir-a400-ass-24-infrapunakaamera","title":{"rendered":"Flir A400 ASS\/24 infrapunakaamera"},"content":{"rendered":"<p>Flir A400 ASS, kui see on konfigureeritud Image Streamingiks, pakub automaatikalahenduste pakkujatele ja t\u00f6\u00f6stuslikele sidusr\u00fchmadele v\u00f5imalusi, mida nad vajavad tootmisprotsesside soojusprobleemide t\u00e4pseks tuvastamiseks. T\u00e4nu motoriseeritud fookusjuhtimisele ja kokkusurutud radiomeetrilisele pildi voogedastusele suudavad need automaatikakaamerad lahendada k\u00f5ige keerukamaid kaugseire ja temperatuuri m\u00f5\u00f5tmise eesm\u00e4rke. Optimeerige protsessikontrolli ja parandage kvaliteedi tagamist inline-soojuskontrollide abil v\u00f5i tuvastage ebanormaalsed tingimused enne, kui rike p\u00f5hjustab tootmise seiskamise. Flir A400 ASS v\u00f5ib pakkuda ka varajast avastamist, et reageerida kiiremini v\u00f5imalikele tulekahjudele, aidates v\u00e4hendada vigastusi ja seadmekahjustusi. Flir A400 AS kaamerad pakuvad v\u00f5rratut v\u00f5imsust ja paindlikkust soojusj\u00e4lgimises, et parandada toote kvaliteeti, tootlikkust, hooldust ja ohutust.<\/p>\n<p>Standardkomplekt: Infrapunakaamera 400 Advanced Smart Sensor 24\u00b0 ja WiFi, Ethernet-kaabel M12 RJ45F (0,3 m), tr\u00fckitud dokumentatsioon, objektiiv, esil\u00e4\u00e4tsekate, tagumine l\u00e4\u00e4tsekate.<\/p>\n<h3>Tehniline teave:<\/h3>\n<ul>\n<li><a href=\"https:\/\/axiomams.eu\/importer\/export\/attachments\/en\/flir-a400-smart-sensor.pdf\" target=\"_blank\">FLIR A400 Smart Sensor.pdf<\/a><\/li>\n<\/ul>\n","protected":false},"excerpt":{"rendered":"<p>Flir A400 ASS, kui see on konfigureeritud Image Streamingiks, pakub automaatikalahenduste pakkujatele ja t\u00f6\u00f6stuslikele sidusr\u00fchmadele v\u00f5imalusi, mida nad vajavad tootmisprotsesside soojusprobleemide t\u00e4pseks tuvastamiseks. T\u00e4nu motoriseeritud fookusjuhtimisele ja kokkusurutud radiomeetrilisele pildi voogedastusele suudavad need automaatikakaamerad lahendada k\u00f5ige keerukamaid kaugseire ja temperatuuri m\u00f5\u00f5tmise eesm\u00e4rke. Optimeerige protsessikontrolli ja parandage kvaliteedi tagamist inline-soojuskontrollide abil v\u00f5i tuvastage ebanormaalsed tingimused enne,&#8230;<\/p>\n","protected":false},"featured_media":41555,"comment_status":"open","ping_status":"closed","template":"","meta":{"_acf_changed":false},"product_brand":[734],"product_cat":[17800],"product_tag":[],"class_list":{"0":"post-40024","1":"product","2":"type-product","3":"status-publish","4":"has-post-thumbnail","6":"product_brand-flir","7":"product_cat-automatiseerimine","9":"first","10":"instock","11":"taxable","12":"shipping-taxable","13":"product-type-simple"},"acf":[],"yoast_head":"<!-- This site is optimized with the Yoast SEO plugin v27.0 - https:\/\/yoast.com\/product\/yoast-seo-wordpress\/ -->\n<title>Flir A400 ASS\/24 infrapunakaamera - AXIOMA MS<\/title>\n<meta name=\"robots\" content=\"index, follow, max-snippet:-1, max-image-preview:large, max-video-preview:-1\" \/>\n<link rel=\"canonical\" href=\"https:\/\/www.axiomams.eu\/et\/produktas\/flir-a400-ass-24-infrapunakaamera\" \/>\n<meta property=\"og:locale\" content=\"et_EE\" \/>\n<meta property=\"og:type\" content=\"article\" \/>\n<meta property=\"og:title\" content=\"Flir A400 ASS\/24 infrapunakaamera - AXIOMA MS\" \/>\n<meta property=\"og:description\" content=\"Flir A400 ASS, kui see on konfigureeritud Image Streamingiks, pakub automaatikalahenduste pakkujatele ja t\u00f6\u00f6stuslikele sidusr\u00fchmadele v\u00f5imalusi, mida nad vajavad tootmisprotsesside soojusprobleemide t\u00e4pseks tuvastamiseks. T\u00e4nu motoriseeritud fookusjuhtimisele ja kokkusurutud radiomeetrilisele pildi voogedastusele suudavad need automaatikakaamerad lahendada k\u00f5ige keerukamaid kaugseire ja temperatuuri m\u00f5\u00f5tmise eesm\u00e4rke. Optimeerige protsessikontrolli ja parandage kvaliteedi tagamist inline-soojuskontrollide abil v\u00f5i tuvastage ebanormaalsed tingimused enne,...\" \/>\n<meta property=\"og:url\" content=\"https:\/\/www.axiomams.eu\/et\/produktas\/flir-a400-ass-24-infrapunakaamera\" \/>\n<meta property=\"og:site_name\" content=\"AXIOMA MS\" \/>\n<meta property=\"article:publisher\" content=\"https:\/\/www.facebook.com\/AxiomaMS\" \/>\n<meta property=\"article:modified_time\" content=\"2026-02-02T12:29:21+00:00\" \/>\n<meta property=\"og:image\" content=\"https:\/\/www.axiomams.eu\/wp-content\/uploads\/2025\/07\/2889-3799.jpg\" \/>\n\t<meta property=\"og:image:width\" content=\"1358\" \/>\n\t<meta property=\"og:image:height\" content=\"1020\" \/>\n\t<meta property=\"og:image:type\" content=\"image\/jpeg\" \/>\n<meta name=\"twitter:card\" content=\"summary_large_image\" \/>\n<meta name=\"twitter:label1\" content=\"Est. reading time\" \/>\n\t<meta name=\"twitter:data1\" content=\"1 minut\" \/>\n<script type=\"application\/ld+json\" class=\"yoast-schema-graph\">{\"@context\":\"https:\/\/schema.org\",\"@graph\":[{\"@type\":\"WebPage\",\"@id\":\"https:\/\/www.axiomams.eu\/et\/produktas\/flir-a400-ass-24-infrapunakaamera\",\"url\":\"https:\/\/www.axiomams.eu\/et\/produktas\/flir-a400-ass-24-infrapunakaamera\",\"name\":\"Flir A400 ASS\/24 infrapunakaamera - AXIOMA MS\",\"isPartOf\":{\"@id\":\"https:\/\/www.axiomams.eu\/et#website\"},\"primaryImageOfPage\":{\"@id\":\"https:\/\/www.axiomams.eu\/et\/produktas\/flir-a400-ass-24-infrapunakaamera#primaryimage\"},\"image\":{\"@id\":\"https:\/\/www.axiomams.eu\/et\/produktas\/flir-a400-ass-24-infrapunakaamera#primaryimage\"},\"thumbnailUrl\":\"https:\/\/www.axiomams.eu\/wp-content\/uploads\/2025\/07\/2889-3799.jpg\",\"datePublished\":\"2025-05-15T15:56:20+00:00\",\"dateModified\":\"2026-02-02T12:29:21+00:00\",\"breadcrumb\":{\"@id\":\"https:\/\/www.axiomams.eu\/et\/produktas\/flir-a400-ass-24-infrapunakaamera#breadcrumb\"},\"inLanguage\":\"et\",\"potentialAction\":[{\"@type\":\"ReadAction\",\"target\":[\"https:\/\/www.axiomams.eu\/et\/produktas\/flir-a400-ass-24-infrapunakaamera\"]}]},{\"@type\":\"ImageObject\",\"inLanguage\":\"et\",\"@id\":\"https:\/\/www.axiomams.eu\/et\/produktas\/flir-a400-ass-24-infrapunakaamera#primaryimage\",\"url\":\"https:\/\/www.axiomams.eu\/wp-content\/uploads\/2025\/07\/2889-3799.jpg\",\"contentUrl\":\"https:\/\/www.axiomams.eu\/wp-content\/uploads\/2025\/07\/2889-3799.jpg\",\"width\":1358,\"height\":1020},{\"@type\":\"BreadcrumbList\",\"@id\":\"https:\/\/www.axiomams.eu\/et\/produktas\/flir-a400-ass-24-infrapunakaamera#breadcrumb\",\"itemListElement\":[{\"@type\":\"ListItem\",\"position\":1,\"name\":\"Home\",\"item\":\"https:\/\/www.axiomams.eu\/et\"},{\"@type\":\"ListItem\",\"position\":2,\"name\":\"Tooted\",\"item\":\"https:\/\/www.axiomams.eu\/et\/tooted\"},{\"@type\":\"ListItem\",\"position\":3,\"name\":\"Flir A400 ASS\/24 infrapunakaamera\"}]},{\"@type\":\"WebSite\",\"@id\":\"https:\/\/www.axiomams.eu\/et#website\",\"url\":\"https:\/\/www.axiomams.eu\/et\",\"name\":\"AXIOMA MS\",\"description\":\"Terrmovizoriai ir matavimo \u012franga\",\"publisher\":{\"@id\":\"https:\/\/www.axiomams.eu\/et#organization\"},\"potentialAction\":[{\"@type\":\"SearchAction\",\"target\":{\"@type\":\"EntryPoint\",\"urlTemplate\":\"https:\/\/www.axiomams.eu\/et?s={search_term_string}\"},\"query-input\":{\"@type\":\"PropertyValueSpecification\",\"valueRequired\":true,\"valueName\":\"search_term_string\"}}],\"inLanguage\":\"et\"},{\"@type\":\"Organization\",\"@id\":\"https:\/\/www.axiomams.eu\/et#organization\",\"name\":\"AXIOMA MS\",\"url\":\"https:\/\/www.axiomams.eu\/et\",\"logo\":{\"@type\":\"ImageObject\",\"inLanguage\":\"et\",\"@id\":\"https:\/\/www.axiomams.eu\/et#\/schema\/logo\/image\/\",\"url\":\"https:\/\/www.axiomams.eu\/wp-content\/uploads\/2025\/06\/axioma-logo-2.png\",\"contentUrl\":\"https:\/\/www.axiomams.eu\/wp-content\/uploads\/2025\/06\/axioma-logo-2.png\",\"width\":1200,\"height\":1200,\"caption\":\"AXIOMA MS\"},\"image\":{\"@id\":\"https:\/\/www.axiomams.eu\/et#\/schema\/logo\/image\/\"},\"sameAs\":[\"https:\/\/www.facebook.com\/AxiomaMS\",\"https:\/\/www.linkedin.com\/company\/axiomams\/\"]}]}<\/script>\n<!-- \/ Yoast SEO plugin. -->","yoast_head_json":{"title":"Flir A400 ASS\/24 infrapunakaamera - AXIOMA MS","robots":{"index":"index","follow":"follow","max-snippet":"max-snippet:-1","max-image-preview":"max-image-preview:large","max-video-preview":"max-video-preview:-1"},"canonical":"https:\/\/www.axiomams.eu\/et\/produktas\/flir-a400-ass-24-infrapunakaamera","og_locale":"et_EE","og_type":"article","og_title":"Flir A400 ASS\/24 infrapunakaamera - AXIOMA MS","og_description":"Flir A400 ASS, kui see on konfigureeritud Image Streamingiks, pakub automaatikalahenduste pakkujatele ja t\u00f6\u00f6stuslikele sidusr\u00fchmadele v\u00f5imalusi, mida nad vajavad tootmisprotsesside soojusprobleemide t\u00e4pseks tuvastamiseks. T\u00e4nu motoriseeritud fookusjuhtimisele ja kokkusurutud radiomeetrilisele pildi voogedastusele suudavad need automaatikakaamerad lahendada k\u00f5ige keerukamaid kaugseire ja temperatuuri m\u00f5\u00f5tmise eesm\u00e4rke. Optimeerige protsessikontrolli ja parandage kvaliteedi tagamist inline-soojuskontrollide abil v\u00f5i tuvastage ebanormaalsed tingimused enne,...","og_url":"https:\/\/www.axiomams.eu\/et\/produktas\/flir-a400-ass-24-infrapunakaamera","og_site_name":"AXIOMA MS","article_publisher":"https:\/\/www.facebook.com\/AxiomaMS","article_modified_time":"2026-02-02T12:29:21+00:00","og_image":[{"width":1358,"height":1020,"url":"https:\/\/www.axiomams.eu\/wp-content\/uploads\/2025\/07\/2889-3799.jpg","type":"image\/jpeg"}],"twitter_card":"summary_large_image","twitter_misc":{"Est. reading time":"1 minut"},"schema":{"@context":"https:\/\/schema.org","@graph":[{"@type":"WebPage","@id":"https:\/\/www.axiomams.eu\/et\/produktas\/flir-a400-ass-24-infrapunakaamera","url":"https:\/\/www.axiomams.eu\/et\/produktas\/flir-a400-ass-24-infrapunakaamera","name":"Flir A400 ASS\/24 infrapunakaamera - AXIOMA MS","isPartOf":{"@id":"https:\/\/www.axiomams.eu\/et#website"},"primaryImageOfPage":{"@id":"https:\/\/www.axiomams.eu\/et\/produktas\/flir-a400-ass-24-infrapunakaamera#primaryimage"},"image":{"@id":"https:\/\/www.axiomams.eu\/et\/produktas\/flir-a400-ass-24-infrapunakaamera#primaryimage"},"thumbnailUrl":"https:\/\/www.axiomams.eu\/wp-content\/uploads\/2025\/07\/2889-3799.jpg","datePublished":"2025-05-15T15:56:20+00:00","dateModified":"2026-02-02T12:29:21+00:00","breadcrumb":{"@id":"https:\/\/www.axiomams.eu\/et\/produktas\/flir-a400-ass-24-infrapunakaamera#breadcrumb"},"inLanguage":"et","potentialAction":[{"@type":"ReadAction","target":["https:\/\/www.axiomams.eu\/et\/produktas\/flir-a400-ass-24-infrapunakaamera"]}]},{"@type":"ImageObject","inLanguage":"et","@id":"https:\/\/www.axiomams.eu\/et\/produktas\/flir-a400-ass-24-infrapunakaamera#primaryimage","url":"https:\/\/www.axiomams.eu\/wp-content\/uploads\/2025\/07\/2889-3799.jpg","contentUrl":"https:\/\/www.axiomams.eu\/wp-content\/uploads\/2025\/07\/2889-3799.jpg","width":1358,"height":1020},{"@type":"BreadcrumbList","@id":"https:\/\/www.axiomams.eu\/et\/produktas\/flir-a400-ass-24-infrapunakaamera#breadcrumb","itemListElement":[{"@type":"ListItem","position":1,"name":"Home","item":"https:\/\/www.axiomams.eu\/et"},{"@type":"ListItem","position":2,"name":"Tooted","item":"https:\/\/www.axiomams.eu\/et\/tooted"},{"@type":"ListItem","position":3,"name":"Flir A400 ASS\/24 infrapunakaamera"}]},{"@type":"WebSite","@id":"https:\/\/www.axiomams.eu\/et#website","url":"https:\/\/www.axiomams.eu\/et","name":"AXIOMA MS","description":"Terrmovizoriai ir matavimo \u012franga","publisher":{"@id":"https:\/\/www.axiomams.eu\/et#organization"},"potentialAction":[{"@type":"SearchAction","target":{"@type":"EntryPoint","urlTemplate":"https:\/\/www.axiomams.eu\/et?s={search_term_string}"},"query-input":{"@type":"PropertyValueSpecification","valueRequired":true,"valueName":"search_term_string"}}],"inLanguage":"et"},{"@type":"Organization","@id":"https:\/\/www.axiomams.eu\/et#organization","name":"AXIOMA MS","url":"https:\/\/www.axiomams.eu\/et","logo":{"@type":"ImageObject","inLanguage":"et","@id":"https:\/\/www.axiomams.eu\/et#\/schema\/logo\/image\/","url":"https:\/\/www.axiomams.eu\/wp-content\/uploads\/2025\/06\/axioma-logo-2.png","contentUrl":"https:\/\/www.axiomams.eu\/wp-content\/uploads\/2025\/06\/axioma-logo-2.png","width":1200,"height":1200,"caption":"AXIOMA MS"},"image":{"@id":"https:\/\/www.axiomams.eu\/et#\/schema\/logo\/image\/"},"sameAs":["https:\/\/www.facebook.com\/AxiomaMS","https:\/\/www.linkedin.com\/company\/axiomams\/"]}]}},"_links":{"self":[{"href":"https:\/\/www.axiomams.eu\/et\/wp-json\/wp\/v2\/product\/40024","targetHints":{"allow":["GET"]}}],"collection":[{"href":"https:\/\/www.axiomams.eu\/et\/wp-json\/wp\/v2\/product"}],"about":[{"href":"https:\/\/www.axiomams.eu\/et\/wp-json\/wp\/v2\/types\/product"}],"replies":[{"embeddable":true,"href":"https:\/\/www.axiomams.eu\/et\/wp-json\/wp\/v2\/comments?post=40024"}],"wp:featuredmedia":[{"embeddable":true,"href":"https:\/\/www.axiomams.eu\/et\/wp-json\/wp\/v2\/media\/41555"}],"wp:attachment":[{"href":"https:\/\/www.axiomams.eu\/et\/wp-json\/wp\/v2\/media?parent=40024"}],"wp:term":[{"taxonomy":"product_brand","embeddable":true,"href":"https:\/\/www.axiomams.eu\/et\/wp-json\/wp\/v2\/product_brand?post=40024"},{"taxonomy":"product_cat","embeddable":true,"href":"https:\/\/www.axiomams.eu\/et\/wp-json\/wp\/v2\/product_cat?post=40024"},{"taxonomy":"product_tag","embeddable":true,"href":"https:\/\/www.axiomams.eu\/et\/wp-json\/wp\/v2\/product_tag?post=40024"}],"curies":[{"name":"wp","href":"https:\/\/api.w.org\/{rel}","templated":true}]}}